{"id":64967,"date":"2025-09-22T15:38:35","date_gmt":"2025-09-22T12:38:35","guid":{"rendered":"https:\/\/kidsplay.lt\/?post_type=product&#038;p=64967"},"modified":"2026-02-23T10:22:38","modified_gmt":"2026-02-23T08:22:38","slug":"eko-odines-pirstines-vezimeliams-rogutems","status":"publish","type":"product","link":"https:\/\/kidsplay.lt\/lv\/products\/eko-odines-pirstines-vezimeliams-rogutems\/","title":{"rendered":"EKO ODIN\u0116S PIR\u0160TIN\u0116S VE\u017dIM\u0116LIAMS\/ROGUT\u0116MS"},"content":{"rendered":"<div class=\"mpof_ki myre_zn myre_8v_l m389_6m_l\">\n<div class=\"mp4t_16_s mryx_16_s mr3m_1 mli2_1 mh85_56 mh85_0_l\">\n<div class=\"mg9e_8 mj7a_8 mg9e_0_s mvrt_0_s mj7a_0_s mh36_0_s mzmg_6m munh_16_l m3h2_16_l\">\n<div class=\"mp4t_0 mryx_0 munh_56 m3h2_56\">\n<div class=\"mp7g_oh\"><button class=\"mg9e_0 mvrt_0 mj7a_0 mh36_0 mp4t_0 m3h2_0 mryx_0 munh_0 mqen_m6 mpof_z0 mx7m_0 m7er_k4 mse2_k4 msts_pt\" data-analytics-interaction=\"true\" data-analytics-interaction-label=\"zoomable-image-open\" aria-disabled=\"true\"><img decoding=\"async\" class=\"msub_k4 mupj_5k mjru_k4 mse2_k4 mp7g_f6 mq1m_0 mj7u_0 m7er_k4 mqen_m6 m31c_d8 m0ux_fp lazyloaded\" src=\"https:\/\/a.allegroimg.com\/original\/11fd5e\/2cb6bf7e418b8604c5e37df672ae\/MUFKI-Z-EKO-SKORY-rekawiczki-na-WOZEK-SANKI-Rodzaj-inny\" sizes=\"(min-width: 1200px) 560px, (min-width: 992px) 50vw, 100vw\" srcset=\"https:\/\/a.allegroimg.com\/s360\/11fd5e\/2cb6bf7e418b8604c5e37df672ae\/MUFKI-Z-EKO-SKORY-rekawiczki-na-WOZEK-SANKI-Rodzaj-inny 350w,https:\/\/a.allegroimg.com\/original\/11fd5e\/2cb6bf7e418b8604c5e37df672ae\/MUFKI-Z-EKO-SKORY-rekawiczki-na-WOZEK-SANKI-Rodzaj-inny 350w\" alt=\"EKO ODIN\u0116S PIR\u0160TIN\u0116S VE\u017dIM\u0116LIAMS IR ROGAMS Kito tipo\" width=\"350px\" data-srcset=\"\" \/><\/button><\/div>\n<\/div>\n<\/div>\n<\/div>\n<div class=\"mp4t_16_s mryx_16_s mr3m_1 mli2_1 mh85_56 mh85_0_l\">\n<div class=\"mgn2_16 _0d3bd_am0a-\">\n<h2><span dir=\"auto\">Movos \u2013 \u0161iltos, storos ir nepakei\u010diamos apsaugin\u0117s pir\u0161tin\u0117s rankoms rudens ir \u017eiemos dienomis.<\/span><\/h2>\n<p><span dir=\"auto\">Moteri\u0161kos movos pagamintos i\u0161\u00a0<\/span><b><span dir=\"auto\">vandeniui atsparios eko odos<\/span><\/b><span dir=\"auto\">\u00a0ir\u00a0turi malon\u0173 bei \u0161ilt\u0105\u00a0<b>pliu\u0161\u0105\u00a0<\/b><\/span><b><span dir=\"auto\">viduje<\/span><\/b><span dir=\"auto\">\u00a0.<\/span><b><\/b><\/p>\n<p><b><span dir=\"auto\">Muffai tinka:<\/span><\/b><\/p>\n<ul>\n<li><span dir=\"auto\">gil\u016bs ve\u017eim\u0117liai, gondolos.<\/span><\/li>\n<li><span dir=\"auto\">ve\u017eim\u0117liai<\/span><\/li>\n<li><span dir=\"auto\">rog\u0117s<\/span><\/li>\n<\/ul>\n<p><b><span dir=\"auto\">LENK\u0172<\/span><\/b><span dir=\"auto\">\u00a0\u201emio bebe\u201c prek\u0117s \u017eenklo produktas.<\/span><\/p>\n<\/div>\n<\/div>\n<\/div>\n<div class=\"mpof_ki myre_zn myre_8v_l m389_6m_l\">\n<div class=\"mp4t_16_s mryx_16_s mr3m_1 mli2_1 mh85_56 mh85_0_l\">\n<div class=\"mg9e_8 mj7a_8 mg9e_0_s mvrt_0_s mj7a_0_s mh36_0_s mzmg_6m munh_16_l m3h2_16_l\">\n<div class=\"mp4t_0 mryx_0 munh_56 m3h2_56\">\n<div class=\"mp7g_oh\"><button class=\"mg9e_0 mvrt_0 mj7a_0 mh36_0 mp4t_0 m3h2_0 mryx_0 munh_0 mqen_m6 mpof_z0 mx7m_0 m7er_k4 mse2_k4 msts_pt\" data-analytics-interaction=\"true\" data-analytics-interaction-label=\"zoomable-image-open\" aria-disabled=\"true\"><img decoding=\"async\" class=\"msub_k4 mupj_5k mjru_k4 mse2_k4 mp7g_f6 mq1m_0 mj7u_0 m7er_k4 mqen_m6 m31c_d8 m0ux_fp lazyloaded\" src=\"https:\/\/a.allegroimg.com\/original\/1116ed\/ee8ea2964e3caa186c33d903c4b3\/MUFKI-Z-EKO-SKORY-rekawiczki-na-WOZEK-SANKI-Marka-Mio-Bebe\" sizes=\"100vw\" srcset=\"https:\/\/a.allegroimg.com\/s360\/1116ed\/ee8ea2964e3caa186c33d903c4b3\/MUFKI-Z-EKO-SKORY-rekawiczki-na-WOZEK-SANKI-Marka-Mio-Bebe 360w,https:\/\/a.allegroimg.com\/s720\/1116ed\/ee8ea2964e3caa186c33d903c4b3\/MUFKI-Z-EKO-SKORY-rekawiczki-na-WOZEK-SANKI-Marka-Mio-Bebe 720w,https:\/\/a.allegroimg.com\/s1024\/1116ed\/ee8ea2964e3caa186c33d903c4b3\/MUFKI-Z-EKO-SKORY-rekawiczki-na-WOZEK-SANKI-Marka-Mio-Bebe 1024w,https:\/\/a.allegroimg.com\/s1440\/1116ed\/ee8ea2964e3caa186c33d903c4b3\/MUFKI-Z-EKO-SKORY-rekawiczki-na-WOZEK-SANKI-Marka-Mio-Bebe 1440w,https:\/\/a.allegroimg.com\/original\/1116ed\/ee8ea2964e3caa186c33d903c4b3\/MUFKI-Z-EKO-SKORY-rekawiczki-na-WOZEK-SANKI-Marka-Mio-Bebe 1684w\" alt=\"EKO ODIN\u0116S PIR\u0160TIN\u0116S ROGAMS VE\u017dIM\u0116LIUI \u201eMio Bebe\u201c prek\u0117s \u017eenklo\" width=\"1684px\" data-srcset=\"\" \/><\/button><\/div>\n<\/div>\n<\/div>\n<\/div>\n<\/div>\n<div class=\"mpof_ki myre_zn myre_8v_l m389_6m_l\">\n<div class=\"mp4t_16_s mryx_16_s mr3m_1 mli2_1 mh85_56 mh85_0_l\">\n<div class=\"mgn2_16 _0d3bd_am0a-\">\n<p><span dir=\"auto\">Movos &#8211; pir\u0161tin\u0117s, pagamintos i\u0161\u00a0<\/span><b><span dir=\"auto\">EKO ODOS,<\/span><\/b><span dir=\"auto\">\u00a0o viduje yra pliu\u0161o u\u017epildas.<\/span><\/p>\n<p><span dir=\"auto\">Kr\u016bvamol\u0117s tinka visiems ve\u017eim\u0117liams, lop\u0161in\u0117ms ir rogut\u0117ms.<\/span><\/p>\n<p><b><span dir=\"auto\">Apsaugin\u0117s movos n\u0117ra sujungtos viena su kita<\/span><\/b><span dir=\"auto\">\u00a0. Poroje kiekviena dalis yra nepriklausoma viena nuo kitos. Tai didelis privalumas, nes jos nevar\u017eo rank\u0173 judesi\u0173 ant ve\u017eim\u0117lio ar rogu\u010di\u0173 ranken\u0173, tod\u0117l vairavimas yra labai patogus.<\/span><\/p>\n<p><span dir=\"auto\">Visas komplektas pagamintas i\u0161 auk\u0161\u010diausios kokyb\u0117s sertifikuot\u0173, vaikams saugi\u0173 audini\u0173.<\/span><\/p>\n<p><span dir=\"auto\">Movas labai lengva sumontuoti.\u00a0<\/span><b><span dir=\"auto\">Jos tvirtinamos kruop\u0161\u010diai i\u0161d\u0117stytomis spaud\u0117mis<\/span><\/b><span dir=\"auto\">\u00a0.<\/span><\/p>\n<p><b><span dir=\"auto\">\u0160ios movos yra universalaus dyd\u017eio<\/span><\/b><span dir=\"auto\">\u00a0, viduje yra daug vietos rankoms \u2013 net ir vyri\u0161koms. Did\u017eiausias j\u0173 privalumas ir tai, kas jas i\u0161skiria i\u0161 konkurent\u0173, yra\u00a0<\/span><b><span dir=\"auto\">elastinga rankogali\u0173 juosta<\/span><\/b><span dir=\"auto\">\u00a0. Tai u\u017etikrina puik\u0173 prigludim\u0105, tod\u0117l jums niekada nebereik\u0117s k\u0119sti \u017evarbaus v\u0117jo, \u0161alinan\u010dio rankas! \u0160ios movos yra puiki alternatyva tradicin\u0117ms pir\u0161tin\u0117ms \u0161altomis dienomis, \u0161ildan\u010dios su\u0161alusias t\u0117v\u0173, stumian\u010di\u0173 ve\u017eim\u0117l\u012f ar rogutes su savo ma\u017eyliu, rankas.<\/span><\/p>\n<\/div>\n<\/div>\n<\/div>\n<div class=\"mpof_ki myre_zn myre_8v_l m389_6m_l\">\n<div class=\"mp4t_16_s mryx_16_s mr3m_1 mli2_1 mh85_56 mh85_0_l\">\n<div class=\"mg9e_8 mj7a_8 mg9e_0_s mvrt_0_s mj7a_0_s mh36_0_s mzmg_6m munh_16_l m3h2_16_l\">\n<div class=\"mp4t_0 mryx_0 munh_56 m3h2_56\">\n<div class=\"mp7g_oh\"><button class=\"mg9e_0 mvrt_0 mj7a_0 mh36_0 mp4t_0 m3h2_0 mryx_0 munh_0 mqen_m6 mpof_z0 mx7m_0 m7er_k4 mse2_k4 msts_pt\" data-analytics-interaction=\"true\" data-analytics-interaction-label=\"zoomable-image-open\" aria-disabled=\"true\"><img decoding=\"async\" class=\"msub_k4 mupj_5k mjru_k4 mse2_k4 mp7g_f6 mq1m_0 mj7u_0 m7er_k4 mqen_m6 m31c_d8 m0ux_fp lazyloaded\" src=\"https:\/\/a.allegroimg.com\/original\/11c1ea\/96ee7c2f4267855c05a2db965659\/MUFKI-Z-EKO-SKORY-rekawiczki-na-WOZEK-SANKI\" sizes=\"100vw\" srcset=\"https:\/\/a.allegroimg.com\/s360\/11c1ea\/96ee7c2f4267855c05a2db965659\/MUFKI-Z-EKO-SKORY-rekawiczki-na-WOZEK-SANKI 360w,https:\/\/a.allegroimg.com\/s720\/11c1ea\/96ee7c2f4267855c05a2db965659\/MUFKI-Z-EKO-SKORY-rekawiczki-na-WOZEK-SANKI 720w,https:\/\/a.allegroimg.com\/s1024\/11c1ea\/96ee7c2f4267855c05a2db965659\/MUFKI-Z-EKO-SKORY-rekawiczki-na-WOZEK-SANKI 1024w,https:\/\/a.allegroimg.com\/s1440\/11c1ea\/96ee7c2f4267855c05a2db965659\/MUFKI-Z-EKO-SKORY-rekawiczki-na-WOZEK-SANKI 1070w,https:\/\/a.allegroimg.com\/original\/11c1ea\/96ee7c2f4267855c05a2db965659\/MUFKI-Z-EKO-SKORY-rekawiczki-na-WOZEK-SANKI 1070w\" alt=\"EKO ODIN\u0116S PIR\u0160TIN\u0116S VE\u017dIM\u0116LIAMS\/ROGUT\u0116MS\" width=\"1070px\" data-srcset=\"\" \/><\/button><\/div>\n<\/div>\n<\/div>\n<\/div>\n<\/div>\n<div class=\"mpof_ki myre_zn myre_8v_l m389_6m_l\">\n<div class=\"mp4t_16_s mryx_16_s mr3m_1 mli2_1 mh85_56 mh85_0_l\">\n<div class=\"mgn2_16 _0d3bd_am0a-\">\n<h2><span dir=\"auto\">Vienos sulankstytos movos matmenys:<\/span><\/h2>\n<ul>\n<li><span dir=\"auto\">Plotis nuo vienos sagties iki kitos: apie 20 cm<\/span><\/li>\n<li><span dir=\"auto\">Ilgis apie 21 cm<\/span><\/li>\n<li><span dir=\"auto\">Lenk\u0173 produkcija<\/span><\/li>\n<\/ul>\n<\/div>\n<\/div>\n<\/div>\n<div class=\"mpof_ki myre_zn myre_8v_l m389_6m_l\">\n<div class=\"mp4t_16_s mryx_16_s mr3m_1 mli2_1 mh85_56 mh85_0_l\">\n<div class=\"mg9e_8 mj7a_8 mg9e_0_s mvrt_0_s mj7a_0_s mh36_0_s mzmg_6m munh_16_l m3h2_16_l\">\n<div class=\"mp4t_0 mryx_0 munh_56 m3h2_56\">\n<div class=\"mp7g_oh\"><button class=\"mg9e_0 mvrt_0 mj7a_0 mh36_0 mp4t_0 m3h2_0 mryx_0 munh_0 mqen_m6 mpof_z0 mx7m_0 m7er_k4 mse2_k4 msts_pt\" data-analytics-interaction=\"true\" data-analytics-interaction-label=\"zoomable-image-open\" aria-disabled=\"true\"><img decoding=\"async\" class=\"msub_k4 mupj_5k mjru_k4 mse2_k4 mp7g_f6 mq1m_0 mj7u_0 m7er_k4 mqen_m6 m31c_d8 m0ux_fp lazyloaded\" src=\"https:\/\/a.allegroimg.com\/original\/11a277\/0b8e4fd84231bfb9cce8a2b1c850\/MUFKI-Z-EKO-SKORY-rekawiczki-na-WOZEK-SANKI-Kod-producenta-mufka-anne-do-wozka-spacerowki-spacerowy\" sizes=\"(min-width: 1200px) 560px, (min-width: 992px) 50vw, 100vw\" srcset=\"https:\/\/a.allegroimg.com\/s360\/11a277\/0b8e4fd84231bfb9cce8a2b1c850\/MUFKI-Z-EKO-SKORY-rekawiczki-na-WOZEK-SANKI-Kod-producenta-mufka-anne-do-wozka-spacerowki-spacerowy 225w,https:\/\/a.allegroimg.com\/s720\/11a277\/0b8e4fd84231bfb9cce8a2b1c850\/MUFKI-Z-EKO-SKORY-rekawiczki-na-WOZEK-SANKI-Kod-producenta-mufka-anne-do-wozka-spacerowki-spacerowy 451w,https:\/\/a.allegroimg.com\/s1024\/11a277\/0b8e4fd84231bfb9cce8a2b1c850\/MUFKI-Z-EKO-SKORY-rekawiczki-na-WOZEK-SANKI-Kod-producenta-mufka-anne-do-wozka-spacerowki-spacerowy 641w,https:\/\/a.allegroimg.com\/s1440\/11a277\/0b8e4fd84231bfb9cce8a2b1c850\/MUFKI-Z-EKO-SKORY-rekawiczki-na-WOZEK-SANKI-Kod-producenta-mufka-anne-do-wozka-spacerowki-spacerowy 800w,https:\/\/a.allegroimg.com\/original\/11a277\/0b8e4fd84231bfb9cce8a2b1c850\/MUFKI-Z-EKO-SKORY-rekawiczki-na-WOZEK-SANKI-Kod-producenta-mufka-anne-do-wozka-spacerowki-spacerowy 800w\" alt=\"EKO ODIN\u0116S PIR\u0160TIN\u0116S ROGAMS VE\u017dIM\u0116LIUI Gamintojo kodas anne ve\u017eim\u0117lio mova\" width=\"800px\" data-srcset=\"\" \/><\/button><\/div>\n<\/div>\n<\/div>\n<\/div>\n<div class=\"mp4t_16_s mryx_16_s mr3m_1 mli2_1 mh85_56 mh85_0_l\">\n<div class=\"mg9e_8 mj7a_8 mg9e_0_s mvrt_0_s mj7a_0_s mh36_0_s mzmg_6m munh_16_l m3h2_16_l\">\n<div class=\"mp4t_0 mryx_0 munh_56 m3h2_56\">\n<div class=\"mp7g_oh\"><button class=\"mg9e_0 mvrt_0 mj7a_0 mh36_0 mp4t_0 m3h2_0 mryx_0 munh_0 mqen_m6 mpof_z0 mx7m_0 m7er_k4 mse2_k4 msts_pt\" data-analytics-interaction=\"true\" data-analytics-interaction-label=\"zoomable-image-open\" aria-disabled=\"true\"><img decoding=\"async\" class=\"msub_k4 mupj_5k mjru_k4 mse2_k4 mp7g_f6 mq1m_0 mj7u_0 m7er_k4 mqen_m6 m31c_d8 m0ux_fp lazyloaded\" src=\"https:\/\/a.allegroimg.com\/original\/11318d\/fde7c83243468e86b5dcc4500650\/MUFKI-Z-EKO-SKORY-rekawiczki-na-WOZEK-SANKI-Szerokosc-produktu-18-cm\" sizes=\"(min-width: 1200px) 560px, (min-width: 992px) 50vw, 100vw\" srcset=\"https:\/\/a.allegroimg.com\/s360\/11318d\/fde7c83243468e86b5dcc4500650\/MUFKI-Z-EKO-SKORY-rekawiczki-na-WOZEK-SANKI-Szerokosc-produktu-18-cm 202w,https:\/\/a.allegroimg.com\/s720\/11318d\/fde7c83243468e86b5dcc4500650\/MUFKI-Z-EKO-SKORY-rekawiczki-na-WOZEK-SANKI-Szerokosc-produktu-18-cm 405w,https:\/\/a.allegroimg.com\/s1024\/11318d\/fde7c83243468e86b5dcc4500650\/MUFKI-Z-EKO-SKORY-rekawiczki-na-WOZEK-SANKI-Szerokosc-produktu-18-cm 576w,https:\/\/a.allegroimg.com\/s1440\/11318d\/fde7c83243468e86b5dcc4500650\/MUFKI-Z-EKO-SKORY-rekawiczki-na-WOZEK-SANKI-Szerokosc-produktu-18-cm 720w,https:\/\/a.allegroimg.com\/original\/11318d\/fde7c83243468e86b5dcc4500650\/MUFKI-Z-EKO-SKORY-rekawiczki-na-WOZEK-SANKI-Szerokosc-produktu-18-cm 720w\" alt=\"EKO ODIN\u0116S PIR\u0160TIN\u0116S VE\u017dIM\u0116LIUI IR ROGU\u010cIAMS. Gaminio plotis 18 cm.\" width=\"720px\" data-srcset=\"\" \/><\/button><\/div>\n<\/div>\n<\/div>\n<\/div>\n<\/div>","protected":false},"excerpt":{"rendered":"<p>EKO ODIN\u0116S PIR\u0160TIN\u0116S VE\u017dIM\u0116LIAMS\/ROGUT\u0116MS<\/p>","protected":false},"featured_media":64968,"template":"","meta":{"_acf_changed":false,"_glsr_average":0,"_glsr_ranking":0,"_glsr_reviews":0},"product_brand":[],"product_cat":[328],"product_tag":[],"class_list":{"0":"post-64967","1":"product","2":"type-product","3":"status-publish","4":"has-post-thumbnail","6":"product_cat-priedai-vezimeliams","7":"\"style=\"background-color: #2ecc711c;\"","9":"first","10":"instock","11":"shipping-taxable","12":"purchasable","13":"product-type-simple"},"acf":[],"yoast_head":"<!-- This site is optimized with the Yoast SEO plugin v27.3 - https:\/\/yoast.com\/product\/yoast-seo-wordpress\/ -->\n<title>EKO ODIN\u0116S PIR\u0160TIN\u0116S VE\u017dIM\u0116LIAMS\/ROGUT\u0116MS - KidsPlay<\/title>\n<meta name=\"description\" content=\"EKO ODIN\u0116S PIR\u0160TIN\u0116S VE\u017dIM\u0116LIAMS\/ROGUT\u0116MS\" \/>\n<meta name=\"robots\" content=\"index, follow, max-snippet:-1, max-image-preview:large, max-video-preview:-1\" \/>\n<link rel=\"canonical\" href=\"https:\/\/kidsplay.lt\/lv\/products\/eko-odines-pirstines-vezimeliams-rogutems\/\" \/>\n<meta property=\"og:locale\" content=\"lv_LV\" \/>\n<meta property=\"og:type\" content=\"article\" \/>\n<meta property=\"og:title\" content=\"EKO ODIN\u0116S PIR\u0160TIN\u0116S VE\u017dIM\u0116LIAMS\/ROGUT\u0116MS - KidsPlay\" \/>\n<meta property=\"og:description\" content=\"EKO ODIN\u0116S PIR\u0160TIN\u0116S VE\u017dIM\u0116LIAMS\/ROGUT\u0116MS\" \/>\n<meta property=\"og:url\" content=\"https:\/\/kidsplay.lt\/lv\/products\/eko-odines-pirstines-vezimeliams-rogutems\/\" \/>\n<meta property=\"og:site_name\" content=\"KidsPlay\" \/>\n<meta property=\"article:publisher\" content=\"https:\/\/www.facebook.com\/www.kidsplay.lt\" \/>\n<meta property=\"article:modified_time\" content=\"2026-02-23T08:22:38+00:00\" \/>\n<meta property=\"og:image\" content=\"https:\/\/kidsplay.lt\/wp-content\/uploads\/2025\/09\/Screenshot_294.png\" \/>\n\t<meta property=\"og:image:width\" content=\"612\" \/>\n\t<meta property=\"og:image:height\" content=\"485\" \/>\n\t<meta property=\"og:image:type\" content=\"image\/png\" \/>\n<meta name=\"twitter:card\" content=\"summary_large_image\" \/>\n<meta name=\"twitter:label1\" content=\"Est. reading time\" \/>\n\t<meta name=\"twitter:data1\" content=\"3 min\u016btes\" \/>\n<script type=\"application\/ld+json\" class=\"yoast-schema-graph\">{\"@context\":\"https:\\\/\\\/schema.org\",\"@graph\":[{\"@type\":\"WebPage\",\"@id\":\"https:\\\/\\\/kidsplay.lt\\\/produktas\\\/eko-odines-pirstines-vezimeliams-rogutems\\\/\",\"url\":\"https:\\\/\\\/kidsplay.lt\\\/produktas\\\/eko-odines-pirstines-vezimeliams-rogutems\\\/\",\"name\":\"EKO ODIN\u0116S PIR\u0160TIN\u0116S VE\u017dIM\u0116LIAMS\\\/ROGUT\u0116MS - KidsPlay\",\"isPartOf\":{\"@id\":\"https:\\\/\\\/kidsplay.lt\\\/#website\"},\"primaryImageOfPage\":{\"@id\":\"https:\\\/\\\/kidsplay.lt\\\/produktas\\\/eko-odines-pirstines-vezimeliams-rogutems\\\/#primaryimage\"},\"image\":{\"@id\":\"https:\\\/\\\/kidsplay.lt\\\/produktas\\\/eko-odines-pirstines-vezimeliams-rogutems\\\/#primaryimage\"},\"thumbnailUrl\":\"https:\\\/\\\/kidsplay.lt\\\/wp-content\\\/uploads\\\/2025\\\/09\\\/Screenshot_294.png\",\"datePublished\":\"2025-09-22T12:38:35+00:00\",\"dateModified\":\"2026-02-23T08:22:38+00:00\",\"description\":\"EKO ODIN\u0116S PIR\u0160TIN\u0116S VE\u017dIM\u0116LIAMS\\\/ROGUT\u0116MS\",\"breadcrumb\":{\"@id\":\"https:\\\/\\\/kidsplay.lt\\\/produktas\\\/eko-odines-pirstines-vezimeliams-rogutems\\\/#breadcrumb\"},\"inLanguage\":\"lv-LV\",\"potentialAction\":[{\"@type\":\"ReadAction\",\"target\":[\"https:\\\/\\\/kidsplay.lt\\\/produktas\\\/eko-odines-pirstines-vezimeliams-rogutems\\\/\"]}]},{\"@type\":\"ImageObject\",\"inLanguage\":\"lv-LV\",\"@id\":\"https:\\\/\\\/kidsplay.lt\\\/produktas\\\/eko-odines-pirstines-vezimeliams-rogutems\\\/#primaryimage\",\"url\":\"https:\\\/\\\/kidsplay.lt\\\/wp-content\\\/uploads\\\/2025\\\/09\\\/Screenshot_294.png\",\"contentUrl\":\"https:\\\/\\\/kidsplay.lt\\\/wp-content\\\/uploads\\\/2025\\\/09\\\/Screenshot_294.png\",\"width\":612,\"height\":485},{\"@type\":\"BreadcrumbList\",\"@id\":\"https:\\\/\\\/kidsplay.lt\\\/produktas\\\/eko-odines-pirstines-vezimeliams-rogutems\\\/#breadcrumb\",\"itemListElement\":[{\"@type\":\"ListItem\",\"position\":1,\"name\":\"Pagrindinis\",\"item\":\"https:\\\/\\\/kidsplay.lt\\\/\"},{\"@type\":\"ListItem\",\"position\":2,\"name\":\"Parduotuv\u0117\",\"item\":\"https:\\\/\\\/kidsplay.lt\\\/parduotuve\\\/\"},{\"@type\":\"ListItem\",\"position\":3,\"name\":\"EKO ODIN\u0116S PIR\u0160TIN\u0116S VE\u017dIM\u0116LIAMS\\\/ROGUT\u0116MS\"}]},{\"@type\":\"WebSite\",\"@id\":\"https:\\\/\\\/kidsplay.lt\\\/#website\",\"url\":\"https:\\\/\\\/kidsplay.lt\\\/\",\"name\":\"Kidsplay.lt\",\"description\":\"\u012evairios prek\u0117s vaikams\",\"publisher\":{\"@id\":\"https:\\\/\\\/kidsplay.lt\\\/#organization\"},\"alternateName\":\"Kidsplay\",\"potentialAction\":[{\"@type\":\"SearchAction\",\"target\":{\"@type\":\"EntryPoint\",\"urlTemplate\":\"https:\\\/\\\/kidsplay.lt\\\/?s={search_term_string}\"},\"query-input\":{\"@type\":\"PropertyValueSpecification\",\"valueRequired\":true,\"valueName\":\"search_term_string\"}}],\"inLanguage\":\"lv-LV\"},{\"@type\":\"Organization\",\"@id\":\"https:\\\/\\\/kidsplay.lt\\\/#organization\",\"name\":\"KidsPlay\",\"url\":\"https:\\\/\\\/kidsplay.lt\\\/\",\"logo\":{\"@type\":\"ImageObject\",\"inLanguage\":\"lv-LV\",\"@id\":\"https:\\\/\\\/kidsplay.lt\\\/#\\\/schema\\\/logo\\\/image\\\/\",\"url\":\"https:\\\/\\\/kidsplay.lt\\\/wp-content\\\/uploads\\\/2023\\\/07\\\/kidsplay-logo.png\",\"contentUrl\":\"https:\\\/\\\/kidsplay.lt\\\/wp-content\\\/uploads\\\/2023\\\/07\\\/kidsplay-logo.png\",\"width\":451,\"height\":98,\"caption\":\"KidsPlay\"},\"image\":{\"@id\":\"https:\\\/\\\/kidsplay.lt\\\/#\\\/schema\\\/logo\\\/image\\\/\"},\"sameAs\":[\"https:\\\/\\\/www.facebook.com\\\/www.kidsplay.lt\"]}]}<\/script>\n<!-- \/ Yoast SEO plugin. -->","yoast_head_json":{"title":"EKO ODIN\u0116S PIR\u0160TIN\u0116S VE\u017dIM\u0116LIAMS\/ROGUT\u0116MS - KidsPlay","description":"EKO ODIN\u0116S PIR\u0160TIN\u0116S VE\u017dIM\u0116LIAMS\/ROGUT\u0116MS","robots":{"index":"index","follow":"follow","max-snippet":"max-snippet:-1","max-image-preview":"max-image-preview:large","max-video-preview":"max-video-preview:-1"},"canonical":"https:\/\/kidsplay.lt\/lv\/products\/eko-odines-pirstines-vezimeliams-rogutems\/","og_locale":"lv_LV","og_type":"article","og_title":"EKO ODIN\u0116S PIR\u0160TIN\u0116S VE\u017dIM\u0116LIAMS\/ROGUT\u0116MS - KidsPlay","og_description":"EKO ODIN\u0116S PIR\u0160TIN\u0116S VE\u017dIM\u0116LIAMS\/ROGUT\u0116MS","og_url":"https:\/\/kidsplay.lt\/lv\/products\/eko-odines-pirstines-vezimeliams-rogutems\/","og_site_name":"KidsPlay","article_publisher":"https:\/\/www.facebook.com\/www.kidsplay.lt","article_modified_time":"2026-02-23T08:22:38+00:00","og_image":[{"width":612,"height":485,"url":"https:\/\/kidsplay.lt\/wp-content\/uploads\/2025\/09\/Screenshot_294.png","type":"image\/png"}],"twitter_card":"summary_large_image","twitter_misc":{"Est. reading time":"3 min\u016btes"},"schema":{"@context":"https:\/\/schema.org","@graph":[{"@type":"WebPage","@id":"https:\/\/kidsplay.lt\/produktas\/eko-odines-pirstines-vezimeliams-rogutems\/","url":"https:\/\/kidsplay.lt\/produktas\/eko-odines-pirstines-vezimeliams-rogutems\/","name":"EKO ODIN\u0116S PIR\u0160TIN\u0116S VE\u017dIM\u0116LIAMS\/ROGUT\u0116MS - KidsPlay","isPartOf":{"@id":"https:\/\/kidsplay.lt\/#website"},"primaryImageOfPage":{"@id":"https:\/\/kidsplay.lt\/produktas\/eko-odines-pirstines-vezimeliams-rogutems\/#primaryimage"},"image":{"@id":"https:\/\/kidsplay.lt\/produktas\/eko-odines-pirstines-vezimeliams-rogutems\/#primaryimage"},"thumbnailUrl":"https:\/\/kidsplay.lt\/wp-content\/uploads\/2025\/09\/Screenshot_294.png","datePublished":"2025-09-22T12:38:35+00:00","dateModified":"2026-02-23T08:22:38+00:00","description":"EKO ODIN\u0116S PIR\u0160TIN\u0116S VE\u017dIM\u0116LIAMS\/ROGUT\u0116MS","breadcrumb":{"@id":"https:\/\/kidsplay.lt\/produktas\/eko-odines-pirstines-vezimeliams-rogutems\/#breadcrumb"},"inLanguage":"lv-LV","potentialAction":[{"@type":"ReadAction","target":["https:\/\/kidsplay.lt\/produktas\/eko-odines-pirstines-vezimeliams-rogutems\/"]}]},{"@type":"ImageObject","inLanguage":"lv-LV","@id":"https:\/\/kidsplay.lt\/produktas\/eko-odines-pirstines-vezimeliams-rogutems\/#primaryimage","url":"https:\/\/kidsplay.lt\/wp-content\/uploads\/2025\/09\/Screenshot_294.png","contentUrl":"https:\/\/kidsplay.lt\/wp-content\/uploads\/2025\/09\/Screenshot_294.png","width":612,"height":485},{"@type":"BreadcrumbList","@id":"https:\/\/kidsplay.lt\/produktas\/eko-odines-pirstines-vezimeliams-rogutems\/#breadcrumb","itemListElement":[{"@type":"ListItem","position":1,"name":"Pagrindinis","item":"https:\/\/kidsplay.lt\/"},{"@type":"ListItem","position":2,"name":"Parduotuv\u0117","item":"https:\/\/kidsplay.lt\/parduotuve\/"},{"@type":"ListItem","position":3,"name":"EKO ODIN\u0116S PIR\u0160TIN\u0116S VE\u017dIM\u0116LIAMS\/ROGUT\u0116MS"}]},{"@type":"WebSite","@id":"https:\/\/kidsplay.lt\/#website","url":"https:\/\/kidsplay.lt\/","name":"B\u0113rnu sp\u0113les.lv","description":"\u012evairios prek\u0117s vaikams","publisher":{"@id":"https:\/\/kidsplay.lt\/#organization"},"alternateName":"Kidsplay","potentialAction":[{"@type":"SearchAction","target":{"@type":"EntryPoint","urlTemplate":"https:\/\/kidsplay.lt\/?s={search_term_string}"},"query-input":{"@type":"PropertyValueSpecification","valueRequired":true,"valueName":"search_term_string"}}],"inLanguage":"lv-LV"},{"@type":"Organization","@id":"https:\/\/kidsplay.lt\/#organization","name":"B\u0113rnu sp\u0113le","url":"https:\/\/kidsplay.lt\/","logo":{"@type":"ImageObject","inLanguage":"lv-LV","@id":"https:\/\/kidsplay.lt\/#\/schema\/logo\/image\/","url":"https:\/\/kidsplay.lt\/wp-content\/uploads\/2023\/07\/kidsplay-logo.png","contentUrl":"https:\/\/kidsplay.lt\/wp-content\/uploads\/2023\/07\/kidsplay-logo.png","width":451,"height":98,"caption":"KidsPlay"},"image":{"@id":"https:\/\/kidsplay.lt\/#\/schema\/logo\/image\/"},"sameAs":["https:\/\/www.facebook.com\/www.kidsplay.lt"]}]}},"_links":{"self":[{"href":"https:\/\/kidsplay.lt\/lv\/wp-json\/wp\/v2\/product\/64967","targetHints":{"allow":["GET"]}}],"collection":[{"href":"https:\/\/kidsplay.lt\/lv\/wp-json\/wp\/v2\/product"}],"about":[{"href":"https:\/\/kidsplay.lt\/lv\/wp-json\/wp\/v2\/types\/product"}],"version-history":[{"count":4,"href":"https:\/\/kidsplay.lt\/lv\/wp-json\/wp\/v2\/product\/64967\/revisions"}],"predecessor-version":[{"id":74104,"href":"https:\/\/kidsplay.lt\/lv\/wp-json\/wp\/v2\/product\/64967\/revisions\/74104"}],"wp:featuredmedia":[{"embeddable":true,"href":"https:\/\/kidsplay.lt\/lv\/wp-json\/wp\/v2\/media\/64968"}],"wp:attachment":[{"href":"https:\/\/kidsplay.lt\/lv\/wp-json\/wp\/v2\/media?parent=64967"}],"wp:term":[{"taxonomy":"product_brand","embeddable":true,"href":"https:\/\/kidsplay.lt\/lv\/wp-json\/wp\/v2\/product_brand?post=64967"},{"taxonomy":"product_cat","embeddable":true,"href":"https:\/\/kidsplay.lt\/lv\/wp-json\/wp\/v2\/product_cat?post=64967"},{"taxonomy":"product_tag","embeddable":true,"href":"https:\/\/kidsplay.lt\/lv\/wp-json\/wp\/v2\/product_tag?post=64967"}],"curies":[{"name":"wp","href":"https:\/\/api.w.org\/{rel}","templated":true}]}}