{"id":64973,"date":"2025-09-22T15:43:07","date_gmt":"2025-09-22T12:43:07","guid":{"rendered":"https:\/\/kidsplay.lt\/?post_type=product&#038;p=64973"},"modified":"2025-10-04T22:50:49","modified_gmt":"2025-10-04T19:50:49","slug":"nesiojamas-vaiku-puodelis","status":"publish","type":"product","link":"https:\/\/kidsplay.lt\/lv\/products\/nesiojamas-vaiku-puodelis\/","title":{"rendered":"P\u0101rn\u0113s\u0101jama b\u0113rnu kr\u016bze"},"content":{"rendered":"<div class=\"mpof_ki myre_zn myre_8v_l m389_6m_l\">\n<div class=\"mp4t_16_s mryx_16_s mr3m_1 mli2_1 mh85_56 mh85_0_l\">\n<div class=\"mgn2_16 _0d3bd_am0a-\">\n<h1><span dir=\"auto\">BANANA kelioninis tualetas \u2013 unikalus ne\u0161iojamas kelioninis tualetas vaikams<\/span><\/h1>\n<\/div>\n<\/div>\n<\/div>\n<div class=\"mpof_ki myre_zn myre_8v_l m389_6m_l\">\n<div class=\"mp4t_16_s mryx_16_s mr3m_1 mli2_1 mh85_56 mh85_0_l\">\n<div class=\"mgn2_16 _0d3bd_am0a-\">\n<p><b><span dir=\"auto\">Modernus, prakti\u0161kas puodukas originalios ir prakti\u0161kos banano formos.<\/span><\/b><\/p>\n<p><span dir=\"auto\">D\u0117l to\u00a0\u00a0<\/span><b><span dir=\"auto\">jis tilps \u012f moters rankin\u0119<\/span><\/b><span dir=\"auto\">\u00a0ir bus naudojamas beveik bet kur \u2013\u00a0\u00a0<\/span><b><span dir=\"auto\">pasivaik\u0161\u010diojant, i\u0161kylaujant ar net automobilyje keliaujant.<\/span><\/b><\/p>\n<\/div>\n<\/div>\n<div class=\"mp4t_16_s mryx_16_s mr3m_1 mli2_1 mh85_56 mh85_0_l\">\n<div class=\"mg9e_8 mj7a_8 mg9e_0_s mvrt_0_s mj7a_0_s mh36_0_s mzmg_6m munh_16_l m3h2_16_l\">\n<div class=\"mp4t_0 mryx_0 munh_56 m3h2_56\">\n<div class=\"mp7g_oh\"><button class=\"mg9e_0 mvrt_0 mj7a_0 mh36_0 mp4t_0 m3h2_0 mryx_0 munh_0 mqen_m6 mpof_z0 mx7m_0 m7er_k4 mse2_k4 msts_pt\" data-analytics-interaction=\"true\" data-analytics-interaction-label=\"zoomable-image-open\" aria-disabled=\"true\"><img decoding=\"async\" class=\"msub_k4 mupj_5k mjru_k4 mse2_k4 mp7g_f6 mq1m_0 mj7u_0 m7er_k4 mqen_m6 m31c_d8 m0ux_fp lazyloaded\" src=\"https:\/\/a.allegroimg.com\/original\/119ee3\/9378a90c4a639dfee5e407ac14c7\/SKLADANY-NOCNIK-Dla-Dzieci-Tron-PODROZNY-BANAN-Turystyczny-Przenosny-Toalet\" sizes=\"(min-width: 1200px) 560px, (min-width: 992px) 50vw, 100vw\" srcset=\"https:\/\/a.allegroimg.com\/s360\/119ee3\/9378a90c4a639dfee5e407ac14c7\/SKLADANY-NOCNIK-Dla-Dzieci-Tron-PODROZNY-BANAN-Turystyczny-Przenosny-Toalet 360w,https:\/\/a.allegroimg.com\/s720\/119ee3\/9378a90c4a639dfee5e407ac14c7\/SKLADANY-NOCNIK-Dla-Dzieci-Tron-PODROZNY-BANAN-Turystyczny-Przenosny-Toalet 500w,https:\/\/a.allegroimg.com\/original\/119ee3\/9378a90c4a639dfee5e407ac14c7\/SKLADANY-NOCNIK-Dla-Dzieci-Tron-PODROZNY-BANAN-Turystyczny-Przenosny-Toalet 500w\" alt=\"SULANKSTOMAS VAIK\u0172 PUIKIUKAS TRAVEL THRON BANANA Turistinis ne\u0161iojamas tualetas\" width=\"500px\" data-srcset=\"\" \/><\/button><\/div>\n<\/div>\n<\/div>\n<\/div>\n<\/div>\n<div class=\"mpof_ki myre_zn myre_8v_l m389_6m_l\">\n<div class=\"mp4t_16_s mryx_16_s mr3m_1 mli2_1 mh85_56 mh85_0_l\">\n<div class=\"mg9e_8 mj7a_8 mg9e_0_s mvrt_0_s mj7a_0_s mh36_0_s mzmg_6m munh_16_l m3h2_16_l\">\n<div class=\"mp4t_0 mryx_0 munh_56 m3h2_56\">\n<div class=\"mp7g_oh\"><button class=\"mg9e_0 mvrt_0 mj7a_0 mh36_0 mp4t_0 m3h2_0 mryx_0 munh_0 mqen_m6 mpof_z0 mx7m_0 m7er_k4 mse2_k4 msts_pt\" data-analytics-interaction=\"true\" data-analytics-interaction-label=\"zoomable-image-open\" aria-disabled=\"true\"><img decoding=\"async\" class=\"msub_k4 mupj_5k mjru_k4 mse2_k4 mp7g_f6 mq1m_0 mj7u_0 m7er_k4 mqen_m6 m31c_d8 m0ux_fp lazyloaded\" src=\"https:\/\/a.allegroimg.com\/original\/11a7b7\/2e0f0a2b4f78b902fee932d58aa4\/SKLADANY-NOCNIK-Dla-Dzieci-Tron-PODROZNY-BANAN-Turystyczny-Przenosny-Toalet-Rodzaj-wielorazowy\" sizes=\"(min-width: 1200px) 560px, (min-width: 992px) 50vw, 100vw\" srcset=\"https:\/\/a.allegroimg.com\/s360\/11a7b7\/2e0f0a2b4f78b902fee932d58aa4\/SKLADANY-NOCNIK-Dla-Dzieci-Tron-PODROZNY-BANAN-Turystyczny-Przenosny-Toalet-Rodzaj-wielorazowy 360w,https:\/\/a.allegroimg.com\/s720\/11a7b7\/2e0f0a2b4f78b902fee932d58aa4\/SKLADANY-NOCNIK-Dla-Dzieci-Tron-PODROZNY-BANAN-Turystyczny-Przenosny-Toalet-Rodzaj-wielorazowy 497w,https:\/\/a.allegroimg.com\/original\/11a7b7\/2e0f0a2b4f78b902fee932d58aa4\/SKLADANY-NOCNIK-Dla-Dzieci-Tron-PODROZNY-BANAN-Turystyczny-Przenosny-Toalet-Rodzaj-wielorazowy 497w\" alt=\"SULANKSTOMAS VAIK\u0172 PUIKIUKAS KELIONINIS TRONIS BANAN\u0172 Turistinis ne\u0161iojamas tualetas, daugkartinio naudojimo\" width=\"497px\" data-srcset=\"\" \/><\/button><\/div>\n<\/div>\n<\/div>\n<\/div>\n<div class=\"mp4t_16_s mryx_16_s mr3m_1 mli2_1 mh85_56 mh85_0_l\">\n<div class=\"mgn2_16 _0d3bd_am0a-\">\n<h2><span dir=\"auto\">Komplekt\u0101 ietilpst:<\/span><\/h2>\n<ul>\n<li><b><span dir=\"auto\">sulankstomas<\/span><\/b><span dir=\"auto\">\u00a0\u00a0bananinis puodukas<\/span><\/li>\n<li><b><span dir=\"auto\">20 vienkartini\u0173 mai\u0161eli\u0173<\/span><\/b><span dir=\"auto\">\u00a0\u00a0(galima naudoti su bet kokiais rinkoje esan\u010diais plastikiniais mai\u0161eliais)<\/span><\/li>\n<li><b><span dir=\"auto\">ne\u0161iojamas<\/span><\/b><span dir=\"auto\">\u00a0\u00a0audinio krep\u0161ys su rai\u0161teliu<\/span><\/li>\n<\/ul>\n<\/div>\n<\/div>\n<\/div>\n<div class=\"mpof_ki myre_zn myre_8v_l m389_6m_l\">\n<div class=\"mp4t_16_s mryx_16_s mr3m_1 mli2_1 mh85_56 mh85_0_l\">\n<div class=\"mgn2_16 _0d3bd_am0a-\">\n<p><b><span dir=\"auto\">Produkto specifikacijos:<\/span><\/b><\/p>\n<ul>\n<li><span dir=\"auto\">med\u017eiaga: silikonas + ABS<\/span><\/li>\n<li><span dir=\"auto\">Maksimali apkrova: 20 kg<\/span><\/li>\n<li><span dir=\"auto\">rekomenduojamas am\u017eius: 8 m\u0117nesiai &#8211; 5 metai<\/span><\/li>\n<\/ul>\n<\/div>\n<\/div>\n<div class=\"mp4t_16_s mryx_16_s mr3m_1 mli2_1 mh85_56 mh85_0_l\">\n<div class=\"mg9e_8 mj7a_8 mg9e_0_s mvrt_0_s mj7a_0_s mh36_0_s mzmg_6m munh_16_l m3h2_16_l\">\n<div class=\"mp4t_0 mryx_0 munh_56 m3h2_56\">\n<div class=\"mp7g_oh\"><button class=\"mg9e_0 mvrt_0 mj7a_0 mh36_0 mp4t_0 m3h2_0 mryx_0 munh_0 mqen_m6 mpof_z0 mx7m_0 m7er_k4 mse2_k4 msts_pt\" data-analytics-interaction=\"true\" data-analytics-interaction-label=\"zoomable-image-open\" aria-disabled=\"true\"><img decoding=\"async\" class=\"msub_k4 mupj_5k mjru_k4 mse2_k4 mp7g_f6 mq1m_0 mj7u_0 m7er_k4 mqen_m6 m31c_d8 m0ux_fp lazyloaded\" src=\"https:\/\/a.allegroimg.com\/original\/113837\/1c28525f4183bec16df05e73d818\/SKLADANY-NOCNIK-Dla-Dzieci-Tron-PODROZNY-BANAN-Turystyczny-Przenosny-Toalet-Marka-DoxMed\" sizes=\"(min-width: 1200px) 560px, (min-width: 992px) 50vw, 100vw\" srcset=\"https:\/\/a.allegroimg.com\/s360\/113837\/1c28525f4183bec16df05e73d818\/SKLADANY-NOCNIK-Dla-Dzieci-Tron-PODROZNY-BANAN-Turystyczny-Przenosny-Toalet-Marka-DoxMed 360w,https:\/\/a.allegroimg.com\/s720\/113837\/1c28525f4183bec16df05e73d818\/SKLADANY-NOCNIK-Dla-Dzieci-Tron-PODROZNY-BANAN-Turystyczny-Przenosny-Toalet-Marka-DoxMed 556w,https:\/\/a.allegroimg.com\/original\/113837\/1c28525f4183bec16df05e73d818\/SKLADANY-NOCNIK-Dla-Dzieci-Tron-PODROZNY-BANAN-Turystyczny-Przenosny-Toalet-Marka-DoxMed 556w\" alt=\"SULANKSTOMAS VAIKAMS SKIRTAS NE\u0160IOJAMAS TUALETAS TRAVEL TRON BANANA Turistinis Ne\u0161iojamas Tualetas Prek\u0117s \u017denklas DoxMed\" width=\"556px\" data-srcset=\"\" \/><\/button><\/div>\n<\/div>\n<\/div>\n<\/div>\n<\/div>\n<div class=\"mpof_ki myre_zn myre_8v_l m389_6m_l\">\n<div class=\"mp4t_16_s mryx_16_s mr3m_1 mli2_1 mh85_56 mh85_0_l\">\n<div class=\"mg9e_8 mj7a_8 mg9e_0_s mvrt_0_s mj7a_0_s mh36_0_s mzmg_6m munh_16_l m3h2_16_l\">\n<div class=\"mp4t_0 mryx_0 munh_56 m3h2_56\">\n<div class=\"mp7g_oh\"><button class=\"mg9e_0 mvrt_0 mj7a_0 mh36_0 mp4t_0 m3h2_0 mryx_0 munh_0 mqen_m6 mpof_z0 mx7m_0 m7er_k4 mse2_k4 msts_pt\" data-analytics-interaction=\"true\" data-analytics-interaction-label=\"zoomable-image-open\" aria-disabled=\"true\"><img decoding=\"async\" class=\"msub_k4 mupj_5k mjru_k4 mse2_k4 mp7g_f6 mq1m_0 mj7u_0 m7er_k4 mqen_m6 m31c_d8 m0ux_fp lazyloaded\" src=\"https:\/\/a.allegroimg.com\/original\/11e1a7\/b0d5d8144daaa66cc6f1dd099361\/SKLADANY-NOCNIK-Dla-Dzieci-Tron-PODROZNY-BANAN-Turystyczny-Przenosny-Toalet-Kolor-rozowy\" sizes=\"(min-width: 1200px) 560px, (min-width: 992px) 50vw, 100vw\" srcset=\"https:\/\/a.allegroimg.com\/s360\/11e1a7\/b0d5d8144daaa66cc6f1dd099361\/SKLADANY-NOCNIK-Dla-Dzieci-Tron-PODROZNY-BANAN-Turystyczny-Przenosny-Toalet-Kolor-rozowy 360w,https:\/\/a.allegroimg.com\/s720\/11e1a7\/b0d5d8144daaa66cc6f1dd099361\/SKLADANY-NOCNIK-Dla-Dzieci-Tron-PODROZNY-BANAN-Turystyczny-Przenosny-Toalet-Kolor-rozowy 622w,https:\/\/a.allegroimg.com\/original\/11e1a7\/b0d5d8144daaa66cc6f1dd099361\/SKLADANY-NOCNIK-Dla-Dzieci-Tron-PODROZNY-BANAN-Turystyczny-Przenosny-Toalet-Kolor-rozowy 622w\" alt=\"SULANKSTOMAS VAIK\u0172 PUIKIUKAS TRAVEL THRON BANANA Turistinis ne\u0161iojamas tualetas Ro\u017einis\" width=\"622px\" data-srcset=\"\" \/><\/button><\/div>\n<\/div>\n<\/div>\n<\/div>\n<div class=\"mp4t_16_s mryx_16_s mr3m_1 mli2_1 mh85_56 mh85_0_l\">\n<div class=\"mg9e_8 mj7a_8 mg9e_0_s mvrt_0_s mj7a_0_s mh36_0_s mzmg_6m munh_16_l m3h2_16_l\">\n<div class=\"mp4t_0 mryx_0 munh_56 m3h2_56\">\n<div class=\"mp7g_oh\"><button class=\"mg9e_0 mvrt_0 mj7a_0 mh36_0 mp4t_0 m3h2_0 mryx_0 munh_0 mqen_m6 mpof_z0 mx7m_0 m7er_k4 mse2_k4 msts_pt\" data-analytics-interaction=\"true\" data-analytics-interaction-label=\"zoomable-image-open\" aria-disabled=\"true\"><img decoding=\"async\" class=\"msub_k4 mupj_5k mjru_k4 mse2_k4 mp7g_f6 mq1m_0 mj7u_0 m7er_k4 mqen_m6 m31c_d8 m0ux_fp lazyloaded\" src=\"https:\/\/a.allegroimg.com\/original\/1164be\/f83c56d84fe1b3e440905e187fc2\" sizes=\"(min-width: 1200px) 560px, (min-width: 992px) 50vw, 100vw\" srcset=\"https:\/\/a.allegroimg.com\/s360\/1164be\/f83c56d84fe1b3e440905e187fc2 360w,https:\/\/a.allegroimg.com\/s720\/1164be\/f83c56d84fe1b3e440905e187fc2 653w,https:\/\/a.allegroimg.com\/original\/1164be\/f83c56d84fe1b3e440905e187fc2 653w\" alt=\"\" width=\"653px\" data-srcset=\"\" \/><\/button><\/div>\n<\/div>\n<\/div>\n<\/div>\n<\/div>\n<div class=\"mpof_ki myre_zn myre_8v_l m389_6m_l\">\n<div class=\"mp4t_16_s mryx_16_s mr3m_1 mli2_1 mh85_56 mh85_0_l\">\n<div class=\"mg9e_8 mj7a_8 mg9e_0_s mvrt_0_s mj7a_0_s mh36_0_s mzmg_6m munh_16_l m3h2_16_l\">\n<div class=\"mp4t_0 mryx_0 munh_56 m3h2_56\">\n<div class=\"mp7g_oh\"><button class=\"mg9e_0 mvrt_0 mj7a_0 mh36_0 mp4t_0 m3h2_0 mryx_0 munh_0 mqen_m6 mpof_z0 mx7m_0 m7er_k4 mse2_k4 msts_pt\" data-analytics-interaction=\"true\" data-analytics-interaction-label=\"zoomable-image-open\" aria-disabled=\"true\"><img decoding=\"async\" class=\"msub_k4 mupj_5k mjru_k4 mse2_k4 mp7g_f6 mq1m_0 mj7u_0 m7er_k4 mqen_m6 m31c_d8 m0ux_fp lazyloaded\" src=\"https:\/\/a.allegroimg.com\/original\/114b9b\/c8e1d30b4ef485f71ee32755695f\" sizes=\"100vw\" srcset=\"https:\/\/a.allegroimg.com\/s360\/114b9b\/c8e1d30b4ef485f71ee32755695f 360w,https:\/\/a.allegroimg.com\/s720\/114b9b\/c8e1d30b4ef485f71ee32755695f 582w,https:\/\/a.allegroimg.com\/original\/114b9b\/c8e1d30b4ef485f71ee32755695f 582w\" alt=\"\" width=\"582px\" data-srcset=\"\" \/><\/button><\/div>\n<\/div>\n<\/div>\n<\/div>\n<\/div>","protected":false},"excerpt":{"rendered":"<p>P\u0101rn\u0113s\u0101jama b\u0113rnu kr\u016bze<\/p>","protected":false},"featured_media":64976,"template":"","meta":{"_acf_changed":false,"_glsr_average":0,"_glsr_ranking":0,"_glsr_reviews":0},"product_brand":[],"product_cat":[303,284],"product_tag":[],"class_list":{"0":"post-64973","1":"product","2":"type-product","3":"status-publish","4":"has-post-thumbnail","6":"product_cat-naktipuodziai","7":"product_cat-vonios-reikmenys","8":"\"style=\"background-color: #2ecc711c;\"","10":"first","11":"instock","12":"shipping-taxable","13":"purchasable","14":"product-type-variable"},"acf":[],"yoast_head":"<!-- This site is optimized with the Yoast SEO plugin v27.4 - https:\/\/yoast.com\/product\/yoast-seo-wordpress\/ -->\n<title>Ne\u0161iojamas vaik\u0173 puodelis - KidsPlay<\/title>\n<meta name=\"description\" content=\"Ne\u0161iojamas vaik\u0173 puodelis\" \/>\n<meta name=\"robots\" content=\"index, follow, max-snippet:-1, max-image-preview:large, max-video-preview:-1\" \/>\n<link rel=\"canonical\" href=\"https:\/\/kidsplay.lt\/lv\/products\/nesiojamas-vaiku-puodelis\/\" \/>\n<meta property=\"og:locale\" content=\"lv_LV\" \/>\n<meta property=\"og:type\" content=\"article\" \/>\n<meta property=\"og:title\" content=\"Ne\u0161iojamas vaik\u0173 puodelis - KidsPlay\" \/>\n<meta property=\"og:description\" content=\"Ne\u0161iojamas vaik\u0173 puodelis\" \/>\n<meta property=\"og:url\" content=\"https:\/\/kidsplay.lt\/lv\/products\/nesiojamas-vaiku-puodelis\/\" \/>\n<meta property=\"og:site_name\" content=\"KidsPlay\" \/>\n<meta property=\"article:publisher\" content=\"https:\/\/www.facebook.com\/www.kidsplay.lt\" \/>\n<meta property=\"article:modified_time\" content=\"2025-10-04T19:50:49+00:00\" \/>\n<meta property=\"og:image\" content=\"https:\/\/kidsplay.lt\/wp-content\/uploads\/2025\/09\/Screenshot_301.png\" \/>\n\t<meta property=\"og:image:width\" content=\"623\" \/>\n\t<meta property=\"og:image:height\" content=\"603\" \/>\n\t<meta property=\"og:image:type\" content=\"image\/png\" \/>\n<meta name=\"twitter:card\" content=\"summary_large_image\" \/>\n<meta name=\"twitter:label1\" content=\"Est. reading time\" \/>\n\t<meta name=\"twitter:data1\" content=\"2 min\u016btes\" \/>\n<script type=\"application\/ld+json\" class=\"yoast-schema-graph\">{\"@context\":\"https:\\\/\\\/schema.org\",\"@graph\":[{\"@type\":\"WebPage\",\"@id\":\"https:\\\/\\\/kidsplay.lt\\\/produktas\\\/nesiojamas-vaiku-puodelis\\\/\",\"url\":\"https:\\\/\\\/kidsplay.lt\\\/produktas\\\/nesiojamas-vaiku-puodelis\\\/\",\"name\":\"Ne\u0161iojamas vaik\u0173 puodelis - KidsPlay\",\"isPartOf\":{\"@id\":\"https:\\\/\\\/kidsplay.lt\\\/#website\"},\"primaryImageOfPage\":{\"@id\":\"https:\\\/\\\/kidsplay.lt\\\/produktas\\\/nesiojamas-vaiku-puodelis\\\/#primaryimage\"},\"image\":{\"@id\":\"https:\\\/\\\/kidsplay.lt\\\/produktas\\\/nesiojamas-vaiku-puodelis\\\/#primaryimage\"},\"thumbnailUrl\":\"https:\\\/\\\/kidsplay.lt\\\/wp-content\\\/uploads\\\/2025\\\/09\\\/Screenshot_301.png\",\"datePublished\":\"2025-09-22T12:43:07+00:00\",\"dateModified\":\"2025-10-04T19:50:49+00:00\",\"description\":\"Ne\u0161iojamas vaik\u0173 puodelis\",\"breadcrumb\":{\"@id\":\"https:\\\/\\\/kidsplay.lt\\\/produktas\\\/nesiojamas-vaiku-puodelis\\\/#breadcrumb\"},\"inLanguage\":\"lv-LV\",\"potentialAction\":[{\"@type\":\"ReadAction\",\"target\":[\"https:\\\/\\\/kidsplay.lt\\\/produktas\\\/nesiojamas-vaiku-puodelis\\\/\"]}]},{\"@type\":\"ImageObject\",\"inLanguage\":\"lv-LV\",\"@id\":\"https:\\\/\\\/kidsplay.lt\\\/produktas\\\/nesiojamas-vaiku-puodelis\\\/#primaryimage\",\"url\":\"https:\\\/\\\/kidsplay.lt\\\/wp-content\\\/uploads\\\/2025\\\/09\\\/Screenshot_301.png\",\"contentUrl\":\"https:\\\/\\\/kidsplay.lt\\\/wp-content\\\/uploads\\\/2025\\\/09\\\/Screenshot_301.png\",\"width\":623,\"height\":603},{\"@type\":\"BreadcrumbList\",\"@id\":\"https:\\\/\\\/kidsplay.lt\\\/produktas\\\/nesiojamas-vaiku-puodelis\\\/#breadcrumb\",\"itemListElement\":[{\"@type\":\"ListItem\",\"position\":1,\"name\":\"Pagrindinis\",\"item\":\"https:\\\/\\\/kidsplay.lt\\\/\"},{\"@type\":\"ListItem\",\"position\":2,\"name\":\"Parduotuv\u0117\",\"item\":\"https:\\\/\\\/kidsplay.lt\\\/parduotuve\\\/\"},{\"@type\":\"ListItem\",\"position\":3,\"name\":\"Ne\u0161iojamas vaik\u0173 puodelis\"}]},{\"@type\":\"WebSite\",\"@id\":\"https:\\\/\\\/kidsplay.lt\\\/#website\",\"url\":\"https:\\\/\\\/kidsplay.lt\\\/\",\"name\":\"Kidsplay.lt\",\"description\":\"\u012evairios prek\u0117s vaikams\",\"publisher\":{\"@id\":\"https:\\\/\\\/kidsplay.lt\\\/#organization\"},\"alternateName\":\"Kidsplay\",\"potentialAction\":[{\"@type\":\"SearchAction\",\"target\":{\"@type\":\"EntryPoint\",\"urlTemplate\":\"https:\\\/\\\/kidsplay.lt\\\/?s={search_term_string}\"},\"query-input\":{\"@type\":\"PropertyValueSpecification\",\"valueRequired\":true,\"valueName\":\"search_term_string\"}}],\"inLanguage\":\"lv-LV\"},{\"@type\":\"Organization\",\"@id\":\"https:\\\/\\\/kidsplay.lt\\\/#organization\",\"name\":\"KidsPlay\",\"url\":\"https:\\\/\\\/kidsplay.lt\\\/\",\"logo\":{\"@type\":\"ImageObject\",\"inLanguage\":\"lv-LV\",\"@id\":\"https:\\\/\\\/kidsplay.lt\\\/#\\\/schema\\\/logo\\\/image\\\/\",\"url\":\"https:\\\/\\\/kidsplay.lt\\\/wp-content\\\/uploads\\\/2023\\\/07\\\/kidsplay-logo.png\",\"contentUrl\":\"https:\\\/\\\/kidsplay.lt\\\/wp-content\\\/uploads\\\/2023\\\/07\\\/kidsplay-logo.png\",\"width\":451,\"height\":98,\"caption\":\"KidsPlay\"},\"image\":{\"@id\":\"https:\\\/\\\/kidsplay.lt\\\/#\\\/schema\\\/logo\\\/image\\\/\"},\"sameAs\":[\"https:\\\/\\\/www.facebook.com\\\/www.kidsplay.lt\"]}]}<\/script>\n<!-- \/ Yoast SEO plugin. -->","yoast_head_json":{"title":"Ne\u0161iojamas vaik\u0173 puodelis - KidsPlay","description":"P\u0101rn\u0113s\u0101jama b\u0113rnu kr\u016bze","robots":{"index":"index","follow":"follow","max-snippet":"max-snippet:-1","max-image-preview":"max-image-preview:large","max-video-preview":"max-video-preview:-1"},"canonical":"https:\/\/kidsplay.lt\/lv\/products\/nesiojamas-vaiku-puodelis\/","og_locale":"lv_LV","og_type":"article","og_title":"Ne\u0161iojamas vaik\u0173 puodelis - KidsPlay","og_description":"Ne\u0161iojamas vaik\u0173 puodelis","og_url":"https:\/\/kidsplay.lt\/lv\/products\/nesiojamas-vaiku-puodelis\/","og_site_name":"KidsPlay","article_publisher":"https:\/\/www.facebook.com\/www.kidsplay.lt","article_modified_time":"2025-10-04T19:50:49+00:00","og_image":[{"width":623,"height":603,"url":"https:\/\/kidsplay.lt\/wp-content\/uploads\/2025\/09\/Screenshot_301.png","type":"image\/png"}],"twitter_card":"summary_large_image","twitter_misc":{"Est. reading time":"2 min\u016btes"},"schema":{"@context":"https:\/\/schema.org","@graph":[{"@type":"WebPage","@id":"https:\/\/kidsplay.lt\/produktas\/nesiojamas-vaiku-puodelis\/","url":"https:\/\/kidsplay.lt\/produktas\/nesiojamas-vaiku-puodelis\/","name":"Ne\u0161iojamas vaik\u0173 puodelis - KidsPlay","isPartOf":{"@id":"https:\/\/kidsplay.lt\/#website"},"primaryImageOfPage":{"@id":"https:\/\/kidsplay.lt\/produktas\/nesiojamas-vaiku-puodelis\/#primaryimage"},"image":{"@id":"https:\/\/kidsplay.lt\/produktas\/nesiojamas-vaiku-puodelis\/#primaryimage"},"thumbnailUrl":"https:\/\/kidsplay.lt\/wp-content\/uploads\/2025\/09\/Screenshot_301.png","datePublished":"2025-09-22T12:43:07+00:00","dateModified":"2025-10-04T19:50:49+00:00","description":"P\u0101rn\u0113s\u0101jama b\u0113rnu kr\u016bze","breadcrumb":{"@id":"https:\/\/kidsplay.lt\/produktas\/nesiojamas-vaiku-puodelis\/#breadcrumb"},"inLanguage":"lv-LV","potentialAction":[{"@type":"ReadAction","target":["https:\/\/kidsplay.lt\/produktas\/nesiojamas-vaiku-puodelis\/"]}]},{"@type":"ImageObject","inLanguage":"lv-LV","@id":"https:\/\/kidsplay.lt\/produktas\/nesiojamas-vaiku-puodelis\/#primaryimage","url":"https:\/\/kidsplay.lt\/wp-content\/uploads\/2025\/09\/Screenshot_301.png","contentUrl":"https:\/\/kidsplay.lt\/wp-content\/uploads\/2025\/09\/Screenshot_301.png","width":623,"height":603},{"@type":"BreadcrumbList","@id":"https:\/\/kidsplay.lt\/produktas\/nesiojamas-vaiku-puodelis\/#breadcrumb","itemListElement":[{"@type":"ListItem","position":1,"name":"Pagrindinis","item":"https:\/\/kidsplay.lt\/"},{"@type":"ListItem","position":2,"name":"Parduotuv\u0117","item":"https:\/\/kidsplay.lt\/parduotuve\/"},{"@type":"ListItem","position":3,"name":"Ne\u0161iojamas vaik\u0173 puodelis"}]},{"@type":"WebSite","@id":"https:\/\/kidsplay.lt\/#website","url":"https:\/\/kidsplay.lt\/","name":"B\u0113rnu sp\u0113les.lv","description":"\u012evairios prek\u0117s vaikams","publisher":{"@id":"https:\/\/kidsplay.lt\/#organization"},"alternateName":"Kidsplay","potentialAction":[{"@type":"SearchAction","target":{"@type":"EntryPoint","urlTemplate":"https:\/\/kidsplay.lt\/?s={search_term_string}"},"query-input":{"@type":"PropertyValueSpecification","valueRequired":true,"valueName":"search_term_string"}}],"inLanguage":"lv-LV"},{"@type":"Organization","@id":"https:\/\/kidsplay.lt\/#organization","name":"B\u0113rnu sp\u0113le","url":"https:\/\/kidsplay.lt\/","logo":{"@type":"ImageObject","inLanguage":"lv-LV","@id":"https:\/\/kidsplay.lt\/#\/schema\/logo\/image\/","url":"https:\/\/kidsplay.lt\/wp-content\/uploads\/2023\/07\/kidsplay-logo.png","contentUrl":"https:\/\/kidsplay.lt\/wp-content\/uploads\/2023\/07\/kidsplay-logo.png","width":451,"height":98,"caption":"KidsPlay"},"image":{"@id":"https:\/\/kidsplay.lt\/#\/schema\/logo\/image\/"},"sameAs":["https:\/\/www.facebook.com\/www.kidsplay.lt"]}]}},"_links":{"self":[{"href":"https:\/\/kidsplay.lt\/lv\/wp-json\/wp\/v2\/product\/64973","targetHints":{"allow":["GET"]}}],"collection":[{"href":"https:\/\/kidsplay.lt\/lv\/wp-json\/wp\/v2\/product"}],"about":[{"href":"https:\/\/kidsplay.lt\/lv\/wp-json\/wp\/v2\/types\/product"}],"version-history":[{"count":4,"href":"https:\/\/kidsplay.lt\/lv\/wp-json\/wp\/v2\/product\/64973\/revisions"}],"predecessor-version":[{"id":74402,"href":"https:\/\/kidsplay.lt\/lv\/wp-json\/wp\/v2\/product\/64973\/revisions\/74402"}],"wp:featuredmedia":[{"embeddable":true,"href":"https:\/\/kidsplay.lt\/lv\/wp-json\/wp\/v2\/media\/64976"}],"wp:attachment":[{"href":"https:\/\/kidsplay.lt\/lv\/wp-json\/wp\/v2\/media?parent=64973"}],"wp:term":[{"taxonomy":"product_brand","embeddable":true,"href":"https:\/\/kidsplay.lt\/lv\/wp-json\/wp\/v2\/product_brand?post=64973"},{"taxonomy":"product_cat","embeddable":true,"href":"https:\/\/kidsplay.lt\/lv\/wp-json\/wp\/v2\/product_cat?post=64973"},{"taxonomy":"product_tag","embeddable":true,"href":"https:\/\/kidsplay.lt\/lv\/wp-json\/wp\/v2\/product_tag?post=64973"}],"curies":[{"name":"wp","href":"https:\/\/api.w.org\/{rel}","templated":true}]}}