{"id":65010,"date":"2025-09-22T16:08:50","date_gmt":"2025-09-22T13:08:50","guid":{"rendered":"https:\/\/kidsplay.lt\/?post_type=product&#038;p=65010"},"modified":"2025-12-29T18:45:44","modified_gmt":"2025-12-29T16:45:44","slug":"metalines-rogutes-su-miegmaisiu","status":"publish","type":"product","link":"https:\/\/kidsplay.lt\/lv\/products\/metalines-rogutes-su-miegmaisiu\/","title":{"rendered":"Met\u0101la ragavas ar gu\u013cammaisu"},"content":{"rendered":"<div class=\"mpof_ki myre_zn myre_8v_l m389_6m_l\">\n<div class=\"mp4t_16_s mryx_16_s mr3m_1 mli2_1 mh85_56 mh85_0_l\">\n<div class=\"mgn2_16 _0d3bd_am0a-\">\n<h1><span dir=\"auto\">NAUJOS ROGU\u010c\u0116S!<\/span><\/h1>\n<h2><span dir=\"auto\">100% lenki\u0161kas produktas!<\/span><\/h2>\n<p><b><span dir=\"auto\">Bendras apra\u0161ymas:<\/span><\/b><\/p>\n<ul>\n<li><span dir=\"auto\">Pagaminta i\u0161\u00a0\u00a0<\/span><b><span dir=\"auto\">patvari\u0173 metalini\u0173 vamzd\u017ei\u0173<\/span><\/b><span dir=\"auto\">\u00a0\u00a0(skirtingai nei pigesni\u0173 plastikini\u0173 modeli\u0173).<\/span><\/li>\n<li><b><span dir=\"auto\">Vamzd\u017eio skersmuo<\/span><\/b><span dir=\"auto\">\u00a0\u00a0yra iki 2 cm!<\/span><\/li>\n<li><span dir=\"auto\">Labai\u00a0\u00a0<\/span><b><span dir=\"auto\">patogus<\/span><\/b><span dir=\"auto\">\u00a0\u00a0ir \u0161ilt\u0105 or\u0105 i\u0161laikantis\u00a0\u00a0<\/span><b><span dir=\"auto\">miegmai\u0161is<\/span><\/b><span dir=\"auto\">\u00a0\u00a0vaikui.<\/span><\/li>\n<li><span dir=\"auto\">Visa konstrukcija yra itin\u00a0\u00a0<\/span><b><span dir=\"auto\">tvirta<\/span><\/b><span dir=\"auto\">\u00a0,\u00a0\u00a0<\/span><b><span dir=\"auto\">saugi<\/span><\/b><span dir=\"auto\">\u00a0\u00a0ir\u00a0 gerai\u00a0<\/span><b><span dir=\"auto\">laikosi \u017eem\u0117s<\/span><\/b><span dir=\"auto\">\u00a0.<\/span><\/li>\n<li><span dir=\"auto\">Rogu\u010di\u0173 keliamoji galia yra iki\u00a0\u00a0<\/span><b><span dir=\"auto\">110 kg<\/span><\/b><span dir=\"auto\">\u00a0!<\/span><\/li>\n<li><span dir=\"auto\">\u012erengtas\u00a0<\/span><b><span dir=\"auto\">patogus st\u016bmiklis<\/span><\/b><span dir=\"auto\">\u00a0su gumine rankena .<\/span><\/li>\n<li><span dir=\"auto\">Jas gali naudoti tiek\u00a0\u00a0<\/span><b><span dir=\"auto\">vaikai<\/span><\/b><span dir=\"auto\">\u00a0\u00a0, tiek\u00a0\u00a0<\/span><b><span dir=\"auto\">suaugusieji<\/span><\/b><span dir=\"auto\">\u00a0.<\/span><\/li>\n<li><span dir=\"auto\">Lentos pagamintos i\u0161 kietos, patvarios\u00a0\u00a0<\/span><b><span dir=\"auto\">buko medienos<\/span><\/b><span dir=\"auto\">\u00a0.<\/span><\/li>\n<li><b><span dir=\"auto\">Tvirtas audinio dir\u017eelis<\/span><\/b><span dir=\"auto\">\u00a0rog\u0117ms traukti.<\/span><\/li>\n<li><span dir=\"auto\">Siekiant padidinti\u00a0\u00a0<\/span><b><span dir=\"auto\">saugum\u0105,<\/span><\/b><span dir=\"auto\">\u00a0\u00a0b\u0117gikai yra i\u0161skleisti ir suformuoti kaip trapecija.<\/span><\/li>\n<li><b><span dir=\"auto\">Nuimamas atlo\u0161as ir st\u016bmiklis<\/span><\/b><\/li>\n<\/ul>\n<\/div>\n<\/div>\n<div class=\"mp4t_16_s mryx_16_s mr3m_1 mli2_1 mh85_56 mh85_0_l\">\n<div class=\"mg9e_8 mj7a_8 mg9e_0_s mvrt_0_s mj7a_0_s mh36_0_s mzmg_6m munh_16_l m3h2_16_l\">\n<div class=\"mp4t_0 mryx_0 munh_56 m3h2_56\">\n<div class=\"mp7g_oh\"><button class=\"mg9e_0 mvrt_0 mj7a_0 mh36_0 mp4t_0 m3h2_0 mryx_0 munh_0 mqen_m6 mpof_z0 mx7m_0 m7er_k4 mse2_k4 msts_pt\" data-analytics-interaction=\"true\" data-analytics-interaction-label=\"zoomable-image-open\" aria-disabled=\"true\"><img decoding=\"async\" class=\"msub_k4 mupj_5k mjru_k4 mse2_k4 mp7g_f6 mq1m_0 mj7u_0 m7er_k4 mqen_m6 m31c_d8 m0ux_fp lazyloaded\" src=\"https:\/\/a.allegroimg.com\/original\/110ede\/8f548df94d05a5299cb5ec3c30e1\/METALOWE-SANKI-DZIECIECE-Z-OPARCIEM-ZE-SPIWORKIEM-PCHACZ-SOLIDNE-POLSKIE-Model-Colorline-sp\" sizes=\"(min-width: 1200px) 560px, (min-width: 992px) 50vw, 100vw\" srcset=\"https:\/\/a.allegroimg.com\/s360\/110ede\/8f548df94d05a5299cb5ec3c30e1\/METALOWE-SANKI-DZIECIECE-Z-OPARCIEM-ZE-SPIWORKIEM-PCHACZ-SOLIDNE-POLSKIE-Model-Colorline-sp 271w,https:\/\/a.allegroimg.com\/s720\/110ede\/8f548df94d05a5299cb5ec3c30e1\/METALOWE-SANKI-DZIECIECE-Z-OPARCIEM-ZE-SPIWORKIEM-PCHACZ-SOLIDNE-POLSKIE-Model-Colorline-sp 543w,https:\/\/a.allegroimg.com\/s1024\/110ede\/8f548df94d05a5299cb5ec3c30e1\/METALOWE-SANKI-DZIECIECE-Z-OPARCIEM-ZE-SPIWORKIEM-PCHACZ-SOLIDNE-POLSKIE-Model-Colorline-sp 773w,https:\/\/a.allegroimg.com\/original\/110ede\/8f548df94d05a5299cb5ec3c30e1\/METALOWE-SANKI-DZIECIECE-Z-OPARCIEM-ZE-SPIWORKIEM-PCHACZ-SOLIDNE-POLSKIE-Model-Colorline-sp 773w\" alt=\"VAIKI\u0160KOS METALIN\u0116S ROGU\u010c\u0116S SU ATLO\u0160U, MIEGMAI\u0160IU + ST\u016aMIKLIU, TIKRAS POLIRAVIMAS, Modelis Colorline \u015bp\" width=\"773px\" data-srcset=\"\" \/><\/button><\/div>\n<\/div>\n<\/div>\n<\/div>\n<\/div>\n<div class=\"mpof_ki myre_zn myre_8v_l m389_6m_l\">\n<div class=\"mp4t_16_s mryx_16_s mr3m_1 mli2_1 mh85_56 mh85_0_l\">\n<div class=\"mg9e_8 mj7a_8 mg9e_0_s mvrt_0_s mj7a_0_s mh36_0_s mzmg_6m munh_16_l m3h2_16_l\">\n<div class=\"mp4t_0 mryx_0 munh_56 m3h2_56\">\n<div class=\"mp7g_oh\"><button class=\"mg9e_0 mvrt_0 mj7a_0 mh36_0 mp4t_0 m3h2_0 mryx_0 munh_0 mqen_m6 mpof_z0 mx7m_0 m7er_k4 mse2_k4 msts_pt\" data-analytics-interaction=\"true\" data-analytics-interaction-label=\"zoomable-image-open\" aria-disabled=\"true\"><img decoding=\"async\" class=\"msub_k4 mupj_5k mjru_k4 mse2_k4 mp7g_f6 mq1m_0 mj7u_0 m7er_k4 mqen_m6 m31c_d8 m0ux_fp lazyloaded\" src=\"https:\/\/a.allegroimg.com\/original\/1102fb\/e9ec97f842559491514bbbc6bd12\/METALOWE-SANKI-DZIECIECE-Z-OPARCIEM-ZE-SPIWORKIEM-PCHACZ-SOLIDNE-POLSKIE-Marka-Colorline\" sizes=\"(min-width: 1200px) 560px, (min-width: 992px) 50vw, 100vw\" srcset=\"https:\/\/a.allegroimg.com\/s360\/1102fb\/e9ec97f842559491514bbbc6bd12\/METALOWE-SANKI-DZIECIECE-Z-OPARCIEM-ZE-SPIWORKIEM-PCHACZ-SOLIDNE-POLSKIE-Marka-Colorline 226w,https:\/\/a.allegroimg.com\/s720\/1102fb\/e9ec97f842559491514bbbc6bd12\/METALOWE-SANKI-DZIECIECE-Z-OPARCIEM-ZE-SPIWORKIEM-PCHACZ-SOLIDNE-POLSKIE-Marka-Colorline 452w,https:\/\/a.allegroimg.com\/s1024\/1102fb\/e9ec97f842559491514bbbc6bd12\/METALOWE-SANKI-DZIECIECE-Z-OPARCIEM-ZE-SPIWORKIEM-PCHACZ-SOLIDNE-POLSKIE-Marka-Colorline 644w,https:\/\/a.allegroimg.com\/original\/1102fb\/e9ec97f842559491514bbbc6bd12\/METALOWE-SANKI-DZIECIECE-Z-OPARCIEM-ZE-SPIWORKIEM-PCHACZ-SOLIDNE-POLSKIE-Marka-Colorline 644w\" alt=\"VAIKI\u0160KOS METALIN\u0116S ROGU\u010c\u0116S SU ATLO\u0160U, MIEGMAI\u0160IU + ST\u016aMIKLIU, TVIRTOS, POLIRUOTOS, \u201eColorline\u201c prek\u0117s \u017eenklo\" width=\"644px\" data-srcset=\"\" \/><\/button><\/div>\n<\/div>\n<\/div>\n<\/div>\n<div class=\"mp4t_16_s mryx_16_s mr3m_1 mli2_1 mh85_56 mh85_0_l\">\n<div class=\"mgn2_16 _0d3bd_am0a-\">\n<p><b><span dir=\"auto\">Ragavu izm\u0113ri:<\/span><\/b><\/p>\n<ul>\n<li><span dir=\"auto\">ilgis: 92 cm<\/span><\/li>\n<li><span dir=\"auto\">Plotis tarp b\u0117gi\u0173: 40 cm<\/span><\/li>\n<li><span dir=\"auto\">s\u0117dyn\u0117s auk\u0161tis: 21 cm<\/span><\/li>\n<\/ul>\n<p><b><span dir=\"auto\">S\u0113dek\u013ca izm\u0113ri:<\/span><\/b><\/p>\n<ul>\n<li><span dir=\"auto\">ilgis: 60 cm<\/span><\/li>\n<li><span dir=\"auto\">plotis: 21 cm<\/span><\/li>\n<\/ul>\n<p><b><span dir=\"auto\">Miegmai\u0161io matmenys:<\/span><\/b><\/p>\n<ul>\n<li><span dir=\"auto\">ilgis: 91 cm<\/span><\/li>\n<li><span dir=\"auto\">plotis: 47 cm<\/span><\/li>\n<\/ul>\n<\/div>\n<\/div>\n<\/div>\n<div class=\"mpof_ki myre_zn myre_8v_l m389_6m_l\">\n<div class=\"mp4t_16_s mryx_16_s mr3m_1 mli2_1 mh85_56 mh85_0_l\">\n<div class=\"mg9e_8 mj7a_8 mg9e_0_s mvrt_0_s mj7a_0_s mh36_0_s mzmg_6m munh_16_l m3h2_16_l\">\n<div class=\"mp4t_0 mryx_0 munh_56 m3h2_56\">\n<div class=\"mp7g_oh\"><button class=\"mg9e_0 mvrt_0 mj7a_0 mh36_0 mp4t_0 m3h2_0 mryx_0 munh_0 mqen_m6 mpof_z0 mx7m_0 m7er_k4 mse2_k4 msts_pt\" data-analytics-interaction=\"true\" data-analytics-interaction-label=\"zoomable-image-open\" aria-disabled=\"true\"><img decoding=\"async\" class=\"msub_k4 mupj_5k mjru_k4 mse2_k4 mp7g_f6 mq1m_0 mj7u_0 m7er_k4 mqen_m6 m31c_d8 m0ux_fp lazyloaded\" src=\"https:\/\/a.allegroimg.com\/original\/112b5b\/b0bc0e1c491aa3313e08f484eb22\/METALOWE-SANKI-DZIECIECE-Z-OPARCIEM-ZE-SPIWORKIEM-PCHACZ-SOLIDNE-POLSKIE-Kod-producenta-cie-sp\" sizes=\"100vw\" srcset=\"https:\/\/a.allegroimg.com\/s360\/112b5b\/b0bc0e1c491aa3313e08f484eb22\/METALOWE-SANKI-DZIECIECE-Z-OPARCIEM-ZE-SPIWORKIEM-PCHACZ-SOLIDNE-POLSKIE-Kod-producenta-cie-sp 262w,https:\/\/a.allegroimg.com\/s720\/112b5b\/b0bc0e1c491aa3313e08f484eb22\/METALOWE-SANKI-DZIECIECE-Z-OPARCIEM-ZE-SPIWORKIEM-PCHACZ-SOLIDNE-POLSKIE-Kod-producenta-cie-sp 525w,https:\/\/a.allegroimg.com\/s1024\/112b5b\/b0bc0e1c491aa3313e08f484eb22\/METALOWE-SANKI-DZIECIECE-Z-OPARCIEM-ZE-SPIWORKIEM-PCHACZ-SOLIDNE-POLSKIE-Kod-producenta-cie-sp 748w,https:\/\/a.allegroimg.com\/original\/112b5b\/b0bc0e1c491aa3313e08f484eb22\/METALOWE-SANKI-DZIECIECE-Z-OPARCIEM-ZE-SPIWORKIEM-PCHACZ-SOLIDNE-POLSKIE-Kod-producenta-cie-sp 748w\" alt=\"VAIKI\u0160KOS METALIN\u0116S ROGU\u010c\u0116S SU ATLO\u0160U, MIEGMAI\u0160IU + ST\u016aMIKLIU, TIEK POLIRUOTAS Gamintojo kodas cie \u015bp\" width=\"748px\" data-srcset=\"\" \/><\/button><\/div>\n<\/div>\n<\/div>\n<\/div>\n<\/div>\n<div class=\"mpof_ki myre_zn myre_8v_l m389_6m_l\">\n<div class=\"mp4t_16_s mryx_16_s mr3m_1 mli2_1 mh85_56 mh85_0_l\">\n<div class=\"mg9e_8 mj7a_8 mg9e_0_s mvrt_0_s mj7a_0_s mh36_0_s mzmg_6m munh_16_l m3h2_16_l\">\n<div class=\"mp4t_0 mryx_0 munh_56 m3h2_56\">\n<div class=\"mp7g_oh\"><button class=\"mg9e_0 mvrt_0 mj7a_0 mh36_0 mp4t_0 m3h2_0 mryx_0 munh_0 mqen_m6 mpof_z0 mx7m_0 m7er_k4 mse2_k4 msts_pt\" data-analytics-interaction=\"true\" data-analytics-interaction-label=\"zoomable-image-open\" aria-disabled=\"true\"><img decoding=\"async\" class=\"msub_k4 mupj_5k mjru_k4 mse2_k4 mp7g_f6 mq1m_0 mj7u_0 m7er_k4 mqen_m6 m31c_d8 m0ux_fp lazyloaded\" src=\"https:\/\/a.allegroimg.com\/original\/11faf5\/07e06a9549cab4c61df61d50c365\/METALOWE-SANKI-DZIECIECE-Z-OPARCIEM-ZE-SPIWORKIEM-PCHACZ-SOLIDNE-POLSKIE-Waga-produktu-z-opakowaniem-jednostkowym-7-kg\" sizes=\"100vw\" srcset=\"https:\/\/a.allegroimg.com\/s360\/11faf5\/07e06a9549cab4c61df61d50c365\/METALOWE-SANKI-DZIECIECE-Z-OPARCIEM-ZE-SPIWORKIEM-PCHACZ-SOLIDNE-POLSKIE-Waga-produktu-z-opakowaniem-jednostkowym-7-kg 360w,https:\/\/a.allegroimg.com\/s720\/11faf5\/07e06a9549cab4c61df61d50c365\/METALOWE-SANKI-DZIECIECE-Z-OPARCIEM-ZE-SPIWORKIEM-PCHACZ-SOLIDNE-POLSKIE-Waga-produktu-z-opakowaniem-jednostkowym-7-kg 720w,https:\/\/a.allegroimg.com\/s1024\/11faf5\/07e06a9549cab4c61df61d50c365\/METALOWE-SANKI-DZIECIECE-Z-OPARCIEM-ZE-SPIWORKIEM-PCHACZ-SOLIDNE-POLSKIE-Waga-produktu-z-opakowaniem-jednostkowym-7-kg 1000w,https:\/\/a.allegroimg.com\/original\/11faf5\/07e06a9549cab4c61df61d50c365\/METALOWE-SANKI-DZIECIECE-Z-OPARCIEM-ZE-SPIWORKIEM-PCHACZ-SOLIDNE-POLSKIE-Waga-produktu-z-opakowaniem-jednostkowym-7-kg 1000w\" alt=\"VAIKI\u0160KOS METALIN\u0116S ROGU\u010c\u0116S SU ATLO\u0160U, MIEGMAI\u0160IU + ST\u016aMIKLIU, TIEK POLIRUOTAS. Produkto svoris su individualia pakuote 7 kg.\" width=\"1000px\" data-srcset=\"\" \/><\/button><\/div>\n<\/div>\n<\/div>\n<\/div>\n<\/div>","protected":false},"excerpt":{"rendered":"<p>Met\u0101la ragavas ar gu\u013cammaisu<\/p>","protected":false},"featured_media":65011,"template":"","meta":{"_acf_changed":false,"_glsr_average":0,"_glsr_ranking":0,"_glsr_reviews":0},"product_brand":[],"product_cat":[297],"product_tag":[],"class_list":{"0":"post-65010","1":"product","2":"type-product","3":"status-publish","4":"has-post-thumbnail","6":"product_cat-ziemos-pramogos","7":"\"style=\"background-color: #2ecc711c;\"","9":"first","10":"instock","11":"sale","12":"shipping-taxable","13":"purchasable","14":"product-type-simple"},"acf":[],"yoast_head":"<!-- This site is optimized with the Yoast SEO plugin v27.4 - https:\/\/yoast.com\/product\/yoast-seo-wordpress\/ -->\n<title>Metalin\u0117s rogut\u0117s su miegmai\u0161iu - KidsPlay<\/title>\n<meta name=\"description\" content=\"Metalin\u0117s rogut\u0117s su miegmai\u0161iu\" \/>\n<meta name=\"robots\" content=\"index, follow, max-snippet:-1, max-image-preview:large, max-video-preview:-1\" \/>\n<link rel=\"canonical\" href=\"https:\/\/kidsplay.lt\/lv\/products\/metalines-rogutes-su-miegmaisiu\/\" \/>\n<meta property=\"og:locale\" content=\"lv_LV\" \/>\n<meta property=\"og:type\" content=\"article\" \/>\n<meta property=\"og:title\" content=\"Metalin\u0117s rogut\u0117s su miegmai\u0161iu - KidsPlay\" \/>\n<meta property=\"og:description\" content=\"Metalin\u0117s rogut\u0117s su miegmai\u0161iu\" \/>\n<meta property=\"og:url\" content=\"https:\/\/kidsplay.lt\/lv\/products\/metalines-rogutes-su-miegmaisiu\/\" \/>\n<meta property=\"og:site_name\" content=\"KidsPlay\" \/>\n<meta property=\"article:publisher\" content=\"https:\/\/www.facebook.com\/www.kidsplay.lt\" \/>\n<meta property=\"article:modified_time\" content=\"2025-12-29T16:45:44+00:00\" \/>\n<meta property=\"og:image\" content=\"https:\/\/kidsplay.lt\/wp-content\/uploads\/2025\/09\/Screenshot_322.png\" \/>\n\t<meta property=\"og:image:width\" content=\"628\" \/>\n\t<meta property=\"og:image:height\" content=\"503\" \/>\n\t<meta property=\"og:image:type\" content=\"image\/png\" \/>\n<meta name=\"twitter:card\" content=\"summary_large_image\" \/>\n<meta name=\"twitter:label1\" content=\"Est. reading time\" \/>\n\t<meta name=\"twitter:data1\" content=\"2 min\u016btes\" \/>\n<script type=\"application\/ld+json\" class=\"yoast-schema-graph\">{\"@context\":\"https:\\\/\\\/schema.org\",\"@graph\":[{\"@type\":\"WebPage\",\"@id\":\"https:\\\/\\\/kidsplay.lt\\\/produktas\\\/metalines-rogutes-su-miegmaisiu\\\/\",\"url\":\"https:\\\/\\\/kidsplay.lt\\\/produktas\\\/metalines-rogutes-su-miegmaisiu\\\/\",\"name\":\"Metalin\u0117s rogut\u0117s su miegmai\u0161iu - KidsPlay\",\"isPartOf\":{\"@id\":\"https:\\\/\\\/kidsplay.lt\\\/#website\"},\"primaryImageOfPage\":{\"@id\":\"https:\\\/\\\/kidsplay.lt\\\/produktas\\\/metalines-rogutes-su-miegmaisiu\\\/#primaryimage\"},\"image\":{\"@id\":\"https:\\\/\\\/kidsplay.lt\\\/produktas\\\/metalines-rogutes-su-miegmaisiu\\\/#primaryimage\"},\"thumbnailUrl\":\"https:\\\/\\\/kidsplay.lt\\\/wp-content\\\/uploads\\\/2025\\\/09\\\/Screenshot_322.png\",\"datePublished\":\"2025-09-22T13:08:50+00:00\",\"dateModified\":\"2025-12-29T16:45:44+00:00\",\"description\":\"Metalin\u0117s rogut\u0117s su miegmai\u0161iu\",\"breadcrumb\":{\"@id\":\"https:\\\/\\\/kidsplay.lt\\\/produktas\\\/metalines-rogutes-su-miegmaisiu\\\/#breadcrumb\"},\"inLanguage\":\"lv-LV\",\"potentialAction\":[{\"@type\":\"ReadAction\",\"target\":[\"https:\\\/\\\/kidsplay.lt\\\/produktas\\\/metalines-rogutes-su-miegmaisiu\\\/\"]}]},{\"@type\":\"ImageObject\",\"inLanguage\":\"lv-LV\",\"@id\":\"https:\\\/\\\/kidsplay.lt\\\/produktas\\\/metalines-rogutes-su-miegmaisiu\\\/#primaryimage\",\"url\":\"https:\\\/\\\/kidsplay.lt\\\/wp-content\\\/uploads\\\/2025\\\/09\\\/Screenshot_322.png\",\"contentUrl\":\"https:\\\/\\\/kidsplay.lt\\\/wp-content\\\/uploads\\\/2025\\\/09\\\/Screenshot_322.png\",\"width\":628,\"height\":503},{\"@type\":\"BreadcrumbList\",\"@id\":\"https:\\\/\\\/kidsplay.lt\\\/produktas\\\/metalines-rogutes-su-miegmaisiu\\\/#breadcrumb\",\"itemListElement\":[{\"@type\":\"ListItem\",\"position\":1,\"name\":\"Pagrindinis\",\"item\":\"https:\\\/\\\/kidsplay.lt\\\/\"},{\"@type\":\"ListItem\",\"position\":2,\"name\":\"Parduotuv\u0117\",\"item\":\"https:\\\/\\\/kidsplay.lt\\\/parduotuve\\\/\"},{\"@type\":\"ListItem\",\"position\":3,\"name\":\"Metalin\u0117s rogut\u0117s su miegmai\u0161iu\"}]},{\"@type\":\"WebSite\",\"@id\":\"https:\\\/\\\/kidsplay.lt\\\/#website\",\"url\":\"https:\\\/\\\/kidsplay.lt\\\/\",\"name\":\"Kidsplay.lt\",\"description\":\"\u012evairios prek\u0117s vaikams\",\"publisher\":{\"@id\":\"https:\\\/\\\/kidsplay.lt\\\/#organization\"},\"alternateName\":\"Kidsplay\",\"potentialAction\":[{\"@type\":\"SearchAction\",\"target\":{\"@type\":\"EntryPoint\",\"urlTemplate\":\"https:\\\/\\\/kidsplay.lt\\\/?s={search_term_string}\"},\"query-input\":{\"@type\":\"PropertyValueSpecification\",\"valueRequired\":true,\"valueName\":\"search_term_string\"}}],\"inLanguage\":\"lv-LV\"},{\"@type\":\"Organization\",\"@id\":\"https:\\\/\\\/kidsplay.lt\\\/#organization\",\"name\":\"KidsPlay\",\"url\":\"https:\\\/\\\/kidsplay.lt\\\/\",\"logo\":{\"@type\":\"ImageObject\",\"inLanguage\":\"lv-LV\",\"@id\":\"https:\\\/\\\/kidsplay.lt\\\/#\\\/schema\\\/logo\\\/image\\\/\",\"url\":\"https:\\\/\\\/kidsplay.lt\\\/wp-content\\\/uploads\\\/2023\\\/07\\\/kidsplay-logo.png\",\"contentUrl\":\"https:\\\/\\\/kidsplay.lt\\\/wp-content\\\/uploads\\\/2023\\\/07\\\/kidsplay-logo.png\",\"width\":451,\"height\":98,\"caption\":\"KidsPlay\"},\"image\":{\"@id\":\"https:\\\/\\\/kidsplay.lt\\\/#\\\/schema\\\/logo\\\/image\\\/\"},\"sameAs\":[\"https:\\\/\\\/www.facebook.com\\\/www.kidsplay.lt\"]}]}<\/script>\n<!-- \/ Yoast SEO plugin. -->","yoast_head_json":{"title":"Metalin\u0117s rogut\u0117s su miegmai\u0161iu - KidsPlay","description":"Met\u0101la ragavas ar gu\u013cammaisu","robots":{"index":"index","follow":"follow","max-snippet":"max-snippet:-1","max-image-preview":"max-image-preview:large","max-video-preview":"max-video-preview:-1"},"canonical":"https:\/\/kidsplay.lt\/lv\/products\/metalines-rogutes-su-miegmaisiu\/","og_locale":"lv_LV","og_type":"article","og_title":"Metalin\u0117s rogut\u0117s su miegmai\u0161iu - KidsPlay","og_description":"Metalin\u0117s rogut\u0117s su miegmai\u0161iu","og_url":"https:\/\/kidsplay.lt\/lv\/products\/metalines-rogutes-su-miegmaisiu\/","og_site_name":"KidsPlay","article_publisher":"https:\/\/www.facebook.com\/www.kidsplay.lt","article_modified_time":"2025-12-29T16:45:44+00:00","og_image":[{"width":628,"height":503,"url":"https:\/\/kidsplay.lt\/wp-content\/uploads\/2025\/09\/Screenshot_322.png","type":"image\/png"}],"twitter_card":"summary_large_image","twitter_misc":{"Est. reading time":"2 min\u016btes"},"schema":{"@context":"https:\/\/schema.org","@graph":[{"@type":"WebPage","@id":"https:\/\/kidsplay.lt\/produktas\/metalines-rogutes-su-miegmaisiu\/","url":"https:\/\/kidsplay.lt\/produktas\/metalines-rogutes-su-miegmaisiu\/","name":"Metalin\u0117s rogut\u0117s su miegmai\u0161iu - KidsPlay","isPartOf":{"@id":"https:\/\/kidsplay.lt\/#website"},"primaryImageOfPage":{"@id":"https:\/\/kidsplay.lt\/produktas\/metalines-rogutes-su-miegmaisiu\/#primaryimage"},"image":{"@id":"https:\/\/kidsplay.lt\/produktas\/metalines-rogutes-su-miegmaisiu\/#primaryimage"},"thumbnailUrl":"https:\/\/kidsplay.lt\/wp-content\/uploads\/2025\/09\/Screenshot_322.png","datePublished":"2025-09-22T13:08:50+00:00","dateModified":"2025-12-29T16:45:44+00:00","description":"Met\u0101la ragavas ar gu\u013cammaisu","breadcrumb":{"@id":"https:\/\/kidsplay.lt\/produktas\/metalines-rogutes-su-miegmaisiu\/#breadcrumb"},"inLanguage":"lv-LV","potentialAction":[{"@type":"ReadAction","target":["https:\/\/kidsplay.lt\/produktas\/metalines-rogutes-su-miegmaisiu\/"]}]},{"@type":"ImageObject","inLanguage":"lv-LV","@id":"https:\/\/kidsplay.lt\/produktas\/metalines-rogutes-su-miegmaisiu\/#primaryimage","url":"https:\/\/kidsplay.lt\/wp-content\/uploads\/2025\/09\/Screenshot_322.png","contentUrl":"https:\/\/kidsplay.lt\/wp-content\/uploads\/2025\/09\/Screenshot_322.png","width":628,"height":503},{"@type":"BreadcrumbList","@id":"https:\/\/kidsplay.lt\/produktas\/metalines-rogutes-su-miegmaisiu\/#breadcrumb","itemListElement":[{"@type":"ListItem","position":1,"name":"Pagrindinis","item":"https:\/\/kidsplay.lt\/"},{"@type":"ListItem","position":2,"name":"Parduotuv\u0117","item":"https:\/\/kidsplay.lt\/parduotuve\/"},{"@type":"ListItem","position":3,"name":"Metalin\u0117s rogut\u0117s su miegmai\u0161iu"}]},{"@type":"WebSite","@id":"https:\/\/kidsplay.lt\/#website","url":"https:\/\/kidsplay.lt\/","name":"B\u0113rnu sp\u0113les.lv","description":"\u012evairios prek\u0117s vaikams","publisher":{"@id":"https:\/\/kidsplay.lt\/#organization"},"alternateName":"Kidsplay","potentialAction":[{"@type":"SearchAction","target":{"@type":"EntryPoint","urlTemplate":"https:\/\/kidsplay.lt\/?s={search_term_string}"},"query-input":{"@type":"PropertyValueSpecification","valueRequired":true,"valueName":"search_term_string"}}],"inLanguage":"lv-LV"},{"@type":"Organization","@id":"https:\/\/kidsplay.lt\/#organization","name":"B\u0113rnu sp\u0113le","url":"https:\/\/kidsplay.lt\/","logo":{"@type":"ImageObject","inLanguage":"lv-LV","@id":"https:\/\/kidsplay.lt\/#\/schema\/logo\/image\/","url":"https:\/\/kidsplay.lt\/wp-content\/uploads\/2023\/07\/kidsplay-logo.png","contentUrl":"https:\/\/kidsplay.lt\/wp-content\/uploads\/2023\/07\/kidsplay-logo.png","width":451,"height":98,"caption":"KidsPlay"},"image":{"@id":"https:\/\/kidsplay.lt\/#\/schema\/logo\/image\/"},"sameAs":["https:\/\/www.facebook.com\/www.kidsplay.lt"]}]}},"_links":{"self":[{"href":"https:\/\/kidsplay.lt\/lv\/wp-json\/wp\/v2\/product\/65010","targetHints":{"allow":["GET"]}}],"collection":[{"href":"https:\/\/kidsplay.lt\/lv\/wp-json\/wp\/v2\/product"}],"about":[{"href":"https:\/\/kidsplay.lt\/lv\/wp-json\/wp\/v2\/types\/product"}],"version-history":[{"count":2,"href":"https:\/\/kidsplay.lt\/lv\/wp-json\/wp\/v2\/product\/65010\/revisions"}],"predecessor-version":[{"id":74093,"href":"https:\/\/kidsplay.lt\/lv\/wp-json\/wp\/v2\/product\/65010\/revisions\/74093"}],"wp:featuredmedia":[{"embeddable":true,"href":"https:\/\/kidsplay.lt\/lv\/wp-json\/wp\/v2\/media\/65011"}],"wp:attachment":[{"href":"https:\/\/kidsplay.lt\/lv\/wp-json\/wp\/v2\/media?parent=65010"}],"wp:term":[{"taxonomy":"product_brand","embeddable":true,"href":"https:\/\/kidsplay.lt\/lv\/wp-json\/wp\/v2\/product_brand?post=65010"},{"taxonomy":"product_cat","embeddable":true,"href":"https:\/\/kidsplay.lt\/lv\/wp-json\/wp\/v2\/product_cat?post=65010"},{"taxonomy":"product_tag","embeddable":true,"href":"https:\/\/kidsplay.lt\/lv\/wp-json\/wp\/v2\/product_tag?post=65010"}],"curies":[{"name":"wp","href":"https:\/\/api.w.org\/{rel}","templated":true}]}}