{"id":65174,"date":"2025-09-23T12:27:33","date_gmt":"2025-09-23T09:27:33","guid":{"rendered":"https:\/\/kidsplay.lt\/?post_type=product&#038;p=65174"},"modified":"2026-01-23T08:28:20","modified_gmt":"2026-01-23T06:28:20","slug":"didele-baltai-pilka-zaislu-lentyna","status":"publish","type":"product","link":"https:\/\/kidsplay.lt\/lv\/products\/didele-baltai-pilka-zaislu-lentyna\/","title":{"rendered":"Liels balti pel\u0113ks rota\u013clietu plaukts"},"content":{"rendered":"<div class=\"mpof_ki myre_zn myre_8v_l m389_6m_l\">\n<div class=\"mp4t_16_s mryx_16_s mr3m_1 mli2_1 mh85_56 mh85_0_l\">\n<div class=\"mgn2_16 _0d3bd_am0a-\">\n<h1><span dir=\"auto\">Didel\u0117s pilkos ir baltos lentynos-organizavimo konteineriai vaikams<\/span><\/h1>\n<\/div>\n<\/div>\n<\/div>\n<div class=\"mpof_ki myre_zn myre_8v_l m389_6m_l\">\n<div class=\"mp4t_16_s mryx_16_s mr3m_1 mli2_1 mh85_56 mh85_0_l\">\n<div class=\"mg9e_8 mj7a_8 mg9e_0_s mvrt_0_s mj7a_0_s mh36_0_s mzmg_6m munh_16_l m3h2_16_l\">\n<div class=\"mp4t_0 mryx_0 munh_56 m3h2_56\">\n<div class=\"mp7g_oh\"><button class=\"mg9e_0 mvrt_0 mj7a_0 mh36_0 mp4t_0 m3h2_0 mryx_0 munh_0 mqen_m6 mpof_z0 mx7m_0 m7er_k4 mse2_k4 msts_pt\" data-analytics-interaction=\"true\" data-analytics-interaction-label=\"zoomable-image-open\" aria-disabled=\"true\"><img decoding=\"async\" class=\"msub_k4 mupj_5k mjru_k4 mse2_k4 mp7g_f6 mq1m_0 mj7u_0 m7er_k4 mqen_m6 m31c_d8 m0ux_fp lazyloaded\" src=\"https:\/\/a.allegroimg.com\/original\/11bc70\/e6dd98aa4b13acebc44525850a49\/DUZY-SIWY-SZARY-BIALY-REGAL-ORGANIZER-POJEMNIKI-NA-ZABAWKI-POLKA-DLA-DZIECI\" sizes=\"(min-width: 1200px) 560px, (min-width: 992px) 50vw, 100vw\" srcset=\"https:\/\/a.allegroimg.com\/s360\/11bc70\/e6dd98aa4b13acebc44525850a49\/DUZY-SIWY-SZARY-BIALY-REGAL-ORGANIZER-POJEMNIKI-NA-ZABAWKI-POLKA-DLA-DZIECI 360w,https:\/\/a.allegroimg.com\/s720\/11bc70\/e6dd98aa4b13acebc44525850a49\/DUZY-SIWY-SZARY-BIALY-REGAL-ORGANIZER-POJEMNIKI-NA-ZABAWKI-POLKA-DLA-DZIECI 720w,https:\/\/a.allegroimg.com\/s1024\/11bc70\/e6dd98aa4b13acebc44525850a49\/DUZY-SIWY-SZARY-BIALY-REGAL-ORGANIZER-POJEMNIKI-NA-ZABAWKI-POLKA-DLA-DZIECI 1024w,https:\/\/a.allegroimg.com\/s1440\/11bc70\/e6dd98aa4b13acebc44525850a49\/DUZY-SIWY-SZARY-BIALY-REGAL-ORGANIZER-POJEMNIKI-NA-ZABAWKI-POLKA-DLA-DZIECI 1440w,https:\/\/a.allegroimg.com\/original\/11bc70\/e6dd98aa4b13acebc44525850a49\/DUZY-SIWY-SZARY-BIALY-REGAL-ORGANIZER-POJEMNIKI-NA-ZABAWKI-POLKA-DLA-DZIECI 1600w\" alt=\"Didel\u0117 pilka pilka balta lentyna-organizatorius \u017eaisl\u0173 d\u0117\u017e\u0117ms vaikams\" width=\"1600px\" data-srcset=\"\" \/><\/button><\/div>\n<\/div>\n<\/div>\n<\/div>\n<div class=\"mp4t_16_s mryx_16_s mr3m_1 mli2_1 mh85_56 mh85_0_l\">\n<div class=\"mgn2_16 _0d3bd_am0a-\">\n<p><span dir=\"auto\">LENTYNOS &#8211; KONTEINERIAI<\/span><\/p>\n<ul>\n<li><span dir=\"auto\">Komodoje yra 9 \u012fvairi\u0173 dyd\u017ei\u0173 audini\u0173 konteineriai.<\/span><\/li>\n<li><span dir=\"auto\">Tvirta ir stabili medin\u0117 konstrukcija u\u017etikrina ilg\u0105 tarnavimo laik\u0105.<\/span><\/li>\n<li><span dir=\"auto\">Gra\u017e\u016bs, skaidr\u016bs da\u017eai.<\/span><\/li>\n<li><span dir=\"auto\">Tai unikalus organizatorius, kuris pavers j\u016bs\u0173 kambario tvarkym\u0105 ir \u017eaisl\u0173 tvarkym\u0105 tikru malonumu.<\/span><\/li>\n<li><span dir=\"auto\">Lentyn\u0173 \u0161on\u0173 spalva: balta<\/span><\/li>\n<li><span dir=\"auto\">Pilk\u0173 atspalvi\u0173 konteineriai.<\/span><\/li>\n<li><span dir=\"auto\">Matmenys: plotis 82 cm x auk\u0161tis 60 cm, gylis 30 cm<\/span><\/li>\n<li><span dir=\"auto\">Didelis konteineris: plotis 39,5 cm, gylis 25,5 cm, auk\u0161tis 24,5 cm<\/span><\/li>\n<li><span dir=\"auto\">Vidutinio dyd\u017eio konteinerio plotis 26 cm, gylis 25,5 cm, auk\u0161tis 15,5 cm<\/span><\/li>\n<li><span dir=\"auto\">Ma\u017eo indo plotis 19,5 cm, dirvo\u017eemio 25,5 cm, auk\u0161\u010dio 15,5 cm<\/span><\/li>\n<li><span dir=\"auto\">Baldai skirti vaikams nuo 3 met\u0173 am\u017eiaus.<\/span><\/li>\n<li><span dir=\"auto\">Tikrosios lentynos spalvos gali \u0161iek tiek skirtis nuo nuotraukoje pavaizduot\u0173. Tai gali skirtis priklausomai nuo monitoriaus nustatym\u0173.<\/span><\/li>\n<\/ul>\n<\/div>\n<\/div>\n<\/div>\n<div class=\"mpof_ki myre_zn myre_8v_l m389_6m_l\">\n<div class=\"mp4t_16_s mryx_16_s mr3m_1 mli2_1 mh85_56 mh85_0_l\">\n<div class=\"mg9e_8 mj7a_8 mg9e_0_s mvrt_0_s mj7a_0_s mh36_0_s mzmg_6m munh_16_l m3h2_16_l\">\n<div class=\"mp4t_0 mryx_0 munh_56 m3h2_56\">\n<div class=\"mp7g_oh\"><button class=\"mg9e_0 mvrt_0 mj7a_0 mh36_0 mp4t_0 m3h2_0 mryx_0 munh_0 mqen_m6 mpof_z0 mx7m_0 m7er_k4 mse2_k4 msts_pt\" data-analytics-interaction=\"true\" data-analytics-interaction-label=\"zoomable-image-open\" aria-disabled=\"true\"><img decoding=\"async\" class=\"msub_k4 mupj_5k mjru_k4 mse2_k4 mp7g_f6 mq1m_0 mj7u_0 m7er_k4 mqen_m6 m31c_d8 m0ux_fp lazyloaded\" src=\"https:\/\/a.allegroimg.com\/original\/11bc70\/e6dd98aa4b13acebc44525850a49\/DUZY-SIWY-SZARY-BIALY-REGAL-ORGANIZER-POJEMNIKI-NA-ZABAWKI-POLKA-DLA-DZIECI\" sizes=\"100vw\" srcset=\"https:\/\/a.allegroimg.com\/s360\/11bc70\/e6dd98aa4b13acebc44525850a49\/DUZY-SIWY-SZARY-BIALY-REGAL-ORGANIZER-POJEMNIKI-NA-ZABAWKI-POLKA-DLA-DZIECI 360w,https:\/\/a.allegroimg.com\/s720\/11bc70\/e6dd98aa4b13acebc44525850a49\/DUZY-SIWY-SZARY-BIALY-REGAL-ORGANIZER-POJEMNIKI-NA-ZABAWKI-POLKA-DLA-DZIECI 720w,https:\/\/a.allegroimg.com\/s1024\/11bc70\/e6dd98aa4b13acebc44525850a49\/DUZY-SIWY-SZARY-BIALY-REGAL-ORGANIZER-POJEMNIKI-NA-ZABAWKI-POLKA-DLA-DZIECI 1024w,https:\/\/a.allegroimg.com\/s1440\/11bc70\/e6dd98aa4b13acebc44525850a49\/DUZY-SIWY-SZARY-BIALY-REGAL-ORGANIZER-POJEMNIKI-NA-ZABAWKI-POLKA-DLA-DZIECI 1440w,https:\/\/a.allegroimg.com\/original\/11bc70\/e6dd98aa4b13acebc44525850a49\/DUZY-SIWY-SZARY-BIALY-REGAL-ORGANIZER-POJEMNIKI-NA-ZABAWKI-POLKA-DLA-DZIECI 1600w\" alt=\"Didel\u0117 pilka pilka balta lentyna-organizatorius \u017eaisl\u0173 d\u0117\u017e\u0117ms vaikams\" width=\"1600px\" data-srcset=\"\" \/><\/button><\/div>\n<\/div>\n<\/div>\n<\/div>\n<\/div>","protected":false},"excerpt":{"rendered":"<p>Liels balti pel\u0113ks rota\u013clietu plaukts<\/p>","protected":false},"featured_media":65287,"template":"","meta":{"_acf_changed":false,"_glsr_average":0,"_glsr_ranking":0,"_glsr_reviews":0},"product_brand":[],"product_cat":[311],"product_tag":[],"class_list":{"0":"post-65174","1":"product","2":"type-product","3":"status-publish","4":"has-post-thumbnail","6":"product_cat-lentynos","7":"\"style=\"background-color: #2ecc711c;\"","9":"first","10":"instock","11":"shipping-taxable","12":"purchasable","13":"product-type-simple"},"acf":[],"yoast_head":"<!-- This site is optimized with the Yoast SEO plugin v27.4 - https:\/\/yoast.com\/product\/yoast-seo-wordpress\/ -->\n<title>Didel\u0117 baltai-pilka \u017eaisl\u0173 lentyna - KidsPlay<\/title>\n<meta name=\"description\" content=\"Didel\u0117 baltai-pilka \u017eaisl\u0173 lentyna\" \/>\n<meta name=\"robots\" content=\"index, follow, max-snippet:-1, max-image-preview:large, max-video-preview:-1\" \/>\n<link rel=\"canonical\" href=\"https:\/\/kidsplay.lt\/lv\/products\/didele-baltai-pilka-zaislu-lentyna\/\" \/>\n<meta property=\"og:locale\" content=\"lv_LV\" \/>\n<meta property=\"og:type\" content=\"article\" \/>\n<meta property=\"og:title\" content=\"Didel\u0117 baltai-pilka \u017eaisl\u0173 lentyna - KidsPlay\" \/>\n<meta property=\"og:description\" content=\"Didel\u0117 baltai-pilka \u017eaisl\u0173 lentyna\" \/>\n<meta property=\"og:url\" content=\"https:\/\/kidsplay.lt\/lv\/products\/didele-baltai-pilka-zaislu-lentyna\/\" \/>\n<meta property=\"og:site_name\" content=\"KidsPlay\" \/>\n<meta property=\"article:publisher\" content=\"https:\/\/www.facebook.com\/www.kidsplay.lt\" \/>\n<meta property=\"article:modified_time\" content=\"2026-01-23T06:28:20+00:00\" \/>\n<meta property=\"og:image\" content=\"https:\/\/kidsplay.lt\/wp-content\/uploads\/2025\/09\/Screenshot_462.png\" \/>\n\t<meta property=\"og:image:width\" content=\"554\" \/>\n\t<meta property=\"og:image:height\" content=\"483\" \/>\n\t<meta property=\"og:image:type\" content=\"image\/png\" \/>\n<meta name=\"twitter:card\" content=\"summary_large_image\" \/>\n<meta name=\"twitter:label1\" content=\"Est. reading time\" \/>\n\t<meta name=\"twitter:data1\" content=\"2 min\u016btes\" \/>\n<script type=\"application\/ld+json\" class=\"yoast-schema-graph\">{\"@context\":\"https:\\\/\\\/schema.org\",\"@graph\":[{\"@type\":\"WebPage\",\"@id\":\"https:\\\/\\\/kidsplay.lt\\\/produktas\\\/didele-baltai-pilka-zaislu-lentyna\\\/\",\"url\":\"https:\\\/\\\/kidsplay.lt\\\/produktas\\\/didele-baltai-pilka-zaislu-lentyna\\\/\",\"name\":\"Didel\u0117 baltai-pilka \u017eaisl\u0173 lentyna - KidsPlay\",\"isPartOf\":{\"@id\":\"https:\\\/\\\/kidsplay.lt\\\/#website\"},\"primaryImageOfPage\":{\"@id\":\"https:\\\/\\\/kidsplay.lt\\\/produktas\\\/didele-baltai-pilka-zaislu-lentyna\\\/#primaryimage\"},\"image\":{\"@id\":\"https:\\\/\\\/kidsplay.lt\\\/produktas\\\/didele-baltai-pilka-zaislu-lentyna\\\/#primaryimage\"},\"thumbnailUrl\":\"https:\\\/\\\/kidsplay.lt\\\/wp-content\\\/uploads\\\/2025\\\/09\\\/Screenshot_462.png\",\"datePublished\":\"2025-09-23T09:27:33+00:00\",\"dateModified\":\"2026-01-23T06:28:20+00:00\",\"description\":\"Didel\u0117 baltai-pilka \u017eaisl\u0173 lentyna\",\"breadcrumb\":{\"@id\":\"https:\\\/\\\/kidsplay.lt\\\/produktas\\\/didele-baltai-pilka-zaislu-lentyna\\\/#breadcrumb\"},\"inLanguage\":\"lv-LV\",\"potentialAction\":[{\"@type\":\"ReadAction\",\"target\":[\"https:\\\/\\\/kidsplay.lt\\\/produktas\\\/didele-baltai-pilka-zaislu-lentyna\\\/\"]}]},{\"@type\":\"ImageObject\",\"inLanguage\":\"lv-LV\",\"@id\":\"https:\\\/\\\/kidsplay.lt\\\/produktas\\\/didele-baltai-pilka-zaislu-lentyna\\\/#primaryimage\",\"url\":\"https:\\\/\\\/kidsplay.lt\\\/wp-content\\\/uploads\\\/2025\\\/09\\\/Screenshot_462.png\",\"contentUrl\":\"https:\\\/\\\/kidsplay.lt\\\/wp-content\\\/uploads\\\/2025\\\/09\\\/Screenshot_462.png\",\"width\":554,\"height\":483},{\"@type\":\"BreadcrumbList\",\"@id\":\"https:\\\/\\\/kidsplay.lt\\\/produktas\\\/didele-baltai-pilka-zaislu-lentyna\\\/#breadcrumb\",\"itemListElement\":[{\"@type\":\"ListItem\",\"position\":1,\"name\":\"Pagrindinis\",\"item\":\"https:\\\/\\\/kidsplay.lt\\\/\"},{\"@type\":\"ListItem\",\"position\":2,\"name\":\"Parduotuv\u0117\",\"item\":\"https:\\\/\\\/kidsplay.lt\\\/parduotuve\\\/\"},{\"@type\":\"ListItem\",\"position\":3,\"name\":\"Didel\u0117 baltai-pilka \u017eaisl\u0173 lentyna\"}]},{\"@type\":\"WebSite\",\"@id\":\"https:\\\/\\\/kidsplay.lt\\\/#website\",\"url\":\"https:\\\/\\\/kidsplay.lt\\\/\",\"name\":\"Kidsplay.lt\",\"description\":\"\u012evairios prek\u0117s vaikams\",\"publisher\":{\"@id\":\"https:\\\/\\\/kidsplay.lt\\\/#organization\"},\"alternateName\":\"Kidsplay\",\"potentialAction\":[{\"@type\":\"SearchAction\",\"target\":{\"@type\":\"EntryPoint\",\"urlTemplate\":\"https:\\\/\\\/kidsplay.lt\\\/?s={search_term_string}\"},\"query-input\":{\"@type\":\"PropertyValueSpecification\",\"valueRequired\":true,\"valueName\":\"search_term_string\"}}],\"inLanguage\":\"lv-LV\"},{\"@type\":\"Organization\",\"@id\":\"https:\\\/\\\/kidsplay.lt\\\/#organization\",\"name\":\"KidsPlay\",\"url\":\"https:\\\/\\\/kidsplay.lt\\\/\",\"logo\":{\"@type\":\"ImageObject\",\"inLanguage\":\"lv-LV\",\"@id\":\"https:\\\/\\\/kidsplay.lt\\\/#\\\/schema\\\/logo\\\/image\\\/\",\"url\":\"https:\\\/\\\/kidsplay.lt\\\/wp-content\\\/uploads\\\/2023\\\/07\\\/kidsplay-logo.png\",\"contentUrl\":\"https:\\\/\\\/kidsplay.lt\\\/wp-content\\\/uploads\\\/2023\\\/07\\\/kidsplay-logo.png\",\"width\":451,\"height\":98,\"caption\":\"KidsPlay\"},\"image\":{\"@id\":\"https:\\\/\\\/kidsplay.lt\\\/#\\\/schema\\\/logo\\\/image\\\/\"},\"sameAs\":[\"https:\\\/\\\/www.facebook.com\\\/www.kidsplay.lt\"]}]}<\/script>\n<!-- \/ Yoast SEO plugin. -->","yoast_head_json":{"title":"Didel\u0117 baltai-pilka \u017eaisl\u0173 lentyna - KidsPlay","description":"Liels balti pel\u0113ks rota\u013clietu plaukts","robots":{"index":"index","follow":"follow","max-snippet":"max-snippet:-1","max-image-preview":"max-image-preview:large","max-video-preview":"max-video-preview:-1"},"canonical":"https:\/\/kidsplay.lt\/lv\/products\/didele-baltai-pilka-zaislu-lentyna\/","og_locale":"lv_LV","og_type":"article","og_title":"Didel\u0117 baltai-pilka \u017eaisl\u0173 lentyna - KidsPlay","og_description":"Didel\u0117 baltai-pilka \u017eaisl\u0173 lentyna","og_url":"https:\/\/kidsplay.lt\/lv\/products\/didele-baltai-pilka-zaislu-lentyna\/","og_site_name":"KidsPlay","article_publisher":"https:\/\/www.facebook.com\/www.kidsplay.lt","article_modified_time":"2026-01-23T06:28:20+00:00","og_image":[{"width":554,"height":483,"url":"https:\/\/kidsplay.lt\/wp-content\/uploads\/2025\/09\/Screenshot_462.png","type":"image\/png"}],"twitter_card":"summary_large_image","twitter_misc":{"Est. reading time":"2 min\u016btes"},"schema":{"@context":"https:\/\/schema.org","@graph":[{"@type":"WebPage","@id":"https:\/\/kidsplay.lt\/produktas\/didele-baltai-pilka-zaislu-lentyna\/","url":"https:\/\/kidsplay.lt\/produktas\/didele-baltai-pilka-zaislu-lentyna\/","name":"Didel\u0117 baltai-pilka \u017eaisl\u0173 lentyna - KidsPlay","isPartOf":{"@id":"https:\/\/kidsplay.lt\/#website"},"primaryImageOfPage":{"@id":"https:\/\/kidsplay.lt\/produktas\/didele-baltai-pilka-zaislu-lentyna\/#primaryimage"},"image":{"@id":"https:\/\/kidsplay.lt\/produktas\/didele-baltai-pilka-zaislu-lentyna\/#primaryimage"},"thumbnailUrl":"https:\/\/kidsplay.lt\/wp-content\/uploads\/2025\/09\/Screenshot_462.png","datePublished":"2025-09-23T09:27:33+00:00","dateModified":"2026-01-23T06:28:20+00:00","description":"Liels balti pel\u0113ks rota\u013clietu plaukts","breadcrumb":{"@id":"https:\/\/kidsplay.lt\/produktas\/didele-baltai-pilka-zaislu-lentyna\/#breadcrumb"},"inLanguage":"lv-LV","potentialAction":[{"@type":"ReadAction","target":["https:\/\/kidsplay.lt\/produktas\/didele-baltai-pilka-zaislu-lentyna\/"]}]},{"@type":"ImageObject","inLanguage":"lv-LV","@id":"https:\/\/kidsplay.lt\/produktas\/didele-baltai-pilka-zaislu-lentyna\/#primaryimage","url":"https:\/\/kidsplay.lt\/wp-content\/uploads\/2025\/09\/Screenshot_462.png","contentUrl":"https:\/\/kidsplay.lt\/wp-content\/uploads\/2025\/09\/Screenshot_462.png","width":554,"height":483},{"@type":"BreadcrumbList","@id":"https:\/\/kidsplay.lt\/produktas\/didele-baltai-pilka-zaislu-lentyna\/#breadcrumb","itemListElement":[{"@type":"ListItem","position":1,"name":"Pagrindinis","item":"https:\/\/kidsplay.lt\/"},{"@type":"ListItem","position":2,"name":"Parduotuv\u0117","item":"https:\/\/kidsplay.lt\/parduotuve\/"},{"@type":"ListItem","position":3,"name":"Didel\u0117 baltai-pilka \u017eaisl\u0173 lentyna"}]},{"@type":"WebSite","@id":"https:\/\/kidsplay.lt\/#website","url":"https:\/\/kidsplay.lt\/","name":"B\u0113rnu sp\u0113les.lv","description":"\u012evairios prek\u0117s vaikams","publisher":{"@id":"https:\/\/kidsplay.lt\/#organization"},"alternateName":"Kidsplay","potentialAction":[{"@type":"SearchAction","target":{"@type":"EntryPoint","urlTemplate":"https:\/\/kidsplay.lt\/?s={search_term_string}"},"query-input":{"@type":"PropertyValueSpecification","valueRequired":true,"valueName":"search_term_string"}}],"inLanguage":"lv-LV"},{"@type":"Organization","@id":"https:\/\/kidsplay.lt\/#organization","name":"B\u0113rnu sp\u0113le","url":"https:\/\/kidsplay.lt\/","logo":{"@type":"ImageObject","inLanguage":"lv-LV","@id":"https:\/\/kidsplay.lt\/#\/schema\/logo\/image\/","url":"https:\/\/kidsplay.lt\/wp-content\/uploads\/2023\/07\/kidsplay-logo.png","contentUrl":"https:\/\/kidsplay.lt\/wp-content\/uploads\/2023\/07\/kidsplay-logo.png","width":451,"height":98,"caption":"KidsPlay"},"image":{"@id":"https:\/\/kidsplay.lt\/#\/schema\/logo\/image\/"},"sameAs":["https:\/\/www.facebook.com\/www.kidsplay.lt"]}]}},"_links":{"self":[{"href":"https:\/\/kidsplay.lt\/lv\/wp-json\/wp\/v2\/product\/65174","targetHints":{"allow":["GET"]}}],"collection":[{"href":"https:\/\/kidsplay.lt\/lv\/wp-json\/wp\/v2\/product"}],"about":[{"href":"https:\/\/kidsplay.lt\/lv\/wp-json\/wp\/v2\/types\/product"}],"version-history":[{"count":2,"href":"https:\/\/kidsplay.lt\/lv\/wp-json\/wp\/v2\/product\/65174\/revisions"}],"predecessor-version":[{"id":74080,"href":"https:\/\/kidsplay.lt\/lv\/wp-json\/wp\/v2\/product\/65174\/revisions\/74080"}],"wp:featuredmedia":[{"embeddable":true,"href":"https:\/\/kidsplay.lt\/lv\/wp-json\/wp\/v2\/media\/65287"}],"wp:attachment":[{"href":"https:\/\/kidsplay.lt\/lv\/wp-json\/wp\/v2\/media?parent=65174"}],"wp:term":[{"taxonomy":"product_brand","embeddable":true,"href":"https:\/\/kidsplay.lt\/lv\/wp-json\/wp\/v2\/product_brand?post=65174"},{"taxonomy":"product_cat","embeddable":true,"href":"https:\/\/kidsplay.lt\/lv\/wp-json\/wp\/v2\/product_cat?post=65174"},{"taxonomy":"product_tag","embeddable":true,"href":"https:\/\/kidsplay.lt\/lv\/wp-json\/wp\/v2\/product_tag?post=65174"}],"curies":[{"name":"wp","href":"https:\/\/api.w.org\/{rel}","templated":true}]}}