{"id":65176,"date":"2025-09-23T12:29:43","date_gmt":"2025-09-23T09:29:43","guid":{"rendered":"https:\/\/kidsplay.lt\/?post_type=product&#038;p=65176"},"modified":"2025-10-04T23:00:20","modified_gmt":"2025-10-04T20:00:20","slug":"vaikiskas-fotelis-meskiukas","status":"publish","type":"product","link":"https:\/\/kidsplay.lt\/lv\/products\/vaikiskas-fotelis-meskiukas\/","title":{"rendered":"B\u0113rnu atp\u016btas kr\u0113sls rota\u013cu l\u0101c\u012btis"},"content":{"rendered":"<h1><span dir=\"auto\">\u2728 DELSIT PUT\u0172 S\u0116DYN\u0116 \u2013 Patogumas, Stilius ir 100 % Saugumas! \u2728<\/span><\/h1>\n<p><span dir=\"auto\">Ie\u0161kote\u00a0<\/span><b><span dir=\"auto\">tobulos k\u0117dut\u0117s<\/span><\/b><span dir=\"auto\">\u00a0savo vaikui?<\/span><\/p>\n<p><span dir=\"auto\">Toks, kuris u\u017etikrins\u00a0\u00a0<\/span><b><span dir=\"auto\">komfort\u0105 ir saugum\u0105<\/span><\/b><span dir=\"auto\">\u00a0, o tuo pa\u010diu metu bus\u00a0<\/span><b><span dir=\"auto\">stilingas<\/span><\/b><span dir=\"auto\">\u00a0interjero papildymas?<\/span><\/p>\n<p><span dir=\"auto\">O galb\u016bt ie\u0161kote\u00a0<\/span><b><span dir=\"auto\">prakti\u0161kos dovanos<\/span><\/b><span dir=\"auto\">\u00a0, kuri prad\u017eiugint\u0173 ir ma\u017eyl\u012f, ir t\u0117velius?<\/span><\/p>\n<p><b><span dir=\"auto\">Turime kai k\u0105 tau!<\/span><\/b><span dir=\"auto\">\u00a0\u2764\ufe0f<\/span><\/p>\n<p><b><span dir=\"auto\">DELSIT<\/span><\/b><span dir=\"auto\">\u00a0putplas\u010dio s\u0117dyn\u0117\u00a0yra absoliutus hitas tarp vaik\u0173 ir t\u0117v\u0173 visame pasaulyje!<\/span><\/p>\n<h2><span dir=\"auto\">\ud83c\udf81 PRIE KIEKVIENOS K\u0116D\u0116S PRID\u0116JAME NEMOKAM\u0104 PAPILDOM\u0104 PLIU\u0160IN\u0118 PAGALV\u0118!<\/span><\/h2>\n<p>&nbsp;<\/p>","protected":false},"excerpt":{"rendered":"<p>B\u0113rnu atp\u016btas kr\u0113sls rota\u013cu l\u0101c\u012btis<\/p>","protected":false},"featured_media":65177,"template":"","meta":{"_acf_changed":false,"_glsr_average":0,"_glsr_ranking":0,"_glsr_reviews":0},"product_brand":[],"product_cat":[314],"product_tag":[],"class_list":{"0":"post-65176","1":"product","2":"type-product","3":"status-publish","4":"has-post-thumbnail","6":"product_cat-staliukai-ir-kedutes","7":"\"style=\"background-color: #2ecc711c;\"","9":"first","10":"instock","11":"shipping-taxable","12":"purchasable","13":"product-type-simple"},"acf":[],"yoast_head":"<!-- This site is optimized with the Yoast SEO plugin v27.3 - https:\/\/yoast.com\/product\/yoast-seo-wordpress\/ -->\n<title>Vaiki\u0161kas fotelis me\u0161kiukas - KidsPlay<\/title>\n<meta name=\"description\" content=\"Vaiki\u0161kas fotelis me\u0161kiukas\" \/>\n<meta name=\"robots\" content=\"index, follow, max-snippet:-1, max-image-preview:large, max-video-preview:-1\" \/>\n<link rel=\"canonical\" href=\"https:\/\/kidsplay.lt\/lv\/products\/vaikiskas-fotelis-meskiukas\/\" \/>\n<meta property=\"og:locale\" content=\"lv_LV\" \/>\n<meta property=\"og:type\" content=\"article\" \/>\n<meta property=\"og:title\" content=\"Vaiki\u0161kas fotelis me\u0161kiukas - KidsPlay\" \/>\n<meta property=\"og:description\" content=\"Vaiki\u0161kas fotelis me\u0161kiukas\" \/>\n<meta property=\"og:url\" content=\"https:\/\/kidsplay.lt\/lv\/products\/vaikiskas-fotelis-meskiukas\/\" \/>\n<meta property=\"og:site_name\" content=\"KidsPlay\" \/>\n<meta property=\"article:publisher\" content=\"https:\/\/www.facebook.com\/www.kidsplay.lt\" \/>\n<meta property=\"article:modified_time\" content=\"2025-10-04T20:00:20+00:00\" \/>\n<meta property=\"og:image\" content=\"https:\/\/kidsplay.lt\/wp-content\/uploads\/2025\/09\/Screenshot_395.png\" \/>\n\t<meta property=\"og:image:width\" content=\"589\" \/>\n\t<meta property=\"og:image:height\" content=\"488\" \/>\n\t<meta property=\"og:image:type\" content=\"image\/png\" \/>\n<meta name=\"twitter:card\" content=\"summary_large_image\" \/>\n<meta name=\"twitter:label1\" content=\"Est. reading time\" \/>\n\t<meta name=\"twitter:data1\" content=\"1 min\u016bte\" \/>\n<script type=\"application\/ld+json\" class=\"yoast-schema-graph\">{\"@context\":\"https:\\\/\\\/schema.org\",\"@graph\":[{\"@type\":\"WebPage\",\"@id\":\"https:\\\/\\\/kidsplay.lt\\\/produktas\\\/vaikiskas-fotelis-meskiukas\\\/\",\"url\":\"https:\\\/\\\/kidsplay.lt\\\/produktas\\\/vaikiskas-fotelis-meskiukas\\\/\",\"name\":\"Vaiki\u0161kas fotelis me\u0161kiukas - KidsPlay\",\"isPartOf\":{\"@id\":\"https:\\\/\\\/kidsplay.lt\\\/#website\"},\"primaryImageOfPage\":{\"@id\":\"https:\\\/\\\/kidsplay.lt\\\/produktas\\\/vaikiskas-fotelis-meskiukas\\\/#primaryimage\"},\"image\":{\"@id\":\"https:\\\/\\\/kidsplay.lt\\\/produktas\\\/vaikiskas-fotelis-meskiukas\\\/#primaryimage\"},\"thumbnailUrl\":\"https:\\\/\\\/kidsplay.lt\\\/wp-content\\\/uploads\\\/2025\\\/09\\\/Screenshot_395.png\",\"datePublished\":\"2025-09-23T09:29:43+00:00\",\"dateModified\":\"2025-10-04T20:00:20+00:00\",\"description\":\"Vaiki\u0161kas fotelis me\u0161kiukas\",\"breadcrumb\":{\"@id\":\"https:\\\/\\\/kidsplay.lt\\\/produktas\\\/vaikiskas-fotelis-meskiukas\\\/#breadcrumb\"},\"inLanguage\":\"lv-LV\",\"potentialAction\":[{\"@type\":\"ReadAction\",\"target\":[\"https:\\\/\\\/kidsplay.lt\\\/produktas\\\/vaikiskas-fotelis-meskiukas\\\/\"]}]},{\"@type\":\"ImageObject\",\"inLanguage\":\"lv-LV\",\"@id\":\"https:\\\/\\\/kidsplay.lt\\\/produktas\\\/vaikiskas-fotelis-meskiukas\\\/#primaryimage\",\"url\":\"https:\\\/\\\/kidsplay.lt\\\/wp-content\\\/uploads\\\/2025\\\/09\\\/Screenshot_395.png\",\"contentUrl\":\"https:\\\/\\\/kidsplay.lt\\\/wp-content\\\/uploads\\\/2025\\\/09\\\/Screenshot_395.png\",\"width\":589,\"height\":488},{\"@type\":\"BreadcrumbList\",\"@id\":\"https:\\\/\\\/kidsplay.lt\\\/produktas\\\/vaikiskas-fotelis-meskiukas\\\/#breadcrumb\",\"itemListElement\":[{\"@type\":\"ListItem\",\"position\":1,\"name\":\"Pagrindinis\",\"item\":\"https:\\\/\\\/kidsplay.lt\\\/\"},{\"@type\":\"ListItem\",\"position\":2,\"name\":\"Parduotuv\u0117\",\"item\":\"https:\\\/\\\/kidsplay.lt\\\/parduotuve\\\/\"},{\"@type\":\"ListItem\",\"position\":3,\"name\":\"Vaiki\u0161kas fotelis me\u0161kiukas\"}]},{\"@type\":\"WebSite\",\"@id\":\"https:\\\/\\\/kidsplay.lt\\\/#website\",\"url\":\"https:\\\/\\\/kidsplay.lt\\\/\",\"name\":\"Kidsplay.lt\",\"description\":\"\u012evairios prek\u0117s vaikams\",\"publisher\":{\"@id\":\"https:\\\/\\\/kidsplay.lt\\\/#organization\"},\"alternateName\":\"Kidsplay\",\"potentialAction\":[{\"@type\":\"SearchAction\",\"target\":{\"@type\":\"EntryPoint\",\"urlTemplate\":\"https:\\\/\\\/kidsplay.lt\\\/?s={search_term_string}\"},\"query-input\":{\"@type\":\"PropertyValueSpecification\",\"valueRequired\":true,\"valueName\":\"search_term_string\"}}],\"inLanguage\":\"lv-LV\"},{\"@type\":\"Organization\",\"@id\":\"https:\\\/\\\/kidsplay.lt\\\/#organization\",\"name\":\"KidsPlay\",\"url\":\"https:\\\/\\\/kidsplay.lt\\\/\",\"logo\":{\"@type\":\"ImageObject\",\"inLanguage\":\"lv-LV\",\"@id\":\"https:\\\/\\\/kidsplay.lt\\\/#\\\/schema\\\/logo\\\/image\\\/\",\"url\":\"https:\\\/\\\/kidsplay.lt\\\/wp-content\\\/uploads\\\/2023\\\/07\\\/kidsplay-logo.png\",\"contentUrl\":\"https:\\\/\\\/kidsplay.lt\\\/wp-content\\\/uploads\\\/2023\\\/07\\\/kidsplay-logo.png\",\"width\":451,\"height\":98,\"caption\":\"KidsPlay\"},\"image\":{\"@id\":\"https:\\\/\\\/kidsplay.lt\\\/#\\\/schema\\\/logo\\\/image\\\/\"},\"sameAs\":[\"https:\\\/\\\/www.facebook.com\\\/www.kidsplay.lt\"]}]}<\/script>\n<!-- \/ Yoast SEO plugin. -->","yoast_head_json":{"title":"Vaiki\u0161kas fotelis me\u0161kiukas - KidsPlay","description":"B\u0113rnu atp\u016btas kr\u0113sls rota\u013cu l\u0101c\u012btis","robots":{"index":"index","follow":"follow","max-snippet":"max-snippet:-1","max-image-preview":"max-image-preview:large","max-video-preview":"max-video-preview:-1"},"canonical":"https:\/\/kidsplay.lt\/lv\/products\/vaikiskas-fotelis-meskiukas\/","og_locale":"lv_LV","og_type":"article","og_title":"Vaiki\u0161kas fotelis me\u0161kiukas - KidsPlay","og_description":"Vaiki\u0161kas fotelis me\u0161kiukas","og_url":"https:\/\/kidsplay.lt\/lv\/products\/vaikiskas-fotelis-meskiukas\/","og_site_name":"KidsPlay","article_publisher":"https:\/\/www.facebook.com\/www.kidsplay.lt","article_modified_time":"2025-10-04T20:00:20+00:00","og_image":[{"width":589,"height":488,"url":"https:\/\/kidsplay.lt\/wp-content\/uploads\/2025\/09\/Screenshot_395.png","type":"image\/png"}],"twitter_card":"summary_large_image","twitter_misc":{"Est. reading time":"1 min\u016bte"},"schema":{"@context":"https:\/\/schema.org","@graph":[{"@type":"WebPage","@id":"https:\/\/kidsplay.lt\/produktas\/vaikiskas-fotelis-meskiukas\/","url":"https:\/\/kidsplay.lt\/produktas\/vaikiskas-fotelis-meskiukas\/","name":"Vaiki\u0161kas fotelis me\u0161kiukas - KidsPlay","isPartOf":{"@id":"https:\/\/kidsplay.lt\/#website"},"primaryImageOfPage":{"@id":"https:\/\/kidsplay.lt\/produktas\/vaikiskas-fotelis-meskiukas\/#primaryimage"},"image":{"@id":"https:\/\/kidsplay.lt\/produktas\/vaikiskas-fotelis-meskiukas\/#primaryimage"},"thumbnailUrl":"https:\/\/kidsplay.lt\/wp-content\/uploads\/2025\/09\/Screenshot_395.png","datePublished":"2025-09-23T09:29:43+00:00","dateModified":"2025-10-04T20:00:20+00:00","description":"B\u0113rnu atp\u016btas kr\u0113sls rota\u013cu l\u0101c\u012btis","breadcrumb":{"@id":"https:\/\/kidsplay.lt\/produktas\/vaikiskas-fotelis-meskiukas\/#breadcrumb"},"inLanguage":"lv-LV","potentialAction":[{"@type":"ReadAction","target":["https:\/\/kidsplay.lt\/produktas\/vaikiskas-fotelis-meskiukas\/"]}]},{"@type":"ImageObject","inLanguage":"lv-LV","@id":"https:\/\/kidsplay.lt\/produktas\/vaikiskas-fotelis-meskiukas\/#primaryimage","url":"https:\/\/kidsplay.lt\/wp-content\/uploads\/2025\/09\/Screenshot_395.png","contentUrl":"https:\/\/kidsplay.lt\/wp-content\/uploads\/2025\/09\/Screenshot_395.png","width":589,"height":488},{"@type":"BreadcrumbList","@id":"https:\/\/kidsplay.lt\/produktas\/vaikiskas-fotelis-meskiukas\/#breadcrumb","itemListElement":[{"@type":"ListItem","position":1,"name":"Pagrindinis","item":"https:\/\/kidsplay.lt\/"},{"@type":"ListItem","position":2,"name":"Parduotuv\u0117","item":"https:\/\/kidsplay.lt\/parduotuve\/"},{"@type":"ListItem","position":3,"name":"Vaiki\u0161kas fotelis me\u0161kiukas"}]},{"@type":"WebSite","@id":"https:\/\/kidsplay.lt\/#website","url":"https:\/\/kidsplay.lt\/","name":"B\u0113rnu sp\u0113les.lv","description":"\u012evairios prek\u0117s vaikams","publisher":{"@id":"https:\/\/kidsplay.lt\/#organization"},"alternateName":"Kidsplay","potentialAction":[{"@type":"SearchAction","target":{"@type":"EntryPoint","urlTemplate":"https:\/\/kidsplay.lt\/?s={search_term_string}"},"query-input":{"@type":"PropertyValueSpecification","valueRequired":true,"valueName":"search_term_string"}}],"inLanguage":"lv-LV"},{"@type":"Organization","@id":"https:\/\/kidsplay.lt\/#organization","name":"B\u0113rnu sp\u0113le","url":"https:\/\/kidsplay.lt\/","logo":{"@type":"ImageObject","inLanguage":"lv-LV","@id":"https:\/\/kidsplay.lt\/#\/schema\/logo\/image\/","url":"https:\/\/kidsplay.lt\/wp-content\/uploads\/2023\/07\/kidsplay-logo.png","contentUrl":"https:\/\/kidsplay.lt\/wp-content\/uploads\/2023\/07\/kidsplay-logo.png","width":451,"height":98,"caption":"KidsPlay"},"image":{"@id":"https:\/\/kidsplay.lt\/#\/schema\/logo\/image\/"},"sameAs":["https:\/\/www.facebook.com\/www.kidsplay.lt"]}]}},"_links":{"self":[{"href":"https:\/\/kidsplay.lt\/lv\/wp-json\/wp\/v2\/product\/65176","targetHints":{"allow":["GET"]}}],"collection":[{"href":"https:\/\/kidsplay.lt\/lv\/wp-json\/wp\/v2\/product"}],"about":[{"href":"https:\/\/kidsplay.lt\/lv\/wp-json\/wp\/v2\/types\/product"}],"version-history":[{"count":2,"href":"https:\/\/kidsplay.lt\/lv\/wp-json\/wp\/v2\/product\/65176\/revisions"}],"predecessor-version":[{"id":74079,"href":"https:\/\/kidsplay.lt\/lv\/wp-json\/wp\/v2\/product\/65176\/revisions\/74079"}],"wp:featuredmedia":[{"embeddable":true,"href":"https:\/\/kidsplay.lt\/lv\/wp-json\/wp\/v2\/media\/65177"}],"wp:attachment":[{"href":"https:\/\/kidsplay.lt\/lv\/wp-json\/wp\/v2\/media?parent=65176"}],"wp:term":[{"taxonomy":"product_brand","embeddable":true,"href":"https:\/\/kidsplay.lt\/lv\/wp-json\/wp\/v2\/product_brand?post=65176"},{"taxonomy":"product_cat","embeddable":true,"href":"https:\/\/kidsplay.lt\/lv\/wp-json\/wp\/v2\/product_cat?post=65176"},{"taxonomy":"product_tag","embeddable":true,"href":"https:\/\/kidsplay.lt\/lv\/wp-json\/wp\/v2\/product_tag?post=65176"}],"curies":[{"name":"wp","href":"https:\/\/api.w.org\/{rel}","templated":true}]}}