{"id":65207,"date":"2025-09-23T15:02:10","date_gmt":"2025-09-23T12:02:10","guid":{"rendered":"https:\/\/kidsplay.lt\/?post_type=product&#038;p=65207"},"modified":"2025-12-29T18:50:28","modified_gmt":"2025-12-29T16:50:28","slug":"lilo-stich-patalyne","status":"publish","type":"product","link":"https:\/\/kidsplay.lt\/lv\/products\/lilo-stich-patalyne\/","title":{"rendered":"Lilo Stich patalyn\u0117"},"content":{"rendered":"<div class=\"mpof_ki myre_zn myre_8v_l m389_6m_l\">\n<div class=\"mp4t_16_s mryx_16_s mr3m_1 mli2_1 mh85_56 mh85_0_l\">\n<div class=\"mg9e_8 mj7a_8 mg9e_0_s mvrt_0_s mj7a_0_s mh36_0_s mzmg_6m munh_16_l m3h2_16_l\">\n<div class=\"mp4t_0 mryx_0 munh_56 m3h2_56\">\n<div class=\"mp7g_oh\"><button class=\"mg9e_0 mvrt_0 mj7a_0 mh36_0 mp4t_0 m3h2_0 mryx_0 munh_0 mqen_m6 mpof_z0 mx7m_0 m7er_k4 mse2_k4 msts_pt\" data-analytics-interaction=\"true\" data-analytics-interaction-label=\"zoomable-image-open\" aria-disabled=\"true\"><img decoding=\"async\" class=\"msub_k4 mupj_5k mjru_k4 mse2_k4 mp7g_f6 mq1m_0 mj7u_0 m7er_k4 mqen_m6 m31c_d8 m0ux_fp lazyloaded\" src=\"https:\/\/a.allegroimg.com\/original\/119124\/0d0b31264d4991d87a944790c36f\/POSCIEL-DZIECIECA-140x200-DISNEY-LILO-I-STITCH\" sizes=\"(min-width: 1200px) 560px, (min-width: 992px) 50vw, 100vw\" srcset=\"https:\/\/a.allegroimg.com\/s360\/119124\/0d0b31264d4991d87a944790c36f\/POSCIEL-DZIECIECA-140x200-DISNEY-LILO-I-STITCH 198w,https:\/\/a.allegroimg.com\/s720\/119124\/0d0b31264d4991d87a944790c36f\/POSCIEL-DZIECIECA-140x200-DISNEY-LILO-I-STITCH 397w,https:\/\/a.allegroimg.com\/s1024\/119124\/0d0b31264d4991d87a944790c36f\/POSCIEL-DZIECIECA-140x200-DISNEY-LILO-I-STITCH 565w,https:\/\/a.allegroimg.com\/s1440\/119124\/0d0b31264d4991d87a944790c36f\/POSCIEL-DZIECIECA-140x200-DISNEY-LILO-I-STITCH 666w,https:\/\/a.allegroimg.com\/original\/119124\/0d0b31264d4991d87a944790c36f\/POSCIEL-DZIECIECA-140x200-DISNEY-LILO-I-STITCH 666w\" alt=\"VAIKI\u0160KA PATALYN\u0116 140x200 DISNEY LILO IR SI\u016aL\u0116\" width=\"666px\" data-srcset=\"\" \/><\/button><\/div>\n<\/div>\n<\/div>\n<\/div>\n<div class=\"mp4t_16_s mryx_16_s mr3m_1 mli2_1 mh85_56 mh85_0_l\">\n<div class=\"mgn2_16 _0d3bd_am0a-\">\n<h1><span dir=\"auto\">Vaiki\u0161ka patalyn\u0117 \u201eLilo ir Stitch\u201c 140 x 200 cm<\/span><\/h1>\n<p><span dir=\"auto\">Komplekta saturs:<\/span><\/p>\n<ul>\n<li><span dir=\"auto\">1 x antklod\u0117s u\u017evalkalas, kurio matmenys 140 x 200 cm<\/span><\/li>\n<li><span dir=\"auto\">1 pagalv\u0117s u\u017evalkalas, kurio matmenys 70 x 90 cm<\/span><\/li>\n<\/ul>\n<p><span dir=\"auto\">Patalyn\u0117 pagaminta i\u0161 100% medviln\u0117s<\/span><\/p>\n<p><b><span dir=\"auto\">U\u017esegimo tipas:<\/span><\/b><span dir=\"auto\">\u00a0\u00a0R\u0101v\u0113jsl\u0113dz\u0113js<\/span><\/p>\n<p><b><span dir=\"auto\">Produktas sertifikuotas pagal \u201eOeko-Tex Standard 100\u201c<\/span><\/b><\/p>\n<\/div>\n<\/div>\n<\/div>\n<div class=\"mpof_ki myre_zn myre_8v_l m389_6m_l\">\n<div class=\"mp4t_16_s mryx_16_s mr3m_1 mli2_1 mh85_56 mh85_0_l\">\n<div class=\"mgn2_16 _0d3bd_am0a-\">\n<p><span dir=\"auto\">\u0160is fantasti\u0161kas vaiki\u0161kos patalyn\u0117s komplektas patiks kiekvienam ma\u017eyliui! Jis pasi\u017eymi gra\u017eiais, spalvingais Lilo ir Stitch persona\u017e\u0173 paveiksl\u0117liais. Vaikai mielai u\u017emigs tarp savo m\u0117gstamiausi\u0173 pasak\u0173 persona\u017e\u0173, o naktis, praleista j\u0173 kompanijoje, tikrai atgaivins juos ir suteiks energijos kitai aktyviai dienai! Be to, ry\u0161kios, sodrios spalvos nei\u0161bluks, tod\u0117l \u0161is komplektas puo\u0161 j\u0173 ma\u017eyli\u0173 kambarius ilgus metus.<\/span><\/p>\n<p><b><span dir=\"auto\">\u201eOeko-Tex Standard 100\u201c sertifikatas<\/span><\/b><span dir=\"auto\">\u00a0\u00a0garantuoja, kad med\u017eiagos, i\u0161 kuri\u0173 pagamintas gaminys, buvo patikrintos d\u0117l pavoj\u0173 sveikatai ir patvirtina, kad jis yra nekenksmingas, saugus ir \u0161velnus odai. Tai ypa\u010d svarbu renkantis vaikams skirtus gaminius, kurie turi b\u016bti itin \u0161veln\u016bs ir u\u017etikrinti ma\u017e\u0173 vaik\u0173 saugum\u0105, pa\u0161alinant alergijos ar jautrumo rizik\u0105.<\/span><\/p>\n<p><span dir=\"auto\">Gra\u017e\u016bs ra\u0161tai, ry\u0161kios spalvos ir auk\u0161ta gamini\u0173 kokyb\u0117 garantuoja kiekvieno vaiko pasitenkinim\u0105 ir komfort\u0105 miegant.<\/span><\/p>\n<\/div>\n<\/div>\n<div class=\"mp4t_16_s mryx_16_s mr3m_1 mli2_1 mh85_56 mh85_0_l\">\n<div class=\"mg9e_8 mj7a_8 mg9e_0_s mvrt_0_s mj7a_0_s mh36_0_s mzmg_6m munh_16_l m3h2_16_l\">\n<div class=\"mp4t_0 mryx_0 munh_56 m3h2_56\">\n<div class=\"mp7g_oh\"><button class=\"mg9e_0 mvrt_0 mj7a_0 mh36_0 mp4t_0 m3h2_0 mryx_0 munh_0 mqen_m6 mpof_z0 mx7m_0 m7er_k4 mse2_k4 msts_pt\" data-analytics-interaction=\"true\" data-analytics-interaction-label=\"zoomable-image-open\" aria-disabled=\"true\"><img decoding=\"async\" class=\"msub_k4 mupj_5k mjru_k4 mse2_k4 mp7g_f6 mq1m_0 mj7u_0 m7er_k4 mqen_m6 m31c_d8 m0ux_fp lazyloaded\" src=\"https:\/\/a.allegroimg.com\/original\/115740\/c03449444a41ae3f103e19eef081\/POSCIEL-DZIECIECA-140x200-DISNEY-LILO-I-STITCH-Szerokosc-koldry-140-cm\" sizes=\"(min-width: 1200px) 560px, (min-width: 992px) 50vw, 100vw\" srcset=\"https:\/\/a.allegroimg.com\/s360\/115740\/c03449444a41ae3f103e19eef081\/POSCIEL-DZIECIECA-140x200-DISNEY-LILO-I-STITCH-Szerokosc-koldry-140-cm 360w,https:\/\/a.allegroimg.com\/s720\/115740\/c03449444a41ae3f103e19eef081\/POSCIEL-DZIECIECA-140x200-DISNEY-LILO-I-STITCH-Szerokosc-koldry-140-cm 640w,https:\/\/a.allegroimg.com\/original\/115740\/c03449444a41ae3f103e19eef081\/POSCIEL-DZIECIECA-140x200-DISNEY-LILO-I-STITCH-Szerokosc-koldry-140-cm 640w\" alt=\"VAIKI\u0160KA PATALYN\u0116 140x200 DISNEY LILO IR SI\u016aL\u0116 Antklod\u0117s plotis 140 cm\" width=\"640px\" data-srcset=\"\" \/><\/button><\/div>\n<\/div>\n<\/div>\n<\/div>\n<\/div>\n<div class=\"mpof_ki myre_zn myre_8v_l m389_6m_l\">\n<div class=\"mp4t_16_s mryx_16_s mr3m_1 mli2_1 mh85_56 mh85_0_l\">\n<div class=\"mg9e_8 mj7a_8 mg9e_0_s mvrt_0_s mj7a_0_s mh36_0_s mzmg_6m munh_16_l m3h2_16_l\">\n<div class=\"mp4t_0 mryx_0 munh_56 m3h2_56\">\n<div class=\"mp7g_oh\"><button class=\"mg9e_0 mvrt_0 mj7a_0 mh36_0 mp4t_0 m3h2_0 mryx_0 munh_0 mqen_m6 mpof_z0 mx7m_0 m7er_k4 mse2_k4 msts_pt\" data-analytics-interaction=\"true\" data-analytics-interaction-label=\"zoomable-image-open\" aria-disabled=\"true\"><img decoding=\"async\" class=\"msub_k4 mupj_5k mjru_k4 mse2_k4 mp7g_f6 mq1m_0 mj7u_0 m7er_k4 mqen_m6 m31c_d8 m0ux_fp lazyloaded\" src=\"https:\/\/a.allegroimg.com\/original\/117153\/f39fff2b47368dfff1e13d0e245b\/POSCIEL-DZIECIECA-140x200-DISNEY-LILO-I-STITCH-EAN-GTIN-8592753033425\" sizes=\"100vw\" srcset=\"https:\/\/a.allegroimg.com\/s360\/117153\/f39fff2b47368dfff1e13d0e245b\/POSCIEL-DZIECIECA-140x200-DISNEY-LILO-I-STITCH-EAN-GTIN-8592753033425 360w,https:\/\/a.allegroimg.com\/s720\/117153\/f39fff2b47368dfff1e13d0e245b\/POSCIEL-DZIECIECA-140x200-DISNEY-LILO-I-STITCH-EAN-GTIN-8592753033425 720w,https:\/\/a.allegroimg.com\/s1024\/117153\/f39fff2b47368dfff1e13d0e245b\/POSCIEL-DZIECIECA-140x200-DISNEY-LILO-I-STITCH-EAN-GTIN-8592753033425 1024w,https:\/\/a.allegroimg.com\/s1440\/117153\/f39fff2b47368dfff1e13d0e245b\/POSCIEL-DZIECIECA-140x200-DISNEY-LILO-I-STITCH-EAN-GTIN-8592753033425 1440w,https:\/\/a.allegroimg.com\/original\/117153\/f39fff2b47368dfff1e13d0e245b\/POSCIEL-DZIECIECA-140x200-DISNEY-LILO-I-STITCH-EAN-GTIN-8592753033425 2560w\" alt=\"VAIKI\u0160KA PATALYN\u0116 140x200 DISNEY LILO IR SI\u016aL\u0116 EAN (GTIN) 8592753033425\" width=\"2560px\" data-srcset=\"\" \/><\/button><\/div>\n<\/div>\n<\/div>\n<\/div>\n<\/div>\n<div class=\"mpof_ki myre_zn myre_8v_l m389_6m_l\">\n<div class=\"mp4t_16_s mryx_16_s mr3m_1 mli2_1 mh85_56 mh85_0_l\">\n<div class=\"mg9e_8 mj7a_8 mg9e_0_s mvrt_0_s mj7a_0_s mh36_0_s mzmg_6m munh_16_l m3h2_16_l\">\n<div class=\"mp4t_0 mryx_0 munh_56 m3h2_56\">\n<div class=\"mp7g_oh\"><button class=\"mg9e_0 mvrt_0 mj7a_0 mh36_0 mp4t_0 m3h2_0 mryx_0 munh_0 mqen_m6 mpof_z0 mx7m_0 m7er_k4 mse2_k4 msts_pt\" data-analytics-interaction=\"true\" data-analytics-interaction-label=\"zoomable-image-open\" aria-disabled=\"true\"><img decoding=\"async\" class=\"msub_k4 mupj_5k mjru_k4 mse2_k4 mp7g_f6 mq1m_0 mj7u_0 m7er_k4 mqen_m6 m31c_d8 m0ux_fp lazyloaded\" src=\"https:\/\/a.allegroimg.com\/original\/110ab7\/046bc515406ead0f7c92b4b23d67\/POSCIEL-DZIECIECA-140x200-DISNEY-LILO-I-STITCH-Kod-producenta-Posciel-lilo-sticz-stitch-stich\" sizes=\"100vw\" srcset=\"https:\/\/a.allegroimg.com\/s360\/110ab7\/046bc515406ead0f7c92b4b23d67\/POSCIEL-DZIECIECA-140x200-DISNEY-LILO-I-STITCH-Kod-producenta-Posciel-lilo-sticz-stitch-stich 360w,https:\/\/a.allegroimg.com\/s720\/110ab7\/046bc515406ead0f7c92b4b23d67\/POSCIEL-DZIECIECA-140x200-DISNEY-LILO-I-STITCH-Kod-producenta-Posciel-lilo-sticz-stitch-stich 720w,https:\/\/a.allegroimg.com\/s1024\/110ab7\/046bc515406ead0f7c92b4b23d67\/POSCIEL-DZIECIECA-140x200-DISNEY-LILO-I-STITCH-Kod-producenta-Posciel-lilo-sticz-stitch-stich 1024w,https:\/\/a.allegroimg.com\/s1440\/110ab7\/046bc515406ead0f7c92b4b23d67\/POSCIEL-DZIECIECA-140x200-DISNEY-LILO-I-STITCH-Kod-producenta-Posciel-lilo-sticz-stitch-stich 1440w,https:\/\/a.allegroimg.com\/original\/110ab7\/046bc515406ead0f7c92b4b23d67\/POSCIEL-DZIECIECA-140x200-DISNEY-LILO-I-STITCH-Kod-producenta-Posciel-lilo-sticz-stitch-stich 2560w\" alt=\"VAIKI\u0160KA PATALYN\u0116 140x200 DISNEY LILO IR SI\u016aL\u0116 Gamintojo kodas Patalyn\u0117 lilo siuvin\u0117ta siuvin\u0117ta\" width=\"2560px\" data-srcset=\"\" \/><\/button><\/div>\n<\/div>\n<\/div>\n<\/div>\n<\/div>\n<div class=\"mpof_ki myre_zn myre_8v_l m389_6m_l\">\n<div class=\"mp4t_16_s mryx_16_s mr3m_1 mli2_1 mh85_56 mh85_0_l\">\n<div class=\"mg9e_8 mj7a_8 mg9e_0_s mvrt_0_s mj7a_0_s mh36_0_s mzmg_6m munh_16_l m3h2_16_l\">\n<div class=\"mp4t_0 mryx_0 munh_56 m3h2_56\">\n<div class=\"mp7g_oh\"><button class=\"mg9e_0 mvrt_0 mj7a_0 mh36_0 mp4t_0 m3h2_0 mryx_0 munh_0 mqen_m6 mpof_z0 mx7m_0 m7er_k4 mse2_k4 msts_pt\" data-analytics-interaction=\"true\" data-analytics-interaction-label=\"zoomable-image-open\" aria-disabled=\"true\"><img decoding=\"async\" class=\"msub_k4 mupj_5k mjru_k4 mse2_k4 mp7g_f6 mq1m_0 mj7u_0 m7er_k4 mqen_m6 m31c_d8 m0ux_fp lazyloaded\" src=\"https:\/\/a.allegroimg.com\/original\/11c0d0\/df6aa07f47fd87959db18dfc6db9\/POSCIEL-DZIECIECA-140x200-DISNEY-LILO-I-STITCH-Dlugosc-koldry-200-cm\" sizes=\"(min-width: 1200px) 560px, (min-width: 992px) 50vw, 100vw\" srcset=\"https:\/\/a.allegroimg.com\/s360\/11c0d0\/df6aa07f47fd87959db18dfc6db9\/POSCIEL-DZIECIECA-140x200-DISNEY-LILO-I-STITCH-Dlugosc-koldry-200-cm 360w,https:\/\/a.allegroimg.com\/s720\/11c0d0\/df6aa07f47fd87959db18dfc6db9\/POSCIEL-DZIECIECA-140x200-DISNEY-LILO-I-STITCH-Dlugosc-koldry-200-cm 720w,https:\/\/a.allegroimg.com\/s1024\/11c0d0\/df6aa07f47fd87959db18dfc6db9\/POSCIEL-DZIECIECA-140x200-DISNEY-LILO-I-STITCH-Dlugosc-koldry-200-cm 1024w,https:\/\/a.allegroimg.com\/s1440\/11c0d0\/df6aa07f47fd87959db18dfc6db9\/POSCIEL-DZIECIECA-140x200-DISNEY-LILO-I-STITCH-Dlugosc-koldry-200-cm 1440w,https:\/\/a.allegroimg.com\/original\/11c0d0\/df6aa07f47fd87959db18dfc6db9\/POSCIEL-DZIECIECA-140x200-DISNEY-LILO-I-STITCH-Dlugosc-koldry-200-cm 2560w\" alt=\"VAIKI\u0160KA PATALYN\u0116 140x200 DISNEY LILO IR SI\u016aL\u0116 Antklod\u0117s ilgis 200 cm\" width=\"2560px\" data-srcset=\"\" \/><\/button><\/div>\n<\/div>\n<\/div>\n<\/div>\n<div class=\"mp4t_16_s mryx_16_s mr3m_1 mli2_1 mh85_56 mh85_0_l\">\n<div class=\"mg9e_8 mj7a_8 mg9e_0_s mvrt_0_s mj7a_0_s mh36_0_s mzmg_6m munh_16_l m3h2_16_l\">\n<div class=\"mp4t_0 mryx_0 munh_56 m3h2_56\">\n<div class=\"mp7g_oh\"><button class=\"mg9e_0 mvrt_0 mj7a_0 mh36_0 mp4t_0 m3h2_0 mryx_0 munh_0 mqen_m6 mpof_z0 mx7m_0 m7er_k4 mse2_k4 msts_pt\" data-analytics-interaction=\"true\" data-analytics-interaction-label=\"zoomable-image-open\" aria-disabled=\"true\"><img decoding=\"async\" class=\"msub_k4 mupj_5k mjru_k4 mse2_k4 mp7g_f6 mq1m_0 mj7u_0 m7er_k4 mqen_m6 m31c_d8 m0ux_fp lazyloaded\" src=\"https:\/\/a.allegroimg.com\/original\/111e7e\/b47a1e5746449e12e80b4d7999e8\/POSCIEL-DZIECIECA-140x200-DISNEY-LILO-I-STITCH-Marka-Jerry-Fabrics\" sizes=\"(min-width: 1200px) 560px, (min-width: 992px) 50vw, 100vw\" srcset=\"https:\/\/a.allegroimg.com\/s360\/111e7e\/b47a1e5746449e12e80b4d7999e8\/POSCIEL-DZIECIECA-140x200-DISNEY-LILO-I-STITCH-Marka-Jerry-Fabrics 360w,https:\/\/a.allegroimg.com\/s720\/111e7e\/b47a1e5746449e12e80b4d7999e8\/POSCIEL-DZIECIECA-140x200-DISNEY-LILO-I-STITCH-Marka-Jerry-Fabrics 720w,https:\/\/a.allegroimg.com\/s1024\/111e7e\/b47a1e5746449e12e80b4d7999e8\/POSCIEL-DZIECIECA-140x200-DISNEY-LILO-I-STITCH-Marka-Jerry-Fabrics 1024w,https:\/\/a.allegroimg.com\/s1440\/111e7e\/b47a1e5746449e12e80b4d7999e8\/POSCIEL-DZIECIECA-140x200-DISNEY-LILO-I-STITCH-Marka-Jerry-Fabrics 1440w,https:\/\/a.allegroimg.com\/original\/111e7e\/b47a1e5746449e12e80b4d7999e8\/POSCIEL-DZIECIECA-140x200-DISNEY-LILO-I-STITCH-Marka-Jerry-Fabrics 2560w\" alt=\"VAIKI\u0160KA PATALYN\u0116 140x200 DISNEY LILO IR SI\u016aL\u0116. Prek\u0117s \u017eenklas Jerry Fabrics\" width=\"2560px\" data-srcset=\"\" \/><\/button><\/div>\n<\/div>\n<\/div>\n<\/div>\n<\/div>\n<div class=\"mpof_ki myre_zn myre_8v_l m389_6m_l\">\n<div class=\"mp4t_16_s mryx_16_s mr3m_1 mli2_1 mh85_56 mh85_0_l\">\n<div class=\"mg9e_8 mj7a_8 mg9e_0_s mvrt_0_s mj7a_0_s mh36_0_s mzmg_6m munh_16_l m3h2_16_l\">\n<div class=\"mp4t_0 mryx_0 munh_56 m3h2_56\">\n<div class=\"mp7g_oh\"><button class=\"mg9e_0 mvrt_0 mj7a_0 mh36_0 mp4t_0 m3h2_0 mryx_0 munh_0 mqen_m6 mpof_z0 mx7m_0 m7er_k4 mse2_k4 msts_pt\" data-analytics-interaction=\"true\" data-analytics-interaction-label=\"zoomable-image-open\" aria-disabled=\"true\"><img decoding=\"async\" class=\"msub_k4 mupj_5k mjru_k4 mse2_k4 mp7g_f6 mq1m_0 mj7u_0 m7er_k4 mqen_m6 m31c_d8 m0ux_fp lazyloaded\" src=\"https:\/\/a.allegroimg.com\/original\/119124\/0d0b31264d4991d87a944790c36f\/POSCIEL-DZIECIECA-140x200-DISNEY-LILO-I-STITCH\" sizes=\"100vw\" srcset=\"https:\/\/a.allegroimg.com\/s360\/119124\/0d0b31264d4991d87a944790c36f\/POSCIEL-DZIECIECA-140x200-DISNEY-LILO-I-STITCH 198w,https:\/\/a.allegroimg.com\/s720\/119124\/0d0b31264d4991d87a944790c36f\/POSCIEL-DZIECIECA-140x200-DISNEY-LILO-I-STITCH 397w,https:\/\/a.allegroimg.com\/s1024\/119124\/0d0b31264d4991d87a944790c36f\/POSCIEL-DZIECIECA-140x200-DISNEY-LILO-I-STITCH 565w,https:\/\/a.allegroimg.com\/s1440\/119124\/0d0b31264d4991d87a944790c36f\/POSCIEL-DZIECIECA-140x200-DISNEY-LILO-I-STITCH 666w,https:\/\/a.allegroimg.com\/original\/119124\/0d0b31264d4991d87a944790c36f\/POSCIEL-DZIECIECA-140x200-DISNEY-LILO-I-STITCH 666w\" alt=\"VAIKI\u0160KA PATALYN\u0116 140x200 DISNEY LILO IR SI\u016aL\u0116\" width=\"666px\" data-srcset=\"\" \/><\/button><\/div>\n<\/div>\n<\/div>\n<\/div>\n<\/div>","protected":false},"excerpt":{"rendered":"<p>Lilo Stich patalyn\u0117<\/p>","protected":false},"featured_media":65208,"template":"","meta":{"_acf_changed":false,"_glsr_average":0,"_glsr_ranking":0,"_glsr_reviews":0},"product_brand":[],"product_cat":[291],"product_tag":[],"class_list":{"0":"post-65207","1":"product","2":"type-product","3":"status-publish","4":"has-post-thumbnail","6":"product_cat-patalynes-komplektai","7":"\"style=\"background-color: #2ecc711c;\"","9":"first","10":"instock","11":"sale","12":"shipping-taxable","13":"purchasable","14":"product-type-simple"},"acf":[],"yoast_head":"<!-- This site is optimized with the Yoast SEO plugin v27.3 - https:\/\/yoast.com\/product\/yoast-seo-wordpress\/ -->\n<title>Lilo Stich patalyn\u0117 - KidsPlay<\/title>\n<meta name=\"description\" content=\"Lilo Stich patalyn\u0117\" \/>\n<meta name=\"robots\" content=\"index, follow, max-snippet:-1, max-image-preview:large, max-video-preview:-1\" \/>\n<link rel=\"canonical\" href=\"https:\/\/kidsplay.lt\/lv\/products\/lilo-stich-patalyne\/\" \/>\n<meta property=\"og:locale\" content=\"lv_LV\" \/>\n<meta property=\"og:type\" content=\"article\" \/>\n<meta property=\"og:title\" content=\"Lilo Stich patalyn\u0117 - KidsPlay\" \/>\n<meta property=\"og:description\" content=\"Lilo Stich patalyn\u0117\" \/>\n<meta property=\"og:url\" content=\"https:\/\/kidsplay.lt\/lv\/products\/lilo-stich-patalyne\/\" \/>\n<meta property=\"og:site_name\" content=\"KidsPlay\" \/>\n<meta property=\"article:publisher\" content=\"https:\/\/www.facebook.com\/www.kidsplay.lt\" \/>\n<meta property=\"article:modified_time\" content=\"2025-12-29T16:50:28+00:00\" \/>\n<meta property=\"og:image\" content=\"https:\/\/kidsplay.lt\/wp-content\/uploads\/2025\/09\/Screenshot_412.png\" \/>\n\t<meta property=\"og:image:width\" content=\"347\" \/>\n\t<meta property=\"og:image:height\" content=\"519\" \/>\n\t<meta property=\"og:image:type\" content=\"image\/png\" \/>\n<meta name=\"twitter:card\" content=\"summary_large_image\" \/>\n<meta name=\"twitter:label1\" content=\"Est. reading time\" \/>\n\t<meta name=\"twitter:data1\" content=\"3 min\u016btes\" \/>\n<script type=\"application\/ld+json\" class=\"yoast-schema-graph\">{\"@context\":\"https:\\\/\\\/schema.org\",\"@graph\":[{\"@type\":\"WebPage\",\"@id\":\"https:\\\/\\\/kidsplay.lt\\\/produktas\\\/lilo-stich-patalyne\\\/\",\"url\":\"https:\\\/\\\/kidsplay.lt\\\/produktas\\\/lilo-stich-patalyne\\\/\",\"name\":\"Lilo Stich patalyn\u0117 - KidsPlay\",\"isPartOf\":{\"@id\":\"https:\\\/\\\/kidsplay.lt\\\/#website\"},\"primaryImageOfPage\":{\"@id\":\"https:\\\/\\\/kidsplay.lt\\\/produktas\\\/lilo-stich-patalyne\\\/#primaryimage\"},\"image\":{\"@id\":\"https:\\\/\\\/kidsplay.lt\\\/produktas\\\/lilo-stich-patalyne\\\/#primaryimage\"},\"thumbnailUrl\":\"https:\\\/\\\/kidsplay.lt\\\/wp-content\\\/uploads\\\/2025\\\/09\\\/Screenshot_412.png\",\"datePublished\":\"2025-09-23T12:02:10+00:00\",\"dateModified\":\"2025-12-29T16:50:28+00:00\",\"description\":\"Lilo Stich patalyn\u0117\",\"breadcrumb\":{\"@id\":\"https:\\\/\\\/kidsplay.lt\\\/produktas\\\/lilo-stich-patalyne\\\/#breadcrumb\"},\"inLanguage\":\"lv-LV\",\"potentialAction\":[{\"@type\":\"ReadAction\",\"target\":[\"https:\\\/\\\/kidsplay.lt\\\/produktas\\\/lilo-stich-patalyne\\\/\"]}]},{\"@type\":\"ImageObject\",\"inLanguage\":\"lv-LV\",\"@id\":\"https:\\\/\\\/kidsplay.lt\\\/produktas\\\/lilo-stich-patalyne\\\/#primaryimage\",\"url\":\"https:\\\/\\\/kidsplay.lt\\\/wp-content\\\/uploads\\\/2025\\\/09\\\/Screenshot_412.png\",\"contentUrl\":\"https:\\\/\\\/kidsplay.lt\\\/wp-content\\\/uploads\\\/2025\\\/09\\\/Screenshot_412.png\",\"width\":347,\"height\":519},{\"@type\":\"BreadcrumbList\",\"@id\":\"https:\\\/\\\/kidsplay.lt\\\/produktas\\\/lilo-stich-patalyne\\\/#breadcrumb\",\"itemListElement\":[{\"@type\":\"ListItem\",\"position\":1,\"name\":\"Pagrindinis\",\"item\":\"https:\\\/\\\/kidsplay.lt\\\/\"},{\"@type\":\"ListItem\",\"position\":2,\"name\":\"Parduotuv\u0117\",\"item\":\"https:\\\/\\\/kidsplay.lt\\\/parduotuve\\\/\"},{\"@type\":\"ListItem\",\"position\":3,\"name\":\"Lilo Stich patalyn\u0117\"}]},{\"@type\":\"WebSite\",\"@id\":\"https:\\\/\\\/kidsplay.lt\\\/#website\",\"url\":\"https:\\\/\\\/kidsplay.lt\\\/\",\"name\":\"Kidsplay.lt\",\"description\":\"\u012evairios prek\u0117s vaikams\",\"publisher\":{\"@id\":\"https:\\\/\\\/kidsplay.lt\\\/#organization\"},\"alternateName\":\"Kidsplay\",\"potentialAction\":[{\"@type\":\"SearchAction\",\"target\":{\"@type\":\"EntryPoint\",\"urlTemplate\":\"https:\\\/\\\/kidsplay.lt\\\/?s={search_term_string}\"},\"query-input\":{\"@type\":\"PropertyValueSpecification\",\"valueRequired\":true,\"valueName\":\"search_term_string\"}}],\"inLanguage\":\"lv-LV\"},{\"@type\":\"Organization\",\"@id\":\"https:\\\/\\\/kidsplay.lt\\\/#organization\",\"name\":\"KidsPlay\",\"url\":\"https:\\\/\\\/kidsplay.lt\\\/\",\"logo\":{\"@type\":\"ImageObject\",\"inLanguage\":\"lv-LV\",\"@id\":\"https:\\\/\\\/kidsplay.lt\\\/#\\\/schema\\\/logo\\\/image\\\/\",\"url\":\"https:\\\/\\\/kidsplay.lt\\\/wp-content\\\/uploads\\\/2023\\\/07\\\/kidsplay-logo.png\",\"contentUrl\":\"https:\\\/\\\/kidsplay.lt\\\/wp-content\\\/uploads\\\/2023\\\/07\\\/kidsplay-logo.png\",\"width\":451,\"height\":98,\"caption\":\"KidsPlay\"},\"image\":{\"@id\":\"https:\\\/\\\/kidsplay.lt\\\/#\\\/schema\\\/logo\\\/image\\\/\"},\"sameAs\":[\"https:\\\/\\\/www.facebook.com\\\/www.kidsplay.lt\"]}]}<\/script>\n<!-- \/ Yoast SEO plugin. -->","yoast_head_json":{"title":"Lilo Stich patalyn\u0117 - KidsPlay","description":"Lilo Stich patalyn\u0117","robots":{"index":"index","follow":"follow","max-snippet":"max-snippet:-1","max-image-preview":"max-image-preview:large","max-video-preview":"max-video-preview:-1"},"canonical":"https:\/\/kidsplay.lt\/lv\/products\/lilo-stich-patalyne\/","og_locale":"lv_LV","og_type":"article","og_title":"Lilo Stich patalyn\u0117 - KidsPlay","og_description":"Lilo Stich patalyn\u0117","og_url":"https:\/\/kidsplay.lt\/lv\/products\/lilo-stich-patalyne\/","og_site_name":"KidsPlay","article_publisher":"https:\/\/www.facebook.com\/www.kidsplay.lt","article_modified_time":"2025-12-29T16:50:28+00:00","og_image":[{"width":347,"height":519,"url":"https:\/\/kidsplay.lt\/wp-content\/uploads\/2025\/09\/Screenshot_412.png","type":"image\/png"}],"twitter_card":"summary_large_image","twitter_misc":{"Est. reading time":"3 min\u016btes"},"schema":{"@context":"https:\/\/schema.org","@graph":[{"@type":"WebPage","@id":"https:\/\/kidsplay.lt\/produktas\/lilo-stich-patalyne\/","url":"https:\/\/kidsplay.lt\/produktas\/lilo-stich-patalyne\/","name":"Lilo Stich patalyn\u0117 - KidsPlay","isPartOf":{"@id":"https:\/\/kidsplay.lt\/#website"},"primaryImageOfPage":{"@id":"https:\/\/kidsplay.lt\/produktas\/lilo-stich-patalyne\/#primaryimage"},"image":{"@id":"https:\/\/kidsplay.lt\/produktas\/lilo-stich-patalyne\/#primaryimage"},"thumbnailUrl":"https:\/\/kidsplay.lt\/wp-content\/uploads\/2025\/09\/Screenshot_412.png","datePublished":"2025-09-23T12:02:10+00:00","dateModified":"2025-12-29T16:50:28+00:00","description":"Lilo Stich patalyn\u0117","breadcrumb":{"@id":"https:\/\/kidsplay.lt\/produktas\/lilo-stich-patalyne\/#breadcrumb"},"inLanguage":"lv-LV","potentialAction":[{"@type":"ReadAction","target":["https:\/\/kidsplay.lt\/produktas\/lilo-stich-patalyne\/"]}]},{"@type":"ImageObject","inLanguage":"lv-LV","@id":"https:\/\/kidsplay.lt\/produktas\/lilo-stich-patalyne\/#primaryimage","url":"https:\/\/kidsplay.lt\/wp-content\/uploads\/2025\/09\/Screenshot_412.png","contentUrl":"https:\/\/kidsplay.lt\/wp-content\/uploads\/2025\/09\/Screenshot_412.png","width":347,"height":519},{"@type":"BreadcrumbList","@id":"https:\/\/kidsplay.lt\/produktas\/lilo-stich-patalyne\/#breadcrumb","itemListElement":[{"@type":"ListItem","position":1,"name":"Pagrindinis","item":"https:\/\/kidsplay.lt\/"},{"@type":"ListItem","position":2,"name":"Parduotuv\u0117","item":"https:\/\/kidsplay.lt\/parduotuve\/"},{"@type":"ListItem","position":3,"name":"Lilo Stich patalyn\u0117"}]},{"@type":"WebSite","@id":"https:\/\/kidsplay.lt\/#website","url":"https:\/\/kidsplay.lt\/","name":"B\u0113rnu sp\u0113les.lv","description":"\u012evairios prek\u0117s vaikams","publisher":{"@id":"https:\/\/kidsplay.lt\/#organization"},"alternateName":"Kidsplay","potentialAction":[{"@type":"SearchAction","target":{"@type":"EntryPoint","urlTemplate":"https:\/\/kidsplay.lt\/?s={search_term_string}"},"query-input":{"@type":"PropertyValueSpecification","valueRequired":true,"valueName":"search_term_string"}}],"inLanguage":"lv-LV"},{"@type":"Organization","@id":"https:\/\/kidsplay.lt\/#organization","name":"B\u0113rnu sp\u0113le","url":"https:\/\/kidsplay.lt\/","logo":{"@type":"ImageObject","inLanguage":"lv-LV","@id":"https:\/\/kidsplay.lt\/#\/schema\/logo\/image\/","url":"https:\/\/kidsplay.lt\/wp-content\/uploads\/2023\/07\/kidsplay-logo.png","contentUrl":"https:\/\/kidsplay.lt\/wp-content\/uploads\/2023\/07\/kidsplay-logo.png","width":451,"height":98,"caption":"KidsPlay"},"image":{"@id":"https:\/\/kidsplay.lt\/#\/schema\/logo\/image\/"},"sameAs":["https:\/\/www.facebook.com\/www.kidsplay.lt"]}]}},"_links":{"self":[{"href":"https:\/\/kidsplay.lt\/lv\/wp-json\/wp\/v2\/product\/65207","targetHints":{"allow":["GET"]}}],"collection":[{"href":"https:\/\/kidsplay.lt\/lv\/wp-json\/wp\/v2\/product"}],"about":[{"href":"https:\/\/kidsplay.lt\/lv\/wp-json\/wp\/v2\/types\/product"}],"version-history":[{"count":3,"href":"https:\/\/kidsplay.lt\/lv\/wp-json\/wp\/v2\/product\/65207\/revisions"}],"predecessor-version":[{"id":74072,"href":"https:\/\/kidsplay.lt\/lv\/wp-json\/wp\/v2\/product\/65207\/revisions\/74072"}],"wp:featuredmedia":[{"embeddable":true,"href":"https:\/\/kidsplay.lt\/lv\/wp-json\/wp\/v2\/media\/65208"}],"wp:attachment":[{"href":"https:\/\/kidsplay.lt\/lv\/wp-json\/wp\/v2\/media?parent=65207"}],"wp:term":[{"taxonomy":"product_brand","embeddable":true,"href":"https:\/\/kidsplay.lt\/lv\/wp-json\/wp\/v2\/product_brand?post=65207"},{"taxonomy":"product_cat","embeddable":true,"href":"https:\/\/kidsplay.lt\/lv\/wp-json\/wp\/v2\/product_cat?post=65207"},{"taxonomy":"product_tag","embeddable":true,"href":"https:\/\/kidsplay.lt\/lv\/wp-json\/wp\/v2\/product_tag?post=65207"}],"curies":[{"name":"wp","href":"https:\/\/api.w.org\/{rel}","templated":true}]}}