{"id":65216,"date":"2025-09-23T15:09:06","date_gmt":"2025-09-23T12:09:06","guid":{"rendered":"https:\/\/kidsplay.lt\/?post_type=product&#038;p=65216"},"modified":"2025-12-29T18:51:54","modified_gmt":"2025-12-29T16:51:54","slug":"patalyne-kudikio-lovelei-100x135-paw-patrol","status":"publish","type":"product","link":"https:\/\/kidsplay.lt\/lv\/products\/patalyne-kudikio-lovelei-100x135-paw-patrol\/","title":{"rendered":"GULTASVE\u013bA b\u0113rnu gulti\u0146ai 100X135 \u0136EPU PATRULJA"},"content":{"rendered":"<div class=\"mpof_ki myre_zn myre_8v_l m389_6m_l\">\n<div class=\"mp4t_16_s mryx_16_s mr3m_1 mli2_1 mh85_56 mh85_0_l\">\n<div class=\"mgn2_16 _0d3bd_am0a-\">\n<h1><span dir=\"auto\">\u012e lov\u0105<\/span><\/h1>\n<p><span dir=\"auto\">100 % MEDVILN\u0116S!<\/span><\/p>\n<p><span dir=\"auto\">100&#215;135<\/span><\/p>\n<p><b><span dir=\"auto\">LET\u0172 PATRULIS<\/span><\/b><\/p>\n<p><b><span dir=\"auto\">Medvilnin\u0117 patalyn\u0117, matmenys: 100&#215;135 + 40&#215;60 cm<\/span><\/b><\/p>\n<p><span dir=\"auto\">skirtas k\u016bdikiams ir ma\u017eiems vaikams.<\/span><\/p>\n<p><span dir=\"auto\">Pagaminta i\u0161 auk\u0161\u010diausios kokyb\u0117s antialergin\u0117s ir nedirginan\u010dios odos,<\/span><\/p>\n<p><span dir=\"auto\">100 % medviln\u0117s. Jis pasi\u017eymi patvariomis ir sodriomis spalvomis, kurios i\u0161lieka net po daugyb\u0117s skalbim\u0173.<\/span><\/p>\n<p><span dir=\"auto\">Jo privalumas \u2013 u\u017esegimas u\u017etrauktuku.<\/span><\/p>\n<p><span dir=\"auto\">D\u0117l pasakos persona\u017eo ra\u0161to patalyn\u0117 puikiai dera prie vaik\u0173 kambario i\u0161vaizdos.<\/span><\/p>\n<p><span dir=\"auto\">Vaikams skirti produktai gaminami atsi\u017evelgiant \u012f saugum\u0105 ir auk\u0161\u010diausi\u0105 kokyb\u0119.<\/span><\/p>\n<p><span dir=\"auto\">Jie turi \u201eOeko-Tex Standard 100\u201c sertifikat\u0105.<\/span><\/p>\n<p><span dir=\"auto\">Patalyn\u0117 i\u0161 100% auk\u0161tos kokyb\u0117s medviln\u0117s!<\/span><\/p>\n<p><span dir=\"auto\">Skalbimo temperat\u016bra: 40 laipsni\u0173 Celsijaus<\/span><\/p>\n<p><span dir=\"auto\">Patalyn\u0117s komplekt\u0173 dyd\u017eio tolerancija yra +\/-3<\/span><\/p>\n<\/div>\n<\/div>\n<div class=\"mp4t_16_s mryx_16_s mr3m_1 mli2_1 mh85_56 mh85_0_l\">\n<div class=\"mg9e_8 mj7a_8 mg9e_0_s mvrt_0_s mj7a_0_s mh36_0_s mzmg_6m munh_16_l m3h2_16_l\">\n<div class=\"mp4t_0 mryx_0 munh_56 m3h2_56\">\n<div class=\"mp7g_oh\"><button class=\"mg9e_0 mvrt_0 mj7a_0 mh36_0 mp4t_0 m3h2_0 mryx_0 munh_0 mqen_m6 mpof_z0 mx7m_0 m7er_k4 mse2_k4 msts_pt\" data-analytics-interaction=\"true\" data-analytics-interaction-label=\"zoomable-image-open\" aria-disabled=\"true\"><img decoding=\"async\" class=\"msub_k4 mupj_5k mjru_k4 mse2_k4 mp7g_f6 mq1m_0 mj7u_0 m7er_k4 mqen_m6 m31c_d8 m0ux_fp lazyloaded\" src=\"https:\/\/a.allegroimg.com\/original\/11d14d\/6c6ab4784a1180779c443d8fbcf1\/POSCIEL-do-lozeczka-100X135-PSI-PATROL-PSY-dla-dziecka-dziecieca-wzory\" sizes=\"(min-width: 1200px) 560px, (min-width: 992px) 50vw, 100vw\" srcset=\"https:\/\/a.allegroimg.com\/s360\/11d14d\/6c6ab4784a1180779c443d8fbcf1\/POSCIEL-do-lozeczka-100X135-PSI-PATROL-PSY-dla-dziecka-dziecieca-wzory 217w,https:\/\/a.allegroimg.com\/s720\/11d14d\/6c6ab4784a1180779c443d8fbcf1\/POSCIEL-do-lozeczka-100X135-PSI-PATROL-PSY-dla-dziecka-dziecieca-wzory 434w,https:\/\/a.allegroimg.com\/s1024\/11d14d\/6c6ab4784a1180779c443d8fbcf1\/POSCIEL-do-lozeczka-100X135-PSI-PATROL-PSY-dla-dziecka-dziecieca-wzory 618w,https:\/\/a.allegroimg.com\/s1440\/11d14d\/6c6ab4784a1180779c443d8fbcf1\/POSCIEL-do-lozeczka-100X135-PSI-PATROL-PSY-dla-dziecka-dziecieca-wzory 869w,https:\/\/a.allegroimg.com\/original\/11d14d\/6c6ab4784a1180779c443d8fbcf1\/POSCIEL-do-lozeczka-100X135-PSI-PATROL-PSY-dla-dziecka-dziecieca-wzory 1546w\" alt=\"PATALYN\u0116 k\u016bdikio lovelei 100X135 PAW PATROL DOGS ra\u0161tai\" width=\"1546px\" data-srcset=\"\" \/><\/button><\/div>\n<\/div>\n<\/div>\n<\/div>\n<\/div>\n<div class=\"mpof_ki myre_zn myre_8v_l m389_6m_l\">\n<div class=\"mp4t_16_s mryx_16_s mr3m_1 mli2_1 mh85_56 mh85_0_l\">\n<div class=\"mgn2_16 _0d3bd_am0a-\">\n<p><b><span dir=\"auto\">Galimas ra\u0161tas:<\/span><\/b><\/p>\n<\/div>\n<\/div>\n<\/div>\n<div class=\"mpof_ki myre_zn myre_8v_l m389_6m_l\">\n<div class=\"mp4t_16_s mryx_16_s mr3m_1 mli2_1 mh85_56 mh85_0_l\">\n<div class=\"mgn2_16 _0d3bd_am0a-\">\n<ul>\n<li><b><span dir=\"auto\">LET\u0172 PATRULIS 299<\/span><\/b><\/li>\n<\/ul>\n<\/div>\n<\/div>\n<div class=\"mp4t_16_s mryx_16_s mr3m_1 mli2_1 mh85_56 mh85_0_l\">\n<div class=\"mg9e_8 mj7a_8 mg9e_0_s mvrt_0_s mj7a_0_s mh36_0_s mzmg_6m munh_16_l m3h2_16_l\">\n<div class=\"mp4t_0 mryx_0 munh_56 m3h2_56\">\n<div class=\"mp7g_oh\"><button class=\"mg9e_0 mvrt_0 mj7a_0 mh36_0 mp4t_0 m3h2_0 mryx_0 munh_0 mqen_m6 mpof_z0 mx7m_0 m7er_k4 mse2_k4 msts_pt\" data-analytics-interaction=\"true\" data-analytics-interaction-label=\"zoomable-image-open\" aria-disabled=\"true\"><img decoding=\"async\" class=\"msub_k4 mupj_5k mjru_k4 mse2_k4 mp7g_f6 mq1m_0 mj7u_0 m7er_k4 mqen_m6 m31c_d8 m0ux_fp lazyloaded\" src=\"https:\/\/a.allegroimg.com\/original\/11d14d\/6c6ab4784a1180779c443d8fbcf1\/POSCIEL-do-lozeczka-100X135-PSI-PATROL-PSY-dla-dziecka-dziecieca-wzory\" sizes=\"(min-width: 1200px) 560px, (min-width: 992px) 50vw, 100vw\" srcset=\"https:\/\/a.allegroimg.com\/s360\/11d14d\/6c6ab4784a1180779c443d8fbcf1\/POSCIEL-do-lozeczka-100X135-PSI-PATROL-PSY-dla-dziecka-dziecieca-wzory 217w,https:\/\/a.allegroimg.com\/s720\/11d14d\/6c6ab4784a1180779c443d8fbcf1\/POSCIEL-do-lozeczka-100X135-PSI-PATROL-PSY-dla-dziecka-dziecieca-wzory 434w,https:\/\/a.allegroimg.com\/s1024\/11d14d\/6c6ab4784a1180779c443d8fbcf1\/POSCIEL-do-lozeczka-100X135-PSI-PATROL-PSY-dla-dziecka-dziecieca-wzory 618w,https:\/\/a.allegroimg.com\/s1440\/11d14d\/6c6ab4784a1180779c443d8fbcf1\/POSCIEL-do-lozeczka-100X135-PSI-PATROL-PSY-dla-dziecka-dziecieca-wzory 869w,https:\/\/a.allegroimg.com\/original\/11d14d\/6c6ab4784a1180779c443d8fbcf1\/POSCIEL-do-lozeczka-100X135-PSI-PATROL-PSY-dla-dziecka-dziecieca-wzory 1546w\" alt=\"PATALYN\u0116 k\u016bdikio lovelei 100X135 PAW PATROL DOGS ra\u0161tai\" width=\"1546px\" data-srcset=\"\" \/><\/button><\/div>\n<\/div>\n<\/div>\n<\/div>\n<\/div>\n<div class=\"mpof_ki myre_zn myre_8v_l m389_6m_l\">\n<div class=\"mp4t_16_s mryx_16_s mr3m_1 mli2_1 mh85_56 mh85_0_l\">\n<div class=\"mg9e_8 mj7a_8 mg9e_0_s mvrt_0_s mj7a_0_s mh36_0_s mzmg_6m munh_16_l m3h2_16_l\">\n<div class=\"mp4t_0 mryx_0 munh_56 m3h2_56\">\n<div class=\"mp7g_oh\"><button class=\"mg9e_0 mvrt_0 mj7a_0 mh36_0 mp4t_0 m3h2_0 mryx_0 munh_0 mqen_m6 mpof_z0 mx7m_0 m7er_k4 mse2_k4 msts_pt\" data-analytics-interaction=\"true\" data-analytics-interaction-label=\"zoomable-image-open\" aria-disabled=\"true\"><img decoding=\"async\" class=\"msub_k4 mupj_5k mjru_k4 mse2_k4 mp7g_f6 mq1m_0 mj7u_0 m7er_k4 mqen_m6 m31c_d8 m0ux_fp lazyloaded\" src=\"https:\/\/a.allegroimg.com\/original\/11e322\/e68c7b084b819986cace7cb40b03\/POSCIEL-do-lozeczka-100X135-PSI-PATROL-PSY-dla-dziecka-dziecieca-wzory-EAN-GTIN-5710756062263\" sizes=\"100vw\" srcset=\"https:\/\/a.allegroimg.com\/s360\/11e322\/e68c7b084b819986cace7cb40b03\/POSCIEL-do-lozeczka-100X135-PSI-PATROL-PSY-dla-dziecka-dziecieca-wzory-EAN-GTIN-5710756062263 360w,https:\/\/a.allegroimg.com\/s720\/11e322\/e68c7b084b819986cace7cb40b03\/POSCIEL-do-lozeczka-100X135-PSI-PATROL-PSY-dla-dziecka-dziecieca-wzory-EAN-GTIN-5710756062263 720w,https:\/\/a.allegroimg.com\/s1024\/11e322\/e68c7b084b819986cace7cb40b03\/POSCIEL-do-lozeczka-100X135-PSI-PATROL-PSY-dla-dziecka-dziecieca-wzory-EAN-GTIN-5710756062263 1024w,https:\/\/a.allegroimg.com\/s1440\/11e322\/e68c7b084b819986cace7cb40b03\/POSCIEL-do-lozeczka-100X135-PSI-PATROL-PSY-dla-dziecka-dziecieca-wzory-EAN-GTIN-5710756062263 1440w,https:\/\/a.allegroimg.com\/original\/11e322\/e68c7b084b819986cace7cb40b03\/POSCIEL-do-lozeczka-100X135-PSI-PATROL-PSY-dla-dziecka-dziecieca-wzory-EAN-GTIN-5710756062263 2560w\" alt=\"PATALYN\u0116 lovelei 100X135 PAW PATROL \u0160UNYS vaikui vaiki\u0161ki ra\u0161tai EAN (GTIN) 5710756062263\" width=\"2560px\" data-srcset=\"\" \/><\/button><\/div>\n<\/div>\n<\/div>\n<\/div>\n<\/div>\n<div class=\"mpof_ki myre_zn myre_8v_l m389_6m_l\">\n<div class=\"mp4t_16_s mryx_16_s mr3m_1 mli2_1 mh85_56 mh85_0_l\">\n<div class=\"mg9e_8 mj7a_8 mg9e_0_s mvrt_0_s mj7a_0_s mh36_0_s mzmg_6m munh_16_l m3h2_16_l\">\n<div class=\"mp4t_0 mryx_0 munh_56 m3h2_56\">\n<div class=\"mp7g_oh\"><button class=\"mg9e_0 mvrt_0 mj7a_0 mh36_0 mp4t_0 m3h2_0 mryx_0 munh_0 mqen_m6 mpof_z0 mx7m_0 m7er_k4 mse2_k4 msts_pt\" data-analytics-interaction=\"true\" data-analytics-interaction-label=\"zoomable-image-open\" aria-disabled=\"true\"><img decoding=\"async\" class=\"msub_k4 mupj_5k mjru_k4 mse2_k4 mp7g_f6 mq1m_0 mj7u_0 m7er_k4 mqen_m6 m31c_d8 m0ux_fp lazyloaded\" src=\"https:\/\/a.allegroimg.com\/original\/11d14d\/6c6ab4784a1180779c443d8fbcf1\/POSCIEL-do-lozeczka-100X135-PSI-PATROL-PSY-dla-dziecka-dziecieca-wzory\" sizes=\"100vw\" srcset=\"https:\/\/a.allegroimg.com\/s360\/11d14d\/6c6ab4784a1180779c443d8fbcf1\/POSCIEL-do-lozeczka-100X135-PSI-PATROL-PSY-dla-dziecka-dziecieca-wzory 217w,https:\/\/a.allegroimg.com\/s720\/11d14d\/6c6ab4784a1180779c443d8fbcf1\/POSCIEL-do-lozeczka-100X135-PSI-PATROL-PSY-dla-dziecka-dziecieca-wzory 434w,https:\/\/a.allegroimg.com\/s1024\/11d14d\/6c6ab4784a1180779c443d8fbcf1\/POSCIEL-do-lozeczka-100X135-PSI-PATROL-PSY-dla-dziecka-dziecieca-wzory 618w,https:\/\/a.allegroimg.com\/s1440\/11d14d\/6c6ab4784a1180779c443d8fbcf1\/POSCIEL-do-lozeczka-100X135-PSI-PATROL-PSY-dla-dziecka-dziecieca-wzory 869w,https:\/\/a.allegroimg.com\/original\/11d14d\/6c6ab4784a1180779c443d8fbcf1\/POSCIEL-do-lozeczka-100X135-PSI-PATROL-PSY-dla-dziecka-dziecieca-wzory 1546w\" alt=\"PATALYN\u0116 k\u016bdikio lovelei 100X135 PAW PATROL DOGS ra\u0161tai\" width=\"1546px\" data-srcset=\"\" \/><\/button><\/div>\n<\/div>\n<\/div>\n<\/div>\n<\/div>","protected":false},"excerpt":{"rendered":"<p>GULTASVE\u013bA b\u0113rnu gulti\u0146ai 100X135 \u0136EPU PATRULJA<\/p>","protected":false},"featured_media":65217,"template":"","meta":{"_acf_changed":false,"_glsr_average":0,"_glsr_ranking":0,"_glsr_reviews":0},"product_brand":[],"product_cat":[291],"product_tag":[],"class_list":{"0":"post-65216","1":"product","2":"type-product","3":"status-publish","4":"has-post-thumbnail","6":"product_cat-patalynes-komplektai","7":"\"style=\"background-color: #2ecc711c;\"","9":"first","10":"instock","11":"sale","12":"shipping-taxable","13":"purchasable","14":"product-type-simple"},"acf":[],"yoast_head":"<!-- This site is optimized with the Yoast SEO plugin v27.3 - https:\/\/yoast.com\/product\/yoast-seo-wordpress\/ -->\n<title>PATALYN\u0116 k\u016bdikio lovelei 100X135 PAW PATROL - KidsPlay<\/title>\n<meta name=\"description\" content=\"PATALYN\u0116 k\u016bdikio lovelei 100X135 PAW PATROL\" \/>\n<meta name=\"robots\" content=\"index, follow, max-snippet:-1, max-image-preview:large, max-video-preview:-1\" \/>\n<link rel=\"canonical\" href=\"https:\/\/kidsplay.lt\/lv\/products\/patalyne-kudikio-lovelei-100x135-paw-patrol\/\" \/>\n<meta property=\"og:locale\" content=\"lv_LV\" \/>\n<meta property=\"og:type\" content=\"article\" \/>\n<meta property=\"og:title\" content=\"PATALYN\u0116 k\u016bdikio lovelei 100X135 PAW PATROL - KidsPlay\" \/>\n<meta property=\"og:description\" content=\"PATALYN\u0116 k\u016bdikio lovelei 100X135 PAW PATROL\" \/>\n<meta property=\"og:url\" content=\"https:\/\/kidsplay.lt\/lv\/products\/patalyne-kudikio-lovelei-100x135-paw-patrol\/\" \/>\n<meta property=\"og:site_name\" content=\"KidsPlay\" \/>\n<meta property=\"article:publisher\" content=\"https:\/\/www.facebook.com\/www.kidsplay.lt\" \/>\n<meta property=\"article:modified_time\" content=\"2025-12-29T16:51:54+00:00\" \/>\n<meta property=\"og:image\" content=\"https:\/\/kidsplay.lt\/wp-content\/uploads\/2025\/09\/Screenshot_417.png\" \/>\n\t<meta property=\"og:image:width\" content=\"601\" \/>\n\t<meta property=\"og:image:height\" content=\"844\" \/>\n\t<meta property=\"og:image:type\" content=\"image\/png\" \/>\n<meta name=\"twitter:card\" content=\"summary_large_image\" \/>\n<meta name=\"twitter:label1\" content=\"Est. reading time\" \/>\n\t<meta name=\"twitter:data1\" content=\"2 min\u016btes\" \/>\n<script type=\"application\/ld+json\" class=\"yoast-schema-graph\">{\"@context\":\"https:\\\/\\\/schema.org\",\"@graph\":[{\"@type\":\"WebPage\",\"@id\":\"https:\\\/\\\/kidsplay.lt\\\/produktas\\\/patalyne-kudikio-lovelei-100x135-paw-patrol\\\/\",\"url\":\"https:\\\/\\\/kidsplay.lt\\\/produktas\\\/patalyne-kudikio-lovelei-100x135-paw-patrol\\\/\",\"name\":\"PATALYN\u0116 k\u016bdikio lovelei 100X135 PAW PATROL - KidsPlay\",\"isPartOf\":{\"@id\":\"https:\\\/\\\/kidsplay.lt\\\/#website\"},\"primaryImageOfPage\":{\"@id\":\"https:\\\/\\\/kidsplay.lt\\\/produktas\\\/patalyne-kudikio-lovelei-100x135-paw-patrol\\\/#primaryimage\"},\"image\":{\"@id\":\"https:\\\/\\\/kidsplay.lt\\\/produktas\\\/patalyne-kudikio-lovelei-100x135-paw-patrol\\\/#primaryimage\"},\"thumbnailUrl\":\"https:\\\/\\\/kidsplay.lt\\\/wp-content\\\/uploads\\\/2025\\\/09\\\/Screenshot_417.png\",\"datePublished\":\"2025-09-23T12:09:06+00:00\",\"dateModified\":\"2025-12-29T16:51:54+00:00\",\"description\":\"PATALYN\u0116 k\u016bdikio lovelei 100X135 PAW PATROL\",\"breadcrumb\":{\"@id\":\"https:\\\/\\\/kidsplay.lt\\\/produktas\\\/patalyne-kudikio-lovelei-100x135-paw-patrol\\\/#breadcrumb\"},\"inLanguage\":\"lv-LV\",\"potentialAction\":[{\"@type\":\"ReadAction\",\"target\":[\"https:\\\/\\\/kidsplay.lt\\\/produktas\\\/patalyne-kudikio-lovelei-100x135-paw-patrol\\\/\"]}]},{\"@type\":\"ImageObject\",\"inLanguage\":\"lv-LV\",\"@id\":\"https:\\\/\\\/kidsplay.lt\\\/produktas\\\/patalyne-kudikio-lovelei-100x135-paw-patrol\\\/#primaryimage\",\"url\":\"https:\\\/\\\/kidsplay.lt\\\/wp-content\\\/uploads\\\/2025\\\/09\\\/Screenshot_417.png\",\"contentUrl\":\"https:\\\/\\\/kidsplay.lt\\\/wp-content\\\/uploads\\\/2025\\\/09\\\/Screenshot_417.png\",\"width\":601,\"height\":844},{\"@type\":\"BreadcrumbList\",\"@id\":\"https:\\\/\\\/kidsplay.lt\\\/produktas\\\/patalyne-kudikio-lovelei-100x135-paw-patrol\\\/#breadcrumb\",\"itemListElement\":[{\"@type\":\"ListItem\",\"position\":1,\"name\":\"Pagrindinis\",\"item\":\"https:\\\/\\\/kidsplay.lt\\\/\"},{\"@type\":\"ListItem\",\"position\":2,\"name\":\"Parduotuv\u0117\",\"item\":\"https:\\\/\\\/kidsplay.lt\\\/parduotuve\\\/\"},{\"@type\":\"ListItem\",\"position\":3,\"name\":\"PATALYN\u0116 k\u016bdikio lovelei 100X135 PAW PATROL\"}]},{\"@type\":\"WebSite\",\"@id\":\"https:\\\/\\\/kidsplay.lt\\\/#website\",\"url\":\"https:\\\/\\\/kidsplay.lt\\\/\",\"name\":\"Kidsplay.lt\",\"description\":\"\u012evairios prek\u0117s vaikams\",\"publisher\":{\"@id\":\"https:\\\/\\\/kidsplay.lt\\\/#organization\"},\"alternateName\":\"Kidsplay\",\"potentialAction\":[{\"@type\":\"SearchAction\",\"target\":{\"@type\":\"EntryPoint\",\"urlTemplate\":\"https:\\\/\\\/kidsplay.lt\\\/?s={search_term_string}\"},\"query-input\":{\"@type\":\"PropertyValueSpecification\",\"valueRequired\":true,\"valueName\":\"search_term_string\"}}],\"inLanguage\":\"lv-LV\"},{\"@type\":\"Organization\",\"@id\":\"https:\\\/\\\/kidsplay.lt\\\/#organization\",\"name\":\"KidsPlay\",\"url\":\"https:\\\/\\\/kidsplay.lt\\\/\",\"logo\":{\"@type\":\"ImageObject\",\"inLanguage\":\"lv-LV\",\"@id\":\"https:\\\/\\\/kidsplay.lt\\\/#\\\/schema\\\/logo\\\/image\\\/\",\"url\":\"https:\\\/\\\/kidsplay.lt\\\/wp-content\\\/uploads\\\/2023\\\/07\\\/kidsplay-logo.png\",\"contentUrl\":\"https:\\\/\\\/kidsplay.lt\\\/wp-content\\\/uploads\\\/2023\\\/07\\\/kidsplay-logo.png\",\"width\":451,\"height\":98,\"caption\":\"KidsPlay\"},\"image\":{\"@id\":\"https:\\\/\\\/kidsplay.lt\\\/#\\\/schema\\\/logo\\\/image\\\/\"},\"sameAs\":[\"https:\\\/\\\/www.facebook.com\\\/www.kidsplay.lt\"]}]}<\/script>\n<!-- \/ Yoast SEO plugin. -->","yoast_head_json":{"title":"PATALYN\u0116 k\u016bdikio lovelei 100X135 PAW PATROL - KidsPlay","description":"GULTASVE\u013bA b\u0113rnu gulti\u0146ai 100X135 \u0136EPU PATRULJA","robots":{"index":"index","follow":"follow","max-snippet":"max-snippet:-1","max-image-preview":"max-image-preview:large","max-video-preview":"max-video-preview:-1"},"canonical":"https:\/\/kidsplay.lt\/lv\/products\/patalyne-kudikio-lovelei-100x135-paw-patrol\/","og_locale":"lv_LV","og_type":"article","og_title":"PATALYN\u0116 k\u016bdikio lovelei 100X135 PAW PATROL - KidsPlay","og_description":"PATALYN\u0116 k\u016bdikio lovelei 100X135 PAW PATROL","og_url":"https:\/\/kidsplay.lt\/lv\/products\/patalyne-kudikio-lovelei-100x135-paw-patrol\/","og_site_name":"KidsPlay","article_publisher":"https:\/\/www.facebook.com\/www.kidsplay.lt","article_modified_time":"2025-12-29T16:51:54+00:00","og_image":[{"width":601,"height":844,"url":"https:\/\/kidsplay.lt\/wp-content\/uploads\/2025\/09\/Screenshot_417.png","type":"image\/png"}],"twitter_card":"summary_large_image","twitter_misc":{"Est. reading time":"2 min\u016btes"},"schema":{"@context":"https:\/\/schema.org","@graph":[{"@type":"WebPage","@id":"https:\/\/kidsplay.lt\/produktas\/patalyne-kudikio-lovelei-100x135-paw-patrol\/","url":"https:\/\/kidsplay.lt\/produktas\/patalyne-kudikio-lovelei-100x135-paw-patrol\/","name":"PATALYN\u0116 k\u016bdikio lovelei 100X135 PAW PATROL - KidsPlay","isPartOf":{"@id":"https:\/\/kidsplay.lt\/#website"},"primaryImageOfPage":{"@id":"https:\/\/kidsplay.lt\/produktas\/patalyne-kudikio-lovelei-100x135-paw-patrol\/#primaryimage"},"image":{"@id":"https:\/\/kidsplay.lt\/produktas\/patalyne-kudikio-lovelei-100x135-paw-patrol\/#primaryimage"},"thumbnailUrl":"https:\/\/kidsplay.lt\/wp-content\/uploads\/2025\/09\/Screenshot_417.png","datePublished":"2025-09-23T12:09:06+00:00","dateModified":"2025-12-29T16:51:54+00:00","description":"GULTASVE\u013bA b\u0113rnu gulti\u0146ai 100X135 \u0136EPU PATRULJA","breadcrumb":{"@id":"https:\/\/kidsplay.lt\/produktas\/patalyne-kudikio-lovelei-100x135-paw-patrol\/#breadcrumb"},"inLanguage":"lv-LV","potentialAction":[{"@type":"ReadAction","target":["https:\/\/kidsplay.lt\/produktas\/patalyne-kudikio-lovelei-100x135-paw-patrol\/"]}]},{"@type":"ImageObject","inLanguage":"lv-LV","@id":"https:\/\/kidsplay.lt\/produktas\/patalyne-kudikio-lovelei-100x135-paw-patrol\/#primaryimage","url":"https:\/\/kidsplay.lt\/wp-content\/uploads\/2025\/09\/Screenshot_417.png","contentUrl":"https:\/\/kidsplay.lt\/wp-content\/uploads\/2025\/09\/Screenshot_417.png","width":601,"height":844},{"@type":"BreadcrumbList","@id":"https:\/\/kidsplay.lt\/produktas\/patalyne-kudikio-lovelei-100x135-paw-patrol\/#breadcrumb","itemListElement":[{"@type":"ListItem","position":1,"name":"Pagrindinis","item":"https:\/\/kidsplay.lt\/"},{"@type":"ListItem","position":2,"name":"Parduotuv\u0117","item":"https:\/\/kidsplay.lt\/parduotuve\/"},{"@type":"ListItem","position":3,"name":"PATALYN\u0116 k\u016bdikio lovelei 100X135 PAW PATROL"}]},{"@type":"WebSite","@id":"https:\/\/kidsplay.lt\/#website","url":"https:\/\/kidsplay.lt\/","name":"B\u0113rnu sp\u0113les.lv","description":"\u012evairios prek\u0117s vaikams","publisher":{"@id":"https:\/\/kidsplay.lt\/#organization"},"alternateName":"Kidsplay","potentialAction":[{"@type":"SearchAction","target":{"@type":"EntryPoint","urlTemplate":"https:\/\/kidsplay.lt\/?s={search_term_string}"},"query-input":{"@type":"PropertyValueSpecification","valueRequired":true,"valueName":"search_term_string"}}],"inLanguage":"lv-LV"},{"@type":"Organization","@id":"https:\/\/kidsplay.lt\/#organization","name":"B\u0113rnu sp\u0113le","url":"https:\/\/kidsplay.lt\/","logo":{"@type":"ImageObject","inLanguage":"lv-LV","@id":"https:\/\/kidsplay.lt\/#\/schema\/logo\/image\/","url":"https:\/\/kidsplay.lt\/wp-content\/uploads\/2023\/07\/kidsplay-logo.png","contentUrl":"https:\/\/kidsplay.lt\/wp-content\/uploads\/2023\/07\/kidsplay-logo.png","width":451,"height":98,"caption":"KidsPlay"},"image":{"@id":"https:\/\/kidsplay.lt\/#\/schema\/logo\/image\/"},"sameAs":["https:\/\/www.facebook.com\/www.kidsplay.lt"]}]}},"_links":{"self":[{"href":"https:\/\/kidsplay.lt\/lv\/wp-json\/wp\/v2\/product\/65216","targetHints":{"allow":["GET"]}}],"collection":[{"href":"https:\/\/kidsplay.lt\/lv\/wp-json\/wp\/v2\/product"}],"about":[{"href":"https:\/\/kidsplay.lt\/lv\/wp-json\/wp\/v2\/types\/product"}],"version-history":[{"count":3,"href":"https:\/\/kidsplay.lt\/lv\/wp-json\/wp\/v2\/product\/65216\/revisions"}],"predecessor-version":[{"id":74067,"href":"https:\/\/kidsplay.lt\/lv\/wp-json\/wp\/v2\/product\/65216\/revisions\/74067"}],"wp:featuredmedia":[{"embeddable":true,"href":"https:\/\/kidsplay.lt\/lv\/wp-json\/wp\/v2\/media\/65217"}],"wp:attachment":[{"href":"https:\/\/kidsplay.lt\/lv\/wp-json\/wp\/v2\/media?parent=65216"}],"wp:term":[{"taxonomy":"product_brand","embeddable":true,"href":"https:\/\/kidsplay.lt\/lv\/wp-json\/wp\/v2\/product_brand?post=65216"},{"taxonomy":"product_cat","embeddable":true,"href":"https:\/\/kidsplay.lt\/lv\/wp-json\/wp\/v2\/product_cat?post=65216"},{"taxonomy":"product_tag","embeddable":true,"href":"https:\/\/kidsplay.lt\/lv\/wp-json\/wp\/v2\/product_tag?post=65216"}],"curies":[{"name":"wp","href":"https:\/\/api.w.org\/{rel}","templated":true}]}}