{"id":65277,"date":"2025-09-23T16:13:35","date_gmt":"2025-09-23T13:13:35","guid":{"rendered":"https:\/\/kidsplay.lt\/?post_type=product&#038;p=65277"},"modified":"2025-10-04T23:10:07","modified_gmt":"2025-10-04T20:10:07","slug":"paw-patrol-kelioninis-lagaminas-32l","status":"publish","type":"product","link":"https:\/\/kidsplay.lt\/lv\/products\/paw-patrol-kelioninis-lagaminas-32l\/","title":{"rendered":"\u0136epu patru\u013cas ce\u013cojumu koferis 32l"},"content":{"rendered":"<div class=\"mpof_ki myre_zn myre_8v_l m389_6m_l\">\n<div class=\"mp4t_16_s mryx_16_s mr3m_1 mli2_1 mh85_56 mh85_0_l\">\n<div class=\"mgn2_16 _0d3bd_am0a-\">\n<h1><span dir=\"auto\">Nickelodeon &quot;Pat Patrol&quot; ce\u013cojumu koferis ar rite\u0146iem, liels, dzeltens<\/span><\/h1>\n<p><span dir=\"auto\">Producents: Nickelodeon<\/span><\/p>\n<\/div>\n<\/div>\n<div class=\"mp4t_16_s mryx_16_s mr3m_1 mli2_1 mh85_56 mh85_0_l\">\n<div class=\"mg9e_8 mj7a_8 mg9e_0_s mvrt_0_s mj7a_0_s mh36_0_s mzmg_6m munh_16_l m3h2_16_l\">\n<div class=\"mp4t_0 mryx_0 munh_56 m3h2_56\">\n<div class=\"mp7g_oh\"><button class=\"mg9e_0 mvrt_0 mj7a_0 mh36_0 mp4t_0 m3h2_0 mryx_0 munh_0 mqen_m6 mpof_z0 mx7m_0 m7er_k4 mse2_k4 msts_pt\" data-analytics-interaction=\"true\" data-analytics-interaction-label=\"zoomable-image-open\" aria-disabled=\"true\"><img decoding=\"async\" class=\"msub_k4 mupj_5k mjru_k4 mse2_k4 mp7g_f6 mq1m_0 mj7u_0 m7er_k4 mqen_m6 m31c_d8 m0ux_fp lazyloaded\" src=\"https:\/\/a.allegroimg.com\/original\/11d685\/cc2f946145fc9107bb17cc063d96\/Walizka-podrozna-dziecieca-Psi-Patrol-Nickelodeon-32-l-PAW-PATROL-Marka-Nickelodeon\" sizes=\"(min-width: 1200px) 560px, (min-width: 992px) 50vw, 100vw\" srcset=\"https:\/\/a.allegroimg.com\/s360\/11d685\/cc2f946145fc9107bb17cc063d96\/Walizka-podrozna-dziecieca-Psi-Patrol-Nickelodeon-32-l-PAW-PATROL-Marka-Nickelodeon 360w,https:\/\/a.allegroimg.com\/s720\/11d685\/cc2f946145fc9107bb17cc063d96\/Walizka-podrozna-dziecieca-Psi-Patrol-Nickelodeon-32-l-PAW-PATROL-Marka-Nickelodeon 720w,https:\/\/a.allegroimg.com\/s1024\/11d685\/cc2f946145fc9107bb17cc063d96\/Walizka-podrozna-dziecieca-Psi-Patrol-Nickelodeon-32-l-PAW-PATROL-Marka-Nickelodeon 1024w,https:\/\/a.allegroimg.com\/s1440\/11d685\/cc2f946145fc9107bb17cc063d96\/Walizka-podrozna-dziecieca-Psi-Patrol-Nickelodeon-32-l-PAW-PATROL-Marka-Nickelodeon 1440w,https:\/\/a.allegroimg.com\/original\/11d685\/cc2f946145fc9107bb17cc063d96\/Walizka-podrozna-dziecieca-Psi-Patrol-Nickelodeon-32-l-PAW-PATROL-Marka-Nickelodeon 1600w\" alt=\"Paw Patrol Nickelodeon vaiki\u0161kas kelioninis lagaminas 32 l PAW PATROL Nickelodeon prek\u0117s \u017eenklas\" width=\"1600px\" data-srcset=\"\" \/><\/button><\/div>\n<\/div>\n<\/div>\n<\/div>\n<\/div>\n<div class=\"mpof_ki myre_zn myre_8v_l m389_6m_l\">\n<div class=\"mp4t_16_s mryx_16_s mr3m_1 mli2_1 mh85_56 mh85_0_l\">\n<div class=\"mgn2_16 _0d3bd_am0a-\">\n<p><span dir=\"auto\">\u0160is burv\u012bgais, ietilp\u012bgais koferis uz rite\u0146iem ar \u0136epu patru\u013cas mot\u012bvu noteikti iepriecin\u0101s jebkuru mazo ce\u013cot\u0101ju. Lieliski piem\u0113rots ce\u013cojumiem vai atva\u013cin\u0101jumam.<\/span><\/p>\n<\/div>\n<\/div>\n<div class=\"mp4t_16_s mryx_16_s mr3m_1 mli2_1 mh85_56 mh85_0_l\">\n<div class=\"mg9e_8 mj7a_8 mg9e_0_s mvrt_0_s mj7a_0_s mh36_0_s mzmg_6m munh_16_l m3h2_16_l\">\n<div class=\"mp4t_0 mryx_0 munh_56 m3h2_56\">\n<div class=\"mp7g_oh\"><button class=\"mg9e_0 mvrt_0 mj7a_0 mh36_0 mp4t_0 m3h2_0 mryx_0 munh_0 mqen_m6 mpof_z0 mx7m_0 m7er_k4 mse2_k4 msts_pt\" data-analytics-interaction=\"true\" data-analytics-interaction-label=\"zoomable-image-open\" aria-disabled=\"true\"><img decoding=\"async\" class=\"msub_k4 mupj_5k mjru_k4 mse2_k4 mp7g_f6 mq1m_0 mj7u_0 m7er_k4 mqen_m6 m31c_d8 m0ux_fp lazyloaded\" src=\"https:\/\/a.allegroimg.com\/original\/11ec52\/76461f634ff2a273877a5f384746\/Walizka-podrozna-dziecieca-Psi-Patrol-Nickelodeon-32-l-PAW-PATROL-Bohater-Bajka-Psi-Patrol\" sizes=\"(min-width: 1200px) 560px, (min-width: 992px) 50vw, 100vw\" srcset=\"https:\/\/a.allegroimg.com\/s360\/11ec52\/76461f634ff2a273877a5f384746\/Walizka-podrozna-dziecieca-Psi-Patrol-Nickelodeon-32-l-PAW-PATROL-Bohater-Bajka-Psi-Patrol 315w,https:\/\/a.allegroimg.com\/s720\/11ec52\/76461f634ff2a273877a5f384746\/Walizka-podrozna-dziecieca-Psi-Patrol-Nickelodeon-32-l-PAW-PATROL-Bohater-Bajka-Psi-Patrol 630w,https:\/\/a.allegroimg.com\/s1024\/11ec52\/76461f634ff2a273877a5f384746\/Walizka-podrozna-dziecieca-Psi-Patrol-Nickelodeon-32-l-PAW-PATROL-Bohater-Bajka-Psi-Patrol 813w,https:\/\/a.allegroimg.com\/original\/11ec52\/76461f634ff2a273877a5f384746\/Walizka-podrozna-dziecieca-Psi-Patrol-Nickelodeon-32-l-PAW-PATROL-Bohater-Bajka-Psi-Patrol 813w\" alt=\"Paw Patrol Nickelodeon vaiki\u0161kas kelioninis lagaminas 32 l PAW PATROL herojus \/ Paw Patrol animacinis filmas\" width=\"813px\" data-srcset=\"\" \/><\/button><\/div>\n<\/div>\n<\/div>\n<\/div>\n<\/div>\n<div class=\"mpof_ki myre_zn myre_8v_l m389_6m_l\">\n<div class=\"mp4t_16_s mryx_16_s mr3m_1 mli2_1 mh85_56 mh85_0_l\">\n<div class=\"mgn2_16 _0d3bd_am0a-\">\n<p><span dir=\"auto\">Raksturojums:<\/span><\/p>\n<ul>\n<li><span dir=\"auto\">Izgatavots no iztur\u012bga ABS materi\u0101la, kas p\u0101rkl\u0101ts ar PC sl\u0101ni<\/span><\/li>\n<li><span dir=\"auto\">divvirzienu r\u0101v\u0113jsl\u0113dz\u0113js<\/span><\/li>\n<li><span dir=\"auto\">\u010detri rite\u0146i, kas rot\u0113 ap savu asi<\/span><\/li>\n<li><span dir=\"auto\">p\u0101rn\u0113s\u0101\u0161anas rokturis<\/span><\/li>\n<li><span dir=\"auto\">Ievelkams rokturis ar divpak\u0101pju regul\u0113\u0161anu, pateicoties kuram t\u0101 garumu var viegli piel\u0101got b\u0113rnam vai vec\u0101kiem<\/span><\/li>\n<li><span dir=\"auto\">triecieniztur\u012bgs un iespiedumu iztur\u012bgs<\/span><\/li>\n<li><span dir=\"auto\">\u016bdensiztur\u012bgs<\/span><\/li>\n<li><span dir=\"auto\">divi ietilp\u012bgi nodal\u012bjumi iek\u0161pus\u0113 (viens ar r\u0101v\u0113jsl\u0113dz\u0113ju, otrs ar regul\u0113jam\u0101m siksn\u0101m)<\/span><\/li>\n<li><span dir=\"auto\">tilpums 32 l<\/span><\/li>\n<li><span dir=\"auto\">ide\u0101li piem\u0113rots d\u0101vanai<\/span><\/li>\n<\/ul>\n<p><span dir=\"auto\">Izm\u0113rs 32 x 48 x 23 cm<\/span><\/p>\n<p><span dir=\"auto\">tilpums 32 litri,<\/span><\/p>\n<p><span dir=\"auto\">svars 1,9 kg<\/span><\/p>\n<p><span dir=\"auto\">T\u012br\u012bt ar mitru, m\u012bkstu dr\u0101nu.<\/span><\/p>\n<p>&nbsp;<\/p>\n<\/div>\n<\/div>\n<div class=\"mp4t_16_s mryx_16_s mr3m_1 mli2_1 mh85_56 mh85_0_l\">\n<div class=\"mg9e_8 mj7a_8 mg9e_0_s mvrt_0_s mj7a_0_s mh36_0_s mzmg_6m munh_16_l m3h2_16_l\">\n<div class=\"mp4t_0 mryx_0 munh_56 m3h2_56\">\n<div class=\"mp7g_oh\"><button class=\"mg9e_0 mvrt_0 mj7a_0 mh36_0 mp4t_0 m3h2_0 mryx_0 munh_0 mqen_m6 mpof_z0 mx7m_0 m7er_k4 mse2_k4 msts_pt\" data-analytics-interaction=\"true\" data-analytics-interaction-label=\"zoomable-image-open\" aria-disabled=\"true\"><img decoding=\"async\" class=\"msub_k4 mupj_5k mjru_k4 mse2_k4 mp7g_f6 mq1m_0 mj7u_0 m7er_k4 mqen_m6 m31c_d8 m0ux_fp lazyloaded\" src=\"https:\/\/a.allegroimg.com\/original\/117249\/d5c844574708ac3262e5945cbf46\/Walizka-podrozna-dziecieca-Psi-Patrol-Nickelodeon-32-l-PAW-PATROL-Kod-producenta-BC-PP-006\" sizes=\"(min-width: 1200px) 560px, (min-width: 992px) 50vw, 100vw\" srcset=\"https:\/\/a.allegroimg.com\/s360\/117249\/d5c844574708ac3262e5945cbf46\/Walizka-podrozna-dziecieca-Psi-Patrol-Nickelodeon-32-l-PAW-PATROL-Kod-producenta-BC-PP-006 283w,https:\/\/a.allegroimg.com\/s720\/117249\/d5c844574708ac3262e5945cbf46\/Walizka-podrozna-dziecieca-Psi-Patrol-Nickelodeon-32-l-PAW-PATROL-Kod-producenta-BC-PP-006 567w,https:\/\/a.allegroimg.com\/s1024\/117249\/d5c844574708ac3262e5945cbf46\/Walizka-podrozna-dziecieca-Psi-Patrol-Nickelodeon-32-l-PAW-PATROL-Kod-producenta-BC-PP-006 807w,https:\/\/a.allegroimg.com\/s1440\/117249\/d5c844574708ac3262e5945cbf46\/Walizka-podrozna-dziecieca-Psi-Patrol-Nickelodeon-32-l-PAW-PATROL-Kod-producenta-BC-PP-006 833w,https:\/\/a.allegroimg.com\/original\/117249\/d5c844574708ac3262e5945cbf46\/Walizka-podrozna-dziecieca-Psi-Patrol-Nickelodeon-32-l-PAW-PATROL-Kod-producenta-BC-PP-006 833w\" alt=\"Paw Patrol Nickelodeon vaiki\u0161kas kelioninis lagaminas 32 l PAW PATROL gamintojo kodas BC-PP-006\" width=\"833px\" data-srcset=\"\" \/><\/button><\/div>\n<\/div>\n<\/div>\n<\/div>\n<\/div>\n<div class=\"mpof_ki myre_zn myre_8v_l m389_6m_l\">\n<div class=\"mp4t_16_s mryx_16_s mr3m_1 mli2_1 mh85_56 mh85_0_l\">\n<div class=\"mgn2_16 _0d3bd_am0a-\">\n<p><b><span dir=\"auto\">\u010cemod\u0101na virsma ir aizsarg\u0101ta ar mat\u0113tu aizsargpl\u0113vi, l\u016bdzu, pirms lieto\u0161anas no\u0146emiet to no visa \u010demod\u0101na.<\/span><\/b><\/p>\n<\/div>\n<\/div>\n<\/div>\n<div class=\"mpof_ki myre_zn myre_8v_l m389_6m_l\">\n<div class=\"mp4t_16_s mryx_16_s mr3m_1 mli2_1 mh85_56 mh85_0_l\">\n<div class=\"mg9e_8 mj7a_8 mg9e_0_s mvrt_0_s mj7a_0_s mh36_0_s mzmg_6m munh_16_l m3h2_16_l\">\n<div class=\"mp4t_0 mryx_0 munh_56 m3h2_56\">\n<div class=\"mp7g_oh\"><button class=\"mg9e_0 mvrt_0 mj7a_0 mh36_0 mp4t_0 m3h2_0 mryx_0 munh_0 mqen_m6 mpof_z0 mx7m_0 m7er_k4 mse2_k4 msts_pt\" data-analytics-interaction=\"true\" data-analytics-interaction-label=\"zoomable-image-open\" aria-disabled=\"true\"><img decoding=\"async\" class=\"msub_k4 mupj_5k mjru_k4 mse2_k4 mp7g_f6 mq1m_0 mj7u_0 m7er_k4 mqen_m6 m31c_d8 m0ux_fp lazyloaded\" src=\"https:\/\/a.allegroimg.com\/original\/117249\/d5c844574708ac3262e5945cbf46\/Walizka-podrozna-dziecieca-Psi-Patrol-Nickelodeon-32-l-PAW-PATROL-Kod-producenta-BC-PP-006\" sizes=\"(min-width: 1200px) 560px, (min-width: 992px) 50vw, 100vw\" srcset=\"https:\/\/a.allegroimg.com\/s360\/117249\/d5c844574708ac3262e5945cbf46\/Walizka-podrozna-dziecieca-Psi-Patrol-Nickelodeon-32-l-PAW-PATROL-Kod-producenta-BC-PP-006 283w,https:\/\/a.allegroimg.com\/s720\/117249\/d5c844574708ac3262e5945cbf46\/Walizka-podrozna-dziecieca-Psi-Patrol-Nickelodeon-32-l-PAW-PATROL-Kod-producenta-BC-PP-006 567w,https:\/\/a.allegroimg.com\/s1024\/117249\/d5c844574708ac3262e5945cbf46\/Walizka-podrozna-dziecieca-Psi-Patrol-Nickelodeon-32-l-PAW-PATROL-Kod-producenta-BC-PP-006 807w,https:\/\/a.allegroimg.com\/s1440\/117249\/d5c844574708ac3262e5945cbf46\/Walizka-podrozna-dziecieca-Psi-Patrol-Nickelodeon-32-l-PAW-PATROL-Kod-producenta-BC-PP-006 833w,https:\/\/a.allegroimg.com\/original\/117249\/d5c844574708ac3262e5945cbf46\/Walizka-podrozna-dziecieca-Psi-Patrol-Nickelodeon-32-l-PAW-PATROL-Kod-producenta-BC-PP-006 833w\" alt=\"Paw Patrol Nickelodeon vaiki\u0161kas kelioninis lagaminas 32 l PAW PATROL gamintojo kodas BC-PP-006\" width=\"833px\" data-srcset=\"\" \/><\/button><\/div>\n<\/div>\n<\/div>\n<\/div>\n<div class=\"mp4t_16_s mryx_16_s mr3m_1 mli2_1 mh85_56 mh85_0_l\">\n<div class=\"mg9e_8 mj7a_8 mg9e_0_s mvrt_0_s mj7a_0_s mh36_0_s mzmg_6m munh_16_l m3h2_16_l\">\n<div class=\"mp4t_0 mryx_0 munh_56 m3h2_56\">\n<div class=\"mp7g_oh\"><button class=\"mg9e_0 mvrt_0 mj7a_0 mh36_0 mp4t_0 m3h2_0 mryx_0 munh_0 mqen_m6 mpof_z0 mx7m_0 m7er_k4 mse2_k4 msts_pt\" data-analytics-interaction=\"true\" data-analytics-interaction-label=\"zoomable-image-open\" aria-disabled=\"true\"><img decoding=\"async\" class=\"msub_k4 mupj_5k mjru_k4 mse2_k4 mp7g_f6 mq1m_0 mj7u_0 m7er_k4 mqen_m6 m31c_d8 m0ux_fp lazyloaded\" src=\"https:\/\/a.allegroimg.com\/original\/113649\/b244b1674859ae09b509612ab94f\/Walizka-podrozna-dziecieca-Psi-Patrol-Nickelodeon-32-l-PAW-PATROL-Kolor-odcienie-zoltego-i-zlota-wielokolorowy\" sizes=\"(min-width: 1200px) 560px, (min-width: 992px) 50vw, 100vw\" srcset=\"https:\/\/a.allegroimg.com\/s360\/113649\/b244b1674859ae09b509612ab94f\/Walizka-podrozna-dziecieca-Psi-Patrol-Nickelodeon-32-l-PAW-PATROL-Kolor-odcienie-zoltego-i-zlota-wielokolorowy 277w,https:\/\/a.allegroimg.com\/s720\/113649\/b244b1674859ae09b509612ab94f\/Walizka-podrozna-dziecieca-Psi-Patrol-Nickelodeon-32-l-PAW-PATROL-Kolor-odcienie-zoltego-i-zlota-wielokolorowy 554w,https:\/\/a.allegroimg.com\/s1024\/113649\/b244b1674859ae09b509612ab94f\/Walizka-podrozna-dziecieca-Psi-Patrol-Nickelodeon-32-l-PAW-PATROL-Kolor-odcienie-zoltego-i-zlota-wielokolorowy 788w,https:\/\/a.allegroimg.com\/s1440\/113649\/b244b1674859ae09b509612ab94f\/Walizka-podrozna-dziecieca-Psi-Patrol-Nickelodeon-32-l-PAW-PATROL-Kolor-odcienie-zoltego-i-zlota-wielokolorowy 813w,https:\/\/a.allegroimg.com\/original\/113649\/b244b1674859ae09b509612ab94f\/Walizka-podrozna-dziecieca-Psi-Patrol-Nickelodeon-32-l-PAW-PATROL-Kolor-odcienie-zoltego-i-zlota-wielokolorowy 813w\" alt=\"Paw Patrol Nickelodeon vaiki\u0161kas kelioninis lagaminas 32 l PAW PATROL geltonos ir auksin\u0117s spalvos atspalviai\" width=\"813px\" data-srcset=\"\" \/><\/button><\/div>\n<\/div>\n<\/div>\n<\/div>\n<\/div>\n<div class=\"mpof_ki myre_zn myre_8v_l m389_6m_l\">\n<div class=\"mp4t_16_s mryx_16_s mr3m_1 mli2_1 mh85_56 mh85_0_l\">\n<div class=\"mg9e_8 mj7a_8 mg9e_0_s mvrt_0_s mj7a_0_s mh36_0_s mzmg_6m munh_16_l m3h2_16_l\">\n<div class=\"mp4t_0 mryx_0 munh_56 m3h2_56\">\n<div class=\"mp7g_oh\"><button class=\"mg9e_0 mvrt_0 mj7a_0 mh36_0 mp4t_0 m3h2_0 mryx_0 munh_0 mqen_m6 mpof_z0 mx7m_0 m7er_k4 mse2_k4 msts_pt\" data-analytics-interaction=\"true\" data-analytics-interaction-label=\"zoomable-image-open\" aria-disabled=\"true\"><img decoding=\"async\" class=\"msub_k4 mupj_5k mjru_k4 mse2_k4 mp7g_f6 mq1m_0 mj7u_0 m7er_k4 mqen_m6 m31c_d8 m0ux_fp lazyloaded\" src=\"https:\/\/a.allegroimg.com\/original\/11d419\/1588bd844351b28f6b3193676a80\/Walizka-podrozna-dziecieca-Psi-Patrol-Nickelodeon-32-l-PAW-PATROL-Pojemnosc-32-l\" sizes=\"100vw\" srcset=\"https:\/\/a.allegroimg.com\/s360\/11d419\/1588bd844351b28f6b3193676a80\/Walizka-podrozna-dziecieca-Psi-Patrol-Nickelodeon-32-l-PAW-PATROL-Pojemnosc-32-l 360w,https:\/\/a.allegroimg.com\/s720\/11d419\/1588bd844351b28f6b3193676a80\/Walizka-podrozna-dziecieca-Psi-Patrol-Nickelodeon-32-l-PAW-PATROL-Pojemnosc-32-l 720w,https:\/\/a.allegroimg.com\/s1024\/11d419\/1588bd844351b28f6b3193676a80\/Walizka-podrozna-dziecieca-Psi-Patrol-Nickelodeon-32-l-PAW-PATROL-Pojemnosc-32-l 886w,https:\/\/a.allegroimg.com\/original\/11d419\/1588bd844351b28f6b3193676a80\/Walizka-podrozna-dziecieca-Psi-Patrol-Nickelodeon-32-l-PAW-PATROL-Pojemnosc-32-l 886w\" alt=\"Paw Patrol Nickelodeon 32 l vaiki\u0161kas kelioninis lagaminas PAW PATROL Talpa 32 l\" width=\"886px\" data-srcset=\"\" \/><\/button><\/div>\n<\/div>\n<\/div>\n<\/div>\n<\/div>","protected":false},"excerpt":{"rendered":"<p>\u0136epu patru\u013cas ce\u013cojumu koferis 32l<\/p>","protected":false},"featured_media":65278,"template":"","meta":{"_acf_changed":false,"_glsr_average":0,"_glsr_ranking":0,"_glsr_reviews":0},"product_brand":[],"product_cat":[335],"product_tag":[],"class_list":{"0":"post-65277","1":"product","2":"type-product","3":"status-publish","4":"has-post-thumbnail","6":"product_cat-kelionems","7":"\"style=\"background-color: #2ecc711c;\"","9":"first","10":"instock","11":"shipping-taxable","12":"purchasable","13":"product-type-simple"},"acf":[],"yoast_head":"<!-- This site is optimized with the Yoast SEO plugin v27.4 - https:\/\/yoast.com\/product\/yoast-seo-wordpress\/ -->\n<title>PAW PATROL kelioninis lagaminas 32l - KidsPlay<\/title>\n<meta name=\"description\" content=\"PAW PATROL kelioninis lagaminas 32l\" \/>\n<meta name=\"robots\" content=\"index, follow, max-snippet:-1, max-image-preview:large, max-video-preview:-1\" \/>\n<link rel=\"canonical\" href=\"https:\/\/kidsplay.lt\/lv\/products\/paw-patrol-kelioninis-lagaminas-32l\/\" \/>\n<meta property=\"og:locale\" content=\"lv_LV\" \/>\n<meta property=\"og:type\" content=\"article\" \/>\n<meta property=\"og:title\" content=\"PAW PATROL kelioninis lagaminas 32l - KidsPlay\" \/>\n<meta property=\"og:description\" content=\"PAW PATROL kelioninis lagaminas 32l\" \/>\n<meta property=\"og:url\" content=\"https:\/\/kidsplay.lt\/lv\/products\/paw-patrol-kelioninis-lagaminas-32l\/\" \/>\n<meta property=\"og:site_name\" content=\"KidsPlay\" \/>\n<meta property=\"article:publisher\" content=\"https:\/\/www.facebook.com\/www.kidsplay.lt\" \/>\n<meta property=\"article:modified_time\" content=\"2025-10-04T20:10:07+00:00\" \/>\n<meta property=\"og:image\" content=\"https:\/\/kidsplay.lt\/wp-content\/uploads\/2025\/09\/Screenshot_456.png\" \/>\n\t<meta property=\"og:image:width\" content=\"556\" \/>\n\t<meta property=\"og:image:height\" content=\"473\" \/>\n\t<meta property=\"og:image:type\" content=\"image\/png\" \/>\n<meta name=\"twitter:card\" content=\"summary_large_image\" \/>\n<meta name=\"twitter:label1\" content=\"Est. reading time\" \/>\n\t<meta name=\"twitter:data1\" content=\"3 min\u016btes\" \/>\n<script type=\"application\/ld+json\" class=\"yoast-schema-graph\">{\"@context\":\"https:\\\/\\\/schema.org\",\"@graph\":[{\"@type\":\"WebPage\",\"@id\":\"https:\\\/\\\/kidsplay.lt\\\/produktas\\\/paw-patrol-kelioninis-lagaminas-32l\\\/\",\"url\":\"https:\\\/\\\/kidsplay.lt\\\/produktas\\\/paw-patrol-kelioninis-lagaminas-32l\\\/\",\"name\":\"PAW PATROL kelioninis lagaminas 32l - KidsPlay\",\"isPartOf\":{\"@id\":\"https:\\\/\\\/kidsplay.lt\\\/#website\"},\"primaryImageOfPage\":{\"@id\":\"https:\\\/\\\/kidsplay.lt\\\/produktas\\\/paw-patrol-kelioninis-lagaminas-32l\\\/#primaryimage\"},\"image\":{\"@id\":\"https:\\\/\\\/kidsplay.lt\\\/produktas\\\/paw-patrol-kelioninis-lagaminas-32l\\\/#primaryimage\"},\"thumbnailUrl\":\"https:\\\/\\\/kidsplay.lt\\\/wp-content\\\/uploads\\\/2025\\\/09\\\/Screenshot_456.png\",\"datePublished\":\"2025-09-23T13:13:35+00:00\",\"dateModified\":\"2025-10-04T20:10:07+00:00\",\"description\":\"PAW PATROL kelioninis lagaminas 32l\",\"breadcrumb\":{\"@id\":\"https:\\\/\\\/kidsplay.lt\\\/produktas\\\/paw-patrol-kelioninis-lagaminas-32l\\\/#breadcrumb\"},\"inLanguage\":\"lv-LV\",\"potentialAction\":[{\"@type\":\"ReadAction\",\"target\":[\"https:\\\/\\\/kidsplay.lt\\\/produktas\\\/paw-patrol-kelioninis-lagaminas-32l\\\/\"]}]},{\"@type\":\"ImageObject\",\"inLanguage\":\"lv-LV\",\"@id\":\"https:\\\/\\\/kidsplay.lt\\\/produktas\\\/paw-patrol-kelioninis-lagaminas-32l\\\/#primaryimage\",\"url\":\"https:\\\/\\\/kidsplay.lt\\\/wp-content\\\/uploads\\\/2025\\\/09\\\/Screenshot_456.png\",\"contentUrl\":\"https:\\\/\\\/kidsplay.lt\\\/wp-content\\\/uploads\\\/2025\\\/09\\\/Screenshot_456.png\",\"width\":556,\"height\":473},{\"@type\":\"BreadcrumbList\",\"@id\":\"https:\\\/\\\/kidsplay.lt\\\/produktas\\\/paw-patrol-kelioninis-lagaminas-32l\\\/#breadcrumb\",\"itemListElement\":[{\"@type\":\"ListItem\",\"position\":1,\"name\":\"Pagrindinis\",\"item\":\"https:\\\/\\\/kidsplay.lt\\\/\"},{\"@type\":\"ListItem\",\"position\":2,\"name\":\"Parduotuv\u0117\",\"item\":\"https:\\\/\\\/kidsplay.lt\\\/parduotuve\\\/\"},{\"@type\":\"ListItem\",\"position\":3,\"name\":\"PAW PATROL kelioninis lagaminas 32l\"}]},{\"@type\":\"WebSite\",\"@id\":\"https:\\\/\\\/kidsplay.lt\\\/#website\",\"url\":\"https:\\\/\\\/kidsplay.lt\\\/\",\"name\":\"Kidsplay.lt\",\"description\":\"\u012evairios prek\u0117s vaikams\",\"publisher\":{\"@id\":\"https:\\\/\\\/kidsplay.lt\\\/#organization\"},\"alternateName\":\"Kidsplay\",\"potentialAction\":[{\"@type\":\"SearchAction\",\"target\":{\"@type\":\"EntryPoint\",\"urlTemplate\":\"https:\\\/\\\/kidsplay.lt\\\/?s={search_term_string}\"},\"query-input\":{\"@type\":\"PropertyValueSpecification\",\"valueRequired\":true,\"valueName\":\"search_term_string\"}}],\"inLanguage\":\"lv-LV\"},{\"@type\":\"Organization\",\"@id\":\"https:\\\/\\\/kidsplay.lt\\\/#organization\",\"name\":\"KidsPlay\",\"url\":\"https:\\\/\\\/kidsplay.lt\\\/\",\"logo\":{\"@type\":\"ImageObject\",\"inLanguage\":\"lv-LV\",\"@id\":\"https:\\\/\\\/kidsplay.lt\\\/#\\\/schema\\\/logo\\\/image\\\/\",\"url\":\"https:\\\/\\\/kidsplay.lt\\\/wp-content\\\/uploads\\\/2023\\\/07\\\/kidsplay-logo.png\",\"contentUrl\":\"https:\\\/\\\/kidsplay.lt\\\/wp-content\\\/uploads\\\/2023\\\/07\\\/kidsplay-logo.png\",\"width\":451,\"height\":98,\"caption\":\"KidsPlay\"},\"image\":{\"@id\":\"https:\\\/\\\/kidsplay.lt\\\/#\\\/schema\\\/logo\\\/image\\\/\"},\"sameAs\":[\"https:\\\/\\\/www.facebook.com\\\/www.kidsplay.lt\"]}]}<\/script>\n<!-- \/ Yoast SEO plugin. -->","yoast_head_json":{"title":"PAW PATROL kelioninis lagaminas 32l - KidsPlay","description":"\u0136epu patru\u013cas ce\u013cojumu koferis 32l","robots":{"index":"index","follow":"follow","max-snippet":"max-snippet:-1","max-image-preview":"max-image-preview:large","max-video-preview":"max-video-preview:-1"},"canonical":"https:\/\/kidsplay.lt\/lv\/products\/paw-patrol-kelioninis-lagaminas-32l\/","og_locale":"lv_LV","og_type":"article","og_title":"PAW PATROL kelioninis lagaminas 32l - KidsPlay","og_description":"PAW PATROL kelioninis lagaminas 32l","og_url":"https:\/\/kidsplay.lt\/lv\/products\/paw-patrol-kelioninis-lagaminas-32l\/","og_site_name":"KidsPlay","article_publisher":"https:\/\/www.facebook.com\/www.kidsplay.lt","article_modified_time":"2025-10-04T20:10:07+00:00","og_image":[{"width":556,"height":473,"url":"https:\/\/kidsplay.lt\/wp-content\/uploads\/2025\/09\/Screenshot_456.png","type":"image\/png"}],"twitter_card":"summary_large_image","twitter_misc":{"Est. reading time":"3 min\u016btes"},"schema":{"@context":"https:\/\/schema.org","@graph":[{"@type":"WebPage","@id":"https:\/\/kidsplay.lt\/produktas\/paw-patrol-kelioninis-lagaminas-32l\/","url":"https:\/\/kidsplay.lt\/produktas\/paw-patrol-kelioninis-lagaminas-32l\/","name":"PAW PATROL kelioninis lagaminas 32l - KidsPlay","isPartOf":{"@id":"https:\/\/kidsplay.lt\/#website"},"primaryImageOfPage":{"@id":"https:\/\/kidsplay.lt\/produktas\/paw-patrol-kelioninis-lagaminas-32l\/#primaryimage"},"image":{"@id":"https:\/\/kidsplay.lt\/produktas\/paw-patrol-kelioninis-lagaminas-32l\/#primaryimage"},"thumbnailUrl":"https:\/\/kidsplay.lt\/wp-content\/uploads\/2025\/09\/Screenshot_456.png","datePublished":"2025-09-23T13:13:35+00:00","dateModified":"2025-10-04T20:10:07+00:00","description":"\u0136epu patru\u013cas ce\u013cojumu koferis 32l","breadcrumb":{"@id":"https:\/\/kidsplay.lt\/produktas\/paw-patrol-kelioninis-lagaminas-32l\/#breadcrumb"},"inLanguage":"lv-LV","potentialAction":[{"@type":"ReadAction","target":["https:\/\/kidsplay.lt\/produktas\/paw-patrol-kelioninis-lagaminas-32l\/"]}]},{"@type":"ImageObject","inLanguage":"lv-LV","@id":"https:\/\/kidsplay.lt\/produktas\/paw-patrol-kelioninis-lagaminas-32l\/#primaryimage","url":"https:\/\/kidsplay.lt\/wp-content\/uploads\/2025\/09\/Screenshot_456.png","contentUrl":"https:\/\/kidsplay.lt\/wp-content\/uploads\/2025\/09\/Screenshot_456.png","width":556,"height":473},{"@type":"BreadcrumbList","@id":"https:\/\/kidsplay.lt\/produktas\/paw-patrol-kelioninis-lagaminas-32l\/#breadcrumb","itemListElement":[{"@type":"ListItem","position":1,"name":"Pagrindinis","item":"https:\/\/kidsplay.lt\/"},{"@type":"ListItem","position":2,"name":"Parduotuv\u0117","item":"https:\/\/kidsplay.lt\/parduotuve\/"},{"@type":"ListItem","position":3,"name":"PAW PATROL kelioninis lagaminas 32l"}]},{"@type":"WebSite","@id":"https:\/\/kidsplay.lt\/#website","url":"https:\/\/kidsplay.lt\/","name":"B\u0113rnu sp\u0113les.lv","description":"\u012evairios prek\u0117s vaikams","publisher":{"@id":"https:\/\/kidsplay.lt\/#organization"},"alternateName":"Kidsplay","potentialAction":[{"@type":"SearchAction","target":{"@type":"EntryPoint","urlTemplate":"https:\/\/kidsplay.lt\/?s={search_term_string}"},"query-input":{"@type":"PropertyValueSpecification","valueRequired":true,"valueName":"search_term_string"}}],"inLanguage":"lv-LV"},{"@type":"Organization","@id":"https:\/\/kidsplay.lt\/#organization","name":"B\u0113rnu sp\u0113le","url":"https:\/\/kidsplay.lt\/","logo":{"@type":"ImageObject","inLanguage":"lv-LV","@id":"https:\/\/kidsplay.lt\/#\/schema\/logo\/image\/","url":"https:\/\/kidsplay.lt\/wp-content\/uploads\/2023\/07\/kidsplay-logo.png","contentUrl":"https:\/\/kidsplay.lt\/wp-content\/uploads\/2023\/07\/kidsplay-logo.png","width":451,"height":98,"caption":"KidsPlay"},"image":{"@id":"https:\/\/kidsplay.lt\/#\/schema\/logo\/image\/"},"sameAs":["https:\/\/www.facebook.com\/www.kidsplay.lt"]}]}},"_links":{"self":[{"href":"https:\/\/kidsplay.lt\/lv\/wp-json\/wp\/v2\/product\/65277","targetHints":{"allow":["GET"]}}],"collection":[{"href":"https:\/\/kidsplay.lt\/lv\/wp-json\/wp\/v2\/product"}],"about":[{"href":"https:\/\/kidsplay.lt\/lv\/wp-json\/wp\/v2\/types\/product"}],"version-history":[{"count":3,"href":"https:\/\/kidsplay.lt\/lv\/wp-json\/wp\/v2\/product\/65277\/revisions"}],"predecessor-version":[{"id":74050,"href":"https:\/\/kidsplay.lt\/lv\/wp-json\/wp\/v2\/product\/65277\/revisions\/74050"}],"wp:featuredmedia":[{"embeddable":true,"href":"https:\/\/kidsplay.lt\/lv\/wp-json\/wp\/v2\/media\/65278"}],"wp:attachment":[{"href":"https:\/\/kidsplay.lt\/lv\/wp-json\/wp\/v2\/media?parent=65277"}],"wp:term":[{"taxonomy":"product_brand","embeddable":true,"href":"https:\/\/kidsplay.lt\/lv\/wp-json\/wp\/v2\/product_brand?post=65277"},{"taxonomy":"product_cat","embeddable":true,"href":"https:\/\/kidsplay.lt\/lv\/wp-json\/wp\/v2\/product_cat?post=65277"},{"taxonomy":"product_tag","embeddable":true,"href":"https:\/\/kidsplay.lt\/lv\/wp-json\/wp\/v2\/product_tag?post=65277"}],"curies":[{"name":"wp","href":"https:\/\/api.w.org\/{rel}","templated":true}]}}