{"id":65373,"date":"2025-09-24T09:06:01","date_gmt":"2025-09-24T06:06:01","guid":{"rendered":"https:\/\/kidsplay.lt\/?post_type=product&#038;p=65373"},"modified":"2025-12-29T18:57:35","modified_gmt":"2025-12-29T16:57:35","slug":"laukiniu-gyvunu-advento-kalendorius","status":"publish","type":"product","link":"https:\/\/kidsplay.lt\/lv\/products\/laukiniu-gyvunu-advento-kalendorius\/","title":{"rendered":"Savva\u013cas dz\u012bvnieku Adventes kalend\u0101rs"},"content":{"rendered":"<div class=\"mpof_ki myre_zn myre_8v_l m389_6m_l\">\n<div class=\"mp4t_16_s mryx_16_s mr3m_1 mli2_1 mh85_56 mh85_0_l\">\n<div class=\"mgn2_16 _0d3bd_am0a-\">\n<p><span dir=\"auto\">To dar niekada nebuvo matyta! Naujasis \u201eSchleich\u00ae WILD LIFE\u201c Advento kalendorius! Jis slepia nuostabias staigmenas u\u017e 24 dureli\u0173, sutrumpindamas did\u017ei\u0173j\u0173 \u0161ven\u010di\u0173 laukim\u0105! Advento kalendoriuje yra daugyb\u0117 gyv\u016bn\u0173 fig\u016br\u0117li\u0173 ir gausyb\u0117 pried\u0173, skirt\u0173 \u017eaisti valand\u0173 valandas. \u017dinoma, turin\u012f galima nuostabiai derinti su spalvingu sodybos pasauliu. Visos \u201eSchleich\u00ae\u201c fig\u016br\u0117l\u0117s sukurtos atkreipiant d\u0117mes\u012f \u012f detales ir yra vertingo lavinamojo \u017eaidimo sinonimas.<\/span><\/p>\n<p><span dir=\"auto\">\u0160is gaminys skirtas 3\u20138 met\u0173 vaikams.<\/span><\/p>\n<\/div>\n<\/div>\n<\/div>\n<div class=\"mpof_ki myre_zn myre_8v_l m389_6m_l\">\n<div class=\"mp4t_16_s mryx_16_s mr3m_1 mli2_1 mh85_56 mh85_0_l\">\n<div class=\"mgn2_16 _0d3bd_am0a-\">\n<p><b><span dir=\"auto\">Komplekt\u0101 ietilpst:<\/span><\/b><\/p>\n<p><span dir=\"auto\">Rinkinyje yra 7 gyv\u016bnai ir puik\u016bs priedai!<\/span><\/p>\n<p><span dir=\"auto\">1x mi\u0161ko sargas, 1x stovintis surikatas, 1x afrikinis dramblys, 1x stru\u010dio jauniklis, 1x begemotas, 1x gepardo jauniklis, 1x \u017eieduodegis lem\u016bras, 1x pauk\u0161\u010diukas, 1x \u017ei\u016bronai ant dir\u017eelio, 1x kuprin\u0117, 1x kiau\u0161inio luk\u0161tas, 1x lobi\u0173 \u017eem\u0117lapis, 1x telefonas, 1x peilis, 1x med\u017eio kelmas, 1x kaulas, 1x l\u0117k\u0161t\u0117, 1x m\u0117lyni\u0173 pyragas, 1x puodelis, 1x \u017eali obuoliai, 1x kastuvas, 1x kibiras, 1x lobi\u0173 skrynia, 1x monetos<\/span><\/p>\n<p><span dir=\"auto\">Matmenys: 39 x 7,5 x 28,5 cm<\/span><\/p>\n<\/div>\n<\/div>\n<\/div>\n<div class=\"mpof_ki myre_zn myre_8v_l m389_6m_l\">\n<div class=\"mp4t_16_s mryx_16_s mr3m_1 mli2_1 mh85_56 mh85_0_l\">\n<div class=\"mg9e_8 mj7a_8 mg9e_0_s mvrt_0_s mj7a_0_s mh36_0_s mzmg_6m munh_16_l m3h2_16_l\">\n<div class=\"mp4t_0 mryx_0 munh_56 m3h2_56\">\n<div class=\"mp7g_oh\"><button class=\"mg9e_0 mvrt_0 mj7a_0 mh36_0 mp4t_0 m3h2_0 mryx_0 munh_0 mqen_m6 mpof_z0 mx7m_0 m7er_k4 mse2_k4 msts_pt\" data-analytics-interaction=\"true\" data-analytics-interaction-label=\"zoomable-image-open\" aria-disabled=\"true\"><img decoding=\"async\" class=\"msub_k4 mupj_5k mjru_k4 mse2_k4 mp7g_f6 mq1m_0 mj7u_0 m7er_k4 mqen_m6 m31c_d8 m0ux_fp lazyloaded\" src=\"https:\/\/a.allegroimg.com\/original\/11e9a9\/19650cf84841a6c76ab995ce28ce\/Schleich-Wild-Life-Kalendarz-Adwentowy-98272-Dzikie-Zwierzeta\" sizes=\"100vw\" srcset=\"https:\/\/a.allegroimg.com\/s360\/11e9a9\/19650cf84841a6c76ab995ce28ce\/Schleich-Wild-Life-Kalendarz-Adwentowy-98272-Dzikie-Zwierzeta 360w,https:\/\/a.allegroimg.com\/s720\/11e9a9\/19650cf84841a6c76ab995ce28ce\/Schleich-Wild-Life-Kalendarz-Adwentowy-98272-Dzikie-Zwierzeta 720w,https:\/\/a.allegroimg.com\/original\/11e9a9\/19650cf84841a6c76ab995ce28ce\/Schleich-Wild-Life-Kalendarz-Adwentowy-98272-Dzikie-Zwierzeta 720w\" alt=\"Schleich Wild Life Advento kalendorius 98272 Laukiniai gyv\u016bnai\" width=\"720px\" data-srcset=\"\" \/><\/button><\/div>\n<\/div>\n<\/div>\n<\/div>\n<\/div>\n<div class=\"mpof_ki myre_zn myre_8v_l m389_6m_l\">\n<div class=\"mp4t_16_s mryx_16_s mr3m_1 mli2_1 mh85_56 mh85_0_l\">\n<div class=\"mg9e_8 mj7a_8 mg9e_0_s mvrt_0_s mj7a_0_s mh36_0_s mzmg_6m munh_16_l m3h2_16_l\">\n<div class=\"mp4t_0 mryx_0 munh_56 m3h2_56\">\n<div class=\"mp7g_oh\"><button class=\"mg9e_0 mvrt_0 mj7a_0 mh36_0 mp4t_0 m3h2_0 mryx_0 munh_0 mqen_m6 mpof_z0 mx7m_0 m7er_k4 mse2_k4 msts_pt\" data-analytics-interaction=\"true\" data-analytics-interaction-label=\"zoomable-image-open\" aria-disabled=\"true\"><img decoding=\"async\" class=\"msub_k4 mupj_5k mjru_k4 mse2_k4 mp7g_f6 mq1m_0 mj7u_0 m7er_k4 mqen_m6 m31c_d8 m0ux_fp lazyloaded\" src=\"https:\/\/a.allegroimg.com\/original\/111e99\/5228f5054903a808bfc12bf5dcc9\/Schleich-Wild-Life-Kalendarz-Adwentowy-98272-Dzikie-Zwierzeta-Marka-Schleich\" sizes=\"100vw\" srcset=\"https:\/\/a.allegroimg.com\/s360\/111e99\/5228f5054903a808bfc12bf5dcc9\/Schleich-Wild-Life-Kalendarz-Adwentowy-98272-Dzikie-Zwierzeta-Marka-Schleich 360w,https:\/\/a.allegroimg.com\/s720\/111e99\/5228f5054903a808bfc12bf5dcc9\/Schleich-Wild-Life-Kalendarz-Adwentowy-98272-Dzikie-Zwierzeta-Marka-Schleich 720w,https:\/\/a.allegroimg.com\/original\/111e99\/5228f5054903a808bfc12bf5dcc9\/Schleich-Wild-Life-Kalendarz-Adwentowy-98272-Dzikie-Zwierzeta-Marka-Schleich 720w\" alt=\"Schleich Wild Life Advento kalendorius 98272 Laukiniai gyv\u016bnai Gamintojas Schleich\" width=\"720px\" data-srcset=\"\" \/><\/button><\/div>\n<\/div>\n<\/div>\n<\/div>\n<\/div>","protected":false},"excerpt":{"rendered":"<p>Savva\u013cas dz\u012bvnieku Adventes kalend\u0101rs<\/p>","protected":false},"featured_media":65374,"template":"","meta":{"_acf_changed":false,"_glsr_average":0,"_glsr_ranking":0,"_glsr_reviews":0},"product_brand":[],"product_cat":[360,372],"product_tag":[],"class_list":{"0":"post-65373","1":"product","2":"type-product","3":"status-publish","4":"has-post-thumbnail","6":"product_cat-advento-kalendoriai","7":"product_cat-vaiku-sventems","8":"\"style=\"background-color: #2ecc711c;\"","10":"first","11":"instock","12":"sale","13":"shipping-taxable","14":"purchasable","15":"product-type-simple"},"acf":[],"yoast_head":"<!-- This site is optimized with the Yoast SEO plugin v27.4 - https:\/\/yoast.com\/product\/yoast-seo-wordpress\/ -->\n<title>Laukini\u0173 gyv\u016bn\u0173 advento kalendorius - KidsPlay<\/title>\n<meta name=\"description\" content=\"Laukini\u0173 gyv\u016bn\u0173 advento kalendorius\" \/>\n<meta name=\"robots\" content=\"index, follow, max-snippet:-1, max-image-preview:large, max-video-preview:-1\" \/>\n<link rel=\"canonical\" href=\"https:\/\/kidsplay.lt\/lv\/products\/laukiniu-gyvunu-advento-kalendorius\/\" \/>\n<meta property=\"og:locale\" content=\"lv_LV\" \/>\n<meta property=\"og:type\" content=\"article\" \/>\n<meta property=\"og:title\" content=\"Laukini\u0173 gyv\u016bn\u0173 advento kalendorius - KidsPlay\" \/>\n<meta property=\"og:description\" content=\"Laukini\u0173 gyv\u016bn\u0173 advento kalendorius\" \/>\n<meta property=\"og:url\" content=\"https:\/\/kidsplay.lt\/lv\/products\/laukiniu-gyvunu-advento-kalendorius\/\" \/>\n<meta property=\"og:site_name\" content=\"KidsPlay\" \/>\n<meta property=\"article:publisher\" content=\"https:\/\/www.facebook.com\/www.kidsplay.lt\" \/>\n<meta property=\"article:modified_time\" content=\"2025-12-29T16:57:35+00:00\" \/>\n<meta property=\"og:image\" content=\"https:\/\/kidsplay.lt\/wp-content\/uploads\/2025\/09\/Screenshot_523.png\" \/>\n\t<meta property=\"og:image:width\" content=\"571\" \/>\n\t<meta property=\"og:image:height\" content=\"427\" \/>\n\t<meta property=\"og:image:type\" content=\"image\/png\" \/>\n<meta name=\"twitter:card\" content=\"summary_large_image\" \/>\n<meta name=\"twitter:label1\" content=\"Est. reading time\" \/>\n\t<meta name=\"twitter:data1\" content=\"2 min\u016btes\" \/>\n<script type=\"application\/ld+json\" class=\"yoast-schema-graph\">{\"@context\":\"https:\\\/\\\/schema.org\",\"@graph\":[{\"@type\":\"WebPage\",\"@id\":\"https:\\\/\\\/kidsplay.lt\\\/produktas\\\/laukiniu-gyvunu-advento-kalendorius\\\/\",\"url\":\"https:\\\/\\\/kidsplay.lt\\\/produktas\\\/laukiniu-gyvunu-advento-kalendorius\\\/\",\"name\":\"Laukini\u0173 gyv\u016bn\u0173 advento kalendorius - KidsPlay\",\"isPartOf\":{\"@id\":\"https:\\\/\\\/kidsplay.lt\\\/#website\"},\"primaryImageOfPage\":{\"@id\":\"https:\\\/\\\/kidsplay.lt\\\/produktas\\\/laukiniu-gyvunu-advento-kalendorius\\\/#primaryimage\"},\"image\":{\"@id\":\"https:\\\/\\\/kidsplay.lt\\\/produktas\\\/laukiniu-gyvunu-advento-kalendorius\\\/#primaryimage\"},\"thumbnailUrl\":\"https:\\\/\\\/kidsplay.lt\\\/wp-content\\\/uploads\\\/2025\\\/09\\\/Screenshot_523.png\",\"datePublished\":\"2025-09-24T06:06:01+00:00\",\"dateModified\":\"2025-12-29T16:57:35+00:00\",\"description\":\"Laukini\u0173 gyv\u016bn\u0173 advento kalendorius\",\"breadcrumb\":{\"@id\":\"https:\\\/\\\/kidsplay.lt\\\/produktas\\\/laukiniu-gyvunu-advento-kalendorius\\\/#breadcrumb\"},\"inLanguage\":\"lv-LV\",\"potentialAction\":[{\"@type\":\"ReadAction\",\"target\":[\"https:\\\/\\\/kidsplay.lt\\\/produktas\\\/laukiniu-gyvunu-advento-kalendorius\\\/\"]}]},{\"@type\":\"ImageObject\",\"inLanguage\":\"lv-LV\",\"@id\":\"https:\\\/\\\/kidsplay.lt\\\/produktas\\\/laukiniu-gyvunu-advento-kalendorius\\\/#primaryimage\",\"url\":\"https:\\\/\\\/kidsplay.lt\\\/wp-content\\\/uploads\\\/2025\\\/09\\\/Screenshot_523.png\",\"contentUrl\":\"https:\\\/\\\/kidsplay.lt\\\/wp-content\\\/uploads\\\/2025\\\/09\\\/Screenshot_523.png\",\"width\":571,\"height\":427},{\"@type\":\"BreadcrumbList\",\"@id\":\"https:\\\/\\\/kidsplay.lt\\\/produktas\\\/laukiniu-gyvunu-advento-kalendorius\\\/#breadcrumb\",\"itemListElement\":[{\"@type\":\"ListItem\",\"position\":1,\"name\":\"Pagrindinis\",\"item\":\"https:\\\/\\\/kidsplay.lt\\\/\"},{\"@type\":\"ListItem\",\"position\":2,\"name\":\"Parduotuv\u0117\",\"item\":\"https:\\\/\\\/kidsplay.lt\\\/parduotuve\\\/\"},{\"@type\":\"ListItem\",\"position\":3,\"name\":\"Laukini\u0173 gyv\u016bn\u0173 advento kalendorius\"}]},{\"@type\":\"WebSite\",\"@id\":\"https:\\\/\\\/kidsplay.lt\\\/#website\",\"url\":\"https:\\\/\\\/kidsplay.lt\\\/\",\"name\":\"Kidsplay.lt\",\"description\":\"\u012evairios prek\u0117s vaikams\",\"publisher\":{\"@id\":\"https:\\\/\\\/kidsplay.lt\\\/#organization\"},\"alternateName\":\"Kidsplay\",\"potentialAction\":[{\"@type\":\"SearchAction\",\"target\":{\"@type\":\"EntryPoint\",\"urlTemplate\":\"https:\\\/\\\/kidsplay.lt\\\/?s={search_term_string}\"},\"query-input\":{\"@type\":\"PropertyValueSpecification\",\"valueRequired\":true,\"valueName\":\"search_term_string\"}}],\"inLanguage\":\"lv-LV\"},{\"@type\":\"Organization\",\"@id\":\"https:\\\/\\\/kidsplay.lt\\\/#organization\",\"name\":\"KidsPlay\",\"url\":\"https:\\\/\\\/kidsplay.lt\\\/\",\"logo\":{\"@type\":\"ImageObject\",\"inLanguage\":\"lv-LV\",\"@id\":\"https:\\\/\\\/kidsplay.lt\\\/#\\\/schema\\\/logo\\\/image\\\/\",\"url\":\"https:\\\/\\\/kidsplay.lt\\\/wp-content\\\/uploads\\\/2023\\\/07\\\/kidsplay-logo.png\",\"contentUrl\":\"https:\\\/\\\/kidsplay.lt\\\/wp-content\\\/uploads\\\/2023\\\/07\\\/kidsplay-logo.png\",\"width\":451,\"height\":98,\"caption\":\"KidsPlay\"},\"image\":{\"@id\":\"https:\\\/\\\/kidsplay.lt\\\/#\\\/schema\\\/logo\\\/image\\\/\"},\"sameAs\":[\"https:\\\/\\\/www.facebook.com\\\/www.kidsplay.lt\"]}]}<\/script>\n<!-- \/ Yoast SEO plugin. -->","yoast_head_json":{"title":"Laukini\u0173 gyv\u016bn\u0173 advento kalendorius - KidsPlay","description":"Savva\u013cas dz\u012bvnieku Adventes kalend\u0101rs","robots":{"index":"index","follow":"follow","max-snippet":"max-snippet:-1","max-image-preview":"max-image-preview:large","max-video-preview":"max-video-preview:-1"},"canonical":"https:\/\/kidsplay.lt\/lv\/products\/laukiniu-gyvunu-advento-kalendorius\/","og_locale":"lv_LV","og_type":"article","og_title":"Laukini\u0173 gyv\u016bn\u0173 advento kalendorius - KidsPlay","og_description":"Laukini\u0173 gyv\u016bn\u0173 advento kalendorius","og_url":"https:\/\/kidsplay.lt\/lv\/products\/laukiniu-gyvunu-advento-kalendorius\/","og_site_name":"KidsPlay","article_publisher":"https:\/\/www.facebook.com\/www.kidsplay.lt","article_modified_time":"2025-12-29T16:57:35+00:00","og_image":[{"width":571,"height":427,"url":"https:\/\/kidsplay.lt\/wp-content\/uploads\/2025\/09\/Screenshot_523.png","type":"image\/png"}],"twitter_card":"summary_large_image","twitter_misc":{"Est. reading time":"2 min\u016btes"},"schema":{"@context":"https:\/\/schema.org","@graph":[{"@type":"WebPage","@id":"https:\/\/kidsplay.lt\/produktas\/laukiniu-gyvunu-advento-kalendorius\/","url":"https:\/\/kidsplay.lt\/produktas\/laukiniu-gyvunu-advento-kalendorius\/","name":"Laukini\u0173 gyv\u016bn\u0173 advento kalendorius - KidsPlay","isPartOf":{"@id":"https:\/\/kidsplay.lt\/#website"},"primaryImageOfPage":{"@id":"https:\/\/kidsplay.lt\/produktas\/laukiniu-gyvunu-advento-kalendorius\/#primaryimage"},"image":{"@id":"https:\/\/kidsplay.lt\/produktas\/laukiniu-gyvunu-advento-kalendorius\/#primaryimage"},"thumbnailUrl":"https:\/\/kidsplay.lt\/wp-content\/uploads\/2025\/09\/Screenshot_523.png","datePublished":"2025-09-24T06:06:01+00:00","dateModified":"2025-12-29T16:57:35+00:00","description":"Savva\u013cas dz\u012bvnieku Adventes kalend\u0101rs","breadcrumb":{"@id":"https:\/\/kidsplay.lt\/produktas\/laukiniu-gyvunu-advento-kalendorius\/#breadcrumb"},"inLanguage":"lv-LV","potentialAction":[{"@type":"ReadAction","target":["https:\/\/kidsplay.lt\/produktas\/laukiniu-gyvunu-advento-kalendorius\/"]}]},{"@type":"ImageObject","inLanguage":"lv-LV","@id":"https:\/\/kidsplay.lt\/produktas\/laukiniu-gyvunu-advento-kalendorius\/#primaryimage","url":"https:\/\/kidsplay.lt\/wp-content\/uploads\/2025\/09\/Screenshot_523.png","contentUrl":"https:\/\/kidsplay.lt\/wp-content\/uploads\/2025\/09\/Screenshot_523.png","width":571,"height":427},{"@type":"BreadcrumbList","@id":"https:\/\/kidsplay.lt\/produktas\/laukiniu-gyvunu-advento-kalendorius\/#breadcrumb","itemListElement":[{"@type":"ListItem","position":1,"name":"Pagrindinis","item":"https:\/\/kidsplay.lt\/"},{"@type":"ListItem","position":2,"name":"Parduotuv\u0117","item":"https:\/\/kidsplay.lt\/parduotuve\/"},{"@type":"ListItem","position":3,"name":"Laukini\u0173 gyv\u016bn\u0173 advento kalendorius"}]},{"@type":"WebSite","@id":"https:\/\/kidsplay.lt\/#website","url":"https:\/\/kidsplay.lt\/","name":"B\u0113rnu sp\u0113les.lv","description":"\u012evairios prek\u0117s vaikams","publisher":{"@id":"https:\/\/kidsplay.lt\/#organization"},"alternateName":"Kidsplay","potentialAction":[{"@type":"SearchAction","target":{"@type":"EntryPoint","urlTemplate":"https:\/\/kidsplay.lt\/?s={search_term_string}"},"query-input":{"@type":"PropertyValueSpecification","valueRequired":true,"valueName":"search_term_string"}}],"inLanguage":"lv-LV"},{"@type":"Organization","@id":"https:\/\/kidsplay.lt\/#organization","name":"B\u0113rnu sp\u0113le","url":"https:\/\/kidsplay.lt\/","logo":{"@type":"ImageObject","inLanguage":"lv-LV","@id":"https:\/\/kidsplay.lt\/#\/schema\/logo\/image\/","url":"https:\/\/kidsplay.lt\/wp-content\/uploads\/2023\/07\/kidsplay-logo.png","contentUrl":"https:\/\/kidsplay.lt\/wp-content\/uploads\/2023\/07\/kidsplay-logo.png","width":451,"height":98,"caption":"KidsPlay"},"image":{"@id":"https:\/\/kidsplay.lt\/#\/schema\/logo\/image\/"},"sameAs":["https:\/\/www.facebook.com\/www.kidsplay.lt"]}]}},"_links":{"self":[{"href":"https:\/\/kidsplay.lt\/lv\/wp-json\/wp\/v2\/product\/65373","targetHints":{"allow":["GET"]}}],"collection":[{"href":"https:\/\/kidsplay.lt\/lv\/wp-json\/wp\/v2\/product"}],"about":[{"href":"https:\/\/kidsplay.lt\/lv\/wp-json\/wp\/v2\/types\/product"}],"version-history":[{"count":6,"href":"https:\/\/kidsplay.lt\/lv\/wp-json\/wp\/v2\/product\/65373\/revisions"}],"predecessor-version":[{"id":74417,"href":"https:\/\/kidsplay.lt\/lv\/wp-json\/wp\/v2\/product\/65373\/revisions\/74417"}],"wp:featuredmedia":[{"embeddable":true,"href":"https:\/\/kidsplay.lt\/lv\/wp-json\/wp\/v2\/media\/65374"}],"wp:attachment":[{"href":"https:\/\/kidsplay.lt\/lv\/wp-json\/wp\/v2\/media?parent=65373"}],"wp:term":[{"taxonomy":"product_brand","embeddable":true,"href":"https:\/\/kidsplay.lt\/lv\/wp-json\/wp\/v2\/product_brand?post=65373"},{"taxonomy":"product_cat","embeddable":true,"href":"https:\/\/kidsplay.lt\/lv\/wp-json\/wp\/v2\/product_cat?post=65373"},{"taxonomy":"product_tag","embeddable":true,"href":"https:\/\/kidsplay.lt\/lv\/wp-json\/wp\/v2\/product_tag?post=65373"}],"curies":[{"name":"wp","href":"https:\/\/api.w.org\/{rel}","templated":true}]}}