{"id":65403,"date":"2025-09-24T09:23:01","date_gmt":"2025-09-24T06:23:01","guid":{"rendered":"https:\/\/kidsplay.lt\/?post_type=product&#038;p=65403"},"modified":"2025-12-01T16:17:02","modified_gmt":"2025-12-01T14:17:02","slug":"tipi-wigwam-kremine-palapine","status":"publish","type":"product","link":"https:\/\/kidsplay.lt\/lv\/products\/tipi-wigwam-kremine-palapine\/","title":{"rendered":"Tipi Wigwam kr\u0113mkr\u0101sas telts"},"content":{"rendered":"<div class=\"mpof_ki myre_zn myre_8v_l m389_6m_l\">\n<div class=\"mp4t_16_s mryx_16_s mr3m_1 mli2_1 mh85_56 mh85_0_l\">\n<div class=\"mgn2_16 _0d3bd_am0a-\">\n<h1><span dir=\"auto\">Vaiki\u0161ka tipi palapin\u0117 + priedai<\/span><\/h1>\n<h2><span dir=\"auto\">U\u017edara palapin\u0117 vaikams<\/span><\/h2>\n<\/div>\n<\/div>\n<\/div>\n<div class=\"mpof_ki myre_zn myre_8v_l m389_6m_l\">\n<div class=\"mp4t_16_s mryx_16_s mr3m_1 mli2_1 mh85_56 mh85_0_l\">\n<div class=\"mgn2_16 _0d3bd_am0a-\">\n<h2><span dir=\"auto\">Tipi palapin\u0117<\/span><\/h2>\n<h2><span dir=\"auto\">\u2b50\ufe0f\u2b50\ufe0f\u2b50\ufe0f\u2b50\ufe0f\u2b50\ufe0f<\/span><\/h2>\n<p><b><span dir=\"auto\">\u2705 \u012e rinkin\u012f \u012feina:<\/span><\/b><\/p>\n<ul>\n<li><b><span dir=\"auto\">mediniai pagaliukai<\/span><\/b><\/li>\n<li><b><span dir=\"auto\">kilim\u0117lis<\/span><\/b><span dir=\"auto\">\u00a0115&#215;115 cm<\/span><\/li>\n<li><b><span dir=\"auto\">\u017evaig\u017ed\u0117s formos pagalv\u0117<\/span><\/b><\/li>\n<li><b><span dir=\"auto\">pagalv\u0117<\/span><\/b><\/li>\n<li><b><span dir=\"auto\">girlianda<\/span><\/b><\/li>\n<li><b><span dir=\"auto\">kabelio rai\u0161telis arba virvel\u0117<\/span><\/b><span dir=\"auto\">\u00a0tvirtinimui<\/span><\/li>\n<\/ul>\n<p><b><span dir=\"auto\">\u2705 APRA\u0160YMAS:<\/span><\/b><\/p>\n<ul>\n<li><b><span dir=\"auto\">Gamintojas<\/span><\/b><span dir=\"auto\">\u00a0: Dreamland Medic<\/span><\/li>\n<li><b><span dir=\"auto\">KOMPLEKTE NE\u012eSKAI\u010cIUOTAS<\/span><\/b><span dir=\"auto\">\u00a0STABILIZATORIUS (galima \u012fsigyti pagal kit\u0105 pasi\u016blym\u0105)<\/span><\/li>\n<\/ul>\n<p><b><span dir=\"auto\">\u2705Matmenys:<\/span><\/b><\/p>\n<ul>\n<li><b><span dir=\"auto\">Palapin\u0117s auk\u0161tis<\/span><\/b><span dir=\"auto\">\u00a0po pastatymo: 150 cm<\/span><\/li>\n<li><b><span dir=\"auto\">Pagrindo plotis<\/span><\/b><span dir=\"auto\">\u00a0: 120\/120 cm<\/span><\/li>\n<\/ul>\n<p><b><span dir=\"auto\">\u2705Med\u017eiagos:<\/span><\/b><\/p>\n<ul>\n<li><b><span dir=\"auto\">U\u017evalkalas<\/span><\/b><span dir=\"auto\">\u00a0: 100 % \u201eOeko Tex\u201c sertifikuota medviln\u0117<\/span><\/li>\n<li><b><span dir=\"auto\">R\u0117mas<\/span><\/b><span dir=\"auto\">\u00a0: medinis<\/span><\/li>\n<li><b><span dir=\"auto\">Pamu\u0161alas<\/span><\/b><span dir=\"auto\">\u00a0: poliesterio u\u017epildas + \u201eOeko Tex\u201c sertifikuota medvilnin\u0117 apdaila<\/span><\/li>\n<\/ul>\n<\/div>\n<\/div>\n<div class=\"mp4t_16_s mryx_16_s mr3m_1 mli2_1 mh85_56 mh85_0_l\">\n<div class=\"mg9e_8 mj7a_8 mg9e_0_s mvrt_0_s mj7a_0_s mh36_0_s mzmg_6m munh_16_l m3h2_16_l\">\n<div class=\"mp4t_0 mryx_0 munh_56 m3h2_56\">\n<div class=\"mp7g_oh\"><button class=\"mg9e_0 mvrt_0 mj7a_0 mh36_0 mp4t_0 m3h2_0 mryx_0 munh_0 mqen_m6 mpof_z0 mx7m_0 m7er_k4 mse2_k4 msts_pt\" data-analytics-interaction=\"true\" data-analytics-interaction-label=\"zoomable-image-open\"><img decoding=\"async\" class=\"msub_k4 mupj_5k mjru_k4 mse2_k4 mp7g_f6 mq1m_0 mj7u_0 m7er_k4 mqen_m6 m31c_d8 m0ux_fp lazyloaded\" src=\"https:\/\/a.allegroimg.com\/original\/11d8eb\/e0be4f4e47838852fc8de2ee3341\/Namiot-tipi-wigwam-dla-dzieci-do-pokoju-domek-dla-dzieci-skladany\" alt=\"Tipi vigvamo palapin\u0117 vaik\u0173 kambariui, vaik\u0173 namelis, sulankstoma\" width=\"2560px\" data-srcset=\"\" \/><\/button><\/div>\n<\/div>\n<\/div>\n<\/div>\n<\/div>\n<div class=\"mpof_ki myre_zn myre_8v_l m389_6m_l\">\n<div class=\"mp4t_16_s mryx_16_s mr3m_1 mli2_1 mh85_56 mh85_0_l\">\n<div class=\"mgn2_16 _0d3bd_am0a-\">\n<h2><span dir=\"auto\">Vaik\u0173 palapin\u0117<\/span><\/h2>\n<h2><span dir=\"auto\">\u2b50\ufe0f\u2b50\ufe0f\u2b50\ufe0f\u2b50\ufe0f\u2b50\ufe0f<\/span><\/h2>\n<p><b><span dir=\"auto\">\u2705 PRIVALUMAI:<\/span><\/b><\/p>\n<ul>\n<li><b><span dir=\"auto\">Tipi palapin\u0117 yra puiki vieta<\/span><\/b><span dir=\"auto\">\u00a0j\u016bs\u0173 vaikui \u017eaisti.<\/span><\/li>\n<li><b><span dir=\"auto\">Jis puikiai tiks ne tik lauke ar terasoje<\/span><\/b><span dir=\"auto\">\u00a0, bet ir namuose, vis\u0173 pirma.<\/span><\/li>\n<li><b><span dir=\"auto\">Palapin\u0117 yra lengva ir lengvai sulankstoma,<\/span><\/b><span dir=\"auto\">\u00a0tod\u0117l j\u0105 galima lengvai ne\u0161iotis.<\/span><\/li>\n<li><b><span dir=\"auto\">Puiki vieta pasisl\u0117pti,<\/span><\/b><span dir=\"auto\">\u00a0popie\u010dio miegui ar kartu paskaityti pasakas.<\/span><\/li>\n<li><b><span dir=\"auto\">Viena i\u0161 nedaugelio rinkoje esan\u010di\u0173 palapini\u0173 turi visi\u0161kai u\u017edengt\u0105 \u012f\u0117jim\u0105 \u2013<\/span><\/b><span dir=\"auto\">\u00a0tai labai svarbus elementas m\u016bs\u0173 vaikams, nes jis neleis patekti nepageidaujamiems sve\u010diams.<\/span><\/li>\n<\/ul>\n<\/div>\n<\/div>\n<div class=\"mp4t_16_s mryx_16_s mr3m_1 mli2_1 mh85_56 mh85_0_l\">\n<div class=\"mg9e_8 mj7a_8 mg9e_0_s mvrt_0_s mj7a_0_s mh36_0_s mzmg_6m munh_16_l m3h2_16_l\">\n<div class=\"mp4t_0 mryx_0 munh_56 m3h2_56\">\n<div class=\"mp7g_oh\"><button class=\"mg9e_0 mvrt_0 mj7a_0 mh36_0 mp4t_0 m3h2_0 mryx_0 munh_0 mqen_m6 mpof_z0 mx7m_0 m7er_k4 mse2_k4 msts_pt\" data-analytics-interaction=\"true\" data-analytics-interaction-label=\"zoomable-image-open\"><img decoding=\"async\" class=\"msub_k4 mupj_5k mjru_k4 mse2_k4 mp7g_f6 mq1m_0 mj7u_0 m7er_k4 mqen_m6 m31c_d8 m0ux_fp lazyloaded\" src=\"https:\/\/a.allegroimg.com\/original\/1116e0\/3e0d3e544822af1042728a15ba51\/Namiot-tipi-wigwam-dla-dzieci-do-pokoju-domek-dla-dzieci-skladany-Kod-producenta-5908291044688\" alt=\"Tipi vigvamo palapin\u0117 vaikams, sulankstomas namelis. Gamintojo kodas 5908291044688\" width=\"2560px\" data-srcset=\"\" \/><\/button><\/div>\n<\/div>\n<\/div>\n<\/div>\n<\/div>\n<div class=\"mpof_ki myre_zn myre_8v_l m389_6m_l\">\n<div class=\"mp4t_16_s mryx_16_s mr3m_1 mli2_1 mh85_56 mh85_0_l\">\n<div class=\"mgn2_16 _0d3bd_am0a-\">\n<ul>\n<li><b><span dir=\"auto\">Kiekvienoje palapin\u0117je yra langas<\/span><\/b><span dir=\"auto\">\u00a0su nuleid\u017eiamomis \u017ealiuz\u0117mis. Mink\u0161tas kilim\u0117lis izoliuoja grindis, o \u0161oniniai rai\u0161\u010diai leid\u017eia j\u0105 sujungti su visa konstrukcija, tod\u0117l palapin\u0117 yra labai stabili ir i\u0161laiko savo form\u0105 net ir intensyvi\u0173 \u017eaidim\u0173 metu.<\/span><\/li>\n<\/ul>\n<\/div>\n<\/div>\n<div class=\"mp4t_16_s mryx_16_s mr3m_1 mli2_1 mh85_56 mh85_0_l\">\n<div class=\"mg9e_8 mj7a_8 mg9e_0_s mvrt_0_s mj7a_0_s mh36_0_s mzmg_6m munh_16_l m3h2_16_l\">\n<div class=\"mp4t_0 mryx_0 munh_56 m3h2_56\">\n<div class=\"mp7g_oh\"><button class=\"mg9e_0 mvrt_0 mj7a_0 mh36_0 mp4t_0 m3h2_0 mryx_0 munh_0 mqen_m6 mpof_z0 mx7m_0 m7er_k4 mse2_k4 msts_pt\" data-analytics-interaction=\"true\" data-analytics-interaction-label=\"zoomable-image-open\"><img decoding=\"async\" class=\"msub_k4 mupj_5k mjru_k4 mse2_k4 mp7g_f6 mq1m_0 mj7u_0 m7er_k4 mqen_m6 m31c_d8 m0ux_fp lazyloaded\" src=\"https:\/\/a.allegroimg.com\/original\/11be55\/b799384148c58e654a31efbd1b2f\/Namiot-tipi-wigwam-dla-dzieci-do-pokoju-domek-dla-dzieci-skladany-EAN-GTIN-5908291044688\" alt=\"Tipi vigvamo palapin\u0117 vaik\u0173 kambariui, vaik\u0173 namelis, sulankstomas EAN (GTIN) 5908291044688\" width=\"2560px\" data-srcset=\"\" \/><\/button><\/div>\n<\/div>\n<\/div>\n<\/div>\n<\/div>\n<div class=\"mpof_ki myre_zn myre_8v_l m389_6m_l\">\n<div class=\"mp4t_16_s mryx_16_s mr3m_1 mli2_1 mh85_56 mh85_0_l\">\n<div class=\"mgn2_16 _0d3bd_am0a-\">\n<h2><span dir=\"auto\">Tipi palapin\u0117 + priedai<\/span><\/h2>\n<h2><span dir=\"auto\">\u2b50\ufe0f\u2b50\ufe0f\u2b50\ufe0f\u2b50\ufe0f\u2b50\ufe0f<\/span><\/h2>\n<p><b><span dir=\"auto\">\u2705Kaip pri\u017ei\u016br\u0117ti \u201eDreamland\u201c palapines:<\/span><\/b><\/p>\n<p><b><span dir=\"auto\">Palapin\u0117s u\u017edanga<\/span><\/b><span dir=\"auto\">\u00a0(nuimama)<\/span><\/p>\n<ul>\n<li><b><span dir=\"auto\">skalbti skalbimo ma\u0161inoje<\/span><\/b><span dir=\"auto\">\u00a030\u00b0C temperat\u016broje<\/span><\/li>\n<li><b><span dir=\"auto\">nenaudokite baliklio<\/span><\/b><\/li>\n<li><b><span dir=\"auto\">Skalbti atskirai<\/span><\/b><\/li>\n<li><b><span dir=\"auto\">ned\u017eiovinti<\/span><\/b><span dir=\"auto\">\u00a0d\u017eiovykl\u0117je<\/span><\/li>\n<li><b><span dir=\"auto\">nevalyti<\/span><\/b><span dir=\"auto\">\u00a0cheminiu b\u016bdu<\/span><\/li>\n<\/ul>\n<p><b><span dir=\"auto\">MAT<\/span><\/b><span dir=\"auto\">\u00a0(d\u0117l dygsniavimo u\u017epildas nejuda naudojimo metu)<\/span><\/p>\n<ul>\n<li><span dir=\"auto\">D\u0117l dyd\u017eio\u00a0<\/span><b><span dir=\"auto\">rekomenduojama plauti rankomis<\/span><\/b><\/li>\n<li><b><span dir=\"auto\">nenaudokite<\/span><\/b><span dir=\"auto\">\u00a0baliklio<\/span><\/li>\n<li><b><span dir=\"auto\">Skalbti atskirai<\/span><\/b><\/li>\n<li><b><span dir=\"auto\">ned\u017eiovinti<\/span><\/b><span dir=\"auto\">\u00a0d\u017eiovykl\u0117je<\/span><\/li>\n<li><b><span dir=\"auto\">nevalyti<\/span><\/b><span dir=\"auto\">\u00a0cheminiu b\u016bdu<\/span><\/li>\n<\/ul>\n<\/div>\n<\/div>\n<div class=\"mp4t_16_s mryx_16_s mr3m_1 mli2_1 mh85_56 mh85_0_l\">\n<div class=\"mg9e_8 mj7a_8 mg9e_0_s mvrt_0_s mj7a_0_s mh36_0_s mzmg_6m munh_16_l m3h2_16_l\">\n<div class=\"mp4t_0 mryx_0 munh_56 m3h2_56\">\n<div class=\"mp7g_oh\"><button class=\"mg9e_0 mvrt_0 mj7a_0 mh36_0 mp4t_0 m3h2_0 mryx_0 munh_0 mqen_m6 mpof_z0 mx7m_0 m7er_k4 mse2_k4 msts_pt\" data-analytics-interaction=\"true\" data-analytics-interaction-label=\"zoomable-image-open\"><img decoding=\"async\" class=\"msub_k4 mupj_5k mjru_k4 mse2_k4 mp7g_f6 mq1m_0 mj7u_0 m7er_k4 mqen_m6 m31c_d8 m0ux_fp lazyloaded\" src=\"https:\/\/a.allegroimg.com\/original\/118974\/b4f97703422da34c91ec4c135bd8\/Namiot-tipi-wigwam-dla-dzieci-do-pokoju-domek-dla-dzieci-skladany-Marka-Dreamland\" alt=\"Vaik\u0173 tipo vigvamo palapin\u0117 vaik\u0173 kambariui, sulankstomas vaik\u0173 namelis, \u201eDreamland\u201c prek\u0117s \u017eenklas\" width=\"1024px\" data-srcset=\"\" \/><\/button><\/div>\n<\/div>\n<\/div>\n<\/div>\n<\/div>","protected":false},"excerpt":{"rendered":"<p>Tipi Wigwam kr\u0113mkr\u0101sas telts<\/p>","protected":false},"featured_media":65404,"template":"","meta":{"_acf_changed":false,"_glsr_average":0,"_glsr_ranking":0,"_glsr_reviews":0},"product_brand":[],"product_cat":[236,254],"product_tag":[],"class_list":{"0":"post-65403","1":"product","2":"type-product","3":"status-publish","4":"has-post-thumbnail","6":"product_cat-vaikiskos-palapines","7":"product_cat-vaiko-kambarys","8":"\"style=\"background-color: #2ecc711c;\"","10":"first","11":"instock","12":"shipping-taxable","13":"purchasable","14":"product-type-simple"},"acf":[],"yoast_head":"<!-- This site is optimized with the Yoast SEO plugin v27.3 - https:\/\/yoast.com\/product\/yoast-seo-wordpress\/ -->\n<title>Tipi Wigwam kremin\u0117 palapin\u0117 - KidsPlay<\/title>\n<meta name=\"description\" content=\"Tipi Wigwam kremin\u0117 palapin\u0117\" \/>\n<meta name=\"robots\" content=\"index, follow, max-snippet:-1, max-image-preview:large, max-video-preview:-1\" \/>\n<link rel=\"canonical\" href=\"https:\/\/kidsplay.lt\/lv\/products\/tipi-wigwam-kremine-palapine\/\" \/>\n<meta property=\"og:locale\" content=\"lv_LV\" \/>\n<meta property=\"og:type\" content=\"article\" \/>\n<meta property=\"og:title\" content=\"Tipi Wigwam kremin\u0117 palapin\u0117 - KidsPlay\" \/>\n<meta property=\"og:description\" content=\"Tipi Wigwam kremin\u0117 palapin\u0117\" \/>\n<meta property=\"og:url\" content=\"https:\/\/kidsplay.lt\/lv\/products\/tipi-wigwam-kremine-palapine\/\" \/>\n<meta property=\"og:site_name\" content=\"KidsPlay\" \/>\n<meta property=\"article:publisher\" content=\"https:\/\/www.facebook.com\/www.kidsplay.lt\" \/>\n<meta property=\"article:modified_time\" content=\"2025-12-01T14:17:02+00:00\" \/>\n<meta property=\"og:image\" content=\"https:\/\/kidsplay.lt\/wp-content\/uploads\/2025\/09\/Screenshot_543.png\" \/>\n\t<meta property=\"og:image:width\" content=\"565\" \/>\n\t<meta property=\"og:image:height\" content=\"489\" \/>\n\t<meta property=\"og:image:type\" content=\"image\/png\" \/>\n<meta name=\"twitter:card\" content=\"summary_large_image\" \/>\n<meta name=\"twitter:label1\" content=\"Est. reading time\" \/>\n\t<meta name=\"twitter:data1\" content=\"3 min\u016btes\" \/>\n<script type=\"application\/ld+json\" class=\"yoast-schema-graph\">{\"@context\":\"https:\\\/\\\/schema.org\",\"@graph\":[{\"@type\":\"WebPage\",\"@id\":\"https:\\\/\\\/kidsplay.lt\\\/produktas\\\/tipi-wigwam-kremine-palapine\\\/\",\"url\":\"https:\\\/\\\/kidsplay.lt\\\/produktas\\\/tipi-wigwam-kremine-palapine\\\/\",\"name\":\"Tipi Wigwam kremin\u0117 palapin\u0117 - KidsPlay\",\"isPartOf\":{\"@id\":\"https:\\\/\\\/kidsplay.lt\\\/#website\"},\"primaryImageOfPage\":{\"@id\":\"https:\\\/\\\/kidsplay.lt\\\/produktas\\\/tipi-wigwam-kremine-palapine\\\/#primaryimage\"},\"image\":{\"@id\":\"https:\\\/\\\/kidsplay.lt\\\/produktas\\\/tipi-wigwam-kremine-palapine\\\/#primaryimage\"},\"thumbnailUrl\":\"https:\\\/\\\/kidsplay.lt\\\/wp-content\\\/uploads\\\/2025\\\/09\\\/Screenshot_543.png\",\"datePublished\":\"2025-09-24T06:23:01+00:00\",\"dateModified\":\"2025-12-01T14:17:02+00:00\",\"description\":\"Tipi Wigwam kremin\u0117 palapin\u0117\",\"breadcrumb\":{\"@id\":\"https:\\\/\\\/kidsplay.lt\\\/produktas\\\/tipi-wigwam-kremine-palapine\\\/#breadcrumb\"},\"inLanguage\":\"lv-LV\",\"potentialAction\":[{\"@type\":\"ReadAction\",\"target\":[\"https:\\\/\\\/kidsplay.lt\\\/produktas\\\/tipi-wigwam-kremine-palapine\\\/\"]}]},{\"@type\":\"ImageObject\",\"inLanguage\":\"lv-LV\",\"@id\":\"https:\\\/\\\/kidsplay.lt\\\/produktas\\\/tipi-wigwam-kremine-palapine\\\/#primaryimage\",\"url\":\"https:\\\/\\\/kidsplay.lt\\\/wp-content\\\/uploads\\\/2025\\\/09\\\/Screenshot_543.png\",\"contentUrl\":\"https:\\\/\\\/kidsplay.lt\\\/wp-content\\\/uploads\\\/2025\\\/09\\\/Screenshot_543.png\",\"width\":565,\"height\":489},{\"@type\":\"BreadcrumbList\",\"@id\":\"https:\\\/\\\/kidsplay.lt\\\/produktas\\\/tipi-wigwam-kremine-palapine\\\/#breadcrumb\",\"itemListElement\":[{\"@type\":\"ListItem\",\"position\":1,\"name\":\"Pagrindinis\",\"item\":\"https:\\\/\\\/kidsplay.lt\\\/\"},{\"@type\":\"ListItem\",\"position\":2,\"name\":\"Parduotuv\u0117\",\"item\":\"https:\\\/\\\/kidsplay.lt\\\/parduotuve\\\/\"},{\"@type\":\"ListItem\",\"position\":3,\"name\":\"Tipi Wigwam kremin\u0117 palapin\u0117\"}]},{\"@type\":\"WebSite\",\"@id\":\"https:\\\/\\\/kidsplay.lt\\\/#website\",\"url\":\"https:\\\/\\\/kidsplay.lt\\\/\",\"name\":\"Kidsplay.lt\",\"description\":\"\u012evairios prek\u0117s vaikams\",\"publisher\":{\"@id\":\"https:\\\/\\\/kidsplay.lt\\\/#organization\"},\"alternateName\":\"Kidsplay\",\"potentialAction\":[{\"@type\":\"SearchAction\",\"target\":{\"@type\":\"EntryPoint\",\"urlTemplate\":\"https:\\\/\\\/kidsplay.lt\\\/?s={search_term_string}\"},\"query-input\":{\"@type\":\"PropertyValueSpecification\",\"valueRequired\":true,\"valueName\":\"search_term_string\"}}],\"inLanguage\":\"lv-LV\"},{\"@type\":\"Organization\",\"@id\":\"https:\\\/\\\/kidsplay.lt\\\/#organization\",\"name\":\"KidsPlay\",\"url\":\"https:\\\/\\\/kidsplay.lt\\\/\",\"logo\":{\"@type\":\"ImageObject\",\"inLanguage\":\"lv-LV\",\"@id\":\"https:\\\/\\\/kidsplay.lt\\\/#\\\/schema\\\/logo\\\/image\\\/\",\"url\":\"https:\\\/\\\/kidsplay.lt\\\/wp-content\\\/uploads\\\/2023\\\/07\\\/kidsplay-logo.png\",\"contentUrl\":\"https:\\\/\\\/kidsplay.lt\\\/wp-content\\\/uploads\\\/2023\\\/07\\\/kidsplay-logo.png\",\"width\":451,\"height\":98,\"caption\":\"KidsPlay\"},\"image\":{\"@id\":\"https:\\\/\\\/kidsplay.lt\\\/#\\\/schema\\\/logo\\\/image\\\/\"},\"sameAs\":[\"https:\\\/\\\/www.facebook.com\\\/www.kidsplay.lt\"]}]}<\/script>\n<!-- \/ Yoast SEO plugin. -->","yoast_head_json":{"title":"Tipi Wigwam kremin\u0117 palapin\u0117 - KidsPlay","description":"Tipi Wigwam kr\u0113mkr\u0101sas telts","robots":{"index":"index","follow":"follow","max-snippet":"max-snippet:-1","max-image-preview":"max-image-preview:large","max-video-preview":"max-video-preview:-1"},"canonical":"https:\/\/kidsplay.lt\/lv\/products\/tipi-wigwam-kremine-palapine\/","og_locale":"lv_LV","og_type":"article","og_title":"Tipi Wigwam kremin\u0117 palapin\u0117 - KidsPlay","og_description":"Tipi Wigwam kremin\u0117 palapin\u0117","og_url":"https:\/\/kidsplay.lt\/lv\/products\/tipi-wigwam-kremine-palapine\/","og_site_name":"KidsPlay","article_publisher":"https:\/\/www.facebook.com\/www.kidsplay.lt","article_modified_time":"2025-12-01T14:17:02+00:00","og_image":[{"width":565,"height":489,"url":"https:\/\/kidsplay.lt\/wp-content\/uploads\/2025\/09\/Screenshot_543.png","type":"image\/png"}],"twitter_card":"summary_large_image","twitter_misc":{"Est. reading time":"3 min\u016btes"},"schema":{"@context":"https:\/\/schema.org","@graph":[{"@type":"WebPage","@id":"https:\/\/kidsplay.lt\/produktas\/tipi-wigwam-kremine-palapine\/","url":"https:\/\/kidsplay.lt\/produktas\/tipi-wigwam-kremine-palapine\/","name":"Tipi Wigwam kremin\u0117 palapin\u0117 - KidsPlay","isPartOf":{"@id":"https:\/\/kidsplay.lt\/#website"},"primaryImageOfPage":{"@id":"https:\/\/kidsplay.lt\/produktas\/tipi-wigwam-kremine-palapine\/#primaryimage"},"image":{"@id":"https:\/\/kidsplay.lt\/produktas\/tipi-wigwam-kremine-palapine\/#primaryimage"},"thumbnailUrl":"https:\/\/kidsplay.lt\/wp-content\/uploads\/2025\/09\/Screenshot_543.png","datePublished":"2025-09-24T06:23:01+00:00","dateModified":"2025-12-01T14:17:02+00:00","description":"Tipi Wigwam kr\u0113mkr\u0101sas telts","breadcrumb":{"@id":"https:\/\/kidsplay.lt\/produktas\/tipi-wigwam-kremine-palapine\/#breadcrumb"},"inLanguage":"lv-LV","potentialAction":[{"@type":"ReadAction","target":["https:\/\/kidsplay.lt\/produktas\/tipi-wigwam-kremine-palapine\/"]}]},{"@type":"ImageObject","inLanguage":"lv-LV","@id":"https:\/\/kidsplay.lt\/produktas\/tipi-wigwam-kremine-palapine\/#primaryimage","url":"https:\/\/kidsplay.lt\/wp-content\/uploads\/2025\/09\/Screenshot_543.png","contentUrl":"https:\/\/kidsplay.lt\/wp-content\/uploads\/2025\/09\/Screenshot_543.png","width":565,"height":489},{"@type":"BreadcrumbList","@id":"https:\/\/kidsplay.lt\/produktas\/tipi-wigwam-kremine-palapine\/#breadcrumb","itemListElement":[{"@type":"ListItem","position":1,"name":"Pagrindinis","item":"https:\/\/kidsplay.lt\/"},{"@type":"ListItem","position":2,"name":"Parduotuv\u0117","item":"https:\/\/kidsplay.lt\/parduotuve\/"},{"@type":"ListItem","position":3,"name":"Tipi Wigwam kremin\u0117 palapin\u0117"}]},{"@type":"WebSite","@id":"https:\/\/kidsplay.lt\/#website","url":"https:\/\/kidsplay.lt\/","name":"B\u0113rnu sp\u0113les.lv","description":"\u012evairios prek\u0117s vaikams","publisher":{"@id":"https:\/\/kidsplay.lt\/#organization"},"alternateName":"Kidsplay","potentialAction":[{"@type":"SearchAction","target":{"@type":"EntryPoint","urlTemplate":"https:\/\/kidsplay.lt\/?s={search_term_string}"},"query-input":{"@type":"PropertyValueSpecification","valueRequired":true,"valueName":"search_term_string"}}],"inLanguage":"lv-LV"},{"@type":"Organization","@id":"https:\/\/kidsplay.lt\/#organization","name":"B\u0113rnu sp\u0113le","url":"https:\/\/kidsplay.lt\/","logo":{"@type":"ImageObject","inLanguage":"lv-LV","@id":"https:\/\/kidsplay.lt\/#\/schema\/logo\/image\/","url":"https:\/\/kidsplay.lt\/wp-content\/uploads\/2023\/07\/kidsplay-logo.png","contentUrl":"https:\/\/kidsplay.lt\/wp-content\/uploads\/2023\/07\/kidsplay-logo.png","width":451,"height":98,"caption":"KidsPlay"},"image":{"@id":"https:\/\/kidsplay.lt\/#\/schema\/logo\/image\/"},"sameAs":["https:\/\/www.facebook.com\/www.kidsplay.lt"]}]}},"_links":{"self":[{"href":"https:\/\/kidsplay.lt\/lv\/wp-json\/wp\/v2\/product\/65403","targetHints":{"allow":["GET"]}}],"collection":[{"href":"https:\/\/kidsplay.lt\/lv\/wp-json\/wp\/v2\/product"}],"about":[{"href":"https:\/\/kidsplay.lt\/lv\/wp-json\/wp\/v2\/types\/product"}],"version-history":[{"count":5,"href":"https:\/\/kidsplay.lt\/lv\/wp-json\/wp\/v2\/product\/65403\/revisions"}],"predecessor-version":[{"id":74009,"href":"https:\/\/kidsplay.lt\/lv\/wp-json\/wp\/v2\/product\/65403\/revisions\/74009"}],"wp:featuredmedia":[{"embeddable":true,"href":"https:\/\/kidsplay.lt\/lv\/wp-json\/wp\/v2\/media\/65404"}],"wp:attachment":[{"href":"https:\/\/kidsplay.lt\/lv\/wp-json\/wp\/v2\/media?parent=65403"}],"wp:term":[{"taxonomy":"product_brand","embeddable":true,"href":"https:\/\/kidsplay.lt\/lv\/wp-json\/wp\/v2\/product_brand?post=65403"},{"taxonomy":"product_cat","embeddable":true,"href":"https:\/\/kidsplay.lt\/lv\/wp-json\/wp\/v2\/product_cat?post=65403"},{"taxonomy":"product_tag","embeddable":true,"href":"https:\/\/kidsplay.lt\/lv\/wp-json\/wp\/v2\/product_tag?post=65403"}],"curies":[{"name":"wp","href":"https:\/\/api.w.org\/{rel}","templated":true}]}}