{"id":65453,"date":"2025-09-24T09:42:38","date_gmt":"2025-09-24T06:42:38","guid":{"rendered":"https:\/\/kidsplay.lt\/?post_type=product&#038;p=65453"},"modified":"2026-04-19T09:57:20","modified_gmt":"2026-04-19T06:57:20","slug":"fisher-price-karusele-su-verksmo-jutikliu","status":"publish","type":"product","link":"https:\/\/kidsplay.lt\/lv\/products\/fisher-price-karusele-su-verksmo-jutikliu\/","title":{"rendered":"FISHER PRICE karuselis ar raud\u0101\u0161anas sensoru"},"content":{"rendered":"<div class=\"mpof_ki myre_zn myre_8v_l m389_6m_l\">\n<div class=\"mp4t_16_s mryx_16_s mr3m_1 mli2_1 mh85_56 mh85_0_l\">\n<div class=\"mgn2_16 _0d3bd_am0a-\">\n<h2><span dir=\"auto\">Raminantis \u017eaislas \u201eDebes\u0173 karusel\u0117\u201c i\u0161 \u201eFisher Price\u201c.<\/span><\/h2>\n<p><span dir=\"auto\">Pad\u0117kite savo ma\u017eyliui ramiai i\u0161simiegoti su \u0161ia karusele su mielais debes\u0117liais!<\/span><\/p>\n<\/div>\n<\/div>\n<\/div>\n<div class=\"mpof_ki myre_zn myre_8v_l m389_6m_l\">\n<div class=\"mp4t_16_s mryx_16_s mr3m_1 mli2_1 mh85_56 mh85_0_l\">\n<div class=\"mg9e_8 mj7a_8 mg9e_0_s mvrt_0_s mj7a_0_s mh36_0_s mzmg_6m munh_16_l m3h2_16_l\">\n<div class=\"mp4t_0 mryx_0 munh_56 m3h2_56\">\n<div class=\"mp7g_oh\"><button class=\"mg9e_0 mvrt_0 mj7a_0 mh36_0 mp4t_0 m3h2_0 mryx_0 munh_0 mqen_m6 mpof_z0 mx7m_0 m7er_k4 mse2_k4 msts_pt\" data-analytics-interaction=\"true\" data-analytics-interaction-label=\"zoomable-image-open\" aria-disabled=\"true\"><img decoding=\"async\" class=\"msub_k4 mupj_5k mjru_k4 mse2_k4 mp7g_f6 mq1m_0 mj7u_0 m7er_k4 mqen_m6 m31c_d8 m0ux_fp lazyloaded\" src=\"https:\/\/a.allegroimg.com\/original\/1173a7\/29c472814c12a55cb072c87493bd\/FISHER-PRICE-KARUZELA-NAD-LOZECZKO-Z-CZUJNIKIEM-PLACZU-USPOKAJA-DZIECKO\" sizes=\"(min-width: 1200px) 560px, (min-width: 992px) 50vw, 100vw\" srcset=\"https:\/\/a.allegroimg.com\/s360\/1173a7\/29c472814c12a55cb072c87493bd\/FISHER-PRICE-KARUZELA-NAD-LOZECZKO-Z-CZUJNIKIEM-PLACZU-USPOKAJA-DZIECKO 317w,https:\/\/a.allegroimg.com\/s720\/1173a7\/29c472814c12a55cb072c87493bd\/FISHER-PRICE-KARUZELA-NAD-LOZECZKO-Z-CZUJNIKIEM-PLACZU-USPOKAJA-DZIECKO 634w,https:\/\/a.allegroimg.com\/s1024\/1173a7\/29c472814c12a55cb072c87493bd\/FISHER-PRICE-KARUZELA-NAD-LOZECZKO-Z-CZUJNIKIEM-PLACZU-USPOKAJA-DZIECKO 901w,https:\/\/a.allegroimg.com\/s1440\/1173a7\/29c472814c12a55cb072c87493bd\/FISHER-PRICE-KARUZELA-NAD-LOZECZKO-Z-CZUJNIKIEM-PLACZU-USPOKAJA-DZIECKO 1173w,https:\/\/a.allegroimg.com\/original\/1173a7\/29c472814c12a55cb072c87493bd\/FISHER-PRICE-KARUZELA-NAD-LOZECZKO-Z-CZUJNIKIEM-PLACZU-USPOKAJA-DZIECKO 1173w\" alt=\"FISHER PRICE lovyt\u0117-mobiliukas su verksmo jutikliu, kuris nuramins k\u016bdik\u012f\" width=\"1173px\" data-srcset=\"\" \/><\/button><\/div>\n<\/div>\n<\/div>\n<\/div>\n<div class=\"mp4t_16_s mryx_16_s mr3m_1 mli2_1 mh85_56 mh85_0_l\">\n<div class=\"mgn2_16 _0d3bd_am0a-\">\n<p><b><span dir=\"auto\">\u201eFisher-Price\u201c debes\u0173 mobilusis \u017eaislas \u201eSoothes<\/span><\/b><span dir=\"auto\">\u00a0Baby\u201c padeda j\u016bs\u0173 k\u016bdikiui u\u017emigti judant saldiems debes\u0117liams vir\u0161 galvos, kartu su raminan\u010diais garsais, muzika ir \u0161viesel\u0117mis. Kai garso jutiklis aptinka k\u016bdikio verksm\u0105, \u017eaislas \u012fjungia raminimo funkcij\u0105. \u0160\u012f stiling\u0105 lovel\u0117s mobil\u0173j\u012f \u017eaisl\u0105 taip pat galima paversti atskiru \u010diulptuku su garsais ir naktine lempute \u2013 puikus b\u016bdas palaikyti miego rutin\u0105 k\u016bdikiui augant. Jis puikiai tinka kaip mobilusis \u017eaislas k\u016bdikiams nuo gimimo iki 5 m\u0117nesi\u0173 ir kaip atskiras \u010diulptukas nuo 5 m\u0117nesi\u0173.<\/span><\/p>\n<\/div>\n<\/div>\n<\/div>\n<div class=\"mpof_ki myre_zn myre_8v_l m389_6m_l\">\n<div class=\"mp4t_16_s mryx_16_s mr3m_1 mli2_1 mh85_56 mh85_0_l\">\n<div class=\"mgn2_16 _0d3bd_am0a-\">\n<h2><span dir=\"auto\">Karusel\u0117s privalumai:<\/span><\/h2>\n<ul>\n<li><span dir=\"auto\">K\u016bdikiui paaugus, galima paversti spintel\u0117je laikomu \u010diulptuku su garsais ir naktine lempute.<\/span><\/li>\n<li><span dir=\"auto\">Kartu su miego ekspertais sukurtas grojara\u0161tis \u201ePasiruo\u0161k, \u012fsitaisyk, miegok\u201c padeda j\u016bs\u0173 ma\u017eyliui grei\u010diau u\u017emigti ir ilgiau i\u0161miegoti, pasitelkiant \u0161velni\u0105 muzik\u0105, garsus ir \u0161viesas.<\/span><\/li>\n<li><span dir=\"auto\">T\u0119siamas nepa\u017eadinant ma\u017eylio! Garso jutiklis automati\u0161kai \u012fjungia vir\u0161utin\u012f mobil\u0173j\u012f telefon\u0105, kai k\u016bdikis pradeda verkti!<\/span><\/li>\n<li><span dir=\"auto\">\u0160i \u017eavinga karusel\u0117 skatina sekti j\u0105 akimis d\u0117l mink\u0161t\u0173 debes\u0117li\u0173 ir spalving\u0173 la\u0161eli\u0173!<\/span><\/li>\n<\/ul>\n<\/div>\n<\/div>\n<div class=\"mp4t_16_s mryx_16_s mr3m_1 mli2_1 mh85_56 mh85_0_l\">\n<div class=\"mg9e_8 mj7a_8 mg9e_0_s mvrt_0_s mj7a_0_s mh36_0_s mzmg_6m munh_16_l m3h2_16_l\">\n<div class=\"mp4t_0 mryx_0 munh_56 m3h2_56\">\n<div class=\"mp7g_oh\"><button class=\"mg9e_0 mvrt_0 mj7a_0 mh36_0 mp4t_0 m3h2_0 mryx_0 munh_0 mqen_m6 mpof_z0 mx7m_0 m7er_k4 mse2_k4 msts_pt\" data-analytics-interaction=\"true\" data-analytics-interaction-label=\"zoomable-image-open\" aria-disabled=\"true\"><img decoding=\"async\" class=\"msub_k4 mupj_5k mjru_k4 mse2_k4 mp7g_f6 mq1m_0 mj7u_0 m7er_k4 mqen_m6 m31c_d8 m0ux_fp lazyloaded\" src=\"https:\/\/a.allegroimg.com\/original\/11ccfb\/ff8b9b654e56b7fe2dbf973fb3b8\/FISHER-PRICE-KARUZELA-NAD-LOZECZKO-Z-CZUJNIKIEM-PLACZU-USPOKAJA-DZIECKO-Marka-Fisher-Price\" sizes=\"(min-width: 1200px) 560px, (min-width: 992px) 50vw, 100vw\" srcset=\"https:\/\/a.allegroimg.com\/s360\/11ccfb\/ff8b9b654e56b7fe2dbf973fb3b8\/FISHER-PRICE-KARUZELA-NAD-LOZECZKO-Z-CZUJNIKIEM-PLACZU-USPOKAJA-DZIECKO-Marka-Fisher-Price 360w,https:\/\/a.allegroimg.com\/s720\/11ccfb\/ff8b9b654e56b7fe2dbf973fb3b8\/FISHER-PRICE-KARUZELA-NAD-LOZECZKO-Z-CZUJNIKIEM-PLACZU-USPOKAJA-DZIECKO-Marka-Fisher-Price 720w,https:\/\/a.allegroimg.com\/s1024\/11ccfb\/ff8b9b654e56b7fe2dbf973fb3b8\/FISHER-PRICE-KARUZELA-NAD-LOZECZKO-Z-CZUJNIKIEM-PLACZU-USPOKAJA-DZIECKO-Marka-Fisher-Price 1000w,https:\/\/a.allegroimg.com\/original\/11ccfb\/ff8b9b654e56b7fe2dbf973fb3b8\/FISHER-PRICE-KARUZELA-NAD-LOZECZKO-Z-CZUJNIKIEM-PLACZU-USPOKAJA-DZIECKO-Marka-Fisher-Price 1000w\" alt=\"FISHER PRICE LOVA SU VERKSMO JUTIKLIU RAMINA J\u016aS\u0172 K\u016aDIK\u012e Fisher-Price prek\u0117s \u017eenklas\" width=\"1000px\" data-srcset=\"\" \/><\/button><\/div>\n<\/div>\n<\/div>\n<\/div>\n<\/div>\n<div class=\"mpof_ki myre_zn myre_8v_l m389_6m_l\">\n<div class=\"mp4t_16_s mryx_16_s mr3m_1 mli2_1 mh85_56 mh85_0_l\">\n<div class=\"mg9e_8 mj7a_8 mg9e_0_s mvrt_0_s mj7a_0_s mh36_0_s mzmg_6m munh_16_l m3h2_16_l\">\n<div class=\"mp4t_0 mryx_0 munh_56 m3h2_56\">\n<div class=\"mp7g_oh\"><button class=\"mg9e_0 mvrt_0 mj7a_0 mh36_0 mp4t_0 m3h2_0 mryx_0 munh_0 mqen_m6 mpof_z0 mx7m_0 m7er_k4 mse2_k4 msts_pt\" data-analytics-interaction=\"true\" data-analytics-interaction-label=\"zoomable-image-open\" aria-disabled=\"true\"><img decoding=\"async\" class=\"msub_k4 mupj_5k mjru_k4 mse2_k4 mp7g_f6 mq1m_0 mj7u_0 m7er_k4 mqen_m6 m31c_d8 m0ux_fp lazyloaded\" src=\"https:\/\/a.allegroimg.com\/original\/115655\/7e217341474499afb91f6721e5a3\/FISHER-PRICE-KARUZELA-NAD-LOZECZKO-Z-CZUJNIKIEM-PLACZU-USPOKAJA-DZIECKO-Kolor-wielokolorowy\" sizes=\"100vw\" srcset=\"https:\/\/a.allegroimg.com\/s360\/115655\/7e217341474499afb91f6721e5a3\/FISHER-PRICE-KARUZELA-NAD-LOZECZKO-Z-CZUJNIKIEM-PLACZU-USPOKAJA-DZIECKO-Kolor-wielokolorowy 360w,https:\/\/a.allegroimg.com\/s720\/115655\/7e217341474499afb91f6721e5a3\/FISHER-PRICE-KARUZELA-NAD-LOZECZKO-Z-CZUJNIKIEM-PLACZU-USPOKAJA-DZIECKO-Kolor-wielokolorowy 720w,https:\/\/a.allegroimg.com\/s1024\/115655\/7e217341474499afb91f6721e5a3\/FISHER-PRICE-KARUZELA-NAD-LOZECZKO-Z-CZUJNIKIEM-PLACZU-USPOKAJA-DZIECKO-Kolor-wielokolorowy 1000w,https:\/\/a.allegroimg.com\/original\/115655\/7e217341474499afb91f6721e5a3\/FISHER-PRICE-KARUZELA-NAD-LOZECZKO-Z-CZUJNIKIEM-PLACZU-USPOKAJA-DZIECKO-Kolor-wielokolorowy 1000w\" alt=\"FISHER PRICE lovyt\u0117 su verksmo jutikliu ramina k\u016bdik\u012f, daugiaspalv\u0117\" width=\"1000px\" data-srcset=\"\" \/><\/button><\/div>\n<\/div>\n<\/div>\n<\/div>\n<\/div>\n<div class=\"mpof_ki myre_zn myre_8v_l m389_6m_l\">\n<div class=\"mp4t_16_s mryx_16_s mr3m_1 mli2_1 mh85_56 mh85_0_l\">\n<div class=\"mg9e_8 mj7a_8 mg9e_0_s mvrt_0_s mj7a_0_s mh36_0_s mzmg_6m munh_16_l m3h2_16_l\">\n<div class=\"mp4t_0 mryx_0 munh_56 m3h2_56\">\n<div class=\"mp7g_oh\"><button class=\"mg9e_0 mvrt_0 mj7a_0 mh36_0 mp4t_0 m3h2_0 mryx_0 munh_0 mqen_m6 mpof_z0 mx7m_0 m7er_k4 mse2_k4 msts_pt\" data-analytics-interaction=\"true\" data-analytics-interaction-label=\"zoomable-image-open\" aria-disabled=\"true\"><img decoding=\"async\" class=\"msub_k4 mupj_5k mjru_k4 mse2_k4 mp7g_f6 mq1m_0 mj7u_0 m7er_k4 mqen_m6 m31c_d8 m0ux_fp lazyloaded\" src=\"https:\/\/a.allegroimg.com\/original\/11c345\/a30d28e04385af5fdfc0932e8873\/FISHER-PRICE-KARUZELA-NAD-LOZECZKO-Z-CZUJNIKIEM-PLACZU-USPOKAJA-DZIECKO-Stan-opakowania-oryginalne\" sizes=\"100vw\" srcset=\"https:\/\/a.allegroimg.com\/s360\/11c345\/a30d28e04385af5fdfc0932e8873\/FISHER-PRICE-KARUZELA-NAD-LOZECZKO-Z-CZUJNIKIEM-PLACZU-USPOKAJA-DZIECKO-Stan-opakowania-oryginalne 360w,https:\/\/a.allegroimg.com\/s720\/11c345\/a30d28e04385af5fdfc0932e8873\/FISHER-PRICE-KARUZELA-NAD-LOZECZKO-Z-CZUJNIKIEM-PLACZU-USPOKAJA-DZIECKO-Stan-opakowania-oryginalne 720w,https:\/\/a.allegroimg.com\/s1024\/11c345\/a30d28e04385af5fdfc0932e8873\/FISHER-PRICE-KARUZELA-NAD-LOZECZKO-Z-CZUJNIKIEM-PLACZU-USPOKAJA-DZIECKO-Stan-opakowania-oryginalne 999w,https:\/\/a.allegroimg.com\/original\/11c345\/a30d28e04385af5fdfc0932e8873\/FISHER-PRICE-KARUZELA-NAD-LOZECZKO-Z-CZUJNIKIEM-PLACZU-USPOKAJA-DZIECKO-Stan-opakowania-oryginalne 999w\" alt=\"FISHER PRICE lovyt\u0117 su verksmo jutikliu ramina k\u016bdik\u012f, originalios pakuot\u0117s b\u016bkl\u0117.\" width=\"999px\" data-srcset=\"\" \/><\/button><\/div>\n<\/div>\n<\/div>\n<\/div>\n<\/div>\n<div class=\"mpof_ki myre_zn myre_8v_l m389_6m_l\">\n<div class=\"mp4t_16_s mryx_16_s mr3m_1 mli2_1 mh85_56 mh85_0_l\">\n<div class=\"mg9e_8 mj7a_8 mg9e_0_s mvrt_0_s mj7a_0_s mh36_0_s mzmg_6m munh_16_l m3h2_16_l\">\n<div class=\"mp4t_0 mryx_0 munh_56 m3h2_56\">\n<div class=\"mp7g_oh\"><button class=\"mg9e_0 mvrt_0 mj7a_0 mh36_0 mp4t_0 m3h2_0 mryx_0 munh_0 mqen_m6 mpof_z0 mx7m_0 m7er_k4 mse2_k4 msts_pt\" data-analytics-interaction=\"true\" data-analytics-interaction-label=\"zoomable-image-open\" aria-disabled=\"true\"><img decoding=\"async\" class=\"msub_k4 mupj_5k mjru_k4 mse2_k4 mp7g_f6 mq1m_0 mj7u_0 m7er_k4 mqen_m6 m31c_d8 m0ux_fp lazyloaded\" src=\"https:\/\/a.allegroimg.com\/original\/1147d7\/e55ee83b487193b6a003a33ee3e3\/FISHER-PRICE-KARUZELA-NAD-LOZECZKO-Z-CZUJNIKIEM-PLACZU-USPOKAJA-DZIECKO-Wiek-dziecka-0\" sizes=\"100vw\" srcset=\"https:\/\/a.allegroimg.com\/s360\/1147d7\/e55ee83b487193b6a003a33ee3e3\/FISHER-PRICE-KARUZELA-NAD-LOZECZKO-Z-CZUJNIKIEM-PLACZU-USPOKAJA-DZIECKO-Wiek-dziecka-0 360w,https:\/\/a.allegroimg.com\/s720\/1147d7\/e55ee83b487193b6a003a33ee3e3\/FISHER-PRICE-KARUZELA-NAD-LOZECZKO-Z-CZUJNIKIEM-PLACZU-USPOKAJA-DZIECKO-Wiek-dziecka-0 720w,https:\/\/a.allegroimg.com\/s1024\/1147d7\/e55ee83b487193b6a003a33ee3e3\/FISHER-PRICE-KARUZELA-NAD-LOZECZKO-Z-CZUJNIKIEM-PLACZU-USPOKAJA-DZIECKO-Wiek-dziecka-0 1000w,https:\/\/a.allegroimg.com\/original\/1147d7\/e55ee83b487193b6a003a33ee3e3\/FISHER-PRICE-KARUZELA-NAD-LOZECZKO-Z-CZUJNIKIEM-PLACZU-USPOKAJA-DZIECKO-Wiek-dziecka-0 1000w\" alt=\"FISHER PRICE lovyt\u0117 su verksmo jutikliu nuramina k\u016bdik\u012f. Vaiko am\u017eius nuo 0 met\u0173.\" width=\"1000px\" data-srcset=\"\" \/><\/button><\/div>\n<\/div>\n<\/div>\n<\/div>\n<\/div>","protected":false},"excerpt":{"rendered":"<p>\u201eFisher-Price\u201c raminanti \u201eDebes\u0173 karusel\u0117\u201c sukurta tam, kad j\u016bs\u0173 ma\u017eylis lengviau nusiramint\u0173 ir u\u017emigt\u0173. Vir\u0161 galvos \u0161velniai besisukantys debes\u0117liai, raminanti muzika, \u0161viesel\u0117s ir jautrus garso jutiklis padeda palaikyti rami\u0105 miego rutin\u0105. K\u016bdikiui paaugus, karusel\u0117 lengvai transformuojama \u012f atskir\u0105 gars\u0173 \u010diulptuk\u0105 su naktine lempute. Puikus pasirinkimas nuo gimimo iki 5 m\u0117nesi\u0173 kaip mobilusis \u017eaislas ir v\u0117liau \u2013 kaip \u0161velnus miego palydovas.<\/p>","protected":false},"featured_media":65455,"template":"","meta":{"_acf_changed":false,"_glsr_average":0,"_glsr_ranking":0,"_glsr_reviews":0},"product_brand":[],"product_cat":[458],"product_tag":[],"class_list":{"0":"post-65453","1":"product","2":"type-product","3":"status-publish","4":"has-post-thumbnail","6":"product_cat-ramiam-uzmigimui","7":"\"style=\"background-color: #2ecc711c;\"","9":"first","10":"instock","11":"shipping-taxable","12":"purchasable","13":"product-type-simple"},"acf":[],"yoast_head":"<!-- This site is optimized with the Yoast SEO plugin v27.4 - https:\/\/yoast.com\/product\/yoast-seo-wordpress\/ -->\n<title>FISHER PRICE karus\u0117l\u0117 su verksmo jutikliu - KidsPlay<\/title>\n<meta name=\"description\" content=\"Raminanti \u201eFisher-Price\u201c debes\u0173 karusel\u0117 su muzika, \u0161viesel\u0117mis ir verksmo jutikliu. Tinka nuo gimimo, virsta naktine lempute, padeda ramiai miegoti.\" \/>\n<meta name=\"robots\" content=\"index, follow, max-snippet:-1, max-image-preview:large, max-video-preview:-1\" \/>\n<link rel=\"canonical\" href=\"https:\/\/kidsplay.lt\/lv\/products\/fisher-price-karusele-su-verksmo-jutikliu\/\" \/>\n<meta property=\"og:locale\" content=\"lv_LV\" \/>\n<meta property=\"og:type\" content=\"article\" \/>\n<meta property=\"og:title\" content=\"FISHER PRICE karus\u0117l\u0117 su verksmo jutikliu - KidsPlay\" \/>\n<meta property=\"og:description\" content=\"Raminanti \u201eFisher-Price\u201c debes\u0173 karusel\u0117 su muzika, \u0161viesel\u0117mis ir verksmo jutikliu. Tinka nuo gimimo, virsta naktine lempute, padeda ramiai miegoti.\" \/>\n<meta property=\"og:url\" content=\"https:\/\/kidsplay.lt\/lv\/products\/fisher-price-karusele-su-verksmo-jutikliu\/\" \/>\n<meta property=\"og:site_name\" content=\"KidsPlay\" \/>\n<meta property=\"article:publisher\" content=\"https:\/\/www.facebook.com\/www.kidsplay.lt\" \/>\n<meta property=\"article:modified_time\" content=\"2026-04-19T06:57:20+00:00\" \/>\n<meta property=\"og:image\" content=\"https:\/\/kidsplay.lt\/wp-content\/uploads\/2025\/09\/Screenshot_578.png\" \/>\n\t<meta property=\"og:image:width\" content=\"478\" \/>\n\t<meta property=\"og:image:height\" content=\"489\" \/>\n\t<meta property=\"og:image:type\" content=\"image\/png\" \/>\n<meta name=\"twitter:card\" content=\"summary_large_image\" \/>\n<meta name=\"twitter:label1\" content=\"Est. reading time\" \/>\n\t<meta name=\"twitter:data1\" content=\"3 min\u016btes\" \/>\n<script type=\"application\/ld+json\" class=\"yoast-schema-graph\">{\"@context\":\"https:\\\/\\\/schema.org\",\"@graph\":[{\"@type\":\"WebPage\",\"@id\":\"https:\\\/\\\/kidsplay.lt\\\/produktas\\\/fisher-price-karusele-su-verksmo-jutikliu\\\/\",\"url\":\"https:\\\/\\\/kidsplay.lt\\\/produktas\\\/fisher-price-karusele-su-verksmo-jutikliu\\\/\",\"name\":\"FISHER PRICE karus\u0117l\u0117 su verksmo jutikliu - KidsPlay\",\"isPartOf\":{\"@id\":\"https:\\\/\\\/kidsplay.lt\\\/#website\"},\"primaryImageOfPage\":{\"@id\":\"https:\\\/\\\/kidsplay.lt\\\/produktas\\\/fisher-price-karusele-su-verksmo-jutikliu\\\/#primaryimage\"},\"image\":{\"@id\":\"https:\\\/\\\/kidsplay.lt\\\/produktas\\\/fisher-price-karusele-su-verksmo-jutikliu\\\/#primaryimage\"},\"thumbnailUrl\":\"https:\\\/\\\/kidsplay.lt\\\/wp-content\\\/uploads\\\/2025\\\/09\\\/Screenshot_578.png\",\"datePublished\":\"2025-09-24T06:42:38+00:00\",\"dateModified\":\"2026-04-19T06:57:20+00:00\",\"description\":\"Raminanti \u201eFisher-Price\u201c debes\u0173 karusel\u0117 su muzika, \u0161viesel\u0117mis ir verksmo jutikliu. Tinka nuo gimimo, virsta naktine lempute, padeda ramiai miegoti.\",\"breadcrumb\":{\"@id\":\"https:\\\/\\\/kidsplay.lt\\\/produktas\\\/fisher-price-karusele-su-verksmo-jutikliu\\\/#breadcrumb\"},\"inLanguage\":\"lv-LV\",\"potentialAction\":[{\"@type\":\"ReadAction\",\"target\":[\"https:\\\/\\\/kidsplay.lt\\\/produktas\\\/fisher-price-karusele-su-verksmo-jutikliu\\\/\"]}]},{\"@type\":\"ImageObject\",\"inLanguage\":\"lv-LV\",\"@id\":\"https:\\\/\\\/kidsplay.lt\\\/produktas\\\/fisher-price-karusele-su-verksmo-jutikliu\\\/#primaryimage\",\"url\":\"https:\\\/\\\/kidsplay.lt\\\/wp-content\\\/uploads\\\/2025\\\/09\\\/Screenshot_578.png\",\"contentUrl\":\"https:\\\/\\\/kidsplay.lt\\\/wp-content\\\/uploads\\\/2025\\\/09\\\/Screenshot_578.png\",\"width\":478,\"height\":489,\"caption\":\"FISHER PRICE karus\u0117l\u0117 su verksmo jutikliu\"},{\"@type\":\"BreadcrumbList\",\"@id\":\"https:\\\/\\\/kidsplay.lt\\\/produktas\\\/fisher-price-karusele-su-verksmo-jutikliu\\\/#breadcrumb\",\"itemListElement\":[{\"@type\":\"ListItem\",\"position\":1,\"name\":\"Pagrindinis\",\"item\":\"https:\\\/\\\/kidsplay.lt\\\/\"},{\"@type\":\"ListItem\",\"position\":2,\"name\":\"Parduotuv\u0117\",\"item\":\"https:\\\/\\\/kidsplay.lt\\\/parduotuve\\\/\"},{\"@type\":\"ListItem\",\"position\":3,\"name\":\"FISHER PRICE karus\u0117l\u0117 su verksmo jutikliu\"}]},{\"@type\":\"WebSite\",\"@id\":\"https:\\\/\\\/kidsplay.lt\\\/#website\",\"url\":\"https:\\\/\\\/kidsplay.lt\\\/\",\"name\":\"Kidsplay.lt\",\"description\":\"\u012evairios prek\u0117s vaikams\",\"publisher\":{\"@id\":\"https:\\\/\\\/kidsplay.lt\\\/#organization\"},\"alternateName\":\"Kidsplay\",\"potentialAction\":[{\"@type\":\"SearchAction\",\"target\":{\"@type\":\"EntryPoint\",\"urlTemplate\":\"https:\\\/\\\/kidsplay.lt\\\/?s={search_term_string}\"},\"query-input\":{\"@type\":\"PropertyValueSpecification\",\"valueRequired\":true,\"valueName\":\"search_term_string\"}}],\"inLanguage\":\"lv-LV\"},{\"@type\":\"Organization\",\"@id\":\"https:\\\/\\\/kidsplay.lt\\\/#organization\",\"name\":\"KidsPlay\",\"url\":\"https:\\\/\\\/kidsplay.lt\\\/\",\"logo\":{\"@type\":\"ImageObject\",\"inLanguage\":\"lv-LV\",\"@id\":\"https:\\\/\\\/kidsplay.lt\\\/#\\\/schema\\\/logo\\\/image\\\/\",\"url\":\"https:\\\/\\\/kidsplay.lt\\\/wp-content\\\/uploads\\\/2023\\\/07\\\/kidsplay-logo.png\",\"contentUrl\":\"https:\\\/\\\/kidsplay.lt\\\/wp-content\\\/uploads\\\/2023\\\/07\\\/kidsplay-logo.png\",\"width\":451,\"height\":98,\"caption\":\"KidsPlay\"},\"image\":{\"@id\":\"https:\\\/\\\/kidsplay.lt\\\/#\\\/schema\\\/logo\\\/image\\\/\"},\"sameAs\":[\"https:\\\/\\\/www.facebook.com\\\/www.kidsplay.lt\"]}]}<\/script>\n<!-- \/ Yoast SEO plugin. -->","yoast_head_json":{"title":"FISHER PRICE karus\u0117l\u0117 su verksmo jutikliu - KidsPlay","description":"Raminanti \u201eFisher-Price\u201c debes\u0173 karusel\u0117 su muzika, \u0161viesel\u0117mis ir verksmo jutikliu. Tinka nuo gimimo, virsta naktine lempute, padeda ramiai miegoti.","robots":{"index":"index","follow":"follow","max-snippet":"max-snippet:-1","max-image-preview":"max-image-preview:large","max-video-preview":"max-video-preview:-1"},"canonical":"https:\/\/kidsplay.lt\/lv\/products\/fisher-price-karusele-su-verksmo-jutikliu\/","og_locale":"lv_LV","og_type":"article","og_title":"FISHER PRICE karus\u0117l\u0117 su verksmo jutikliu - KidsPlay","og_description":"Raminanti \u201eFisher-Price\u201c debes\u0173 karusel\u0117 su muzika, \u0161viesel\u0117mis ir verksmo jutikliu. Tinka nuo gimimo, virsta naktine lempute, padeda ramiai miegoti.","og_url":"https:\/\/kidsplay.lt\/lv\/products\/fisher-price-karusele-su-verksmo-jutikliu\/","og_site_name":"KidsPlay","article_publisher":"https:\/\/www.facebook.com\/www.kidsplay.lt","article_modified_time":"2026-04-19T06:57:20+00:00","og_image":[{"width":478,"height":489,"url":"https:\/\/kidsplay.lt\/wp-content\/uploads\/2025\/09\/Screenshot_578.png","type":"image\/png"}],"twitter_card":"summary_large_image","twitter_misc":{"Est. reading time":"3 min\u016btes"},"schema":{"@context":"https:\/\/schema.org","@graph":[{"@type":"WebPage","@id":"https:\/\/kidsplay.lt\/produktas\/fisher-price-karusele-su-verksmo-jutikliu\/","url":"https:\/\/kidsplay.lt\/produktas\/fisher-price-karusele-su-verksmo-jutikliu\/","name":"FISHER PRICE karus\u0117l\u0117 su verksmo jutikliu - KidsPlay","isPartOf":{"@id":"https:\/\/kidsplay.lt\/#website"},"primaryImageOfPage":{"@id":"https:\/\/kidsplay.lt\/produktas\/fisher-price-karusele-su-verksmo-jutikliu\/#primaryimage"},"image":{"@id":"https:\/\/kidsplay.lt\/produktas\/fisher-price-karusele-su-verksmo-jutikliu\/#primaryimage"},"thumbnailUrl":"https:\/\/kidsplay.lt\/wp-content\/uploads\/2025\/09\/Screenshot_578.png","datePublished":"2025-09-24T06:42:38+00:00","dateModified":"2026-04-19T06:57:20+00:00","description":"Raminanti \u201eFisher-Price\u201c debes\u0173 karusel\u0117 su muzika, \u0161viesel\u0117mis ir verksmo jutikliu. Tinka nuo gimimo, virsta naktine lempute, padeda ramiai miegoti.","breadcrumb":{"@id":"https:\/\/kidsplay.lt\/produktas\/fisher-price-karusele-su-verksmo-jutikliu\/#breadcrumb"},"inLanguage":"lv-LV","potentialAction":[{"@type":"ReadAction","target":["https:\/\/kidsplay.lt\/produktas\/fisher-price-karusele-su-verksmo-jutikliu\/"]}]},{"@type":"ImageObject","inLanguage":"lv-LV","@id":"https:\/\/kidsplay.lt\/produktas\/fisher-price-karusele-su-verksmo-jutikliu\/#primaryimage","url":"https:\/\/kidsplay.lt\/wp-content\/uploads\/2025\/09\/Screenshot_578.png","contentUrl":"https:\/\/kidsplay.lt\/wp-content\/uploads\/2025\/09\/Screenshot_578.png","width":478,"height":489,"caption":"FISHER PRICE karus\u0117l\u0117 su verksmo jutikliu"},{"@type":"BreadcrumbList","@id":"https:\/\/kidsplay.lt\/produktas\/fisher-price-karusele-su-verksmo-jutikliu\/#breadcrumb","itemListElement":[{"@type":"ListItem","position":1,"name":"Pagrindinis","item":"https:\/\/kidsplay.lt\/"},{"@type":"ListItem","position":2,"name":"Parduotuv\u0117","item":"https:\/\/kidsplay.lt\/parduotuve\/"},{"@type":"ListItem","position":3,"name":"FISHER PRICE karus\u0117l\u0117 su verksmo jutikliu"}]},{"@type":"WebSite","@id":"https:\/\/kidsplay.lt\/#website","url":"https:\/\/kidsplay.lt\/","name":"B\u0113rnu sp\u0113les.lv","description":"\u012evairios prek\u0117s vaikams","publisher":{"@id":"https:\/\/kidsplay.lt\/#organization"},"alternateName":"Kidsplay","potentialAction":[{"@type":"SearchAction","target":{"@type":"EntryPoint","urlTemplate":"https:\/\/kidsplay.lt\/?s={search_term_string}"},"query-input":{"@type":"PropertyValueSpecification","valueRequired":true,"valueName":"search_term_string"}}],"inLanguage":"lv-LV"},{"@type":"Organization","@id":"https:\/\/kidsplay.lt\/#organization","name":"B\u0113rnu sp\u0113le","url":"https:\/\/kidsplay.lt\/","logo":{"@type":"ImageObject","inLanguage":"lv-LV","@id":"https:\/\/kidsplay.lt\/#\/schema\/logo\/image\/","url":"https:\/\/kidsplay.lt\/wp-content\/uploads\/2023\/07\/kidsplay-logo.png","contentUrl":"https:\/\/kidsplay.lt\/wp-content\/uploads\/2023\/07\/kidsplay-logo.png","width":451,"height":98,"caption":"KidsPlay"},"image":{"@id":"https:\/\/kidsplay.lt\/#\/schema\/logo\/image\/"},"sameAs":["https:\/\/www.facebook.com\/www.kidsplay.lt"]}]}},"_links":{"self":[{"href":"https:\/\/kidsplay.lt\/lv\/wp-json\/wp\/v2\/product\/65453","targetHints":{"allow":["GET"]}}],"collection":[{"href":"https:\/\/kidsplay.lt\/lv\/wp-json\/wp\/v2\/product"}],"about":[{"href":"https:\/\/kidsplay.lt\/lv\/wp-json\/wp\/v2\/types\/product"}],"version-history":[{"count":4,"href":"https:\/\/kidsplay.lt\/lv\/wp-json\/wp\/v2\/product\/65453\/revisions"}],"predecessor-version":[{"id":83289,"href":"https:\/\/kidsplay.lt\/lv\/wp-json\/wp\/v2\/product\/65453\/revisions\/83289"}],"wp:featuredmedia":[{"embeddable":true,"href":"https:\/\/kidsplay.lt\/lv\/wp-json\/wp\/v2\/media\/65455"}],"wp:attachment":[{"href":"https:\/\/kidsplay.lt\/lv\/wp-json\/wp\/v2\/media?parent=65453"}],"wp:term":[{"taxonomy":"product_brand","embeddable":true,"href":"https:\/\/kidsplay.lt\/lv\/wp-json\/wp\/v2\/product_brand?post=65453"},{"taxonomy":"product_cat","embeddable":true,"href":"https:\/\/kidsplay.lt\/lv\/wp-json\/wp\/v2\/product_cat?post=65453"},{"taxonomy":"product_tag","embeddable":true,"href":"https:\/\/kidsplay.lt\/lv\/wp-json\/wp\/v2\/product_tag?post=65453"}],"curies":[{"name":"wp","href":"https:\/\/api.w.org\/{rel}","templated":true}]}}