{"id":65503,"date":"2025-09-24T10:45:16","date_gmt":"2025-09-24T07:45:16","guid":{"rendered":"https:\/\/kidsplay.lt\/?post_type=product&#038;p=65503"},"modified":"2026-01-22T22:04:07","modified_gmt":"2026-01-22T20:04:07","slug":"babylux-3-daliu-patalynes-komplektas-su-apsaugomis","status":"publish","type":"product","link":"https:\/\/kidsplay.lt\/lv\/products\/babylux-3-daliu-patalynes-komplektas-su-apsaugomis\/","title":{"rendered":"BabyLux tr\u012bsda\u013c\u012bgs gultasve\u013cas komplekts ar aizsargiem"},"content":{"rendered":"<div class=\"mpof_ki myre_zn myre_8v_l m389_6m_l\">\n<div class=\"mp4t_16_s mryx_16_s mr3m_1 mli2_1 mh85_56 mh85_0_l\">\n<div class=\"mgn2_16 _0d3bd_am0a-\">\n<h1><span dir=\"auto\">Trij\u0173 dali\u0173 patalyn\u0117s komplektas \u201eBabyLux\u201c lovelei, DYDIS 90 cm x 120 cm<\/span><\/h1>\n<\/div>\n<\/div>\n<\/div>\n<div class=\"mpof_ki myre_zn myre_8v_l m389_6m_l\">\n<div class=\"mp4t_16_s mryx_16_s mr3m_1 mli2_1 mh85_56 mh85_0_l\">\n<div class=\"mgn2_16 _0d3bd_am0a-\">\n<h2><span dir=\"auto\">\u012e RINKIN\u012e \u012eEINA:<\/span><\/h2>\n<h2><span dir=\"auto\">* Antklod\u0117s u\u017evalkalas 90 cm x 120 cm<\/span><\/h2>\n<h2><span dir=\"auto\">* Pagalv\u0117s u\u017evalkalas 60 cm x 40 cm<\/span><\/h2>\n<h2><span dir=\"auto\">* B\u0117giko apsauga 180 cm x 30 cm<\/span><\/h2>\n<p><span dir=\"auto\">U\u017esegama saugiu u\u017etrauktuku.<\/span><\/p>\n<p><span dir=\"auto\">Jis turi tvirtas si\u016bles.<\/span><\/p>\n<p><b><span dir=\"auto\">Pagaminta i\u0161 100 % medviln\u0117s, maloni liesti.<\/span><\/b><\/p>\n<p><b><span dir=\"auto\">Patalyn\u0117 pagaminta i\u0161 auk\u0161\u010diausios kokyb\u0117s audini\u0173, atitinkan\u010di\u0173 saugos standartus ir \u00d6EKO-TEX standartus.<\/span><\/b><\/p>\n<p><span dir=\"auto\">Patalyn\u0117, sukurta r\u016bpestingai j\u016bs\u0173 vaiko saugiam, atkurian\u010diam ir maloniam miegui<\/span><\/p>\n<p><span dir=\"auto\">Med\u017eiag\u0105, i\u0161 kurios pagaminta patalyn\u0117, galima skalbti automatin\u0117je skalbimo ma\u0161inoje.<\/span><\/p>\n<\/div>\n<\/div>\n<div class=\"mp4t_16_s mryx_16_s mr3m_1 mli2_1 mh85_56 mh85_0_l\">\n<div class=\"mg9e_8 mj7a_8 mg9e_0_s mvrt_0_s mj7a_0_s mh36_0_s mzmg_6m munh_16_l m3h2_16_l\">\n<div class=\"mp4t_0 mryx_0 munh_56 m3h2_56\">\n<div class=\"mp7g_oh\"><button class=\"mg9e_0 mvrt_0 mj7a_0 mh36_0 mp4t_0 m3h2_0 mryx_0 munh_0 mqen_m6 mpof_z0 mx7m_0 m7er_k4 mse2_k4 msts_pt\" data-analytics-interaction=\"true\" data-analytics-interaction-label=\"zoomable-image-open\" aria-disabled=\"true\"><img decoding=\"async\" class=\"msub_k4 mupj_5k mjru_k4 mse2_k4 mp7g_f6 mq1m_0 mj7u_0 m7er_k4 mqen_m6 m31c_d8 m0ux_fp lazyloaded\" src=\"https:\/\/a.allegroimg.com\/original\/116e9a\/9f0c0d424294bbde874428d57677\/BabyLux-3el-POSCIEL-DO-LOZECZKA-90x120-ochraniacz\" sizes=\"(min-width: 1200px) 560px, (min-width: 992px) 50vw, 100vw\" srcset=\"https:\/\/a.allegroimg.com\/s360\/116e9a\/9f0c0d424294bbde874428d57677\/BabyLux-3el-POSCIEL-DO-LOZECZKA-90x120-ochraniacz 318w,https:\/\/a.allegroimg.com\/s720\/116e9a\/9f0c0d424294bbde874428d57677\/BabyLux-3el-POSCIEL-DO-LOZECZKA-90x120-ochraniacz 636w,https:\/\/a.allegroimg.com\/s1024\/116e9a\/9f0c0d424294bbde874428d57677\/BabyLux-3el-POSCIEL-DO-LOZECZKA-90x120-ochraniacz 904w,https:\/\/a.allegroimg.com\/s1440\/116e9a\/9f0c0d424294bbde874428d57677\/BabyLux-3el-POSCIEL-DO-LOZECZKA-90x120-ochraniacz 1272w,https:\/\/a.allegroimg.com\/original\/116e9a\/9f0c0d424294bbde874428d57677\/BabyLux-3el-POSCIEL-DO-LOZECZKA-90x120-ochraniacz 2129w\" alt=\"BabyLux 3el. PO\u015aCIEL DO \u0141\u00d3\u017bECZKA 90x120 ochraniacz\" width=\"2129px\" data-srcset=\"\" \/><\/button><\/div>\n<\/div>\n<\/div>\n<\/div>\n<\/div>\n<div class=\"mpof_ki myre_zn myre_8v_l m389_6m_l\">\n<div class=\"mp4t_16_s mryx_16_s mr3m_1 mli2_1 mh85_56 mh85_0_l\">\n<div class=\"mg9e_8 mj7a_8 mg9e_0_s mvrt_0_s mj7a_0_s mh36_0_s mzmg_6m munh_16_l m3h2_16_l\">\n<div class=\"mp4t_0 mryx_0 munh_56 m3h2_56\">\n<div class=\"mp7g_oh\"><button class=\"mg9e_0 mvrt_0 mj7a_0 mh36_0 mp4t_0 m3h2_0 mryx_0 munh_0 mqen_m6 mpof_z0 mx7m_0 m7er_k4 mse2_k4 msts_pt\" data-analytics-interaction=\"true\" data-analytics-interaction-label=\"zoomable-image-open\" aria-disabled=\"true\"><img decoding=\"async\" class=\"msub_k4 mupj_5k mjru_k4 mse2_k4 mp7g_f6 mq1m_0 mj7u_0 m7er_k4 mqen_m6 m31c_d8 m0ux_fp lazyloaded\" src=\"https:\/\/a.allegroimg.com\/original\/11356d\/9ffcb18a4442b84f4ff48d8717fb\/BabyLux-3el-POSCIEL-DO-LOZECZKA-90x120-ochraniacz-EAN-GTIN-5903689793063\" sizes=\"(min-width: 1200px) 560px, (min-width: 992px) 50vw, 100vw\" srcset=\"https:\/\/a.allegroimg.com\/s360\/11356d\/9ffcb18a4442b84f4ff48d8717fb\/BabyLux-3el-POSCIEL-DO-LOZECZKA-90x120-ochraniacz-EAN-GTIN-5903689793063 318w,https:\/\/a.allegroimg.com\/s720\/11356d\/9ffcb18a4442b84f4ff48d8717fb\/BabyLux-3el-POSCIEL-DO-LOZECZKA-90x120-ochraniacz-EAN-GTIN-5903689793063 636w,https:\/\/a.allegroimg.com\/s1024\/11356d\/9ffcb18a4442b84f4ff48d8717fb\/BabyLux-3el-POSCIEL-DO-LOZECZKA-90x120-ochraniacz-EAN-GTIN-5903689793063 905w,https:\/\/a.allegroimg.com\/s1440\/11356d\/9ffcb18a4442b84f4ff48d8717fb\/BabyLux-3el-POSCIEL-DO-LOZECZKA-90x120-ochraniacz-EAN-GTIN-5903689793063 1273w,https:\/\/a.allegroimg.com\/original\/11356d\/9ffcb18a4442b84f4ff48d8717fb\/BabyLux-3el-POSCIEL-DO-LOZECZKA-90x120-ochraniacz-EAN-GTIN-5903689793063 2109w\" alt=\"BabyLux 3el. PO\u015aCIEL DO \u0141\u00d3\u017bECZKA 90x120 ochraniacz EAN (GTIN) 5903689793063\" width=\"2109px\" data-srcset=\"\" \/><\/button><\/div>\n<\/div>\n<\/div>\n<\/div>\n<div class=\"mp4t_16_s mryx_16_s mr3m_1 mli2_1 mh85_56 mh85_0_l\">\n<div class=\"mgn2_16 _0d3bd_am0a-\">\n<p><span dir=\"auto\">Visi m\u016bs\u0173 produktai yra originalioje pakuot\u0117je.<\/span><\/p>\n<p><span dir=\"auto\">Patalyn\u0117s dydis gali skirtis +\/- 3 cm<\/span><\/p>\n<p><span dir=\"auto\">Naudot\u0173 ra\u0161t\u0173 sodrumas leid\u017eia sutvarkyti svajoni\u0173 vaik\u0173 kambar\u012f ir patenkins net ir i\u0161rankiausius t\u0117v\u0173 skonius.<\/span><\/p>\n<p><span dir=\"auto\">M\u016bs\u0173 patalyn\u0117 pagaminta i\u0161 auk\u0161\u010diausios kokyb\u0117s 100 % medviln\u0117s, tod\u0117l galite b\u016bti tikri, kad j\u016bs\u0173 ma\u017eylis jausis patogiai ir jaukiai!<\/span><\/p>\n<\/div>\n<\/div>\n<\/div>\n<div class=\"mpof_ki myre_zn myre_8v_l m389_6m_l\">\n<div class=\"mp4t_16_s mryx_16_s mr3m_1 mli2_1 mh85_56 mh85_0_l\">\n<div class=\"mgn2_16 _0d3bd_am0a-\">\n<p><span dir=\"auto\">Apsauga u\u017epildyta puriu neaustiniu audiniu, sverian\u010diu 300 g\/m2, ir turi daugyb\u0119 dir\u017eeli\u0173, skirt\u0173 pritvirtinti prie lovos tur\u0117kl\u0173.<\/span><\/p>\n<\/div>\n<\/div>\n<div class=\"mp4t_16_s mryx_16_s mr3m_1 mli2_1 mh85_56 mh85_0_l\">\n<div class=\"mg9e_8 mj7a_8 mg9e_0_s mvrt_0_s mj7a_0_s mh36_0_s mzmg_6m munh_16_l m3h2_16_l\">\n<div class=\"mp4t_0 mryx_0 munh_56 m3h2_56\">\n<div class=\"mp7g_oh\"><button class=\"mg9e_0 mvrt_0 mj7a_0 mh36_0 mp4t_0 m3h2_0 mryx_0 munh_0 mqen_m6 mpof_z0 mx7m_0 m7er_k4 mse2_k4 msts_pt\" data-analytics-interaction=\"true\" data-analytics-interaction-label=\"zoomable-image-open\" aria-disabled=\"true\"><img decoding=\"async\" class=\"msub_k4 mupj_5k mjru_k4 mse2_k4 mp7g_f6 mq1m_0 mj7u_0 m7er_k4 mqen_m6 m31c_d8 m0ux_fp lazyloaded\" src=\"https:\/\/a.allegroimg.com\/original\/1177cc\/8a0444f74020b08bb4111e7f2cc5\/BabyLux-3el-POSCIEL-DO-LOZECZKA-90x120-ochraniacz-Kod-producenta-5903689793\" sizes=\"(min-width: 1200px) 560px, (min-width: 992px) 50vw, 100vw\" srcset=\"https:\/\/a.allegroimg.com\/s360\/1177cc\/8a0444f74020b08bb4111e7f2cc5\/BabyLux-3el-POSCIEL-DO-LOZECZKA-90x120-ochraniacz-Kod-producenta-5903689793 360w,https:\/\/a.allegroimg.com\/s720\/1177cc\/8a0444f74020b08bb4111e7f2cc5\/BabyLux-3el-POSCIEL-DO-LOZECZKA-90x120-ochraniacz-Kod-producenta-5903689793 720w,https:\/\/a.allegroimg.com\/s1024\/1177cc\/8a0444f74020b08bb4111e7f2cc5\/BabyLux-3el-POSCIEL-DO-LOZECZKA-90x120-ochraniacz-Kod-producenta-5903689793 1024w,https:\/\/a.allegroimg.com\/s1440\/1177cc\/8a0444f74020b08bb4111e7f2cc5\/BabyLux-3el-POSCIEL-DO-LOZECZKA-90x120-ochraniacz-Kod-producenta-5903689793 1440w,https:\/\/a.allegroimg.com\/original\/1177cc\/8a0444f74020b08bb4111e7f2cc5\/BabyLux-3el-POSCIEL-DO-LOZECZKA-90x120-ochraniacz-Kod-producenta-5903689793 2560w\" alt=\"BabyLux 3el. PO\u015aCIEL DO \u0141\u00d3\u017bECZKA 90x120 ochraniacz Kod producenta 5903689793\" width=\"2560px\" data-srcset=\"\" \/><\/button><\/div>\n<\/div>\n<\/div>\n<\/div>\n<\/div>","protected":false},"excerpt":{"rendered":"<p>BabyLux tr\u012bsda\u013c\u012bgs gultasve\u013cas komplekts ar aizsargiem<\/p>","protected":false},"featured_media":65504,"template":"","meta":{"_acf_changed":false,"_glsr_average":0,"_glsr_ranking":0,"_glsr_reviews":0},"product_brand":[],"product_cat":[291],"product_tag":[],"class_list":{"0":"post-65503","1":"product","2":"type-product","3":"status-publish","4":"has-post-thumbnail","6":"product_cat-patalynes-komplektai","7":"\"style=\"background-color: #2ecc711c;\"","9":"first","10":"instock","11":"shipping-taxable","12":"purchasable","13":"product-type-variable"},"acf":[],"yoast_head":"<!-- This site is optimized with the Yoast SEO plugin v27.3 - https:\/\/yoast.com\/product\/yoast-seo-wordpress\/ -->\n<title>BabyLux 3 dali\u0173 patalyn\u0117s komplektas su apsaugomis - KidsPlay<\/title>\n<meta name=\"description\" content=\"BabyLux 3 dali\u0173 patalyn\u0117s komplektas su apsaugomis\" \/>\n<meta name=\"robots\" content=\"index, follow, max-snippet:-1, max-image-preview:large, max-video-preview:-1\" \/>\n<link rel=\"canonical\" href=\"https:\/\/kidsplay.lt\/lv\/products\/babylux-3-daliu-patalynes-komplektas-su-apsaugomis\/\" \/>\n<meta property=\"og:locale\" content=\"lv_LV\" \/>\n<meta property=\"og:type\" content=\"article\" \/>\n<meta property=\"og:title\" content=\"BabyLux 3 dali\u0173 patalyn\u0117s komplektas su apsaugomis - KidsPlay\" \/>\n<meta property=\"og:description\" content=\"BabyLux 3 dali\u0173 patalyn\u0117s komplektas su apsaugomis\" \/>\n<meta property=\"og:url\" content=\"https:\/\/kidsplay.lt\/lv\/products\/babylux-3-daliu-patalynes-komplektas-su-apsaugomis\/\" \/>\n<meta property=\"og:site_name\" content=\"KidsPlay\" \/>\n<meta property=\"article:publisher\" content=\"https:\/\/www.facebook.com\/www.kidsplay.lt\" \/>\n<meta property=\"article:modified_time\" content=\"2026-01-22T20:04:07+00:00\" \/>\n<meta property=\"og:image\" content=\"https:\/\/kidsplay.lt\/wp-content\/uploads\/2025\/09\/Screenshot_609.png\" \/>\n\t<meta property=\"og:image:width\" content=\"571\" \/>\n\t<meta property=\"og:image:height\" content=\"516\" \/>\n\t<meta property=\"og:image:type\" content=\"image\/png\" \/>\n<meta name=\"twitter:card\" content=\"summary_large_image\" \/>\n<meta name=\"twitter:label1\" content=\"Est. reading time\" \/>\n\t<meta name=\"twitter:data1\" content=\"2 min\u016btes\" \/>\n<script type=\"application\/ld+json\" class=\"yoast-schema-graph\">{\"@context\":\"https:\\\/\\\/schema.org\",\"@graph\":[{\"@type\":\"WebPage\",\"@id\":\"https:\\\/\\\/kidsplay.lt\\\/produktas\\\/babylux-3-daliu-patalynes-komplektas-su-apsaugomis\\\/\",\"url\":\"https:\\\/\\\/kidsplay.lt\\\/produktas\\\/babylux-3-daliu-patalynes-komplektas-su-apsaugomis\\\/\",\"name\":\"BabyLux 3 dali\u0173 patalyn\u0117s komplektas su apsaugomis - KidsPlay\",\"isPartOf\":{\"@id\":\"https:\\\/\\\/kidsplay.lt\\\/#website\"},\"primaryImageOfPage\":{\"@id\":\"https:\\\/\\\/kidsplay.lt\\\/produktas\\\/babylux-3-daliu-patalynes-komplektas-su-apsaugomis\\\/#primaryimage\"},\"image\":{\"@id\":\"https:\\\/\\\/kidsplay.lt\\\/produktas\\\/babylux-3-daliu-patalynes-komplektas-su-apsaugomis\\\/#primaryimage\"},\"thumbnailUrl\":\"https:\\\/\\\/kidsplay.lt\\\/wp-content\\\/uploads\\\/2025\\\/09\\\/Screenshot_609.png\",\"datePublished\":\"2025-09-24T07:45:16+00:00\",\"dateModified\":\"2026-01-22T20:04:07+00:00\",\"description\":\"BabyLux 3 dali\u0173 patalyn\u0117s komplektas su apsaugomis\",\"breadcrumb\":{\"@id\":\"https:\\\/\\\/kidsplay.lt\\\/produktas\\\/babylux-3-daliu-patalynes-komplektas-su-apsaugomis\\\/#breadcrumb\"},\"inLanguage\":\"lv-LV\",\"potentialAction\":[{\"@type\":\"ReadAction\",\"target\":[\"https:\\\/\\\/kidsplay.lt\\\/produktas\\\/babylux-3-daliu-patalynes-komplektas-su-apsaugomis\\\/\"]}]},{\"@type\":\"ImageObject\",\"inLanguage\":\"lv-LV\",\"@id\":\"https:\\\/\\\/kidsplay.lt\\\/produktas\\\/babylux-3-daliu-patalynes-komplektas-su-apsaugomis\\\/#primaryimage\",\"url\":\"https:\\\/\\\/kidsplay.lt\\\/wp-content\\\/uploads\\\/2025\\\/09\\\/Screenshot_609.png\",\"contentUrl\":\"https:\\\/\\\/kidsplay.lt\\\/wp-content\\\/uploads\\\/2025\\\/09\\\/Screenshot_609.png\",\"width\":571,\"height\":516},{\"@type\":\"BreadcrumbList\",\"@id\":\"https:\\\/\\\/kidsplay.lt\\\/produktas\\\/babylux-3-daliu-patalynes-komplektas-su-apsaugomis\\\/#breadcrumb\",\"itemListElement\":[{\"@type\":\"ListItem\",\"position\":1,\"name\":\"Pagrindinis\",\"item\":\"https:\\\/\\\/kidsplay.lt\\\/\"},{\"@type\":\"ListItem\",\"position\":2,\"name\":\"Parduotuv\u0117\",\"item\":\"https:\\\/\\\/kidsplay.lt\\\/parduotuve\\\/\"},{\"@type\":\"ListItem\",\"position\":3,\"name\":\"BabyLux 3 dali\u0173 patalyn\u0117s komplektas su apsaugomis\"}]},{\"@type\":\"WebSite\",\"@id\":\"https:\\\/\\\/kidsplay.lt\\\/#website\",\"url\":\"https:\\\/\\\/kidsplay.lt\\\/\",\"name\":\"Kidsplay.lt\",\"description\":\"\u012evairios prek\u0117s vaikams\",\"publisher\":{\"@id\":\"https:\\\/\\\/kidsplay.lt\\\/#organization\"},\"alternateName\":\"Kidsplay\",\"potentialAction\":[{\"@type\":\"SearchAction\",\"target\":{\"@type\":\"EntryPoint\",\"urlTemplate\":\"https:\\\/\\\/kidsplay.lt\\\/?s={search_term_string}\"},\"query-input\":{\"@type\":\"PropertyValueSpecification\",\"valueRequired\":true,\"valueName\":\"search_term_string\"}}],\"inLanguage\":\"lv-LV\"},{\"@type\":\"Organization\",\"@id\":\"https:\\\/\\\/kidsplay.lt\\\/#organization\",\"name\":\"KidsPlay\",\"url\":\"https:\\\/\\\/kidsplay.lt\\\/\",\"logo\":{\"@type\":\"ImageObject\",\"inLanguage\":\"lv-LV\",\"@id\":\"https:\\\/\\\/kidsplay.lt\\\/#\\\/schema\\\/logo\\\/image\\\/\",\"url\":\"https:\\\/\\\/kidsplay.lt\\\/wp-content\\\/uploads\\\/2023\\\/07\\\/kidsplay-logo.png\",\"contentUrl\":\"https:\\\/\\\/kidsplay.lt\\\/wp-content\\\/uploads\\\/2023\\\/07\\\/kidsplay-logo.png\",\"width\":451,\"height\":98,\"caption\":\"KidsPlay\"},\"image\":{\"@id\":\"https:\\\/\\\/kidsplay.lt\\\/#\\\/schema\\\/logo\\\/image\\\/\"},\"sameAs\":[\"https:\\\/\\\/www.facebook.com\\\/www.kidsplay.lt\"]}]}<\/script>\n<!-- \/ Yoast SEO plugin. -->","yoast_head_json":{"title":"BabyLux 3 dali\u0173 patalyn\u0117s komplektas su apsaugomis - KidsPlay","description":"BabyLux tr\u012bsda\u013c\u012bgs gultasve\u013cas komplekts ar aizsargiem","robots":{"index":"index","follow":"follow","max-snippet":"max-snippet:-1","max-image-preview":"max-image-preview:large","max-video-preview":"max-video-preview:-1"},"canonical":"https:\/\/kidsplay.lt\/lv\/products\/babylux-3-daliu-patalynes-komplektas-su-apsaugomis\/","og_locale":"lv_LV","og_type":"article","og_title":"BabyLux 3 dali\u0173 patalyn\u0117s komplektas su apsaugomis - KidsPlay","og_description":"BabyLux 3 dali\u0173 patalyn\u0117s komplektas su apsaugomis","og_url":"https:\/\/kidsplay.lt\/lv\/products\/babylux-3-daliu-patalynes-komplektas-su-apsaugomis\/","og_site_name":"KidsPlay","article_publisher":"https:\/\/www.facebook.com\/www.kidsplay.lt","article_modified_time":"2026-01-22T20:04:07+00:00","og_image":[{"width":571,"height":516,"url":"https:\/\/kidsplay.lt\/wp-content\/uploads\/2025\/09\/Screenshot_609.png","type":"image\/png"}],"twitter_card":"summary_large_image","twitter_misc":{"Est. reading time":"2 min\u016btes"},"schema":{"@context":"https:\/\/schema.org","@graph":[{"@type":"WebPage","@id":"https:\/\/kidsplay.lt\/produktas\/babylux-3-daliu-patalynes-komplektas-su-apsaugomis\/","url":"https:\/\/kidsplay.lt\/produktas\/babylux-3-daliu-patalynes-komplektas-su-apsaugomis\/","name":"BabyLux 3 dali\u0173 patalyn\u0117s komplektas su apsaugomis - KidsPlay","isPartOf":{"@id":"https:\/\/kidsplay.lt\/#website"},"primaryImageOfPage":{"@id":"https:\/\/kidsplay.lt\/produktas\/babylux-3-daliu-patalynes-komplektas-su-apsaugomis\/#primaryimage"},"image":{"@id":"https:\/\/kidsplay.lt\/produktas\/babylux-3-daliu-patalynes-komplektas-su-apsaugomis\/#primaryimage"},"thumbnailUrl":"https:\/\/kidsplay.lt\/wp-content\/uploads\/2025\/09\/Screenshot_609.png","datePublished":"2025-09-24T07:45:16+00:00","dateModified":"2026-01-22T20:04:07+00:00","description":"BabyLux tr\u012bsda\u013c\u012bgs gultasve\u013cas komplekts ar aizsargiem","breadcrumb":{"@id":"https:\/\/kidsplay.lt\/produktas\/babylux-3-daliu-patalynes-komplektas-su-apsaugomis\/#breadcrumb"},"inLanguage":"lv-LV","potentialAction":[{"@type":"ReadAction","target":["https:\/\/kidsplay.lt\/produktas\/babylux-3-daliu-patalynes-komplektas-su-apsaugomis\/"]}]},{"@type":"ImageObject","inLanguage":"lv-LV","@id":"https:\/\/kidsplay.lt\/produktas\/babylux-3-daliu-patalynes-komplektas-su-apsaugomis\/#primaryimage","url":"https:\/\/kidsplay.lt\/wp-content\/uploads\/2025\/09\/Screenshot_609.png","contentUrl":"https:\/\/kidsplay.lt\/wp-content\/uploads\/2025\/09\/Screenshot_609.png","width":571,"height":516},{"@type":"BreadcrumbList","@id":"https:\/\/kidsplay.lt\/produktas\/babylux-3-daliu-patalynes-komplektas-su-apsaugomis\/#breadcrumb","itemListElement":[{"@type":"ListItem","position":1,"name":"Pagrindinis","item":"https:\/\/kidsplay.lt\/"},{"@type":"ListItem","position":2,"name":"Parduotuv\u0117","item":"https:\/\/kidsplay.lt\/parduotuve\/"},{"@type":"ListItem","position":3,"name":"BabyLux 3 dali\u0173 patalyn\u0117s komplektas su apsaugomis"}]},{"@type":"WebSite","@id":"https:\/\/kidsplay.lt\/#website","url":"https:\/\/kidsplay.lt\/","name":"B\u0113rnu sp\u0113les.lv","description":"\u012evairios prek\u0117s vaikams","publisher":{"@id":"https:\/\/kidsplay.lt\/#organization"},"alternateName":"Kidsplay","potentialAction":[{"@type":"SearchAction","target":{"@type":"EntryPoint","urlTemplate":"https:\/\/kidsplay.lt\/?s={search_term_string}"},"query-input":{"@type":"PropertyValueSpecification","valueRequired":true,"valueName":"search_term_string"}}],"inLanguage":"lv-LV"},{"@type":"Organization","@id":"https:\/\/kidsplay.lt\/#organization","name":"B\u0113rnu sp\u0113le","url":"https:\/\/kidsplay.lt\/","logo":{"@type":"ImageObject","inLanguage":"lv-LV","@id":"https:\/\/kidsplay.lt\/#\/schema\/logo\/image\/","url":"https:\/\/kidsplay.lt\/wp-content\/uploads\/2023\/07\/kidsplay-logo.png","contentUrl":"https:\/\/kidsplay.lt\/wp-content\/uploads\/2023\/07\/kidsplay-logo.png","width":451,"height":98,"caption":"KidsPlay"},"image":{"@id":"https:\/\/kidsplay.lt\/#\/schema\/logo\/image\/"},"sameAs":["https:\/\/www.facebook.com\/www.kidsplay.lt"]}]}},"_links":{"self":[{"href":"https:\/\/kidsplay.lt\/lv\/wp-json\/wp\/v2\/product\/65503","targetHints":{"allow":["GET"]}}],"collection":[{"href":"https:\/\/kidsplay.lt\/lv\/wp-json\/wp\/v2\/product"}],"about":[{"href":"https:\/\/kidsplay.lt\/lv\/wp-json\/wp\/v2\/types\/product"}],"version-history":[{"count":3,"href":"https:\/\/kidsplay.lt\/lv\/wp-json\/wp\/v2\/product\/65503\/revisions"}],"predecessor-version":[{"id":73982,"href":"https:\/\/kidsplay.lt\/lv\/wp-json\/wp\/v2\/product\/65503\/revisions\/73982"}],"wp:featuredmedia":[{"embeddable":true,"href":"https:\/\/kidsplay.lt\/lv\/wp-json\/wp\/v2\/media\/65504"}],"wp:attachment":[{"href":"https:\/\/kidsplay.lt\/lv\/wp-json\/wp\/v2\/media?parent=65503"}],"wp:term":[{"taxonomy":"product_brand","embeddable":true,"href":"https:\/\/kidsplay.lt\/lv\/wp-json\/wp\/v2\/product_brand?post=65503"},{"taxonomy":"product_cat","embeddable":true,"href":"https:\/\/kidsplay.lt\/lv\/wp-json\/wp\/v2\/product_cat?post=65503"},{"taxonomy":"product_tag","embeddable":true,"href":"https:\/\/kidsplay.lt\/lv\/wp-json\/wp\/v2\/product_tag?post=65503"}],"curies":[{"name":"wp","href":"https:\/\/api.w.org\/{rel}","templated":true}]}}