{"id":65526,"date":"2025-09-24T10:57:26","date_gmt":"2025-09-24T07:57:26","guid":{"rendered":"https:\/\/kidsplay.lt\/?post_type=product&#038;p=65526"},"modified":"2025-12-29T19:05:22","modified_gmt":"2025-12-29T17:05:22","slug":"dinozauru-advento-kalendorius","status":"publish","type":"product","link":"https:\/\/kidsplay.lt\/lv\/products\/dinozauru-advento-kalendorius\/","title":{"rendered":"Dinozaur\u0173 advento kalendorius"},"content":{"rendered":"<div class=\"mpof_ki myre_zn myre_8v_l m389_6m_l\">\n<div class=\"mp4t_16_s mryx_16_s mr3m_1 mli2_1 mh85_56 mh85_0_l\">\n<div class=\"mgn2_16 _0d3bd_am0a-\">\n<h2><span dir=\"auto\">Pagrindin\u0117 informacija:<\/span><\/h2>\n<ul>\n<li><b><span dir=\"auto\">Paskirtis:<\/span><\/b><span dir=\"auto\"> \u00a0universalus<\/span><\/li>\n<li><b><span dir=\"auto\">Tips:<\/span><\/b><span dir=\"auto\">\u00a0\u00a0\u017daislas<\/span><\/li>\n<li><b><span dir=\"auto\">Serija:<\/span><\/b><span dir=\"auto\">\u00a0\u00a0Juros periodo pasaulis<\/span><\/li>\n<li><b><span dir=\"auto\">Gamintojas:<\/span><\/b><span dir=\"auto\">\u00a0\u00a0Mattel<\/span><\/li>\n<li><b><span dir=\"auto\">Gamintojo kodas:<\/span><\/b><span dir=\"auto\">\u00a0\u00a0JBG37<\/span><\/li>\n<li><b><span dir=\"auto\">Vaiko am\u017eius:<\/span><\/b><span dir=\"auto\">\u00a0\u00a0+3 metai<\/span><\/li>\n<li><b><span dir=\"auto\">Rinkinyje yra:<\/span><\/b><span dir=\"auto\">\u00a0\u00a020 dinozaur\u0173 minifig\u016br\u0117li\u0173, 1 \u017emogaus minifig\u016br\u0117l\u0117 ir 9 elementai tvorai ir platformai pastatyti.<\/span><\/li>\n<li><b><span dir=\"auto\">Gaminio auk\u0161tis (cm):<\/span><\/b><span dir=\"auto\">\u00a0\u00a05,0<\/span><\/li>\n<li><b><span dir=\"auto\">Gaminio plotis (cm):<\/span><\/b><span dir=\"auto\">\u00a0\u00a030,0<\/span><\/li>\n<li><b><span dir=\"auto\">Gaminio gylis (cm):<\/span><\/b><span dir=\"auto\">\u00a0\u00a030,0<\/span><\/li>\n<li><b><span dir=\"auto\">Produkto svoris (g):<\/span><\/b><span dir=\"auto\">\u00a0\u00a0865,0<\/span><\/li>\n<\/ul>\n<\/div>\n<\/div>\n<\/div>\n<div class=\"mpof_ki myre_zn myre_8v_l m389_6m_l\">\n<div class=\"mp4t_16_s mryx_16_s mr3m_1 mli2_1 mh85_56 mh85_0_l\">\n<div class=\"mg9e_8 mj7a_8 mg9e_0_s mvrt_0_s mj7a_0_s mh36_0_s mzmg_6m munh_16_l m3h2_16_l\">\n<div class=\"mp4t_0 mryx_0 munh_56 m3h2_56\">\n<div class=\"mp7g_oh\"><button class=\"mg9e_0 mvrt_0 mj7a_0 mh36_0 mp4t_0 m3h2_0 mryx_0 munh_0 mqen_m6 mpof_z0 mx7m_0 m7er_k4 mse2_k4 msts_pt\" data-analytics-interaction=\"true\" data-analytics-interaction-label=\"zoomable-image-open\" aria-disabled=\"true\"><img decoding=\"async\" class=\"msub_k4 mupj_5k mjru_k4 mse2_k4 mp7g_f6 mq1m_0 mj7u_0 m7er_k4 mqen_m6 m31c_d8 m0ux_fp lazyloaded\" src=\"https:\/\/a.allegroimg.com\/original\/117dfe\/cc4e29ee4721b581d68d88cc1bca\/Kalendarz-Adwentowy-2024-Mattel-Jurassic-World-JBG37-Marka-Mattel\" sizes=\"(min-width: 1200px) 560px, (min-width: 992px) 50vw, 100vw\" srcset=\"https:\/\/a.allegroimg.com\/s360\/117dfe\/cc4e29ee4721b581d68d88cc1bca\/Kalendarz-Adwentowy-2024-Mattel-Jurassic-World-JBG37-Marka-Mattel 360w,https:\/\/a.allegroimg.com\/s720\/117dfe\/cc4e29ee4721b581d68d88cc1bca\/Kalendarz-Adwentowy-2024-Mattel-Jurassic-World-JBG37-Marka-Mattel 720w,https:\/\/a.allegroimg.com\/s1024\/117dfe\/cc4e29ee4721b581d68d88cc1bca\/Kalendarz-Adwentowy-2024-Mattel-Jurassic-World-JBG37-Marka-Mattel 1024w,https:\/\/a.allegroimg.com\/s1440\/117dfe\/cc4e29ee4721b581d68d88cc1bca\/Kalendarz-Adwentowy-2024-Mattel-Jurassic-World-JBG37-Marka-Mattel 1440w,https:\/\/a.allegroimg.com\/original\/117dfe\/cc4e29ee4721b581d68d88cc1bca\/Kalendarz-Adwentowy-2024-Mattel-Jurassic-World-JBG37-Marka-Mattel 1500w\" alt=\"\u201eMattel Juros periodo pasaulio\u201c advento kalendorius 2024 (JBG37)\" width=\"1500px\" data-srcset=\"\" \/><\/button><\/div>\n<\/div>\n<\/div>\n<\/div>\n<div class=\"mp4t_16_s mryx_16_s mr3m_1 mli2_1 mh85_56 mh85_0_l\">\n<div class=\"mgn2_16 _0d3bd_am0a-\">\n<h2><span dir=\"auto\">Juros periodo pasaulio advento kalendorius (JBG37)<\/span><\/h2>\n<p><span dir=\"auto\">\u201eJuros periodo pasaulis: Chaoso teorija\u201c advento kalendoriuje yra\u00a0\u00a0<\/span><b><span dir=\"auto\">24 skyriai, skirti kasdien atrasti\u00a0<\/span><\/b>\u00a0<b><span dir=\"auto\">dinozaur\u0173 tematikos staigmen\u0173 \u017eaislus.<\/span><\/b><span dir=\"auto\">\u00a0\u00a0D\u0117\u017eut\u0117je yra stulbinantys pa\u017e\u012fstam\u0173 dinozaur\u0173 grafikai.<\/span><\/p>\n<p><span dir=\"auto\">Viduje rasite\u00a0\u00a0<\/span><b><span dir=\"auto\">20 dinozaur\u0173 minifig\u016br\u0117li\u0173, 1 \u017emogaus minifig\u016br\u0117l\u0119 ir 9 detales platformai ir tvorai sukonstruoti.<\/span><\/b><span dir=\"auto\">\u00a0\u00a0Puiki ankstyva \u0161ventin\u0117 dovana dinozaur\u0173 gerb\u0117jams nuo 4 met\u0173, ypa\u010d \u201eJuros periodo parkas: Chaoso teorija\u201c serijos gerb\u0117jams.<\/span><\/p>\n<\/div>\n<\/div>\n<\/div>\n<div class=\"mpof_ki myre_zn myre_8v_l m389_6m_l\">\n<div class=\"mp4t_16_s mryx_16_s mr3m_1 mli2_1 mh85_56 mh85_0_l\">\n<div class=\"mg9e_8 mj7a_8 mg9e_0_s mvrt_0_s mj7a_0_s mh36_0_s mzmg_6m munh_16_l m3h2_16_l\">\n<div class=\"mp4t_0 mryx_0 munh_56 m3h2_56\">\n<div class=\"mp7g_oh\"><button class=\"mg9e_0 mvrt_0 mj7a_0 mh36_0 mp4t_0 m3h2_0 mryx_0 munh_0 mqen_m6 mpof_z0 mx7m_0 m7er_k4 mse2_k4 msts_pt\" data-analytics-interaction=\"true\" data-analytics-interaction-label=\"zoomable-image-open\" aria-disabled=\"true\"><img decoding=\"async\" class=\"msub_k4 mupj_5k mjru_k4 mse2_k4 mp7g_f6 mq1m_0 mj7u_0 m7er_k4 mqen_m6 m31c_d8 m0ux_fp lazyloaded\" src=\"https:\/\/a.allegroimg.com\/original\/11e361\/1bc98caa49c5903322f17e589488\/Kalendarz-Adwentowy-2024-Mattel-Jurassic-World-JBG37-Liczba-sztuk-1-szt\" sizes=\"(min-width: 1200px) 560px, (min-width: 992px) 50vw, 100vw\" srcset=\"https:\/\/a.allegroimg.com\/s360\/11e361\/1bc98caa49c5903322f17e589488\/Kalendarz-Adwentowy-2024-Mattel-Jurassic-World-JBG37-Liczba-sztuk-1-szt 360w,https:\/\/a.allegroimg.com\/s720\/11e361\/1bc98caa49c5903322f17e589488\/Kalendarz-Adwentowy-2024-Mattel-Jurassic-World-JBG37-Liczba-sztuk-1-szt 720w,https:\/\/a.allegroimg.com\/s1024\/11e361\/1bc98caa49c5903322f17e589488\/Kalendarz-Adwentowy-2024-Mattel-Jurassic-World-JBG37-Liczba-sztuk-1-szt 1024w,https:\/\/a.allegroimg.com\/s1440\/11e361\/1bc98caa49c5903322f17e589488\/Kalendarz-Adwentowy-2024-Mattel-Jurassic-World-JBG37-Liczba-sztuk-1-szt 1440w,https:\/\/a.allegroimg.com\/original\/11e361\/1bc98caa49c5903322f17e589488\/Kalendarz-Adwentowy-2024-Mattel-Jurassic-World-JBG37-Liczba-sztuk-1-szt 1500w\" alt=\"\u201eMattel Juros periodo pasaulio\u201c advento kalendorius 2024 (JBG37) Kiekis: 1 vnt.\" width=\"1500px\" data-srcset=\"\" \/><\/button><\/div>\n<\/div>\n<\/div>\n<\/div>\n<div class=\"mp4t_16_s mryx_16_s mr3m_1 mli2_1 mh85_56 mh85_0_l\">\n<div class=\"mgn2_16 _0d3bd_am0a-\">\n<h2><span dir=\"auto\">Kal\u0117d\u0173 d\u017eiaugsmo!<\/span><\/h2>\n<p><span dir=\"auto\">Patirkite nuotykius lyg filme \u201eJuros periodo parkas: Chaoso teorija\u201c! Atkurkite dinozaur\u0173 serijos veiksm\u0105 ir jaudul\u012f su \u0161iuo Advento kalendoriumi, kuriame rasite 24 dien\u0173 dinozaur\u0173 tematikos \u017eaislini\u0173 staigmen\u0173.<\/span><\/p>\n<p><span dir=\"auto\">\u0160ventin\u0117 nuotaika! Suskai\u010diuokite 24 dienas iki Kal\u0117d\u0173 su \u0161iuo Advento kalendoriumi, pilnu linksmybi\u0173 ir staigmen\u0173, \u201eJuros periodo pasaulio\u201c stiliumi.<\/span><\/p>\n<p><span dir=\"auto\">Dienos staigmenos! Nesvarbu, ar tai \u017eaislinis dinozauras, \u017emogaus fig\u016br\u0117l\u0117, o gal tvoros ar platformos elementas, sukuriantis ne\u012ftik\u0117tin\u0105 filmo tematikos atmosfer\u0105, viduje rasite i\u0161 viso 30 detali\u0173, \u012fskaitant 20 ma\u017e\u0173 dinozaur\u0173 fig\u016br\u0117li\u0173.<\/span><\/p>\n<\/div>\n<\/div>\n<\/div>\n<div class=\"mpof_ki myre_zn myre_8v_l m389_6m_l\">\n<div class=\"mp4t_16_s mryx_16_s mr3m_1 mli2_1 mh85_56 mh85_0_l\">\n<div class=\"mg9e_8 mj7a_8 mg9e_0_s mvrt_0_s mj7a_0_s mh36_0_s mzmg_6m munh_16_l m3h2_16_l\">\n<div class=\"mp4t_0 mryx_0 munh_56 m3h2_56\">\n<div class=\"mp7g_oh\"><button class=\"mg9e_0 mvrt_0 mj7a_0 mh36_0 mp4t_0 m3h2_0 mryx_0 munh_0 mqen_m6 mpof_z0 mx7m_0 m7er_k4 mse2_k4 msts_pt\" data-analytics-interaction=\"true\" data-analytics-interaction-label=\"zoomable-image-open\" aria-disabled=\"true\"><img decoding=\"async\" class=\"msub_k4 mupj_5k mjru_k4 mse2_k4 mp7g_f6 mq1m_0 mj7u_0 m7er_k4 mqen_m6 m31c_d8 m0ux_fp lazyloaded\" src=\"https:\/\/a.allegroimg.com\/original\/11dcd6\/fceb452b4d9e81bb89be88997344\/Kalendarz-Adwentowy-2024-Mattel-Jurassic-World-JBG37-Informacje-dot-bezpieczenstwa-i-zgodnosci-produktu-Nie-nadaje-sie-dla-dzieci-ponizej-okreslonego-wieku-Do-uzywania-pod-nadzorem-osoby-doroslej-Nie-nadaje-sie-dla-dzieci-w-wieku-ponizej-36-miesiecy\" sizes=\"(min-width: 1200px) 560px, (min-width: 992px) 50vw, 100vw\" srcset=\"https:\/\/a.allegroimg.com\/s360\/11dcd6\/fceb452b4d9e81bb89be88997344\/Kalendarz-Adwentowy-2024-Mattel-Jurassic-World-JBG37-Informacje-dot-bezpieczenstwa-i-zgodnosci-produktu-Nie-nadaje-sie-dla-dzieci-ponizej-okreslonego-wieku-Do-uzywania-pod-nadzorem-osoby-doroslej-Nie-nadaje-sie-dla-dzieci-w-wieku-ponizej-36-miesiecy 360w,https:\/\/a.allegroimg.com\/s720\/11dcd6\/fceb452b4d9e81bb89be88997344\/Kalendarz-Adwentowy-2024-Mattel-Jurassic-World-JBG37-Informacje-dot-bezpieczenstwa-i-zgodnosci-produktu-Nie-nadaje-sie-dla-dzieci-ponizej-okreslonego-wieku-Do-uzywania-pod-nadzorem-osoby-doroslej-Nie-nadaje-sie-dla-dzieci-w-wieku-ponizej-36-miesiecy 720w,https:\/\/a.allegroimg.com\/s1024\/11dcd6\/fceb452b4d9e81bb89be88997344\/Kalendarz-Adwentowy-2024-Mattel-Jurassic-World-JBG37-Informacje-dot-bezpieczenstwa-i-zgodnosci-produktu-Nie-nadaje-sie-dla-dzieci-ponizej-okreslonego-wieku-Do-uzywania-pod-nadzorem-osoby-doroslej-Nie-nadaje-sie-dla-dzieci-w-wieku-ponizej-36-miesiecy 1024w,https:\/\/a.allegroimg.com\/s1440\/11dcd6\/fceb452b4d9e81bb89be88997344\/Kalendarz-Adwentowy-2024-Mattel-Jurassic-World-JBG37-Informacje-dot-bezpieczenstwa-i-zgodnosci-produktu-Nie-nadaje-sie-dla-dzieci-ponizej-okreslonego-wieku-Do-uzywania-pod-nadzorem-osoby-doroslej-Nie-nadaje-sie-dla-dzieci-w-wieku-ponizej-36-miesiecy 1219w,https:\/\/a.allegroimg.com\/original\/11dcd6\/fceb452b4d9e81bb89be88997344\/Kalendarz-Adwentowy-2024-Mattel-Jurassic-World-JBG37-Informacje-dot-bezpieczenstwa-i-zgodnosci-produktu-Nie-nadaje-sie-dla-dzieci-ponizej-okreslonego-wieku-Do-uzywania-pod-nadzorem-osoby-doroslej-Nie-nadaje-sie-dla-dzieci-w-wieku-ponizej-36-miesiecy 1219w\" alt=\"\u201eMattel Jurassic World 2024\u201c advento kalendorius (JBG37). Produkto saugos ir atitikties informacija. Netinka vaikams iki nurodyto am\u017eiaus. Naudoti pri\u017ei\u016brint suaugusiesiems. Netinka vaikams iki 36 m\u0117nesi\u0173.\" width=\"1219px\" data-srcset=\"\" \/><\/button><\/div>\n<\/div>\n<\/div>\n<\/div>\n<div class=\"mp4t_16_s mryx_16_s mr3m_1 mli2_1 mh85_56 mh85_0_l\">\n<div class=\"mgn2_16 _0d3bd_am0a-\">\n<h2><span dir=\"auto\">Veiksmo kupinas rinkinys!<\/span><\/h2>\n<p><span dir=\"auto\">\u0160is veiksmo kupinas rinkinys kupinas veiksmo! Surinkite visas dalis ir pastatykite savo dinozaur\u0173 aptvar\u0105. Visos dalys sukurtos vienodo, ma\u017eo mastelio.<\/span><\/p>\n<p><span dir=\"auto\">Tai puikus kolekcijos papildymas ir \u012fdomi dovana dinozaur\u0173 entuziastams ir \u201eJuros periodo parkas: Chaoso teorija\u201c serijos gerb\u0117jams nuo 4 met\u0173 am\u017eiaus.<\/span><\/p>\n<\/div>\n<\/div>\n<\/div>\n<div class=\"mpof_ki myre_zn myre_8v_l m389_6m_l\">\n<div class=\"mp4t_16_s mryx_16_s mr3m_1 mli2_1 mh85_56 mh85_0_l\">\n<div class=\"mg9e_8 mj7a_8 mg9e_0_s mvrt_0_s mj7a_0_s mh36_0_s mzmg_6m munh_16_l m3h2_16_l\">\n<div class=\"mp4t_0 mryx_0 munh_56 m3h2_56\">\n<div class=\"mp7g_oh\"><button class=\"mg9e_0 mvrt_0 mj7a_0 mh36_0 mp4t_0 m3h2_0 mryx_0 munh_0 mqen_m6 mpof_z0 mx7m_0 m7er_k4 mse2_k4 msts_pt\" data-analytics-interaction=\"true\" data-analytics-interaction-label=\"zoomable-image-open\" aria-disabled=\"true\"><img decoding=\"async\" class=\"msub_k4 mupj_5k mjru_k4 mse2_k4 mp7g_f6 mq1m_0 mj7u_0 m7er_k4 mqen_m6 m31c_d8 m0ux_fp lazyloaded\" src=\"https:\/\/a.allegroimg.com\/original\/117533\/e1e23a1d49f39e2a4cf1315e24f7\/Kalendarz-Adwentowy-2024-Mattel-Jurassic-World-JBG37-Typ-figurka\" sizes=\"100vw\" srcset=\"https:\/\/a.allegroimg.com\/s360\/117533\/e1e23a1d49f39e2a4cf1315e24f7\/Kalendarz-Adwentowy-2024-Mattel-Jurassic-World-JBG37-Typ-figurka 360w,https:\/\/a.allegroimg.com\/s720\/117533\/e1e23a1d49f39e2a4cf1315e24f7\/Kalendarz-Adwentowy-2024-Mattel-Jurassic-World-JBG37-Typ-figurka 720w,https:\/\/a.allegroimg.com\/s1024\/117533\/e1e23a1d49f39e2a4cf1315e24f7\/Kalendarz-Adwentowy-2024-Mattel-Jurassic-World-JBG37-Typ-figurka 1024w,https:\/\/a.allegroimg.com\/s1440\/117533\/e1e23a1d49f39e2a4cf1315e24f7\/Kalendarz-Adwentowy-2024-Mattel-Jurassic-World-JBG37-Typ-figurka 1440w,https:\/\/a.allegroimg.com\/original\/117533\/e1e23a1d49f39e2a4cf1315e24f7\/Kalendarz-Adwentowy-2024-Mattel-Jurassic-World-JBG37-Typ-figurka 1500w\" alt=\"Mattel Juros periodo pasaulio advento kalendorius 2024 (JBG37) Tipas: Fig\u016br\u0117l\u0117\" width=\"1500px\" data-srcset=\"\" \/><\/button><\/div>\n<\/div>\n<\/div>\n<\/div>\n<\/div>\n<div class=\"mpof_ki myre_zn myre_8v_l m389_6m_l\">\n<div class=\"mp4t_16_s mryx_16_s mr3m_1 mli2_1 mh85_56 mh85_0_l\">\n<div class=\"mg9e_8 mj7a_8 mg9e_0_s mvrt_0_s mj7a_0_s mh36_0_s mzmg_6m munh_16_l m3h2_16_l\">\n<div class=\"mp4t_0 mryx_0 munh_56 m3h2_56\">\n<div class=\"mp7g_oh\"><button class=\"mg9e_0 mvrt_0 mj7a_0 mh36_0 mp4t_0 m3h2_0 mryx_0 munh_0 mqen_m6 mpof_z0 mx7m_0 m7er_k4 mse2_k4 msts_pt\" data-analytics-interaction=\"true\" data-analytics-interaction-label=\"zoomable-image-open\" aria-disabled=\"true\"><img decoding=\"async\" class=\"msub_k4 mupj_5k mjru_k4 mse2_k4 mp7g_f6 mq1m_0 mj7u_0 m7er_k4 mqen_m6 m31c_d8 m0ux_fp lazyloaded\" src=\"https:\/\/a.allegroimg.com\/original\/11d64a\/525064a04cbdbcb10eaa43252663\/Kalendarz-Adwentowy-2024-Mattel-Jurassic-World-JBG37-Kod-producenta-JBG37\" sizes=\"100vw\" srcset=\"https:\/\/a.allegroimg.com\/s360\/11d64a\/525064a04cbdbcb10eaa43252663\/Kalendarz-Adwentowy-2024-Mattel-Jurassic-World-JBG37-Kod-producenta-JBG37 360w,https:\/\/a.allegroimg.com\/s720\/11d64a\/525064a04cbdbcb10eaa43252663\/Kalendarz-Adwentowy-2024-Mattel-Jurassic-World-JBG37-Kod-producenta-JBG37 720w,https:\/\/a.allegroimg.com\/s1024\/11d64a\/525064a04cbdbcb10eaa43252663\/Kalendarz-Adwentowy-2024-Mattel-Jurassic-World-JBG37-Kod-producenta-JBG37 1024w,https:\/\/a.allegroimg.com\/s1440\/11d64a\/525064a04cbdbcb10eaa43252663\/Kalendarz-Adwentowy-2024-Mattel-Jurassic-World-JBG37-Kod-producenta-JBG37 1440w,https:\/\/a.allegroimg.com\/original\/11d64a\/525064a04cbdbcb10eaa43252663\/Kalendarz-Adwentowy-2024-Mattel-Jurassic-World-JBG37-Kod-producenta-JBG37 1500w\" alt=\"Mattel Juros periodo pasaulio advento kalendorius 2024 (JBG37) Gamintojo kodas JBG37\" width=\"1500px\" data-srcset=\"\" \/><\/button><\/div>\n<\/div>\n<\/div>\n<\/div>\n<\/div>\n<div class=\"mpof_ki myre_zn myre_8v_l m389_6m_l\">\n<div class=\"mp4t_16_s mryx_16_s mr3m_1 mli2_1 mh85_56 mh85_0_l\">\n<div class=\"mg9e_8 mj7a_8 mg9e_0_s mvrt_0_s mj7a_0_s mh36_0_s mzmg_6m munh_16_l m3h2_16_l\">\n<div class=\"mp4t_0 mryx_0 munh_56 m3h2_56\">\n<div class=\"mp7g_oh\"><button class=\"mg9e_0 mvrt_0 mj7a_0 mh36_0 mp4t_0 m3h2_0 mryx_0 munh_0 mqen_m6 mpof_z0 mx7m_0 m7er_k4 mse2_k4 msts_pt\" data-analytics-interaction=\"true\" data-analytics-interaction-label=\"zoomable-image-open\" aria-disabled=\"true\"><img decoding=\"async\" class=\"msub_k4 mupj_5k mjru_k4 mse2_k4 mp7g_f6 mq1m_0 mj7u_0 m7er_k4 mqen_m6 m31c_d8 m0ux_fp lazyloaded\" src=\"https:\/\/a.allegroimg.com\/original\/11aeed\/53c669804999807bbdc6f475cea7\/Kalendarz-Adwentowy-2024-Mattel-Jurassic-World-JBG37\" sizes=\"100vw\" srcset=\"https:\/\/a.allegroimg.com\/s360\/11aeed\/53c669804999807bbdc6f475cea7\/Kalendarz-Adwentowy-2024-Mattel-Jurassic-World-JBG37 360w,https:\/\/a.allegroimg.com\/s720\/11aeed\/53c669804999807bbdc6f475cea7\/Kalendarz-Adwentowy-2024-Mattel-Jurassic-World-JBG37 720w,https:\/\/a.allegroimg.com\/s1024\/11aeed\/53c669804999807bbdc6f475cea7\/Kalendarz-Adwentowy-2024-Mattel-Jurassic-World-JBG37 1024w,https:\/\/a.allegroimg.com\/s1440\/11aeed\/53c669804999807bbdc6f475cea7\/Kalendarz-Adwentowy-2024-Mattel-Jurassic-World-JBG37 1440w,https:\/\/a.allegroimg.com\/original\/11aeed\/53c669804999807bbdc6f475cea7\/Kalendarz-Adwentowy-2024-Mattel-Jurassic-World-JBG37 1500w\" alt=\"Mattel Juros periodo pasaulio 2024 m. advento kalendorius (JBG37)\" width=\"1500px\" data-srcset=\"\" \/><\/button><\/div>\n<\/div>\n<\/div>\n<\/div>\n<\/div>","protected":false},"excerpt":{"rendered":"<p>Dinozaur\u0173 advento kalendorius<\/p>","protected":false},"featured_media":65527,"template":"","meta":{"_acf_changed":false,"_glsr_average":0,"_glsr_ranking":0,"_glsr_reviews":0},"product_brand":[],"product_cat":[360,372],"product_tag":[],"class_list":{"0":"post-65526","1":"product","2":"type-product","3":"status-publish","4":"has-post-thumbnail","6":"product_cat-advento-kalendoriai","7":"product_cat-vaiku-sventems","8":"\"style=\"background-color: #2ecc711c;\"","10":"first","11":"instock","12":"shipping-taxable","13":"purchasable","14":"product-type-simple"},"acf":[],"yoast_head":"<!-- This site is optimized with the Yoast SEO plugin v27.3 - https:\/\/yoast.com\/product\/yoast-seo-wordpress\/ -->\n<title>Dinozaur\u0173 advento kalendorius - KidsPlay<\/title>\n<meta name=\"description\" content=\"Dinozaur\u0173 advento kalendorius\" \/>\n<meta name=\"robots\" content=\"index, follow, max-snippet:-1, max-image-preview:large, max-video-preview:-1\" \/>\n<link rel=\"canonical\" href=\"https:\/\/kidsplay.lt\/lv\/products\/dinozauru-advento-kalendorius\/\" \/>\n<meta property=\"og:locale\" content=\"lv_LV\" \/>\n<meta property=\"og:type\" content=\"article\" \/>\n<meta property=\"og:title\" content=\"Dinozaur\u0173 advento kalendorius - KidsPlay\" \/>\n<meta property=\"og:description\" content=\"Dinozaur\u0173 advento kalendorius\" \/>\n<meta property=\"og:url\" content=\"https:\/\/kidsplay.lt\/lv\/products\/dinozauru-advento-kalendorius\/\" \/>\n<meta property=\"og:site_name\" content=\"KidsPlay\" \/>\n<meta property=\"article:publisher\" content=\"https:\/\/www.facebook.com\/www.kidsplay.lt\" \/>\n<meta property=\"article:modified_time\" content=\"2025-12-29T17:05:22+00:00\" \/>\n<meta property=\"og:image\" content=\"https:\/\/kidsplay.lt\/wp-content\/uploads\/2025\/09\/Screenshot_622.png\" \/>\n\t<meta property=\"og:image:width\" content=\"550\" \/>\n\t<meta property=\"og:image:height\" content=\"400\" \/>\n\t<meta property=\"og:image:type\" content=\"image\/png\" \/>\n<meta name=\"twitter:card\" content=\"summary_large_image\" \/>\n<meta name=\"twitter:label1\" content=\"Est. reading time\" \/>\n\t<meta name=\"twitter:data1\" content=\"3 min\u016btes\" \/>\n<script type=\"application\/ld+json\" class=\"yoast-schema-graph\">{\"@context\":\"https:\\\/\\\/schema.org\",\"@graph\":[{\"@type\":\"WebPage\",\"@id\":\"https:\\\/\\\/kidsplay.lt\\\/produktas\\\/dinozauru-advento-kalendorius\\\/\",\"url\":\"https:\\\/\\\/kidsplay.lt\\\/produktas\\\/dinozauru-advento-kalendorius\\\/\",\"name\":\"Dinozaur\u0173 advento kalendorius - KidsPlay\",\"isPartOf\":{\"@id\":\"https:\\\/\\\/kidsplay.lt\\\/#website\"},\"primaryImageOfPage\":{\"@id\":\"https:\\\/\\\/kidsplay.lt\\\/produktas\\\/dinozauru-advento-kalendorius\\\/#primaryimage\"},\"image\":{\"@id\":\"https:\\\/\\\/kidsplay.lt\\\/produktas\\\/dinozauru-advento-kalendorius\\\/#primaryimage\"},\"thumbnailUrl\":\"https:\\\/\\\/kidsplay.lt\\\/wp-content\\\/uploads\\\/2025\\\/09\\\/Screenshot_622.png\",\"datePublished\":\"2025-09-24T07:57:26+00:00\",\"dateModified\":\"2025-12-29T17:05:22+00:00\",\"description\":\"Dinozaur\u0173 advento kalendorius\",\"breadcrumb\":{\"@id\":\"https:\\\/\\\/kidsplay.lt\\\/produktas\\\/dinozauru-advento-kalendorius\\\/#breadcrumb\"},\"inLanguage\":\"lv-LV\",\"potentialAction\":[{\"@type\":\"ReadAction\",\"target\":[\"https:\\\/\\\/kidsplay.lt\\\/produktas\\\/dinozauru-advento-kalendorius\\\/\"]}]},{\"@type\":\"ImageObject\",\"inLanguage\":\"lv-LV\",\"@id\":\"https:\\\/\\\/kidsplay.lt\\\/produktas\\\/dinozauru-advento-kalendorius\\\/#primaryimage\",\"url\":\"https:\\\/\\\/kidsplay.lt\\\/wp-content\\\/uploads\\\/2025\\\/09\\\/Screenshot_622.png\",\"contentUrl\":\"https:\\\/\\\/kidsplay.lt\\\/wp-content\\\/uploads\\\/2025\\\/09\\\/Screenshot_622.png\",\"width\":550,\"height\":400},{\"@type\":\"BreadcrumbList\",\"@id\":\"https:\\\/\\\/kidsplay.lt\\\/produktas\\\/dinozauru-advento-kalendorius\\\/#breadcrumb\",\"itemListElement\":[{\"@type\":\"ListItem\",\"position\":1,\"name\":\"Pagrindinis\",\"item\":\"https:\\\/\\\/kidsplay.lt\\\/\"},{\"@type\":\"ListItem\",\"position\":2,\"name\":\"Parduotuv\u0117\",\"item\":\"https:\\\/\\\/kidsplay.lt\\\/parduotuve\\\/\"},{\"@type\":\"ListItem\",\"position\":3,\"name\":\"Dinozaur\u0173 advento kalendorius\"}]},{\"@type\":\"WebSite\",\"@id\":\"https:\\\/\\\/kidsplay.lt\\\/#website\",\"url\":\"https:\\\/\\\/kidsplay.lt\\\/\",\"name\":\"Kidsplay.lt\",\"description\":\"\u012evairios prek\u0117s vaikams\",\"publisher\":{\"@id\":\"https:\\\/\\\/kidsplay.lt\\\/#organization\"},\"alternateName\":\"Kidsplay\",\"potentialAction\":[{\"@type\":\"SearchAction\",\"target\":{\"@type\":\"EntryPoint\",\"urlTemplate\":\"https:\\\/\\\/kidsplay.lt\\\/?s={search_term_string}\"},\"query-input\":{\"@type\":\"PropertyValueSpecification\",\"valueRequired\":true,\"valueName\":\"search_term_string\"}}],\"inLanguage\":\"lv-LV\"},{\"@type\":\"Organization\",\"@id\":\"https:\\\/\\\/kidsplay.lt\\\/#organization\",\"name\":\"KidsPlay\",\"url\":\"https:\\\/\\\/kidsplay.lt\\\/\",\"logo\":{\"@type\":\"ImageObject\",\"inLanguage\":\"lv-LV\",\"@id\":\"https:\\\/\\\/kidsplay.lt\\\/#\\\/schema\\\/logo\\\/image\\\/\",\"url\":\"https:\\\/\\\/kidsplay.lt\\\/wp-content\\\/uploads\\\/2023\\\/07\\\/kidsplay-logo.png\",\"contentUrl\":\"https:\\\/\\\/kidsplay.lt\\\/wp-content\\\/uploads\\\/2023\\\/07\\\/kidsplay-logo.png\",\"width\":451,\"height\":98,\"caption\":\"KidsPlay\"},\"image\":{\"@id\":\"https:\\\/\\\/kidsplay.lt\\\/#\\\/schema\\\/logo\\\/image\\\/\"},\"sameAs\":[\"https:\\\/\\\/www.facebook.com\\\/www.kidsplay.lt\"]}]}<\/script>\n<!-- \/ Yoast SEO plugin. -->","yoast_head_json":{"title":"Dinozaur\u0173 advento kalendorius - KidsPlay","description":"Dinozaur\u0173 advento kalendorius","robots":{"index":"index","follow":"follow","max-snippet":"max-snippet:-1","max-image-preview":"max-image-preview:large","max-video-preview":"max-video-preview:-1"},"canonical":"https:\/\/kidsplay.lt\/lv\/products\/dinozauru-advento-kalendorius\/","og_locale":"lv_LV","og_type":"article","og_title":"Dinozaur\u0173 advento kalendorius - KidsPlay","og_description":"Dinozaur\u0173 advento kalendorius","og_url":"https:\/\/kidsplay.lt\/lv\/products\/dinozauru-advento-kalendorius\/","og_site_name":"KidsPlay","article_publisher":"https:\/\/www.facebook.com\/www.kidsplay.lt","article_modified_time":"2025-12-29T17:05:22+00:00","og_image":[{"width":550,"height":400,"url":"https:\/\/kidsplay.lt\/wp-content\/uploads\/2025\/09\/Screenshot_622.png","type":"image\/png"}],"twitter_card":"summary_large_image","twitter_misc":{"Est. reading time":"3 min\u016btes"},"schema":{"@context":"https:\/\/schema.org","@graph":[{"@type":"WebPage","@id":"https:\/\/kidsplay.lt\/produktas\/dinozauru-advento-kalendorius\/","url":"https:\/\/kidsplay.lt\/produktas\/dinozauru-advento-kalendorius\/","name":"Dinozaur\u0173 advento kalendorius - KidsPlay","isPartOf":{"@id":"https:\/\/kidsplay.lt\/#website"},"primaryImageOfPage":{"@id":"https:\/\/kidsplay.lt\/produktas\/dinozauru-advento-kalendorius\/#primaryimage"},"image":{"@id":"https:\/\/kidsplay.lt\/produktas\/dinozauru-advento-kalendorius\/#primaryimage"},"thumbnailUrl":"https:\/\/kidsplay.lt\/wp-content\/uploads\/2025\/09\/Screenshot_622.png","datePublished":"2025-09-24T07:57:26+00:00","dateModified":"2025-12-29T17:05:22+00:00","description":"Dinozaur\u0173 advento kalendorius","breadcrumb":{"@id":"https:\/\/kidsplay.lt\/produktas\/dinozauru-advento-kalendorius\/#breadcrumb"},"inLanguage":"lv-LV","potentialAction":[{"@type":"ReadAction","target":["https:\/\/kidsplay.lt\/produktas\/dinozauru-advento-kalendorius\/"]}]},{"@type":"ImageObject","inLanguage":"lv-LV","@id":"https:\/\/kidsplay.lt\/produktas\/dinozauru-advento-kalendorius\/#primaryimage","url":"https:\/\/kidsplay.lt\/wp-content\/uploads\/2025\/09\/Screenshot_622.png","contentUrl":"https:\/\/kidsplay.lt\/wp-content\/uploads\/2025\/09\/Screenshot_622.png","width":550,"height":400},{"@type":"BreadcrumbList","@id":"https:\/\/kidsplay.lt\/produktas\/dinozauru-advento-kalendorius\/#breadcrumb","itemListElement":[{"@type":"ListItem","position":1,"name":"Pagrindinis","item":"https:\/\/kidsplay.lt\/"},{"@type":"ListItem","position":2,"name":"Parduotuv\u0117","item":"https:\/\/kidsplay.lt\/parduotuve\/"},{"@type":"ListItem","position":3,"name":"Dinozaur\u0173 advento kalendorius"}]},{"@type":"WebSite","@id":"https:\/\/kidsplay.lt\/#website","url":"https:\/\/kidsplay.lt\/","name":"B\u0113rnu sp\u0113les.lv","description":"\u012evairios prek\u0117s vaikams","publisher":{"@id":"https:\/\/kidsplay.lt\/#organization"},"alternateName":"Kidsplay","potentialAction":[{"@type":"SearchAction","target":{"@type":"EntryPoint","urlTemplate":"https:\/\/kidsplay.lt\/?s={search_term_string}"},"query-input":{"@type":"PropertyValueSpecification","valueRequired":true,"valueName":"search_term_string"}}],"inLanguage":"lv-LV"},{"@type":"Organization","@id":"https:\/\/kidsplay.lt\/#organization","name":"B\u0113rnu sp\u0113le","url":"https:\/\/kidsplay.lt\/","logo":{"@type":"ImageObject","inLanguage":"lv-LV","@id":"https:\/\/kidsplay.lt\/#\/schema\/logo\/image\/","url":"https:\/\/kidsplay.lt\/wp-content\/uploads\/2023\/07\/kidsplay-logo.png","contentUrl":"https:\/\/kidsplay.lt\/wp-content\/uploads\/2023\/07\/kidsplay-logo.png","width":451,"height":98,"caption":"KidsPlay"},"image":{"@id":"https:\/\/kidsplay.lt\/#\/schema\/logo\/image\/"},"sameAs":["https:\/\/www.facebook.com\/www.kidsplay.lt"]}]}},"_links":{"self":[{"href":"https:\/\/kidsplay.lt\/lv\/wp-json\/wp\/v2\/product\/65526","targetHints":{"allow":["GET"]}}],"collection":[{"href":"https:\/\/kidsplay.lt\/lv\/wp-json\/wp\/v2\/product"}],"about":[{"href":"https:\/\/kidsplay.lt\/lv\/wp-json\/wp\/v2\/types\/product"}],"version-history":[{"count":3,"href":"https:\/\/kidsplay.lt\/lv\/wp-json\/wp\/v2\/product\/65526\/revisions"}],"predecessor-version":[{"id":73973,"href":"https:\/\/kidsplay.lt\/lv\/wp-json\/wp\/v2\/product\/65526\/revisions\/73973"}],"wp:featuredmedia":[{"embeddable":true,"href":"https:\/\/kidsplay.lt\/lv\/wp-json\/wp\/v2\/media\/65527"}],"wp:attachment":[{"href":"https:\/\/kidsplay.lt\/lv\/wp-json\/wp\/v2\/media?parent=65526"}],"wp:term":[{"taxonomy":"product_brand","embeddable":true,"href":"https:\/\/kidsplay.lt\/lv\/wp-json\/wp\/v2\/product_brand?post=65526"},{"taxonomy":"product_cat","embeddable":true,"href":"https:\/\/kidsplay.lt\/lv\/wp-json\/wp\/v2\/product_cat?post=65526"},{"taxonomy":"product_tag","embeddable":true,"href":"https:\/\/kidsplay.lt\/lv\/wp-json\/wp\/v2\/product_tag?post=65526"}],"curies":[{"name":"wp","href":"https:\/\/api.w.org\/{rel}","templated":true}]}}