{"id":65537,"date":"2025-09-24T11:02:11","date_gmt":"2025-09-24T08:02:11","guid":{"rendered":"https:\/\/kidsplay.lt\/?post_type=product&#038;p=65537"},"modified":"2025-10-04T23:41:06","modified_gmt":"2025-10-04T20:41:06","slug":"medines-roges-su-miegmaisiu","status":"publish","type":"product","link":"https:\/\/kidsplay.lt\/lv\/products\/medines-roges-su-miegmaisiu\/","title":{"rendered":"Medin\u0117s rog\u0117s su miegmai\u0161iu"},"content":{"rendered":"<div class=\"mpof_ki myre_zn myre_8v_l m389_6m_l\">\n<div class=\"mp4t_16_s mryx_16_s mr3m_1 mli2_1 mh85_56 mh85_0_l\">\n<div class=\"mgn2_16 _0d3bd_am0a-\">\n<h1><span dir=\"auto\">Klasikin\u0117s, tvirtos rog\u0117s, pagamintos i\u0161 buko medienos \u2013 labai tvirtos ir patvarios.<\/span><\/h1>\n<\/div>\n<\/div>\n<\/div>\n<div class=\"mpof_ki myre_zn myre_8v_l m389_6m_l\">\n<div class=\"mp4t_16_s mryx_16_s mr3m_1 mli2_1 mh85_56 mh85_0_l\">\n<div class=\"mg9e_8 mj7a_8 mg9e_0_s mvrt_0_s mj7a_0_s mh36_0_s mzmg_6m munh_16_l m3h2_16_l\">\n<div class=\"mp4t_0 mryx_0 munh_56 m3h2_56\">\n<div class=\"mp7g_oh\"><button class=\"mg9e_0 mvrt_0 mj7a_0 mh36_0 mp4t_0 m3h2_0 mryx_0 munh_0 mqen_m6 mpof_z0 mx7m_0 m7er_k4 mse2_k4 msts_pt\" data-analytics-interaction=\"true\" data-analytics-interaction-label=\"zoomable-image-open\" aria-disabled=\"true\"><img decoding=\"async\" class=\"msub_k4 mupj_5k mjru_k4 mse2_k4 mp7g_f6 mq1m_0 mj7u_0 m7er_k4 mqen_m6 m31c_d8 m0ux_fp lazyloaded\" src=\"https:\/\/a.allegroimg.com\/original\/11409b\/60c40dd141689d2078dea8395370\/SANKI-DREWNIANE-Z-OPARCIEM-I-SPIWORKIEM\" sizes=\"100vw\" srcset=\"https:\/\/a.allegroimg.com\/s360\/11409b\/60c40dd141689d2078dea8395370\/SANKI-DREWNIANE-Z-OPARCIEM-I-SPIWORKIEM 360w,https:\/\/a.allegroimg.com\/s720\/11409b\/60c40dd141689d2078dea8395370\/SANKI-DREWNIANE-Z-OPARCIEM-I-SPIWORKIEM 720w,https:\/\/a.allegroimg.com\/s1024\/11409b\/60c40dd141689d2078dea8395370\/SANKI-DREWNIANE-Z-OPARCIEM-I-SPIWORKIEM 1024w,https:\/\/a.allegroimg.com\/s1440\/11409b\/60c40dd141689d2078dea8395370\/SANKI-DREWNIANE-Z-OPARCIEM-I-SPIWORKIEM 1440w,https:\/\/a.allegroimg.com\/original\/11409b\/60c40dd141689d2078dea8395370\/SANKI-DREWNIANE-Z-OPARCIEM-I-SPIWORKIEM 2560w\" alt=\"Medin\u0117 \u010diuo\u017eykla su atlo\u0161u ir miegmai\u0161iu\" width=\"2560px\" data-srcset=\"\" \/><\/button><\/div>\n<\/div>\n<\/div>\n<\/div>\n<\/div>\n<div class=\"mpof_ki myre_zn myre_8v_l m389_6m_l\">\n<div class=\"mp4t_16_s mryx_16_s mr3m_1 mli2_1 mh85_56 mh85_0_l\">\n<div class=\"mgn2_16 _0d3bd_am0a-\">\n<p><span dir=\"auto\">Produktas, kur\u012f kiekvienas t\u0117vas prisimena i\u0161 savo vaikyst\u0117s! Si\u016blome tradicines medines rogutes su atlo\u0161u ir virve.<\/span><\/p>\n<p><span dir=\"auto\">Padovanokite savo vaikui d\u017eiaugsming\u0173 akimirk\u0173, praleist\u0173 \u017eiemos pasivaik\u0161\u010diojim\u0173 metu.<\/span><\/p>\n<p><span dir=\"auto\">Rakstur\u012bgs:<\/span><\/p>\n<ul>\n<li><span dir=\"auto\">Pagaminta i\u0161 buko medienos (mediena kieta ir atspari pa\u017eeidimams)<\/span><\/li>\n<li><span dir=\"auto\">Tvirtai pagaminta<\/span><\/li>\n<li><span dir=\"auto\">Stogo lentjuost\u0117s yra storos ir gali atlaikyti dideles apkrovas<\/span><\/li>\n<li><span dir=\"auto\">100 % ekologi\u0161kas produktas, lakuotas saugiu laku<\/span><\/li>\n<li><span dir=\"auto\">Komplekt\u0105 sudaro: rog\u0117s, atlo\u0161as, virv\u0117 su medine rankena traukimui<\/span><\/li>\n<\/ul>\n<\/div>\n<\/div>\n<\/div>\n<div class=\"mpof_ki myre_zn myre_8v_l m389_6m_l\">\n<div class=\"mp4t_16_s mryx_16_s mr3m_1 mli2_1 mh85_56 mh85_0_l\">\n<div class=\"mgn2_16 _0d3bd_am0a-\">\n<h2><span dir=\"auto\">Vaik\u0173 rogu\u010di\u0173 techniniai parametrai:<\/span><\/h2>\n<ul>\n<li><span dir=\"auto\">Ilgis: 90 cm<\/span><\/li>\n<li><span dir=\"auto\">Plotis: 37 cm<\/span><\/li>\n<li><span dir=\"auto\">Auk\u0161tis su atlo\u0161u: 38<\/span><\/li>\n<li><span dir=\"auto\">Auk\u0161tis be atlo\u0161o: 21 cm<\/span><\/li>\n<li><span dir=\"auto\">Svoris apie 4,5 kg<\/span><\/li>\n<li><span dir=\"auto\">\u012eranga: Atlo\u0161as + virvel\u0117 su traukimo rankena<\/span><\/li>\n<li><span dir=\"auto\">Med\u017eiaga: buko mediena<\/span><\/li>\n<li><span dir=\"auto\">Lakas: nat\u016bralus, ekologi\u0161kas, bespalvis<\/span><\/li>\n<\/ul>\n<\/div>\n<\/div>\n<div class=\"mp4t_16_s mryx_16_s mr3m_1 mli2_1 mh85_56 mh85_0_l\">\n<div class=\"mg9e_8 mj7a_8 mg9e_0_s mvrt_0_s mj7a_0_s mh36_0_s mzmg_6m munh_16_l m3h2_16_l\">\n<div class=\"mp4t_0 mryx_0 munh_56 m3h2_56\">\n<div class=\"mp7g_oh\"><button class=\"mg9e_0 mvrt_0 mj7a_0 mh36_0 mp4t_0 m3h2_0 mryx_0 munh_0 mqen_m6 mpof_z0 mx7m_0 m7er_k4 mse2_k4 msts_pt\" data-analytics-interaction=\"true\" data-analytics-interaction-label=\"zoomable-image-open\" aria-disabled=\"true\"><img decoding=\"async\" class=\"msub_k4 mupj_5k mjru_k4 mse2_k4 mp7g_f6 mq1m_0 mj7u_0 m7er_k4 mqen_m6 m31c_d8 m0ux_fp lazyloaded\" src=\"https:\/\/a.allegroimg.com\/original\/11c522\/d22dc53747cf98ea675bb4f86c35\/SANKI-DREWNIANE-Z-OPARCIEM-I-SPIWORKIEM-Marka-To-ma\" sizes=\"(min-width: 1200px) 560px, (min-width: 992px) 50vw, 100vw\" srcset=\"https:\/\/a.allegroimg.com\/s360\/11c522\/d22dc53747cf98ea675bb4f86c35\/SANKI-DREWNIANE-Z-OPARCIEM-I-SPIWORKIEM-Marka-To-ma 360w,https:\/\/a.allegroimg.com\/s720\/11c522\/d22dc53747cf98ea675bb4f86c35\/SANKI-DREWNIANE-Z-OPARCIEM-I-SPIWORKIEM-Marka-To-ma 720w,https:\/\/a.allegroimg.com\/s1024\/11c522\/d22dc53747cf98ea675bb4f86c35\/SANKI-DREWNIANE-Z-OPARCIEM-I-SPIWORKIEM-Marka-To-ma 1000w,https:\/\/a.allegroimg.com\/original\/11c522\/d22dc53747cf98ea675bb4f86c35\/SANKI-DREWNIANE-Z-OPARCIEM-I-SPIWORKIEM-Marka-To-ma 1000w\" alt=\"MEDIN\u0116S ROGU\u010c\u0116S SU ATLO\u0160U IR MIEGMAI\u0160IU Gamintojas To-ma\" width=\"1000px\" data-srcset=\"\" \/><\/button><\/div>\n<\/div>\n<\/div>\n<\/div>\n<\/div>\n<div class=\"mpof_ki myre_zn myre_8v_l m389_6m_l\">\n<div class=\"mp4t_16_s mryx_16_s mr3m_1 mli2_1 mh85_56 mh85_0_l\">\n<div class=\"mg9e_8 mj7a_8 mg9e_0_s mvrt_0_s mj7a_0_s mh36_0_s mzmg_6m munh_16_l m3h2_16_l\">\n<div class=\"mp4t_0 mryx_0 munh_56 m3h2_56\">\n<div class=\"mp7g_oh\"><button class=\"mg9e_0 mvrt_0 mj7a_0 mh36_0 mp4t_0 m3h2_0 mryx_0 munh_0 mqen_m6 mpof_z0 mx7m_0 m7er_k4 mse2_k4 msts_pt\" data-analytics-interaction=\"true\" data-analytics-interaction-label=\"zoomable-image-open\" aria-disabled=\"true\"><img decoding=\"async\" class=\"msub_k4 mupj_5k mjru_k4 mse2_k4 mp7g_f6 mq1m_0 mj7u_0 m7er_k4 mqen_m6 m31c_d8 m0ux_fp lazyloaded\" src=\"https:\/\/a.allegroimg.com\/original\/117d93\/1307a5394557846817effab64d25\/SANKI-DREWNIANE-Z-OPARCIEM-I-SPIWORKIEM-Model-Drewniane-z-oparciem-i-spiworkiem\" sizes=\"(min-width: 1200px) 560px, (min-width: 992px) 50vw, 100vw\" srcset=\"https:\/\/a.allegroimg.com\/s360\/117d93\/1307a5394557846817effab64d25\/SANKI-DREWNIANE-Z-OPARCIEM-I-SPIWORKIEM-Model-Drewniane-z-oparciem-i-spiworkiem 360w,https:\/\/a.allegroimg.com\/s720\/117d93\/1307a5394557846817effab64d25\/SANKI-DREWNIANE-Z-OPARCIEM-I-SPIWORKIEM-Model-Drewniane-z-oparciem-i-spiworkiem 652w,https:\/\/a.allegroimg.com\/original\/117d93\/1307a5394557846817effab64d25\/SANKI-DREWNIANE-Z-OPARCIEM-I-SPIWORKIEM-Model-Drewniane-z-oparciem-i-spiworkiem 652w\" alt=\"MEDIN\u0116S ROGU\u010c\u0116S SU ATLO\u0160U IR MIEGMAI\u0160IU Medinis modelis su atlo\u0161u ir miegmai\u0161iu\" width=\"652px\" data-srcset=\"\" \/><\/button><\/div>\n<\/div>\n<\/div>\n<\/div>\n<div class=\"mp4t_16_s mryx_16_s mr3m_1 mli2_1 mh85_56 mh85_0_l\">\n<div class=\"mgn2_16 _0d3bd_am0a-\">\n<h1><span dir=\"auto\">Mediena lakuojama ekologi\u0161ku nat\u016bralios spalvos laku, kurio d\u0117ka mediena i\u0161laiko savo spalv\u0105 ir tekst\u016br\u0105.<\/span><\/h1>\n<\/div>\n<\/div>\n<\/div>\n<div class=\"mpof_ki myre_zn myre_8v_l m389_6m_l\">\n<div class=\"mp4t_16_s mryx_16_s mr3m_1 mli2_1 mh85_56 mh85_0_l\">\n<div class=\"mgn2_16 _0d3bd_am0a-\">\n<h1><span dir=\"auto\">MIEGMAI\u0160IS I\u0160SIUN\u010cIAMAS ATSITIKTINE SPALVA<\/span><\/h1>\n<\/div>\n<\/div>\n<\/div>\n<div class=\"mpof_ki myre_zn myre_8v_l m389_6m_l\">\n<div class=\"mp4t_16_s mryx_16_s mr3m_1 mli2_1 mh85_56 mh85_0_l\">\n<div class=\"mgn2_16 _0d3bd_am0a-\"><\/div>\n<\/div>\n<\/div>\n<div class=\"mpof_ki myre_zn myre_8v_l m389_6m_l\">\n<div class=\"mp4t_16_s mryx_16_s mr3m_1 mli2_1 mh85_56 mh85_0_l\">\n<div class=\"mg9e_8 mj7a_8 mg9e_0_s mvrt_0_s mj7a_0_s mh36_0_s mzmg_6m munh_16_l m3h2_16_l\">\n<div class=\"mp4t_0 mryx_0 munh_56 m3h2_56\">\n<div class=\"mp7g_oh\"><\/div>\n<\/div>\n<\/div>\n<\/div>\n<\/div>","protected":false},"excerpt":{"rendered":"<p>Medin\u0117s rog\u0117s su miegmai\u0161iu<\/p>","protected":false},"featured_media":65538,"template":"","meta":{"_acf_changed":false,"_glsr_average":0,"_glsr_ranking":0,"_glsr_reviews":0},"product_brand":[],"product_cat":[297],"product_tag":[],"class_list":{"0":"post-65537","1":"product","2":"type-product","3":"status-publish","4":"has-post-thumbnail","6":"product_cat-ziemos-pramogos","7":"\"style=\"background-color: #2ecc711c;\"","9":"first","10":"instock","11":"shipping-taxable","12":"purchasable","13":"product-type-simple"},"acf":[],"yoast_head":"<!-- This site is optimized with the Yoast SEO plugin v27.3 - https:\/\/yoast.com\/product\/yoast-seo-wordpress\/ -->\n<title>Medin\u0117s rog\u0117s su miegmai\u0161iu - KidsPlay<\/title>\n<meta name=\"description\" content=\"Medin\u0117s rog\u0117s su miegmai\u0161iu\" \/>\n<meta name=\"robots\" content=\"index, follow, max-snippet:-1, max-image-preview:large, max-video-preview:-1\" \/>\n<link rel=\"canonical\" href=\"https:\/\/kidsplay.lt\/lv\/products\/medines-roges-su-miegmaisiu\/\" \/>\n<meta property=\"og:locale\" content=\"lv_LV\" \/>\n<meta property=\"og:type\" content=\"article\" \/>\n<meta property=\"og:title\" content=\"Medin\u0117s rog\u0117s su miegmai\u0161iu - KidsPlay\" \/>\n<meta property=\"og:description\" content=\"Medin\u0117s rog\u0117s su miegmai\u0161iu\" \/>\n<meta property=\"og:url\" content=\"https:\/\/kidsplay.lt\/lv\/products\/medines-roges-su-miegmaisiu\/\" \/>\n<meta property=\"og:site_name\" content=\"KidsPlay\" \/>\n<meta property=\"article:publisher\" content=\"https:\/\/www.facebook.com\/www.kidsplay.lt\" \/>\n<meta property=\"article:modified_time\" content=\"2025-10-04T20:41:06+00:00\" \/>\n<meta property=\"og:image\" content=\"https:\/\/kidsplay.lt\/wp-content\/uploads\/2025\/09\/Screenshot_629.png\" \/>\n\t<meta property=\"og:image:width\" content=\"583\" \/>\n\t<meta property=\"og:image:height\" content=\"430\" \/>\n\t<meta property=\"og:image:type\" content=\"image\/png\" \/>\n<meta name=\"twitter:card\" content=\"summary_large_image\" \/>\n<meta name=\"twitter:label1\" content=\"Est. reading time\" \/>\n\t<meta name=\"twitter:data1\" content=\"2 min\u016btes\" \/>\n<script type=\"application\/ld+json\" class=\"yoast-schema-graph\">{\"@context\":\"https:\\\/\\\/schema.org\",\"@graph\":[{\"@type\":\"WebPage\",\"@id\":\"https:\\\/\\\/kidsplay.lt\\\/produktas\\\/medines-roges-su-miegmaisiu\\\/\",\"url\":\"https:\\\/\\\/kidsplay.lt\\\/produktas\\\/medines-roges-su-miegmaisiu\\\/\",\"name\":\"Medin\u0117s rog\u0117s su miegmai\u0161iu - KidsPlay\",\"isPartOf\":{\"@id\":\"https:\\\/\\\/kidsplay.lt\\\/#website\"},\"primaryImageOfPage\":{\"@id\":\"https:\\\/\\\/kidsplay.lt\\\/produktas\\\/medines-roges-su-miegmaisiu\\\/#primaryimage\"},\"image\":{\"@id\":\"https:\\\/\\\/kidsplay.lt\\\/produktas\\\/medines-roges-su-miegmaisiu\\\/#primaryimage\"},\"thumbnailUrl\":\"https:\\\/\\\/kidsplay.lt\\\/wp-content\\\/uploads\\\/2025\\\/09\\\/Screenshot_629.png\",\"datePublished\":\"2025-09-24T08:02:11+00:00\",\"dateModified\":\"2025-10-04T20:41:06+00:00\",\"description\":\"Medin\u0117s rog\u0117s su miegmai\u0161iu\",\"breadcrumb\":{\"@id\":\"https:\\\/\\\/kidsplay.lt\\\/produktas\\\/medines-roges-su-miegmaisiu\\\/#breadcrumb\"},\"inLanguage\":\"lv-LV\",\"potentialAction\":[{\"@type\":\"ReadAction\",\"target\":[\"https:\\\/\\\/kidsplay.lt\\\/produktas\\\/medines-roges-su-miegmaisiu\\\/\"]}]},{\"@type\":\"ImageObject\",\"inLanguage\":\"lv-LV\",\"@id\":\"https:\\\/\\\/kidsplay.lt\\\/produktas\\\/medines-roges-su-miegmaisiu\\\/#primaryimage\",\"url\":\"https:\\\/\\\/kidsplay.lt\\\/wp-content\\\/uploads\\\/2025\\\/09\\\/Screenshot_629.png\",\"contentUrl\":\"https:\\\/\\\/kidsplay.lt\\\/wp-content\\\/uploads\\\/2025\\\/09\\\/Screenshot_629.png\",\"width\":583,\"height\":430},{\"@type\":\"BreadcrumbList\",\"@id\":\"https:\\\/\\\/kidsplay.lt\\\/produktas\\\/medines-roges-su-miegmaisiu\\\/#breadcrumb\",\"itemListElement\":[{\"@type\":\"ListItem\",\"position\":1,\"name\":\"Pagrindinis\",\"item\":\"https:\\\/\\\/kidsplay.lt\\\/\"},{\"@type\":\"ListItem\",\"position\":2,\"name\":\"Parduotuv\u0117\",\"item\":\"https:\\\/\\\/kidsplay.lt\\\/parduotuve\\\/\"},{\"@type\":\"ListItem\",\"position\":3,\"name\":\"Medin\u0117s rog\u0117s su miegmai\u0161iu\"}]},{\"@type\":\"WebSite\",\"@id\":\"https:\\\/\\\/kidsplay.lt\\\/#website\",\"url\":\"https:\\\/\\\/kidsplay.lt\\\/\",\"name\":\"Kidsplay.lt\",\"description\":\"\u012evairios prek\u0117s vaikams\",\"publisher\":{\"@id\":\"https:\\\/\\\/kidsplay.lt\\\/#organization\"},\"alternateName\":\"Kidsplay\",\"potentialAction\":[{\"@type\":\"SearchAction\",\"target\":{\"@type\":\"EntryPoint\",\"urlTemplate\":\"https:\\\/\\\/kidsplay.lt\\\/?s={search_term_string}\"},\"query-input\":{\"@type\":\"PropertyValueSpecification\",\"valueRequired\":true,\"valueName\":\"search_term_string\"}}],\"inLanguage\":\"lv-LV\"},{\"@type\":\"Organization\",\"@id\":\"https:\\\/\\\/kidsplay.lt\\\/#organization\",\"name\":\"KidsPlay\",\"url\":\"https:\\\/\\\/kidsplay.lt\\\/\",\"logo\":{\"@type\":\"ImageObject\",\"inLanguage\":\"lv-LV\",\"@id\":\"https:\\\/\\\/kidsplay.lt\\\/#\\\/schema\\\/logo\\\/image\\\/\",\"url\":\"https:\\\/\\\/kidsplay.lt\\\/wp-content\\\/uploads\\\/2023\\\/07\\\/kidsplay-logo.png\",\"contentUrl\":\"https:\\\/\\\/kidsplay.lt\\\/wp-content\\\/uploads\\\/2023\\\/07\\\/kidsplay-logo.png\",\"width\":451,\"height\":98,\"caption\":\"KidsPlay\"},\"image\":{\"@id\":\"https:\\\/\\\/kidsplay.lt\\\/#\\\/schema\\\/logo\\\/image\\\/\"},\"sameAs\":[\"https:\\\/\\\/www.facebook.com\\\/www.kidsplay.lt\"]}]}<\/script>\n<!-- \/ Yoast SEO plugin. -->","yoast_head_json":{"title":"Medin\u0117s rog\u0117s su miegmai\u0161iu - KidsPlay","description":"Medin\u0117s rog\u0117s su miegmai\u0161iu","robots":{"index":"index","follow":"follow","max-snippet":"max-snippet:-1","max-image-preview":"max-image-preview:large","max-video-preview":"max-video-preview:-1"},"canonical":"https:\/\/kidsplay.lt\/lv\/products\/medines-roges-su-miegmaisiu\/","og_locale":"lv_LV","og_type":"article","og_title":"Medin\u0117s rog\u0117s su miegmai\u0161iu - KidsPlay","og_description":"Medin\u0117s rog\u0117s su miegmai\u0161iu","og_url":"https:\/\/kidsplay.lt\/lv\/products\/medines-roges-su-miegmaisiu\/","og_site_name":"KidsPlay","article_publisher":"https:\/\/www.facebook.com\/www.kidsplay.lt","article_modified_time":"2025-10-04T20:41:06+00:00","og_image":[{"width":583,"height":430,"url":"https:\/\/kidsplay.lt\/wp-content\/uploads\/2025\/09\/Screenshot_629.png","type":"image\/png"}],"twitter_card":"summary_large_image","twitter_misc":{"Est. reading time":"2 min\u016btes"},"schema":{"@context":"https:\/\/schema.org","@graph":[{"@type":"WebPage","@id":"https:\/\/kidsplay.lt\/produktas\/medines-roges-su-miegmaisiu\/","url":"https:\/\/kidsplay.lt\/produktas\/medines-roges-su-miegmaisiu\/","name":"Medin\u0117s rog\u0117s su miegmai\u0161iu - KidsPlay","isPartOf":{"@id":"https:\/\/kidsplay.lt\/#website"},"primaryImageOfPage":{"@id":"https:\/\/kidsplay.lt\/produktas\/medines-roges-su-miegmaisiu\/#primaryimage"},"image":{"@id":"https:\/\/kidsplay.lt\/produktas\/medines-roges-su-miegmaisiu\/#primaryimage"},"thumbnailUrl":"https:\/\/kidsplay.lt\/wp-content\/uploads\/2025\/09\/Screenshot_629.png","datePublished":"2025-09-24T08:02:11+00:00","dateModified":"2025-10-04T20:41:06+00:00","description":"Medin\u0117s rog\u0117s su miegmai\u0161iu","breadcrumb":{"@id":"https:\/\/kidsplay.lt\/produktas\/medines-roges-su-miegmaisiu\/#breadcrumb"},"inLanguage":"lv-LV","potentialAction":[{"@type":"ReadAction","target":["https:\/\/kidsplay.lt\/produktas\/medines-roges-su-miegmaisiu\/"]}]},{"@type":"ImageObject","inLanguage":"lv-LV","@id":"https:\/\/kidsplay.lt\/produktas\/medines-roges-su-miegmaisiu\/#primaryimage","url":"https:\/\/kidsplay.lt\/wp-content\/uploads\/2025\/09\/Screenshot_629.png","contentUrl":"https:\/\/kidsplay.lt\/wp-content\/uploads\/2025\/09\/Screenshot_629.png","width":583,"height":430},{"@type":"BreadcrumbList","@id":"https:\/\/kidsplay.lt\/produktas\/medines-roges-su-miegmaisiu\/#breadcrumb","itemListElement":[{"@type":"ListItem","position":1,"name":"Pagrindinis","item":"https:\/\/kidsplay.lt\/"},{"@type":"ListItem","position":2,"name":"Parduotuv\u0117","item":"https:\/\/kidsplay.lt\/parduotuve\/"},{"@type":"ListItem","position":3,"name":"Medin\u0117s rog\u0117s su miegmai\u0161iu"}]},{"@type":"WebSite","@id":"https:\/\/kidsplay.lt\/#website","url":"https:\/\/kidsplay.lt\/","name":"B\u0113rnu sp\u0113les.lv","description":"\u012evairios prek\u0117s vaikams","publisher":{"@id":"https:\/\/kidsplay.lt\/#organization"},"alternateName":"Kidsplay","potentialAction":[{"@type":"SearchAction","target":{"@type":"EntryPoint","urlTemplate":"https:\/\/kidsplay.lt\/?s={search_term_string}"},"query-input":{"@type":"PropertyValueSpecification","valueRequired":true,"valueName":"search_term_string"}}],"inLanguage":"lv-LV"},{"@type":"Organization","@id":"https:\/\/kidsplay.lt\/#organization","name":"B\u0113rnu sp\u0113le","url":"https:\/\/kidsplay.lt\/","logo":{"@type":"ImageObject","inLanguage":"lv-LV","@id":"https:\/\/kidsplay.lt\/#\/schema\/logo\/image\/","url":"https:\/\/kidsplay.lt\/wp-content\/uploads\/2023\/07\/kidsplay-logo.png","contentUrl":"https:\/\/kidsplay.lt\/wp-content\/uploads\/2023\/07\/kidsplay-logo.png","width":451,"height":98,"caption":"KidsPlay"},"image":{"@id":"https:\/\/kidsplay.lt\/#\/schema\/logo\/image\/"},"sameAs":["https:\/\/www.facebook.com\/www.kidsplay.lt"]}]}},"_links":{"self":[{"href":"https:\/\/kidsplay.lt\/lv\/wp-json\/wp\/v2\/product\/65537","targetHints":{"allow":["GET"]}}],"collection":[{"href":"https:\/\/kidsplay.lt\/lv\/wp-json\/wp\/v2\/product"}],"about":[{"href":"https:\/\/kidsplay.lt\/lv\/wp-json\/wp\/v2\/types\/product"}],"version-history":[{"count":5,"href":"https:\/\/kidsplay.lt\/lv\/wp-json\/wp\/v2\/product\/65537\/revisions"}],"predecessor-version":[{"id":74423,"href":"https:\/\/kidsplay.lt\/lv\/wp-json\/wp\/v2\/product\/65537\/revisions\/74423"}],"wp:featuredmedia":[{"embeddable":true,"href":"https:\/\/kidsplay.lt\/lv\/wp-json\/wp\/v2\/media\/65538"}],"wp:attachment":[{"href":"https:\/\/kidsplay.lt\/lv\/wp-json\/wp\/v2\/media?parent=65537"}],"wp:term":[{"taxonomy":"product_brand","embeddable":true,"href":"https:\/\/kidsplay.lt\/lv\/wp-json\/wp\/v2\/product_brand?post=65537"},{"taxonomy":"product_cat","embeddable":true,"href":"https:\/\/kidsplay.lt\/lv\/wp-json\/wp\/v2\/product_cat?post=65537"},{"taxonomy":"product_tag","embeddable":true,"href":"https:\/\/kidsplay.lt\/lv\/wp-json\/wp\/v2\/product_tag?post=65537"}],"curies":[{"name":"wp","href":"https:\/\/api.w.org\/{rel}","templated":true}]}}