{"id":65554,"date":"2025-09-24T11:10:31","date_gmt":"2025-09-24T08:10:31","guid":{"rendered":"https:\/\/kidsplay.lt\/?post_type=product&#038;p=65554"},"modified":"2025-10-04T23:43:13","modified_gmt":"2025-10-04T20:43:13","slug":"pakabinama-lempa-drugeliai","status":"publish","type":"product","link":"https:\/\/kidsplay.lt\/lv\/products\/pakabinama-lempa-drugeliai\/","title":{"rendered":"Kulona lampa &quot;Tauri\u0146\u0161&quot;"},"content":{"rendered":"<div class=\"mpof_ki myre_zn myre_8v_l m389_6m_l\">\n<div class=\"mp4t_16_s mryx_16_s mr3m_1 mli2_1 mh85_56 mh85_0_l\">\n<div class=\"mgn2_16 _0d3bd_am0a-\">\n<ul>\n<li><b><span dir=\"auto\">Auk\u0161tos<\/span><\/b><span dir=\"auto\">\u00a0kokyb\u0117s produktas<\/span><\/li>\n<\/ul>\n<ul>\n<li><b><span dir=\"auto\">Profesionalus<\/span><\/b><span dir=\"auto\">\u00a0aptarnavimas ir patarimai<\/span><\/li>\n<\/ul>\n<ul>\n<li><b><span dir=\"auto\">Lenkijos<\/span><\/b><span dir=\"auto\">\u00a0gamintojas<\/span><\/li>\n<\/ul>\n<\/div>\n<\/div>\n<div class=\"mp4t_16_s mryx_16_s mr3m_1 mli2_1 mh85_56 mh85_0_l\">\n<div class=\"mg9e_8 mj7a_8 mg9e_0_s mvrt_0_s mj7a_0_s mh36_0_s mzmg_6m munh_16_l m3h2_16_l\">\n<div class=\"mp4t_0 mryx_0 munh_56 m3h2_56\">\n<div class=\"mp7g_oh\"><button class=\"mg9e_0 mvrt_0 mj7a_0 mh36_0 mp4t_0 m3h2_0 mryx_0 munh_0 mqen_m6 mpof_z0 mx7m_0 m7er_k4 mse2_k4 msts_pt\" data-analytics-interaction=\"true\" data-analytics-interaction-label=\"zoomable-image-open\" aria-disabled=\"true\"><img decoding=\"async\" class=\"msub_k4 mupj_5k mjru_k4 mse2_k4 mp7g_f6 mq1m_0 mj7u_0 m7er_k4 mqen_m6 m31c_d8 m0ux_fp lazyloaded\" src=\"https:\/\/a.allegroimg.com\/original\/1136f9\/945a43ce4e5a809128396be3a0c5\/PAJAK-LAMPA-WISZACA-MOTYLEK-SPIRO-4-bialo-rozowy-Plec-chlopcy-dziewczynki\" sizes=\"(min-width: 1200px) 560px, (min-width: 992px) 50vw, 100vw\" srcset=\"https:\/\/a.allegroimg.com\/s360\/1136f9\/945a43ce4e5a809128396be3a0c5\/PAJAK-LAMPA-WISZACA-MOTYLEK-SPIRO-4-bialo-rozowy-Plec-chlopcy-dziewczynki 360w,https:\/\/a.allegroimg.com\/s720\/1136f9\/945a43ce4e5a809128396be3a0c5\/PAJAK-LAMPA-WISZACA-MOTYLEK-SPIRO-4-bialo-rozowy-Plec-chlopcy-dziewczynki 389w,https:\/\/a.allegroimg.com\/original\/1136f9\/945a43ce4e5a809128396be3a0c5\/PAJAK-LAMPA-WISZACA-MOTYLEK-SPIRO-4-bialo-rozowy-Plec-chlopcy-dziewczynki 389w\" alt=\"PAJ\u0104K LAMPA WISZ\u0104CA MOTYLEK SPIRO 4 bia\u0142o r\u00f3\u017cowy P\u0142e\u0107 ch\u0142opcy dziewczynki\" width=\"389px\" data-srcset=\"\" \/><\/button><\/div>\n<\/div>\n<\/div>\n<\/div>\n<\/div>\n<div class=\"mpof_ki myre_zn myre_8v_l m389_6m_l\">\n<div class=\"mp4t_16_s mryx_16_s mr3m_1 mli2_1 mh85_56 mh85_0_l\">\n<div class=\"mgn2_16 _0d3bd_am0a-\">\n<p><span dir=\"auto\">\u0160is \u017eavus pal\u0117p\u0117s \u0161viestuvas derina modern\u0173 dizain\u0105 su subtiliu, romanti\u0161ku prisilietimu. Balta ir ro\u017ein\u0117 spalv\u0173 gama suteikia interjerui gaivumo ir lengvumo, puikiai atitinka \u0161iuolaikinio stiliaus tendencijas. Baltas \u0161viestuvo pagrindas, pagamintas i\u0161 auk\u0161tos kokyb\u0117s med\u017eiag\u0173, u\u017etikrina stabilum\u0105 ir ilgaam\u017ei\u0161kum\u0105, o ro\u017ein\u0117s detal\u0117s suteikia jaukumo ir charakterio.<\/span><\/p>\n<p><span dir=\"auto\">\u012edomiausias \u0161ios lempos bruo\u017eas \u2013 magnetin\u0117s drugel\u0117s, kurias galima perkelti ir i\u0161d\u0117lioti pagal savo pageidavimus. \u0160ios subtilios, spalvingos drugel\u0117s suteikia erdvei linksmumo ir \u017eaismingumo, tod\u0117l lempa yra ne tik \u0161viesos \u0161altinis, bet ir originalus dekoratyvinis elementas.<\/span><\/p>\n<p><span dir=\"auto\">\u0160is pal\u0117p\u0117s \u0161viestuvas, puikiai tinkantis vaiko ar paauglio kambariui arba kaip unikalus modernaus interjero papildymas, tikrai pritrauks ak\u012f ir suteiks \u017eavesio bet kuriam kambariui. D\u0117l unikalaus dizaino jis taps m\u0117gstamiausiu j\u016bs\u0173 nam\u0173 \u0161viestuvu, sukurs jauki\u0105 atmosfer\u0105 ir \u012fkv\u0117ps k\u016brybi\u0161kumui.<\/span><\/p>\n<\/div>\n<\/div>\n<\/div>\n<div class=\"mpof_ki myre_zn myre_8v_l m389_6m_l\">\n<div class=\"mp4t_16_s mryx_16_s mr3m_1 mli2_1 mh85_56 mh85_0_l\">\n<div class=\"mg9e_8 mj7a_8 mg9e_0_s mvrt_0_s mj7a_0_s mh36_0_s mzmg_6m munh_16_l m3h2_16_l\">\n<div class=\"mp4t_0 mryx_0 munh_56 m3h2_56\">\n<div class=\"mp7g_oh\"><button class=\"mg9e_0 mvrt_0 mj7a_0 mh36_0 mp4t_0 m3h2_0 mryx_0 munh_0 mqen_m6 mpof_z0 mx7m_0 m7er_k4 mse2_k4 msts_pt\" data-analytics-interaction=\"true\" data-analytics-interaction-label=\"zoomable-image-open\" aria-disabled=\"true\"><img decoding=\"async\" class=\"msub_k4 mupj_5k mjru_k4 mse2_k4 mp7g_f6 mq1m_0 mj7u_0 m7er_k4 mqen_m6 m31c_d8 m0ux_fp lazyloaded\" src=\"https:\/\/a.allegroimg.com\/original\/1187a6\/535c065c4a8abfcfba90cdbe6f4a\/PAJAK-LAMPA-WISZACA-MOTYLEK-SPIRO-4-bialo-rozowy\" sizes=\"100vw\" srcset=\"https:\/\/a.allegroimg.com\/s360\/1187a6\/535c065c4a8abfcfba90cdbe6f4a\/PAJAK-LAMPA-WISZACA-MOTYLEK-SPIRO-4-bialo-rozowy 360w,https:\/\/a.allegroimg.com\/s720\/1187a6\/535c065c4a8abfcfba90cdbe6f4a\/PAJAK-LAMPA-WISZACA-MOTYLEK-SPIRO-4-bialo-rozowy 720w,https:\/\/a.allegroimg.com\/s1024\/1187a6\/535c065c4a8abfcfba90cdbe6f4a\/PAJAK-LAMPA-WISZACA-MOTYLEK-SPIRO-4-bialo-rozowy 1024w,https:\/\/a.allegroimg.com\/s1440\/1187a6\/535c065c4a8abfcfba90cdbe6f4a\/PAJAK-LAMPA-WISZACA-MOTYLEK-SPIRO-4-bialo-rozowy 1440w,https:\/\/a.allegroimg.com\/original\/1187a6\/535c065c4a8abfcfba90cdbe6f4a\/PAJAK-LAMPA-WISZACA-MOTYLEK-SPIRO-4-bialo-rozowy 1640w\" alt=\"PAJ\u0104K LAMPA WISZ\u0104CA MOTYLEK SPIRO 4 bia\u0142o r\u00f3\u017cowy\" width=\"1640px\" data-srcset=\"\" \/><\/button><\/div>\n<\/div>\n<\/div>\n<\/div>\n<\/div>\n<div class=\"mpof_ki myre_zn myre_8v_l m389_6m_l\">\n<div class=\"mp4t_16_s mryx_16_s mr3m_1 mli2_1 mh85_56 mh85_0_l\">\n<div class=\"mgn2_16 _0d3bd_am0a-\">\n<p><span dir=\"auto\">Papildoma lempos puo\u0161mena \u2013 devyni eleganti\u0161ki drugeliai (i\u0161skirtinai pagaminti, atrodo kaip tikrovi\u0161ki). Drugeliai yra magnetiniai, tod\u0117l juos galima pad\u0117ti bet kurioje lempos vietoje. Drugeliai pagaminti i\u0161 lengvos med\u017eiagos, kurios tekst\u016bra primena pauk\u0161\u010dio plunksn\u0105. Tai rei\u0161kia, kad jie nekelia pavojaus j\u016bs\u0173 vaiko saugumui (jei atsikabint\u0173 nuo lempos).<\/span><\/p>\n<p><span dir=\"auto\">\u017dibintas tiesiai i\u0161 gamintojo, pagamintas i\u0161 100 % lenki\u0161k\u0173 komponent\u0173.<\/span><\/p>\n<p><b><span dir=\"auto\">\u0160viestuvai veikia su dvipoliu jungikliu<\/span><\/b><span dir=\"auto\">\u00a0, o tai rei\u0161kia, kad kai nereikia daug \u0161viesos, galite \u012fjungti du \u0161viestuv\u0173 gaubtus.<\/span><\/p>\n<\/div>\n<\/div>\n<\/div>\n<div class=\"mpof_ki myre_zn myre_8v_l m389_6m_l\">\n<div class=\"mp4t_16_s mryx_16_s mr3m_1 mli2_1 mh85_56 mh85_0_l\">\n<div class=\"mgn2_16 _0d3bd_am0a-\">\n<p><b><span dir=\"auto\">Izm\u0113ri:<\/span><\/b><\/p>\n<ul>\n<li><span dir=\"auto\">Kiekvienos rankos ilgis: reguliuojamas, maks. 2 m<\/span><\/li>\n<li><span dir=\"auto\">\u0160viestuvo gaubto skersmuo pla\u010diausioje vietoje: 20 cm<\/span><\/li>\n<li><span dir=\"auto\">Pa\u010dio \u0161viestuvo gaubto auk\u0161tis: 8 cm<\/span><\/li>\n<\/ul>\n<p><b><span dir=\"auto\">\u0160viesos \u0161altinis:<\/span><\/b><\/p>\n<ul>\n<li><span dir=\"auto\">Keturios lemput\u0117s su standartiniu E27 sriegiu, kiekvienos maksimali galia \u2013 60 W<\/span><\/li>\n<li><span dir=\"auto\">\u0160viestuvas neturi lempu\u010di\u0173<\/span><\/li>\n<\/ul>\n<p><span dir=\"auto\">Tvirtinimas prie lub\u0173 naudojant komplekte esan\u010di\u0105 tvirtinimo juostel\u0119.<\/span><\/p>\n<p><span dir=\"auto\">Taip pat pridedami kabeli\u0173 atramos elementai.<\/span><\/p>\n<\/div>\n<\/div>\n<div class=\"mp4t_16_s mryx_16_s mr3m_1 mli2_1 mh85_56 mh85_0_l\">\n<div class=\"mg9e_8 mj7a_8 mg9e_0_s mvrt_0_s mj7a_0_s mh36_0_s mzmg_6m munh_16_l m3h2_16_l\">\n<div class=\"mp4t_0 mryx_0 munh_56 m3h2_56\">\n<div class=\"mp7g_oh\"><button class=\"mg9e_0 mvrt_0 mj7a_0 mh36_0 mp4t_0 m3h2_0 mryx_0 munh_0 mqen_m6 mpof_z0 mx7m_0 m7er_k4 mse2_k4 msts_pt\" data-analytics-interaction=\"true\" data-analytics-interaction-label=\"zoomable-image-open\" aria-disabled=\"true\"><img decoding=\"async\" class=\"msub_k4 mupj_5k mjru_k4 mse2_k4 mp7g_f6 mq1m_0 mj7u_0 m7er_k4 mqen_m6 m31c_d8 m0ux_fp lazyloaded\" src=\"https:\/\/a.allegroimg.com\/original\/11e64e\/321841ca4442a82f146460687089\/PAJAK-LAMPA-WISZACA-MOTYLEK-SPIRO-4-bialo-rozowy-Kolor-dominujacy-bialy\" sizes=\"(min-width: 1200px) 560px, (min-width: 992px) 50vw, 100vw\" srcset=\"https:\/\/a.allegroimg.com\/s360\/11e64e\/321841ca4442a82f146460687089\/PAJAK-LAMPA-WISZACA-MOTYLEK-SPIRO-4-bialo-rozowy-Kolor-dominujacy-bialy 360w,https:\/\/a.allegroimg.com\/s720\/11e64e\/321841ca4442a82f146460687089\/PAJAK-LAMPA-WISZACA-MOTYLEK-SPIRO-4-bialo-rozowy-Kolor-dominujacy-bialy 720w,https:\/\/a.allegroimg.com\/s1024\/11e64e\/321841ca4442a82f146460687089\/PAJAK-LAMPA-WISZACA-MOTYLEK-SPIRO-4-bialo-rozowy-Kolor-dominujacy-bialy 1024w,https:\/\/a.allegroimg.com\/s1440\/11e64e\/321841ca4442a82f146460687089\/PAJAK-LAMPA-WISZACA-MOTYLEK-SPIRO-4-bialo-rozowy-Kolor-dominujacy-bialy 1300w,https:\/\/a.allegroimg.com\/original\/11e64e\/321841ca4442a82f146460687089\/PAJAK-LAMPA-WISZACA-MOTYLEK-SPIRO-4-bialo-rozowy-Kolor-dominujacy-bialy 1300w\" alt=\"PAJ\u0104K LAMPA WISZ\u0104CA MOTYLEK SPIRO 4 bia\u0142o r\u00f3\u017cowy Kolor dominuj\u0105cy bia\u0142y\" width=\"1300px\" data-srcset=\"\" \/><\/button><\/div>\n<\/div>\n<\/div>\n<\/div>\n<\/div>\n<div class=\"mpof_ki myre_zn myre_8v_l m389_6m_l\">\n<div class=\"mp4t_16_s mryx_16_s mr3m_1 mli2_1 mh85_56 mh85_0_l\">\n<div class=\"mgn2_16 _0d3bd_am0a-\">\n<p><span dir=\"auto\">Kai j\u016bs\u0173 vaikas paaugs, gal\u0117site nuimti drugelius (jie yra magnetiniai) ir s\u0117kmingai naudoti lempas kaip jaunimo LOFTUS.<\/span><\/p>\n<\/div>\n<\/div>\n<\/div>","protected":false},"excerpt":{"rendered":"<p>Kulona lampa &quot;Tauri\u0146\u0161&quot;<\/p>","protected":false},"featured_media":65555,"template":"","meta":{"_acf_changed":false,"_glsr_average":0,"_glsr_ranking":0,"_glsr_reviews":0},"product_brand":[],"product_cat":[362],"product_tag":[],"class_list":{"0":"post-65554","1":"product","2":"type-product","3":"status-publish","4":"has-post-thumbnail","6":"product_cat-lempos","7":"\"style=\"background-color: #2ecc711c;\"","9":"first","10":"instock","11":"shipping-taxable","12":"purchasable","13":"product-type-simple"},"acf":[],"yoast_head":"<!-- This site is optimized with the Yoast SEO plugin v27.4 - https:\/\/yoast.com\/product\/yoast-seo-wordpress\/ -->\n<title>Pakabinama lempa drugeliai - KidsPlay<\/title>\n<meta name=\"description\" content=\"Pakabinama lempa drugeliai\" \/>\n<meta name=\"robots\" content=\"index, follow, max-snippet:-1, max-image-preview:large, max-video-preview:-1\" \/>\n<link rel=\"canonical\" href=\"https:\/\/kidsplay.lt\/lv\/products\/pakabinama-lempa-drugeliai\/\" \/>\n<meta property=\"og:locale\" content=\"lv_LV\" \/>\n<meta property=\"og:type\" content=\"article\" \/>\n<meta property=\"og:title\" content=\"Pakabinama lempa drugeliai - KidsPlay\" \/>\n<meta property=\"og:description\" content=\"Pakabinama lempa drugeliai\" \/>\n<meta property=\"og:url\" content=\"https:\/\/kidsplay.lt\/lv\/products\/pakabinama-lempa-drugeliai\/\" \/>\n<meta property=\"og:site_name\" content=\"KidsPlay\" \/>\n<meta property=\"article:publisher\" content=\"https:\/\/www.facebook.com\/www.kidsplay.lt\" \/>\n<meta property=\"article:modified_time\" content=\"2025-10-04T20:43:13+00:00\" \/>\n<meta property=\"og:image\" content=\"https:\/\/kidsplay.lt\/wp-content\/uploads\/2025\/09\/Screenshot_640.png\" \/>\n\t<meta property=\"og:image:width\" content=\"579\" \/>\n\t<meta property=\"og:image:height\" content=\"358\" \/>\n\t<meta property=\"og:image:type\" content=\"image\/png\" \/>\n<meta name=\"twitter:card\" content=\"summary_large_image\" \/>\n<meta name=\"twitter:label1\" content=\"Est. reading time\" \/>\n\t<meta name=\"twitter:data1\" content=\"3 min\u016btes\" \/>\n<script type=\"application\/ld+json\" class=\"yoast-schema-graph\">{\"@context\":\"https:\\\/\\\/schema.org\",\"@graph\":[{\"@type\":\"WebPage\",\"@id\":\"https:\\\/\\\/kidsplay.lt\\\/produktas\\\/pakabinama-lempa-drugeliai\\\/\",\"url\":\"https:\\\/\\\/kidsplay.lt\\\/produktas\\\/pakabinama-lempa-drugeliai\\\/\",\"name\":\"Pakabinama lempa drugeliai - KidsPlay\",\"isPartOf\":{\"@id\":\"https:\\\/\\\/kidsplay.lt\\\/#website\"},\"primaryImageOfPage\":{\"@id\":\"https:\\\/\\\/kidsplay.lt\\\/produktas\\\/pakabinama-lempa-drugeliai\\\/#primaryimage\"},\"image\":{\"@id\":\"https:\\\/\\\/kidsplay.lt\\\/produktas\\\/pakabinama-lempa-drugeliai\\\/#primaryimage\"},\"thumbnailUrl\":\"https:\\\/\\\/kidsplay.lt\\\/wp-content\\\/uploads\\\/2025\\\/09\\\/Screenshot_640.png\",\"datePublished\":\"2025-09-24T08:10:31+00:00\",\"dateModified\":\"2025-10-04T20:43:13+00:00\",\"description\":\"Pakabinama lempa drugeliai\",\"breadcrumb\":{\"@id\":\"https:\\\/\\\/kidsplay.lt\\\/produktas\\\/pakabinama-lempa-drugeliai\\\/#breadcrumb\"},\"inLanguage\":\"lv-LV\",\"potentialAction\":[{\"@type\":\"ReadAction\",\"target\":[\"https:\\\/\\\/kidsplay.lt\\\/produktas\\\/pakabinama-lempa-drugeliai\\\/\"]}]},{\"@type\":\"ImageObject\",\"inLanguage\":\"lv-LV\",\"@id\":\"https:\\\/\\\/kidsplay.lt\\\/produktas\\\/pakabinama-lempa-drugeliai\\\/#primaryimage\",\"url\":\"https:\\\/\\\/kidsplay.lt\\\/wp-content\\\/uploads\\\/2025\\\/09\\\/Screenshot_640.png\",\"contentUrl\":\"https:\\\/\\\/kidsplay.lt\\\/wp-content\\\/uploads\\\/2025\\\/09\\\/Screenshot_640.png\",\"width\":579,\"height\":358},{\"@type\":\"BreadcrumbList\",\"@id\":\"https:\\\/\\\/kidsplay.lt\\\/produktas\\\/pakabinama-lempa-drugeliai\\\/#breadcrumb\",\"itemListElement\":[{\"@type\":\"ListItem\",\"position\":1,\"name\":\"Pagrindinis\",\"item\":\"https:\\\/\\\/kidsplay.lt\\\/\"},{\"@type\":\"ListItem\",\"position\":2,\"name\":\"Parduotuv\u0117\",\"item\":\"https:\\\/\\\/kidsplay.lt\\\/parduotuve\\\/\"},{\"@type\":\"ListItem\",\"position\":3,\"name\":\"Pakabinama lempa drugeliai\"}]},{\"@type\":\"WebSite\",\"@id\":\"https:\\\/\\\/kidsplay.lt\\\/#website\",\"url\":\"https:\\\/\\\/kidsplay.lt\\\/\",\"name\":\"Kidsplay.lt\",\"description\":\"\u012evairios prek\u0117s vaikams\",\"publisher\":{\"@id\":\"https:\\\/\\\/kidsplay.lt\\\/#organization\"},\"alternateName\":\"Kidsplay\",\"potentialAction\":[{\"@type\":\"SearchAction\",\"target\":{\"@type\":\"EntryPoint\",\"urlTemplate\":\"https:\\\/\\\/kidsplay.lt\\\/?s={search_term_string}\"},\"query-input\":{\"@type\":\"PropertyValueSpecification\",\"valueRequired\":true,\"valueName\":\"search_term_string\"}}],\"inLanguage\":\"lv-LV\"},{\"@type\":\"Organization\",\"@id\":\"https:\\\/\\\/kidsplay.lt\\\/#organization\",\"name\":\"KidsPlay\",\"url\":\"https:\\\/\\\/kidsplay.lt\\\/\",\"logo\":{\"@type\":\"ImageObject\",\"inLanguage\":\"lv-LV\",\"@id\":\"https:\\\/\\\/kidsplay.lt\\\/#\\\/schema\\\/logo\\\/image\\\/\",\"url\":\"https:\\\/\\\/kidsplay.lt\\\/wp-content\\\/uploads\\\/2023\\\/07\\\/kidsplay-logo.png\",\"contentUrl\":\"https:\\\/\\\/kidsplay.lt\\\/wp-content\\\/uploads\\\/2023\\\/07\\\/kidsplay-logo.png\",\"width\":451,\"height\":98,\"caption\":\"KidsPlay\"},\"image\":{\"@id\":\"https:\\\/\\\/kidsplay.lt\\\/#\\\/schema\\\/logo\\\/image\\\/\"},\"sameAs\":[\"https:\\\/\\\/www.facebook.com\\\/www.kidsplay.lt\"]}]}<\/script>\n<!-- \/ Yoast SEO plugin. -->","yoast_head_json":{"title":"Pakabinama lempa drugeliai - KidsPlay","description":"Kulona lampa &quot;Tauri\u0146\u0161&quot;","robots":{"index":"index","follow":"follow","max-snippet":"max-snippet:-1","max-image-preview":"max-image-preview:large","max-video-preview":"max-video-preview:-1"},"canonical":"https:\/\/kidsplay.lt\/lv\/products\/pakabinama-lempa-drugeliai\/","og_locale":"lv_LV","og_type":"article","og_title":"Pakabinama lempa drugeliai - KidsPlay","og_description":"Pakabinama lempa drugeliai","og_url":"https:\/\/kidsplay.lt\/lv\/products\/pakabinama-lempa-drugeliai\/","og_site_name":"KidsPlay","article_publisher":"https:\/\/www.facebook.com\/www.kidsplay.lt","article_modified_time":"2025-10-04T20:43:13+00:00","og_image":[{"width":579,"height":358,"url":"https:\/\/kidsplay.lt\/wp-content\/uploads\/2025\/09\/Screenshot_640.png","type":"image\/png"}],"twitter_card":"summary_large_image","twitter_misc":{"Est. reading time":"3 min\u016btes"},"schema":{"@context":"https:\/\/schema.org","@graph":[{"@type":"WebPage","@id":"https:\/\/kidsplay.lt\/produktas\/pakabinama-lempa-drugeliai\/","url":"https:\/\/kidsplay.lt\/produktas\/pakabinama-lempa-drugeliai\/","name":"Pakabinama lempa drugeliai - KidsPlay","isPartOf":{"@id":"https:\/\/kidsplay.lt\/#website"},"primaryImageOfPage":{"@id":"https:\/\/kidsplay.lt\/produktas\/pakabinama-lempa-drugeliai\/#primaryimage"},"image":{"@id":"https:\/\/kidsplay.lt\/produktas\/pakabinama-lempa-drugeliai\/#primaryimage"},"thumbnailUrl":"https:\/\/kidsplay.lt\/wp-content\/uploads\/2025\/09\/Screenshot_640.png","datePublished":"2025-09-24T08:10:31+00:00","dateModified":"2025-10-04T20:43:13+00:00","description":"Kulona lampa &quot;Tauri\u0146\u0161&quot;","breadcrumb":{"@id":"https:\/\/kidsplay.lt\/produktas\/pakabinama-lempa-drugeliai\/#breadcrumb"},"inLanguage":"lv-LV","potentialAction":[{"@type":"ReadAction","target":["https:\/\/kidsplay.lt\/produktas\/pakabinama-lempa-drugeliai\/"]}]},{"@type":"ImageObject","inLanguage":"lv-LV","@id":"https:\/\/kidsplay.lt\/produktas\/pakabinama-lempa-drugeliai\/#primaryimage","url":"https:\/\/kidsplay.lt\/wp-content\/uploads\/2025\/09\/Screenshot_640.png","contentUrl":"https:\/\/kidsplay.lt\/wp-content\/uploads\/2025\/09\/Screenshot_640.png","width":579,"height":358},{"@type":"BreadcrumbList","@id":"https:\/\/kidsplay.lt\/produktas\/pakabinama-lempa-drugeliai\/#breadcrumb","itemListElement":[{"@type":"ListItem","position":1,"name":"Pagrindinis","item":"https:\/\/kidsplay.lt\/"},{"@type":"ListItem","position":2,"name":"Parduotuv\u0117","item":"https:\/\/kidsplay.lt\/parduotuve\/"},{"@type":"ListItem","position":3,"name":"Pakabinama lempa drugeliai"}]},{"@type":"WebSite","@id":"https:\/\/kidsplay.lt\/#website","url":"https:\/\/kidsplay.lt\/","name":"B\u0113rnu sp\u0113les.lv","description":"\u012evairios prek\u0117s vaikams","publisher":{"@id":"https:\/\/kidsplay.lt\/#organization"},"alternateName":"Kidsplay","potentialAction":[{"@type":"SearchAction","target":{"@type":"EntryPoint","urlTemplate":"https:\/\/kidsplay.lt\/?s={search_term_string}"},"query-input":{"@type":"PropertyValueSpecification","valueRequired":true,"valueName":"search_term_string"}}],"inLanguage":"lv-LV"},{"@type":"Organization","@id":"https:\/\/kidsplay.lt\/#organization","name":"B\u0113rnu sp\u0113le","url":"https:\/\/kidsplay.lt\/","logo":{"@type":"ImageObject","inLanguage":"lv-LV","@id":"https:\/\/kidsplay.lt\/#\/schema\/logo\/image\/","url":"https:\/\/kidsplay.lt\/wp-content\/uploads\/2023\/07\/kidsplay-logo.png","contentUrl":"https:\/\/kidsplay.lt\/wp-content\/uploads\/2023\/07\/kidsplay-logo.png","width":451,"height":98,"caption":"KidsPlay"},"image":{"@id":"https:\/\/kidsplay.lt\/#\/schema\/logo\/image\/"},"sameAs":["https:\/\/www.facebook.com\/www.kidsplay.lt"]}]}},"_links":{"self":[{"href":"https:\/\/kidsplay.lt\/lv\/wp-json\/wp\/v2\/product\/65554","targetHints":{"allow":["GET"]}}],"collection":[{"href":"https:\/\/kidsplay.lt\/lv\/wp-json\/wp\/v2\/product"}],"about":[{"href":"https:\/\/kidsplay.lt\/lv\/wp-json\/wp\/v2\/types\/product"}],"version-history":[{"count":4,"href":"https:\/\/kidsplay.lt\/lv\/wp-json\/wp\/v2\/product\/65554\/revisions"}],"predecessor-version":[{"id":74425,"href":"https:\/\/kidsplay.lt\/lv\/wp-json\/wp\/v2\/product\/65554\/revisions\/74425"}],"wp:featuredmedia":[{"embeddable":true,"href":"https:\/\/kidsplay.lt\/lv\/wp-json\/wp\/v2\/media\/65555"}],"wp:attachment":[{"href":"https:\/\/kidsplay.lt\/lv\/wp-json\/wp\/v2\/media?parent=65554"}],"wp:term":[{"taxonomy":"product_brand","embeddable":true,"href":"https:\/\/kidsplay.lt\/lv\/wp-json\/wp\/v2\/product_brand?post=65554"},{"taxonomy":"product_cat","embeddable":true,"href":"https:\/\/kidsplay.lt\/lv\/wp-json\/wp\/v2\/product_cat?post=65554"},{"taxonomy":"product_tag","embeddable":true,"href":"https:\/\/kidsplay.lt\/lv\/wp-json\/wp\/v2\/product_tag?post=65554"}],"curies":[{"name":"wp","href":"https:\/\/api.w.org\/{rel}","templated":true}]}}