{"id":65563,"date":"2025-09-24T11:25:32","date_gmt":"2025-09-24T08:25:32","guid":{"rendered":"https:\/\/kidsplay.lt\/?post_type=product&#038;p=65563"},"modified":"2025-12-29T19:07:39","modified_gmt":"2025-12-29T17:07:39","slug":"paw-patrol-advento-kalendorius-2","status":"publish","type":"product","link":"https:\/\/kidsplay.lt\/lv\/products\/paw-patrol-advento-kalendorius-2\/","title":{"rendered":"\u0136epu patru\u013cas adventes kalend\u0101rs"},"content":{"rendered":"<div class=\"mpof_ki myre_zn myre_8v_l m389_6m_l\">\n<div class=\"mp4t_16_s mryx_16_s mr3m_1 mli2_1 mh85_56 mh85_0_l\">\n<div class=\"mgn2_16 _0d3bd_am0a-\">\n<h1><span dir=\"auto\">PAW PATROL ADVENTO KALENDORIAUS FIG\u016aR\u0116L\u0116S \u017dAISLAI AKSESUARAI<\/span><\/h1>\n<\/div>\n<\/div>\n<\/div>\n<div class=\"mpof_ki myre_zn myre_8v_l m389_6m_l\">\n<div class=\"mp4t_16_s mryx_16_s mr3m_1 mli2_1 mh85_56 mh85_0_l\">\n<div class=\"mg9e_8 mj7a_8 mg9e_0_s mvrt_0_s mj7a_0_s mh36_0_s mzmg_6m munh_16_l m3h2_16_l\">\n<div class=\"mp4t_0 mryx_0 munh_56 m3h2_56\">\n<div class=\"mp7g_oh\"><button class=\"mg9e_0 mvrt_0 mj7a_0 mh36_0 mp4t_0 m3h2_0 mryx_0 munh_0 mqen_m6 mpof_z0 mx7m_0 m7er_k4 mse2_k4 msts_pt\" data-analytics-interaction=\"true\" data-analytics-interaction-label=\"zoomable-image-open\" aria-disabled=\"true\"><img decoding=\"async\" class=\"msub_k4 mupj_5k mjru_k4 mse2_k4 mp7g_f6 mq1m_0 mj7u_0 m7er_k4 mqen_m6 m31c_d8 m0ux_fp lazyloaded\" src=\"https:\/\/a.allegroimg.com\/original\/117030\/c0c2a7f04f148e2bf181b09346fa\/Kalendarz-adwentowy-Spin-Master-Psi-Patrol-Wiek-dziecka-3-lata\" sizes=\"(min-width: 1200px) 560px, (min-width: 992px) 50vw, 100vw\" srcset=\"https:\/\/a.allegroimg.com\/s360\/117030\/c0c2a7f04f148e2bf181b09346fa\/Kalendarz-adwentowy-Spin-Master-Psi-Patrol-Wiek-dziecka-3-lata 360w,https:\/\/a.allegroimg.com\/s720\/117030\/c0c2a7f04f148e2bf181b09346fa\/Kalendarz-adwentowy-Spin-Master-Psi-Patrol-Wiek-dziecka-3-lata 720w,https:\/\/a.allegroimg.com\/s1024\/117030\/c0c2a7f04f148e2bf181b09346fa\/Kalendarz-adwentowy-Spin-Master-Psi-Patrol-Wiek-dziecka-3-lata 1024w,https:\/\/a.allegroimg.com\/s1440\/117030\/c0c2a7f04f148e2bf181b09346fa\/Kalendarz-adwentowy-Spin-Master-Psi-Patrol-Wiek-dziecka-3-lata 1440w,https:\/\/a.allegroimg.com\/original\/117030\/c0c2a7f04f148e2bf181b09346fa\/Kalendarz-adwentowy-Spin-Master-Psi-Patrol-Wiek-dziecka-3-lata 1500w\" alt=\"\u201eSpin Master\u201c \u201ePaw Patrol\u201c advento kalendorius, skirtas vaikams nuo 3 met\u0173 am\u017eiaus\" width=\"1500px\" data-srcset=\"\" \/><\/button><\/div>\n<\/div>\n<\/div>\n<\/div>\n<div class=\"mp4t_16_s mryx_16_s mr3m_1 mli2_1 mh85_56 mh85_0_l\">\n<div class=\"mgn2_16 _0d3bd_am0a-\">\n<p><span dir=\"auto\">LET\u0172 PATRULIS ADVENTO KALENDORIUS<\/span><\/p>\n<ul>\n<li><span dir=\"auto\">Diena po dienos atidarykite rinkinio langus ir kiekvien\u0105 dien\u0105 atraskite nauj\u0105 fig\u016br\u0117l\u0119.<\/span><\/li>\n<li><span dir=\"auto\">Skai\u010diuokite Kal\u0117das su \u201ePaw Patrol\u201c Advento kalendoriumi!<\/span><\/li>\n<li><span dir=\"auto\">Yra 24 dovanos, kurias reikia rasti, o u\u017e kiekvien\u0173 dureli\u0173 visada slypi nauja staigmena.<\/span><\/li>\n<li><span dir=\"auto\">Vaikai atras savo m\u0117gstamiausius \u0161uniukus, tokius kaip Kal\u0117d\u0173 Senelis \u010ceisas, Rudolfas Mar\u0161alas, Skajaus, Rublio, Everesto, Rokio ir Zumos, pasipuo\u0161usius \u0161vent\u0117ms, pingvin\u0105, sniego sen\u012f, arkli\u0173 traukiam\u0105 ve\u017eim\u0105 ir \u010cikalet\u0105 su skryb\u0117le!<\/span><\/li>\n<li><span dir=\"auto\">Atidarius visas 24 dovanas, vaikai gali pasitelkti savo vaizduot\u0119 ir sukurti snieguot\u0105 dien\u0105, kupin\u0105 nuotyki\u0173, o tada i\u0161si\u0173sti \u0161uniukus ir j\u0173 draugus \u012f \u012fdomias \u0161ventines misijas!<\/span><\/li>\n<li><span dir=\"auto\">Vaiko u\u017eduotis \u2013 atrasti staigmenas po 24 Advento kalendoriaus durel\u0117mis.<\/span><\/li>\n<li><span dir=\"auto\">Advento kalendorius \u2013 puiki dovanos id\u0117ja.<\/span><\/li>\n<li><span dir=\"auto\">Kas slypi u\u017e u\u017edar\u0173 kalendoriaus dur\u0173?<\/span><\/li>\n<\/ul>\n<\/div>\n<\/div>\n<\/div>\n<div class=\"mpof_ki myre_zn myre_8v_l m389_6m_l\">\n<div class=\"mp4t_16_s mryx_16_s mr3m_1 mli2_1 mh85_56 mh85_0_l\">\n<div class=\"mg9e_8 mj7a_8 mg9e_0_s mvrt_0_s mj7a_0_s mh36_0_s mzmg_6m munh_16_l m3h2_16_l\">\n<div class=\"mp4t_0 mryx_0 munh_56 m3h2_56\">\n<div class=\"mp7g_oh\"><button class=\"mg9e_0 mvrt_0 mj7a_0 mh36_0 mp4t_0 m3h2_0 mryx_0 munh_0 mqen_m6 mpof_z0 mx7m_0 m7er_k4 mse2_k4 msts_pt\" data-analytics-interaction=\"true\" data-analytics-interaction-label=\"zoomable-image-open\" aria-disabled=\"true\"><img decoding=\"async\" class=\"msub_k4 mupj_5k mjru_k4 mse2_k4 mp7g_f6 mq1m_0 mj7u_0 m7er_k4 mqen_m6 m31c_d8 m0ux_fp lazyloaded\" src=\"https:\/\/a.allegroimg.com\/original\/117030\/c0c2a7f04f148e2bf181b09346fa\/Kalendarz-adwentowy-Spin-Master-Psi-Patrol-Wiek-dziecka-3-lata\" sizes=\"100vw\" srcset=\"https:\/\/a.allegroimg.com\/s360\/117030\/c0c2a7f04f148e2bf181b09346fa\/Kalendarz-adwentowy-Spin-Master-Psi-Patrol-Wiek-dziecka-3-lata 360w,https:\/\/a.allegroimg.com\/s720\/117030\/c0c2a7f04f148e2bf181b09346fa\/Kalendarz-adwentowy-Spin-Master-Psi-Patrol-Wiek-dziecka-3-lata 720w,https:\/\/a.allegroimg.com\/s1024\/117030\/c0c2a7f04f148e2bf181b09346fa\/Kalendarz-adwentowy-Spin-Master-Psi-Patrol-Wiek-dziecka-3-lata 1024w,https:\/\/a.allegroimg.com\/s1440\/117030\/c0c2a7f04f148e2bf181b09346fa\/Kalendarz-adwentowy-Spin-Master-Psi-Patrol-Wiek-dziecka-3-lata 1440w,https:\/\/a.allegroimg.com\/original\/117030\/c0c2a7f04f148e2bf181b09346fa\/Kalendarz-adwentowy-Spin-Master-Psi-Patrol-Wiek-dziecka-3-lata 1500w\" alt=\"\u201eSpin Master\u201c \u201ePaw Patrol\u201c advento kalendorius, skirtas vaikams nuo 3 met\u0173 am\u017eiaus\" width=\"1500px\" data-srcset=\"\" \/><\/button><\/div>\n<\/div>\n<\/div>\n<\/div>\n<\/div>\n<div class=\"mpof_ki myre_zn myre_8v_l m389_6m_l\">\n<div class=\"mp4t_16_s mryx_16_s mr3m_1 mli2_1 mh85_56 mh85_0_l\">\n<div class=\"mg9e_8 mj7a_8 mg9e_0_s mvrt_0_s mj7a_0_s mh36_0_s mzmg_6m munh_16_l m3h2_16_l\">\n<div class=\"mp4t_0 mryx_0 munh_56 m3h2_56\">\n<div class=\"mp7g_oh\"><button class=\"mg9e_0 mvrt_0 mj7a_0 mh36_0 mp4t_0 m3h2_0 mryx_0 munh_0 mqen_m6 mpof_z0 mx7m_0 m7er_k4 mse2_k4 msts_pt\" data-analytics-interaction=\"true\" data-analytics-interaction-label=\"zoomable-image-open\" aria-disabled=\"true\"><img decoding=\"async\" class=\"msub_k4 mupj_5k mjru_k4 mse2_k4 mp7g_f6 mq1m_0 mj7u_0 m7er_k4 mqen_m6 m31c_d8 m0ux_fp lazyloaded\" src=\"https:\/\/a.allegroimg.com\/original\/11d1ca\/1fd729f64a699f59e24a2dd3a0b9\/Kalendarz-adwentowy-Spin-Master-Psi-Patrol-Bohater-Bajka-Psi-Patrol\" sizes=\"100vw\" srcset=\"https:\/\/a.allegroimg.com\/s360\/11d1ca\/1fd729f64a699f59e24a2dd3a0b9\/Kalendarz-adwentowy-Spin-Master-Psi-Patrol-Bohater-Bajka-Psi-Patrol 360w,https:\/\/a.allegroimg.com\/s720\/11d1ca\/1fd729f64a699f59e24a2dd3a0b9\/Kalendarz-adwentowy-Spin-Master-Psi-Patrol-Bohater-Bajka-Psi-Patrol 720w,https:\/\/a.allegroimg.com\/s1024\/11d1ca\/1fd729f64a699f59e24a2dd3a0b9\/Kalendarz-adwentowy-Spin-Master-Psi-Patrol-Bohater-Bajka-Psi-Patrol 1024w,https:\/\/a.allegroimg.com\/s1440\/11d1ca\/1fd729f64a699f59e24a2dd3a0b9\/Kalendarz-adwentowy-Spin-Master-Psi-Patrol-Bohater-Bajka-Psi-Patrol 1440w,https:\/\/a.allegroimg.com\/original\/11d1ca\/1fd729f64a699f59e24a2dd3a0b9\/Kalendarz-adwentowy-Spin-Master-Psi-Patrol-Bohater-Bajka-Psi-Patrol 1500w\" alt=\"\u201eSpin Master\u201c \u201ePaw Patrol\u201c herojaus advento kalendorius \/ \u201ePaw Patrol\u201c pasaka\" width=\"1500px\" data-srcset=\"\" \/><\/button><\/div>\n<\/div>\n<\/div>\n<\/div>\n<\/div>\n<div class=\"mpof_ki myre_zn myre_8v_l m389_6m_l\">\n<div class=\"mp4t_16_s mryx_16_s mr3m_1 mli2_1 mh85_56 mh85_0_l\">\n<div class=\"mg9e_8 mj7a_8 mg9e_0_s mvrt_0_s mj7a_0_s mh36_0_s mzmg_6m munh_16_l m3h2_16_l\">\n<div class=\"mp4t_0 mryx_0 munh_56 m3h2_56\">\n<div class=\"mp7g_oh\"><button class=\"mg9e_0 mvrt_0 mj7a_0 mh36_0 mp4t_0 m3h2_0 mryx_0 munh_0 mqen_m6 mpof_z0 mx7m_0 m7er_k4 mse2_k4 msts_pt\" data-analytics-interaction=\"true\" data-analytics-interaction-label=\"zoomable-image-open\" aria-disabled=\"true\"><img decoding=\"async\" class=\"msub_k4 mupj_5k mjru_k4 mse2_k4 mp7g_f6 mq1m_0 mj7u_0 m7er_k4 mqen_m6 m31c_d8 m0ux_fp lazyloaded\" src=\"https:\/\/a.allegroimg.com\/original\/11f0ae\/e0d998c343018f4cc62103fd960b\/Kalendarz-adwentowy-Spin-Master-Psi-Patrol-Model-Advent-Calendar\" sizes=\"100vw\" srcset=\"https:\/\/a.allegroimg.com\/s360\/11f0ae\/e0d998c343018f4cc62103fd960b\/Kalendarz-adwentowy-Spin-Master-Psi-Patrol-Model-Advent-Calendar 360w,https:\/\/a.allegroimg.com\/s720\/11f0ae\/e0d998c343018f4cc62103fd960b\/Kalendarz-adwentowy-Spin-Master-Psi-Patrol-Model-Advent-Calendar 720w,https:\/\/a.allegroimg.com\/s1024\/11f0ae\/e0d998c343018f4cc62103fd960b\/Kalendarz-adwentowy-Spin-Master-Psi-Patrol-Model-Advent-Calendar 1024w,https:\/\/a.allegroimg.com\/s1440\/11f0ae\/e0d998c343018f4cc62103fd960b\/Kalendarz-adwentowy-Spin-Master-Psi-Patrol-Model-Advent-Calendar 1440w,https:\/\/a.allegroimg.com\/original\/11f0ae\/e0d998c343018f4cc62103fd960b\/Kalendarz-adwentowy-Spin-Master-Psi-Patrol-Model-Advent-Calendar 1500w\" alt=\"\u201eSpin Master\u201c \u201ePaw Patrol\u201c modelio advento kalendorius\" width=\"1500px\" data-srcset=\"\" \/><\/button><\/div>\n<\/div>\n<\/div>\n<\/div>\n<\/div>\n<div class=\"mpof_ki myre_zn myre_8v_l m389_6m_l\">\n<div class=\"mp4t_16_s mryx_16_s mr3m_1 mli2_1 mh85_56 mh85_0_l\">\n<div class=\"mg9e_8 mj7a_8 mg9e_0_s mvrt_0_s mj7a_0_s mh36_0_s mzmg_6m munh_16_l m3h2_16_l\">\n<div class=\"mp4t_0 mryx_0 munh_56 m3h2_56\">\n<div class=\"mp7g_oh\"><button class=\"mg9e_0 mvrt_0 mj7a_0 mh36_0 mp4t_0 m3h2_0 mryx_0 munh_0 mqen_m6 mpof_z0 mx7m_0 m7er_k4 mse2_k4 msts_pt\" data-analytics-interaction=\"true\" data-analytics-interaction-label=\"zoomable-image-open\" aria-disabled=\"true\"><img decoding=\"async\" class=\"msub_k4 mupj_5k mjru_k4 mse2_k4 mp7g_f6 mq1m_0 mj7u_0 m7er_k4 mqen_m6 m31c_d8 m0ux_fp lazyloaded\" src=\"https:\/\/a.allegroimg.com\/original\/115c77\/5f6b57f64733b98771210754359c\/Kalendarz-adwentowy-Spin-Master-Psi-Patrol-Informacje-dot-bezpieczenstwa-i-zgodnosci-produktu-Do-uzytku-pod-bezposrednim-nadzorem-osoby-doroslej-Nie-nadaje-sie-dla-dzieci-w-wieku-ponizej-36-miesiecy\" sizes=\"100vw\" srcset=\"https:\/\/a.allegroimg.com\/s360\/115c77\/5f6b57f64733b98771210754359c\/Kalendarz-adwentowy-Spin-Master-Psi-Patrol-Informacje-dot-bezpieczenstwa-i-zgodnosci-produktu-Do-uzytku-pod-bezposrednim-nadzorem-osoby-doroslej-Nie-nadaje-sie-dla-dzieci-w-wieku-ponizej-36-miesiecy 360w,https:\/\/a.allegroimg.com\/s720\/115c77\/5f6b57f64733b98771210754359c\/Kalendarz-adwentowy-Spin-Master-Psi-Patrol-Informacje-dot-bezpieczenstwa-i-zgodnosci-produktu-Do-uzytku-pod-bezposrednim-nadzorem-osoby-doroslej-Nie-nadaje-sie-dla-dzieci-w-wieku-ponizej-36-miesiecy 720w,https:\/\/a.allegroimg.com\/s1024\/115c77\/5f6b57f64733b98771210754359c\/Kalendarz-adwentowy-Spin-Master-Psi-Patrol-Informacje-dot-bezpieczenstwa-i-zgodnosci-produktu-Do-uzytku-pod-bezposrednim-nadzorem-osoby-doroslej-Nie-nadaje-sie-dla-dzieci-w-wieku-ponizej-36-miesiecy 1024w,https:\/\/a.allegroimg.com\/s1440\/115c77\/5f6b57f64733b98771210754359c\/Kalendarz-adwentowy-Spin-Master-Psi-Patrol-Informacje-dot-bezpieczenstwa-i-zgodnosci-produktu-Do-uzytku-pod-bezposrednim-nadzorem-osoby-doroslej-Nie-nadaje-sie-dla-dzieci-w-wieku-ponizej-36-miesiecy 1440w,https:\/\/a.allegroimg.com\/original\/115c77\/5f6b57f64733b98771210754359c\/Kalendarz-adwentowy-Spin-Master-Psi-Patrol-Informacje-dot-bezpieczenstwa-i-zgodnosci-produktu-Do-uzytku-pod-bezposrednim-nadzorem-osoby-doroslej-Nie-nadaje-sie-dla-dzieci-w-wieku-ponizej-36-miesiecy 1500w\" alt=\"\u201eSpin Master Paw Patrol\u201c advento kalendoriaus gaminio saugos ir atitikties informacija. Naudoti tik pri\u017ei\u016brint suaugusiajam. Netinka vaikams iki 36 m\u0117nesi\u0173.\" width=\"1500px\" data-srcset=\"\" \/><\/button><\/div>\n<\/div>\n<\/div>\n<\/div>\n<\/div>","protected":false},"excerpt":{"rendered":"<p>\u0136epu patru\u013cas adventes kalend\u0101rs<\/p>","protected":false},"featured_media":65564,"template":"","meta":{"_acf_changed":false,"_glsr_average":0,"_glsr_ranking":0,"_glsr_reviews":0},"product_brand":[],"product_cat":[360,372],"product_tag":[],"class_list":{"0":"post-65563","1":"product","2":"type-product","3":"status-publish","4":"has-post-thumbnail","6":"product_cat-advento-kalendoriai","7":"product_cat-vaiku-sventems","8":"\"style=\"background-color: #2ecc711c;\"","10":"first","11":"instock","12":"sale","13":"shipping-taxable","14":"purchasable","15":"product-type-simple"},"acf":[],"yoast_head":"<!-- This site is optimized with the Yoast SEO plugin v27.3 - https:\/\/yoast.com\/product\/yoast-seo-wordpress\/ -->\n<title>Paw Patrol advento kalendorius - KidsPlay<\/title>\n<meta name=\"description\" content=\"Paw Patrol advento kalendorius\" \/>\n<meta name=\"robots\" content=\"index, follow, max-snippet:-1, max-image-preview:large, max-video-preview:-1\" \/>\n<link rel=\"canonical\" href=\"https:\/\/kidsplay.lt\/lv\/products\/paw-patrol-advento-kalendorius-2\/\" \/>\n<meta property=\"og:locale\" content=\"lv_LV\" \/>\n<meta property=\"og:type\" content=\"article\" \/>\n<meta property=\"og:title\" content=\"Paw Patrol advento kalendorius - KidsPlay\" \/>\n<meta property=\"og:description\" content=\"Paw Patrol advento kalendorius\" \/>\n<meta property=\"og:url\" content=\"https:\/\/kidsplay.lt\/lv\/products\/paw-patrol-advento-kalendorius-2\/\" \/>\n<meta property=\"og:site_name\" content=\"KidsPlay\" \/>\n<meta property=\"article:publisher\" content=\"https:\/\/www.facebook.com\/www.kidsplay.lt\" \/>\n<meta property=\"article:modified_time\" content=\"2025-12-29T17:07:39+00:00\" \/>\n<meta property=\"og:image\" content=\"https:\/\/kidsplay.lt\/wp-content\/uploads\/2025\/09\/Screenshot_645.png\" \/>\n\t<meta property=\"og:image:width\" content=\"505\" \/>\n\t<meta property=\"og:image:height\" content=\"361\" \/>\n\t<meta property=\"og:image:type\" content=\"image\/png\" \/>\n<meta name=\"twitter:card\" content=\"summary_large_image\" \/>\n<meta name=\"twitter:label1\" content=\"Est. reading time\" \/>\n\t<meta name=\"twitter:data1\" content=\"2 min\u016btes\" \/>\n<script type=\"application\/ld+json\" class=\"yoast-schema-graph\">{\"@context\":\"https:\\\/\\\/schema.org\",\"@graph\":[{\"@type\":\"WebPage\",\"@id\":\"https:\\\/\\\/kidsplay.lt\\\/produktas\\\/paw-patrol-advento-kalendorius-2\\\/\",\"url\":\"https:\\\/\\\/kidsplay.lt\\\/produktas\\\/paw-patrol-advento-kalendorius-2\\\/\",\"name\":\"Paw Patrol advento kalendorius - KidsPlay\",\"isPartOf\":{\"@id\":\"https:\\\/\\\/kidsplay.lt\\\/#website\"},\"primaryImageOfPage\":{\"@id\":\"https:\\\/\\\/kidsplay.lt\\\/produktas\\\/paw-patrol-advento-kalendorius-2\\\/#primaryimage\"},\"image\":{\"@id\":\"https:\\\/\\\/kidsplay.lt\\\/produktas\\\/paw-patrol-advento-kalendorius-2\\\/#primaryimage\"},\"thumbnailUrl\":\"https:\\\/\\\/kidsplay.lt\\\/wp-content\\\/uploads\\\/2025\\\/09\\\/Screenshot_645.png\",\"datePublished\":\"2025-09-24T08:25:32+00:00\",\"dateModified\":\"2025-12-29T17:07:39+00:00\",\"description\":\"Paw Patrol advento kalendorius\",\"breadcrumb\":{\"@id\":\"https:\\\/\\\/kidsplay.lt\\\/produktas\\\/paw-patrol-advento-kalendorius-2\\\/#breadcrumb\"},\"inLanguage\":\"lv-LV\",\"potentialAction\":[{\"@type\":\"ReadAction\",\"target\":[\"https:\\\/\\\/kidsplay.lt\\\/produktas\\\/paw-patrol-advento-kalendorius-2\\\/\"]}]},{\"@type\":\"ImageObject\",\"inLanguage\":\"lv-LV\",\"@id\":\"https:\\\/\\\/kidsplay.lt\\\/produktas\\\/paw-patrol-advento-kalendorius-2\\\/#primaryimage\",\"url\":\"https:\\\/\\\/kidsplay.lt\\\/wp-content\\\/uploads\\\/2025\\\/09\\\/Screenshot_645.png\",\"contentUrl\":\"https:\\\/\\\/kidsplay.lt\\\/wp-content\\\/uploads\\\/2025\\\/09\\\/Screenshot_645.png\",\"width\":505,\"height\":361},{\"@type\":\"BreadcrumbList\",\"@id\":\"https:\\\/\\\/kidsplay.lt\\\/produktas\\\/paw-patrol-advento-kalendorius-2\\\/#breadcrumb\",\"itemListElement\":[{\"@type\":\"ListItem\",\"position\":1,\"name\":\"Pagrindinis\",\"item\":\"https:\\\/\\\/kidsplay.lt\\\/\"},{\"@type\":\"ListItem\",\"position\":2,\"name\":\"Parduotuv\u0117\",\"item\":\"https:\\\/\\\/kidsplay.lt\\\/parduotuve\\\/\"},{\"@type\":\"ListItem\",\"position\":3,\"name\":\"Paw Patrol advento kalendorius\"}]},{\"@type\":\"WebSite\",\"@id\":\"https:\\\/\\\/kidsplay.lt\\\/#website\",\"url\":\"https:\\\/\\\/kidsplay.lt\\\/\",\"name\":\"Kidsplay.lt\",\"description\":\"\u012evairios prek\u0117s vaikams\",\"publisher\":{\"@id\":\"https:\\\/\\\/kidsplay.lt\\\/#organization\"},\"alternateName\":\"Kidsplay\",\"potentialAction\":[{\"@type\":\"SearchAction\",\"target\":{\"@type\":\"EntryPoint\",\"urlTemplate\":\"https:\\\/\\\/kidsplay.lt\\\/?s={search_term_string}\"},\"query-input\":{\"@type\":\"PropertyValueSpecification\",\"valueRequired\":true,\"valueName\":\"search_term_string\"}}],\"inLanguage\":\"lv-LV\"},{\"@type\":\"Organization\",\"@id\":\"https:\\\/\\\/kidsplay.lt\\\/#organization\",\"name\":\"KidsPlay\",\"url\":\"https:\\\/\\\/kidsplay.lt\\\/\",\"logo\":{\"@type\":\"ImageObject\",\"inLanguage\":\"lv-LV\",\"@id\":\"https:\\\/\\\/kidsplay.lt\\\/#\\\/schema\\\/logo\\\/image\\\/\",\"url\":\"https:\\\/\\\/kidsplay.lt\\\/wp-content\\\/uploads\\\/2023\\\/07\\\/kidsplay-logo.png\",\"contentUrl\":\"https:\\\/\\\/kidsplay.lt\\\/wp-content\\\/uploads\\\/2023\\\/07\\\/kidsplay-logo.png\",\"width\":451,\"height\":98,\"caption\":\"KidsPlay\"},\"image\":{\"@id\":\"https:\\\/\\\/kidsplay.lt\\\/#\\\/schema\\\/logo\\\/image\\\/\"},\"sameAs\":[\"https:\\\/\\\/www.facebook.com\\\/www.kidsplay.lt\"]}]}<\/script>\n<!-- \/ Yoast SEO plugin. -->","yoast_head_json":{"title":"Paw Patrol advento kalendorius - KidsPlay","description":"\u0136epu patru\u013cas adventes kalend\u0101rs","robots":{"index":"index","follow":"follow","max-snippet":"max-snippet:-1","max-image-preview":"max-image-preview:large","max-video-preview":"max-video-preview:-1"},"canonical":"https:\/\/kidsplay.lt\/lv\/products\/paw-patrol-advento-kalendorius-2\/","og_locale":"lv_LV","og_type":"article","og_title":"Paw Patrol advento kalendorius - KidsPlay","og_description":"Paw Patrol advento kalendorius","og_url":"https:\/\/kidsplay.lt\/lv\/products\/paw-patrol-advento-kalendorius-2\/","og_site_name":"KidsPlay","article_publisher":"https:\/\/www.facebook.com\/www.kidsplay.lt","article_modified_time":"2025-12-29T17:07:39+00:00","og_image":[{"width":505,"height":361,"url":"https:\/\/kidsplay.lt\/wp-content\/uploads\/2025\/09\/Screenshot_645.png","type":"image\/png"}],"twitter_card":"summary_large_image","twitter_misc":{"Est. reading time":"2 min\u016btes"},"schema":{"@context":"https:\/\/schema.org","@graph":[{"@type":"WebPage","@id":"https:\/\/kidsplay.lt\/produktas\/paw-patrol-advento-kalendorius-2\/","url":"https:\/\/kidsplay.lt\/produktas\/paw-patrol-advento-kalendorius-2\/","name":"Paw Patrol advento kalendorius - KidsPlay","isPartOf":{"@id":"https:\/\/kidsplay.lt\/#website"},"primaryImageOfPage":{"@id":"https:\/\/kidsplay.lt\/produktas\/paw-patrol-advento-kalendorius-2\/#primaryimage"},"image":{"@id":"https:\/\/kidsplay.lt\/produktas\/paw-patrol-advento-kalendorius-2\/#primaryimage"},"thumbnailUrl":"https:\/\/kidsplay.lt\/wp-content\/uploads\/2025\/09\/Screenshot_645.png","datePublished":"2025-09-24T08:25:32+00:00","dateModified":"2025-12-29T17:07:39+00:00","description":"\u0136epu patru\u013cas adventes kalend\u0101rs","breadcrumb":{"@id":"https:\/\/kidsplay.lt\/produktas\/paw-patrol-advento-kalendorius-2\/#breadcrumb"},"inLanguage":"lv-LV","potentialAction":[{"@type":"ReadAction","target":["https:\/\/kidsplay.lt\/produktas\/paw-patrol-advento-kalendorius-2\/"]}]},{"@type":"ImageObject","inLanguage":"lv-LV","@id":"https:\/\/kidsplay.lt\/produktas\/paw-patrol-advento-kalendorius-2\/#primaryimage","url":"https:\/\/kidsplay.lt\/wp-content\/uploads\/2025\/09\/Screenshot_645.png","contentUrl":"https:\/\/kidsplay.lt\/wp-content\/uploads\/2025\/09\/Screenshot_645.png","width":505,"height":361},{"@type":"BreadcrumbList","@id":"https:\/\/kidsplay.lt\/produktas\/paw-patrol-advento-kalendorius-2\/#breadcrumb","itemListElement":[{"@type":"ListItem","position":1,"name":"Pagrindinis","item":"https:\/\/kidsplay.lt\/"},{"@type":"ListItem","position":2,"name":"Parduotuv\u0117","item":"https:\/\/kidsplay.lt\/parduotuve\/"},{"@type":"ListItem","position":3,"name":"Paw Patrol advento kalendorius"}]},{"@type":"WebSite","@id":"https:\/\/kidsplay.lt\/#website","url":"https:\/\/kidsplay.lt\/","name":"B\u0113rnu sp\u0113les.lv","description":"\u012evairios prek\u0117s vaikams","publisher":{"@id":"https:\/\/kidsplay.lt\/#organization"},"alternateName":"Kidsplay","potentialAction":[{"@type":"SearchAction","target":{"@type":"EntryPoint","urlTemplate":"https:\/\/kidsplay.lt\/?s={search_term_string}"},"query-input":{"@type":"PropertyValueSpecification","valueRequired":true,"valueName":"search_term_string"}}],"inLanguage":"lv-LV"},{"@type":"Organization","@id":"https:\/\/kidsplay.lt\/#organization","name":"B\u0113rnu sp\u0113le","url":"https:\/\/kidsplay.lt\/","logo":{"@type":"ImageObject","inLanguage":"lv-LV","@id":"https:\/\/kidsplay.lt\/#\/schema\/logo\/image\/","url":"https:\/\/kidsplay.lt\/wp-content\/uploads\/2023\/07\/kidsplay-logo.png","contentUrl":"https:\/\/kidsplay.lt\/wp-content\/uploads\/2023\/07\/kidsplay-logo.png","width":451,"height":98,"caption":"KidsPlay"},"image":{"@id":"https:\/\/kidsplay.lt\/#\/schema\/logo\/image\/"},"sameAs":["https:\/\/www.facebook.com\/www.kidsplay.lt"]}]}},"_links":{"self":[{"href":"https:\/\/kidsplay.lt\/lv\/wp-json\/wp\/v2\/product\/65563","targetHints":{"allow":["GET"]}}],"collection":[{"href":"https:\/\/kidsplay.lt\/lv\/wp-json\/wp\/v2\/product"}],"about":[{"href":"https:\/\/kidsplay.lt\/lv\/wp-json\/wp\/v2\/types\/product"}],"version-history":[{"count":3,"href":"https:\/\/kidsplay.lt\/lv\/wp-json\/wp\/v2\/product\/65563\/revisions"}],"predecessor-version":[{"id":73959,"href":"https:\/\/kidsplay.lt\/lv\/wp-json\/wp\/v2\/product\/65563\/revisions\/73959"}],"wp:featuredmedia":[{"embeddable":true,"href":"https:\/\/kidsplay.lt\/lv\/wp-json\/wp\/v2\/media\/65564"}],"wp:attachment":[{"href":"https:\/\/kidsplay.lt\/lv\/wp-json\/wp\/v2\/media?parent=65563"}],"wp:term":[{"taxonomy":"product_brand","embeddable":true,"href":"https:\/\/kidsplay.lt\/lv\/wp-json\/wp\/v2\/product_brand?post=65563"},{"taxonomy":"product_cat","embeddable":true,"href":"https:\/\/kidsplay.lt\/lv\/wp-json\/wp\/v2\/product_cat?post=65563"},{"taxonomy":"product_tag","embeddable":true,"href":"https:\/\/kidsplay.lt\/lv\/wp-json\/wp\/v2\/product_tag?post=65563"}],"curies":[{"name":"wp","href":"https:\/\/api.w.org\/{rel}","templated":true}]}}