{"id":65598,"date":"2025-09-24T11:37:26","date_gmt":"2025-09-24T08:37:26","guid":{"rendered":"https:\/\/kidsplay.lt\/?post_type=product&#038;p=65598"},"modified":"2026-04-19T09:57:18","modified_gmt":"2026-04-19T06:57:18","slug":"minecraft-patalynes-komplektas","status":"publish","type":"product","link":"https:\/\/kidsplay.lt\/lv\/products\/minecraft-patalynes-komplektas\/","title":{"rendered":"Minecraft gultasve\u013cas komplekts"},"content":{"rendered":"<div class=\"mpof_ki myre_zn myre_8v_l m389_6m_l\">\n<div class=\"mp4t_16_s mryx_16_s mr3m_1 mli2_1 mh85_56 mh85_0_l\">\n<div class=\"mgn2_16 _0d3bd_am0a-\">\n<h1><span dir=\"auto\">PATALYN\u0116S KOMPLEKTAS 140&#215;200 MINECRAFT ALEX STEVE CREEPER SKELETON ENDERMAN M\u0116LYNA<\/span><\/h1>\n<\/div>\n<\/div>\n<\/div>\n<div class=\"mpof_ki myre_zn myre_8v_l m389_6m_l\">\n<div class=\"mp4t_16_s mryx_16_s mr3m_1 mli2_1 mh85_56 mh85_0_l\">\n<div class=\"mg9e_8 mj7a_8 mg9e_0_s mvrt_0_s mj7a_0_s mh36_0_s mzmg_6m munh_16_l m3h2_16_l\">\n<div class=\"mp4t_0 mryx_0 munh_56 m3h2_56\">\n<div class=\"mp7g_oh\"><button class=\"mg9e_0 mvrt_0 mj7a_0 mh36_0 mp4t_0 m3h2_0 mryx_0 munh_0 mqen_m6 mpof_z0 mx7m_0 m7er_k4 mse2_k4 msts_pt\" data-analytics-interaction=\"true\" data-analytics-interaction-label=\"zoomable-image-open\" aria-disabled=\"true\"><img decoding=\"async\" class=\"msub_k4 mupj_5k mjru_k4 mse2_k4 mp7g_f6 mq1m_0 mj7u_0 m7er_k4 mqen_m6 m31c_d8 m0ux_fp lazyloaded\" src=\"https:\/\/a.allegroimg.com\/original\/11b421\/262d20a14452b1cca05db6518934\/POSCIEL-140x200-MINECRAFT-ALEX-STEVE-CREEPER-SKELETON-ENDERMAN-NIEBIESKA\" sizes=\"(min-width: 1200px) 560px, (min-width: 992px) 50vw, 100vw\" srcset=\"https:\/\/a.allegroimg.com\/s360\/11b421\/262d20a14452b1cca05db6518934\/POSCIEL-140x200-MINECRAFT-ALEX-STEVE-CREEPER-SKELETON-ENDERMAN-NIEBIESKA 226w,https:\/\/a.allegroimg.com\/s720\/11b421\/262d20a14452b1cca05db6518934\/POSCIEL-140x200-MINECRAFT-ALEX-STEVE-CREEPER-SKELETON-ENDERMAN-NIEBIESKA 452w,https:\/\/a.allegroimg.com\/s1024\/11b421\/262d20a14452b1cca05db6518934\/POSCIEL-140x200-MINECRAFT-ALEX-STEVE-CREEPER-SKELETON-ENDERMAN-NIEBIESKA 644w,https:\/\/a.allegroimg.com\/original\/11b421\/262d20a14452b1cca05db6518934\/POSCIEL-140x200-MINECRAFT-ALEX-STEVE-CREEPER-SKELETON-ENDERMAN-NIEBIESKA 644w\" alt=\"PATALYN\u0116S KOMPLEKTAS 140x200 MINECRAFT ALEX STEVE CREEPER SKELETON ENDERMAN M\u0116LYNA\" width=\"644px\" data-srcset=\"\" \/><\/button><\/div>\n<\/div>\n<\/div>\n<\/div>\n<div class=\"mp4t_16_s mryx_16_s mr3m_1 mli2_1 mh85_56 mh85_0_l\">\n<div class=\"mgn2_16 _0d3bd_am0a-\">\n<h1><span dir=\"auto\">PATALYN\u0116S KOMPLEKTAS 140&#215;200 MINECRAFT ALEX STEVE CREEPER SKELETON ENDERMAN M\u0116LYNA<\/span><\/h1>\n<h1><span dir=\"auto\">PATALYN\u0116S KOMPLEKTAS 140&#215;200 MINECRAFT ALEX STEVE CREEPER SKELETON ENDERMAN M\u0116LYNA<\/span><\/h1>\n<h2><span dir=\"auto\">Patalyn\u0117s komplektas 140cm x 200cm + Pagalv\u0117s u\u017evalkalas 70cm x 90cm<\/span><\/h2>\n<p><b><span dir=\"auto\">Ra\u0161tas su j\u016bs\u0173 vaiko m\u0117gstamiausiais herojais<\/span><\/b><span dir=\"auto\">\u00a0\u2013 \u201eMinecraft\u201c \u017eaidimo persona\u017eais<\/span><\/p>\n<p><b><span dir=\"auto\">Med\u017eiaga yra 100% poliesteris<\/span><\/b><span dir=\"auto\">\u00a0\u2013 patalyn\u0117 pagaminta i\u0161 mink\u0161tos ir malonios liesti med\u017eiagos, garantuoja patog\u0173 mieg\u0105.<\/span><\/p>\n<p><b><span dir=\"auto\">140&#215;200 dyd\u017eio<\/span><\/b><span dir=\"auto\">\u00a0patalyn\u0117 puikiai tinka\u00a0<\/span><b><span dir=\"auto\">viengul\u0117ms lovoms<\/span><\/b><span dir=\"auto\">\u00a0.<\/span><\/p>\n<p><b><span dir=\"auto\">R\u0101v\u0113jsl\u0113dz\u0113js<\/span><\/b><span dir=\"auto\">\u00a0leid\u017eia lengvai pakeisti patalyn\u0119 ir palaikyti jos \u0161var\u0105.<\/span><\/p>\n<p><b><span dir=\"auto\">\u201eOeko-Tex Standard 100\u201c saugos sertifikatas<\/span><\/b><span dir=\"auto\">\u00a0\u2013 galite b\u016bti tikri, kad med\u017eiagos, i\u0161 kuri\u0173 gaminama patalyn\u0117, neturi pavojing\u0173 pried\u0173.<\/span><\/p>\n<\/div>\n<\/div>\n<\/div>\n<div class=\"mpof_ki myre_zn myre_8v_l m389_6m_l\">\n<div class=\"mp4t_16_s mryx_16_s mr3m_1 mli2_1 mh85_56 mh85_0_l\">\n<div class=\"mg9e_8 mj7a_8 mg9e_0_s mvrt_0_s mj7a_0_s mh36_0_s mzmg_6m munh_16_l m3h2_16_l\">\n<div class=\"mp4t_0 mryx_0 munh_56 m3h2_56\">\n<div class=\"mp7g_oh\"><button class=\"mg9e_0 mvrt_0 mj7a_0 mh36_0 mp4t_0 m3h2_0 mryx_0 munh_0 mqen_m6 mpof_z0 mx7m_0 m7er_k4 mse2_k4 msts_pt\" data-analytics-interaction=\"true\" data-analytics-interaction-label=\"zoomable-image-open\" aria-disabled=\"true\"><img decoding=\"async\" class=\"msub_k4 mupj_5k mjru_k4 mse2_k4 mp7g_f6 mq1m_0 mj7u_0 m7er_k4 mqen_m6 m31c_d8 m0ux_fp lazyloaded\" src=\"https:\/\/a.allegroimg.com\/original\/11b421\/262d20a14452b1cca05db6518934\/POSCIEL-140x200-MINECRAFT-ALEX-STEVE-CREEPER-SKELETON-ENDERMAN-NIEBIESKA\" sizes=\"100vw\" srcset=\"https:\/\/a.allegroimg.com\/s360\/11b421\/262d20a14452b1cca05db6518934\/POSCIEL-140x200-MINECRAFT-ALEX-STEVE-CREEPER-SKELETON-ENDERMAN-NIEBIESKA 226w,https:\/\/a.allegroimg.com\/s720\/11b421\/262d20a14452b1cca05db6518934\/POSCIEL-140x200-MINECRAFT-ALEX-STEVE-CREEPER-SKELETON-ENDERMAN-NIEBIESKA 452w,https:\/\/a.allegroimg.com\/s1024\/11b421\/262d20a14452b1cca05db6518934\/POSCIEL-140x200-MINECRAFT-ALEX-STEVE-CREEPER-SKELETON-ENDERMAN-NIEBIESKA 644w,https:\/\/a.allegroimg.com\/original\/11b421\/262d20a14452b1cca05db6518934\/POSCIEL-140x200-MINECRAFT-ALEX-STEVE-CREEPER-SKELETON-ENDERMAN-NIEBIESKA 644w\" alt=\"PATALYN\u0116S KOMPLEKTAS 140x200 MINECRAFT ALEX STEVE CREEPER SKELETON ENDERMAN M\u0116LYNA\" width=\"644px\" data-srcset=\"\" \/><\/button><\/div>\n<\/div>\n<\/div>\n<\/div>\n<\/div>","protected":false},"excerpt":{"rendered":"<p>Minecraft gultasve\u013cas komplekts<\/p>","protected":false},"featured_media":65599,"template":"","meta":{"_acf_changed":false,"_glsr_average":0,"_glsr_ranking":0,"_glsr_reviews":0},"product_brand":[],"product_cat":[291],"product_tag":[],"class_list":{"0":"post-65598","1":"product","2":"type-product","3":"status-publish","4":"has-post-thumbnail","6":"product_cat-patalynes-komplektai","7":"\"style=\"background-color: #2ecc711c;\"","9":"first","10":"instock","11":"sale","12":"shipping-taxable","13":"purchasable","14":"product-type-simple"},"acf":[],"yoast_head":"<!-- This site is optimized with the Yoast SEO plugin v27.4 - https:\/\/yoast.com\/product\/yoast-seo-wordpress\/ -->\n<title>Minecraft patalyn\u0117s komplektas - KidsPlay<\/title>\n<meta name=\"description\" content=\"Minecraft patalyn\u0117s komplektas\" \/>\n<meta name=\"robots\" content=\"index, follow, max-snippet:-1, max-image-preview:large, max-video-preview:-1\" \/>\n<link rel=\"canonical\" href=\"https:\/\/kidsplay.lt\/lv\/products\/minecraft-patalynes-komplektas\/\" \/>\n<meta property=\"og:locale\" content=\"lv_LV\" \/>\n<meta property=\"og:type\" content=\"article\" \/>\n<meta property=\"og:title\" content=\"Minecraft patalyn\u0117s komplektas - KidsPlay\" \/>\n<meta property=\"og:description\" content=\"Minecraft patalyn\u0117s komplektas\" \/>\n<meta property=\"og:url\" content=\"https:\/\/kidsplay.lt\/lv\/products\/minecraft-patalynes-komplektas\/\" \/>\n<meta property=\"og:site_name\" content=\"KidsPlay\" \/>\n<meta property=\"article:publisher\" content=\"https:\/\/www.facebook.com\/www.kidsplay.lt\" \/>\n<meta property=\"article:modified_time\" content=\"2026-04-19T06:57:18+00:00\" \/>\n<meta property=\"og:image\" content=\"https:\/\/kidsplay.lt\/wp-content\/uploads\/2025\/09\/Screenshot_668.png\" \/>\n\t<meta property=\"og:image:width\" content=\"362\" \/>\n\t<meta property=\"og:image:height\" content=\"481\" \/>\n\t<meta property=\"og:image:type\" content=\"image\/png\" \/>\n<meta name=\"twitter:card\" content=\"summary_large_image\" \/>\n<meta name=\"twitter:label1\" content=\"Est. reading time\" \/>\n\t<meta name=\"twitter:data1\" content=\"2 min\u016btes\" \/>\n<script type=\"application\/ld+json\" class=\"yoast-schema-graph\">{\"@context\":\"https:\\\/\\\/schema.org\",\"@graph\":[{\"@type\":\"WebPage\",\"@id\":\"https:\\\/\\\/kidsplay.lt\\\/produktas\\\/minecraft-patalynes-komplektas\\\/\",\"url\":\"https:\\\/\\\/kidsplay.lt\\\/produktas\\\/minecraft-patalynes-komplektas\\\/\",\"name\":\"Minecraft patalyn\u0117s komplektas - KidsPlay\",\"isPartOf\":{\"@id\":\"https:\\\/\\\/kidsplay.lt\\\/#website\"},\"primaryImageOfPage\":{\"@id\":\"https:\\\/\\\/kidsplay.lt\\\/produktas\\\/minecraft-patalynes-komplektas\\\/#primaryimage\"},\"image\":{\"@id\":\"https:\\\/\\\/kidsplay.lt\\\/produktas\\\/minecraft-patalynes-komplektas\\\/#primaryimage\"},\"thumbnailUrl\":\"https:\\\/\\\/kidsplay.lt\\\/wp-content\\\/uploads\\\/2025\\\/09\\\/Screenshot_668.png\",\"datePublished\":\"2025-09-24T08:37:26+00:00\",\"dateModified\":\"2026-04-19T06:57:18+00:00\",\"description\":\"Minecraft patalyn\u0117s komplektas\",\"breadcrumb\":{\"@id\":\"https:\\\/\\\/kidsplay.lt\\\/produktas\\\/minecraft-patalynes-komplektas\\\/#breadcrumb\"},\"inLanguage\":\"lv-LV\",\"potentialAction\":[{\"@type\":\"ReadAction\",\"target\":[\"https:\\\/\\\/kidsplay.lt\\\/produktas\\\/minecraft-patalynes-komplektas\\\/\"]}]},{\"@type\":\"ImageObject\",\"inLanguage\":\"lv-LV\",\"@id\":\"https:\\\/\\\/kidsplay.lt\\\/produktas\\\/minecraft-patalynes-komplektas\\\/#primaryimage\",\"url\":\"https:\\\/\\\/kidsplay.lt\\\/wp-content\\\/uploads\\\/2025\\\/09\\\/Screenshot_668.png\",\"contentUrl\":\"https:\\\/\\\/kidsplay.lt\\\/wp-content\\\/uploads\\\/2025\\\/09\\\/Screenshot_668.png\",\"width\":362,\"height\":481},{\"@type\":\"BreadcrumbList\",\"@id\":\"https:\\\/\\\/kidsplay.lt\\\/produktas\\\/minecraft-patalynes-komplektas\\\/#breadcrumb\",\"itemListElement\":[{\"@type\":\"ListItem\",\"position\":1,\"name\":\"Pagrindinis\",\"item\":\"https:\\\/\\\/kidsplay.lt\\\/\"},{\"@type\":\"ListItem\",\"position\":2,\"name\":\"Parduotuv\u0117\",\"item\":\"https:\\\/\\\/kidsplay.lt\\\/parduotuve\\\/\"},{\"@type\":\"ListItem\",\"position\":3,\"name\":\"Minecraft patalyn\u0117s komplektas\"}]},{\"@type\":\"WebSite\",\"@id\":\"https:\\\/\\\/kidsplay.lt\\\/#website\",\"url\":\"https:\\\/\\\/kidsplay.lt\\\/\",\"name\":\"Kidsplay.lt\",\"description\":\"\u012evairios prek\u0117s vaikams\",\"publisher\":{\"@id\":\"https:\\\/\\\/kidsplay.lt\\\/#organization\"},\"alternateName\":\"Kidsplay\",\"potentialAction\":[{\"@type\":\"SearchAction\",\"target\":{\"@type\":\"EntryPoint\",\"urlTemplate\":\"https:\\\/\\\/kidsplay.lt\\\/?s={search_term_string}\"},\"query-input\":{\"@type\":\"PropertyValueSpecification\",\"valueRequired\":true,\"valueName\":\"search_term_string\"}}],\"inLanguage\":\"lv-LV\"},{\"@type\":\"Organization\",\"@id\":\"https:\\\/\\\/kidsplay.lt\\\/#organization\",\"name\":\"KidsPlay\",\"url\":\"https:\\\/\\\/kidsplay.lt\\\/\",\"logo\":{\"@type\":\"ImageObject\",\"inLanguage\":\"lv-LV\",\"@id\":\"https:\\\/\\\/kidsplay.lt\\\/#\\\/schema\\\/logo\\\/image\\\/\",\"url\":\"https:\\\/\\\/kidsplay.lt\\\/wp-content\\\/uploads\\\/2023\\\/07\\\/kidsplay-logo.png\",\"contentUrl\":\"https:\\\/\\\/kidsplay.lt\\\/wp-content\\\/uploads\\\/2023\\\/07\\\/kidsplay-logo.png\",\"width\":451,\"height\":98,\"caption\":\"KidsPlay\"},\"image\":{\"@id\":\"https:\\\/\\\/kidsplay.lt\\\/#\\\/schema\\\/logo\\\/image\\\/\"},\"sameAs\":[\"https:\\\/\\\/www.facebook.com\\\/www.kidsplay.lt\"]}]}<\/script>\n<!-- \/ Yoast SEO plugin. -->","yoast_head_json":{"title":"Minecraft patalyn\u0117s komplektas - KidsPlay","description":"Minecraft gultasve\u013cas komplekts","robots":{"index":"index","follow":"follow","max-snippet":"max-snippet:-1","max-image-preview":"max-image-preview:large","max-video-preview":"max-video-preview:-1"},"canonical":"https:\/\/kidsplay.lt\/lv\/products\/minecraft-patalynes-komplektas\/","og_locale":"lv_LV","og_type":"article","og_title":"Minecraft patalyn\u0117s komplektas - KidsPlay","og_description":"Minecraft patalyn\u0117s komplektas","og_url":"https:\/\/kidsplay.lt\/lv\/products\/minecraft-patalynes-komplektas\/","og_site_name":"KidsPlay","article_publisher":"https:\/\/www.facebook.com\/www.kidsplay.lt","article_modified_time":"2026-04-19T06:57:18+00:00","og_image":[{"width":362,"height":481,"url":"https:\/\/kidsplay.lt\/wp-content\/uploads\/2025\/09\/Screenshot_668.png","type":"image\/png"}],"twitter_card":"summary_large_image","twitter_misc":{"Est. reading time":"2 min\u016btes"},"schema":{"@context":"https:\/\/schema.org","@graph":[{"@type":"WebPage","@id":"https:\/\/kidsplay.lt\/produktas\/minecraft-patalynes-komplektas\/","url":"https:\/\/kidsplay.lt\/produktas\/minecraft-patalynes-komplektas\/","name":"Minecraft patalyn\u0117s komplektas - KidsPlay","isPartOf":{"@id":"https:\/\/kidsplay.lt\/#website"},"primaryImageOfPage":{"@id":"https:\/\/kidsplay.lt\/produktas\/minecraft-patalynes-komplektas\/#primaryimage"},"image":{"@id":"https:\/\/kidsplay.lt\/produktas\/minecraft-patalynes-komplektas\/#primaryimage"},"thumbnailUrl":"https:\/\/kidsplay.lt\/wp-content\/uploads\/2025\/09\/Screenshot_668.png","datePublished":"2025-09-24T08:37:26+00:00","dateModified":"2026-04-19T06:57:18+00:00","description":"Minecraft gultasve\u013cas komplekts","breadcrumb":{"@id":"https:\/\/kidsplay.lt\/produktas\/minecraft-patalynes-komplektas\/#breadcrumb"},"inLanguage":"lv-LV","potentialAction":[{"@type":"ReadAction","target":["https:\/\/kidsplay.lt\/produktas\/minecraft-patalynes-komplektas\/"]}]},{"@type":"ImageObject","inLanguage":"lv-LV","@id":"https:\/\/kidsplay.lt\/produktas\/minecraft-patalynes-komplektas\/#primaryimage","url":"https:\/\/kidsplay.lt\/wp-content\/uploads\/2025\/09\/Screenshot_668.png","contentUrl":"https:\/\/kidsplay.lt\/wp-content\/uploads\/2025\/09\/Screenshot_668.png","width":362,"height":481},{"@type":"BreadcrumbList","@id":"https:\/\/kidsplay.lt\/produktas\/minecraft-patalynes-komplektas\/#breadcrumb","itemListElement":[{"@type":"ListItem","position":1,"name":"Pagrindinis","item":"https:\/\/kidsplay.lt\/"},{"@type":"ListItem","position":2,"name":"Parduotuv\u0117","item":"https:\/\/kidsplay.lt\/parduotuve\/"},{"@type":"ListItem","position":3,"name":"Minecraft patalyn\u0117s komplektas"}]},{"@type":"WebSite","@id":"https:\/\/kidsplay.lt\/#website","url":"https:\/\/kidsplay.lt\/","name":"B\u0113rnu sp\u0113les.lv","description":"\u012evairios prek\u0117s vaikams","publisher":{"@id":"https:\/\/kidsplay.lt\/#organization"},"alternateName":"Kidsplay","potentialAction":[{"@type":"SearchAction","target":{"@type":"EntryPoint","urlTemplate":"https:\/\/kidsplay.lt\/?s={search_term_string}"},"query-input":{"@type":"PropertyValueSpecification","valueRequired":true,"valueName":"search_term_string"}}],"inLanguage":"lv-LV"},{"@type":"Organization","@id":"https:\/\/kidsplay.lt\/#organization","name":"B\u0113rnu sp\u0113le","url":"https:\/\/kidsplay.lt\/","logo":{"@type":"ImageObject","inLanguage":"lv-LV","@id":"https:\/\/kidsplay.lt\/#\/schema\/logo\/image\/","url":"https:\/\/kidsplay.lt\/wp-content\/uploads\/2023\/07\/kidsplay-logo.png","contentUrl":"https:\/\/kidsplay.lt\/wp-content\/uploads\/2023\/07\/kidsplay-logo.png","width":451,"height":98,"caption":"KidsPlay"},"image":{"@id":"https:\/\/kidsplay.lt\/#\/schema\/logo\/image\/"},"sameAs":["https:\/\/www.facebook.com\/www.kidsplay.lt"]}]}},"_links":{"self":[{"href":"https:\/\/kidsplay.lt\/lv\/wp-json\/wp\/v2\/product\/65598","targetHints":{"allow":["GET"]}}],"collection":[{"href":"https:\/\/kidsplay.lt\/lv\/wp-json\/wp\/v2\/product"}],"about":[{"href":"https:\/\/kidsplay.lt\/lv\/wp-json\/wp\/v2\/types\/product"}],"version-history":[{"count":4,"href":"https:\/\/kidsplay.lt\/lv\/wp-json\/wp\/v2\/product\/65598\/revisions"}],"predecessor-version":[{"id":74431,"href":"https:\/\/kidsplay.lt\/lv\/wp-json\/wp\/v2\/product\/65598\/revisions\/74431"}],"wp:featuredmedia":[{"embeddable":true,"href":"https:\/\/kidsplay.lt\/lv\/wp-json\/wp\/v2\/media\/65599"}],"wp:attachment":[{"href":"https:\/\/kidsplay.lt\/lv\/wp-json\/wp\/v2\/media?parent=65598"}],"wp:term":[{"taxonomy":"product_brand","embeddable":true,"href":"https:\/\/kidsplay.lt\/lv\/wp-json\/wp\/v2\/product_brand?post=65598"},{"taxonomy":"product_cat","embeddable":true,"href":"https:\/\/kidsplay.lt\/lv\/wp-json\/wp\/v2\/product_cat?post=65598"},{"taxonomy":"product_tag","embeddable":true,"href":"https:\/\/kidsplay.lt\/lv\/wp-json\/wp\/v2\/product_tag?post=65598"}],"curies":[{"name":"wp","href":"https:\/\/api.w.org\/{rel}","templated":true}]}}