{"id":65616,"date":"2025-09-24T11:47:58","date_gmt":"2025-09-24T08:47:58","guid":{"rendered":"https:\/\/kidsplay.lt\/?post_type=product&#038;p=65616"},"modified":"2025-10-04T23:51:11","modified_gmt":"2025-10-04T20:51:11","slug":"geletas-miegmaisis-su-kailiu","status":"publish","type":"product","link":"https:\/\/kidsplay.lt\/lv\/products\/geletas-miegmaisis-su-kailiu\/","title":{"rendered":"Gel\u0117tas miegmai\u0161is su kailiu"},"content":{"rendered":"<h1><span dir=\"auto\">K\u016bdikio ve\u017eim\u0117lio miegmai\u0161is \u017eiemai, rudeniui, su kailiu, reguliuojamas 4 viename\u00a0<\/span><\/h1>\n<h2><span dir=\"auto\">TEDDY GROW UP k\u016bdikio miegmai\u0161is \u2013 patogumas ir saugumas pasivaik\u0161\u010diojim\u0173 metu<\/span><\/h2>\n<p><b><span dir=\"auto\">\u2603\ufe0f TEDDY GROW UP Rosso k\u016bdikio miegmai\u0161is apjungia funkcionalum\u0105, estetik\u0105 ir patogum\u0105.<\/span><\/b><span dir=\"auto\">\u00a0\u00a0Sukurtas galvojant apie t\u0117vus ir j\u0173 ma\u017eylius, jis u\u017etikrina komfort\u0105 ir saugum\u0105 pasivaik\u0161\u010diojim\u0173 metu \u0161altesn\u0117mis dienomis.<\/span><\/p>\n<p><b><span dir=\"auto\">\u2603\ufe0f D\u0117l auk\u0161\u010diausios kokyb\u0117s med\u017eiag\u0173 ir kruop\u0161taus gamybos proceso<\/span><\/b><span dir=\"auto\"> \u00a0tai nepakei\u010diamas palydovas kiekvienai \u0161eimai, vertinan\u010diai prakti\u0161kum\u0105 ir stili\u0173.\u00a0<\/span><\/p>\n<h2><span dir=\"auto\">Taikym\u0173 universalumas ir universalumas<\/span><\/h2>\n<p><b><span dir=\"auto\">\u2603\ufe0f Miegmai\u0161is TEDDY GROW UP tinka daugumai ve\u017eim\u0117li\u0173, lop\u0161i\u0173, ne\u0161iokli\u0173 k\u016bdiki\u0173 ir<\/span><\/b><span dir=\"auto\">\u00a0\u00a0\u017eiemos transporto priemoni\u0173, toki\u0173 kaip rog\u0117s. Jis taip pat puikiai tinka naudoti stovyklaujant, savaitgalio i\u0161vykose ar kelionin\u0117se lovel\u0117se.<\/span><\/p>\n<p><b><span dir=\"auto\">\u2603\ufe0f D\u0117l savo universalumo j\u012f galima naudoti \u012fvairiose situacijose,<\/span><\/b><span dir=\"auto\">\u00a0\u00a0suteikiant \u0161ilum\u0105 ir komfort\u0105 visur, kur to reikia.<\/span><\/p>\n<h2><span dir=\"auto\">Unikali GROW UP funkcija \u2013 miegmai\u0161is, kuris auga kartu su j\u016bs\u0173 k\u016bdikiu<\/span><\/h2>\n<p><b><span dir=\"auto\">\u2603\ufe0f Svarbiausia TEDDY GROW UP modelio savyb\u0117 \u2013 galimyb\u0117 reguliuoti jo ilg\u012f pagal vaiko \u016bg\u012f.\u00a0<\/span><\/b><span dir=\"auto\">\u00a0D\u0117l inovatyvios \u201eGrow Up\u201c sistemos miegmai\u0161\u012f galima lengvai pailginti arba sutrumpinti vos per 30 sekund\u017ei\u0173, tod\u0117l jis gali augti kartu su j\u016bs\u0173 ma\u017eyliu.<\/span><\/p>\n<p><b><span dir=\"auto\">\u2603\ufe0f \u0160is prakti\u0161kas sprendimas leid\u017eia ilgai naudoti gamin\u012f,<\/span><\/b><span dir=\"auto\">\u00a0\u00a0nereikia pirkti nauj\u0173 miegmai\u0161i\u0173 vaikui augant.<\/span><\/p>\n<h2><span dir=\"auto\">Med\u017eiag\u0173 privalumai \u2013 atsparumas ir patogumas<\/span><\/h2>\n<p><b><span dir=\"auto\">\u2603\ufe0f Med\u017eiaga, i\u0161 kurios pagamintas miegmai\u0161is TEDDY GROW UP, yra atspari oro s\u0105lygoms,<\/span><\/b><span dir=\"auto\">\u00a0\u00a0tokioms kaip v\u0117jas, sniegas ir lietus. D\u0117l atsparumo vandeniui ir storo u\u017epildo miegmai\u0161is u\u017etikrina puik\u0173 \u0161ilumin\u012f komfort\u0105, nepriklausomai nuo oro s\u0105lyg\u0173.<\/span><\/p>\n<p><b><span dir=\"auto\">\u2603\ufe0f Jis taip pat itin atsparus trin\u010diai ir mechaniniams pa\u017eeidimams, u\u017etikrinant ilgalaik\u012f naudojim\u0105.<\/span><\/b><span dir=\"auto\">\u00a0\u00a0Ta\u010diau did\u017eiausias jo privalumas yra miegmai\u0161io vidus, kuris yra i\u0161klotas \u0161ilkine, mink\u0161ta, \u0161ilta med\u017eiaga, u\u017etikrinan\u010dia maksimal\u0173 komfort\u0105 j\u016bs\u0173 k\u016bdikiui.<\/span><\/p>\n<h2><span dir=\"auto\">\u2699\ufe0f Technin\u0117s specifikacijos<\/span><\/h2>\n<ul>\n<li><b><span dir=\"auto\">Izm\u0113ri:<\/span><\/b><span dir=\"auto\">\u00a0\u00a0105 cm x 42 cm<\/span><\/li>\n<li><b><span dir=\"auto\">Reguliuojamas ilgis:<\/span><\/b><span dir=\"auto\">\u00a0\u00a0nuo 80 iki 105 cm<\/span><\/li>\n<li><b><span dir=\"auto\">Kr\u0101sa:<\/span><\/b><span dir=\"auto\">\u00a0rausva<\/span><\/li>\n<li><b><span dir=\"auto\">Saugumas:<\/span><\/b><span dir=\"auto\">\u00a0\u00a0100 % saugus sveikatai, be kenksming\u0173 pried\u0173<\/span><\/li>\n<li><b><span dir=\"auto\">Saugos dir\u017eai:<\/span><\/b><span dir=\"auto\">\u00a0\u00a0Skyl\u0117s 2, 3 ir 5 ta\u0161k\u0173 dir\u017eams<\/span><\/li>\n<li><b><span dir=\"auto\">U\u017etrauktukai:<\/span><\/b><span dir=\"auto\">\u00a0\u00a0Du u\u017etrauktukai<\/span><\/li>\n<li><b><span dir=\"auto\">Apsauga nuo oro s\u0105lyg\u0173:<\/span><\/b><span dir=\"auto\">\u00a0\u00a0Atsparus v\u0117jui ir lietui<\/span><\/li>\n<li><b><span dir=\"auto\">\u0160iluma:<\/span><\/b><span dir=\"auto\">\u00a0\u00a0Izoliuotas, mink\u0161tas miegmai\u0161io vidus<\/span><\/li>\n<li><b><span dir=\"auto\">Gobtuvas:<\/span><\/b><span dir=\"auto\">\u00a0\u00a0Nuimamas kailio gobtuvas<\/span><\/li>\n<li><b><span dir=\"auto\">Universalumas:<\/span><\/b><span dir=\"auto\">\u00a0\u00a04 viename \u2013 puikiai tinka ve\u017eim\u0117liams, gondoloms, k\u016bdiki\u0173 ne\u0161iokl\u0117ms, rogut\u0117ms ir kelionin\u0117ms lovel\u0117ms<\/span><\/li>\n<\/ul>","protected":false},"excerpt":{"rendered":"<p>Gel\u0117tas miegmai\u0161is su kailiu<\/p>","protected":false},"featured_media":65617,"template":"","meta":{"_acf_changed":false,"_glsr_average":0,"_glsr_ranking":0,"_glsr_reviews":0},"product_brand":[],"product_cat":[285],"product_tag":[],"class_list":{"0":"post-65616","1":"product","2":"type-product","3":"status-publish","4":"has-post-thumbnail","6":"product_cat-miegmaisiai-vezimeliui","7":"\"style=\"background-color: #2ecc711c;\"","9":"first","10":"instock","11":"shipping-taxable","12":"purchasable","13":"product-type-simple"},"acf":[],"yoast_head":"<!-- This site is optimized with the Yoast SEO plugin v27.3 - https:\/\/yoast.com\/product\/yoast-seo-wordpress\/ -->\n<title>Gel\u0117tas miegmai\u0161is su kailiu - KidsPlay<\/title>\n<meta name=\"description\" content=\"Gel\u0117tas miegmai\u0161is su kailiu\" \/>\n<meta name=\"robots\" content=\"index, follow, max-snippet:-1, max-image-preview:large, max-video-preview:-1\" \/>\n<link rel=\"canonical\" href=\"https:\/\/kidsplay.lt\/lv\/products\/geletas-miegmaisis-su-kailiu\/\" \/>\n<meta property=\"og:locale\" content=\"lv_LV\" \/>\n<meta property=\"og:type\" content=\"article\" \/>\n<meta property=\"og:title\" content=\"Gel\u0117tas miegmai\u0161is su kailiu - KidsPlay\" \/>\n<meta property=\"og:description\" content=\"Gel\u0117tas miegmai\u0161is su kailiu\" \/>\n<meta property=\"og:url\" content=\"https:\/\/kidsplay.lt\/lv\/products\/geletas-miegmaisis-su-kailiu\/\" \/>\n<meta property=\"og:site_name\" content=\"KidsPlay\" \/>\n<meta property=\"article:publisher\" content=\"https:\/\/www.facebook.com\/www.kidsplay.lt\" \/>\n<meta property=\"article:modified_time\" content=\"2025-10-04T20:51:11+00:00\" \/>\n<meta property=\"og:image\" content=\"https:\/\/kidsplay.lt\/wp-content\/uploads\/2025\/09\/Screenshot_680.png\" \/>\n\t<meta property=\"og:image:width\" content=\"561\" \/>\n\t<meta property=\"og:image:height\" content=\"508\" \/>\n\t<meta property=\"og:image:type\" content=\"image\/png\" \/>\n<meta name=\"twitter:card\" content=\"summary_large_image\" \/>\n<meta name=\"twitter:label1\" content=\"Est. reading time\" \/>\n\t<meta name=\"twitter:data1\" content=\"2 min\u016btes\" \/>\n<script type=\"application\/ld+json\" class=\"yoast-schema-graph\">{\"@context\":\"https:\\\/\\\/schema.org\",\"@graph\":[{\"@type\":\"WebPage\",\"@id\":\"https:\\\/\\\/kidsplay.lt\\\/produktas\\\/geletas-miegmaisis-su-kailiu\\\/\",\"url\":\"https:\\\/\\\/kidsplay.lt\\\/produktas\\\/geletas-miegmaisis-su-kailiu\\\/\",\"name\":\"Gel\u0117tas miegmai\u0161is su kailiu - KidsPlay\",\"isPartOf\":{\"@id\":\"https:\\\/\\\/kidsplay.lt\\\/#website\"},\"primaryImageOfPage\":{\"@id\":\"https:\\\/\\\/kidsplay.lt\\\/produktas\\\/geletas-miegmaisis-su-kailiu\\\/#primaryimage\"},\"image\":{\"@id\":\"https:\\\/\\\/kidsplay.lt\\\/produktas\\\/geletas-miegmaisis-su-kailiu\\\/#primaryimage\"},\"thumbnailUrl\":\"https:\\\/\\\/kidsplay.lt\\\/wp-content\\\/uploads\\\/2025\\\/09\\\/Screenshot_680.png\",\"datePublished\":\"2025-09-24T08:47:58+00:00\",\"dateModified\":\"2025-10-04T20:51:11+00:00\",\"description\":\"Gel\u0117tas miegmai\u0161is su kailiu\",\"breadcrumb\":{\"@id\":\"https:\\\/\\\/kidsplay.lt\\\/produktas\\\/geletas-miegmaisis-su-kailiu\\\/#breadcrumb\"},\"inLanguage\":\"lv-LV\",\"potentialAction\":[{\"@type\":\"ReadAction\",\"target\":[\"https:\\\/\\\/kidsplay.lt\\\/produktas\\\/geletas-miegmaisis-su-kailiu\\\/\"]}]},{\"@type\":\"ImageObject\",\"inLanguage\":\"lv-LV\",\"@id\":\"https:\\\/\\\/kidsplay.lt\\\/produktas\\\/geletas-miegmaisis-su-kailiu\\\/#primaryimage\",\"url\":\"https:\\\/\\\/kidsplay.lt\\\/wp-content\\\/uploads\\\/2025\\\/09\\\/Screenshot_680.png\",\"contentUrl\":\"https:\\\/\\\/kidsplay.lt\\\/wp-content\\\/uploads\\\/2025\\\/09\\\/Screenshot_680.png\",\"width\":561,\"height\":508},{\"@type\":\"BreadcrumbList\",\"@id\":\"https:\\\/\\\/kidsplay.lt\\\/produktas\\\/geletas-miegmaisis-su-kailiu\\\/#breadcrumb\",\"itemListElement\":[{\"@type\":\"ListItem\",\"position\":1,\"name\":\"Pagrindinis\",\"item\":\"https:\\\/\\\/kidsplay.lt\\\/\"},{\"@type\":\"ListItem\",\"position\":2,\"name\":\"Parduotuv\u0117\",\"item\":\"https:\\\/\\\/kidsplay.lt\\\/parduotuve\\\/\"},{\"@type\":\"ListItem\",\"position\":3,\"name\":\"Gel\u0117tas miegmai\u0161is su kailiu\"}]},{\"@type\":\"WebSite\",\"@id\":\"https:\\\/\\\/kidsplay.lt\\\/#website\",\"url\":\"https:\\\/\\\/kidsplay.lt\\\/\",\"name\":\"Kidsplay.lt\",\"description\":\"\u012evairios prek\u0117s vaikams\",\"publisher\":{\"@id\":\"https:\\\/\\\/kidsplay.lt\\\/#organization\"},\"alternateName\":\"Kidsplay\",\"potentialAction\":[{\"@type\":\"SearchAction\",\"target\":{\"@type\":\"EntryPoint\",\"urlTemplate\":\"https:\\\/\\\/kidsplay.lt\\\/?s={search_term_string}\"},\"query-input\":{\"@type\":\"PropertyValueSpecification\",\"valueRequired\":true,\"valueName\":\"search_term_string\"}}],\"inLanguage\":\"lv-LV\"},{\"@type\":\"Organization\",\"@id\":\"https:\\\/\\\/kidsplay.lt\\\/#organization\",\"name\":\"KidsPlay\",\"url\":\"https:\\\/\\\/kidsplay.lt\\\/\",\"logo\":{\"@type\":\"ImageObject\",\"inLanguage\":\"lv-LV\",\"@id\":\"https:\\\/\\\/kidsplay.lt\\\/#\\\/schema\\\/logo\\\/image\\\/\",\"url\":\"https:\\\/\\\/kidsplay.lt\\\/wp-content\\\/uploads\\\/2023\\\/07\\\/kidsplay-logo.png\",\"contentUrl\":\"https:\\\/\\\/kidsplay.lt\\\/wp-content\\\/uploads\\\/2023\\\/07\\\/kidsplay-logo.png\",\"width\":451,\"height\":98,\"caption\":\"KidsPlay\"},\"image\":{\"@id\":\"https:\\\/\\\/kidsplay.lt\\\/#\\\/schema\\\/logo\\\/image\\\/\"},\"sameAs\":[\"https:\\\/\\\/www.facebook.com\\\/www.kidsplay.lt\"]}]}<\/script>\n<!-- \/ Yoast SEO plugin. -->","yoast_head_json":{"title":"Gel\u0117tas miegmai\u0161is su kailiu - KidsPlay","description":"Gel\u0117tas miegmai\u0161is su kailiu","robots":{"index":"index","follow":"follow","max-snippet":"max-snippet:-1","max-image-preview":"max-image-preview:large","max-video-preview":"max-video-preview:-1"},"canonical":"https:\/\/kidsplay.lt\/lv\/products\/geletas-miegmaisis-su-kailiu\/","og_locale":"lv_LV","og_type":"article","og_title":"Gel\u0117tas miegmai\u0161is su kailiu - KidsPlay","og_description":"Gel\u0117tas miegmai\u0161is su kailiu","og_url":"https:\/\/kidsplay.lt\/lv\/products\/geletas-miegmaisis-su-kailiu\/","og_site_name":"KidsPlay","article_publisher":"https:\/\/www.facebook.com\/www.kidsplay.lt","article_modified_time":"2025-10-04T20:51:11+00:00","og_image":[{"width":561,"height":508,"url":"https:\/\/kidsplay.lt\/wp-content\/uploads\/2025\/09\/Screenshot_680.png","type":"image\/png"}],"twitter_card":"summary_large_image","twitter_misc":{"Est. reading time":"2 min\u016btes"},"schema":{"@context":"https:\/\/schema.org","@graph":[{"@type":"WebPage","@id":"https:\/\/kidsplay.lt\/produktas\/geletas-miegmaisis-su-kailiu\/","url":"https:\/\/kidsplay.lt\/produktas\/geletas-miegmaisis-su-kailiu\/","name":"Gel\u0117tas miegmai\u0161is su kailiu - KidsPlay","isPartOf":{"@id":"https:\/\/kidsplay.lt\/#website"},"primaryImageOfPage":{"@id":"https:\/\/kidsplay.lt\/produktas\/geletas-miegmaisis-su-kailiu\/#primaryimage"},"image":{"@id":"https:\/\/kidsplay.lt\/produktas\/geletas-miegmaisis-su-kailiu\/#primaryimage"},"thumbnailUrl":"https:\/\/kidsplay.lt\/wp-content\/uploads\/2025\/09\/Screenshot_680.png","datePublished":"2025-09-24T08:47:58+00:00","dateModified":"2025-10-04T20:51:11+00:00","description":"Gel\u0117tas miegmai\u0161is su kailiu","breadcrumb":{"@id":"https:\/\/kidsplay.lt\/produktas\/geletas-miegmaisis-su-kailiu\/#breadcrumb"},"inLanguage":"lv-LV","potentialAction":[{"@type":"ReadAction","target":["https:\/\/kidsplay.lt\/produktas\/geletas-miegmaisis-su-kailiu\/"]}]},{"@type":"ImageObject","inLanguage":"lv-LV","@id":"https:\/\/kidsplay.lt\/produktas\/geletas-miegmaisis-su-kailiu\/#primaryimage","url":"https:\/\/kidsplay.lt\/wp-content\/uploads\/2025\/09\/Screenshot_680.png","contentUrl":"https:\/\/kidsplay.lt\/wp-content\/uploads\/2025\/09\/Screenshot_680.png","width":561,"height":508},{"@type":"BreadcrumbList","@id":"https:\/\/kidsplay.lt\/produktas\/geletas-miegmaisis-su-kailiu\/#breadcrumb","itemListElement":[{"@type":"ListItem","position":1,"name":"Pagrindinis","item":"https:\/\/kidsplay.lt\/"},{"@type":"ListItem","position":2,"name":"Parduotuv\u0117","item":"https:\/\/kidsplay.lt\/parduotuve\/"},{"@type":"ListItem","position":3,"name":"Gel\u0117tas miegmai\u0161is su kailiu"}]},{"@type":"WebSite","@id":"https:\/\/kidsplay.lt\/#website","url":"https:\/\/kidsplay.lt\/","name":"B\u0113rnu sp\u0113les.lv","description":"\u012evairios prek\u0117s vaikams","publisher":{"@id":"https:\/\/kidsplay.lt\/#organization"},"alternateName":"Kidsplay","potentialAction":[{"@type":"SearchAction","target":{"@type":"EntryPoint","urlTemplate":"https:\/\/kidsplay.lt\/?s={search_term_string}"},"query-input":{"@type":"PropertyValueSpecification","valueRequired":true,"valueName":"search_term_string"}}],"inLanguage":"lv-LV"},{"@type":"Organization","@id":"https:\/\/kidsplay.lt\/#organization","name":"B\u0113rnu sp\u0113le","url":"https:\/\/kidsplay.lt\/","logo":{"@type":"ImageObject","inLanguage":"lv-LV","@id":"https:\/\/kidsplay.lt\/#\/schema\/logo\/image\/","url":"https:\/\/kidsplay.lt\/wp-content\/uploads\/2023\/07\/kidsplay-logo.png","contentUrl":"https:\/\/kidsplay.lt\/wp-content\/uploads\/2023\/07\/kidsplay-logo.png","width":451,"height":98,"caption":"KidsPlay"},"image":{"@id":"https:\/\/kidsplay.lt\/#\/schema\/logo\/image\/"},"sameAs":["https:\/\/www.facebook.com\/www.kidsplay.lt"]}]}},"_links":{"self":[{"href":"https:\/\/kidsplay.lt\/lv\/wp-json\/wp\/v2\/product\/65616","targetHints":{"allow":["GET"]}}],"collection":[{"href":"https:\/\/kidsplay.lt\/lv\/wp-json\/wp\/v2\/product"}],"about":[{"href":"https:\/\/kidsplay.lt\/lv\/wp-json\/wp\/v2\/types\/product"}],"version-history":[{"count":2,"href":"https:\/\/kidsplay.lt\/lv\/wp-json\/wp\/v2\/product\/65616\/revisions"}],"predecessor-version":[{"id":73938,"href":"https:\/\/kidsplay.lt\/lv\/wp-json\/wp\/v2\/product\/65616\/revisions\/73938"}],"wp:featuredmedia":[{"embeddable":true,"href":"https:\/\/kidsplay.lt\/lv\/wp-json\/wp\/v2\/media\/65617"}],"wp:attachment":[{"href":"https:\/\/kidsplay.lt\/lv\/wp-json\/wp\/v2\/media?parent=65616"}],"wp:term":[{"taxonomy":"product_brand","embeddable":true,"href":"https:\/\/kidsplay.lt\/lv\/wp-json\/wp\/v2\/product_brand?post=65616"},{"taxonomy":"product_cat","embeddable":true,"href":"https:\/\/kidsplay.lt\/lv\/wp-json\/wp\/v2\/product_cat?post=65616"},{"taxonomy":"product_tag","embeddable":true,"href":"https:\/\/kidsplay.lt\/lv\/wp-json\/wp\/v2\/product_tag?post=65616"}],"curies":[{"name":"wp","href":"https:\/\/api.w.org\/{rel}","templated":true}]}}