{"id":65621,"date":"2025-09-24T11:52:30","date_gmt":"2025-09-24T08:52:30","guid":{"rendered":"https:\/\/kidsplay.lt\/?post_type=product&#038;p=65621"},"modified":"2025-12-29T19:49:09","modified_gmt":"2025-12-29T17:49:09","slug":"mokykline-kuprine-balerina","status":"publish","type":"product","link":"https:\/\/kidsplay.lt\/lv\/products\/mokykline-kuprine-balerina\/","title":{"rendered":"Skolas mugursoma baler\u012bna"},"content":{"rendered":"<p><b><span dir=\"auto\">Paso balerinos mokyklin\u0117 kuprin\u0117 PP25BD-090<\/span><\/b><\/p>\n<p><span dir=\"auto\">\u0160i mokyklin\u0117 kuprin\u0117 pagaminta i\u0161 auk\u0161\u010diausios kokyb\u0117s med\u017eiag\u0173. Ji lengva ir turi mink\u0161tus, pla\u010dius, ergonomi\u0161kus, reguliuojamus pe\u010di\u0173 dir\u017eelius, kad b\u016bt\u0173 patogiau. Sutvirtintas pagrindas ir nugar\u0117l\u0117 suteikia puiki\u0105 stuburo atram\u0105. Daugyb\u0117 \u0161vies\u0105 atspindin\u010di\u0173 element\u0173, kurie taip pat atlieka dekoratyvinio elemento funkcij\u0105, u\u017etikrina saugum\u0105 kelyje. Funkcionalum\u0105 u\u017etikrina du pagrindiniai skyriai, priekin\u0117 ki\u0161en\u0117 ir dvi tinklin\u0117s \u0161onin\u0117s ki\u0161en\u0117s. Visa tai padeda susitvarkyti kuprin\u0117s turin\u012f ir i\u0161laikyti tvark\u0105. Elastin\u0117 \u0161onin\u0117 ki\u0161en\u0117 yra puiki vieta vandens ar g\u0117rimo buteliukui.<\/span><\/p>\n<p><b><span dir=\"auto\">Produkta \u012bpa\u0161\u012bbas:<\/span><\/b><\/p>\n<ul>\n<li><span dir=\"auto\">2 pagrindiniai skyriai<\/span><\/li>\n<li><span dir=\"auto\">priekin\u0117 ki\u0161en\u0117<\/span><\/li>\n<li><span dir=\"auto\">2 tinklin\u0117s \u0161onin\u0117s ki\u0161en\u0117s<\/span><\/li>\n<li><span dir=\"auto\">mink\u0161ta vir\u0161utin\u0117 rankena i\u0161 audinio<\/span><\/li>\n<li><span dir=\"auto\">reguliuojami, mink\u0161ti pe\u010di\u0173 dir\u017eeliai<\/span><\/li>\n<li><span dir=\"auto\">sutvirtinta kempine, profiliuota nugara<\/span><\/li>\n<li><span dir=\"auto\">sustiprintas, standus dugnas<\/span><\/li>\n<li><span dir=\"auto\">vandeniui atspari med\u017eiaga<\/span><\/li>\n<li><span dir=\"auto\">atspindintys elementai<\/span><\/li>\n<\/ul>\n<p><b><span dir=\"auto\">Matmenys: 38 x 29 x 16 cm<\/span><\/b><\/p>","protected":false},"excerpt":{"rendered":"<p>Skolas mugursoma baler\u012bna<\/p>","protected":false},"featured_media":65622,"template":"","meta":{"_acf_changed":false,"_glsr_average":0,"_glsr_ranking":0,"_glsr_reviews":0},"product_brand":[],"product_cat":[342],"product_tag":[],"class_list":{"0":"post-65621","1":"product","2":"type-product","3":"status-publish","4":"has-post-thumbnail","6":"product_cat-kuprines","7":"\"style=\"background-color: #2ecc711c;\"","9":"first","10":"instock","11":"shipping-taxable","12":"purchasable","13":"product-type-simple"},"acf":[],"yoast_head":"<!-- This site is optimized with the Yoast SEO plugin v27.4 - https:\/\/yoast.com\/product\/yoast-seo-wordpress\/ -->\n<title>Mokyklin\u0117 kuprin\u0117 balerina - KidsPlay<\/title>\n<meta name=\"description\" content=\"Mokyklin\u0117 kuprin\u0117 balerina\" \/>\n<meta name=\"robots\" content=\"index, follow, max-snippet:-1, max-image-preview:large, max-video-preview:-1\" \/>\n<link rel=\"canonical\" href=\"https:\/\/kidsplay.lt\/lv\/products\/mokykline-kuprine-balerina\/\" \/>\n<meta property=\"og:locale\" content=\"lv_LV\" \/>\n<meta property=\"og:type\" content=\"article\" \/>\n<meta property=\"og:title\" content=\"Mokyklin\u0117 kuprin\u0117 balerina - KidsPlay\" \/>\n<meta property=\"og:description\" content=\"Mokyklin\u0117 kuprin\u0117 balerina\" \/>\n<meta property=\"og:url\" content=\"https:\/\/kidsplay.lt\/lv\/products\/mokykline-kuprine-balerina\/\" \/>\n<meta property=\"og:site_name\" content=\"KidsPlay\" \/>\n<meta property=\"article:publisher\" content=\"https:\/\/www.facebook.com\/www.kidsplay.lt\" \/>\n<meta property=\"article:modified_time\" content=\"2025-12-29T17:49:09+00:00\" \/>\n<meta property=\"og:image\" content=\"https:\/\/kidsplay.lt\/wp-content\/uploads\/2025\/09\/Screenshot_683.png\" \/>\n\t<meta property=\"og:image:width\" content=\"582\" \/>\n\t<meta property=\"og:image:height\" content=\"515\" \/>\n\t<meta property=\"og:image:type\" content=\"image\/png\" \/>\n<meta name=\"twitter:card\" content=\"summary_large_image\" \/>\n<meta name=\"twitter:label1\" content=\"Est. reading time\" \/>\n\t<meta name=\"twitter:data1\" content=\"1 min\u016bte\" \/>\n<script type=\"application\/ld+json\" class=\"yoast-schema-graph\">{\"@context\":\"https:\\\/\\\/schema.org\",\"@graph\":[{\"@type\":\"WebPage\",\"@id\":\"https:\\\/\\\/kidsplay.lt\\\/produktas\\\/mokykline-kuprine-balerina\\\/\",\"url\":\"https:\\\/\\\/kidsplay.lt\\\/produktas\\\/mokykline-kuprine-balerina\\\/\",\"name\":\"Mokyklin\u0117 kuprin\u0117 balerina - KidsPlay\",\"isPartOf\":{\"@id\":\"https:\\\/\\\/kidsplay.lt\\\/#website\"},\"primaryImageOfPage\":{\"@id\":\"https:\\\/\\\/kidsplay.lt\\\/produktas\\\/mokykline-kuprine-balerina\\\/#primaryimage\"},\"image\":{\"@id\":\"https:\\\/\\\/kidsplay.lt\\\/produktas\\\/mokykline-kuprine-balerina\\\/#primaryimage\"},\"thumbnailUrl\":\"https:\\\/\\\/kidsplay.lt\\\/wp-content\\\/uploads\\\/2025\\\/09\\\/Screenshot_683.png\",\"datePublished\":\"2025-09-24T08:52:30+00:00\",\"dateModified\":\"2025-12-29T17:49:09+00:00\",\"description\":\"Mokyklin\u0117 kuprin\u0117 balerina\",\"breadcrumb\":{\"@id\":\"https:\\\/\\\/kidsplay.lt\\\/produktas\\\/mokykline-kuprine-balerina\\\/#breadcrumb\"},\"inLanguage\":\"lv-LV\",\"potentialAction\":[{\"@type\":\"ReadAction\",\"target\":[\"https:\\\/\\\/kidsplay.lt\\\/produktas\\\/mokykline-kuprine-balerina\\\/\"]}]},{\"@type\":\"ImageObject\",\"inLanguage\":\"lv-LV\",\"@id\":\"https:\\\/\\\/kidsplay.lt\\\/produktas\\\/mokykline-kuprine-balerina\\\/#primaryimage\",\"url\":\"https:\\\/\\\/kidsplay.lt\\\/wp-content\\\/uploads\\\/2025\\\/09\\\/Screenshot_683.png\",\"contentUrl\":\"https:\\\/\\\/kidsplay.lt\\\/wp-content\\\/uploads\\\/2025\\\/09\\\/Screenshot_683.png\",\"width\":582,\"height\":515},{\"@type\":\"BreadcrumbList\",\"@id\":\"https:\\\/\\\/kidsplay.lt\\\/produktas\\\/mokykline-kuprine-balerina\\\/#breadcrumb\",\"itemListElement\":[{\"@type\":\"ListItem\",\"position\":1,\"name\":\"Pagrindinis\",\"item\":\"https:\\\/\\\/kidsplay.lt\\\/\"},{\"@type\":\"ListItem\",\"position\":2,\"name\":\"Parduotuv\u0117\",\"item\":\"https:\\\/\\\/kidsplay.lt\\\/parduotuve\\\/\"},{\"@type\":\"ListItem\",\"position\":3,\"name\":\"Mokyklin\u0117 kuprin\u0117 balerina\"}]},{\"@type\":\"WebSite\",\"@id\":\"https:\\\/\\\/kidsplay.lt\\\/#website\",\"url\":\"https:\\\/\\\/kidsplay.lt\\\/\",\"name\":\"Kidsplay.lt\",\"description\":\"\u012evairios prek\u0117s vaikams\",\"publisher\":{\"@id\":\"https:\\\/\\\/kidsplay.lt\\\/#organization\"},\"alternateName\":\"Kidsplay\",\"potentialAction\":[{\"@type\":\"SearchAction\",\"target\":{\"@type\":\"EntryPoint\",\"urlTemplate\":\"https:\\\/\\\/kidsplay.lt\\\/?s={search_term_string}\"},\"query-input\":{\"@type\":\"PropertyValueSpecification\",\"valueRequired\":true,\"valueName\":\"search_term_string\"}}],\"inLanguage\":\"lv-LV\"},{\"@type\":\"Organization\",\"@id\":\"https:\\\/\\\/kidsplay.lt\\\/#organization\",\"name\":\"KidsPlay\",\"url\":\"https:\\\/\\\/kidsplay.lt\\\/\",\"logo\":{\"@type\":\"ImageObject\",\"inLanguage\":\"lv-LV\",\"@id\":\"https:\\\/\\\/kidsplay.lt\\\/#\\\/schema\\\/logo\\\/image\\\/\",\"url\":\"https:\\\/\\\/kidsplay.lt\\\/wp-content\\\/uploads\\\/2023\\\/07\\\/kidsplay-logo.png\",\"contentUrl\":\"https:\\\/\\\/kidsplay.lt\\\/wp-content\\\/uploads\\\/2023\\\/07\\\/kidsplay-logo.png\",\"width\":451,\"height\":98,\"caption\":\"KidsPlay\"},\"image\":{\"@id\":\"https:\\\/\\\/kidsplay.lt\\\/#\\\/schema\\\/logo\\\/image\\\/\"},\"sameAs\":[\"https:\\\/\\\/www.facebook.com\\\/www.kidsplay.lt\"]}]}<\/script>\n<!-- \/ Yoast SEO plugin. -->","yoast_head_json":{"title":"Mokyklin\u0117 kuprin\u0117 balerina - KidsPlay","description":"Skolas mugursoma baler\u012bna","robots":{"index":"index","follow":"follow","max-snippet":"max-snippet:-1","max-image-preview":"max-image-preview:large","max-video-preview":"max-video-preview:-1"},"canonical":"https:\/\/kidsplay.lt\/lv\/products\/mokykline-kuprine-balerina\/","og_locale":"lv_LV","og_type":"article","og_title":"Mokyklin\u0117 kuprin\u0117 balerina - KidsPlay","og_description":"Mokyklin\u0117 kuprin\u0117 balerina","og_url":"https:\/\/kidsplay.lt\/lv\/products\/mokykline-kuprine-balerina\/","og_site_name":"KidsPlay","article_publisher":"https:\/\/www.facebook.com\/www.kidsplay.lt","article_modified_time":"2025-12-29T17:49:09+00:00","og_image":[{"width":582,"height":515,"url":"https:\/\/kidsplay.lt\/wp-content\/uploads\/2025\/09\/Screenshot_683.png","type":"image\/png"}],"twitter_card":"summary_large_image","twitter_misc":{"Est. reading time":"1 min\u016bte"},"schema":{"@context":"https:\/\/schema.org","@graph":[{"@type":"WebPage","@id":"https:\/\/kidsplay.lt\/produktas\/mokykline-kuprine-balerina\/","url":"https:\/\/kidsplay.lt\/produktas\/mokykline-kuprine-balerina\/","name":"Mokyklin\u0117 kuprin\u0117 balerina - KidsPlay","isPartOf":{"@id":"https:\/\/kidsplay.lt\/#website"},"primaryImageOfPage":{"@id":"https:\/\/kidsplay.lt\/produktas\/mokykline-kuprine-balerina\/#primaryimage"},"image":{"@id":"https:\/\/kidsplay.lt\/produktas\/mokykline-kuprine-balerina\/#primaryimage"},"thumbnailUrl":"https:\/\/kidsplay.lt\/wp-content\/uploads\/2025\/09\/Screenshot_683.png","datePublished":"2025-09-24T08:52:30+00:00","dateModified":"2025-12-29T17:49:09+00:00","description":"Skolas mugursoma baler\u012bna","breadcrumb":{"@id":"https:\/\/kidsplay.lt\/produktas\/mokykline-kuprine-balerina\/#breadcrumb"},"inLanguage":"lv-LV","potentialAction":[{"@type":"ReadAction","target":["https:\/\/kidsplay.lt\/produktas\/mokykline-kuprine-balerina\/"]}]},{"@type":"ImageObject","inLanguage":"lv-LV","@id":"https:\/\/kidsplay.lt\/produktas\/mokykline-kuprine-balerina\/#primaryimage","url":"https:\/\/kidsplay.lt\/wp-content\/uploads\/2025\/09\/Screenshot_683.png","contentUrl":"https:\/\/kidsplay.lt\/wp-content\/uploads\/2025\/09\/Screenshot_683.png","width":582,"height":515},{"@type":"BreadcrumbList","@id":"https:\/\/kidsplay.lt\/produktas\/mokykline-kuprine-balerina\/#breadcrumb","itemListElement":[{"@type":"ListItem","position":1,"name":"Pagrindinis","item":"https:\/\/kidsplay.lt\/"},{"@type":"ListItem","position":2,"name":"Parduotuv\u0117","item":"https:\/\/kidsplay.lt\/parduotuve\/"},{"@type":"ListItem","position":3,"name":"Mokyklin\u0117 kuprin\u0117 balerina"}]},{"@type":"WebSite","@id":"https:\/\/kidsplay.lt\/#website","url":"https:\/\/kidsplay.lt\/","name":"B\u0113rnu sp\u0113les.lv","description":"\u012evairios prek\u0117s vaikams","publisher":{"@id":"https:\/\/kidsplay.lt\/#organization"},"alternateName":"Kidsplay","potentialAction":[{"@type":"SearchAction","target":{"@type":"EntryPoint","urlTemplate":"https:\/\/kidsplay.lt\/?s={search_term_string}"},"query-input":{"@type":"PropertyValueSpecification","valueRequired":true,"valueName":"search_term_string"}}],"inLanguage":"lv-LV"},{"@type":"Organization","@id":"https:\/\/kidsplay.lt\/#organization","name":"B\u0113rnu sp\u0113le","url":"https:\/\/kidsplay.lt\/","logo":{"@type":"ImageObject","inLanguage":"lv-LV","@id":"https:\/\/kidsplay.lt\/#\/schema\/logo\/image\/","url":"https:\/\/kidsplay.lt\/wp-content\/uploads\/2023\/07\/kidsplay-logo.png","contentUrl":"https:\/\/kidsplay.lt\/wp-content\/uploads\/2023\/07\/kidsplay-logo.png","width":451,"height":98,"caption":"KidsPlay"},"image":{"@id":"https:\/\/kidsplay.lt\/#\/schema\/logo\/image\/"},"sameAs":["https:\/\/www.facebook.com\/www.kidsplay.lt"]}]}},"_links":{"self":[{"href":"https:\/\/kidsplay.lt\/lv\/wp-json\/wp\/v2\/product\/65621","targetHints":{"allow":["GET"]}}],"collection":[{"href":"https:\/\/kidsplay.lt\/lv\/wp-json\/wp\/v2\/product"}],"about":[{"href":"https:\/\/kidsplay.lt\/lv\/wp-json\/wp\/v2\/types\/product"}],"version-history":[{"count":2,"href":"https:\/\/kidsplay.lt\/lv\/wp-json\/wp\/v2\/product\/65621\/revisions"}],"predecessor-version":[{"id":73937,"href":"https:\/\/kidsplay.lt\/lv\/wp-json\/wp\/v2\/product\/65621\/revisions\/73937"}],"wp:featuredmedia":[{"embeddable":true,"href":"https:\/\/kidsplay.lt\/lv\/wp-json\/wp\/v2\/media\/65622"}],"wp:attachment":[{"href":"https:\/\/kidsplay.lt\/lv\/wp-json\/wp\/v2\/media?parent=65621"}],"wp:term":[{"taxonomy":"product_brand","embeddable":true,"href":"https:\/\/kidsplay.lt\/lv\/wp-json\/wp\/v2\/product_brand?post=65621"},{"taxonomy":"product_cat","embeddable":true,"href":"https:\/\/kidsplay.lt\/lv\/wp-json\/wp\/v2\/product_cat?post=65621"},{"taxonomy":"product_tag","embeddable":true,"href":"https:\/\/kidsplay.lt\/lv\/wp-json\/wp\/v2\/product_tag?post=65621"}],"curies":[{"name":"wp","href":"https:\/\/api.w.org\/{rel}","templated":true}]}}