{"id":65627,"date":"2025-09-24T11:57:56","date_gmt":"2025-09-24T08:57:56","guid":{"rendered":"https:\/\/kidsplay.lt\/?post_type=product&#038;p=65627"},"modified":"2026-01-22T07:46:30","modified_gmt":"2026-01-22T05:46:30","slug":"tipi-wigwam-kremine-palapine-2","status":"publish","type":"product","link":"https:\/\/kidsplay.lt\/lv\/products\/tipi-wigwam-kremine-palapine-2\/","title":{"rendered":"Tipi Wigwam kr\u0113mkr\u0101sas telts"},"content":{"rendered":"<div class=\"mpof_ki myre_zn myre_8v_l m389_6m_l\">\n<div class=\"mp4t_16_s mryx_16_s mr3m_1 mli2_1 mh85_56 mh85_0_l\">\n<div class=\"mgn2_16 _0d3bd_am0a-\">\n<h2><span dir=\"auto\">Tipi palapin\u0117<\/span><\/h2>\n<h2><span dir=\"auto\">\u2b50\ufe0f\u2b50\ufe0f\u2b50\ufe0f\u2b50\ufe0f\u2b50\ufe0f<\/span><\/h2>\n<p><b><span dir=\"auto\">\u2705 \u012e rinkin\u012f \u012feina:<\/span><\/b><\/p>\n<ul>\n<li><b><span dir=\"auto\">mediniai pagaliukai<\/span><\/b><\/li>\n<li><b><span dir=\"auto\">kilim\u0117lis<\/span><\/b><span dir=\"auto\">\u00a0115&#215;115 cm<\/span><\/li>\n<li><b><\/b><span dir=\"auto\">Minky\u00a0<b>debes\u0173 pagalv\u0117<\/b><\/span><\/li>\n<li><b><span dir=\"auto\">pagalv\u0117<\/span><\/b><span dir=\"auto\">\u200b<\/span><\/li>\n<li><b><\/b><span dir=\"auto\">\u017evaig\u017ed\u0117s\u00a0<b>formos pagalv\u0117<\/b><\/span><\/li>\n<li><b><\/b><span dir=\"auto\">vimpel\u0173\u00a0<b>girlianda<\/b><\/span><\/li>\n<li><b><span dir=\"auto\">kabelinis rai\u0161telis<\/span><\/b><span dir=\"auto\">\u00a0arba virvel\u0117 konstrukcijai suri\u0161ti<\/span><\/li>\n<\/ul>\n<ul>\n<li><b><span dir=\"auto\">kabelio rai\u0161teliai<\/span><\/b><span dir=\"auto\">\u00a0\u00a0tvirtinimui<\/span><\/li>\n<\/ul>\n<p><b><span dir=\"auto\">\u2705 APRA\u0160YMAS:<\/span><\/b><\/p>\n<ul>\n<li><b><span dir=\"auto\">Gamintojas<\/span><\/b><span dir=\"auto\">\u00a0: Dreamland Medic<\/span><\/li>\n<li><b><span dir=\"auto\">KOMPLEKTE NE\u012eSKAI\u010cIUOTAS\u00a0<\/span><\/b><span dir=\"auto\">\u00a0STABILIZATORIUS (galima \u012fsigyti pagal kit\u0105 pasi\u016blym\u0105)<\/span><\/li>\n<\/ul>\n<p><b><span dir=\"auto\">\u2705Matmenys:<\/span><\/b><\/p>\n<ul>\n<li><b><span dir=\"auto\">Palapin\u0117s auk\u0161tis<\/span><\/b><span dir=\"auto\">\u00a0po pastatymo: 150 cm<\/span><\/li>\n<li><b><span dir=\"auto\">Pagrindo plotis<\/span><\/b><span dir=\"auto\">\u00a0: 120\/120 cm<\/span><\/li>\n<\/ul>\n<p><b><span dir=\"auto\">\u2705Med\u017eiagos:<\/span><\/b><\/p>\n<ul>\n<li><b><span dir=\"auto\">U\u017evalkalas<\/span><\/b><span dir=\"auto\">\u00a0: 100 % \u201eOeko Tex\u201c sertifikuota medviln\u0117<\/span><\/li>\n<li><b><span dir=\"auto\">R\u0117mas<\/span><\/b><span dir=\"auto\">\u00a0: medinis<\/span><\/li>\n<li><b><span dir=\"auto\">Pamu\u0161alas<\/span><\/b><span dir=\"auto\">\u00a0: poliesterio u\u017epildas + \u201eOeko Tex\u201c sertifikuota medvilnin\u0117 apdaila<\/span><\/li>\n<\/ul>\n<\/div>\n<\/div>\n<div class=\"mp4t_16_s mryx_16_s mr3m_1 mli2_1 mh85_56 mh85_0_l\">\n<div class=\"mg9e_8 mj7a_8 mg9e_0_s mvrt_0_s mj7a_0_s mh36_0_s mzmg_6m munh_16_l m3h2_16_l\">\n<div class=\"mp4t_0 mryx_0 munh_56 m3h2_56\">\n<div class=\"mp7g_oh\"><button class=\"mg9e_0 mvrt_0 mj7a_0 mh36_0 mp4t_0 m3h2_0 mryx_0 munh_0 mqen_m6 mpof_z0 mx7m_0 m7er_k4 mse2_k4 msts_pt\" data-analytics-interaction=\"true\" data-analytics-interaction-label=\"zoomable-image-open\" aria-disabled=\"true\"><img decoding=\"async\" class=\"msub_k4 mupj_5k mjru_k4 mse2_k4 mp7g_f6 mq1m_0 mj7u_0 m7er_k4 mqen_m6 m31c_d8 m0ux_fp lazyloaded\" src=\"https:\/\/a.allegroimg.com\/original\/11c57e\/c46f334148649fd441be96a82782\/Namiot-tipi-wigwam-dla-dzieci-do-pokoju-zamykany-prezent-na-Dzien-Dziecka\" sizes=\"(min-width: 1200px) 560px, (min-width: 992px) 50vw, 100vw\" srcset=\"https:\/\/a.allegroimg.com\/s360\/11c57e\/c46f334148649fd441be96a82782\/Namiot-tipi-wigwam-dla-dzieci-do-pokoju-zamykany-prezent-na-Dzien-Dziecka 360w,https:\/\/a.allegroimg.com\/s720\/11c57e\/c46f334148649fd441be96a82782\/Namiot-tipi-wigwam-dla-dzieci-do-pokoju-zamykany-prezent-na-Dzien-Dziecka 720w,https:\/\/a.allegroimg.com\/s1024\/11c57e\/c46f334148649fd441be96a82782\/Namiot-tipi-wigwam-dla-dzieci-do-pokoju-zamykany-prezent-na-Dzien-Dziecka 1024w,https:\/\/a.allegroimg.com\/s1440\/11c57e\/c46f334148649fd441be96a82782\/Namiot-tipi-wigwam-dla-dzieci-do-pokoju-zamykany-prezent-na-Dzien-Dziecka 1440w,https:\/\/a.allegroimg.com\/original\/11c57e\/c46f334148649fd441be96a82782\/Namiot-tipi-wigwam-dla-dzieci-do-pokoju-zamykany-prezent-na-Dzien-Dziecka 2025w\" alt=\"Namiot tipi wigwam dla dzieci do pokoju zamykany prezent na Dzie\u0144 Dziecka\" width=\"2025px\" data-srcset=\"\" \/><\/button><\/div>\n<\/div>\n<\/div>\n<\/div>\n<\/div>\n<div class=\"mpof_ki myre_zn myre_8v_l m389_6m_l\">\n<div class=\"mp4t_16_s mryx_16_s mr3m_1 mli2_1 mh85_56 mh85_0_l\">\n<div class=\"mgn2_16 _0d3bd_am0a-\">\n<h2><span dir=\"auto\">Vaik\u0173 palapin\u0117<\/span><\/h2>\n<h2><span dir=\"auto\">\u2b50\ufe0f\u2b50\ufe0f\u2b50\ufe0f\u2b50\ufe0f\u2b50\ufe0f<\/span><\/h2>\n<p><b><span dir=\"auto\">\u2705 PRIVALUMAI:<\/span><\/b><\/p>\n<ul>\n<li><b><span dir=\"auto\">Tipi palapin\u0117 yra puiki vieta<\/span><\/b><span dir=\"auto\">\u00a0\u00a0j\u016bs\u0173 vaikui \u017eaisti.<\/span><\/li>\n<li><b><span dir=\"auto\">Jis puikiai tiks ne tik lauke ar terasoje<\/span><\/b><span dir=\"auto\">\u00a0\u00a0, bet ir namuose, vis\u0173 pirma.<\/span><\/li>\n<li><b><span dir=\"auto\">Palapin\u0117 yra lengva ir lengvai sulankstoma,<\/span><\/b><span dir=\"auto\">\u00a0\u00a0tod\u0117l j\u0105 galima lengvai ne\u0161iotis.<\/span><\/li>\n<li><b><span dir=\"auto\">Puiki vieta pasisl\u0117pti,<\/span><\/b><span dir=\"auto\">\u00a0\u00a0popie\u010dio miegui ar kartu paskaityti pasakas.<\/span><\/li>\n<li><b><span dir=\"auto\">Viena i\u0161 nedaugelio rinkoje esan\u010di\u0173 palapini\u0173 turi visi\u0161kai u\u017edengt\u0105 \u012f\u0117jim\u0105 \u2013<\/span><\/b><span dir=\"auto\">\u00a0\u00a0tai labai svarbus elementas m\u016bs\u0173 vaikams, nes jis neleis patekti nepageidaujamiems sve\u010diams.<\/span><\/li>\n<li><b><span dir=\"auto\">Kiekvienoje palapin\u0117je yra langas<\/span><\/b><span dir=\"auto\">\u00a0\u00a0su nuleid\u017eiamomis \u017ealiuz\u0117mis. Mink\u0161tas kilim\u0117lis izoliuoja grindis, o \u0161oniniai rai\u0161\u010diai leid\u017eia j\u0105 sujungti su visa konstrukcija, tod\u0117l palapin\u0117 yra labai stabili ir i\u0161laiko savo form\u0105 net ir intensyvi\u0173 \u017eaidim\u0173 metu.<\/span><\/li>\n<\/ul>\n<\/div>\n<\/div>\n<div class=\"mp4t_16_s mryx_16_s mr3m_1 mli2_1 mh85_56 mh85_0_l\">\n<div class=\"mg9e_8 mj7a_8 mg9e_0_s mvrt_0_s mj7a_0_s mh36_0_s mzmg_6m munh_16_l m3h2_16_l\">\n<div class=\"mp4t_0 mryx_0 munh_56 m3h2_56\">\n<div class=\"mp7g_oh\"><button class=\"mg9e_0 mvrt_0 mj7a_0 mh36_0 mp4t_0 m3h2_0 mryx_0 munh_0 mqen_m6 mpof_z0 mx7m_0 m7er_k4 mse2_k4 msts_pt\" data-analytics-interaction=\"true\" data-analytics-interaction-label=\"zoomable-image-open\" aria-disabled=\"true\"><img decoding=\"async\" class=\"msub_k4 mupj_5k mjru_k4 mse2_k4 mp7g_f6 mq1m_0 mj7u_0 m7er_k4 mqen_m6 m31c_d8 m0ux_fp lazyloaded\" src=\"https:\/\/a.allegroimg.com\/original\/1160a7\/32aa4d8d4abd8bacbc5090414865\/Namiot-tipi-wigwam-dla-dzieci-do-pokoju-zamykany-prezent-na-Dzien-Dziecka-EAN-GTIN-5908291041885\" sizes=\"(min-width: 1200px) 560px, (min-width: 992px) 50vw, 100vw\" srcset=\"https:\/\/a.allegroimg.com\/s360\/1160a7\/32aa4d8d4abd8bacbc5090414865\/Namiot-tipi-wigwam-dla-dzieci-do-pokoju-zamykany-prezent-na-Dzien-Dziecka-EAN-GTIN-5908291041885 360w,https:\/\/a.allegroimg.com\/s720\/1160a7\/32aa4d8d4abd8bacbc5090414865\/Namiot-tipi-wigwam-dla-dzieci-do-pokoju-zamykany-prezent-na-Dzien-Dziecka-EAN-GTIN-5908291041885 720w,https:\/\/a.allegroimg.com\/s1024\/1160a7\/32aa4d8d4abd8bacbc5090414865\/Namiot-tipi-wigwam-dla-dzieci-do-pokoju-zamykany-prezent-na-Dzien-Dziecka-EAN-GTIN-5908291041885 1024w,https:\/\/a.allegroimg.com\/s1440\/1160a7\/32aa4d8d4abd8bacbc5090414865\/Namiot-tipi-wigwam-dla-dzieci-do-pokoju-zamykany-prezent-na-Dzien-Dziecka-EAN-GTIN-5908291041885 1440w,https:\/\/a.allegroimg.com\/original\/1160a7\/32aa4d8d4abd8bacbc5090414865\/Namiot-tipi-wigwam-dla-dzieci-do-pokoju-zamykany-prezent-na-Dzien-Dziecka-EAN-GTIN-5908291041885 2560w\" alt=\"Namiot tipi wigwam dla dzieci do pokoju zamykany prezent na Dzie\u0144 Dziecka EAN (GTIN) 5908291041885\" width=\"2560px\" data-srcset=\"\" \/><\/button><\/div>\n<\/div>\n<\/div>\n<\/div>\n<\/div>\n<div class=\"mpof_ki myre_zn myre_8v_l m389_6m_l\">\n<div class=\"mp4t_16_s mryx_16_s mr3m_1 mli2_1 mh85_56 mh85_0_l\">\n<div class=\"mgn2_16 _0d3bd_am0a-\">\n<h2><span dir=\"auto\">Tipi palapin\u0117 + priedai<\/span><\/h2>\n<h2><span dir=\"auto\">\u2b50\ufe0f\u2b50\ufe0f\u2b50\ufe0f\u2b50\ufe0f\u2b50\ufe0f<\/span><\/h2>\n<p><b><span dir=\"auto\">\u2705Kaip pri\u017ei\u016br\u0117ti \u201eDreamland\u201c palapines:<\/span><\/b><\/p>\n<p><b><span dir=\"auto\">Palapin\u0117s u\u017edanga<\/span><\/b><span dir=\"auto\">\u00a0\u00a0(nuimama)<\/span><\/p>\n<ul>\n<li><b><span dir=\"auto\">skalbti skalbimo ma\u0161inoje<\/span><\/b><span dir=\"auto\">\u00a030\u00b0C temperat\u016broje<\/span><\/li>\n<li><b><span dir=\"auto\">nenaudokite baliklio<\/span><\/b><\/li>\n<li><b><span dir=\"auto\">Skalbti atskirai<\/span><\/b><\/li>\n<li><b><span dir=\"auto\">ned\u017eiovinti<\/span><\/b><span dir=\"auto\">\u00a0\u00a0d\u017eiovykl\u0117je<\/span><\/li>\n<li><b><span dir=\"auto\">nevalyti<\/span><\/b><span dir=\"auto\">\u00a0\u00a0cheminiu b\u016bdu<\/span><\/li>\n<\/ul>\n<p><b><span dir=\"auto\">MAT<\/span><\/b><span dir=\"auto\">\u00a0\u00a0(d\u0117l dygsniavimo u\u017epildas nejuda naudojimo metu)<\/span><\/p>\n<ul>\n<li><span dir=\"auto\">D\u0117l dyd\u017eio\u00a0\u00a0<\/span><b><span dir=\"auto\">rekomenduojama plauti rankomis<\/span><\/b><\/li>\n<li><b><span dir=\"auto\">nenaudokite<\/span><\/b><span dir=\"auto\">\u00a0\u00a0baliklio<\/span><\/li>\n<li><b><span dir=\"auto\">Skalbti atskirai<\/span><\/b><\/li>\n<li><b><span dir=\"auto\">ned\u017eiovinti<\/span><\/b><span dir=\"auto\">\u00a0\u00a0d\u017eiovykl\u0117je<\/span><\/li>\n<li><b><span dir=\"auto\">nevalyti<\/span><\/b><span dir=\"auto\">\u00a0\u00a0cheminiu b\u016bdu<\/span><\/li>\n<\/ul>\n<\/div>\n<\/div>\n<div class=\"mp4t_16_s mryx_16_s mr3m_1 mli2_1 mh85_56 mh85_0_l\">\n<div class=\"mg9e_8 mj7a_8 mg9e_0_s mvrt_0_s mj7a_0_s mh36_0_s mzmg_6m munh_16_l m3h2_16_l\">\n<div class=\"mp4t_0 mryx_0 munh_56 m3h2_56\">\n<div class=\"mp7g_oh\"><button class=\"mg9e_0 mvrt_0 mj7a_0 mh36_0 mp4t_0 m3h2_0 mryx_0 munh_0 mqen_m6 mpof_z0 mx7m_0 m7er_k4 mse2_k4 msts_pt\" data-analytics-interaction=\"true\" data-analytics-interaction-label=\"zoomable-image-open\" aria-disabled=\"true\"><img decoding=\"async\" class=\"msub_k4 mupj_5k mjru_k4 mse2_k4 mp7g_f6 mq1m_0 mj7u_0 m7er_k4 mqen_m6 m31c_d8 m0ux_fp lazyloaded\" src=\"https:\/\/a.allegroimg.com\/original\/118873\/ec8705f74b6c8011dc105941c46c\/Namiot-tipi-wigwam-dla-dzieci-do-pokoju-zamykany-prezent-na-Dzien-Dziecka-Wiek-dziecka-12-m\" sizes=\"(min-width: 1200px) 560px, (min-width: 992px) 50vw, 100vw\" srcset=\"https:\/\/a.allegroimg.com\/s360\/118873\/ec8705f74b6c8011dc105941c46c\/Namiot-tipi-wigwam-dla-dzieci-do-pokoju-zamykany-prezent-na-Dzien-Dziecka-Wiek-dziecka-12-m 360w,https:\/\/a.allegroimg.com\/s720\/118873\/ec8705f74b6c8011dc105941c46c\/Namiot-tipi-wigwam-dla-dzieci-do-pokoju-zamykany-prezent-na-Dzien-Dziecka-Wiek-dziecka-12-m 720w,https:\/\/a.allegroimg.com\/s1024\/118873\/ec8705f74b6c8011dc105941c46c\/Namiot-tipi-wigwam-dla-dzieci-do-pokoju-zamykany-prezent-na-Dzien-Dziecka-Wiek-dziecka-12-m 1024w,https:\/\/a.allegroimg.com\/s1440\/118873\/ec8705f74b6c8011dc105941c46c\/Namiot-tipi-wigwam-dla-dzieci-do-pokoju-zamykany-prezent-na-Dzien-Dziecka-Wiek-dziecka-12-m 1440w,https:\/\/a.allegroimg.com\/original\/118873\/ec8705f74b6c8011dc105941c46c\/Namiot-tipi-wigwam-dla-dzieci-do-pokoju-zamykany-prezent-na-Dzien-Dziecka-Wiek-dziecka-12-m 2560w\" alt=\"Namiot tipi wigwam dla dzieci do pokoju zamykany prezent na Dzie\u0144 Dziecka Wiek dziecka 12 m +\" width=\"2560px\" data-srcset=\"\" \/><\/button><\/div>\n<\/div>\n<\/div>\n<\/div>\n<\/div>","protected":false},"excerpt":{"rendered":"<p>Stilinga ir jauki <strong>Tipi palapin\u0117<\/strong> \u2013 tobula \u017eaidim\u0173, poilsio ir fantazij\u0173 erdv\u0117 vaikams. Rinkin\u012f sudaro mediniai pagaliukai, mink\u0161tas 115\u00d7115 cm kilim\u0117lis, trys dekoratyvin\u0117s pagalv\u0117l\u0117s, vimpel\u0173 girlianda ir tvirtinimo rai\u0161teliai. Palapin\u0117 lengvai sulankstoma, stabili, su u\u017edengiamu \u012f\u0117jimu ir langu su \u017ealiuz\u0117mis. Pagaminta i\u0161 100 % \u201eOeko\u2011Tex\u201c sertifikuotos medviln\u0117s, tinka naudoti namuose, terasoje ar lauke.<\/p>","protected":false},"featured_media":65628,"template":"","meta":{"_acf_changed":false,"_glsr_average":0,"_glsr_ranking":0,"_glsr_reviews":0},"product_brand":[],"product_cat":[236],"product_tag":[],"class_list":{"0":"post-65627","1":"product","2":"type-product","3":"status-publish","4":"has-post-thumbnail","6":"product_cat-vaikiskos-palapines","7":"\"style=\"background-color: #2ecc711c;\"","9":"first","10":"instock","11":"shipping-taxable","12":"purchasable","13":"product-type-simple"},"acf":[],"yoast_head":"<!-- This site is optimized with the Yoast SEO plugin v27.3 - https:\/\/yoast.com\/product\/yoast-seo-wordpress\/ -->\n<title>Tipi Wigwam kremin\u0117 palapin\u0117 - KidsPlay<\/title>\n<meta name=\"description\" content=\"Tipi Wigwam kremin\u0117 palapin\u0117\" \/>\n<meta name=\"robots\" content=\"index, follow, max-snippet:-1, max-image-preview:large, max-video-preview:-1\" \/>\n<link rel=\"canonical\" href=\"https:\/\/kidsplay.lt\/lv\/products\/tipi-wigwam-kremine-palapine-2\/\" \/>\n<meta property=\"og:locale\" content=\"lv_LV\" \/>\n<meta property=\"og:type\" content=\"article\" \/>\n<meta property=\"og:title\" content=\"Tipi Wigwam kremin\u0117 palapin\u0117 - KidsPlay\" \/>\n<meta property=\"og:description\" content=\"Tipi Wigwam kremin\u0117 palapin\u0117\" \/>\n<meta property=\"og:url\" content=\"https:\/\/kidsplay.lt\/lv\/products\/tipi-wigwam-kremine-palapine-2\/\" \/>\n<meta property=\"og:site_name\" content=\"KidsPlay\" \/>\n<meta property=\"article:publisher\" content=\"https:\/\/www.facebook.com\/www.kidsplay.lt\" \/>\n<meta property=\"article:modified_time\" content=\"2026-01-22T05:46:30+00:00\" \/>\n<meta property=\"og:image\" content=\"https:\/\/kidsplay.lt\/wp-content\/uploads\/2025\/09\/Screenshot_687.png\" \/>\n\t<meta property=\"og:image:width\" content=\"580\" \/>\n\t<meta property=\"og:image:height\" content=\"507\" \/>\n\t<meta property=\"og:image:type\" content=\"image\/png\" \/>\n<meta name=\"twitter:card\" content=\"summary_large_image\" \/>\n<meta name=\"twitter:label1\" content=\"Est. reading time\" \/>\n\t<meta name=\"twitter:data1\" content=\"3 min\u016btes\" \/>\n<script type=\"application\/ld+json\" class=\"yoast-schema-graph\">{\"@context\":\"https:\\\/\\\/schema.org\",\"@graph\":[{\"@type\":\"WebPage\",\"@id\":\"https:\\\/\\\/kidsplay.lt\\\/produktas\\\/tipi-wigwam-kremine-palapine-2\\\/\",\"url\":\"https:\\\/\\\/kidsplay.lt\\\/produktas\\\/tipi-wigwam-kremine-palapine-2\\\/\",\"name\":\"Tipi Wigwam kremin\u0117 palapin\u0117 - KidsPlay\",\"isPartOf\":{\"@id\":\"https:\\\/\\\/kidsplay.lt\\\/#website\"},\"primaryImageOfPage\":{\"@id\":\"https:\\\/\\\/kidsplay.lt\\\/produktas\\\/tipi-wigwam-kremine-palapine-2\\\/#primaryimage\"},\"image\":{\"@id\":\"https:\\\/\\\/kidsplay.lt\\\/produktas\\\/tipi-wigwam-kremine-palapine-2\\\/#primaryimage\"},\"thumbnailUrl\":\"https:\\\/\\\/kidsplay.lt\\\/wp-content\\\/uploads\\\/2025\\\/09\\\/Screenshot_687.png\",\"datePublished\":\"2025-09-24T08:57:56+00:00\",\"dateModified\":\"2026-01-22T05:46:30+00:00\",\"description\":\"Tipi Wigwam kremin\u0117 palapin\u0117\",\"breadcrumb\":{\"@id\":\"https:\\\/\\\/kidsplay.lt\\\/produktas\\\/tipi-wigwam-kremine-palapine-2\\\/#breadcrumb\"},\"inLanguage\":\"lv-LV\",\"potentialAction\":[{\"@type\":\"ReadAction\",\"target\":[\"https:\\\/\\\/kidsplay.lt\\\/produktas\\\/tipi-wigwam-kremine-palapine-2\\\/\"]}]},{\"@type\":\"ImageObject\",\"inLanguage\":\"lv-LV\",\"@id\":\"https:\\\/\\\/kidsplay.lt\\\/produktas\\\/tipi-wigwam-kremine-palapine-2\\\/#primaryimage\",\"url\":\"https:\\\/\\\/kidsplay.lt\\\/wp-content\\\/uploads\\\/2025\\\/09\\\/Screenshot_687.png\",\"contentUrl\":\"https:\\\/\\\/kidsplay.lt\\\/wp-content\\\/uploads\\\/2025\\\/09\\\/Screenshot_687.png\",\"width\":580,\"height\":507,\"caption\":\"Tipi Wigwam kremin\u0117 palapin\u0117\"},{\"@type\":\"BreadcrumbList\",\"@id\":\"https:\\\/\\\/kidsplay.lt\\\/produktas\\\/tipi-wigwam-kremine-palapine-2\\\/#breadcrumb\",\"itemListElement\":[{\"@type\":\"ListItem\",\"position\":1,\"name\":\"Pagrindinis\",\"item\":\"https:\\\/\\\/kidsplay.lt\\\/\"},{\"@type\":\"ListItem\",\"position\":2,\"name\":\"Parduotuv\u0117\",\"item\":\"https:\\\/\\\/kidsplay.lt\\\/parduotuve\\\/\"},{\"@type\":\"ListItem\",\"position\":3,\"name\":\"Tipi Wigwam kremin\u0117 palapin\u0117\"}]},{\"@type\":\"WebSite\",\"@id\":\"https:\\\/\\\/kidsplay.lt\\\/#website\",\"url\":\"https:\\\/\\\/kidsplay.lt\\\/\",\"name\":\"Kidsplay.lt\",\"description\":\"\u012evairios prek\u0117s vaikams\",\"publisher\":{\"@id\":\"https:\\\/\\\/kidsplay.lt\\\/#organization\"},\"alternateName\":\"Kidsplay\",\"potentialAction\":[{\"@type\":\"SearchAction\",\"target\":{\"@type\":\"EntryPoint\",\"urlTemplate\":\"https:\\\/\\\/kidsplay.lt\\\/?s={search_term_string}\"},\"query-input\":{\"@type\":\"PropertyValueSpecification\",\"valueRequired\":true,\"valueName\":\"search_term_string\"}}],\"inLanguage\":\"lv-LV\"},{\"@type\":\"Organization\",\"@id\":\"https:\\\/\\\/kidsplay.lt\\\/#organization\",\"name\":\"KidsPlay\",\"url\":\"https:\\\/\\\/kidsplay.lt\\\/\",\"logo\":{\"@type\":\"ImageObject\",\"inLanguage\":\"lv-LV\",\"@id\":\"https:\\\/\\\/kidsplay.lt\\\/#\\\/schema\\\/logo\\\/image\\\/\",\"url\":\"https:\\\/\\\/kidsplay.lt\\\/wp-content\\\/uploads\\\/2023\\\/07\\\/kidsplay-logo.png\",\"contentUrl\":\"https:\\\/\\\/kidsplay.lt\\\/wp-content\\\/uploads\\\/2023\\\/07\\\/kidsplay-logo.png\",\"width\":451,\"height\":98,\"caption\":\"KidsPlay\"},\"image\":{\"@id\":\"https:\\\/\\\/kidsplay.lt\\\/#\\\/schema\\\/logo\\\/image\\\/\"},\"sameAs\":[\"https:\\\/\\\/www.facebook.com\\\/www.kidsplay.lt\"]}]}<\/script>\n<!-- \/ Yoast SEO plugin. -->","yoast_head_json":{"title":"Tipi Wigwam kremin\u0117 palapin\u0117 - KidsPlay","description":"Tipi Wigwam kr\u0113mkr\u0101sas telts","robots":{"index":"index","follow":"follow","max-snippet":"max-snippet:-1","max-image-preview":"max-image-preview:large","max-video-preview":"max-video-preview:-1"},"canonical":"https:\/\/kidsplay.lt\/lv\/products\/tipi-wigwam-kremine-palapine-2\/","og_locale":"lv_LV","og_type":"article","og_title":"Tipi Wigwam kremin\u0117 palapin\u0117 - KidsPlay","og_description":"Tipi Wigwam kremin\u0117 palapin\u0117","og_url":"https:\/\/kidsplay.lt\/lv\/products\/tipi-wigwam-kremine-palapine-2\/","og_site_name":"KidsPlay","article_publisher":"https:\/\/www.facebook.com\/www.kidsplay.lt","article_modified_time":"2026-01-22T05:46:30+00:00","og_image":[{"width":580,"height":507,"url":"https:\/\/kidsplay.lt\/wp-content\/uploads\/2025\/09\/Screenshot_687.png","type":"image\/png"}],"twitter_card":"summary_large_image","twitter_misc":{"Est. reading time":"3 min\u016btes"},"schema":{"@context":"https:\/\/schema.org","@graph":[{"@type":"WebPage","@id":"https:\/\/kidsplay.lt\/produktas\/tipi-wigwam-kremine-palapine-2\/","url":"https:\/\/kidsplay.lt\/produktas\/tipi-wigwam-kremine-palapine-2\/","name":"Tipi Wigwam kremin\u0117 palapin\u0117 - KidsPlay","isPartOf":{"@id":"https:\/\/kidsplay.lt\/#website"},"primaryImageOfPage":{"@id":"https:\/\/kidsplay.lt\/produktas\/tipi-wigwam-kremine-palapine-2\/#primaryimage"},"image":{"@id":"https:\/\/kidsplay.lt\/produktas\/tipi-wigwam-kremine-palapine-2\/#primaryimage"},"thumbnailUrl":"https:\/\/kidsplay.lt\/wp-content\/uploads\/2025\/09\/Screenshot_687.png","datePublished":"2025-09-24T08:57:56+00:00","dateModified":"2026-01-22T05:46:30+00:00","description":"Tipi Wigwam kr\u0113mkr\u0101sas telts","breadcrumb":{"@id":"https:\/\/kidsplay.lt\/produktas\/tipi-wigwam-kremine-palapine-2\/#breadcrumb"},"inLanguage":"lv-LV","potentialAction":[{"@type":"ReadAction","target":["https:\/\/kidsplay.lt\/produktas\/tipi-wigwam-kremine-palapine-2\/"]}]},{"@type":"ImageObject","inLanguage":"lv-LV","@id":"https:\/\/kidsplay.lt\/produktas\/tipi-wigwam-kremine-palapine-2\/#primaryimage","url":"https:\/\/kidsplay.lt\/wp-content\/uploads\/2025\/09\/Screenshot_687.png","contentUrl":"https:\/\/kidsplay.lt\/wp-content\/uploads\/2025\/09\/Screenshot_687.png","width":580,"height":507,"caption":"Tipi Wigwam kremin\u0117 palapin\u0117"},{"@type":"BreadcrumbList","@id":"https:\/\/kidsplay.lt\/produktas\/tipi-wigwam-kremine-palapine-2\/#breadcrumb","itemListElement":[{"@type":"ListItem","position":1,"name":"Pagrindinis","item":"https:\/\/kidsplay.lt\/"},{"@type":"ListItem","position":2,"name":"Parduotuv\u0117","item":"https:\/\/kidsplay.lt\/parduotuve\/"},{"@type":"ListItem","position":3,"name":"Tipi Wigwam kremin\u0117 palapin\u0117"}]},{"@type":"WebSite","@id":"https:\/\/kidsplay.lt\/#website","url":"https:\/\/kidsplay.lt\/","name":"B\u0113rnu sp\u0113les.lv","description":"\u012evairios prek\u0117s vaikams","publisher":{"@id":"https:\/\/kidsplay.lt\/#organization"},"alternateName":"Kidsplay","potentialAction":[{"@type":"SearchAction","target":{"@type":"EntryPoint","urlTemplate":"https:\/\/kidsplay.lt\/?s={search_term_string}"},"query-input":{"@type":"PropertyValueSpecification","valueRequired":true,"valueName":"search_term_string"}}],"inLanguage":"lv-LV"},{"@type":"Organization","@id":"https:\/\/kidsplay.lt\/#organization","name":"B\u0113rnu sp\u0113le","url":"https:\/\/kidsplay.lt\/","logo":{"@type":"ImageObject","inLanguage":"lv-LV","@id":"https:\/\/kidsplay.lt\/#\/schema\/logo\/image\/","url":"https:\/\/kidsplay.lt\/wp-content\/uploads\/2023\/07\/kidsplay-logo.png","contentUrl":"https:\/\/kidsplay.lt\/wp-content\/uploads\/2023\/07\/kidsplay-logo.png","width":451,"height":98,"caption":"KidsPlay"},"image":{"@id":"https:\/\/kidsplay.lt\/#\/schema\/logo\/image\/"},"sameAs":["https:\/\/www.facebook.com\/www.kidsplay.lt"]}]}},"_links":{"self":[{"href":"https:\/\/kidsplay.lt\/lv\/wp-json\/wp\/v2\/product\/65627","targetHints":{"allow":["GET"]}}],"collection":[{"href":"https:\/\/kidsplay.lt\/lv\/wp-json\/wp\/v2\/product"}],"about":[{"href":"https:\/\/kidsplay.lt\/lv\/wp-json\/wp\/v2\/types\/product"}],"version-history":[{"count":5,"href":"https:\/\/kidsplay.lt\/lv\/wp-json\/wp\/v2\/product\/65627\/revisions"}],"predecessor-version":[{"id":83281,"href":"https:\/\/kidsplay.lt\/lv\/wp-json\/wp\/v2\/product\/65627\/revisions\/83281"}],"wp:featuredmedia":[{"embeddable":true,"href":"https:\/\/kidsplay.lt\/lv\/wp-json\/wp\/v2\/media\/65628"}],"wp:attachment":[{"href":"https:\/\/kidsplay.lt\/lv\/wp-json\/wp\/v2\/media?parent=65627"}],"wp:term":[{"taxonomy":"product_brand","embeddable":true,"href":"https:\/\/kidsplay.lt\/lv\/wp-json\/wp\/v2\/product_brand?post=65627"},{"taxonomy":"product_cat","embeddable":true,"href":"https:\/\/kidsplay.lt\/lv\/wp-json\/wp\/v2\/product_cat?post=65627"},{"taxonomy":"product_tag","embeddable":true,"href":"https:\/\/kidsplay.lt\/lv\/wp-json\/wp\/v2\/product_tag?post=65627"}],"curies":[{"name":"wp","href":"https:\/\/api.w.org\/{rel}","templated":true}]}}