{"id":65638,"date":"2025-09-24T12:08:42","date_gmt":"2025-09-24T09:08:42","guid":{"rendered":"https:\/\/kidsplay.lt\/?post_type=product&#038;p=65638"},"modified":"2025-12-29T19:50:03","modified_gmt":"2025-12-29T17:50:03","slug":"happy-kiddo-joy-leliu-vezimelis","status":"publish","type":"product","link":"https:\/\/kidsplay.lt\/lv\/products\/happy-kiddo-joy-leliu-vezimelis\/","title":{"rendered":"\u201eHappy Kiddo Joy\u201c l\u0117li\u0173 ve\u017eim\u0117lis"},"content":{"rendered":"<div class=\"mpof_ki myre_zn myre_8v_l m389_6m_l\">\n<div class=\"mp4t_16_s mryx_16_s mr3m_1 mli2_1 mh85_56 mh85_0_l\">\n<div class=\"mgn2_16 _0d3bd_am0a-\">\n<h2><span dir=\"auto\">Gilus l\u0117li\u0173 ve\u017eim\u0117lis su krep\u0161iu \u2013 tobula dovana kiekvienai ma\u017eajai mamytei!<\/span><\/h2>\n<p><span dir=\"auto\">Ar j\u016bs\u0173 vaikas m\u0117gsta r\u016bpintis savo l\u0117l\u0117mis? \u0160is gilus l\u0117li\u0173 ve\u017eim\u0117lis yra puikus pasirinkimas! Jis puikiai imituoja tikr\u0105 ve\u017eim\u0117l\u012f ir leid\u017eia j\u016bs\u0173 ma\u017eyliui prisiimti r\u016bpestingo pri\u017ei\u016br\u0117tojo vaidmen\u012f. Spalvingas, lengvas ir stabilus, jis taps m\u0117gstamiausiu kompanionu pasivaik\u0161\u010diojimams ir \u017eaidimams namuose.<\/span><\/p>\n<h2><span dir=\"auto\">Techniniai parametrai:<\/span><\/h2>\n<ul>\n<li><span dir=\"auto\">Auk\u0161tis iki gondolos: apie 44 cm; su gaubtu: apie 66 cm<\/span><\/li>\n<li><span dir=\"auto\">Auk\u0161tis iki rankenos: apie 72 cm<\/span><\/li>\n<li><span dir=\"auto\">Ve\u017eim\u0117lio ilgis: apie 53 cm<\/span><\/li>\n<li><span dir=\"auto\">Plotis: apie 35 cm<\/span><\/li>\n<li><span dir=\"auto\">Gondolos matmenys: apytiksliai 26 x 48 x 11 cm<\/span><\/li>\n<li><span dir=\"auto\">Rat\u0173 skersmuo: apie 20 cm<\/span><\/li>\n<li><span dir=\"auto\">Mai\u0161elio matmenys: apytiksliai 15 x 23 x 11 cm<\/span><\/li>\n<li><span dir=\"auto\">Komplekto svoris: apie 1,5 kg<\/span><\/li>\n<li><span dir=\"auto\">Med\u017eiaga: metalas + audinys + plastikas<\/span><\/li>\n<li><span dir=\"auto\">Spalva: pilkas d\u017einsas su rausvais elementais<\/span><\/li>\n<\/ul>\n<\/div>\n<\/div>\n<\/div>\n<div class=\"mpof_ki myre_zn myre_8v_l m389_6m_l\">\n<div class=\"mp4t_16_s mryx_16_s mr3m_1 mli2_1 mh85_56 mh85_0_l\">\n<div class=\"mg9e_8 mj7a_8 mg9e_0_s mvrt_0_s mj7a_0_s mh36_0_s mzmg_6m munh_16_l m3h2_16_l\">\n<div class=\"mp4t_0 mryx_0 munh_56 m3h2_56\">\n<div class=\"mp7g_oh\"><button class=\"mg9e_0 mvrt_0 mj7a_0 mh36_0 mp4t_0 m3h2_0 mryx_0 munh_0 mqen_m6 mpof_z0 mx7m_0 m7er_k4 mse2_k4 msts_pt\" data-analytics-interaction=\"true\" data-analytics-interaction-label=\"zoomable-image-open\" aria-disabled=\"true\"><img decoding=\"async\" class=\"msub_k4 mupj_5k mjru_k4 mse2_k4 mp7g_f6 mq1m_0 mj7u_0 m7er_k4 mqen_m6 m31c_d8 m0ux_fp lazyloaded\" src=\"https:\/\/a.allegroimg.com\/original\/11957c\/4d88d6b44d15b0b6af8d4592c5ce\" sizes=\"100vw\" srcset=\"https:\/\/a.allegroimg.com\/s360\/11957c\/4d88d6b44d15b0b6af8d4592c5ce 360w,https:\/\/a.allegroimg.com\/s720\/11957c\/4d88d6b44d15b0b6af8d4592c5ce 720w,https:\/\/a.allegroimg.com\/s1024\/11957c\/4d88d6b44d15b0b6af8d4592c5ce 768w,https:\/\/a.allegroimg.com\/original\/11957c\/4d88d6b44d15b0b6af8d4592c5ce 768w\" alt=\"\" width=\"768px\" data-srcset=\"\" \/><\/button><\/div>\n<\/div>\n<\/div>\n<\/div>\n<\/div>\n<div class=\"mpof_ki myre_zn myre_8v_l m389_6m_l\">\n<div class=\"mp4t_16_s mryx_16_s mr3m_1 mli2_1 mh85_56 mh85_0_l\">\n<div class=\"mg9e_8 mj7a_8 mg9e_0_s mvrt_0_s mj7a_0_s mh36_0_s mzmg_6m munh_16_l m3h2_16_l\">\n<div class=\"mp4t_0 mryx_0 munh_56 m3h2_56\">\n<div class=\"mp7g_oh\"><button class=\"mg9e_0 mvrt_0 mj7a_0 mh36_0 mp4t_0 m3h2_0 mryx_0 munh_0 mqen_m6 mpof_z0 mx7m_0 m7er_k4 mse2_k4 msts_pt\" data-analytics-interaction=\"true\" data-analytics-interaction-label=\"zoomable-image-open\" aria-disabled=\"true\"><img decoding=\"async\" class=\"msub_k4 mupj_5k mjru_k4 mse2_k4 mp7g_f6 mq1m_0 mj7u_0 m7er_k4 mqen_m6 m31c_d8 m0ux_fp lazyloaded\" src=\"https:\/\/a.allegroimg.com\/original\/11a43c\/e7fb92f945eab7eb4ac72006a1be\/Wozek-dla-lalek-gleboki-gondola-skladany-gumowe-kola-duzy-lekki-Seria-Joy\" sizes=\"(min-width: 1200px) 560px, (min-width: 992px) 50vw, 100vw\" srcset=\"https:\/\/a.allegroimg.com\/s360\/11a43c\/e7fb92f945eab7eb4ac72006a1be\/Wozek-dla-lalek-gleboki-gondola-skladany-gumowe-kola-duzy-lekki-Seria-Joy 360w,https:\/\/a.allegroimg.com\/s720\/11a43c\/e7fb92f945eab7eb4ac72006a1be\/Wozek-dla-lalek-gleboki-gondola-skladany-gumowe-kola-duzy-lekki-Seria-Joy 720w,https:\/\/a.allegroimg.com\/s1024\/11a43c\/e7fb92f945eab7eb4ac72006a1be\/Wozek-dla-lalek-gleboki-gondola-skladany-gumowe-kola-duzy-lekki-Seria-Joy 1024w,https:\/\/a.allegroimg.com\/original\/11a43c\/e7fb92f945eab7eb4ac72006a1be\/Wozek-dla-lalek-gleboki-gondola-skladany-gumowe-kola-duzy-lekki-Seria-Joy 1024w\" alt=\"W\u00f3zek dla lalek g\u0142\u0119boki gondola sk\u0142adany gumowe ko\u0142a du\u017cy lekki Seria Joy\" width=\"1024px\" data-srcset=\"\" \/><\/button><\/div>\n<\/div>\n<\/div>\n<\/div>\n<div class=\"mp4t_16_s mryx_16_s mr3m_1 mli2_1 mh85_56 mh85_0_l\">\n<div class=\"mgn2_16 _0d3bd_am0a-\">\n<h2><span dir=\"auto\">Funkcijos, kurios jums patiks:<\/span><\/h2>\n<ul>\n<li><span dir=\"auto\">Gilus gondolinis ve\u017eim\u0117lis \u2013 puikiai tinka l\u0117li\u0173 ir pliu\u0161ini\u0173 \u017eaisl\u0173 transportavimui<\/span><\/li>\n<li><span dir=\"auto\">Komplekte yra nuimamas krep\u0161ys smulkiems daiktams \u2013 pakabinamas ant rankenos<\/span><\/li>\n<li><span dir=\"auto\">Sulankstomas gaubtas apsaugo l\u0117l\u0119 nuo \u201esaul\u0117s ir v\u0117jo\u201c<\/span><\/li>\n<li><span dir=\"auto\">Pirkini\u0173 arba aksesuar\u0173 krep\u0161elis \u2013 dedamas po ve\u017eim\u0117liu<\/span><\/li>\n<li><span dir=\"auto\">Patvarus metalinis r\u0117mas \u2013 stabilumas ir ilgaam\u017ei\u0161kumas<\/span><\/li>\n<li><span dir=\"auto\">4 putplas\u010dio ratukai skland\u017eiam jud\u0117jimui<\/span><\/li>\n<li><span dir=\"auto\">Sulankstomas r\u0117mas \u2013 lengva laikyti ir transportuoti<\/span><\/li>\n<li><span dir=\"auto\">Madingos spalvos \u2013 ro\u017ein\u0117 su juodais apvadais<\/span><\/li>\n<\/ul>\n<\/div>\n<\/div>\n<\/div>\n<div class=\"mpof_ki myre_zn myre_8v_l m389_6m_l\">\n<div class=\"mp4t_16_s mryx_16_s mr3m_1 mli2_1 mh85_56 mh85_0_l\">\n<div class=\"mg9e_8 mj7a_8 mg9e_0_s mvrt_0_s mj7a_0_s mh36_0_s mzmg_6m munh_16_l m3h2_16_l\">\n<div class=\"mp4t_0 mryx_0 munh_56 m3h2_56\">\n<div class=\"mp7g_oh\"><button class=\"mg9e_0 mvrt_0 mj7a_0 mh36_0 mp4t_0 m3h2_0 mryx_0 munh_0 mqen_m6 mpof_z0 mx7m_0 m7er_k4 mse2_k4 msts_pt\" data-analytics-interaction=\"true\" data-analytics-interaction-label=\"zoomable-image-open\" aria-disabled=\"true\"><img decoding=\"async\" class=\"msub_k4 mupj_5k mjru_k4 mse2_k4 mp7g_f6 mq1m_0 mj7u_0 m7er_k4 mqen_m6 m31c_d8 m0ux_fp lazyloaded\" src=\"https:\/\/a.allegroimg.com\/original\/11957c\/4d88d6b44d15b0b6af8d4592c5ce\" sizes=\"100vw\" srcset=\"https:\/\/a.allegroimg.com\/s360\/11957c\/4d88d6b44d15b0b6af8d4592c5ce 360w,https:\/\/a.allegroimg.com\/s720\/11957c\/4d88d6b44d15b0b6af8d4592c5ce 720w,https:\/\/a.allegroimg.com\/s1024\/11957c\/4d88d6b44d15b0b6af8d4592c5ce 768w,https:\/\/a.allegroimg.com\/original\/11957c\/4d88d6b44d15b0b6af8d4592c5ce 768w\" alt=\"\" width=\"768px\" data-srcset=\"\" \/><\/button><\/div>\n<\/div>\n<\/div>\n<\/div>\n<\/div>\n<div class=\"mpof_ki myre_zn myre_8v_l m389_6m_l\">\n<div class=\"mp4t_16_s mryx_16_s mr3m_1 mli2_1 mh85_56 mh85_0_l\">\n<div class=\"mg9e_8 mj7a_8 mg9e_0_s mvrt_0_s mj7a_0_s mh36_0_s mzmg_6m munh_16_l m3h2_16_l\">\n<div class=\"mp4t_0 mryx_0 munh_56 m3h2_56\">\n<div class=\"mp7g_oh\"><button class=\"mg9e_0 mvrt_0 mj7a_0 mh36_0 mp4t_0 m3h2_0 mryx_0 munh_0 mqen_m6 mpof_z0 mx7m_0 m7er_k4 mse2_k4 msts_pt\" data-analytics-interaction=\"true\" data-analytics-interaction-label=\"zoomable-image-open\" aria-disabled=\"true\"><img decoding=\"async\" class=\"msub_k4 mupj_5k mjru_k4 mse2_k4 mp7g_f6 mq1m_0 mj7u_0 m7er_k4 mqen_m6 m31c_d8 m0ux_fp lazyloaded\" src=\"https:\/\/a.allegroimg.com\/original\/1103a5\/5efcdc764ebcb875b9f2ebbb0ffb\/Wozek-dla-lalek-gleboki-gondola-skladany-gumowe-kola-duzy-lekki-Wiek-dziecka-3-lata\" sizes=\"(min-width: 1200px) 560px, (min-width: 992px) 50vw, 100vw\" srcset=\"https:\/\/a.allegroimg.com\/s360\/1103a5\/5efcdc764ebcb875b9f2ebbb0ffb\/Wozek-dla-lalek-gleboki-gondola-skladany-gumowe-kola-duzy-lekki-Wiek-dziecka-3-lata 360w,https:\/\/a.allegroimg.com\/s720\/1103a5\/5efcdc764ebcb875b9f2ebbb0ffb\/Wozek-dla-lalek-gleboki-gondola-skladany-gumowe-kola-duzy-lekki-Wiek-dziecka-3-lata 720w,https:\/\/a.allegroimg.com\/s1024\/1103a5\/5efcdc764ebcb875b9f2ebbb0ffb\/Wozek-dla-lalek-gleboki-gondola-skladany-gumowe-kola-duzy-lekki-Wiek-dziecka-3-lata 1024w,https:\/\/a.allegroimg.com\/original\/1103a5\/5efcdc764ebcb875b9f2ebbb0ffb\/Wozek-dla-lalek-gleboki-gondola-skladany-gumowe-kola-duzy-lekki-Wiek-dziecka-3-lata 1024w\" alt=\"W\u00f3zek dla lalek g\u0142\u0119boki gondola sk\u0142adany gumowe ko\u0142a du\u017cy lekki Wiek dziecka 3 lata +\" width=\"1024px\" data-srcset=\"\" \/><\/button><\/div>\n<\/div>\n<\/div>\n<\/div>\n<div class=\"mp4t_16_s mryx_16_s mr3m_1 mli2_1 mh85_56 mh85_0_l\">\n<div class=\"mgn2_16 _0d3bd_am0a-\">\n<h2><span dir=\"auto\">Puikiai tinka \u017eaisti tiek patalpose, tiek lauke<\/span><\/h2>\n<p><span dir=\"auto\">L\u0117l\u0117s ve\u017eim\u0117lis yra ne tik \u017eaislas \u2013 tai priemon\u0117 empatijai, atsakingumui ir k\u016brybi\u0161kumui lavinti. Vaik\u0161tin\u0117damas su l\u0117le, j\u016bs\u0173 vaikas mokosi r\u016bpes\u010dio, planavimo ir vaizduot\u0117s. Jis puikiai tinka tiek sode, tiek namuose.<\/span><\/p>\n<h2><span dir=\"auto\">Dovanos id\u0117ja, kuri visada pasiteisina<\/span><\/h2>\n<p><span dir=\"auto\">Ie\u0161kote dovanos, kuri tikrai prad\u017eiugint\u0173 ma\u017e\u0105 mergait\u0119? \u0160is ve\u017eim\u0117lis puikiai tinka gimtadieniui, Vaik\u0173 dienai, \u0161vent\u0117ms ar \u0161iaip progai. Patogi rankena, stabil\u016bs ratukai ir klasikinis dizainas kiekvien\u0105 \u017eaidimo patirt\u012f paver\u010dia nepamir\u0161tama.<\/span><\/p>\n<h2><span dir=\"auto\">Krep\u0161ys ma\u017eai mamytei \u2013 stilingas rinkinio papildymas<\/span><\/h2>\n<p><span dir=\"auto\">\u012e komplekt\u0105 \u012feina atitinkama pe\u010di\u0173 rankin\u0117, kuri\u0105 galima pritvirtinti prie rankenos arba ne\u0161ioti atskirai. Joje tilps visi reikalingi priedai: buteliukas, sauskeln\u0117s, \u010diulptukas arba l\u0117l\u0117s pledukas. J\u016bs\u0173 ma\u017eylis jausis kaip tikra mama!<\/span><\/p>\n<h2><span dir=\"auto\">Lengvai valomas ir patogus sulankstyti<\/span><\/h2>\n<p><span dir=\"auto\">Ve\u017eim\u0117lio med\u017eiaginius komponentus galima nuvalyti dr\u0117gnu skudur\u0117liu, o sulankstomas r\u0117mas leid\u017eia lengvai laikyti net ma\u017eoje patalpoje. Ve\u017eim\u0117l\u012f taip pat galite pasiimti su savimi \u012f keliones \u2013 jis neu\u017eima daug vietos baga\u017ein\u0117je!<\/span><\/p>\n<\/div>\n<\/div>\n<\/div>\n<div class=\"mpof_ki myre_zn myre_8v_l m389_6m_l\">\n<div class=\"mp4t_16_s mryx_16_s mr3m_1 mli2_1 mh85_56 mh85_0_l\">\n<div class=\"mg9e_8 mj7a_8 mg9e_0_s mvrt_0_s mj7a_0_s mh36_0_s mzmg_6m munh_16_l m3h2_16_l\">\n<div class=\"mp4t_0 mryx_0 munh_56 m3h2_56\">\n<div class=\"mp7g_oh\"><button class=\"mg9e_0 mvrt_0 mj7a_0 mh36_0 mp4t_0 m3h2_0 mryx_0 munh_0 mqen_m6 mpof_z0 mx7m_0 m7er_k4 mse2_k4 msts_pt\" data-analytics-interaction=\"true\" data-analytics-interaction-label=\"zoomable-image-open\" aria-disabled=\"true\"><img decoding=\"async\" class=\"msub_k4 mupj_5k mjru_k4 mse2_k4 mp7g_f6 mq1m_0 mj7u_0 m7er_k4 mqen_m6 m31c_d8 m0ux_fp lazyloaded\" src=\"https:\/\/a.allegroimg.com\/original\/11957c\/4d88d6b44d15b0b6af8d4592c5ce\" sizes=\"100vw\" srcset=\"https:\/\/a.allegroimg.com\/s360\/11957c\/4d88d6b44d15b0b6af8d4592c5ce 360w,https:\/\/a.allegroimg.com\/s720\/11957c\/4d88d6b44d15b0b6af8d4592c5ce 720w,https:\/\/a.allegroimg.com\/s1024\/11957c\/4d88d6b44d15b0b6af8d4592c5ce 768w,https:\/\/a.allegroimg.com\/original\/11957c\/4d88d6b44d15b0b6af8d4592c5ce 768w\" alt=\"\" width=\"768px\" data-srcset=\"\" \/><\/button><\/div>\n<\/div>\n<\/div>\n<\/div>\n<\/div>\n<div class=\"mpof_ki myre_zn myre_8v_l m389_6m_l\">\n<div class=\"mp4t_16_s mryx_16_s mr3m_1 mli2_1 mh85_56 mh85_0_l\">\n<div class=\"mgn2_16 _0d3bd_am0a-\">\n<h2><span dir=\"auto\">Kam?<\/span><\/h2>\n<ul>\n<li><span dir=\"auto\">Vaikams nuo 3 met\u0173<\/span><\/li>\n<li><span dir=\"auto\">Mergait\u0117ms, kurios m\u0117gsta \u017eaisti su l\u0117l\u0117mis<\/span><\/li>\n<li><span dir=\"auto\">Nam\u0173 \u0161eimos \u017eaidim\u0173 m\u0117g\u0117jams<\/span><\/li>\n<li><span dir=\"auto\">Ma\u017eyliams, norintiems \u201eb\u016bti kaip mama\u201c<\/span><\/li>\n<\/ul>\n<\/div>\n<\/div>\n<\/div>","protected":false},"excerpt":{"rendered":"<p>\u201eHappy Kiddo Joy\u201c l\u0117li\u0173 ve\u017eim\u0117lis<\/p>","protected":false},"featured_media":65639,"template":"","meta":{"_acf_changed":false,"_glsr_average":0,"_glsr_ranking":0,"_glsr_reviews":0},"product_brand":[],"product_cat":[443,295],"product_tag":[],"class_list":{"0":"post-65638","1":"product","2":"type-product","3":"status-publish","4":"has-post-thumbnail","6":"product_cat-leles-ir-priedai","7":"product_cat-vezimeliai-lelems","8":"\"style=\"background-color: #2ecc711c;\"","10":"first","11":"instock","12":"sale","13":"shipping-taxable","14":"purchasable","15":"product-type-simple"},"acf":[],"yoast_head":"<!-- This site is optimized with the Yoast SEO plugin v27.3 - https:\/\/yoast.com\/product\/yoast-seo-wordpress\/ -->\n<title>\u201eHappy Kiddo Joy\u201c l\u0117li\u0173 ve\u017eim\u0117lis - KidsPlay<\/title>\n<meta name=\"description\" content=\"\u201eHappy Kiddo Joy\u201c l\u0117li\u0173 ve\u017eim\u0117lis\" \/>\n<meta name=\"robots\" content=\"index, follow, max-snippet:-1, max-image-preview:large, max-video-preview:-1\" \/>\n<link rel=\"canonical\" href=\"https:\/\/kidsplay.lt\/lv\/products\/happy-kiddo-joy-leliu-vezimelis\/\" \/>\n<meta property=\"og:locale\" content=\"lv_LV\" \/>\n<meta property=\"og:type\" content=\"article\" \/>\n<meta property=\"og:title\" content=\"\u201eHappy Kiddo Joy\u201c l\u0117li\u0173 ve\u017eim\u0117lis - KidsPlay\" \/>\n<meta property=\"og:description\" content=\"\u201eHappy Kiddo Joy\u201c l\u0117li\u0173 ve\u017eim\u0117lis\" \/>\n<meta property=\"og:url\" content=\"https:\/\/kidsplay.lt\/lv\/products\/happy-kiddo-joy-leliu-vezimelis\/\" \/>\n<meta property=\"og:site_name\" content=\"KidsPlay\" \/>\n<meta property=\"article:publisher\" content=\"https:\/\/www.facebook.com\/www.kidsplay.lt\" \/>\n<meta property=\"article:modified_time\" content=\"2025-12-29T17:50:03+00:00\" \/>\n<meta property=\"og:image\" content=\"https:\/\/kidsplay.lt\/wp-content\/uploads\/2025\/09\/Screenshot_694.png\" \/>\n\t<meta property=\"og:image:width\" content=\"547\" \/>\n\t<meta property=\"og:image:height\" content=\"495\" \/>\n\t<meta property=\"og:image:type\" content=\"image\/png\" \/>\n<meta name=\"twitter:card\" content=\"summary_large_image\" \/>\n<meta name=\"twitter:label1\" content=\"Est. reading time\" \/>\n\t<meta name=\"twitter:data1\" content=\"4 min\u016btes\" \/>\n<script type=\"application\/ld+json\" class=\"yoast-schema-graph\">{\"@context\":\"https:\\\/\\\/schema.org\",\"@graph\":[{\"@type\":\"WebPage\",\"@id\":\"https:\\\/\\\/kidsplay.lt\\\/produktas\\\/happy-kiddo-joy-leliu-vezimelis\\\/\",\"url\":\"https:\\\/\\\/kidsplay.lt\\\/produktas\\\/happy-kiddo-joy-leliu-vezimelis\\\/\",\"name\":\"\u201eHappy Kiddo Joy\u201c l\u0117li\u0173 ve\u017eim\u0117lis - KidsPlay\",\"isPartOf\":{\"@id\":\"https:\\\/\\\/kidsplay.lt\\\/#website\"},\"primaryImageOfPage\":{\"@id\":\"https:\\\/\\\/kidsplay.lt\\\/produktas\\\/happy-kiddo-joy-leliu-vezimelis\\\/#primaryimage\"},\"image\":{\"@id\":\"https:\\\/\\\/kidsplay.lt\\\/produktas\\\/happy-kiddo-joy-leliu-vezimelis\\\/#primaryimage\"},\"thumbnailUrl\":\"https:\\\/\\\/kidsplay.lt\\\/wp-content\\\/uploads\\\/2025\\\/09\\\/Screenshot_694.png\",\"datePublished\":\"2025-09-24T09:08:42+00:00\",\"dateModified\":\"2025-12-29T17:50:03+00:00\",\"description\":\"\u201eHappy Kiddo Joy\u201c l\u0117li\u0173 ve\u017eim\u0117lis\",\"breadcrumb\":{\"@id\":\"https:\\\/\\\/kidsplay.lt\\\/produktas\\\/happy-kiddo-joy-leliu-vezimelis\\\/#breadcrumb\"},\"inLanguage\":\"lv-LV\",\"potentialAction\":[{\"@type\":\"ReadAction\",\"target\":[\"https:\\\/\\\/kidsplay.lt\\\/produktas\\\/happy-kiddo-joy-leliu-vezimelis\\\/\"]}]},{\"@type\":\"ImageObject\",\"inLanguage\":\"lv-LV\",\"@id\":\"https:\\\/\\\/kidsplay.lt\\\/produktas\\\/happy-kiddo-joy-leliu-vezimelis\\\/#primaryimage\",\"url\":\"https:\\\/\\\/kidsplay.lt\\\/wp-content\\\/uploads\\\/2025\\\/09\\\/Screenshot_694.png\",\"contentUrl\":\"https:\\\/\\\/kidsplay.lt\\\/wp-content\\\/uploads\\\/2025\\\/09\\\/Screenshot_694.png\",\"width\":547,\"height\":495},{\"@type\":\"BreadcrumbList\",\"@id\":\"https:\\\/\\\/kidsplay.lt\\\/produktas\\\/happy-kiddo-joy-leliu-vezimelis\\\/#breadcrumb\",\"itemListElement\":[{\"@type\":\"ListItem\",\"position\":1,\"name\":\"Pagrindinis\",\"item\":\"https:\\\/\\\/kidsplay.lt\\\/\"},{\"@type\":\"ListItem\",\"position\":2,\"name\":\"Parduotuv\u0117\",\"item\":\"https:\\\/\\\/kidsplay.lt\\\/parduotuve\\\/\"},{\"@type\":\"ListItem\",\"position\":3,\"name\":\"\u201eHappy Kiddo Joy\u201c l\u0117li\u0173 ve\u017eim\u0117lis\"}]},{\"@type\":\"WebSite\",\"@id\":\"https:\\\/\\\/kidsplay.lt\\\/#website\",\"url\":\"https:\\\/\\\/kidsplay.lt\\\/\",\"name\":\"Kidsplay.lt\",\"description\":\"\u012evairios prek\u0117s vaikams\",\"publisher\":{\"@id\":\"https:\\\/\\\/kidsplay.lt\\\/#organization\"},\"alternateName\":\"Kidsplay\",\"potentialAction\":[{\"@type\":\"SearchAction\",\"target\":{\"@type\":\"EntryPoint\",\"urlTemplate\":\"https:\\\/\\\/kidsplay.lt\\\/?s={search_term_string}\"},\"query-input\":{\"@type\":\"PropertyValueSpecification\",\"valueRequired\":true,\"valueName\":\"search_term_string\"}}],\"inLanguage\":\"lv-LV\"},{\"@type\":\"Organization\",\"@id\":\"https:\\\/\\\/kidsplay.lt\\\/#organization\",\"name\":\"KidsPlay\",\"url\":\"https:\\\/\\\/kidsplay.lt\\\/\",\"logo\":{\"@type\":\"ImageObject\",\"inLanguage\":\"lv-LV\",\"@id\":\"https:\\\/\\\/kidsplay.lt\\\/#\\\/schema\\\/logo\\\/image\\\/\",\"url\":\"https:\\\/\\\/kidsplay.lt\\\/wp-content\\\/uploads\\\/2023\\\/07\\\/kidsplay-logo.png\",\"contentUrl\":\"https:\\\/\\\/kidsplay.lt\\\/wp-content\\\/uploads\\\/2023\\\/07\\\/kidsplay-logo.png\",\"width\":451,\"height\":98,\"caption\":\"KidsPlay\"},\"image\":{\"@id\":\"https:\\\/\\\/kidsplay.lt\\\/#\\\/schema\\\/logo\\\/image\\\/\"},\"sameAs\":[\"https:\\\/\\\/www.facebook.com\\\/www.kidsplay.lt\"]}]}<\/script>\n<!-- \/ Yoast SEO plugin. -->","yoast_head_json":{"title":"\u201eHappy Kiddo Joy\u201c l\u0117li\u0173 ve\u017eim\u0117lis - KidsPlay","description":"\u201eHappy Kiddo Joy\u201c l\u0117li\u0173 ve\u017eim\u0117lis","robots":{"index":"index","follow":"follow","max-snippet":"max-snippet:-1","max-image-preview":"max-image-preview:large","max-video-preview":"max-video-preview:-1"},"canonical":"https:\/\/kidsplay.lt\/lv\/products\/happy-kiddo-joy-leliu-vezimelis\/","og_locale":"lv_LV","og_type":"article","og_title":"\u201eHappy Kiddo Joy\u201c l\u0117li\u0173 ve\u017eim\u0117lis - KidsPlay","og_description":"\u201eHappy Kiddo Joy\u201c l\u0117li\u0173 ve\u017eim\u0117lis","og_url":"https:\/\/kidsplay.lt\/lv\/products\/happy-kiddo-joy-leliu-vezimelis\/","og_site_name":"KidsPlay","article_publisher":"https:\/\/www.facebook.com\/www.kidsplay.lt","article_modified_time":"2025-12-29T17:50:03+00:00","og_image":[{"width":547,"height":495,"url":"https:\/\/kidsplay.lt\/wp-content\/uploads\/2025\/09\/Screenshot_694.png","type":"image\/png"}],"twitter_card":"summary_large_image","twitter_misc":{"Est. reading time":"4 min\u016btes"},"schema":{"@context":"https:\/\/schema.org","@graph":[{"@type":"WebPage","@id":"https:\/\/kidsplay.lt\/produktas\/happy-kiddo-joy-leliu-vezimelis\/","url":"https:\/\/kidsplay.lt\/produktas\/happy-kiddo-joy-leliu-vezimelis\/","name":"\u201eHappy Kiddo Joy\u201c l\u0117li\u0173 ve\u017eim\u0117lis - KidsPlay","isPartOf":{"@id":"https:\/\/kidsplay.lt\/#website"},"primaryImageOfPage":{"@id":"https:\/\/kidsplay.lt\/produktas\/happy-kiddo-joy-leliu-vezimelis\/#primaryimage"},"image":{"@id":"https:\/\/kidsplay.lt\/produktas\/happy-kiddo-joy-leliu-vezimelis\/#primaryimage"},"thumbnailUrl":"https:\/\/kidsplay.lt\/wp-content\/uploads\/2025\/09\/Screenshot_694.png","datePublished":"2025-09-24T09:08:42+00:00","dateModified":"2025-12-29T17:50:03+00:00","description":"\u201eHappy Kiddo Joy\u201c l\u0117li\u0173 ve\u017eim\u0117lis","breadcrumb":{"@id":"https:\/\/kidsplay.lt\/produktas\/happy-kiddo-joy-leliu-vezimelis\/#breadcrumb"},"inLanguage":"lv-LV","potentialAction":[{"@type":"ReadAction","target":["https:\/\/kidsplay.lt\/produktas\/happy-kiddo-joy-leliu-vezimelis\/"]}]},{"@type":"ImageObject","inLanguage":"lv-LV","@id":"https:\/\/kidsplay.lt\/produktas\/happy-kiddo-joy-leliu-vezimelis\/#primaryimage","url":"https:\/\/kidsplay.lt\/wp-content\/uploads\/2025\/09\/Screenshot_694.png","contentUrl":"https:\/\/kidsplay.lt\/wp-content\/uploads\/2025\/09\/Screenshot_694.png","width":547,"height":495},{"@type":"BreadcrumbList","@id":"https:\/\/kidsplay.lt\/produktas\/happy-kiddo-joy-leliu-vezimelis\/#breadcrumb","itemListElement":[{"@type":"ListItem","position":1,"name":"Pagrindinis","item":"https:\/\/kidsplay.lt\/"},{"@type":"ListItem","position":2,"name":"Parduotuv\u0117","item":"https:\/\/kidsplay.lt\/parduotuve\/"},{"@type":"ListItem","position":3,"name":"\u201eHappy Kiddo Joy\u201c l\u0117li\u0173 ve\u017eim\u0117lis"}]},{"@type":"WebSite","@id":"https:\/\/kidsplay.lt\/#website","url":"https:\/\/kidsplay.lt\/","name":"B\u0113rnu sp\u0113les.lv","description":"\u012evairios prek\u0117s vaikams","publisher":{"@id":"https:\/\/kidsplay.lt\/#organization"},"alternateName":"Kidsplay","potentialAction":[{"@type":"SearchAction","target":{"@type":"EntryPoint","urlTemplate":"https:\/\/kidsplay.lt\/?s={search_term_string}"},"query-input":{"@type":"PropertyValueSpecification","valueRequired":true,"valueName":"search_term_string"}}],"inLanguage":"lv-LV"},{"@type":"Organization","@id":"https:\/\/kidsplay.lt\/#organization","name":"B\u0113rnu sp\u0113le","url":"https:\/\/kidsplay.lt\/","logo":{"@type":"ImageObject","inLanguage":"lv-LV","@id":"https:\/\/kidsplay.lt\/#\/schema\/logo\/image\/","url":"https:\/\/kidsplay.lt\/wp-content\/uploads\/2023\/07\/kidsplay-logo.png","contentUrl":"https:\/\/kidsplay.lt\/wp-content\/uploads\/2023\/07\/kidsplay-logo.png","width":451,"height":98,"caption":"KidsPlay"},"image":{"@id":"https:\/\/kidsplay.lt\/#\/schema\/logo\/image\/"},"sameAs":["https:\/\/www.facebook.com\/www.kidsplay.lt"]}]}},"_links":{"self":[{"href":"https:\/\/kidsplay.lt\/lv\/wp-json\/wp\/v2\/product\/65638","targetHints":{"allow":["GET"]}}],"collection":[{"href":"https:\/\/kidsplay.lt\/lv\/wp-json\/wp\/v2\/product"}],"about":[{"href":"https:\/\/kidsplay.lt\/lv\/wp-json\/wp\/v2\/types\/product"}],"version-history":[{"count":2,"href":"https:\/\/kidsplay.lt\/lv\/wp-json\/wp\/v2\/product\/65638\/revisions"}],"predecessor-version":[{"id":73932,"href":"https:\/\/kidsplay.lt\/lv\/wp-json\/wp\/v2\/product\/65638\/revisions\/73932"}],"wp:featuredmedia":[{"embeddable":true,"href":"https:\/\/kidsplay.lt\/lv\/wp-json\/wp\/v2\/media\/65639"}],"wp:attachment":[{"href":"https:\/\/kidsplay.lt\/lv\/wp-json\/wp\/v2\/media?parent=65638"}],"wp:term":[{"taxonomy":"product_brand","embeddable":true,"href":"https:\/\/kidsplay.lt\/lv\/wp-json\/wp\/v2\/product_brand?post=65638"},{"taxonomy":"product_cat","embeddable":true,"href":"https:\/\/kidsplay.lt\/lv\/wp-json\/wp\/v2\/product_cat?post=65638"},{"taxonomy":"product_tag","embeddable":true,"href":"https:\/\/kidsplay.lt\/lv\/wp-json\/wp\/v2\/product_tag?post=65638"}],"curies":[{"name":"wp","href":"https:\/\/api.w.org\/{rel}","templated":true}]}}