{"id":65730,"date":"2025-09-26T10:10:55","date_gmt":"2025-09-26T07:10:55","guid":{"rendered":"https:\/\/kidsplay.lt\/?post_type=product&#038;p=65730"},"modified":"2025-12-29T19:52:26","modified_gmt":"2025-12-29T17:52:26","slug":"dideli-apsauginiai-varteliai","status":"publish","type":"product","link":"https:\/\/kidsplay.lt\/lv\/products\/dideli-apsauginiai-varteliai\/","title":{"rendered":"Dideli apsauginiai varteliai"},"content":{"rendered":"<div class=\"mpof_ki myre_zn myre_8v_l m389_6m_l\">\n<div class=\"mp4t_16_s mryx_16_s mr3m_1 mli2_1 mh85_56 mh85_0_l\">\n<div class=\"mgn2_16 _0d3bd_am0a-\">\n<ul>\n<li><b><span dir=\"auto\">LENGVAS MONTAVIMAS<\/span><\/b><span dir=\"auto\">\u00a0\u00a0\u2013 vartus galima lengvai pritvirtinti prie sienos naudojant komplekte esan\u010dius tvirtinimo elementus.<\/span><\/li>\n<\/ul>\n<ul>\n<li><b><span dir=\"auto\">APSAUGA NUO ATIDARYMO<\/span><\/b><span dir=\"auto\">\u00a0\u2013 vartai suprojektuoti taip, kad b\u016bt\u0173 i\u0161vengta atsitiktinio atidarymo.<\/span><\/li>\n<\/ul>\n<ul>\n<li><b><span dir=\"auto\">REGULIAVIMO LAISV\u0116<\/span><\/b><span dir=\"auto\">\u00a0\u2013 dangtis pagamintas i\u0161 penki\u0173 element\u0173, sujungt\u0173 segmentiniais vyriais, kurie leid\u017eia j\u012f reguliuoti pagal konkre\u010di\u0105 \u017eidinio konstrukcij\u0105 ir individualius l\u016bkes\u010dius.<\/span><\/li>\n<\/ul>\n<ul>\n<li><b><span dir=\"auto\">I\u0160PL\u0116STIN\u0116JIMAS<\/span><\/b><span dir=\"auto\">\u00a0\u2013 vartai yra suderinami vienas su kitu, pavyzd\u017eiui, galite sujungti du komplektus, kad gautum\u0117te vien\u0105 didesn\u012f.<\/span><\/li>\n<\/ul>\n<ul>\n<li><b><span dir=\"auto\">SPECIFIKACIJA<\/span><\/b><span dir=\"auto\">\u00a0\u2013 med\u017eiaga: ABS, kitos med\u017eiagos: PC + varis; spalva: juoda; atstumas tarp pakop\u0173: 5 cm; bendri matmenys: 304 x 74,5 cm; svoris: 9,2 kg.<\/span><\/li>\n<\/ul>\n<\/div>\n<\/div>\n<\/div>\n<div class=\"mpof_ki myre_zn myre_8v_l m389_6m_l\">\n<div class=\"mp4t_16_s mryx_16_s mr3m_1 mli2_1 mh85_56 mh85_0_l\">\n<div class=\"mgn2_16 _0d3bd_am0a-\">\n<p><b><span dir=\"auto\">PRODUKTO SPECIFIKACIJOS:<\/span><\/b><\/p>\n<ul>\n<li><span dir=\"auto\">med\u017eiaga: ABS, kita: PC + varis<\/span><\/li>\n<li><span dir=\"auto\">spalva: juoda<\/span><\/li>\n<li><span dir=\"auto\">atstumas tarp pakop\u0173: 5 cm<\/span><\/li>\n<li><span dir=\"auto\">Bendri matmenys: 304 x 74,5 cm<\/span><\/li>\n<li><span dir=\"auto\">svoris: 9,2 kg<\/span><\/li>\n<\/ul>\n<p><b><span dir=\"auto\">\u012eSKAI\u010cIUOTA<\/span><\/b><\/p>\n<ul>\n<li><span dir=\"auto\">1 \u012fvartis<\/span><\/li>\n<li><span dir=\"auto\">4 \u0161onin\u0117s panel\u0117s<\/span><\/li>\n<li><span dir=\"auto\">tvirtinimo elementai<\/span><\/li>\n<\/ul>\n<\/div>\n<\/div>\n<div class=\"mp4t_16_s mryx_16_s mr3m_1 mli2_1 mh85_56 mh85_0_l\">\n<div class=\"mg9e_8 mj7a_8 mg9e_0_s mvrt_0_s mj7a_0_s mh36_0_s mzmg_6m munh_16_l m3h2_16_l\">\n<div class=\"mp4t_0 mryx_0 munh_56 m3h2_56\">\n<div class=\"mp7g_oh\"><button class=\"mg9e_0 mvrt_0 mj7a_0 mh36_0 mp4t_0 m3h2_0 mryx_0 munh_0 mqen_m6 mpof_z0 mx7m_0 m7er_k4 mse2_k4 msts_pt\" data-analytics-interaction=\"true\" data-analytics-interaction-label=\"zoomable-image-open\" aria-disabled=\"true\"><img decoding=\"async\" class=\"msub_k4 mupj_5k mjru_k4 mse2_k4 mp7g_f6 mq1m_0 mj7u_0 m7er_k4 mqen_m6 m31c_d8 m0ux_fp lazyloaded\" src=\"https:\/\/a.allegroimg.com\/original\/11aea1\/4afbd9c542868fbfc67829e66c61\/Bramka-Barierka-Zabezpieczajaca-Oslona-do-Kominka-Pieca-Ochronna-Kominkowa-Kod-producenta-2961\" sizes=\"(min-width: 1200px) 560px, (min-width: 992px) 50vw, 100vw\" srcset=\"https:\/\/a.allegroimg.com\/s360\/11aea1\/4afbd9c542868fbfc67829e66c61\/Bramka-Barierka-Zabezpieczajaca-Oslona-do-Kominka-Pieca-Ochronna-Kominkowa-Kod-producenta-2961 360w,https:\/\/a.allegroimg.com\/s720\/11aea1\/4afbd9c542868fbfc67829e66c61\/Bramka-Barierka-Zabezpieczajaca-Oslona-do-Kominka-Pieca-Ochronna-Kominkowa-Kod-producenta-2961 720w,https:\/\/a.allegroimg.com\/s1024\/11aea1\/4afbd9c542868fbfc67829e66c61\/Bramka-Barierka-Zabezpieczajaca-Oslona-do-Kominka-Pieca-Ochronna-Kominkowa-Kod-producenta-2961 800w,https:\/\/a.allegroimg.com\/original\/11aea1\/4afbd9c542868fbfc67829e66c61\/Bramka-Barierka-Zabezpieczajaca-Oslona-do-Kominka-Pieca-Ochronna-Kominkowa-Kod-producenta-2961 800w\" alt=\"Vart\u0173 apsauginis barjeras \u017didinio u\u017edanga Krosnel\u0117 Apsauginis \u017eidinys Gamintojo kodas 2961\" width=\"800px\" data-srcset=\"\" \/><\/button><\/div>\n<\/div>\n<\/div>\n<\/div>\n<\/div>\n<div class=\"mpof_ki myre_zn myre_8v_l m389_6m_l\">\n<div class=\"mp4t_16_s mryx_16_s mr3m_1 mli2_1 mh85_56 mh85_0_l\">\n<div class=\"mgn2_16 _0d3bd_am0a-\">\n<p><span dir=\"auto\">Geriausias sprendimas norint m\u0117gautis jaukia \u017eidinio \u0161iluma nesijaudinant d\u0117l \u200b\u200bsaugumo. \u017didinio varteliai puikiai atskiria pavojingas zonas ir neleid\u017eia patekti prie kar\u0161to \u017eidinio. Apsauginis dangtis\u00a0<\/span><b><span dir=\"auto\">suderinamas su dauguma rinkoje esan\u010di\u0173 \u017eidini\u0173 modeli\u0173<\/span><\/b><span dir=\"auto\">\u00a0.<\/span><\/p>\n<\/div>\n<\/div>\n<\/div>","protected":false},"excerpt":{"rendered":"<p>Dideli apsauginiai varteliai<\/p>","protected":false},"featured_media":65731,"template":"","meta":{"_acf_changed":false,"_glsr_average":0,"_glsr_ranking":0,"_glsr_reviews":0},"product_brand":[],"product_cat":[396],"product_tag":[],"class_list":{"0":"post-65730","1":"product","2":"type-product","3":"status-publish","4":"has-post-thumbnail","6":"product_cat-kudikiu-zaislai-vaikams2","7":"\"style=\"background-color: #2ecc711c;\"","9":"first","10":"instock","11":"sale","12":"shipping-taxable","13":"purchasable","14":"product-type-simple"},"acf":[],"yoast_head":"<!-- This site is optimized with the Yoast SEO plugin v27.3 - https:\/\/yoast.com\/product\/yoast-seo-wordpress\/ -->\n<title>Dideli apsauginiai varteliai - KidsPlay<\/title>\n<meta name=\"description\" content=\"Dideli apsauginiai varteliai\" \/>\n<meta name=\"robots\" content=\"index, follow, max-snippet:-1, max-image-preview:large, max-video-preview:-1\" \/>\n<link rel=\"canonical\" href=\"https:\/\/kidsplay.lt\/lv\/products\/dideli-apsauginiai-varteliai\/\" \/>\n<meta property=\"og:locale\" content=\"lv_LV\" \/>\n<meta property=\"og:type\" content=\"article\" \/>\n<meta property=\"og:title\" content=\"Dideli apsauginiai varteliai - KidsPlay\" \/>\n<meta property=\"og:description\" content=\"Dideli apsauginiai varteliai\" \/>\n<meta property=\"og:url\" content=\"https:\/\/kidsplay.lt\/lv\/products\/dideli-apsauginiai-varteliai\/\" \/>\n<meta property=\"og:site_name\" content=\"KidsPlay\" \/>\n<meta property=\"article:publisher\" content=\"https:\/\/www.facebook.com\/www.kidsplay.lt\" \/>\n<meta property=\"article:modified_time\" content=\"2025-12-29T17:52:26+00:00\" \/>\n<meta property=\"og:image\" content=\"https:\/\/kidsplay.lt\/wp-content\/uploads\/2025\/09\/Screenshot_3.png\" \/>\n\t<meta property=\"og:image:width\" content=\"938\" \/>\n\t<meta property=\"og:image:height\" content=\"809\" \/>\n\t<meta property=\"og:image:type\" content=\"image\/png\" \/>\n<meta name=\"twitter:card\" content=\"summary_large_image\" \/>\n<meta name=\"twitter:label1\" content=\"Est. reading time\" \/>\n\t<meta name=\"twitter:data1\" content=\"2 min\u016btes\" \/>\n<script type=\"application\/ld+json\" class=\"yoast-schema-graph\">{\"@context\":\"https:\\\/\\\/schema.org\",\"@graph\":[{\"@type\":\"WebPage\",\"@id\":\"https:\\\/\\\/kidsplay.lt\\\/produktas\\\/dideli-apsauginiai-varteliai\\\/\",\"url\":\"https:\\\/\\\/kidsplay.lt\\\/produktas\\\/dideli-apsauginiai-varteliai\\\/\",\"name\":\"Dideli apsauginiai varteliai - KidsPlay\",\"isPartOf\":{\"@id\":\"https:\\\/\\\/kidsplay.lt\\\/#website\"},\"primaryImageOfPage\":{\"@id\":\"https:\\\/\\\/kidsplay.lt\\\/produktas\\\/dideli-apsauginiai-varteliai\\\/#primaryimage\"},\"image\":{\"@id\":\"https:\\\/\\\/kidsplay.lt\\\/produktas\\\/dideli-apsauginiai-varteliai\\\/#primaryimage\"},\"thumbnailUrl\":\"https:\\\/\\\/kidsplay.lt\\\/wp-content\\\/uploads\\\/2025\\\/09\\\/Screenshot_3.png\",\"datePublished\":\"2025-09-26T07:10:55+00:00\",\"dateModified\":\"2025-12-29T17:52:26+00:00\",\"description\":\"Dideli apsauginiai varteliai\",\"breadcrumb\":{\"@id\":\"https:\\\/\\\/kidsplay.lt\\\/produktas\\\/dideli-apsauginiai-varteliai\\\/#breadcrumb\"},\"inLanguage\":\"lv-LV\",\"potentialAction\":[{\"@type\":\"ReadAction\",\"target\":[\"https:\\\/\\\/kidsplay.lt\\\/produktas\\\/dideli-apsauginiai-varteliai\\\/\"]}]},{\"@type\":\"ImageObject\",\"inLanguage\":\"lv-LV\",\"@id\":\"https:\\\/\\\/kidsplay.lt\\\/produktas\\\/dideli-apsauginiai-varteliai\\\/#primaryimage\",\"url\":\"https:\\\/\\\/kidsplay.lt\\\/wp-content\\\/uploads\\\/2025\\\/09\\\/Screenshot_3.png\",\"contentUrl\":\"https:\\\/\\\/kidsplay.lt\\\/wp-content\\\/uploads\\\/2025\\\/09\\\/Screenshot_3.png\",\"width\":938,\"height\":809},{\"@type\":\"BreadcrumbList\",\"@id\":\"https:\\\/\\\/kidsplay.lt\\\/produktas\\\/dideli-apsauginiai-varteliai\\\/#breadcrumb\",\"itemListElement\":[{\"@type\":\"ListItem\",\"position\":1,\"name\":\"Pagrindinis\",\"item\":\"https:\\\/\\\/kidsplay.lt\\\/\"},{\"@type\":\"ListItem\",\"position\":2,\"name\":\"Parduotuv\u0117\",\"item\":\"https:\\\/\\\/kidsplay.lt\\\/parduotuve\\\/\"},{\"@type\":\"ListItem\",\"position\":3,\"name\":\"Dideli apsauginiai varteliai\"}]},{\"@type\":\"WebSite\",\"@id\":\"https:\\\/\\\/kidsplay.lt\\\/#website\",\"url\":\"https:\\\/\\\/kidsplay.lt\\\/\",\"name\":\"Kidsplay.lt\",\"description\":\"\u012evairios prek\u0117s vaikams\",\"publisher\":{\"@id\":\"https:\\\/\\\/kidsplay.lt\\\/#organization\"},\"alternateName\":\"Kidsplay\",\"potentialAction\":[{\"@type\":\"SearchAction\",\"target\":{\"@type\":\"EntryPoint\",\"urlTemplate\":\"https:\\\/\\\/kidsplay.lt\\\/?s={search_term_string}\"},\"query-input\":{\"@type\":\"PropertyValueSpecification\",\"valueRequired\":true,\"valueName\":\"search_term_string\"}}],\"inLanguage\":\"lv-LV\"},{\"@type\":\"Organization\",\"@id\":\"https:\\\/\\\/kidsplay.lt\\\/#organization\",\"name\":\"KidsPlay\",\"url\":\"https:\\\/\\\/kidsplay.lt\\\/\",\"logo\":{\"@type\":\"ImageObject\",\"inLanguage\":\"lv-LV\",\"@id\":\"https:\\\/\\\/kidsplay.lt\\\/#\\\/schema\\\/logo\\\/image\\\/\",\"url\":\"https:\\\/\\\/kidsplay.lt\\\/wp-content\\\/uploads\\\/2023\\\/07\\\/kidsplay-logo.png\",\"contentUrl\":\"https:\\\/\\\/kidsplay.lt\\\/wp-content\\\/uploads\\\/2023\\\/07\\\/kidsplay-logo.png\",\"width\":451,\"height\":98,\"caption\":\"KidsPlay\"},\"image\":{\"@id\":\"https:\\\/\\\/kidsplay.lt\\\/#\\\/schema\\\/logo\\\/image\\\/\"},\"sameAs\":[\"https:\\\/\\\/www.facebook.com\\\/www.kidsplay.lt\"]}]}<\/script>\n<!-- \/ Yoast SEO plugin. -->","yoast_head_json":{"title":"Dideli apsauginiai varteliai - KidsPlay","description":"Dideli apsauginiai varteliai","robots":{"index":"index","follow":"follow","max-snippet":"max-snippet:-1","max-image-preview":"max-image-preview:large","max-video-preview":"max-video-preview:-1"},"canonical":"https:\/\/kidsplay.lt\/lv\/products\/dideli-apsauginiai-varteliai\/","og_locale":"lv_LV","og_type":"article","og_title":"Dideli apsauginiai varteliai - KidsPlay","og_description":"Dideli apsauginiai varteliai","og_url":"https:\/\/kidsplay.lt\/lv\/products\/dideli-apsauginiai-varteliai\/","og_site_name":"KidsPlay","article_publisher":"https:\/\/www.facebook.com\/www.kidsplay.lt","article_modified_time":"2025-12-29T17:52:26+00:00","og_image":[{"width":938,"height":809,"url":"https:\/\/kidsplay.lt\/wp-content\/uploads\/2025\/09\/Screenshot_3.png","type":"image\/png"}],"twitter_card":"summary_large_image","twitter_misc":{"Est. reading time":"2 min\u016btes"},"schema":{"@context":"https:\/\/schema.org","@graph":[{"@type":"WebPage","@id":"https:\/\/kidsplay.lt\/produktas\/dideli-apsauginiai-varteliai\/","url":"https:\/\/kidsplay.lt\/produktas\/dideli-apsauginiai-varteliai\/","name":"Dideli apsauginiai varteliai - KidsPlay","isPartOf":{"@id":"https:\/\/kidsplay.lt\/#website"},"primaryImageOfPage":{"@id":"https:\/\/kidsplay.lt\/produktas\/dideli-apsauginiai-varteliai\/#primaryimage"},"image":{"@id":"https:\/\/kidsplay.lt\/produktas\/dideli-apsauginiai-varteliai\/#primaryimage"},"thumbnailUrl":"https:\/\/kidsplay.lt\/wp-content\/uploads\/2025\/09\/Screenshot_3.png","datePublished":"2025-09-26T07:10:55+00:00","dateModified":"2025-12-29T17:52:26+00:00","description":"Dideli apsauginiai varteliai","breadcrumb":{"@id":"https:\/\/kidsplay.lt\/produktas\/dideli-apsauginiai-varteliai\/#breadcrumb"},"inLanguage":"lv-LV","potentialAction":[{"@type":"ReadAction","target":["https:\/\/kidsplay.lt\/produktas\/dideli-apsauginiai-varteliai\/"]}]},{"@type":"ImageObject","inLanguage":"lv-LV","@id":"https:\/\/kidsplay.lt\/produktas\/dideli-apsauginiai-varteliai\/#primaryimage","url":"https:\/\/kidsplay.lt\/wp-content\/uploads\/2025\/09\/Screenshot_3.png","contentUrl":"https:\/\/kidsplay.lt\/wp-content\/uploads\/2025\/09\/Screenshot_3.png","width":938,"height":809},{"@type":"BreadcrumbList","@id":"https:\/\/kidsplay.lt\/produktas\/dideli-apsauginiai-varteliai\/#breadcrumb","itemListElement":[{"@type":"ListItem","position":1,"name":"Pagrindinis","item":"https:\/\/kidsplay.lt\/"},{"@type":"ListItem","position":2,"name":"Parduotuv\u0117","item":"https:\/\/kidsplay.lt\/parduotuve\/"},{"@type":"ListItem","position":3,"name":"Dideli apsauginiai varteliai"}]},{"@type":"WebSite","@id":"https:\/\/kidsplay.lt\/#website","url":"https:\/\/kidsplay.lt\/","name":"B\u0113rnu sp\u0113les.lv","description":"\u012evairios prek\u0117s vaikams","publisher":{"@id":"https:\/\/kidsplay.lt\/#organization"},"alternateName":"Kidsplay","potentialAction":[{"@type":"SearchAction","target":{"@type":"EntryPoint","urlTemplate":"https:\/\/kidsplay.lt\/?s={search_term_string}"},"query-input":{"@type":"PropertyValueSpecification","valueRequired":true,"valueName":"search_term_string"}}],"inLanguage":"lv-LV"},{"@type":"Organization","@id":"https:\/\/kidsplay.lt\/#organization","name":"B\u0113rnu sp\u0113le","url":"https:\/\/kidsplay.lt\/","logo":{"@type":"ImageObject","inLanguage":"lv-LV","@id":"https:\/\/kidsplay.lt\/#\/schema\/logo\/image\/","url":"https:\/\/kidsplay.lt\/wp-content\/uploads\/2023\/07\/kidsplay-logo.png","contentUrl":"https:\/\/kidsplay.lt\/wp-content\/uploads\/2023\/07\/kidsplay-logo.png","width":451,"height":98,"caption":"KidsPlay"},"image":{"@id":"https:\/\/kidsplay.lt\/#\/schema\/logo\/image\/"},"sameAs":["https:\/\/www.facebook.com\/www.kidsplay.lt"]}]}},"_links":{"self":[{"href":"https:\/\/kidsplay.lt\/lv\/wp-json\/wp\/v2\/product\/65730","targetHints":{"allow":["GET"]}}],"collection":[{"href":"https:\/\/kidsplay.lt\/lv\/wp-json\/wp\/v2\/product"}],"about":[{"href":"https:\/\/kidsplay.lt\/lv\/wp-json\/wp\/v2\/types\/product"}],"version-history":[{"count":3,"href":"https:\/\/kidsplay.lt\/lv\/wp-json\/wp\/v2\/product\/65730\/revisions"}],"predecessor-version":[{"id":73919,"href":"https:\/\/kidsplay.lt\/lv\/wp-json\/wp\/v2\/product\/65730\/revisions\/73919"}],"wp:featuredmedia":[{"embeddable":true,"href":"https:\/\/kidsplay.lt\/lv\/wp-json\/wp\/v2\/media\/65731"}],"wp:attachment":[{"href":"https:\/\/kidsplay.lt\/lv\/wp-json\/wp\/v2\/media?parent=65730"}],"wp:term":[{"taxonomy":"product_brand","embeddable":true,"href":"https:\/\/kidsplay.lt\/lv\/wp-json\/wp\/v2\/product_brand?post=65730"},{"taxonomy":"product_cat","embeddable":true,"href":"https:\/\/kidsplay.lt\/lv\/wp-json\/wp\/v2\/product_cat?post=65730"},{"taxonomy":"product_tag","embeddable":true,"href":"https:\/\/kidsplay.lt\/lv\/wp-json\/wp\/v2\/product_tag?post=65730"}],"curies":[{"name":"wp","href":"https:\/\/api.w.org\/{rel}","templated":true}]}}