{"id":65906,"date":"2025-09-26T21:43:01","date_gmt":"2025-09-26T18:43:01","guid":{"rendered":"https:\/\/kidsplay.lt\/?post_type=product&#038;p=65906"},"modified":"2025-12-01T15:42:22","modified_gmt":"2025-12-01T13:42:22","slug":"k-pop-advento-kalendorius","status":"publish","type":"product","link":"https:\/\/kidsplay.lt\/lv\/products\/k-pop-advento-kalendorius\/","title":{"rendered":"K-POP Adventes kalend\u0101rs"},"content":{"rendered":"<div class=\"mpof_ki myre_zn myre_8v_l m389_6m_l\">\n<div class=\"mp4t_16_s mryx_16_s mr3m_1 mli2_1 mh85_56 mh85_0_l\">\n<div class=\"mgn2_16 _0d3bd_am0a-\">\n<h1><span dir=\"auto\">KALENDORIUS 24 VNT. Akrilo rakt\u0173 pakabukas \u300aK-Pop: Demon\u0173 med\u017eiotojai\u300b<\/span><\/h1>\n<p><span dir=\"auto\">Advento kalendorius su paslaptinga d\u0117\u017eute<\/span><\/p>\n<p><span dir=\"auto\">Unikalus akrilinis rakt\u0173 pakabukas, kur\u012f galima naudoti kaip automobilio, kuprin\u0117s ar ra\u0161iklio d\u0117klo puo\u0161men\u0105.<\/span><\/p>\n<\/div>\n<\/div>\n<\/div>\n<div class=\"mpof_ki myre_zn myre_8v_l m389_6m_l\">\n<div class=\"mp4t_16_s mryx_16_s mr3m_1 mli2_1 mh85_56 mh85_0_l\">\n<div class=\"mg9e_8 mj7a_8 mg9e_0_s mvrt_0_s mj7a_0_s mh36_0_s mzmg_6m munh_16_l m3h2_16_l\">\n<div class=\"mp4t_0 mryx_0 munh_56 m3h2_56\">\n<div class=\"mp7g_oh\"><button class=\"mg9e_0 mvrt_0 mj7a_0 mh36_0 mp4t_0 m3h2_0 mryx_0 munh_0 mqen_m6 mpof_z0 mx7m_0 m7er_k4 mse2_k4 msts_pt\" data-analytics-interaction=\"true\" data-analytics-interaction-label=\"zoomable-image-open\" aria-disabled=\"true\"><img decoding=\"async\" class=\"msub_k4 mupj_5k mjru_k4 mse2_k4 mp7g_f6 mq1m_0 mj7u_0 m7er_k4 mqen_m6 m31c_d8 m0ux_fp lazyloaded\" src=\"https:\/\/a.allegroimg.com\/original\/11e40a\/b7845ecc43428d99cf9b1dc271e2\/K-Pop-Demon-Hunters-24SZT-KALENDARZ-ADWENTOWY-PREZENT-SWIATECZNY-NOWY-2026-Stan-opakowania-oryginalne\" sizes=\"(min-width: 1200px) 560px, (min-width: 992px) 50vw, 100vw\" srcset=\"https:\/\/a.allegroimg.com\/s360\/11e40a\/b7845ecc43428d99cf9b1dc271e2\/K-Pop-Demon-Hunters-24SZT-KALENDARZ-ADWENTOWY-PREZENT-SWIATECZNY-NOWY-2026-Stan-opakowania-oryginalne 360w,https:\/\/a.allegroimg.com\/s720\/11e40a\/b7845ecc43428d99cf9b1dc271e2\/K-Pop-Demon-Hunters-24SZT-KALENDARZ-ADWENTOWY-PREZENT-SWIATECZNY-NOWY-2026-Stan-opakowania-oryginalne 720w,https:\/\/a.allegroimg.com\/s1024\/11e40a\/b7845ecc43428d99cf9b1dc271e2\/K-Pop-Demon-Hunters-24SZT-KALENDARZ-ADWENTOWY-PREZENT-SWIATECZNY-NOWY-2026-Stan-opakowania-oryginalne 1024w,https:\/\/a.allegroimg.com\/s1440\/11e40a\/b7845ecc43428d99cf9b1dc271e2\/K-Pop-Demon-Hunters-24SZT-KALENDARZ-ADWENTOWY-PREZENT-SWIATECZNY-NOWY-2026-Stan-opakowania-oryginalne 1440w,https:\/\/a.allegroimg.com\/original\/11e40a\/b7845ecc43428d99cf9b1dc271e2\/K-Pop-Demon-Hunters-24SZT-KALENDARZ-ADWENTOWY-PREZENT-SWIATECZNY-NOWY-2026-Stan-opakowania-oryginalne 1600w\" alt=\"K-Pop: Demon Hunters 24 vnt. Advento kalendoriaus Kal\u0117d\u0173 dovana 2026 m. Originalios pakuot\u0117s b\u016bkl\u0117\" width=\"1600px\" data-srcset=\"\" \/><\/button><\/div>\n<\/div>\n<\/div>\n<\/div>\n<div class=\"mp4t_16_s mryx_16_s mr3m_1 mli2_1 mh85_56 mh85_0_l\">\n<div class=\"mgn2_16 _0d3bd_am0a-\">\n<h2><span dir=\"auto\">Vaik\u0173 kalendorius<\/span><\/h2>\n<h2><span dir=\"auto\">Turinys: 24 akriliniai rakt\u0173 pakabukai<\/span><\/h2>\n<p><span dir=\"auto\">\u0160iame advento kalendoriuje yra \u017eaisl\u0173, pagamint\u0173\u00a0\u00a0<\/span><b><span dir=\"auto\">i\u0161 auk\u0161tos kokyb\u0117s netoksi\u0161ko plastiko (akrilo + metalo)<\/span><\/b><span dir=\"auto\">\u00a0. Tinka vaikams nuo 3 met\u0173. Kal\u0117d\u0173 atgalinis skai\u010diavimas vaikams yra jaudinantis metas. \u0160iame Pok\u00e9mon advento kalendoriuje yra 24 detal\u0117s.\u00a0\u00a0<\/span><b><span dir=\"auto\">Tai puikus b\u016bdas prad\u0117ti \u0161ventin\u012f sezon\u0105!\u00a0<\/span><\/b>\u00a0<b><span dir=\"auto\">Jei svarstote, kaip nustebinti \u201eDemon Hunters\u201c gerb\u0117j\u0105, m\u016bs\u0173 kalendorius tam puikiai tiks!<\/span><\/b><\/p>\n<h2><span dir=\"auto\">Tai puiki dovana berniukams ir mergait\u0117ms, kurie m\u0117gsta Demon\u0173 med\u017eiotojus!<\/span><\/h2>\n<\/div>\n<\/div>\n<\/div>\n<div class=\"mpof_ki myre_zn myre_8v_l m389_6m_l\">\n<div class=\"mp4t_16_s mryx_16_s mr3m_1 mli2_1 mh85_56 mh85_0_l\">\n<div class=\"mgn2_16 _0d3bd_am0a-\">\n<h1><span dir=\"auto\">Specifikacijos:<\/span><\/h1>\n<ul>\n<li><span dir=\"auto\">Med\u017eiaga: auk\u0161tos kokyb\u0117s PVC<\/span><\/li>\n<li><span dir=\"auto\">Dydis: 5\u20138 cm<\/span><\/li>\n<li><span dir=\"auto\">Kiekis: 24 vnt.<\/span><\/li>\n<\/ul>\n<h2><span dir=\"auto\">24 rakt\u0173 pakabukas be pasikartojan\u010dio modeliavimo!<\/span><\/h2>\n<\/div>\n<\/div>\n<div class=\"mp4t_16_s mryx_16_s mr3m_1 mli2_1 mh85_56 mh85_0_l\">\n<div class=\"mg9e_8 mj7a_8 mg9e_0_s mvrt_0_s mj7a_0_s mh36_0_s mzmg_6m munh_16_l m3h2_16_l\">\n<div class=\"mp4t_0 mryx_0 munh_56 m3h2_56\">\n<div class=\"mp7g_oh\"><button class=\"mg9e_0 mvrt_0 mj7a_0 mh36_0 mp4t_0 m3h2_0 mryx_0 munh_0 mqen_m6 mpof_z0 mx7m_0 m7er_k4 mse2_k4 msts_pt\" data-analytics-interaction=\"true\" data-analytics-interaction-label=\"zoomable-image-open\" aria-disabled=\"true\"><img decoding=\"async\" class=\"msub_k4 mupj_5k mjru_k4 mse2_k4 mp7g_f6 mq1m_0 mj7u_0 m7er_k4 mqen_m6 m31c_d8 m0ux_fp lazyloaded\" src=\"https:\/\/a.allegroimg.com\/original\/11fb9f\/f2de4afc4077bf097ba0e53afe80\/K-Pop-Demon-Hunters-24SZT-KALENDARZ-ADWENTOWY-PREZENT-SWIATECZNY-NOWY-2026-EAN-GTIN-8581686181921\" sizes=\"(min-width: 1200px) 560px, (min-width: 992px) 50vw, 100vw\" srcset=\"https:\/\/a.allegroimg.com\/s360\/11fb9f\/f2de4afc4077bf097ba0e53afe80\/K-Pop-Demon-Hunters-24SZT-KALENDARZ-ADWENTOWY-PREZENT-SWIATECZNY-NOWY-2026-EAN-GTIN-8581686181921 360w,https:\/\/a.allegroimg.com\/s720\/11fb9f\/f2de4afc4077bf097ba0e53afe80\/K-Pop-Demon-Hunters-24SZT-KALENDARZ-ADWENTOWY-PREZENT-SWIATECZNY-NOWY-2026-EAN-GTIN-8581686181921 720w,https:\/\/a.allegroimg.com\/s1024\/11fb9f\/f2de4afc4077bf097ba0e53afe80\/K-Pop-Demon-Hunters-24SZT-KALENDARZ-ADWENTOWY-PREZENT-SWIATECZNY-NOWY-2026-EAN-GTIN-8581686181921 800w,https:\/\/a.allegroimg.com\/original\/11fb9f\/f2de4afc4077bf097ba0e53afe80\/K-Pop-Demon-Hunters-24SZT-KALENDARZ-ADWENTOWY-PREZENT-SWIATECZNY-NOWY-2026-EAN-GTIN-8581686181921 800w\" alt=\"K-Pop: Demon\u0173 med\u017eiotojai, 24 vnt. Advento kalendoriaus Kal\u0117d\u0173 dovana, nauja 2026 m. EAN (GTIN) 8581686181921\" width=\"800px\" data-srcset=\"\" \/><\/button><\/div>\n<\/div>\n<\/div>\n<\/div>\n<\/div>\n<div class=\"mpof_ki myre_zn myre_8v_l m389_6m_l\">\n<div class=\"mp4t_16_s mryx_16_s mr3m_1 mli2_1 mh85_56 mh85_0_l\">\n<div class=\"mg9e_8 mj7a_8 mg9e_0_s mvrt_0_s mj7a_0_s mh36_0_s mzmg_6m munh_16_l m3h2_16_l\">\n<div class=\"mp4t_0 mryx_0 munh_56 m3h2_56\">\n<div class=\"mp7g_oh\"><button class=\"mg9e_0 mvrt_0 mj7a_0 mh36_0 mp4t_0 m3h2_0 mryx_0 munh_0 mqen_m6 mpof_z0 mx7m_0 m7er_k4 mse2_k4 msts_pt\" data-analytics-interaction=\"true\" data-analytics-interaction-label=\"zoomable-image-open\" aria-disabled=\"true\"><img decoding=\"async\" class=\"msub_k4 mupj_5k mjru_k4 mse2_k4 mp7g_f6 mq1m_0 mj7u_0 m7er_k4 mqen_m6 m31c_d8 m0ux_fp lazyloaded\" src=\"https:\/\/a.allegroimg.com\/original\/11b6b4\/e9ca1c384ded9a6eb83818529041\/K-Pop-Demon-Hunters-24SZT-KALENDARZ-ADWENTOWY-PREZENT-SWIATECZNY-NOWY-2026-Kod-producenta-GJ483-005\" sizes=\"(min-width: 1200px) 560px, (min-width: 992px) 50vw, 100vw\" srcset=\"https:\/\/a.allegroimg.com\/s360\/11b6b4\/e9ca1c384ded9a6eb83818529041\/K-Pop-Demon-Hunters-24SZT-KALENDARZ-ADWENTOWY-PREZENT-SWIATECZNY-NOWY-2026-Kod-producenta-GJ483-005 360w,https:\/\/a.allegroimg.com\/s720\/11b6b4\/e9ca1c384ded9a6eb83818529041\/K-Pop-Demon-Hunters-24SZT-KALENDARZ-ADWENTOWY-PREZENT-SWIATECZNY-NOWY-2026-Kod-producenta-GJ483-005 720w,https:\/\/a.allegroimg.com\/s1024\/11b6b4\/e9ca1c384ded9a6eb83818529041\/K-Pop-Demon-Hunters-24SZT-KALENDARZ-ADWENTOWY-PREZENT-SWIATECZNY-NOWY-2026-Kod-producenta-GJ483-005 1024w,https:\/\/a.allegroimg.com\/s1440\/11b6b4\/e9ca1c384ded9a6eb83818529041\/K-Pop-Demon-Hunters-24SZT-KALENDARZ-ADWENTOWY-PREZENT-SWIATECZNY-NOWY-2026-Kod-producenta-GJ483-005 1440w,https:\/\/a.allegroimg.com\/original\/11b6b4\/e9ca1c384ded9a6eb83818529041\/K-Pop-Demon-Hunters-24SZT-KALENDARZ-ADWENTOWY-PREZENT-SWIATECZNY-NOWY-2026-Kod-producenta-GJ483-005 1600w\" alt=\"K-Pop: Demon\u0173 med\u017eiotojai 24 vnt. Advento kalendoriaus Kal\u0117d\u0173 dovana Nauja 2026 Gamintojo kodas GJ483-005\" width=\"1600px\" data-srcset=\"\" \/><\/button><\/div>\n<\/div>\n<\/div>\n<\/div>\n<div class=\"mp4t_16_s mryx_16_s mr3m_1 mli2_1 mh85_56 mh85_0_l\">\n<div class=\"mgn2_16 _0d3bd_am0a-\">\n<h2><span dir=\"auto\">PUIKI DOVANOS ID\u0116JA!<\/span><\/h2>\n<p><b><span dir=\"auto\">Ar Advento kalendorius primena jums vaikyst\u0119 ir sald\u0173 Kal\u0117d\u0173 laukim\u0105?<\/span><\/b><\/p>\n<p><span dir=\"auto\">Prad\u017eiuginkite savo vaik\u0105 kiekvien\u0105 Kal\u0117d\u0173 ryt\u0105 \u2013 \u0161is 2025 met\u0173 Advento kalendorius bus puiki gruod\u017eio m\u0117nesio dovana!<\/span><\/p>\n<\/div>\n<\/div>\n<\/div>\n<div class=\"mpof_ki myre_zn myre_8v_l m389_6m_l\">\n<div class=\"mp4t_16_s mryx_16_s mr3m_1 mli2_1 mh85_56 mh85_0_l\">\n<div class=\"mg9e_8 mj7a_8 mg9e_0_s mvrt_0_s mj7a_0_s mh36_0_s mzmg_6m munh_16_l m3h2_16_l\">\n<div class=\"mp4t_0 mryx_0 munh_56 m3h2_56\">\n<div class=\"mp7g_oh\"><button class=\"mg9e_0 mvrt_0 mj7a_0 mh36_0 mp4t_0 m3h2_0 mryx_0 munh_0 mqen_m6 mpof_z0 mx7m_0 m7er_k4 mse2_k4 msts_pt\" data-analytics-interaction=\"true\" data-analytics-interaction-label=\"zoomable-image-open\" aria-disabled=\"true\"><img decoding=\"async\" class=\"msub_k4 mupj_5k mjru_k4 mse2_k4 mp7g_f6 mq1m_0 mj7u_0 m7er_k4 mqen_m6 m31c_d8 m0ux_fp lazyloaded\" src=\"https:\/\/a.allegroimg.com\/original\/1190f0\/9d47a7df41dcbc4184d3fa15869e\/K-Pop-Demon-Hunters-24SZT-KALENDARZ-ADWENTOWY-PREZENT-SWIATECZNY-NOWY-2026-Ksztalt-prostokat\" sizes=\"100vw\" srcset=\"https:\/\/a.allegroimg.com\/s360\/1190f0\/9d47a7df41dcbc4184d3fa15869e\/K-Pop-Demon-Hunters-24SZT-KALENDARZ-ADWENTOWY-PREZENT-SWIATECZNY-NOWY-2026-Ksztalt-prostokat 360w,https:\/\/a.allegroimg.com\/s720\/1190f0\/9d47a7df41dcbc4184d3fa15869e\/K-Pop-Demon-Hunters-24SZT-KALENDARZ-ADWENTOWY-PREZENT-SWIATECZNY-NOWY-2026-Ksztalt-prostokat 720w,https:\/\/a.allegroimg.com\/s1024\/1190f0\/9d47a7df41dcbc4184d3fa15869e\/K-Pop-Demon-Hunters-24SZT-KALENDARZ-ADWENTOWY-PREZENT-SWIATECZNY-NOWY-2026-Ksztalt-prostokat 1024w,https:\/\/a.allegroimg.com\/s1440\/1190f0\/9d47a7df41dcbc4184d3fa15869e\/K-Pop-Demon-Hunters-24SZT-KALENDARZ-ADWENTOWY-PREZENT-SWIATECZNY-NOWY-2026-Ksztalt-prostokat 1440w,https:\/\/a.allegroimg.com\/original\/1190f0\/9d47a7df41dcbc4184d3fa15869e\/K-Pop-Demon-Hunters-24SZT-KALENDARZ-ADWENTOWY-PREZENT-SWIATECZNY-NOWY-2026-Ksztalt-prostokat 1600w\" alt=\"K-Pop: Demon\u0173 med\u017eiotojai, 24 vnt. Advento kalendoriaus Kal\u0117d\u0173 dovana, nauja 2026 m., sta\u010diakampio formos\" width=\"1600px\" data-srcset=\"\" \/><\/button><\/div>\n<\/div>\n<\/div>\n<\/div>\n<\/div>\n<div class=\"mpof_ki myre_zn myre_8v_l m389_6m_l\">\n<div class=\"mp4t_16_s mryx_16_s mr3m_1 mli2_1 mh85_56 mh85_0_l\">\n<div class=\"mg9e_8 mj7a_8 mg9e_0_s mvrt_0_s mj7a_0_s mh36_0_s mzmg_6m munh_16_l m3h2_16_l\">\n<div class=\"mp4t_0 mryx_0 munh_56 m3h2_56\">\n<div class=\"mp7g_oh\"><button class=\"mg9e_0 mvrt_0 mj7a_0 mh36_0 mp4t_0 m3h2_0 mryx_0 munh_0 mqen_m6 mpof_z0 mx7m_0 m7er_k4 mse2_k4 msts_pt\" data-analytics-interaction=\"true\" data-analytics-interaction-label=\"zoomable-image-open\" aria-disabled=\"true\"><img decoding=\"async\" class=\"msub_k4 mupj_5k mjru_k4 mse2_k4 mp7g_f6 mq1m_0 mj7u_0 m7er_k4 mqen_m6 m31c_d8 m0ux_fp lazyloaded\" src=\"https:\/\/a.allegroimg.com\/original\/1124d0\/f7df90374a3e8107a831f3aafe74\/K-Pop-Demon-Hunters-24SZT-KALENDARZ-ADWENTOWY-PREZENT-SWIATECZNY-NOWY-2026-Rodzaj-stojacy\" sizes=\"100vw\" srcset=\"https:\/\/a.allegroimg.com\/s360\/1124d0\/f7df90374a3e8107a831f3aafe74\/K-Pop-Demon-Hunters-24SZT-KALENDARZ-ADWENTOWY-PREZENT-SWIATECZNY-NOWY-2026-Rodzaj-stojacy 360w,https:\/\/a.allegroimg.com\/s720\/1124d0\/f7df90374a3e8107a831f3aafe74\/K-Pop-Demon-Hunters-24SZT-KALENDARZ-ADWENTOWY-PREZENT-SWIATECZNY-NOWY-2026-Rodzaj-stojacy 720w,https:\/\/a.allegroimg.com\/s1024\/1124d0\/f7df90374a3e8107a831f3aafe74\/K-Pop-Demon-Hunters-24SZT-KALENDARZ-ADWENTOWY-PREZENT-SWIATECZNY-NOWY-2026-Rodzaj-stojacy 1024w,https:\/\/a.allegroimg.com\/s1440\/1124d0\/f7df90374a3e8107a831f3aafe74\/K-Pop-Demon-Hunters-24SZT-KALENDARZ-ADWENTOWY-PREZENT-SWIATECZNY-NOWY-2026-Rodzaj-stojacy 1440w,https:\/\/a.allegroimg.com\/original\/1124d0\/f7df90374a3e8107a831f3aafe74\/K-Pop-Demon-Hunters-24SZT-KALENDARZ-ADWENTOWY-PREZENT-SWIATECZNY-NOWY-2026-Rodzaj-stojacy 1600w\" alt=\"K-Pop: Demon\u0173 med\u017eiotojai, 24 vnt. Advento kalendoriaus Kal\u0117d\u0173 dovana, nauja 2026 m., stovintis tipas\" width=\"1600px\" data-srcset=\"\" \/><\/button><\/div>\n<\/div>\n<\/div>\n<\/div>\n<\/div>\n<div class=\"mpof_ki myre_zn myre_8v_l m389_6m_l\">\n<div class=\"mp4t_16_s mryx_16_s mr3m_1 mli2_1 mh85_56 mh85_0_l\">\n<div class=\"mg9e_8 mj7a_8 mg9e_0_s mvrt_0_s mj7a_0_s mh36_0_s mzmg_6m munh_16_l m3h2_16_l\">\n<div class=\"mp4t_0 mryx_0 munh_56 m3h2_56\">\n<div class=\"mp7g_oh\"><button class=\"mg9e_0 mvrt_0 mj7a_0 mh36_0 mp4t_0 m3h2_0 mryx_0 munh_0 mqen_m6 mpof_z0 mx7m_0 m7er_k4 mse2_k4 msts_pt\" data-analytics-interaction=\"true\" data-analytics-interaction-label=\"zoomable-image-open\" aria-disabled=\"true\"><img decoding=\"async\" class=\"msub_k4 mupj_5k mjru_k4 mse2_k4 mp7g_f6 mq1m_0 mj7u_0 m7er_k4 mqen_m6 m31c_d8 m0ux_fp lazyloaded\" src=\"https:\/\/a.allegroimg.com\/original\/11ea4d\/8cb21b5741f5866c7239cede3fc4\/K-Pop-Demon-Hunters-24SZT-KALENDARZ-ADWENTOWY-PREZENT-SWIATECZNY-NOWY-2026-Zawartosc-kalendarza-zabawki\" sizes=\"100vw\" srcset=\"https:\/\/a.allegroimg.com\/s360\/11ea4d\/8cb21b5741f5866c7239cede3fc4\/K-Pop-Demon-Hunters-24SZT-KALENDARZ-ADWENTOWY-PREZENT-SWIATECZNY-NOWY-2026-Zawartosc-kalendarza-zabawki 360w,https:\/\/a.allegroimg.com\/s720\/11ea4d\/8cb21b5741f5866c7239cede3fc4\/K-Pop-Demon-Hunters-24SZT-KALENDARZ-ADWENTOWY-PREZENT-SWIATECZNY-NOWY-2026-Zawartosc-kalendarza-zabawki 720w,https:\/\/a.allegroimg.com\/s1024\/11ea4d\/8cb21b5741f5866c7239cede3fc4\/K-Pop-Demon-Hunters-24SZT-KALENDARZ-ADWENTOWY-PREZENT-SWIATECZNY-NOWY-2026-Zawartosc-kalendarza-zabawki 1024w,https:\/\/a.allegroimg.com\/s1440\/11ea4d\/8cb21b5741f5866c7239cede3fc4\/K-Pop-Demon-Hunters-24SZT-KALENDARZ-ADWENTOWY-PREZENT-SWIATECZNY-NOWY-2026-Zawartosc-kalendarza-zabawki 1440w,https:\/\/a.allegroimg.com\/original\/11ea4d\/8cb21b5741f5866c7239cede3fc4\/K-Pop-Demon-Hunters-24SZT-KALENDARZ-ADWENTOWY-PREZENT-SWIATECZNY-NOWY-2026-Zawartosc-kalendarza-zabawki 1600w\" alt=\"K-Pop: Demon\u0173 med\u017eiotojai, 24 vnt. Advento kalendorius, Kal\u0117d\u0173 dovana, nauja 2026 m. kalendoriaus turinys, \u017eaislai\" width=\"1600px\" data-srcset=\"\" \/><\/button><\/div>\n<\/div>\n<\/div>\n<\/div>\n<\/div>","protected":false},"excerpt":{"rendered":"<p>K-POP Adventes kalend\u0101rs<\/p>","protected":false},"featured_media":65907,"template":"","meta":{"_acf_changed":false,"_glsr_average":0,"_glsr_ranking":0,"_glsr_reviews":0},"product_brand":[],"product_cat":[360,372],"product_tag":[],"class_list":{"0":"post-65906","1":"product","2":"type-product","3":"status-publish","4":"has-post-thumbnail","6":"product_cat-advento-kalendoriai","7":"product_cat-vaiku-sventems","8":"\"style=\"background-color: #2ecc711c;\"","10":"first","11":"instock","12":"sale","13":"shipping-taxable","14":"purchasable","15":"product-type-simple"},"acf":[],"yoast_head":"<!-- This site is optimized with the Yoast SEO plugin v27.3 - https:\/\/yoast.com\/product\/yoast-seo-wordpress\/ -->\n<title>K-POP advento kalendorius - KidsPlay<\/title>\n<meta name=\"description\" content=\"K-POP advento kalendorius\" \/>\n<meta name=\"robots\" content=\"index, follow, max-snippet:-1, max-image-preview:large, max-video-preview:-1\" \/>\n<link rel=\"canonical\" href=\"https:\/\/kidsplay.lt\/lv\/products\/k-pop-advento-kalendorius\/\" \/>\n<meta property=\"og:locale\" content=\"lv_LV\" \/>\n<meta property=\"og:type\" content=\"article\" \/>\n<meta property=\"og:title\" content=\"K-POP advento kalendorius - KidsPlay\" \/>\n<meta property=\"og:description\" content=\"K-POP advento kalendorius\" \/>\n<meta property=\"og:url\" content=\"https:\/\/kidsplay.lt\/lv\/products\/k-pop-advento-kalendorius\/\" \/>\n<meta property=\"og:site_name\" content=\"KidsPlay\" \/>\n<meta property=\"article:publisher\" content=\"https:\/\/www.facebook.com\/www.kidsplay.lt\" \/>\n<meta property=\"article:modified_time\" content=\"2025-12-01T13:42:22+00:00\" \/>\n<meta property=\"og:image\" content=\"https:\/\/kidsplay.lt\/wp-content\/uploads\/2025\/09\/Screenshot_77.png\" \/>\n\t<meta property=\"og:image:width\" content=\"532\" \/>\n\t<meta property=\"og:image:height\" content=\"534\" \/>\n\t<meta property=\"og:image:type\" content=\"image\/png\" \/>\n<meta name=\"twitter:card\" content=\"summary_large_image\" \/>\n<meta name=\"twitter:label1\" content=\"Est. reading time\" \/>\n\t<meta name=\"twitter:data1\" content=\"3 min\u016btes\" \/>\n<script type=\"application\/ld+json\" class=\"yoast-schema-graph\">{\"@context\":\"https:\\\/\\\/schema.org\",\"@graph\":[{\"@type\":\"WebPage\",\"@id\":\"https:\\\/\\\/kidsplay.lt\\\/produktas\\\/k-pop-advento-kalendorius\\\/\",\"url\":\"https:\\\/\\\/kidsplay.lt\\\/produktas\\\/k-pop-advento-kalendorius\\\/\",\"name\":\"K-POP advento kalendorius - KidsPlay\",\"isPartOf\":{\"@id\":\"https:\\\/\\\/kidsplay.lt\\\/#website\"},\"primaryImageOfPage\":{\"@id\":\"https:\\\/\\\/kidsplay.lt\\\/produktas\\\/k-pop-advento-kalendorius\\\/#primaryimage\"},\"image\":{\"@id\":\"https:\\\/\\\/kidsplay.lt\\\/produktas\\\/k-pop-advento-kalendorius\\\/#primaryimage\"},\"thumbnailUrl\":\"https:\\\/\\\/kidsplay.lt\\\/wp-content\\\/uploads\\\/2025\\\/09\\\/Screenshot_77.png\",\"datePublished\":\"2025-09-26T18:43:01+00:00\",\"dateModified\":\"2025-12-01T13:42:22+00:00\",\"description\":\"K-POP advento kalendorius\",\"breadcrumb\":{\"@id\":\"https:\\\/\\\/kidsplay.lt\\\/produktas\\\/k-pop-advento-kalendorius\\\/#breadcrumb\"},\"inLanguage\":\"lv-LV\",\"potentialAction\":[{\"@type\":\"ReadAction\",\"target\":[\"https:\\\/\\\/kidsplay.lt\\\/produktas\\\/k-pop-advento-kalendorius\\\/\"]}]},{\"@type\":\"ImageObject\",\"inLanguage\":\"lv-LV\",\"@id\":\"https:\\\/\\\/kidsplay.lt\\\/produktas\\\/k-pop-advento-kalendorius\\\/#primaryimage\",\"url\":\"https:\\\/\\\/kidsplay.lt\\\/wp-content\\\/uploads\\\/2025\\\/09\\\/Screenshot_77.png\",\"contentUrl\":\"https:\\\/\\\/kidsplay.lt\\\/wp-content\\\/uploads\\\/2025\\\/09\\\/Screenshot_77.png\",\"width\":532,\"height\":534},{\"@type\":\"BreadcrumbList\",\"@id\":\"https:\\\/\\\/kidsplay.lt\\\/produktas\\\/k-pop-advento-kalendorius\\\/#breadcrumb\",\"itemListElement\":[{\"@type\":\"ListItem\",\"position\":1,\"name\":\"Pagrindinis\",\"item\":\"https:\\\/\\\/kidsplay.lt\\\/\"},{\"@type\":\"ListItem\",\"position\":2,\"name\":\"Parduotuv\u0117\",\"item\":\"https:\\\/\\\/kidsplay.lt\\\/parduotuve\\\/\"},{\"@type\":\"ListItem\",\"position\":3,\"name\":\"K-POP advento kalendorius\"}]},{\"@type\":\"WebSite\",\"@id\":\"https:\\\/\\\/kidsplay.lt\\\/#website\",\"url\":\"https:\\\/\\\/kidsplay.lt\\\/\",\"name\":\"Kidsplay.lt\",\"description\":\"\u012evairios prek\u0117s vaikams\",\"publisher\":{\"@id\":\"https:\\\/\\\/kidsplay.lt\\\/#organization\"},\"alternateName\":\"Kidsplay\",\"potentialAction\":[{\"@type\":\"SearchAction\",\"target\":{\"@type\":\"EntryPoint\",\"urlTemplate\":\"https:\\\/\\\/kidsplay.lt\\\/?s={search_term_string}\"},\"query-input\":{\"@type\":\"PropertyValueSpecification\",\"valueRequired\":true,\"valueName\":\"search_term_string\"}}],\"inLanguage\":\"lv-LV\"},{\"@type\":\"Organization\",\"@id\":\"https:\\\/\\\/kidsplay.lt\\\/#organization\",\"name\":\"KidsPlay\",\"url\":\"https:\\\/\\\/kidsplay.lt\\\/\",\"logo\":{\"@type\":\"ImageObject\",\"inLanguage\":\"lv-LV\",\"@id\":\"https:\\\/\\\/kidsplay.lt\\\/#\\\/schema\\\/logo\\\/image\\\/\",\"url\":\"https:\\\/\\\/kidsplay.lt\\\/wp-content\\\/uploads\\\/2023\\\/07\\\/kidsplay-logo.png\",\"contentUrl\":\"https:\\\/\\\/kidsplay.lt\\\/wp-content\\\/uploads\\\/2023\\\/07\\\/kidsplay-logo.png\",\"width\":451,\"height\":98,\"caption\":\"KidsPlay\"},\"image\":{\"@id\":\"https:\\\/\\\/kidsplay.lt\\\/#\\\/schema\\\/logo\\\/image\\\/\"},\"sameAs\":[\"https:\\\/\\\/www.facebook.com\\\/www.kidsplay.lt\"]}]}<\/script>\n<!-- \/ Yoast SEO plugin. -->","yoast_head_json":{"title":"K-POP advento kalendorius - KidsPlay","description":"K-POP Adventes kalend\u0101rs","robots":{"index":"index","follow":"follow","max-snippet":"max-snippet:-1","max-image-preview":"max-image-preview:large","max-video-preview":"max-video-preview:-1"},"canonical":"https:\/\/kidsplay.lt\/lv\/products\/k-pop-advento-kalendorius\/","og_locale":"lv_LV","og_type":"article","og_title":"K-POP advento kalendorius - KidsPlay","og_description":"K-POP advento kalendorius","og_url":"https:\/\/kidsplay.lt\/lv\/products\/k-pop-advento-kalendorius\/","og_site_name":"KidsPlay","article_publisher":"https:\/\/www.facebook.com\/www.kidsplay.lt","article_modified_time":"2025-12-01T13:42:22+00:00","og_image":[{"width":532,"height":534,"url":"https:\/\/kidsplay.lt\/wp-content\/uploads\/2025\/09\/Screenshot_77.png","type":"image\/png"}],"twitter_card":"summary_large_image","twitter_misc":{"Est. reading time":"3 min\u016btes"},"schema":{"@context":"https:\/\/schema.org","@graph":[{"@type":"WebPage","@id":"https:\/\/kidsplay.lt\/produktas\/k-pop-advento-kalendorius\/","url":"https:\/\/kidsplay.lt\/produktas\/k-pop-advento-kalendorius\/","name":"K-POP advento kalendorius - KidsPlay","isPartOf":{"@id":"https:\/\/kidsplay.lt\/#website"},"primaryImageOfPage":{"@id":"https:\/\/kidsplay.lt\/produktas\/k-pop-advento-kalendorius\/#primaryimage"},"image":{"@id":"https:\/\/kidsplay.lt\/produktas\/k-pop-advento-kalendorius\/#primaryimage"},"thumbnailUrl":"https:\/\/kidsplay.lt\/wp-content\/uploads\/2025\/09\/Screenshot_77.png","datePublished":"2025-09-26T18:43:01+00:00","dateModified":"2025-12-01T13:42:22+00:00","description":"K-POP Adventes kalend\u0101rs","breadcrumb":{"@id":"https:\/\/kidsplay.lt\/produktas\/k-pop-advento-kalendorius\/#breadcrumb"},"inLanguage":"lv-LV","potentialAction":[{"@type":"ReadAction","target":["https:\/\/kidsplay.lt\/produktas\/k-pop-advento-kalendorius\/"]}]},{"@type":"ImageObject","inLanguage":"lv-LV","@id":"https:\/\/kidsplay.lt\/produktas\/k-pop-advento-kalendorius\/#primaryimage","url":"https:\/\/kidsplay.lt\/wp-content\/uploads\/2025\/09\/Screenshot_77.png","contentUrl":"https:\/\/kidsplay.lt\/wp-content\/uploads\/2025\/09\/Screenshot_77.png","width":532,"height":534},{"@type":"BreadcrumbList","@id":"https:\/\/kidsplay.lt\/produktas\/k-pop-advento-kalendorius\/#breadcrumb","itemListElement":[{"@type":"ListItem","position":1,"name":"Pagrindinis","item":"https:\/\/kidsplay.lt\/"},{"@type":"ListItem","position":2,"name":"Parduotuv\u0117","item":"https:\/\/kidsplay.lt\/parduotuve\/"},{"@type":"ListItem","position":3,"name":"K-POP advento kalendorius"}]},{"@type":"WebSite","@id":"https:\/\/kidsplay.lt\/#website","url":"https:\/\/kidsplay.lt\/","name":"B\u0113rnu sp\u0113les.lv","description":"\u012evairios prek\u0117s vaikams","publisher":{"@id":"https:\/\/kidsplay.lt\/#organization"},"alternateName":"Kidsplay","potentialAction":[{"@type":"SearchAction","target":{"@type":"EntryPoint","urlTemplate":"https:\/\/kidsplay.lt\/?s={search_term_string}"},"query-input":{"@type":"PropertyValueSpecification","valueRequired":true,"valueName":"search_term_string"}}],"inLanguage":"lv-LV"},{"@type":"Organization","@id":"https:\/\/kidsplay.lt\/#organization","name":"B\u0113rnu sp\u0113le","url":"https:\/\/kidsplay.lt\/","logo":{"@type":"ImageObject","inLanguage":"lv-LV","@id":"https:\/\/kidsplay.lt\/#\/schema\/logo\/image\/","url":"https:\/\/kidsplay.lt\/wp-content\/uploads\/2023\/07\/kidsplay-logo.png","contentUrl":"https:\/\/kidsplay.lt\/wp-content\/uploads\/2023\/07\/kidsplay-logo.png","width":451,"height":98,"caption":"KidsPlay"},"image":{"@id":"https:\/\/kidsplay.lt\/#\/schema\/logo\/image\/"},"sameAs":["https:\/\/www.facebook.com\/www.kidsplay.lt"]}]}},"_links":{"self":[{"href":"https:\/\/kidsplay.lt\/lv\/wp-json\/wp\/v2\/product\/65906","targetHints":{"allow":["GET"]}}],"collection":[{"href":"https:\/\/kidsplay.lt\/lv\/wp-json\/wp\/v2\/product"}],"about":[{"href":"https:\/\/kidsplay.lt\/lv\/wp-json\/wp\/v2\/types\/product"}],"version-history":[{"count":3,"href":"https:\/\/kidsplay.lt\/lv\/wp-json\/wp\/v2\/product\/65906\/revisions"}],"predecessor-version":[{"id":73879,"href":"https:\/\/kidsplay.lt\/lv\/wp-json\/wp\/v2\/product\/65906\/revisions\/73879"}],"wp:featuredmedia":[{"embeddable":true,"href":"https:\/\/kidsplay.lt\/lv\/wp-json\/wp\/v2\/media\/65907"}],"wp:attachment":[{"href":"https:\/\/kidsplay.lt\/lv\/wp-json\/wp\/v2\/media?parent=65906"}],"wp:term":[{"taxonomy":"product_brand","embeddable":true,"href":"https:\/\/kidsplay.lt\/lv\/wp-json\/wp\/v2\/product_brand?post=65906"},{"taxonomy":"product_cat","embeddable":true,"href":"https:\/\/kidsplay.lt\/lv\/wp-json\/wp\/v2\/product_cat?post=65906"},{"taxonomy":"product_tag","embeddable":true,"href":"https:\/\/kidsplay.lt\/lv\/wp-json\/wp\/v2\/product_tag?post=65906"}],"curies":[{"name":"wp","href":"https:\/\/api.w.org\/{rel}","templated":true}]}}