{"id":65916,"date":"2025-09-26T21:47:06","date_gmt":"2025-09-26T18:47:06","guid":{"rendered":"https:\/\/kidsplay.lt\/?post_type=product&#038;p=65916"},"modified":"2025-12-29T19:53:49","modified_gmt":"2025-12-29T17:53:49","slug":"advento-kalendorius-delione","status":"publish","type":"product","link":"https:\/\/kidsplay.lt\/lv\/products\/advento-kalendorius-delione\/","title":{"rendered":"Adventes kalend\u0101rs, puzle"},"content":{"rendered":"<div class=\"mpof_ki myre_zn myre_8v_l m389_6m_l\">\n<div class=\"mp4t_16_s mryx_16_s mr3m_1 mli2_1 mh85_56 mh85_0_l\">\n<div class=\"mgn2_16 _0d3bd_am0a-\">\n<h1><span dir=\"auto\">Advento kalendoriaus d\u0117lion\u0117 | 1008 detal\u0117s<\/span><\/h1>\n<\/div>\n<\/div>\n<\/div>\n<div class=\"mpof_ki myre_zn myre_8v_l m389_6m_l\">\n<div class=\"mp4t_16_s mryx_16_s mr3m_1 mli2_1 mh85_56 mh85_0_l\">\n<div class=\"mg9e_8 mj7a_8 mg9e_0_s mvrt_0_s mj7a_0_s mh36_0_s mzmg_6m munh_16_l m3h2_16_l\">\n<div class=\"mp4t_0 mryx_0 munh_56 m3h2_56\">\n<div class=\"mp7g_oh\"><button class=\"mg9e_0 mvrt_0 mj7a_0 mh36_0 mp4t_0 m3h2_0 mryx_0 munh_0 mqen_m6 mpof_z0 mx7m_0 m7er_k4 mse2_k4 msts_pt\" data-analytics-interaction=\"true\" data-analytics-interaction-label=\"zoomable-image-open\" aria-disabled=\"true\"><img decoding=\"async\" class=\"msub_k4 mupj_5k mjru_k4 mse2_k4 mp7g_f6 mq1m_0 mj7u_0 m7er_k4 mqen_m6 m31c_d8 m0ux_fp lazyloaded\" src=\"https:\/\/a.allegroimg.com\/original\/11f92d\/1aa4a2e74a0396da5430ab3d1cd2\/Kalendarz-Adwentowy-Na-Boze-Narodzenie-Puzzle-1008-elementow-24-Okienek\" sizes=\"(min-width: 1200px) 560px, (min-width: 992px) 50vw, 100vw\" srcset=\"https:\/\/a.allegroimg.com\/s360\/11f92d\/1aa4a2e74a0396da5430ab3d1cd2\/Kalendarz-Adwentowy-Na-Boze-Narodzenie-Puzzle-1008-elementow-24-Okienek 360w,https:\/\/a.allegroimg.com\/s720\/11f92d\/1aa4a2e74a0396da5430ab3d1cd2\/Kalendarz-Adwentowy-Na-Boze-Narodzenie-Puzzle-1008-elementow-24-Okienek 720w,https:\/\/a.allegroimg.com\/s1024\/11f92d\/1aa4a2e74a0396da5430ab3d1cd2\/Kalendarz-Adwentowy-Na-Boze-Narodzenie-Puzzle-1008-elementow-24-Okienek 1024w,https:\/\/a.allegroimg.com\/s1440\/11f92d\/1aa4a2e74a0396da5430ab3d1cd2\/Kalendarz-Adwentowy-Na-Boze-Narodzenie-Puzzle-1008-elementow-24-Okienek 1440w,https:\/\/a.allegroimg.com\/original\/11f92d\/1aa4a2e74a0396da5430ab3d1cd2\/Kalendarz-Adwentowy-Na-Boze-Narodzenie-Puzzle-1008-elementow-24-Okienek 1500w\" alt=\"Kal\u0117dinis Advento kalendoriaus d\u0117lion\u0117, 1008 detal\u0117s, 24 langai\" width=\"1500px\" data-srcset=\"\" \/><\/button><\/div>\n<\/div>\n<\/div>\n<\/div>\n<div class=\"mp4t_16_s mryx_16_s mr3m_1 mli2_1 mh85_56 mh85_0_l\">\n<div class=\"mgn2_16 _0d3bd_am0a-\">\n<p><b><span dir=\"auto\">Advento kalendoriaus d\u0117lion\u0117, 1008 detal\u0117s \u2013 Kal\u0117d\u0173 Senelis, 24 sprendimo dienos<\/span><\/b><\/p>\n<p><span dir=\"auto\">\u2714\u00a0<\/span><b><span dir=\"auto\">Unikalus Advento kalendorius<\/span><\/b><span dir=\"auto\">\u00a0\u2013 24 sunumeruoti langeliai kiekvienai gruod\u017eio dienai. Kiekvienoje d\u0117\u017eut\u0117je yra 42 detal\u0117s, kurios kartu sudaro 1008 detali\u0173 d\u0117lion\u0119. Kiekvien\u0105 dien\u0105 sud\u0117liokite po vien\u0105 detal\u0119 ir steb\u0117kite, kaip paveiksl\u0117lis auga iki K\u016b\u010di\u0173 vakaro.<\/span><\/p>\n<p><span dir=\"auto\">\u2714\u00a0<\/span><b><span dir=\"auto\">Auk\u0161tos kokyb\u0117s meistri\u0161kumas<\/span><\/b><span dir=\"auto\">\u00a0\u2013 \u0161i lino tekst\u016bros kartono d\u0117lion\u0117 su matiniu pavir\u0161iumi vaizduoja Kal\u0117d\u0173 Senel\u012f savo dirbtuv\u0117se, ruo\u0161iant\u012f dovanas. Tai puiki dekoracija ir \u017eaislas, pad\u0117siantis pasinerti \u012f magi\u0161k\u0105 \u0161ven\u010di\u0173 dvasi\u0105.<\/span><\/p>\n<p><span dir=\"auto\">\u2714\u00a0<\/span><b><span dir=\"auto\">Visai \u0161eimai<\/span><\/b><span dir=\"auto\">\u00a0\u2013 d\u0117lion\u0117 sudaryta i\u0161 lengvesni\u0173 ir sud\u0117tingesni\u0173 detali\u0173, tod\u0117l kiekvienas ras sau patinkant\u012f \u017eaidim\u0105. Puiki grupin\u0117 veikla gruod\u017eio vakarais.<\/span><\/p>\n<p><span dir=\"auto\">\u2714\u00a0<\/span><b><span dir=\"auto\">Daugkartinio naudojimo<\/span><\/b><span dir=\"auto\">\u00a0\u2013 numeracija d\u0117lion\u0117s kitoje pus\u0117je ir prakti\u0161kas tinklelis leid\u017eia greitai i\u0161skleisti ir perpakuoti detales. Kalendori\u0173 galite naudoti metai i\u0161 met\u0173 arba padovanoti artimiesiems.<\/span><\/p>\n<p><b><span dir=\"auto\">Sukurkite nepamir\u0161tam\u0105 \u0161ventin\u0119 tradicij\u0105 su d\u0117lion\u0117s tipo Advento kalendoriumi!<\/span><\/b><\/p>\n<\/div>\n<\/div>\n<\/div>","protected":false},"excerpt":{"rendered":"<p>Adventes kalend\u0101rs, puzle<\/p>","protected":false},"featured_media":65917,"template":"","meta":{"_acf_changed":false,"_glsr_average":0,"_glsr_ranking":0,"_glsr_reviews":0},"product_brand":[],"product_cat":[360,372],"product_tag":[],"class_list":{"0":"post-65916","1":"product","2":"type-product","3":"status-publish","4":"has-post-thumbnail","6":"product_cat-advento-kalendoriai","7":"product_cat-vaiku-sventems","8":"\"style=\"background-color: #2ecc711c;\"","10":"first","11":"instock","12":"sale","13":"shipping-taxable","14":"purchasable","15":"product-type-simple"},"acf":[],"yoast_head":"<!-- This site is optimized with the Yoast SEO plugin v27.3 - https:\/\/yoast.com\/product\/yoast-seo-wordpress\/ -->\n<title>Advento kalendorius, d\u0117lion\u0117 - KidsPlay<\/title>\n<meta name=\"description\" content=\"Advento kalendorius, d\u0117lion\u0117\" \/>\n<meta name=\"robots\" content=\"index, follow, max-snippet:-1, max-image-preview:large, max-video-preview:-1\" \/>\n<link rel=\"canonical\" href=\"https:\/\/kidsplay.lt\/lv\/products\/advento-kalendorius-delione\/\" \/>\n<meta property=\"og:locale\" content=\"lv_LV\" \/>\n<meta property=\"og:type\" content=\"article\" \/>\n<meta property=\"og:title\" content=\"Advento kalendorius, d\u0117lion\u0117 - KidsPlay\" \/>\n<meta property=\"og:description\" content=\"Advento kalendorius, d\u0117lion\u0117\" \/>\n<meta property=\"og:url\" content=\"https:\/\/kidsplay.lt\/lv\/products\/advento-kalendorius-delione\/\" \/>\n<meta property=\"og:site_name\" content=\"KidsPlay\" \/>\n<meta property=\"article:publisher\" content=\"https:\/\/www.facebook.com\/www.kidsplay.lt\" \/>\n<meta property=\"article:modified_time\" content=\"2025-12-29T17:53:49+00:00\" \/>\n<meta property=\"og:image\" content=\"https:\/\/kidsplay.lt\/wp-content\/uploads\/2025\/09\/Screenshot_83.png\" \/>\n\t<meta property=\"og:image:width\" content=\"668\" \/>\n\t<meta property=\"og:image:height\" content=\"560\" \/>\n\t<meta property=\"og:image:type\" content=\"image\/png\" \/>\n<meta name=\"twitter:card\" content=\"summary_large_image\" \/>\n<meta name=\"twitter:label1\" content=\"Est. reading time\" \/>\n\t<meta name=\"twitter:data1\" content=\"2 min\u016btes\" \/>\n<script type=\"application\/ld+json\" class=\"yoast-schema-graph\">{\"@context\":\"https:\\\/\\\/schema.org\",\"@graph\":[{\"@type\":\"WebPage\",\"@id\":\"https:\\\/\\\/kidsplay.lt\\\/produktas\\\/advento-kalendorius-delione\\\/\",\"url\":\"https:\\\/\\\/kidsplay.lt\\\/produktas\\\/advento-kalendorius-delione\\\/\",\"name\":\"Advento kalendorius, d\u0117lion\u0117 - KidsPlay\",\"isPartOf\":{\"@id\":\"https:\\\/\\\/kidsplay.lt\\\/#website\"},\"primaryImageOfPage\":{\"@id\":\"https:\\\/\\\/kidsplay.lt\\\/produktas\\\/advento-kalendorius-delione\\\/#primaryimage\"},\"image\":{\"@id\":\"https:\\\/\\\/kidsplay.lt\\\/produktas\\\/advento-kalendorius-delione\\\/#primaryimage\"},\"thumbnailUrl\":\"https:\\\/\\\/kidsplay.lt\\\/wp-content\\\/uploads\\\/2025\\\/09\\\/Screenshot_83.png\",\"datePublished\":\"2025-09-26T18:47:06+00:00\",\"dateModified\":\"2025-12-29T17:53:49+00:00\",\"description\":\"Advento kalendorius, d\u0117lion\u0117\",\"breadcrumb\":{\"@id\":\"https:\\\/\\\/kidsplay.lt\\\/produktas\\\/advento-kalendorius-delione\\\/#breadcrumb\"},\"inLanguage\":\"lv-LV\",\"potentialAction\":[{\"@type\":\"ReadAction\",\"target\":[\"https:\\\/\\\/kidsplay.lt\\\/produktas\\\/advento-kalendorius-delione\\\/\"]}]},{\"@type\":\"ImageObject\",\"inLanguage\":\"lv-LV\",\"@id\":\"https:\\\/\\\/kidsplay.lt\\\/produktas\\\/advento-kalendorius-delione\\\/#primaryimage\",\"url\":\"https:\\\/\\\/kidsplay.lt\\\/wp-content\\\/uploads\\\/2025\\\/09\\\/Screenshot_83.png\",\"contentUrl\":\"https:\\\/\\\/kidsplay.lt\\\/wp-content\\\/uploads\\\/2025\\\/09\\\/Screenshot_83.png\",\"width\":668,\"height\":560},{\"@type\":\"BreadcrumbList\",\"@id\":\"https:\\\/\\\/kidsplay.lt\\\/produktas\\\/advento-kalendorius-delione\\\/#breadcrumb\",\"itemListElement\":[{\"@type\":\"ListItem\",\"position\":1,\"name\":\"Pagrindinis\",\"item\":\"https:\\\/\\\/kidsplay.lt\\\/\"},{\"@type\":\"ListItem\",\"position\":2,\"name\":\"Parduotuv\u0117\",\"item\":\"https:\\\/\\\/kidsplay.lt\\\/parduotuve\\\/\"},{\"@type\":\"ListItem\",\"position\":3,\"name\":\"Advento kalendorius, d\u0117lion\u0117\"}]},{\"@type\":\"WebSite\",\"@id\":\"https:\\\/\\\/kidsplay.lt\\\/#website\",\"url\":\"https:\\\/\\\/kidsplay.lt\\\/\",\"name\":\"Kidsplay.lt\",\"description\":\"\u012evairios prek\u0117s vaikams\",\"publisher\":{\"@id\":\"https:\\\/\\\/kidsplay.lt\\\/#organization\"},\"alternateName\":\"Kidsplay\",\"potentialAction\":[{\"@type\":\"SearchAction\",\"target\":{\"@type\":\"EntryPoint\",\"urlTemplate\":\"https:\\\/\\\/kidsplay.lt\\\/?s={search_term_string}\"},\"query-input\":{\"@type\":\"PropertyValueSpecification\",\"valueRequired\":true,\"valueName\":\"search_term_string\"}}],\"inLanguage\":\"lv-LV\"},{\"@type\":\"Organization\",\"@id\":\"https:\\\/\\\/kidsplay.lt\\\/#organization\",\"name\":\"KidsPlay\",\"url\":\"https:\\\/\\\/kidsplay.lt\\\/\",\"logo\":{\"@type\":\"ImageObject\",\"inLanguage\":\"lv-LV\",\"@id\":\"https:\\\/\\\/kidsplay.lt\\\/#\\\/schema\\\/logo\\\/image\\\/\",\"url\":\"https:\\\/\\\/kidsplay.lt\\\/wp-content\\\/uploads\\\/2023\\\/07\\\/kidsplay-logo.png\",\"contentUrl\":\"https:\\\/\\\/kidsplay.lt\\\/wp-content\\\/uploads\\\/2023\\\/07\\\/kidsplay-logo.png\",\"width\":451,\"height\":98,\"caption\":\"KidsPlay\"},\"image\":{\"@id\":\"https:\\\/\\\/kidsplay.lt\\\/#\\\/schema\\\/logo\\\/image\\\/\"},\"sameAs\":[\"https:\\\/\\\/www.facebook.com\\\/www.kidsplay.lt\"]}]}<\/script>\n<!-- \/ Yoast SEO plugin. -->","yoast_head_json":{"title":"Advento kalendorius, d\u0117lion\u0117 - KidsPlay","description":"Adventes kalend\u0101rs, puzle","robots":{"index":"index","follow":"follow","max-snippet":"max-snippet:-1","max-image-preview":"max-image-preview:large","max-video-preview":"max-video-preview:-1"},"canonical":"https:\/\/kidsplay.lt\/lv\/products\/advento-kalendorius-delione\/","og_locale":"lv_LV","og_type":"article","og_title":"Advento kalendorius, d\u0117lion\u0117 - KidsPlay","og_description":"Advento kalendorius, d\u0117lion\u0117","og_url":"https:\/\/kidsplay.lt\/lv\/products\/advento-kalendorius-delione\/","og_site_name":"KidsPlay","article_publisher":"https:\/\/www.facebook.com\/www.kidsplay.lt","article_modified_time":"2025-12-29T17:53:49+00:00","og_image":[{"width":668,"height":560,"url":"https:\/\/kidsplay.lt\/wp-content\/uploads\/2025\/09\/Screenshot_83.png","type":"image\/png"}],"twitter_card":"summary_large_image","twitter_misc":{"Est. reading time":"2 min\u016btes"},"schema":{"@context":"https:\/\/schema.org","@graph":[{"@type":"WebPage","@id":"https:\/\/kidsplay.lt\/produktas\/advento-kalendorius-delione\/","url":"https:\/\/kidsplay.lt\/produktas\/advento-kalendorius-delione\/","name":"Advento kalendorius, d\u0117lion\u0117 - KidsPlay","isPartOf":{"@id":"https:\/\/kidsplay.lt\/#website"},"primaryImageOfPage":{"@id":"https:\/\/kidsplay.lt\/produktas\/advento-kalendorius-delione\/#primaryimage"},"image":{"@id":"https:\/\/kidsplay.lt\/produktas\/advento-kalendorius-delione\/#primaryimage"},"thumbnailUrl":"https:\/\/kidsplay.lt\/wp-content\/uploads\/2025\/09\/Screenshot_83.png","datePublished":"2025-09-26T18:47:06+00:00","dateModified":"2025-12-29T17:53:49+00:00","description":"Adventes kalend\u0101rs, puzle","breadcrumb":{"@id":"https:\/\/kidsplay.lt\/produktas\/advento-kalendorius-delione\/#breadcrumb"},"inLanguage":"lv-LV","potentialAction":[{"@type":"ReadAction","target":["https:\/\/kidsplay.lt\/produktas\/advento-kalendorius-delione\/"]}]},{"@type":"ImageObject","inLanguage":"lv-LV","@id":"https:\/\/kidsplay.lt\/produktas\/advento-kalendorius-delione\/#primaryimage","url":"https:\/\/kidsplay.lt\/wp-content\/uploads\/2025\/09\/Screenshot_83.png","contentUrl":"https:\/\/kidsplay.lt\/wp-content\/uploads\/2025\/09\/Screenshot_83.png","width":668,"height":560},{"@type":"BreadcrumbList","@id":"https:\/\/kidsplay.lt\/produktas\/advento-kalendorius-delione\/#breadcrumb","itemListElement":[{"@type":"ListItem","position":1,"name":"Pagrindinis","item":"https:\/\/kidsplay.lt\/"},{"@type":"ListItem","position":2,"name":"Parduotuv\u0117","item":"https:\/\/kidsplay.lt\/parduotuve\/"},{"@type":"ListItem","position":3,"name":"Advento kalendorius, d\u0117lion\u0117"}]},{"@type":"WebSite","@id":"https:\/\/kidsplay.lt\/#website","url":"https:\/\/kidsplay.lt\/","name":"B\u0113rnu sp\u0113les.lv","description":"\u012evairios prek\u0117s vaikams","publisher":{"@id":"https:\/\/kidsplay.lt\/#organization"},"alternateName":"Kidsplay","potentialAction":[{"@type":"SearchAction","target":{"@type":"EntryPoint","urlTemplate":"https:\/\/kidsplay.lt\/?s={search_term_string}"},"query-input":{"@type":"PropertyValueSpecification","valueRequired":true,"valueName":"search_term_string"}}],"inLanguage":"lv-LV"},{"@type":"Organization","@id":"https:\/\/kidsplay.lt\/#organization","name":"B\u0113rnu sp\u0113le","url":"https:\/\/kidsplay.lt\/","logo":{"@type":"ImageObject","inLanguage":"lv-LV","@id":"https:\/\/kidsplay.lt\/#\/schema\/logo\/image\/","url":"https:\/\/kidsplay.lt\/wp-content\/uploads\/2023\/07\/kidsplay-logo.png","contentUrl":"https:\/\/kidsplay.lt\/wp-content\/uploads\/2023\/07\/kidsplay-logo.png","width":451,"height":98,"caption":"KidsPlay"},"image":{"@id":"https:\/\/kidsplay.lt\/#\/schema\/logo\/image\/"},"sameAs":["https:\/\/www.facebook.com\/www.kidsplay.lt"]}]}},"_links":{"self":[{"href":"https:\/\/kidsplay.lt\/lv\/wp-json\/wp\/v2\/product\/65916","targetHints":{"allow":["GET"]}}],"collection":[{"href":"https:\/\/kidsplay.lt\/lv\/wp-json\/wp\/v2\/product"}],"about":[{"href":"https:\/\/kidsplay.lt\/lv\/wp-json\/wp\/v2\/types\/product"}],"version-history":[{"count":3,"href":"https:\/\/kidsplay.lt\/lv\/wp-json\/wp\/v2\/product\/65916\/revisions"}],"predecessor-version":[{"id":73874,"href":"https:\/\/kidsplay.lt\/lv\/wp-json\/wp\/v2\/product\/65916\/revisions\/73874"}],"wp:featuredmedia":[{"embeddable":true,"href":"https:\/\/kidsplay.lt\/lv\/wp-json\/wp\/v2\/media\/65917"}],"wp:attachment":[{"href":"https:\/\/kidsplay.lt\/lv\/wp-json\/wp\/v2\/media?parent=65916"}],"wp:term":[{"taxonomy":"product_brand","embeddable":true,"href":"https:\/\/kidsplay.lt\/lv\/wp-json\/wp\/v2\/product_brand?post=65916"},{"taxonomy":"product_cat","embeddable":true,"href":"https:\/\/kidsplay.lt\/lv\/wp-json\/wp\/v2\/product_cat?post=65916"},{"taxonomy":"product_tag","embeddable":true,"href":"https:\/\/kidsplay.lt\/lv\/wp-json\/wp\/v2\/product_tag?post=65916"}],"curies":[{"name":"wp","href":"https:\/\/api.w.org\/{rel}","templated":true}]}}