{"id":65919,"date":"2025-09-26T21:48:52","date_gmt":"2025-09-26T18:48:52","guid":{"rendered":"https:\/\/kidsplay.lt\/?post_type=product&#038;p=65919"},"modified":"2025-10-09T11:51:51","modified_gmt":"2025-10-09T08:51:51","slug":"advento-kalendorius-minecraft","status":"publish","type":"product","link":"https:\/\/kidsplay.lt\/lv\/products\/advento-kalendorius-minecraft\/","title":{"rendered":"Advento kalendorius minecraft"},"content":{"rendered":"<div class=\"mpof_ki myre_zn myre_8v_l m389_6m_l\">\n<div class=\"mp4t_16_s mryx_16_s mr3m_1 mli2_1 mh85_56 mh85_0_l\">\n<div class=\"mgn2_16 _0d3bd_am0a-\">\n<h1><span dir=\"auto\">\u201eMinecraft\u201c Advento kalendorius vaikams, 24 fig\u016br\u0117l\u0117s, dovana s\u016bnui<\/span><\/h1>\n<\/div>\n<\/div>\n<\/div>\n<div class=\"mpof_ki myre_zn myre_8v_l m389_6m_l\">\n<div class=\"mp4t_16_s mryx_16_s mr3m_1 mli2_1 mh85_56 mh85_0_l\">\n<div class=\"mg9e_8 mj7a_8 mg9e_0_s mvrt_0_s mj7a_0_s mh36_0_s mzmg_6m munh_16_l m3h2_16_l\">\n<div class=\"mp4t_0 mryx_0 munh_56 m3h2_56\">\n<div class=\"mp7g_oh\"><button class=\"mg9e_0 mvrt_0 mj7a_0 mh36_0 mp4t_0 m3h2_0 mryx_0 munh_0 mqen_m6 mpof_z0 mx7m_0 m7er_k4 mse2_k4 msts_pt\" data-analytics-interaction=\"true\" data-analytics-interaction-label=\"zoomable-image-open\" aria-disabled=\"true\"><img decoding=\"async\" class=\"msub_k4 mupj_5k mjru_k4 mse2_k4 mp7g_f6 mq1m_0 mj7u_0 m7er_k4 mqen_m6 m31c_d8 m0ux_fp lazyloaded\" src=\"https:\/\/a.allegroimg.com\/original\/11efe0\/da61d18745ba964d42d0c9f468eb\/Kalendarz-Adwentowy-dla-Dzieci-Minecraft-Figurki-24-szt-na-Prezent-dla-Syna\" sizes=\"(min-width: 1200px) 560px, (min-width: 992px) 50vw, 100vw\" srcset=\"https:\/\/a.allegroimg.com\/s360\/11efe0\/da61d18745ba964d42d0c9f468eb\/Kalendarz-Adwentowy-dla-Dzieci-Minecraft-Figurki-24-szt-na-Prezent-dla-Syna 360w,https:\/\/a.allegroimg.com\/s720\/11efe0\/da61d18745ba964d42d0c9f468eb\/Kalendarz-Adwentowy-dla-Dzieci-Minecraft-Figurki-24-szt-na-Prezent-dla-Syna 720w,https:\/\/a.allegroimg.com\/s1024\/11efe0\/da61d18745ba964d42d0c9f468eb\/Kalendarz-Adwentowy-dla-Dzieci-Minecraft-Figurki-24-szt-na-Prezent-dla-Syna 1024w,https:\/\/a.allegroimg.com\/s1440\/11efe0\/da61d18745ba964d42d0c9f468eb\/Kalendarz-Adwentowy-dla-Dzieci-Minecraft-Figurki-24-szt-na-Prezent-dla-Syna 1440w,https:\/\/a.allegroimg.com\/original\/11efe0\/da61d18745ba964d42d0c9f468eb\/Kalendarz-Adwentowy-dla-Dzieci-Minecraft-Figurki-24-szt-na-Prezent-dla-Syna 2560w\" alt=\"\u201eMinecraft\u201c Advento kalendorius vaikams, 24 fig\u016br\u0117l\u0117s, dovana s\u016bnui\" width=\"2560px\" data-srcset=\"\" \/><\/button><\/div>\n<\/div>\n<\/div>\n<\/div>\n<div class=\"mp4t_16_s mryx_16_s mr3m_1 mli2_1 mh85_56 mh85_0_l\">\n<div class=\"mgn2_16 _0d3bd_am0a-\">\n<h1><span dir=\"auto\">Minecraft Advento kalendorius \u2013 24 staigmen\u0173 fig\u016br\u0117l\u0117s<\/span><\/h1>\n<p><b><span dir=\"auto\">\u2705 Skai\u010diuoti laik\u0105 iki Kal\u0117d\u0173\u00a0<\/span><\/b><span dir=\"auto\">\u00a0dar niekada nebuvo taip \u012fdomu!<\/span><\/p>\n<p><b><span dir=\"auto\">\u2705 \u201eMinecraft\u201c advento kalendorius<\/span><\/b><span dir=\"auto\">\u00a0\u2013 tai kasdien\u0117 d\u017eiaugsmo, magijos ir linksmybi\u0173 doz\u0117 visiems legendinio \u017eaidimo gerb\u0117jams.<\/span><\/p>\n<p><b><span dir=\"auto\">\u2705 Kiekviename i\u0161 24 langeli\u0173 slepiasi nauja herojaus fig\u016br\u0117l\u0117 \u2013<\/span><\/b><span dir=\"auto\">\u00a0puikiai tinkanti \u017eaisti, kolekcionuoti ar netgi kaip rakt\u0173 pakabukas.<\/span><\/p>\n<\/div>\n<\/div>\n<\/div>\n<div class=\"mpof_ki myre_zn myre_8v_l m389_6m_l\">\n<div class=\"mp4t_16_s mryx_16_s mr3m_1 mli2_1 mh85_56 mh85_0_l\">\n<div class=\"mg9e_8 mj7a_8 mg9e_0_s mvrt_0_s mj7a_0_s mh36_0_s mzmg_6m munh_16_l m3h2_16_l\">\n<div class=\"mp4t_0 mryx_0 munh_56 m3h2_56\">\n<div class=\"mp7g_oh\"><button class=\"mg9e_0 mvrt_0 mj7a_0 mh36_0 mp4t_0 m3h2_0 mryx_0 munh_0 mqen_m6 mpof_z0 mx7m_0 m7er_k4 mse2_k4 msts_pt\" data-analytics-interaction=\"true\" data-analytics-interaction-label=\"zoomable-image-open\" aria-disabled=\"true\"><img decoding=\"async\" class=\"msub_k4 mupj_5k mjru_k4 mse2_k4 mp7g_f6 mq1m_0 mj7u_0 m7er_k4 mqen_m6 m31c_d8 m0ux_fp lazyloaded\" src=\"https:\/\/a.allegroimg.com\/original\/11b3bc\/7a98da3d42969f725e31ba20330a\/Kalendarz-Adwentowy-dla-Dzieci-Minecraft-Figurki-24-szt-na-Prezent-dla-Syna-EAN-GTIN-5904109755142\" sizes=\"(min-width: 1200px) 560px, (min-width: 992px) 50vw, 100vw\" srcset=\"https:\/\/a.allegroimg.com\/s360\/11b3bc\/7a98da3d42969f725e31ba20330a\/Kalendarz-Adwentowy-dla-Dzieci-Minecraft-Figurki-24-szt-na-Prezent-dla-Syna-EAN-GTIN-5904109755142 360w,https:\/\/a.allegroimg.com\/s720\/11b3bc\/7a98da3d42969f725e31ba20330a\/Kalendarz-Adwentowy-dla-Dzieci-Minecraft-Figurki-24-szt-na-Prezent-dla-Syna-EAN-GTIN-5904109755142 720w,https:\/\/a.allegroimg.com\/s1024\/11b3bc\/7a98da3d42969f725e31ba20330a\/Kalendarz-Adwentowy-dla-Dzieci-Minecraft-Figurki-24-szt-na-Prezent-dla-Syna-EAN-GTIN-5904109755142 1024w,https:\/\/a.allegroimg.com\/s1440\/11b3bc\/7a98da3d42969f725e31ba20330a\/Kalendarz-Adwentowy-dla-Dzieci-Minecraft-Figurki-24-szt-na-Prezent-dla-Syna-EAN-GTIN-5904109755142 1440w,https:\/\/a.allegroimg.com\/original\/11b3bc\/7a98da3d42969f725e31ba20330a\/Kalendarz-Adwentowy-dla-Dzieci-Minecraft-Figurki-24-szt-na-Prezent-dla-Syna-EAN-GTIN-5904109755142 2560w\" alt=\"\u201eMinecraft\u201c Advento kalendorius vaikams, 24 fig\u016br\u0117l\u0117s, dovana s\u016bnui, EAN (GTIN) 5904109755142\" width=\"2560px\" data-srcset=\"\" \/><\/button><\/div>\n<\/div>\n<\/div>\n<\/div>\n<div class=\"mp4t_16_s mryx_16_s mr3m_1 mli2_1 mh85_56 mh85_0_l\">\n<div class=\"mgn2_16 _0d3bd_am0a-\">\n<h1><span dir=\"auto\">Svarbiausi privalumai<\/span><\/h1>\n<p><b><span dir=\"auto\">\u2714\ufe0f 24 staigmen\u0173 fig\u016br\u0117l\u0117s<\/span><\/b><span dir=\"auto\">\u00a0\u2013 kiekvien\u0105 dien\u0105 atidarote nauj\u0105 lang\u0105 ir atrandate savo m\u0117gstam\u0105 \u017eaidimo persona\u017e\u0105.<\/span><\/p>\n<p><b><span dir=\"auto\">\u2714\ufe0f Ikoni\u0161ki \u201eMinecraft\u201c persona\u017eai<\/span><\/b><span dir=\"auto\">\u00a0\u2013 i\u0161tikimai atkurti, atpa\u017e\u012fstami ir \u017eaid\u0117j\u0173 pam\u0117gti.<\/span><\/p>\n<p><b><span dir=\"auto\">\u2714\ufe0f Kal\u0117d\u0173 magija<\/span><\/b><span dir=\"auto\">\u00a0\u2013 kasdien atrandant fig\u016br\u0117les sukuriama unikali Kal\u0117d\u0173 laukimo atmosfera.<\/span><\/p>\n<p><b><span dir=\"auto\">\u2714\ufe0f Auk\u0161tos kokyb\u0117s darbas<\/span><\/b><span dir=\"auto\">\u00a0\u2013 patvarios, kruop\u0161\u010diai suprojektuotos fig\u016br\u0117l\u0117s, atkreipiant d\u0117mes\u012f \u012f detales.<\/span><\/p>\n<p><b><span dir=\"auto\">\u2714\ufe0f Puiki dovana<\/span><\/b><span dir=\"auto\">\u00a0\u2013 tiek vaikams, tiek suaugusiems \u201eMinecraft\u201c gerb\u0117jams.<\/span><\/p>\n<\/div>\n<\/div>\n<\/div>\n<div class=\"mpof_ki myre_zn myre_8v_l m389_6m_l\">\n<div class=\"mp4t_16_s mryx_16_s mr3m_1 mli2_1 mh85_56 mh85_0_l\">\n<div class=\"mg9e_8 mj7a_8 mg9e_0_s mvrt_0_s mj7a_0_s mh36_0_s mzmg_6m munh_16_l m3h2_16_l\">\n<div class=\"mp4t_0 mryx_0 munh_56 m3h2_56\">\n<div class=\"mp7g_oh\"><button class=\"mg9e_0 mvrt_0 mj7a_0 mh36_0 mp4t_0 m3h2_0 mryx_0 munh_0 mqen_m6 mpof_z0 mx7m_0 m7er_k4 mse2_k4 msts_pt\" data-analytics-interaction=\"true\" data-analytics-interaction-label=\"zoomable-image-open\" aria-disabled=\"true\"><img decoding=\"async\" class=\"msub_k4 mupj_5k mjru_k4 mse2_k4 mp7g_f6 mq1m_0 mj7u_0 m7er_k4 mqen_m6 m31c_d8 m0ux_fp lazyloaded\" src=\"https:\/\/a.allegroimg.com\/original\/11d9e0\/6dac7a3747f2a4727bcae48c4768\/Kalendarz-Adwentowy-dla-Dzieci-Minecraft-Figurki-24-szt-na-Prezent-dla-Syna-Kod-producenta-minec0289\" sizes=\"(min-width: 1200px) 560px, (min-width: 992px) 50vw, 100vw\" srcset=\"https:\/\/a.allegroimg.com\/s360\/11d9e0\/6dac7a3747f2a4727bcae48c4768\/Kalendarz-Adwentowy-dla-Dzieci-Minecraft-Figurki-24-szt-na-Prezent-dla-Syna-Kod-producenta-minec0289 360w,https:\/\/a.allegroimg.com\/s720\/11d9e0\/6dac7a3747f2a4727bcae48c4768\/Kalendarz-Adwentowy-dla-Dzieci-Minecraft-Figurki-24-szt-na-Prezent-dla-Syna-Kod-producenta-minec0289 720w,https:\/\/a.allegroimg.com\/s1024\/11d9e0\/6dac7a3747f2a4727bcae48c4768\/Kalendarz-Adwentowy-dla-Dzieci-Minecraft-Figurki-24-szt-na-Prezent-dla-Syna-Kod-producenta-minec0289 1024w,https:\/\/a.allegroimg.com\/s1440\/11d9e0\/6dac7a3747f2a4727bcae48c4768\/Kalendarz-Adwentowy-dla-Dzieci-Minecraft-Figurki-24-szt-na-Prezent-dla-Syna-Kod-producenta-minec0289 1440w,https:\/\/a.allegroimg.com\/original\/11d9e0\/6dac7a3747f2a4727bcae48c4768\/Kalendarz-Adwentowy-dla-Dzieci-Minecraft-Figurki-24-szt-na-Prezent-dla-Syna-Kod-producenta-minec0289 2560w\" alt=\"\u201eMinecraft\u201c Advento kalendorius vaikams, 24 vnt. fig\u016br\u0117li\u0173, dovana s\u016bnui. Gamintojo kodas minec0289.\" width=\"2560px\" data-srcset=\"\" \/><\/button><\/div>\n<\/div>\n<\/div>\n<\/div>\n<div class=\"mp4t_16_s mryx_16_s mr3m_1 mli2_1 mh85_56 mh85_0_l\">\n<div class=\"mgn2_16 _0d3bd_am0a-\">\n<h1><span dir=\"auto\">Kod\u0117l verta rinktis \u0161\u012f kalendori\u0173?<\/span><\/h1>\n<ul>\n<li><b><span dir=\"auto\">\u27a1\ufe0f Tai ne tik \u017eaislas \u2013<\/span><\/b><span dir=\"auto\">\u00a0tai ir unikali fig\u016br\u0117li\u0173 kolekcija.<\/span><\/li>\n<\/ul>\n<ul>\n<li><b><span dir=\"auto\">\u27a1\ufe0f Vis\u0105 gruod\u012f ugdo d\u017eiaugsm\u0105<\/span><\/b><span dir=\"auto\">\u00a0ir jaudul\u012f.<\/span><\/li>\n<\/ul>\n<ul>\n<li><b><span dir=\"auto\">\u27a1\ufe0f Fig\u016br\u0117l\u0117s gali b\u016bti naudojamos<\/span><\/b><span dir=\"auto\">\u00a0kaip dekoracijos, rakt\u0173 pakabukai arba kolekcijos papildymai.<\/span><\/li>\n<\/ul>\n<ul>\n<li><span dir=\"auto\">\u27a1\ufe0f\u00a0<\/span><b><span dir=\"auto\">Puikus b\u016bdas<\/span><\/b><span dir=\"auto\">\u00a0laukti \u0161ven\u010di\u0173 su \u0161eima.<\/span><\/li>\n<\/ul>\n<\/div>\n<\/div>\n<\/div>\n<div class=\"mpof_ki myre_zn myre_8v_l m389_6m_l\">\n<div class=\"mp4t_16_s mryx_16_s mr3m_1 mli2_1 mh85_56 mh85_0_l\">\n<div class=\"mg9e_8 mj7a_8 mg9e_0_s mvrt_0_s mj7a_0_s mh36_0_s mzmg_6m munh_16_l m3h2_16_l\">\n<div class=\"mp4t_0 mryx_0 munh_56 m3h2_56\">\n<div class=\"mp7g_oh\"><button class=\"mg9e_0 mvrt_0 mj7a_0 mh36_0 mp4t_0 m3h2_0 mryx_0 munh_0 mqen_m6 mpof_z0 mx7m_0 m7er_k4 mse2_k4 msts_pt\" data-analytics-interaction=\"true\" data-analytics-interaction-label=\"zoomable-image-open\" aria-disabled=\"true\"><img decoding=\"async\" class=\"msub_k4 mupj_5k mjru_k4 mse2_k4 mp7g_f6 mq1m_0 mj7u_0 m7er_k4 mqen_m6 m31c_d8 m0ux_fp lazyloaded\" src=\"https:\/\/a.allegroimg.com\/original\/114f7c\/aacbda6547d086f588e98fc04933\/Kalendarz-Adwentowy-dla-Dzieci-Minecraft-Figurki-24-szt-na-Prezent-dla-Syna-Marka-bez-marki\" sizes=\"(min-width: 1200px) 560px, (min-width: 992px) 50vw, 100vw\" srcset=\"https:\/\/a.allegroimg.com\/s360\/114f7c\/aacbda6547d086f588e98fc04933\/Kalendarz-Adwentowy-dla-Dzieci-Minecraft-Figurki-24-szt-na-Prezent-dla-Syna-Marka-bez-marki 360w,https:\/\/a.allegroimg.com\/s720\/114f7c\/aacbda6547d086f588e98fc04933\/Kalendarz-Adwentowy-dla-Dzieci-Minecraft-Figurki-24-szt-na-Prezent-dla-Syna-Marka-bez-marki 720w,https:\/\/a.allegroimg.com\/s1024\/114f7c\/aacbda6547d086f588e98fc04933\/Kalendarz-Adwentowy-dla-Dzieci-Minecraft-Figurki-24-szt-na-Prezent-dla-Syna-Marka-bez-marki 960w,https:\/\/a.allegroimg.com\/original\/114f7c\/aacbda6547d086f588e98fc04933\/Kalendarz-Adwentowy-dla-Dzieci-Minecraft-Figurki-24-szt-na-Prezent-dla-Syna-Marka-bez-marki 960w\" alt=\"\u201eMinecraft\u201c Advento kalendorius vaikams su 24 fig\u016br\u0117l\u0117mis kaip dovana Mareko s\u016bnui be prek\u0117s \u017eenklo\" width=\"960px\" data-srcset=\"\" \/><\/button><\/div>\n<\/div>\n<\/div>\n<\/div>\n<div class=\"mp4t_16_s mryx_16_s mr3m_1 mli2_1 mh85_56 mh85_0_l\">\n<div class=\"mgn2_16 _0d3bd_am0a-\">\n<h1><span dir=\"auto\">Produkto specifikacijos:<\/span><\/h1>\n<ul>\n<li><b><span dir=\"auto\">Z\u012bmols:<\/span><\/b><span dir=\"auto\">\u00a0Minecraft<\/span><\/li>\n<li><b><span dir=\"auto\">Tips:<\/span><\/b><span dir=\"auto\">\u00a0Advento kalendorius su fig\u016br\u0117l\u0117mis<\/span><\/li>\n<li><b><span dir=\"auto\">Lang\u0173 skai\u010dius:<\/span><\/b><span dir=\"auto\">\u00a024<\/span><\/li>\n<li><b><span dir=\"auto\">Turinys:<\/span><\/b><span dir=\"auto\">\u00a024 staigmenos fig\u016br\u0117l\u0117s<\/span><\/li>\n<li><b><span dir=\"auto\">Izm\u0113ri:<\/span><\/b><span dir=\"auto\">\u00a037,3 \u00d7 23,8 cm<\/span><\/li>\n<li><b><span dir=\"auto\">Skirta:<\/span><\/b><span dir=\"auto\">\u00a0Vaikams ir suaugusiems \u201eMinecraft\u201c gerb\u0117jams<\/span><\/li>\n<li><b><span dir=\"auto\">Papildoma funkcija:<\/span><\/b><span dir=\"auto\">\u00a0fig\u016br\u0117l\u0117s gali b\u016bti naudojamos kaip rakt\u0173 pakabukai<\/span><\/li>\n<\/ul>\n<h2><span dir=\"auto\">\u2714\ufe0f \u201eMinecraft\u201c Advento kalendorius \u2013 j\u016bs\u0173 kasdien\u0117 kal\u0117dini\u0173 linksmybi\u0173 ir dovan\u0173 doz\u0117 viename!<\/span><\/h2>\n<\/div>\n<\/div>\n<\/div>\n<div class=\"mpof_ki myre_zn myre_8v_l m389_6m_l\">\n<div class=\"mp4t_16_s mryx_16_s mr3m_1 mli2_1 mh85_56 mh85_0_l\">\n<div class=\"mg9e_8 mj7a_8 mg9e_0_s mvrt_0_s mj7a_0_s mh36_0_s mzmg_6m munh_16_l m3h2_16_l\">\n<div class=\"mp4t_0 mryx_0 munh_56 m3h2_56\">\n<div class=\"mp7g_oh\"><button class=\"mg9e_0 mvrt_0 mj7a_0 mh36_0 mp4t_0 m3h2_0 mryx_0 munh_0 mqen_m6 mpof_z0 mx7m_0 m7er_k4 mse2_k4 msts_pt\" data-analytics-interaction=\"true\" data-analytics-interaction-label=\"zoomable-image-open\" aria-disabled=\"true\"><img decoding=\"async\" class=\"msub_k4 mupj_5k mjru_k4 mse2_k4 mp7g_f6 mq1m_0 mj7u_0 m7er_k4 mqen_m6 m31c_d8 m0ux_fp lazyloaded\" src=\"https:\/\/a.allegroimg.com\/original\/1106ff\/b8512ab5476da7b2d774e72ae672\/Kalendarz-Adwentowy-dla-Dzieci-Minecraft-Figurki-24-szt-na-Prezent-dla-Syna-Stan-opakowania-oryginalne\" sizes=\"(min-width: 1200px) 560px, (min-width: 992px) 50vw, 100vw\" srcset=\"https:\/\/a.allegroimg.com\/s360\/1106ff\/b8512ab5476da7b2d774e72ae672\/Kalendarz-Adwentowy-dla-Dzieci-Minecraft-Figurki-24-szt-na-Prezent-dla-Syna-Stan-opakowania-oryginalne 270w,https:\/\/a.allegroimg.com\/s720\/1106ff\/b8512ab5476da7b2d774e72ae672\/Kalendarz-Adwentowy-dla-Dzieci-Minecraft-Figurki-24-szt-na-Prezent-dla-Syna-Stan-opakowania-oryginalne 540w,https:\/\/a.allegroimg.com\/s1024\/1106ff\/b8512ab5476da7b2d774e72ae672\/Kalendarz-Adwentowy-dla-Dzieci-Minecraft-Figurki-24-szt-na-Prezent-dla-Syna-Stan-opakowania-oryginalne 768w,https:\/\/a.allegroimg.com\/s1440\/1106ff\/b8512ab5476da7b2d774e72ae672\/Kalendarz-Adwentowy-dla-Dzieci-Minecraft-Figurki-24-szt-na-Prezent-dla-Syna-Stan-opakowania-oryginalne 1080w,https:\/\/a.allegroimg.com\/original\/1106ff\/b8512ab5476da7b2d774e72ae672\/Kalendarz-Adwentowy-dla-Dzieci-Minecraft-Figurki-24-szt-na-Prezent-dla-Syna-Stan-opakowania-oryginalne 1536w\" alt=\"\u201eMinecraft\u201c Advento kalendorius vaikams, 24 vnt. fig\u016br\u0117li\u0173, dovana s\u016bnui, originalios pakuot\u0117s b\u016bkl\u0117\" width=\"1536px\" data-srcset=\"\" \/><\/button><\/div>\n<\/div>\n<\/div>\n<\/div>\n<div class=\"mp4t_16_s mryx_16_s mr3m_1 mli2_1 mh85_56 mh85_0_l\">\n<div class=\"mg9e_8 mj7a_8 mg9e_0_s mvrt_0_s mj7a_0_s mh36_0_s mzmg_6m munh_16_l m3h2_16_l\">\n<div class=\"mp4t_0 mryx_0 munh_56 m3h2_56\">\n<div class=\"mp7g_oh\"><button class=\"mg9e_0 mvrt_0 mj7a_0 mh36_0 mp4t_0 m3h2_0 mryx_0 munh_0 mqen_m6 mpof_z0 mx7m_0 m7er_k4 mse2_k4 msts_pt\" data-analytics-interaction=\"true\" data-analytics-interaction-label=\"zoomable-image-open\" aria-disabled=\"true\"><img decoding=\"async\" class=\"msub_k4 mupj_5k mjru_k4 mse2_k4 mp7g_f6 mq1m_0 mj7u_0 m7er_k4 mqen_m6 m31c_d8 m0ux_fp lazyloaded\" src=\"https:\/\/a.allegroimg.com\/original\/11beba\/4d42ba1148bea49827c19191bfd4\/Kalendarz-Adwentowy-dla-Dzieci-Minecraft-Figurki-24-szt-na-Prezent-dla-Syna-Rodzaj-stojacy\" sizes=\"(min-width: 1200px) 560px, (min-width: 992px) 50vw, 100vw\" srcset=\"https:\/\/a.allegroimg.com\/s360\/11beba\/4d42ba1148bea49827c19191bfd4\/Kalendarz-Adwentowy-dla-Dzieci-Minecraft-Figurki-24-szt-na-Prezent-dla-Syna-Rodzaj-stojacy 270w,https:\/\/a.allegroimg.com\/s720\/11beba\/4d42ba1148bea49827c19191bfd4\/Kalendarz-Adwentowy-dla-Dzieci-Minecraft-Figurki-24-szt-na-Prezent-dla-Syna-Rodzaj-stojacy 540w,https:\/\/a.allegroimg.com\/s1024\/11beba\/4d42ba1148bea49827c19191bfd4\/Kalendarz-Adwentowy-dla-Dzieci-Minecraft-Figurki-24-szt-na-Prezent-dla-Syna-Rodzaj-stojacy 768w,https:\/\/a.allegroimg.com\/s1440\/11beba\/4d42ba1148bea49827c19191bfd4\/Kalendarz-Adwentowy-dla-Dzieci-Minecraft-Figurki-24-szt-na-Prezent-dla-Syna-Rodzaj-stojacy 1080w,https:\/\/a.allegroimg.com\/original\/11beba\/4d42ba1148bea49827c19191bfd4\/Kalendarz-Adwentowy-dla-Dzieci-Minecraft-Figurki-24-szt-na-Prezent-dla-Syna-Rodzaj-stojacy 1920w\" alt=\"\u201eMinecraft\u201c Advento kalendorius vaikams, 24 vnt. fig\u016br\u0117li\u0173, dovana s\u016bnui, stovintis tipas\" width=\"1920px\" data-srcset=\"\" \/><\/button><\/div>\n<\/div>\n<\/div>\n<\/div>\n<\/div>","protected":false},"excerpt":{"rendered":"<p>Advento kalendorius minecraft<\/p>","protected":false},"featured_media":65921,"template":"","meta":{"_acf_changed":false,"_glsr_average":0,"_glsr_ranking":0,"_glsr_reviews":0},"product_brand":[],"product_cat":[360,372],"product_tag":[],"class_list":{"0":"post-65919","1":"product","2":"type-product","3":"status-publish","4":"has-post-thumbnail","6":"product_cat-advento-kalendoriai","7":"product_cat-vaiku-sventems","8":"\"style=\"background-color: #2ecc711c;\"","10":"first","11":"instock","12":"shipping-taxable","13":"purchasable","14":"product-type-simple"},"acf":[],"yoast_head":"<!-- This site is optimized with the Yoast SEO plugin v27.3 - https:\/\/yoast.com\/product\/yoast-seo-wordpress\/ -->\n<title>Advento kalendorius minecraft - KidsPlay<\/title>\n<meta name=\"description\" content=\"Advento kalendorius minecraft\" \/>\n<meta name=\"robots\" content=\"index, follow, max-snippet:-1, max-image-preview:large, max-video-preview:-1\" \/>\n<link rel=\"canonical\" href=\"https:\/\/kidsplay.lt\/lv\/products\/advento-kalendorius-minecraft\/\" \/>\n<meta property=\"og:locale\" content=\"lv_LV\" \/>\n<meta property=\"og:type\" content=\"article\" \/>\n<meta property=\"og:title\" content=\"Advento kalendorius minecraft - KidsPlay\" \/>\n<meta property=\"og:description\" content=\"Advento kalendorius minecraft\" \/>\n<meta property=\"og:url\" content=\"https:\/\/kidsplay.lt\/lv\/products\/advento-kalendorius-minecraft\/\" \/>\n<meta property=\"og:site_name\" content=\"KidsPlay\" \/>\n<meta property=\"article:publisher\" content=\"https:\/\/www.facebook.com\/www.kidsplay.lt\" \/>\n<meta property=\"article:modified_time\" content=\"2025-10-09T08:51:51+00:00\" \/>\n<meta property=\"og:image\" content=\"https:\/\/kidsplay.lt\/wp-content\/uploads\/2025\/09\/Screenshot_84.png\" \/>\n\t<meta property=\"og:image:width\" content=\"568\" \/>\n\t<meta property=\"og:image:height\" content=\"559\" \/>\n\t<meta property=\"og:image:type\" content=\"image\/png\" \/>\n<meta name=\"twitter:card\" content=\"summary_large_image\" \/>\n<meta name=\"twitter:label1\" content=\"Est. reading time\" \/>\n\t<meta name=\"twitter:data1\" content=\"3 min\u016btes\" \/>\n<script type=\"application\/ld+json\" class=\"yoast-schema-graph\">{\"@context\":\"https:\\\/\\\/schema.org\",\"@graph\":[{\"@type\":\"WebPage\",\"@id\":\"https:\\\/\\\/kidsplay.lt\\\/produktas\\\/advento-kalendorius-minecraft\\\/\",\"url\":\"https:\\\/\\\/kidsplay.lt\\\/produktas\\\/advento-kalendorius-minecraft\\\/\",\"name\":\"Advento kalendorius minecraft - KidsPlay\",\"isPartOf\":{\"@id\":\"https:\\\/\\\/kidsplay.lt\\\/#website\"},\"primaryImageOfPage\":{\"@id\":\"https:\\\/\\\/kidsplay.lt\\\/produktas\\\/advento-kalendorius-minecraft\\\/#primaryimage\"},\"image\":{\"@id\":\"https:\\\/\\\/kidsplay.lt\\\/produktas\\\/advento-kalendorius-minecraft\\\/#primaryimage\"},\"thumbnailUrl\":\"https:\\\/\\\/kidsplay.lt\\\/wp-content\\\/uploads\\\/2025\\\/09\\\/Screenshot_84.png\",\"datePublished\":\"2025-09-26T18:48:52+00:00\",\"dateModified\":\"2025-10-09T08:51:51+00:00\",\"description\":\"Advento kalendorius minecraft\",\"breadcrumb\":{\"@id\":\"https:\\\/\\\/kidsplay.lt\\\/produktas\\\/advento-kalendorius-minecraft\\\/#breadcrumb\"},\"inLanguage\":\"lv-LV\",\"potentialAction\":[{\"@type\":\"ReadAction\",\"target\":[\"https:\\\/\\\/kidsplay.lt\\\/produktas\\\/advento-kalendorius-minecraft\\\/\"]}]},{\"@type\":\"ImageObject\",\"inLanguage\":\"lv-LV\",\"@id\":\"https:\\\/\\\/kidsplay.lt\\\/produktas\\\/advento-kalendorius-minecraft\\\/#primaryimage\",\"url\":\"https:\\\/\\\/kidsplay.lt\\\/wp-content\\\/uploads\\\/2025\\\/09\\\/Screenshot_84.png\",\"contentUrl\":\"https:\\\/\\\/kidsplay.lt\\\/wp-content\\\/uploads\\\/2025\\\/09\\\/Screenshot_84.png\",\"width\":568,\"height\":559},{\"@type\":\"BreadcrumbList\",\"@id\":\"https:\\\/\\\/kidsplay.lt\\\/produktas\\\/advento-kalendorius-minecraft\\\/#breadcrumb\",\"itemListElement\":[{\"@type\":\"ListItem\",\"position\":1,\"name\":\"Pagrindinis\",\"item\":\"https:\\\/\\\/kidsplay.lt\\\/\"},{\"@type\":\"ListItem\",\"position\":2,\"name\":\"Parduotuv\u0117\",\"item\":\"https:\\\/\\\/kidsplay.lt\\\/parduotuve\\\/\"},{\"@type\":\"ListItem\",\"position\":3,\"name\":\"Advento kalendorius minecraft\"}]},{\"@type\":\"WebSite\",\"@id\":\"https:\\\/\\\/kidsplay.lt\\\/#website\",\"url\":\"https:\\\/\\\/kidsplay.lt\\\/\",\"name\":\"Kidsplay.lt\",\"description\":\"\u012evairios prek\u0117s vaikams\",\"publisher\":{\"@id\":\"https:\\\/\\\/kidsplay.lt\\\/#organization\"},\"alternateName\":\"Kidsplay\",\"potentialAction\":[{\"@type\":\"SearchAction\",\"target\":{\"@type\":\"EntryPoint\",\"urlTemplate\":\"https:\\\/\\\/kidsplay.lt\\\/?s={search_term_string}\"},\"query-input\":{\"@type\":\"PropertyValueSpecification\",\"valueRequired\":true,\"valueName\":\"search_term_string\"}}],\"inLanguage\":\"lv-LV\"},{\"@type\":\"Organization\",\"@id\":\"https:\\\/\\\/kidsplay.lt\\\/#organization\",\"name\":\"KidsPlay\",\"url\":\"https:\\\/\\\/kidsplay.lt\\\/\",\"logo\":{\"@type\":\"ImageObject\",\"inLanguage\":\"lv-LV\",\"@id\":\"https:\\\/\\\/kidsplay.lt\\\/#\\\/schema\\\/logo\\\/image\\\/\",\"url\":\"https:\\\/\\\/kidsplay.lt\\\/wp-content\\\/uploads\\\/2023\\\/07\\\/kidsplay-logo.png\",\"contentUrl\":\"https:\\\/\\\/kidsplay.lt\\\/wp-content\\\/uploads\\\/2023\\\/07\\\/kidsplay-logo.png\",\"width\":451,\"height\":98,\"caption\":\"KidsPlay\"},\"image\":{\"@id\":\"https:\\\/\\\/kidsplay.lt\\\/#\\\/schema\\\/logo\\\/image\\\/\"},\"sameAs\":[\"https:\\\/\\\/www.facebook.com\\\/www.kidsplay.lt\"]}]}<\/script>\n<!-- \/ Yoast SEO plugin. -->","yoast_head_json":{"title":"Advento kalendorius minecraft - KidsPlay","description":"Advento kalendorius minecraft","robots":{"index":"index","follow":"follow","max-snippet":"max-snippet:-1","max-image-preview":"max-image-preview:large","max-video-preview":"max-video-preview:-1"},"canonical":"https:\/\/kidsplay.lt\/lv\/products\/advento-kalendorius-minecraft\/","og_locale":"lv_LV","og_type":"article","og_title":"Advento kalendorius minecraft - KidsPlay","og_description":"Advento kalendorius minecraft","og_url":"https:\/\/kidsplay.lt\/lv\/products\/advento-kalendorius-minecraft\/","og_site_name":"KidsPlay","article_publisher":"https:\/\/www.facebook.com\/www.kidsplay.lt","article_modified_time":"2025-10-09T08:51:51+00:00","og_image":[{"width":568,"height":559,"url":"https:\/\/kidsplay.lt\/wp-content\/uploads\/2025\/09\/Screenshot_84.png","type":"image\/png"}],"twitter_card":"summary_large_image","twitter_misc":{"Est. reading time":"3 min\u016btes"},"schema":{"@context":"https:\/\/schema.org","@graph":[{"@type":"WebPage","@id":"https:\/\/kidsplay.lt\/produktas\/advento-kalendorius-minecraft\/","url":"https:\/\/kidsplay.lt\/produktas\/advento-kalendorius-minecraft\/","name":"Advento kalendorius minecraft - KidsPlay","isPartOf":{"@id":"https:\/\/kidsplay.lt\/#website"},"primaryImageOfPage":{"@id":"https:\/\/kidsplay.lt\/produktas\/advento-kalendorius-minecraft\/#primaryimage"},"image":{"@id":"https:\/\/kidsplay.lt\/produktas\/advento-kalendorius-minecraft\/#primaryimage"},"thumbnailUrl":"https:\/\/kidsplay.lt\/wp-content\/uploads\/2025\/09\/Screenshot_84.png","datePublished":"2025-09-26T18:48:52+00:00","dateModified":"2025-10-09T08:51:51+00:00","description":"Advento kalendorius minecraft","breadcrumb":{"@id":"https:\/\/kidsplay.lt\/produktas\/advento-kalendorius-minecraft\/#breadcrumb"},"inLanguage":"lv-LV","potentialAction":[{"@type":"ReadAction","target":["https:\/\/kidsplay.lt\/produktas\/advento-kalendorius-minecraft\/"]}]},{"@type":"ImageObject","inLanguage":"lv-LV","@id":"https:\/\/kidsplay.lt\/produktas\/advento-kalendorius-minecraft\/#primaryimage","url":"https:\/\/kidsplay.lt\/wp-content\/uploads\/2025\/09\/Screenshot_84.png","contentUrl":"https:\/\/kidsplay.lt\/wp-content\/uploads\/2025\/09\/Screenshot_84.png","width":568,"height":559},{"@type":"BreadcrumbList","@id":"https:\/\/kidsplay.lt\/produktas\/advento-kalendorius-minecraft\/#breadcrumb","itemListElement":[{"@type":"ListItem","position":1,"name":"Pagrindinis","item":"https:\/\/kidsplay.lt\/"},{"@type":"ListItem","position":2,"name":"Parduotuv\u0117","item":"https:\/\/kidsplay.lt\/parduotuve\/"},{"@type":"ListItem","position":3,"name":"Advento kalendorius minecraft"}]},{"@type":"WebSite","@id":"https:\/\/kidsplay.lt\/#website","url":"https:\/\/kidsplay.lt\/","name":"B\u0113rnu sp\u0113les.lv","description":"\u012evairios prek\u0117s vaikams","publisher":{"@id":"https:\/\/kidsplay.lt\/#organization"},"alternateName":"Kidsplay","potentialAction":[{"@type":"SearchAction","target":{"@type":"EntryPoint","urlTemplate":"https:\/\/kidsplay.lt\/?s={search_term_string}"},"query-input":{"@type":"PropertyValueSpecification","valueRequired":true,"valueName":"search_term_string"}}],"inLanguage":"lv-LV"},{"@type":"Organization","@id":"https:\/\/kidsplay.lt\/#organization","name":"B\u0113rnu sp\u0113le","url":"https:\/\/kidsplay.lt\/","logo":{"@type":"ImageObject","inLanguage":"lv-LV","@id":"https:\/\/kidsplay.lt\/#\/schema\/logo\/image\/","url":"https:\/\/kidsplay.lt\/wp-content\/uploads\/2023\/07\/kidsplay-logo.png","contentUrl":"https:\/\/kidsplay.lt\/wp-content\/uploads\/2023\/07\/kidsplay-logo.png","width":451,"height":98,"caption":"KidsPlay"},"image":{"@id":"https:\/\/kidsplay.lt\/#\/schema\/logo\/image\/"},"sameAs":["https:\/\/www.facebook.com\/www.kidsplay.lt"]}]}},"_links":{"self":[{"href":"https:\/\/kidsplay.lt\/lv\/wp-json\/wp\/v2\/product\/65919","targetHints":{"allow":["GET"]}}],"collection":[{"href":"https:\/\/kidsplay.lt\/lv\/wp-json\/wp\/v2\/product"}],"about":[{"href":"https:\/\/kidsplay.lt\/lv\/wp-json\/wp\/v2\/types\/product"}],"version-history":[{"count":4,"href":"https:\/\/kidsplay.lt\/lv\/wp-json\/wp\/v2\/product\/65919\/revisions"}],"predecessor-version":[{"id":73872,"href":"https:\/\/kidsplay.lt\/lv\/wp-json\/wp\/v2\/product\/65919\/revisions\/73872"}],"wp:featuredmedia":[{"embeddable":true,"href":"https:\/\/kidsplay.lt\/lv\/wp-json\/wp\/v2\/media\/65921"}],"wp:attachment":[{"href":"https:\/\/kidsplay.lt\/lv\/wp-json\/wp\/v2\/media?parent=65919"}],"wp:term":[{"taxonomy":"product_brand","embeddable":true,"href":"https:\/\/kidsplay.lt\/lv\/wp-json\/wp\/v2\/product_brand?post=65919"},{"taxonomy":"product_cat","embeddable":true,"href":"https:\/\/kidsplay.lt\/lv\/wp-json\/wp\/v2\/product_cat?post=65919"},{"taxonomy":"product_tag","embeddable":true,"href":"https:\/\/kidsplay.lt\/lv\/wp-json\/wp\/v2\/product_tag?post=65919"}],"curies":[{"name":"wp","href":"https:\/\/api.w.org\/{rel}","templated":true}]}}