{"id":66027,"date":"2025-09-27T21:39:39","date_gmt":"2025-09-27T18:39:39","guid":{"rendered":"https:\/\/kidsplay.lt\/?post_type=product&#038;p=66027"},"modified":"2026-01-22T07:33:23","modified_gmt":"2026-01-22T05:33:23","slug":"konstrukciniu-kaladeliu-irankiu-deklas-237-vnt","status":"publish","type":"product","link":"https:\/\/kidsplay.lt\/lv\/products\/konstrukciniu-kaladeliu-irankiu-deklas-237-vnt\/","title":{"rendered":"Instrumentu kaste celtniec\u012bbas blokiem 237 gab."},"content":{"rendered":"<p><b><span dir=\"auto\">Edukacinis var\u017et\u0173 rinkinys \u012franki\u0173 d\u0117\u017e\u0117je<\/span><\/b><\/p>\n<p><span dir=\"auto\">\u0160is produktas \u2013 kiekvieno ma\u017eojo meistro svajon\u0117! Rinkin\u012f sudaro daug spalving\u0173, \u012fvairi\u0173 form\u0173 detali\u0173, kurios pad\u0117s lavinti j\u016bs\u0173 vaiko vaizduot\u0119 ir k\u016brybi\u0161kum\u0105. Rinkin\u012f sudaro 237 detal\u0117s, \u012fskaitant ver\u017eliarakt\u012f, atsuktuv\u0105 ir baterijomis maitinam\u0105 atsuktuv\u0105. Detal\u0117s gali b\u016bti surinktos naudojant pridedamus \u012frankius arba rankomis, o tai lavina j\u016bs\u0173 vaiko rank\u0173 miklum\u0105.<\/span><\/p>\n<p><span dir=\"auto\">Atsuktuvo maitinimo \u0161altinis: 2 x AA (baterijos nepridedamos)<\/span><\/p>\n<p><span dir=\"auto\">Pakuot\u0117s matmenys: 46 x 6,5 x 24,5 cm<\/span><\/p>\n<p>&nbsp;<\/p>\n<p><b><span dir=\"auto\">\u012eSP\u0116JIMAS!<\/span><\/b><\/p>\n<p><span dir=\"auto\">Netinka vaikams iki 3 met\u0173 d\u0117l smulki\u0173 detali\u0173 arba galimyb\u0117s, kad smulkios detal\u0117s atsiskiria ir prarijus gali kilti u\u017espringimo ar dusimo pavojus.<\/span><\/p>","protected":false},"excerpt":{"rendered":"<p>Instrumentu kaste celtniec\u012bbas blokiem 237 gab.<\/p>","protected":false},"featured_media":66028,"template":"","meta":{"_acf_changed":false,"_glsr_average":0,"_glsr_ranking":0,"_glsr_reviews":0},"product_brand":[],"product_cat":[446],"product_tag":[],"class_list":{"0":"post-66027","1":"product","2":"type-product","3":"status-publish","4":"has-post-thumbnail","6":"product_cat-konstruktoriai","7":"\"style=\"background-color: #2ecc711c;\"","9":"first","10":"instock","11":"shipping-taxable","12":"purchasable","13":"product-type-simple"},"acf":[],"yoast_head":"<!-- This site is optimized with the Yoast SEO plugin v27.4 - https:\/\/yoast.com\/product\/yoast-seo-wordpress\/ -->\n<title>Konstrukcini\u0173 kalad\u0117li\u0173 \u012franki\u0173 d\u0117klas 237 vnt. - KidsPlay<\/title>\n<meta name=\"description\" content=\"Konstrukcini\u0173 kalad\u0117li\u0173 \u012franki\u0173 d\u0117klas 237 vnt.\" \/>\n<meta name=\"robots\" content=\"index, follow, max-snippet:-1, max-image-preview:large, max-video-preview:-1\" \/>\n<link rel=\"canonical\" href=\"https:\/\/kidsplay.lt\/lv\/products\/konstrukciniu-kaladeliu-irankiu-deklas-237-vnt\/\" \/>\n<meta property=\"og:locale\" content=\"lv_LV\" \/>\n<meta property=\"og:type\" content=\"article\" \/>\n<meta property=\"og:title\" content=\"Konstrukcini\u0173 kalad\u0117li\u0173 \u012franki\u0173 d\u0117klas 237 vnt. - KidsPlay\" \/>\n<meta property=\"og:description\" content=\"Konstrukcini\u0173 kalad\u0117li\u0173 \u012franki\u0173 d\u0117klas 237 vnt.\" \/>\n<meta property=\"og:url\" content=\"https:\/\/kidsplay.lt\/lv\/products\/konstrukciniu-kaladeliu-irankiu-deklas-237-vnt\/\" \/>\n<meta property=\"og:site_name\" content=\"KidsPlay\" \/>\n<meta property=\"article:publisher\" content=\"https:\/\/www.facebook.com\/www.kidsplay.lt\" \/>\n<meta property=\"article:modified_time\" content=\"2026-01-22T05:33:23+00:00\" \/>\n<meta property=\"og:image\" content=\"https:\/\/kidsplay.lt\/wp-content\/uploads\/2025\/09\/Screenshot_132.png\" \/>\n\t<meta property=\"og:image:width\" content=\"616\" \/>\n\t<meta property=\"og:image:height\" content=\"568\" \/>\n\t<meta property=\"og:image:type\" content=\"image\/png\" \/>\n<meta name=\"twitter:card\" content=\"summary_large_image\" \/>\n<meta name=\"twitter:label1\" content=\"Est. reading time\" \/>\n\t<meta name=\"twitter:data1\" content=\"1 min\u016bte\" \/>\n<script type=\"application\/ld+json\" class=\"yoast-schema-graph\">{\"@context\":\"https:\\\/\\\/schema.org\",\"@graph\":[{\"@type\":\"WebPage\",\"@id\":\"https:\\\/\\\/kidsplay.lt\\\/produktas\\\/konstrukciniu-kaladeliu-irankiu-deklas-237-vnt\\\/\",\"url\":\"https:\\\/\\\/kidsplay.lt\\\/produktas\\\/konstrukciniu-kaladeliu-irankiu-deklas-237-vnt\\\/\",\"name\":\"Konstrukcini\u0173 kalad\u0117li\u0173 \u012franki\u0173 d\u0117klas 237 vnt. - KidsPlay\",\"isPartOf\":{\"@id\":\"https:\\\/\\\/kidsplay.lt\\\/#website\"},\"primaryImageOfPage\":{\"@id\":\"https:\\\/\\\/kidsplay.lt\\\/produktas\\\/konstrukciniu-kaladeliu-irankiu-deklas-237-vnt\\\/#primaryimage\"},\"image\":{\"@id\":\"https:\\\/\\\/kidsplay.lt\\\/produktas\\\/konstrukciniu-kaladeliu-irankiu-deklas-237-vnt\\\/#primaryimage\"},\"thumbnailUrl\":\"https:\\\/\\\/kidsplay.lt\\\/wp-content\\\/uploads\\\/2025\\\/09\\\/Screenshot_132.png\",\"datePublished\":\"2025-09-27T18:39:39+00:00\",\"dateModified\":\"2026-01-22T05:33:23+00:00\",\"description\":\"Konstrukcini\u0173 kalad\u0117li\u0173 \u012franki\u0173 d\u0117klas 237 vnt.\",\"breadcrumb\":{\"@id\":\"https:\\\/\\\/kidsplay.lt\\\/produktas\\\/konstrukciniu-kaladeliu-irankiu-deklas-237-vnt\\\/#breadcrumb\"},\"inLanguage\":\"lv-LV\",\"potentialAction\":[{\"@type\":\"ReadAction\",\"target\":[\"https:\\\/\\\/kidsplay.lt\\\/produktas\\\/konstrukciniu-kaladeliu-irankiu-deklas-237-vnt\\\/\"]}]},{\"@type\":\"ImageObject\",\"inLanguage\":\"lv-LV\",\"@id\":\"https:\\\/\\\/kidsplay.lt\\\/produktas\\\/konstrukciniu-kaladeliu-irankiu-deklas-237-vnt\\\/#primaryimage\",\"url\":\"https:\\\/\\\/kidsplay.lt\\\/wp-content\\\/uploads\\\/2025\\\/09\\\/Screenshot_132.png\",\"contentUrl\":\"https:\\\/\\\/kidsplay.lt\\\/wp-content\\\/uploads\\\/2025\\\/09\\\/Screenshot_132.png\",\"width\":616,\"height\":568},{\"@type\":\"BreadcrumbList\",\"@id\":\"https:\\\/\\\/kidsplay.lt\\\/produktas\\\/konstrukciniu-kaladeliu-irankiu-deklas-237-vnt\\\/#breadcrumb\",\"itemListElement\":[{\"@type\":\"ListItem\",\"position\":1,\"name\":\"Pagrindinis\",\"item\":\"https:\\\/\\\/kidsplay.lt\\\/\"},{\"@type\":\"ListItem\",\"position\":2,\"name\":\"Parduotuv\u0117\",\"item\":\"https:\\\/\\\/kidsplay.lt\\\/parduotuve\\\/\"},{\"@type\":\"ListItem\",\"position\":3,\"name\":\"Konstrukcini\u0173 kalad\u0117li\u0173 \u012franki\u0173 d\u0117klas 237 vnt.\"}]},{\"@type\":\"WebSite\",\"@id\":\"https:\\\/\\\/kidsplay.lt\\\/#website\",\"url\":\"https:\\\/\\\/kidsplay.lt\\\/\",\"name\":\"Kidsplay.lt\",\"description\":\"\u012evairios prek\u0117s vaikams\",\"publisher\":{\"@id\":\"https:\\\/\\\/kidsplay.lt\\\/#organization\"},\"alternateName\":\"Kidsplay\",\"potentialAction\":[{\"@type\":\"SearchAction\",\"target\":{\"@type\":\"EntryPoint\",\"urlTemplate\":\"https:\\\/\\\/kidsplay.lt\\\/?s={search_term_string}\"},\"query-input\":{\"@type\":\"PropertyValueSpecification\",\"valueRequired\":true,\"valueName\":\"search_term_string\"}}],\"inLanguage\":\"lv-LV\"},{\"@type\":\"Organization\",\"@id\":\"https:\\\/\\\/kidsplay.lt\\\/#organization\",\"name\":\"KidsPlay\",\"url\":\"https:\\\/\\\/kidsplay.lt\\\/\",\"logo\":{\"@type\":\"ImageObject\",\"inLanguage\":\"lv-LV\",\"@id\":\"https:\\\/\\\/kidsplay.lt\\\/#\\\/schema\\\/logo\\\/image\\\/\",\"url\":\"https:\\\/\\\/kidsplay.lt\\\/wp-content\\\/uploads\\\/2023\\\/07\\\/kidsplay-logo.png\",\"contentUrl\":\"https:\\\/\\\/kidsplay.lt\\\/wp-content\\\/uploads\\\/2023\\\/07\\\/kidsplay-logo.png\",\"width\":451,\"height\":98,\"caption\":\"KidsPlay\"},\"image\":{\"@id\":\"https:\\\/\\\/kidsplay.lt\\\/#\\\/schema\\\/logo\\\/image\\\/\"},\"sameAs\":[\"https:\\\/\\\/www.facebook.com\\\/www.kidsplay.lt\"]}]}<\/script>\n<!-- \/ Yoast SEO plugin. -->","yoast_head_json":{"title":"Konstrukcini\u0173 kalad\u0117li\u0173 \u012franki\u0173 d\u0117klas 237 vnt. - KidsPlay","description":"Instrumentu kaste celtniec\u012bbas blokiem 237 gab.","robots":{"index":"index","follow":"follow","max-snippet":"max-snippet:-1","max-image-preview":"max-image-preview:large","max-video-preview":"max-video-preview:-1"},"canonical":"https:\/\/kidsplay.lt\/lv\/products\/konstrukciniu-kaladeliu-irankiu-deklas-237-vnt\/","og_locale":"lv_LV","og_type":"article","og_title":"Konstrukcini\u0173 kalad\u0117li\u0173 \u012franki\u0173 d\u0117klas 237 vnt. - KidsPlay","og_description":"Konstrukcini\u0173 kalad\u0117li\u0173 \u012franki\u0173 d\u0117klas 237 vnt.","og_url":"https:\/\/kidsplay.lt\/lv\/products\/konstrukciniu-kaladeliu-irankiu-deklas-237-vnt\/","og_site_name":"KidsPlay","article_publisher":"https:\/\/www.facebook.com\/www.kidsplay.lt","article_modified_time":"2026-01-22T05:33:23+00:00","og_image":[{"width":616,"height":568,"url":"https:\/\/kidsplay.lt\/wp-content\/uploads\/2025\/09\/Screenshot_132.png","type":"image\/png"}],"twitter_card":"summary_large_image","twitter_misc":{"Est. reading time":"1 min\u016bte"},"schema":{"@context":"https:\/\/schema.org","@graph":[{"@type":"WebPage","@id":"https:\/\/kidsplay.lt\/produktas\/konstrukciniu-kaladeliu-irankiu-deklas-237-vnt\/","url":"https:\/\/kidsplay.lt\/produktas\/konstrukciniu-kaladeliu-irankiu-deklas-237-vnt\/","name":"Konstrukcini\u0173 kalad\u0117li\u0173 \u012franki\u0173 d\u0117klas 237 vnt. - KidsPlay","isPartOf":{"@id":"https:\/\/kidsplay.lt\/#website"},"primaryImageOfPage":{"@id":"https:\/\/kidsplay.lt\/produktas\/konstrukciniu-kaladeliu-irankiu-deklas-237-vnt\/#primaryimage"},"image":{"@id":"https:\/\/kidsplay.lt\/produktas\/konstrukciniu-kaladeliu-irankiu-deklas-237-vnt\/#primaryimage"},"thumbnailUrl":"https:\/\/kidsplay.lt\/wp-content\/uploads\/2025\/09\/Screenshot_132.png","datePublished":"2025-09-27T18:39:39+00:00","dateModified":"2026-01-22T05:33:23+00:00","description":"Instrumentu kaste celtniec\u012bbas blokiem 237 gab.","breadcrumb":{"@id":"https:\/\/kidsplay.lt\/produktas\/konstrukciniu-kaladeliu-irankiu-deklas-237-vnt\/#breadcrumb"},"inLanguage":"lv-LV","potentialAction":[{"@type":"ReadAction","target":["https:\/\/kidsplay.lt\/produktas\/konstrukciniu-kaladeliu-irankiu-deklas-237-vnt\/"]}]},{"@type":"ImageObject","inLanguage":"lv-LV","@id":"https:\/\/kidsplay.lt\/produktas\/konstrukciniu-kaladeliu-irankiu-deklas-237-vnt\/#primaryimage","url":"https:\/\/kidsplay.lt\/wp-content\/uploads\/2025\/09\/Screenshot_132.png","contentUrl":"https:\/\/kidsplay.lt\/wp-content\/uploads\/2025\/09\/Screenshot_132.png","width":616,"height":568},{"@type":"BreadcrumbList","@id":"https:\/\/kidsplay.lt\/produktas\/konstrukciniu-kaladeliu-irankiu-deklas-237-vnt\/#breadcrumb","itemListElement":[{"@type":"ListItem","position":1,"name":"Pagrindinis","item":"https:\/\/kidsplay.lt\/"},{"@type":"ListItem","position":2,"name":"Parduotuv\u0117","item":"https:\/\/kidsplay.lt\/parduotuve\/"},{"@type":"ListItem","position":3,"name":"Konstrukcini\u0173 kalad\u0117li\u0173 \u012franki\u0173 d\u0117klas 237 vnt."}]},{"@type":"WebSite","@id":"https:\/\/kidsplay.lt\/#website","url":"https:\/\/kidsplay.lt\/","name":"B\u0113rnu sp\u0113les.lv","description":"\u012evairios prek\u0117s vaikams","publisher":{"@id":"https:\/\/kidsplay.lt\/#organization"},"alternateName":"Kidsplay","potentialAction":[{"@type":"SearchAction","target":{"@type":"EntryPoint","urlTemplate":"https:\/\/kidsplay.lt\/?s={search_term_string}"},"query-input":{"@type":"PropertyValueSpecification","valueRequired":true,"valueName":"search_term_string"}}],"inLanguage":"lv-LV"},{"@type":"Organization","@id":"https:\/\/kidsplay.lt\/#organization","name":"B\u0113rnu sp\u0113le","url":"https:\/\/kidsplay.lt\/","logo":{"@type":"ImageObject","inLanguage":"lv-LV","@id":"https:\/\/kidsplay.lt\/#\/schema\/logo\/image\/","url":"https:\/\/kidsplay.lt\/wp-content\/uploads\/2023\/07\/kidsplay-logo.png","contentUrl":"https:\/\/kidsplay.lt\/wp-content\/uploads\/2023\/07\/kidsplay-logo.png","width":451,"height":98,"caption":"KidsPlay"},"image":{"@id":"https:\/\/kidsplay.lt\/#\/schema\/logo\/image\/"},"sameAs":["https:\/\/www.facebook.com\/www.kidsplay.lt"]}]}},"_links":{"self":[{"href":"https:\/\/kidsplay.lt\/lv\/wp-json\/wp\/v2\/product\/66027","targetHints":{"allow":["GET"]}}],"collection":[{"href":"https:\/\/kidsplay.lt\/lv\/wp-json\/wp\/v2\/product"}],"about":[{"href":"https:\/\/kidsplay.lt\/lv\/wp-json\/wp\/v2\/types\/product"}],"version-history":[{"count":2,"href":"https:\/\/kidsplay.lt\/lv\/wp-json\/wp\/v2\/product\/66027\/revisions"}],"predecessor-version":[{"id":73829,"href":"https:\/\/kidsplay.lt\/lv\/wp-json\/wp\/v2\/product\/66027\/revisions\/73829"}],"wp:featuredmedia":[{"embeddable":true,"href":"https:\/\/kidsplay.lt\/lv\/wp-json\/wp\/v2\/media\/66028"}],"wp:attachment":[{"href":"https:\/\/kidsplay.lt\/lv\/wp-json\/wp\/v2\/media?parent=66027"}],"wp:term":[{"taxonomy":"product_brand","embeddable":true,"href":"https:\/\/kidsplay.lt\/lv\/wp-json\/wp\/v2\/product_brand?post=66027"},{"taxonomy":"product_cat","embeddable":true,"href":"https:\/\/kidsplay.lt\/lv\/wp-json\/wp\/v2\/product_cat?post=66027"},{"taxonomy":"product_tag","embeddable":true,"href":"https:\/\/kidsplay.lt\/lv\/wp-json\/wp\/v2\/product_tag?post=66027"}],"curies":[{"name":"wp","href":"https:\/\/api.w.org\/{rel}","templated":true}]}}