{"id":66076,"date":"2025-09-28T09:16:06","date_gmt":"2025-09-28T06:16:06","guid":{"rendered":"https:\/\/kidsplay.lt\/?post_type=product&#038;p=66076"},"modified":"2026-01-22T07:28:46","modified_gmt":"2026-01-22T05:28:46","slug":"primabobo-milo-sulankstoma-kudikio-vonele","status":"publish","type":"product","link":"https:\/\/kidsplay.lt\/lv\/products\/primabobo-milo-sulankstoma-kudikio-vonele\/","title":{"rendered":"PRIMABOBO MILO sulankstoma k\u016bdikio vonel\u0117"},"content":{"rendered":"<div class=\"mpof_ki myre_zn myre_8v_l m389_6m_l\">\n<div class=\"mp4t_16_s mryx_16_s mr3m_1 mli2_1 mh85_56 mh85_0_l\">\n<div class=\"mgn2_16 _0d3bd_am0a-\">\n<h2><span dir=\"auto\">\u2728 MILO sulankstoma vonia su stovu, s\u0117dyne ir elektroniniu termometru<\/span><\/h2>\n<p><b><span dir=\"auto\">\u2714\ufe0f Gamintojas: Primabobo<\/span><\/b><\/p>\n<p><b><span dir=\"auto\">\u2714\ufe0f Spalva: pilka<\/span><\/b><\/p>\n<\/div>\n<\/div>\n<\/div>\n<div class=\"mpof_ki myre_zn myre_8v_l m389_6m_l\">\n<div class=\"mp4t_16_s mryx_16_s mr3m_1 mli2_1 mh85_56 mh85_0_l\">\n<div class=\"mg9e_8 mj7a_8 mg9e_0_s mvrt_0_s mj7a_0_s mh36_0_s mzmg_6m munh_16_l m3h2_16_l\">\n<div class=\"mp4t_0 mryx_0 munh_56 m3h2_56\">\n<div class=\"mp7g_oh\"><button class=\"mg9e_0 mvrt_0 mj7a_0 mh36_0 mp4t_0 m3h2_0 mryx_0 munh_0 mqen_m6 mpof_z0 mx7m_0 m7er_k4 mse2_k4 msts_pt\" data-analytics-interaction=\"true\" data-analytics-interaction-label=\"zoomable-image-open\" aria-disabled=\"true\"><img decoding=\"async\" class=\"msub_k4 mupj_5k mjru_k4 mse2_k4 mp7g_f6 mq1m_0 mj7u_0 m7er_k4 mqen_m6 m31c_d8 m0ux_fp lazyloaded\" src=\"https:\/\/a.allegroimg.com\/original\/116c1f\/cad4710743c5b11f1f76ba34492b\/PRIMABOBO-Wanienka-skladana-MILO-dla-dziecka-z-Termometrem-Fotelik-Szara-EAN-GTIN-5904905022677\" sizes=\"(min-width: 1200px) 560px, (min-width: 992px) 50vw, 100vw\" srcset=\"https:\/\/a.allegroimg.com\/s360\/116c1f\/cad4710743c5b11f1f76ba34492b\/PRIMABOBO-Wanienka-skladana-MILO-dla-dziecka-z-Termometrem-Fotelik-Szara-EAN-GTIN-5904905022677 360w,https:\/\/a.allegroimg.com\/s720\/116c1f\/cad4710743c5b11f1f76ba34492b\/PRIMABOBO-Wanienka-skladana-MILO-dla-dziecka-z-Termometrem-Fotelik-Szara-EAN-GTIN-5904905022677 720w,https:\/\/a.allegroimg.com\/s1024\/116c1f\/cad4710743c5b11f1f76ba34492b\/PRIMABOBO-Wanienka-skladana-MILO-dla-dziecka-z-Termometrem-Fotelik-Szara-EAN-GTIN-5904905022677 1024w,https:\/\/a.allegroimg.com\/s1440\/116c1f\/cad4710743c5b11f1f76ba34492b\/PRIMABOBO-Wanienka-skladana-MILO-dla-dziecka-z-Termometrem-Fotelik-Szara-EAN-GTIN-5904905022677 1440w,https:\/\/a.allegroimg.com\/original\/116c1f\/cad4710743c5b11f1f76ba34492b\/PRIMABOBO-Wanienka-skladana-MILO-dla-dziecka-z-Termometrem-Fotelik-Szara-EAN-GTIN-5904905022677 1500w\" alt=\"PRIMABOBO Wanienka sk\u0142adana MILO dla dziecka z Termometrem Fotelik Szara EAN (GTIN) 5904905022677\" width=\"1500px\" data-srcset=\"\" \/><\/button><\/div>\n<\/div>\n<\/div>\n<\/div>\n<div class=\"mp4t_16_s mryx_16_s mr3m_1 mli2_1 mh85_56 mh85_0_l\">\n<div class=\"mgn2_16 _0d3bd_am0a-\">\n<h2><span dir=\"auto\">\u2728 Rinkinio turinys:<\/span><\/h2>\n<p><b><span dir=\"auto\">\u2714\ufe0f Vonia su termometru, kam\u0161\u010diu ir rankena<\/span><\/b><\/p>\n<p><b><span dir=\"auto\">\u2714\ufe0f<\/span><\/b><span dir=\"auto\">\u00a0Vonios stovas<\/span><\/p>\n<p><b><span dir=\"auto\">\u2714\ufe0f<\/span><\/b><span dir=\"auto\">\u00a0Vonios s\u0117dyn\u0117<\/span><\/p>\n<p><b><span dir=\"auto\">\u2714\ufe0f Kam\u0161tis su vamzdeliu<\/span><\/b><span dir=\"auto\">\u00a0vandens nutek\u0117jimui (kam\u0161tis atsitiktini\u0173 spalv\u0173 &#8211; \u0161viesiai ro\u017ein\u0117s \/ seladono, priklausomai nuo esamo tiekimo)<\/span><\/p>\n<p><b><span dir=\"auto\">\u2714\ufe0f 2 lipdukai voniai<\/span><\/b><span dir=\"auto\">\u00a0stabilizuoti ant stovo<\/span><\/p>\n<\/div>\n<\/div>\n<\/div>\n<div class=\"mpof_ki myre_zn myre_8v_l m389_6m_l\">\n<div class=\"mp4t_16_s mryx_16_s mr3m_1 mli2_1 mh85_56 mh85_0_l\">\n<div class=\"mgn2_16 _0d3bd_am0a-\">\n<p><span dir=\"auto\">Sulankstoma k\u016bdiki\u0173 vonel\u0117 \u201eprimabobo\u201c yra\u00a0\u00a0<\/span><b><span dir=\"auto\">saugus ir modernus sprendimas reikliems t\u0117vams.<\/span><\/b><\/p>\n<p><span dir=\"auto\">Puikiai tinka\u00a0\u00a0<\/span><b><span dir=\"auto\">naudoti namuose, kelion\u0117ms<\/span><\/b><span dir=\"auto\">\u00a0ar savaitgalio vizitui pas \u0161eim\u0105.<\/span><\/p>\n<p><span dir=\"auto\">Skirta k\u016bdikiams nuo pirm\u0173j\u0173 gyvenimo dien\u0173.<\/span><\/p>\n<\/div>\n<\/div>\n<\/div>\n<div class=\"mpof_ki myre_zn myre_8v_l m389_6m_l\">\n<div class=\"mp4t_16_s mryx_16_s mr3m_1 mli2_1 mh85_56 mh85_0_l\">\n<div class=\"mg9e_8 mj7a_8 mg9e_0_s mvrt_0_s mj7a_0_s mh36_0_s mzmg_6m munh_16_l m3h2_16_l\">\n<div class=\"mp4t_0 mryx_0 munh_56 m3h2_56\">\n<div class=\"mp7g_oh\"><button class=\"mg9e_0 mvrt_0 mj7a_0 mh36_0 mp4t_0 m3h2_0 mryx_0 munh_0 mqen_m6 mpof_z0 mx7m_0 m7er_k4 mse2_k4 msts_pt\" data-analytics-interaction=\"true\" data-analytics-interaction-label=\"zoomable-image-open\" aria-disabled=\"true\"><img decoding=\"async\" class=\"msub_k4 mupj_5k mjru_k4 mse2_k4 mp7g_f6 mq1m_0 mj7u_0 m7er_k4 mqen_m6 m31c_d8 m0ux_fp lazyloaded\" src=\"https:\/\/a.allegroimg.com\/original\/114c1e\/0621602947c58fdd3d5411c7e3d0\" sizes=\"100vw\" srcset=\"https:\/\/a.allegroimg.com\/s360\/114c1e\/0621602947c58fdd3d5411c7e3d0 360w,https:\/\/a.allegroimg.com\/s720\/114c1e\/0621602947c58fdd3d5411c7e3d0 720w,https:\/\/a.allegroimg.com\/s1024\/114c1e\/0621602947c58fdd3d5411c7e3d0 1024w,https:\/\/a.allegroimg.com\/s1440\/114c1e\/0621602947c58fdd3d5411c7e3d0 1440w,https:\/\/a.allegroimg.com\/original\/114c1e\/0621602947c58fdd3d5411c7e3d0 2560w\" alt=\"\" width=\"2560px\" data-srcset=\"\" \/><\/button><\/div>\n<\/div>\n<\/div>\n<\/div>\n<\/div>\n<div class=\"mpof_ki myre_zn myre_8v_l m389_6m_l\">\n<div class=\"mp4t_16_s mryx_16_s mr3m_1 mli2_1 mh85_56 mh85_0_l\">\n<div class=\"mg9e_8 mj7a_8 mg9e_0_s mvrt_0_s mj7a_0_s mh36_0_s mzmg_6m munh_16_l m3h2_16_l\">\n<div class=\"mp4t_0 mryx_0 munh_56 m3h2_56\">\n<div class=\"mp7g_oh\"><button class=\"mg9e_0 mvrt_0 mj7a_0 mh36_0 mp4t_0 m3h2_0 mryx_0 munh_0 mqen_m6 mpof_z0 mx7m_0 m7er_k4 mse2_k4 msts_pt\" data-analytics-interaction=\"true\" data-analytics-interaction-label=\"zoomable-image-open\" aria-disabled=\"true\"><img decoding=\"async\" class=\"msub_k4 mupj_5k mjru_k4 mse2_k4 mp7g_f6 mq1m_0 mj7u_0 m7er_k4 mqen_m6 m31c_d8 m0ux_fp lazyloaded\" src=\"https:\/\/a.allegroimg.com\/original\/118f59\/c85ae87e4da08a492d25df866f19\/PRIMABOBO-Wanienka-skladana-MILO-dla-dziecka-z-Termometrem-Fotelik-Szara-Stan-opakowania-oryginalne\" sizes=\"(min-width: 1200px) 560px, (min-width: 992px) 50vw, 100vw\" srcset=\"https:\/\/a.allegroimg.com\/s360\/118f59\/c85ae87e4da08a492d25df866f19\/PRIMABOBO-Wanienka-skladana-MILO-dla-dziecka-z-Termometrem-Fotelik-Szara-Stan-opakowania-oryginalne 360w,https:\/\/a.allegroimg.com\/s720\/118f59\/c85ae87e4da08a492d25df866f19\/PRIMABOBO-Wanienka-skladana-MILO-dla-dziecka-z-Termometrem-Fotelik-Szara-Stan-opakowania-oryginalne 720w,https:\/\/a.allegroimg.com\/s1024\/118f59\/c85ae87e4da08a492d25df866f19\/PRIMABOBO-Wanienka-skladana-MILO-dla-dziecka-z-Termometrem-Fotelik-Szara-Stan-opakowania-oryginalne 1024w,https:\/\/a.allegroimg.com\/s1440\/118f59\/c85ae87e4da08a492d25df866f19\/PRIMABOBO-Wanienka-skladana-MILO-dla-dziecka-z-Termometrem-Fotelik-Szara-Stan-opakowania-oryginalne 1440w,https:\/\/a.allegroimg.com\/original\/118f59\/c85ae87e4da08a492d25df866f19\/PRIMABOBO-Wanienka-skladana-MILO-dla-dziecka-z-Termometrem-Fotelik-Szara-Stan-opakowania-oryginalne 2560w\" alt=\"PRIMABOBO Wanienka sk\u0142adana MILO dla dziecka z Termometrem Fotelik Szara Stan opakowania oryginalne\" width=\"2560px\" data-srcset=\"\" \/><\/button><\/div>\n<\/div>\n<\/div>\n<\/div>\n<div class=\"mp4t_16_s mryx_16_s mr3m_1 mli2_1 mh85_56 mh85_0_l\">\n<div class=\"mgn2_16 _0d3bd_am0a-\">\n<h2><span dir=\"auto\">\u2611\ufe0f Sulankstoma vonia \u2013 savyb\u0117s:<\/span><\/h2>\n<p><b><\/b><span dir=\"auto\">\u2714\ufe0f Elektroninis\u00a0<b>termometras<\/b><\/span><\/p>\n<p><b><span dir=\"auto\">\u2714\ufe0f<\/span><\/b><span dir=\"auto\">\u00a0Optimalus dydis &#8211;\u00a0\u00a0<\/span><b><span dir=\"auto\">75\u00a0<\/span><\/b>\u00a0<b><span dir=\"auto\">cm<\/span><\/b><\/p>\n<p><b><\/b><span dir=\"auto\">\u00a0\u2714\ufe0f Du\u0161o\u00a0<b>ranken\u0117l\u0117s laikiklis<\/b><\/span><\/p>\n<p><b><span dir=\"auto\">\u2714\ufe0f<\/span><\/b><span dir=\"auto\">\u00a0Neslystan\u010dios kojel\u0117s<\/span><\/p>\n<p><b><span dir=\"auto\">\u2714\ufe0f Kam\u0161tis<\/span><\/b><span dir=\"auto\">\u00a0lengvam vandens pa\u0161alinimui<\/span><\/p>\n<p><b><span dir=\"auto\">\u2714\ufe0f\u00a0<\/span><\/b><b><span dir=\"auto\">Kanalizacijos vamzdis<\/span><\/b><\/p>\n<p><b><span dir=\"auto\">\u2714\ufe0f Lipnios juostel\u0117s<\/span><\/b><span dir=\"auto\">\u00a0vonios stabilizavimui ant stovo<\/span><\/p>\n<p><b><span dir=\"auto\">\u2714\ufe0f Sulankstoma<\/span><\/b><span dir=\"auto\">\u00a0plok\u0161\u010diai<\/span><\/p>\n<p><b><span dir=\"auto\">\u2714\ufe0f<\/span><\/b><span dir=\"auto\">\u00a0Pakabinimo laikiklis<\/span><\/p>\n<p><b><span dir=\"auto\">\u2714\ufe0f<\/span><\/b><span dir=\"auto\">\u00a0Atitinka EN71 standart\u0105, patvirtinant\u012f,\u00a0<\/span><b><span dir=\"auto\">kad sud\u0117tyje n\u0117ra kenksming\u0173 med\u017eiag\u0173<\/span><\/b><\/p>\n<\/div>\n<\/div>\n<\/div>\n<div class=\"mpof_ki myre_zn myre_8v_l m389_6m_l\">\n<div class=\"mp4t_16_s mryx_16_s mr3m_1 mli2_1 mh85_56 mh85_0_l\">\n<div class=\"mg9e_8 mj7a_8 mg9e_0_s mvrt_0_s mj7a_0_s mh36_0_s mzmg_6m munh_16_l m3h2_16_l\">\n<div class=\"mp4t_0 mryx_0 munh_56 m3h2_56\">\n<div class=\"mp7g_oh\"><button class=\"mg9e_0 mvrt_0 mj7a_0 mh36_0 mp4t_0 m3h2_0 mryx_0 munh_0 mqen_m6 mpof_z0 mx7m_0 m7er_k4 mse2_k4 msts_pt\" data-analytics-interaction=\"true\" data-analytics-interaction-label=\"zoomable-image-open\" aria-disabled=\"true\"><img decoding=\"async\" class=\"msub_k4 mupj_5k mjru_k4 mse2_k4 mp7g_f6 mq1m_0 mj7u_0 m7er_k4 mqen_m6 m31c_d8 m0ux_fp lazyloaded\" src=\"https:\/\/a.allegroimg.com\/original\/110c09\/b7378c274fc091e821cd2983cc8f\" sizes=\"(min-width: 1200px) 560px, (min-width: 992px) 50vw, 100vw\" srcset=\"https:\/\/a.allegroimg.com\/s360\/110c09\/b7378c274fc091e821cd2983cc8f 360w,https:\/\/a.allegroimg.com\/s720\/110c09\/b7378c274fc091e821cd2983cc8f 720w,https:\/\/a.allegroimg.com\/s1024\/110c09\/b7378c274fc091e821cd2983cc8f 1000w,https:\/\/a.allegroimg.com\/original\/110c09\/b7378c274fc091e821cd2983cc8f 1000w\" alt=\"\" width=\"1000px\" data-srcset=\"\" \/><\/button><\/div>\n<\/div>\n<\/div>\n<\/div>\n<div class=\"mp4t_16_s mryx_16_s mr3m_1 mli2_1 mh85_56 mh85_0_l\">\n<div class=\"mgn2_16 _0d3bd_am0a-\">\n<h2><span dir=\"auto\">\u2611\ufe0f Vonios s\u0117dyn\u0117 \u2013 savyb\u0117s:<\/span><\/h2>\n<p><b><span dir=\"auto\">\u2714\ufe0f<\/span><\/b><span dir=\"auto\">\u00a0Pagaminta i\u0161 TPE + PP med\u017eiagos.\u00a0\u00a0<\/span><b><span dir=\"auto\">Nekaupia bakterij\u0173, lengvai valoma,<\/span><\/b><\/p>\n<p><b><span dir=\"auto\">\u2714\ufe0f Neslystan\u010dios kojel\u0117s<\/span><\/b><span dir=\"auto\">\u00a0\u00a0apa\u010dioje<\/span><\/p>\n<p><b><span dir=\"auto\">\u2714\ufe0f Universalus<\/span><\/b><span dir=\"auto\">\u00a0\u00a0s\u0117dyn\u0117s dydis\u00a0\u00a0<\/span><b><span dir=\"auto\">tinka standartin\u0117ms vonioms<\/span><\/b><span dir=\"auto\">\u00a0\u00a0ir daugumai\u00a0\u00a0\u00a0rinkoje esan\u010di\u0173\u00a0<\/span><b><span dir=\"auto\">sulankstom\u0173 voni\u0173 ,<\/span><\/b><\/p>\n<p><b><span dir=\"auto\">\u2714\ufe0f<\/span><\/b><span dir=\"auto\">\u00a0Galimyb\u0117\u00a0<\/span><b><span dir=\"auto\">sulankstyti<\/span><\/b><\/p>\n<p><b><span dir=\"auto\">\u2714\ufe0f<\/span><\/b><span dir=\"auto\">\u00a0Rekomenduojamas k\u016bdikio am\u017eius:\u00a0\u00a0<\/span><b><span dir=\"auto\">0\u201312 m\u0117nesi\u0173<\/span><\/b><\/p>\n<p><b><span dir=\"auto\">\u2714\ufe0f<\/span><\/b><span dir=\"auto\">\u00a0Maksimali apkrova:\u00a0<\/span><b><span dir=\"auto\">\u00a08 kg<\/span><\/b><\/p>\n<\/div>\n<\/div>\n<\/div>\n<div class=\"mpof_ki myre_zn myre_8v_l m389_6m_l\">\n<div class=\"mp4t_16_s mryx_16_s mr3m_1 mli2_1 mh85_56 mh85_0_l\">\n<div class=\"mg9e_8 mj7a_8 mg9e_0_s mvrt_0_s mj7a_0_s mh36_0_s mzmg_6m munh_16_l m3h2_16_l\">\n<div class=\"mp4t_0 mryx_0 munh_56 m3h2_56\">\n<div class=\"mp7g_oh\"><button class=\"mg9e_0 mvrt_0 mj7a_0 mh36_0 mp4t_0 m3h2_0 mryx_0 munh_0 mqen_m6 mpof_z0 mx7m_0 m7er_k4 mse2_k4 msts_pt\" data-analytics-interaction=\"true\" data-analytics-interaction-label=\"zoomable-image-open\" aria-disabled=\"true\"><img decoding=\"async\" class=\"msub_k4 mupj_5k mjru_k4 mse2_k4 mp7g_f6 mq1m_0 mj7u_0 m7er_k4 mqen_m6 m31c_d8 m0ux_fp lazyloaded\" src=\"https:\/\/a.allegroimg.com\/original\/113b60\/27d395fe4ab78cef435f631b47a8\/PRIMABOBO-Wanienka-skladana-MILO-dla-dziecka-z-Termometrem-Fotelik-Szara-Rodzaj-skladana\" sizes=\"(min-width: 1200px) 560px, (min-width: 992px) 50vw, 100vw\" srcset=\"https:\/\/a.allegroimg.com\/s360\/113b60\/27d395fe4ab78cef435f631b47a8\/PRIMABOBO-Wanienka-skladana-MILO-dla-dziecka-z-Termometrem-Fotelik-Szara-Rodzaj-skladana 360w,https:\/\/a.allegroimg.com\/s720\/113b60\/27d395fe4ab78cef435f631b47a8\/PRIMABOBO-Wanienka-skladana-MILO-dla-dziecka-z-Termometrem-Fotelik-Szara-Rodzaj-skladana 720w,https:\/\/a.allegroimg.com\/s1024\/113b60\/27d395fe4ab78cef435f631b47a8\/PRIMABOBO-Wanienka-skladana-MILO-dla-dziecka-z-Termometrem-Fotelik-Szara-Rodzaj-skladana 1000w,https:\/\/a.allegroimg.com\/original\/113b60\/27d395fe4ab78cef435f631b47a8\/PRIMABOBO-Wanienka-skladana-MILO-dla-dziecka-z-Termometrem-Fotelik-Szara-Rodzaj-skladana 1000w\" alt=\"PRIMABOBO Wanienka sk\u0142adana MILO dla dziecka z Termometrem Fotelik Szara Rodzaj sk\u0142adana\" width=\"1000px\" data-srcset=\"\" \/><\/button><\/div>\n<\/div>\n<\/div>\n<\/div>\n<div class=\"mp4t_16_s mryx_16_s mr3m_1 mli2_1 mh85_56 mh85_0_l\">\n<div class=\"mgn2_16 _0d3bd_am0a-\">\n<h2><span dir=\"auto\">\u2611\ufe0f Vonios stovas<\/span><\/h2>\n<p><b><span dir=\"auto\">\u2714\ufe0f<\/span><\/b><span dir=\"auto\">\u00a0Leistina apkrova\u00a0\u00a0<\/span><b><span dir=\"auto\">30 kg<\/span><\/b><\/p>\n<p><b><span dir=\"auto\">\u2714\ufe0f<\/span><\/b><span dir=\"auto\">\u00a0Neslystan\u010dios kojel\u0117s u\u017etikrina stabilum\u0105 ir saugum\u0105.<\/span><\/p>\n<p><b><span dir=\"auto\">\u2714\ufe0f<\/span><\/b><span dir=\"auto\">\u00a0Jo\u00a0\u00a0<\/span><b><span dir=\"auto\">sulankstomos funkcijos<\/span><\/b><span dir=\"auto\">\u00a0\u00a0stovas u\u017eima ma\u017eai vietos.<\/span><\/p>\n<p><b><span dir=\"auto\">\u2714\ufe0f Skirta tik MILO modeliui.<\/span><\/b><\/p>\n<p><b><span dir=\"auto\">\u2714\ufe0f Atitinka saugos standartus EN 71 ir EN 17072<\/span><\/b><\/p>\n<\/div>\n<\/div>\n<\/div>","protected":false},"excerpt":{"rendered":"<p>PRIMABOBO MILO sulankstoma k\u016bdikio vonel\u0117<\/p>","protected":false},"featured_media":66077,"template":"","meta":{"_acf_changed":false,"_glsr_average":0,"_glsr_ranking":0,"_glsr_reviews":0},"product_brand":[],"product_cat":[284],"product_tag":[],"class_list":{"0":"post-66076","1":"product","2":"type-product","3":"status-publish","4":"has-post-thumbnail","6":"product_cat-vonios-reikmenys","7":"\"style=\"background-color: #2ecc711c;\"","9":"first","10":"instock","11":"sale","12":"shipping-taxable","13":"purchasable","14":"product-type-simple"},"acf":[],"yoast_head":"<!-- This site is optimized with the Yoast SEO plugin v27.3 - https:\/\/yoast.com\/product\/yoast-seo-wordpress\/ -->\n<title>PRIMABOBO MILO sulankstoma k\u016bdikio vonel\u0117 - KidsPlay<\/title>\n<meta name=\"description\" content=\"PRIMABOBO MILO sulankstoma k\u016bdikio vonel\u0117\" \/>\n<meta name=\"robots\" content=\"index, follow, max-snippet:-1, max-image-preview:large, max-video-preview:-1\" \/>\n<link rel=\"canonical\" href=\"https:\/\/kidsplay.lt\/lv\/products\/primabobo-milo-sulankstoma-kudikio-vonele\/\" \/>\n<meta property=\"og:locale\" content=\"lv_LV\" \/>\n<meta property=\"og:type\" content=\"article\" \/>\n<meta property=\"og:title\" content=\"PRIMABOBO MILO sulankstoma k\u016bdikio vonel\u0117 - KidsPlay\" \/>\n<meta property=\"og:description\" content=\"PRIMABOBO MILO sulankstoma k\u016bdikio vonel\u0117\" \/>\n<meta property=\"og:url\" content=\"https:\/\/kidsplay.lt\/lv\/products\/primabobo-milo-sulankstoma-kudikio-vonele\/\" \/>\n<meta property=\"og:site_name\" content=\"KidsPlay\" \/>\n<meta property=\"article:publisher\" content=\"https:\/\/www.facebook.com\/www.kidsplay.lt\" \/>\n<meta property=\"article:modified_time\" content=\"2026-01-22T05:28:46+00:00\" \/>\n<meta property=\"og:image\" content=\"https:\/\/kidsplay.lt\/wp-content\/uploads\/2025\/09\/Screenshot_168.png\" \/>\n\t<meta property=\"og:image:width\" content=\"573\" \/>\n\t<meta property=\"og:image:height\" content=\"503\" \/>\n\t<meta property=\"og:image:type\" content=\"image\/png\" \/>\n<meta name=\"twitter:card\" content=\"summary_large_image\" \/>\n<meta name=\"twitter:label1\" content=\"Est. reading time\" \/>\n\t<meta name=\"twitter:data1\" content=\"3 min\u016btes\" \/>\n<script type=\"application\/ld+json\" class=\"yoast-schema-graph\">{\"@context\":\"https:\\\/\\\/schema.org\",\"@graph\":[{\"@type\":\"WebPage\",\"@id\":\"https:\\\/\\\/kidsplay.lt\\\/produktas\\\/primabobo-milo-sulankstoma-kudikio-vonele\\\/\",\"url\":\"https:\\\/\\\/kidsplay.lt\\\/produktas\\\/primabobo-milo-sulankstoma-kudikio-vonele\\\/\",\"name\":\"PRIMABOBO MILO sulankstoma k\u016bdikio vonel\u0117 - KidsPlay\",\"isPartOf\":{\"@id\":\"https:\\\/\\\/kidsplay.lt\\\/#website\"},\"primaryImageOfPage\":{\"@id\":\"https:\\\/\\\/kidsplay.lt\\\/produktas\\\/primabobo-milo-sulankstoma-kudikio-vonele\\\/#primaryimage\"},\"image\":{\"@id\":\"https:\\\/\\\/kidsplay.lt\\\/produktas\\\/primabobo-milo-sulankstoma-kudikio-vonele\\\/#primaryimage\"},\"thumbnailUrl\":\"https:\\\/\\\/kidsplay.lt\\\/wp-content\\\/uploads\\\/2025\\\/09\\\/Screenshot_168.png\",\"datePublished\":\"2025-09-28T06:16:06+00:00\",\"dateModified\":\"2026-01-22T05:28:46+00:00\",\"description\":\"PRIMABOBO MILO sulankstoma k\u016bdikio vonel\u0117\",\"breadcrumb\":{\"@id\":\"https:\\\/\\\/kidsplay.lt\\\/produktas\\\/primabobo-milo-sulankstoma-kudikio-vonele\\\/#breadcrumb\"},\"inLanguage\":\"lv-LV\",\"potentialAction\":[{\"@type\":\"ReadAction\",\"target\":[\"https:\\\/\\\/kidsplay.lt\\\/produktas\\\/primabobo-milo-sulankstoma-kudikio-vonele\\\/\"]}]},{\"@type\":\"ImageObject\",\"inLanguage\":\"lv-LV\",\"@id\":\"https:\\\/\\\/kidsplay.lt\\\/produktas\\\/primabobo-milo-sulankstoma-kudikio-vonele\\\/#primaryimage\",\"url\":\"https:\\\/\\\/kidsplay.lt\\\/wp-content\\\/uploads\\\/2025\\\/09\\\/Screenshot_168.png\",\"contentUrl\":\"https:\\\/\\\/kidsplay.lt\\\/wp-content\\\/uploads\\\/2025\\\/09\\\/Screenshot_168.png\",\"width\":573,\"height\":503},{\"@type\":\"BreadcrumbList\",\"@id\":\"https:\\\/\\\/kidsplay.lt\\\/produktas\\\/primabobo-milo-sulankstoma-kudikio-vonele\\\/#breadcrumb\",\"itemListElement\":[{\"@type\":\"ListItem\",\"position\":1,\"name\":\"Pagrindinis\",\"item\":\"https:\\\/\\\/kidsplay.lt\\\/\"},{\"@type\":\"ListItem\",\"position\":2,\"name\":\"Parduotuv\u0117\",\"item\":\"https:\\\/\\\/kidsplay.lt\\\/parduotuve\\\/\"},{\"@type\":\"ListItem\",\"position\":3,\"name\":\"PRIMABOBO MILO sulankstoma k\u016bdikio vonel\u0117\"}]},{\"@type\":\"WebSite\",\"@id\":\"https:\\\/\\\/kidsplay.lt\\\/#website\",\"url\":\"https:\\\/\\\/kidsplay.lt\\\/\",\"name\":\"Kidsplay.lt\",\"description\":\"\u012evairios prek\u0117s vaikams\",\"publisher\":{\"@id\":\"https:\\\/\\\/kidsplay.lt\\\/#organization\"},\"alternateName\":\"Kidsplay\",\"potentialAction\":[{\"@type\":\"SearchAction\",\"target\":{\"@type\":\"EntryPoint\",\"urlTemplate\":\"https:\\\/\\\/kidsplay.lt\\\/?s={search_term_string}\"},\"query-input\":{\"@type\":\"PropertyValueSpecification\",\"valueRequired\":true,\"valueName\":\"search_term_string\"}}],\"inLanguage\":\"lv-LV\"},{\"@type\":\"Organization\",\"@id\":\"https:\\\/\\\/kidsplay.lt\\\/#organization\",\"name\":\"KidsPlay\",\"url\":\"https:\\\/\\\/kidsplay.lt\\\/\",\"logo\":{\"@type\":\"ImageObject\",\"inLanguage\":\"lv-LV\",\"@id\":\"https:\\\/\\\/kidsplay.lt\\\/#\\\/schema\\\/logo\\\/image\\\/\",\"url\":\"https:\\\/\\\/kidsplay.lt\\\/wp-content\\\/uploads\\\/2023\\\/07\\\/kidsplay-logo.png\",\"contentUrl\":\"https:\\\/\\\/kidsplay.lt\\\/wp-content\\\/uploads\\\/2023\\\/07\\\/kidsplay-logo.png\",\"width\":451,\"height\":98,\"caption\":\"KidsPlay\"},\"image\":{\"@id\":\"https:\\\/\\\/kidsplay.lt\\\/#\\\/schema\\\/logo\\\/image\\\/\"},\"sameAs\":[\"https:\\\/\\\/www.facebook.com\\\/www.kidsplay.lt\"]}]}<\/script>\n<!-- \/ Yoast SEO plugin. -->","yoast_head_json":{"title":"PRIMABOBO MILO sulankstoma k\u016bdikio vonel\u0117 - KidsPlay","description":"PRIMABOBO MILO sulankstoma k\u016bdikio vonel\u0117","robots":{"index":"index","follow":"follow","max-snippet":"max-snippet:-1","max-image-preview":"max-image-preview:large","max-video-preview":"max-video-preview:-1"},"canonical":"https:\/\/kidsplay.lt\/lv\/products\/primabobo-milo-sulankstoma-kudikio-vonele\/","og_locale":"lv_LV","og_type":"article","og_title":"PRIMABOBO MILO sulankstoma k\u016bdikio vonel\u0117 - KidsPlay","og_description":"PRIMABOBO MILO sulankstoma k\u016bdikio vonel\u0117","og_url":"https:\/\/kidsplay.lt\/lv\/products\/primabobo-milo-sulankstoma-kudikio-vonele\/","og_site_name":"KidsPlay","article_publisher":"https:\/\/www.facebook.com\/www.kidsplay.lt","article_modified_time":"2026-01-22T05:28:46+00:00","og_image":[{"width":573,"height":503,"url":"https:\/\/kidsplay.lt\/wp-content\/uploads\/2025\/09\/Screenshot_168.png","type":"image\/png"}],"twitter_card":"summary_large_image","twitter_misc":{"Est. reading time":"3 min\u016btes"},"schema":{"@context":"https:\/\/schema.org","@graph":[{"@type":"WebPage","@id":"https:\/\/kidsplay.lt\/produktas\/primabobo-milo-sulankstoma-kudikio-vonele\/","url":"https:\/\/kidsplay.lt\/produktas\/primabobo-milo-sulankstoma-kudikio-vonele\/","name":"PRIMABOBO MILO sulankstoma k\u016bdikio vonel\u0117 - KidsPlay","isPartOf":{"@id":"https:\/\/kidsplay.lt\/#website"},"primaryImageOfPage":{"@id":"https:\/\/kidsplay.lt\/produktas\/primabobo-milo-sulankstoma-kudikio-vonele\/#primaryimage"},"image":{"@id":"https:\/\/kidsplay.lt\/produktas\/primabobo-milo-sulankstoma-kudikio-vonele\/#primaryimage"},"thumbnailUrl":"https:\/\/kidsplay.lt\/wp-content\/uploads\/2025\/09\/Screenshot_168.png","datePublished":"2025-09-28T06:16:06+00:00","dateModified":"2026-01-22T05:28:46+00:00","description":"PRIMABOBO MILO sulankstoma k\u016bdikio vonel\u0117","breadcrumb":{"@id":"https:\/\/kidsplay.lt\/produktas\/primabobo-milo-sulankstoma-kudikio-vonele\/#breadcrumb"},"inLanguage":"lv-LV","potentialAction":[{"@type":"ReadAction","target":["https:\/\/kidsplay.lt\/produktas\/primabobo-milo-sulankstoma-kudikio-vonele\/"]}]},{"@type":"ImageObject","inLanguage":"lv-LV","@id":"https:\/\/kidsplay.lt\/produktas\/primabobo-milo-sulankstoma-kudikio-vonele\/#primaryimage","url":"https:\/\/kidsplay.lt\/wp-content\/uploads\/2025\/09\/Screenshot_168.png","contentUrl":"https:\/\/kidsplay.lt\/wp-content\/uploads\/2025\/09\/Screenshot_168.png","width":573,"height":503},{"@type":"BreadcrumbList","@id":"https:\/\/kidsplay.lt\/produktas\/primabobo-milo-sulankstoma-kudikio-vonele\/#breadcrumb","itemListElement":[{"@type":"ListItem","position":1,"name":"Pagrindinis","item":"https:\/\/kidsplay.lt\/"},{"@type":"ListItem","position":2,"name":"Parduotuv\u0117","item":"https:\/\/kidsplay.lt\/parduotuve\/"},{"@type":"ListItem","position":3,"name":"PRIMABOBO MILO sulankstoma k\u016bdikio vonel\u0117"}]},{"@type":"WebSite","@id":"https:\/\/kidsplay.lt\/#website","url":"https:\/\/kidsplay.lt\/","name":"B\u0113rnu sp\u0113les.lv","description":"\u012evairios prek\u0117s vaikams","publisher":{"@id":"https:\/\/kidsplay.lt\/#organization"},"alternateName":"Kidsplay","potentialAction":[{"@type":"SearchAction","target":{"@type":"EntryPoint","urlTemplate":"https:\/\/kidsplay.lt\/?s={search_term_string}"},"query-input":{"@type":"PropertyValueSpecification","valueRequired":true,"valueName":"search_term_string"}}],"inLanguage":"lv-LV"},{"@type":"Organization","@id":"https:\/\/kidsplay.lt\/#organization","name":"B\u0113rnu sp\u0113le","url":"https:\/\/kidsplay.lt\/","logo":{"@type":"ImageObject","inLanguage":"lv-LV","@id":"https:\/\/kidsplay.lt\/#\/schema\/logo\/image\/","url":"https:\/\/kidsplay.lt\/wp-content\/uploads\/2023\/07\/kidsplay-logo.png","contentUrl":"https:\/\/kidsplay.lt\/wp-content\/uploads\/2023\/07\/kidsplay-logo.png","width":451,"height":98,"caption":"KidsPlay"},"image":{"@id":"https:\/\/kidsplay.lt\/#\/schema\/logo\/image\/"},"sameAs":["https:\/\/www.facebook.com\/www.kidsplay.lt"]}]}},"_links":{"self":[{"href":"https:\/\/kidsplay.lt\/lv\/wp-json\/wp\/v2\/product\/66076","targetHints":{"allow":["GET"]}}],"collection":[{"href":"https:\/\/kidsplay.lt\/lv\/wp-json\/wp\/v2\/product"}],"about":[{"href":"https:\/\/kidsplay.lt\/lv\/wp-json\/wp\/v2\/types\/product"}],"version-history":[{"count":3,"href":"https:\/\/kidsplay.lt\/lv\/wp-json\/wp\/v2\/product\/66076\/revisions"}],"predecessor-version":[{"id":73845,"href":"https:\/\/kidsplay.lt\/lv\/wp-json\/wp\/v2\/product\/66076\/revisions\/73845"}],"wp:featuredmedia":[{"embeddable":true,"href":"https:\/\/kidsplay.lt\/lv\/wp-json\/wp\/v2\/media\/66077"}],"wp:attachment":[{"href":"https:\/\/kidsplay.lt\/lv\/wp-json\/wp\/v2\/media?parent=66076"}],"wp:term":[{"taxonomy":"product_brand","embeddable":true,"href":"https:\/\/kidsplay.lt\/lv\/wp-json\/wp\/v2\/product_brand?post=66076"},{"taxonomy":"product_cat","embeddable":true,"href":"https:\/\/kidsplay.lt\/lv\/wp-json\/wp\/v2\/product_cat?post=66076"},{"taxonomy":"product_tag","embeddable":true,"href":"https:\/\/kidsplay.lt\/lv\/wp-json\/wp\/v2\/product_tag?post=66076"}],"curies":[{"name":"wp","href":"https:\/\/api.w.org\/{rel}","templated":true}]}}