{"id":66083,"date":"2025-09-28T09:19:16","date_gmt":"2025-09-28T06:19:16","guid":{"rendered":"https:\/\/kidsplay.lt\/?post_type=product&#038;p=66083"},"modified":"2025-12-29T19:58:39","modified_gmt":"2025-12-29T17:58:39","slug":"ismanuus-tualetas-vaikams","status":"publish","type":"product","link":"https:\/\/kidsplay.lt\/lv\/products\/ismanuus-tualetas-vaikams\/","title":{"rendered":"I\u0161manuus tualetas vaikams"},"content":{"rendered":"<div class=\"mpof_ki myre_zn myre_8v_l m389_6m_l\">\n<div class=\"mp4t_16_s mryx_16_s mr3m_1 mli2_1 mh85_56 mh85_0_l\">\n<div class=\"mgn2_16 _0d3bd_am0a-\">\n<h2><span dir=\"auto\">\u27a1\ufe0fPagrindin\u0117s produkto savyb\u0117s:<\/span><\/h2>\n<p><span dir=\"auto\">&#8211; lengvas ir ne\u0161iojamas,<\/span><\/p>\n<p><span dir=\"auto\">&#8211; maksimali apkrova: 50 kg,<\/span><\/p>\n<p><span dir=\"auto\">&#8211; garso efektas, imituojantis vandens nuleidim\u0105 + 8 linksmos melodijos,<\/span><\/p>\n<p><span dir=\"auto\">&#8211; \u012fmontuota pried\u0173 saugykla.<\/span><\/p>\n<p><span dir=\"auto\">&#8211; nuimamas vidinis elementas<\/span><\/p>\n<p><span dir=\"auto\">&#8211; skirta vaikams nuo 0+ iki 7 met\u0173 am\u017eiaus<\/span><\/p>\n<p><span dir=\"auto\">&#8211; neslystan\u010dios kojel\u0117s<\/span><\/p>\n<h2><span dir=\"auto\">Patogus ir funkcionalus:<\/span><\/h2>\n<ul>\n<li><span dir=\"auto\">lengvas ir patogus,<\/span><\/li>\n<li><span dir=\"auto\">maksimali apkrova: 50 kg,<\/span><\/li>\n<li><span dir=\"auto\">praplovimo vandens garso imitacija ir 8 linksmos melodijos.<\/span><\/li>\n<\/ul>\n<\/div>\n<\/div>\n<\/div>\n<div class=\"mpof_ki myre_zn myre_8v_l m389_6m_l\">\n<div class=\"mp4t_16_s mryx_16_s mr3m_1 mli2_1 mh85_56 mh85_0_l\">\n<div class=\"mg9e_8 mj7a_8 mg9e_0_s mvrt_0_s mj7a_0_s mh36_0_s mzmg_6m munh_16_l m3h2_16_l\">\n<div class=\"mp4t_0 mryx_0 munh_56 m3h2_56\">\n<div class=\"mp7g_oh\"><button class=\"mg9e_0 mvrt_0 mj7a_0 mh36_0 mp4t_0 m3h2_0 mryx_0 munh_0 mqen_m6 mpof_z0 mx7m_0 m7er_k4 mse2_k4 msts_pt\" data-analytics-interaction=\"true\" data-analytics-interaction-label=\"zoomable-image-open\" aria-disabled=\"true\"><img decoding=\"async\" class=\"msub_k4 mupj_5k mjru_k4 mse2_k4 mp7g_f6 mq1m_0 mj7u_0 m7er_k4 mqen_m6 m31c_d8 m0ux_fp lazyloaded\" src=\"https:\/\/a.allegroimg.com\/original\/116f8a\/352e7bce4557b846aacb3b7c3b84\/INTELIGENTNY-NOCNIK-TOALETA-DLA-DZIECI-INTERAKTYWNY-BIALO-NIEBIESKI-MELODIE-Kolor-bialy\" sizes=\"100vw\" srcset=\"https:\/\/a.allegroimg.com\/s360\/116f8a\/352e7bce4557b846aacb3b7c3b84\/INTELIGENTNY-NOCNIK-TOALETA-DLA-DZIECI-INTERAKTYWNY-BIALO-NIEBIESKI-MELODIE-Kolor-bialy 360w,https:\/\/a.allegroimg.com\/s720\/116f8a\/352e7bce4557b846aacb3b7c3b84\/INTELIGENTNY-NOCNIK-TOALETA-DLA-DZIECI-INTERAKTYWNY-BIALO-NIEBIESKI-MELODIE-Kolor-bialy 720w,https:\/\/a.allegroimg.com\/s1024\/116f8a\/352e7bce4557b846aacb3b7c3b84\/INTELIGENTNY-NOCNIK-TOALETA-DLA-DZIECI-INTERAKTYWNY-BIALO-NIEBIESKI-MELODIE-Kolor-bialy 1024w,https:\/\/a.allegroimg.com\/s1440\/116f8a\/352e7bce4557b846aacb3b7c3b84\/INTELIGENTNY-NOCNIK-TOALETA-DLA-DZIECI-INTERAKTYWNY-BIALO-NIEBIESKI-MELODIE-Kolor-bialy 1278w,https:\/\/a.allegroimg.com\/original\/116f8a\/352e7bce4557b846aacb3b7c3b84\/INTELIGENTNY-NOCNIK-TOALETA-DLA-DZIECI-INTERAKTYWNY-BIALO-NIEBIESKI-MELODIE-Kolor-bialy 1278w\" alt=\"I\u0161manusis tualetas vaikams su interaktyviomis baltomis ir m\u0117lynomis melodijomis, baltos spalvos\" width=\"1278px\" data-srcset=\"\" \/><\/button><\/div>\n<\/div>\n<\/div>\n<\/div>\n<\/div>\n<div class=\"mpof_ki myre_zn myre_8v_l m389_6m_l\">\n<div class=\"mp4t_16_s mryx_16_s mr3m_1 mli2_1 mh85_56 mh85_0_l\">\n<div class=\"mgn2_16 _0d3bd_am0a-\">\n<h1><span dir=\"auto\">CHARAKTERISTIKOS<\/span><\/h1>\n<ul>\n<li><span dir=\"auto\">esteti\u0161ka \u2013 primena \u012fprast\u0105 tualeto duben\u012f, puikiai tinka sauskeln\u0117ms,<\/span><\/li>\n<li><span dir=\"auto\">dera prie vonios kambario estetikos,<\/span><\/li>\n<li><span dir=\"auto\">tenkina vaik\u0173 poreik\u012f m\u0117gd\u017eioti suaugusiuosius, kartu mokantis savaranki\u0161kumo.<\/span><\/li>\n<\/ul>\n<\/div>\n<\/div>\n<\/div>\n<div class=\"mpof_ki myre_zn myre_8v_l m389_6m_l\">\n<div class=\"mp4t_16_s mryx_16_s mr3m_1 mli2_1 mh85_56 mh85_0_l\">\n<div class=\"mgn2_16 _0d3bd_am0a-\">\n<h1><span dir=\"auto\">\u27a1\ufe0fTechnin\u0117s specifikacijos<\/span><\/h1>\n<ul>\n<li><span dir=\"auto\">auk\u0161tis: 38 cm<\/span><\/li>\n<li><span dir=\"auto\">plotis: 32 cm<\/span><\/li>\n<li><span dir=\"auto\">gylis 43 cm<\/span><\/li>\n<li><span dir=\"auto\">Maitinamas 2 x AAA 1,5 V baterijomis\u00a0<\/span><b><span dir=\"auto\">\u00a0(nepridedamos)<\/span><\/b><\/li>\n<\/ul>\n<\/div>\n<\/div>\n<\/div>\n<div class=\"mpof_ki myre_zn myre_8v_l m389_6m_l\">\n<div class=\"mp4t_16_s mryx_16_s mr3m_1 mli2_1 mh85_56 mh85_0_l\">\n<div class=\"mg9e_8 mj7a_8 mg9e_0_s mvrt_0_s mj7a_0_s mh36_0_s mzmg_6m munh_16_l m3h2_16_l\">\n<div class=\"mp4t_0 mryx_0 munh_56 m3h2_56\">\n<div class=\"mp7g_oh\"><button class=\"mg9e_0 mvrt_0 mj7a_0 mh36_0 mp4t_0 m3h2_0 mryx_0 munh_0 mqen_m6 mpof_z0 mx7m_0 m7er_k4 mse2_k4 msts_pt\" data-analytics-interaction=\"true\" data-analytics-interaction-label=\"zoomable-image-open\" aria-disabled=\"true\"><img decoding=\"async\" class=\"msub_k4 mupj_5k mjru_k4 mse2_k4 mp7g_f6 mq1m_0 mj7u_0 m7er_k4 mqen_m6 m31c_d8 m0ux_fp lazyloaded\" src=\"https:\/\/a.allegroimg.com\/original\/117161\/de653b45428ba4a43c8ea2213fbb\/INTELIGENTNY-NOCNIK-TOALETA-DLA-DZIECI-INTERAKTYWNY-BIALO-NIEBIESKI-MELODIE-Waga-produktu-z-opakowaniem-jednostkowym-2-kg\" sizes=\"(min-width: 1200px) 560px, (min-width: 992px) 50vw, 100vw\" srcset=\"https:\/\/a.allegroimg.com\/s360\/117161\/de653b45428ba4a43c8ea2213fbb\/INTELIGENTNY-NOCNIK-TOALETA-DLA-DZIECI-INTERAKTYWNY-BIALO-NIEBIESKI-MELODIE-Waga-produktu-z-opakowaniem-jednostkowym-2-kg 360w,https:\/\/a.allegroimg.com\/s720\/117161\/de653b45428ba4a43c8ea2213fbb\/INTELIGENTNY-NOCNIK-TOALETA-DLA-DZIECI-INTERAKTYWNY-BIALO-NIEBIESKI-MELODIE-Waga-produktu-z-opakowaniem-jednostkowym-2-kg 720w,https:\/\/a.allegroimg.com\/s1024\/117161\/de653b45428ba4a43c8ea2213fbb\/INTELIGENTNY-NOCNIK-TOALETA-DLA-DZIECI-INTERAKTYWNY-BIALO-NIEBIESKI-MELODIE-Waga-produktu-z-opakowaniem-jednostkowym-2-kg 1024w,https:\/\/a.allegroimg.com\/s1440\/117161\/de653b45428ba4a43c8ea2213fbb\/INTELIGENTNY-NOCNIK-TOALETA-DLA-DZIECI-INTERAKTYWNY-BIALO-NIEBIESKI-MELODIE-Waga-produktu-z-opakowaniem-jednostkowym-2-kg 1278w,https:\/\/a.allegroimg.com\/original\/117161\/de653b45428ba4a43c8ea2213fbb\/INTELIGENTNY-NOCNIK-TOALETA-DLA-DZIECI-INTERAKTYWNY-BIALO-NIEBIESKI-MELODIE-Waga-produktu-z-opakowaniem-jednostkowym-2-kg 1278w\" alt=\"I\u0161manusis tualetas vaikams su interaktyviomis baltomis ir m\u0117lynomis melodijomis. Gaminio svoris su individualia pakuote 2 kg.\" width=\"1278px\" data-srcset=\"\" \/><\/button><\/div>\n<\/div>\n<\/div>\n<\/div>\n<div class=\"mp4t_16_s mryx_16_s mr3m_1 mli2_1 mh85_56 mh85_0_l\">\n<div class=\"mg9e_8 mj7a_8 mg9e_0_s mvrt_0_s mj7a_0_s mh36_0_s mzmg_6m munh_16_l m3h2_16_l\">\n<div class=\"mp4t_0 mryx_0 munh_56 m3h2_56\">\n<div class=\"mp7g_oh\"><button class=\"mg9e_0 mvrt_0 mj7a_0 mh36_0 mp4t_0 m3h2_0 mryx_0 munh_0 mqen_m6 mpof_z0 mx7m_0 m7er_k4 mse2_k4 msts_pt\" data-analytics-interaction=\"true\" data-analytics-interaction-label=\"zoomable-image-open\" aria-disabled=\"true\"><img decoding=\"async\" class=\"msub_k4 mupj_5k mjru_k4 mse2_k4 mp7g_f6 mq1m_0 mj7u_0 m7er_k4 mqen_m6 m31c_d8 m0ux_fp lazyloaded\" src=\"https:\/\/a.allegroimg.com\/original\/112de4\/682c4bfd4224b8d7e83355d04a62\" sizes=\"(min-width: 1200px) 560px, (min-width: 992px) 50vw, 100vw\" srcset=\"https:\/\/a.allegroimg.com\/s360\/112de4\/682c4bfd4224b8d7e83355d04a62 360w,https:\/\/a.allegroimg.com\/s720\/112de4\/682c4bfd4224b8d7e83355d04a62 720w,https:\/\/a.allegroimg.com\/s1024\/112de4\/682c4bfd4224b8d7e83355d04a62 1024w,https:\/\/a.allegroimg.com\/s1440\/112de4\/682c4bfd4224b8d7e83355d04a62 1440w,https:\/\/a.allegroimg.com\/original\/112de4\/682c4bfd4224b8d7e83355d04a62 1533w\" alt=\"\" width=\"1533px\" data-srcset=\"\" \/><\/button><\/div>\n<\/div>\n<\/div>\n<\/div>\n<\/div>\n<div class=\"mpof_ki myre_zn myre_8v_l m389_6m_l\">\n<div class=\"mp4t_16_s mryx_16_s mr3m_1 mli2_1 mh85_56 mh85_0_l\">\n<div class=\"mg9e_8 mj7a_8 mg9e_0_s mvrt_0_s mj7a_0_s mh36_0_s mzmg_6m munh_16_l m3h2_16_l\">\n<div class=\"mp4t_0 mryx_0 munh_56 m3h2_56\">\n<div class=\"mp7g_oh\"><button class=\"mg9e_0 mvrt_0 mj7a_0 mh36_0 mp4t_0 m3h2_0 mryx_0 munh_0 mqen_m6 mpof_z0 mx7m_0 m7er_k4 mse2_k4 msts_pt\" data-analytics-interaction=\"true\" data-analytics-interaction-label=\"zoomable-image-open\" aria-disabled=\"true\"><img decoding=\"async\" class=\"msub_k4 mupj_5k mjru_k4 mse2_k4 mp7g_f6 mq1m_0 mj7u_0 m7er_k4 mqen_m6 m31c_d8 m0ux_fp lazyloaded\" src=\"https:\/\/a.allegroimg.com\/original\/1148c5\/9723d178475cbbee80b43edc08e3\" sizes=\"100vw\" srcset=\"https:\/\/a.allegroimg.com\/s360\/1148c5\/9723d178475cbbee80b43edc08e3 360w,https:\/\/a.allegroimg.com\/s720\/1148c5\/9723d178475cbbee80b43edc08e3 720w,https:\/\/a.allegroimg.com\/s1024\/1148c5\/9723d178475cbbee80b43edc08e3 1022w,https:\/\/a.allegroimg.com\/original\/1148c5\/9723d178475cbbee80b43edc08e3 1022w\" alt=\"\" width=\"1022px\" data-srcset=\"\" \/><\/button><\/div>\n<\/div>\n<\/div>\n<\/div>\n<\/div>","protected":false},"excerpt":{"rendered":"<p>I\u0161manuus tualetas vaikams<\/p>","protected":false},"featured_media":66084,"template":"","meta":{"_acf_changed":false,"_glsr_average":0,"_glsr_ranking":0,"_glsr_reviews":0},"product_brand":[],"product_cat":[303],"product_tag":[],"class_list":{"0":"post-66083","1":"product","2":"type-product","3":"status-publish","4":"has-post-thumbnail","6":"product_cat-naktipuodziai","7":"\"style=\"background-color: #2ecc711c;\"","9":"first","10":"instock","11":"sale","12":"shipping-taxable","13":"purchasable","14":"product-type-simple"},"acf":[],"yoast_head":"<!-- This site is optimized with the Yoast SEO plugin v27.4 - https:\/\/yoast.com\/product\/yoast-seo-wordpress\/ -->\n<title>I\u0161manuus tualetas vaikams - KidsPlay<\/title>\n<meta name=\"description\" content=\"I\u0161manuus tualetas vaikams\" \/>\n<meta name=\"robots\" content=\"index, follow, max-snippet:-1, max-image-preview:large, max-video-preview:-1\" \/>\n<link rel=\"canonical\" href=\"https:\/\/kidsplay.lt\/lv\/products\/ismanuus-tualetas-vaikams\/\" \/>\n<meta property=\"og:locale\" content=\"lv_LV\" \/>\n<meta property=\"og:type\" content=\"article\" \/>\n<meta property=\"og:title\" content=\"I\u0161manuus tualetas vaikams - KidsPlay\" \/>\n<meta property=\"og:description\" content=\"I\u0161manuus tualetas vaikams\" \/>\n<meta property=\"og:url\" content=\"https:\/\/kidsplay.lt\/lv\/products\/ismanuus-tualetas-vaikams\/\" \/>\n<meta property=\"og:site_name\" content=\"KidsPlay\" \/>\n<meta property=\"article:publisher\" content=\"https:\/\/www.facebook.com\/www.kidsplay.lt\" \/>\n<meta property=\"article:modified_time\" content=\"2025-12-29T17:58:39+00:00\" \/>\n<meta property=\"og:image\" content=\"https:\/\/kidsplay.lt\/wp-content\/uploads\/2025\/09\/Screenshot_173-1.png\" \/>\n\t<meta property=\"og:image:width\" content=\"523\" \/>\n\t<meta property=\"og:image:height\" content=\"501\" \/>\n\t<meta property=\"og:image:type\" content=\"image\/png\" \/>\n<meta name=\"twitter:card\" content=\"summary_large_image\" \/>\n<meta name=\"twitter:label1\" content=\"Est. reading time\" \/>\n\t<meta name=\"twitter:data1\" content=\"2 min\u016btes\" \/>\n<script type=\"application\/ld+json\" class=\"yoast-schema-graph\">{\"@context\":\"https:\\\/\\\/schema.org\",\"@graph\":[{\"@type\":\"WebPage\",\"@id\":\"https:\\\/\\\/kidsplay.lt\\\/produktas\\\/ismanuus-tualetas-vaikams\\\/\",\"url\":\"https:\\\/\\\/kidsplay.lt\\\/produktas\\\/ismanuus-tualetas-vaikams\\\/\",\"name\":\"I\u0161manuus tualetas vaikams - KidsPlay\",\"isPartOf\":{\"@id\":\"https:\\\/\\\/kidsplay.lt\\\/#website\"},\"primaryImageOfPage\":{\"@id\":\"https:\\\/\\\/kidsplay.lt\\\/produktas\\\/ismanuus-tualetas-vaikams\\\/#primaryimage\"},\"image\":{\"@id\":\"https:\\\/\\\/kidsplay.lt\\\/produktas\\\/ismanuus-tualetas-vaikams\\\/#primaryimage\"},\"thumbnailUrl\":\"https:\\\/\\\/kidsplay.lt\\\/wp-content\\\/uploads\\\/2025\\\/09\\\/Screenshot_173-1.png\",\"datePublished\":\"2025-09-28T06:19:16+00:00\",\"dateModified\":\"2025-12-29T17:58:39+00:00\",\"description\":\"I\u0161manuus tualetas vaikams\",\"breadcrumb\":{\"@id\":\"https:\\\/\\\/kidsplay.lt\\\/produktas\\\/ismanuus-tualetas-vaikams\\\/#breadcrumb\"},\"inLanguage\":\"lv-LV\",\"potentialAction\":[{\"@type\":\"ReadAction\",\"target\":[\"https:\\\/\\\/kidsplay.lt\\\/produktas\\\/ismanuus-tualetas-vaikams\\\/\"]}]},{\"@type\":\"ImageObject\",\"inLanguage\":\"lv-LV\",\"@id\":\"https:\\\/\\\/kidsplay.lt\\\/produktas\\\/ismanuus-tualetas-vaikams\\\/#primaryimage\",\"url\":\"https:\\\/\\\/kidsplay.lt\\\/wp-content\\\/uploads\\\/2025\\\/09\\\/Screenshot_173-1.png\",\"contentUrl\":\"https:\\\/\\\/kidsplay.lt\\\/wp-content\\\/uploads\\\/2025\\\/09\\\/Screenshot_173-1.png\",\"width\":523,\"height\":501},{\"@type\":\"BreadcrumbList\",\"@id\":\"https:\\\/\\\/kidsplay.lt\\\/produktas\\\/ismanuus-tualetas-vaikams\\\/#breadcrumb\",\"itemListElement\":[{\"@type\":\"ListItem\",\"position\":1,\"name\":\"Pagrindinis\",\"item\":\"https:\\\/\\\/kidsplay.lt\\\/\"},{\"@type\":\"ListItem\",\"position\":2,\"name\":\"Parduotuv\u0117\",\"item\":\"https:\\\/\\\/kidsplay.lt\\\/parduotuve\\\/\"},{\"@type\":\"ListItem\",\"position\":3,\"name\":\"I\u0161manuus tualetas vaikams\"}]},{\"@type\":\"WebSite\",\"@id\":\"https:\\\/\\\/kidsplay.lt\\\/#website\",\"url\":\"https:\\\/\\\/kidsplay.lt\\\/\",\"name\":\"Kidsplay.lt\",\"description\":\"\u012evairios prek\u0117s vaikams\",\"publisher\":{\"@id\":\"https:\\\/\\\/kidsplay.lt\\\/#organization\"},\"alternateName\":\"Kidsplay\",\"potentialAction\":[{\"@type\":\"SearchAction\",\"target\":{\"@type\":\"EntryPoint\",\"urlTemplate\":\"https:\\\/\\\/kidsplay.lt\\\/?s={search_term_string}\"},\"query-input\":{\"@type\":\"PropertyValueSpecification\",\"valueRequired\":true,\"valueName\":\"search_term_string\"}}],\"inLanguage\":\"lv-LV\"},{\"@type\":\"Organization\",\"@id\":\"https:\\\/\\\/kidsplay.lt\\\/#organization\",\"name\":\"KidsPlay\",\"url\":\"https:\\\/\\\/kidsplay.lt\\\/\",\"logo\":{\"@type\":\"ImageObject\",\"inLanguage\":\"lv-LV\",\"@id\":\"https:\\\/\\\/kidsplay.lt\\\/#\\\/schema\\\/logo\\\/image\\\/\",\"url\":\"https:\\\/\\\/kidsplay.lt\\\/wp-content\\\/uploads\\\/2023\\\/07\\\/kidsplay-logo.png\",\"contentUrl\":\"https:\\\/\\\/kidsplay.lt\\\/wp-content\\\/uploads\\\/2023\\\/07\\\/kidsplay-logo.png\",\"width\":451,\"height\":98,\"caption\":\"KidsPlay\"},\"image\":{\"@id\":\"https:\\\/\\\/kidsplay.lt\\\/#\\\/schema\\\/logo\\\/image\\\/\"},\"sameAs\":[\"https:\\\/\\\/www.facebook.com\\\/www.kidsplay.lt\"]}]}<\/script>\n<!-- \/ Yoast SEO plugin. -->","yoast_head_json":{"title":"I\u0161manuus tualetas vaikams - KidsPlay","description":"I\u0161manuus tualetas vaikams","robots":{"index":"index","follow":"follow","max-snippet":"max-snippet:-1","max-image-preview":"max-image-preview:large","max-video-preview":"max-video-preview:-1"},"canonical":"https:\/\/kidsplay.lt\/lv\/products\/ismanuus-tualetas-vaikams\/","og_locale":"lv_LV","og_type":"article","og_title":"I\u0161manuus tualetas vaikams - KidsPlay","og_description":"I\u0161manuus tualetas vaikams","og_url":"https:\/\/kidsplay.lt\/lv\/products\/ismanuus-tualetas-vaikams\/","og_site_name":"KidsPlay","article_publisher":"https:\/\/www.facebook.com\/www.kidsplay.lt","article_modified_time":"2025-12-29T17:58:39+00:00","og_image":[{"width":523,"height":501,"url":"https:\/\/kidsplay.lt\/wp-content\/uploads\/2025\/09\/Screenshot_173-1.png","type":"image\/png"}],"twitter_card":"summary_large_image","twitter_misc":{"Est. reading time":"2 min\u016btes"},"schema":{"@context":"https:\/\/schema.org","@graph":[{"@type":"WebPage","@id":"https:\/\/kidsplay.lt\/produktas\/ismanuus-tualetas-vaikams\/","url":"https:\/\/kidsplay.lt\/produktas\/ismanuus-tualetas-vaikams\/","name":"I\u0161manuus tualetas vaikams - KidsPlay","isPartOf":{"@id":"https:\/\/kidsplay.lt\/#website"},"primaryImageOfPage":{"@id":"https:\/\/kidsplay.lt\/produktas\/ismanuus-tualetas-vaikams\/#primaryimage"},"image":{"@id":"https:\/\/kidsplay.lt\/produktas\/ismanuus-tualetas-vaikams\/#primaryimage"},"thumbnailUrl":"https:\/\/kidsplay.lt\/wp-content\/uploads\/2025\/09\/Screenshot_173-1.png","datePublished":"2025-09-28T06:19:16+00:00","dateModified":"2025-12-29T17:58:39+00:00","description":"I\u0161manuus tualetas vaikams","breadcrumb":{"@id":"https:\/\/kidsplay.lt\/produktas\/ismanuus-tualetas-vaikams\/#breadcrumb"},"inLanguage":"lv-LV","potentialAction":[{"@type":"ReadAction","target":["https:\/\/kidsplay.lt\/produktas\/ismanuus-tualetas-vaikams\/"]}]},{"@type":"ImageObject","inLanguage":"lv-LV","@id":"https:\/\/kidsplay.lt\/produktas\/ismanuus-tualetas-vaikams\/#primaryimage","url":"https:\/\/kidsplay.lt\/wp-content\/uploads\/2025\/09\/Screenshot_173-1.png","contentUrl":"https:\/\/kidsplay.lt\/wp-content\/uploads\/2025\/09\/Screenshot_173-1.png","width":523,"height":501},{"@type":"BreadcrumbList","@id":"https:\/\/kidsplay.lt\/produktas\/ismanuus-tualetas-vaikams\/#breadcrumb","itemListElement":[{"@type":"ListItem","position":1,"name":"Pagrindinis","item":"https:\/\/kidsplay.lt\/"},{"@type":"ListItem","position":2,"name":"Parduotuv\u0117","item":"https:\/\/kidsplay.lt\/parduotuve\/"},{"@type":"ListItem","position":3,"name":"I\u0161manuus tualetas vaikams"}]},{"@type":"WebSite","@id":"https:\/\/kidsplay.lt\/#website","url":"https:\/\/kidsplay.lt\/","name":"B\u0113rnu sp\u0113les.lv","description":"\u012evairios prek\u0117s vaikams","publisher":{"@id":"https:\/\/kidsplay.lt\/#organization"},"alternateName":"Kidsplay","potentialAction":[{"@type":"SearchAction","target":{"@type":"EntryPoint","urlTemplate":"https:\/\/kidsplay.lt\/?s={search_term_string}"},"query-input":{"@type":"PropertyValueSpecification","valueRequired":true,"valueName":"search_term_string"}}],"inLanguage":"lv-LV"},{"@type":"Organization","@id":"https:\/\/kidsplay.lt\/#organization","name":"B\u0113rnu sp\u0113le","url":"https:\/\/kidsplay.lt\/","logo":{"@type":"ImageObject","inLanguage":"lv-LV","@id":"https:\/\/kidsplay.lt\/#\/schema\/logo\/image\/","url":"https:\/\/kidsplay.lt\/wp-content\/uploads\/2023\/07\/kidsplay-logo.png","contentUrl":"https:\/\/kidsplay.lt\/wp-content\/uploads\/2023\/07\/kidsplay-logo.png","width":451,"height":98,"caption":"KidsPlay"},"image":{"@id":"https:\/\/kidsplay.lt\/#\/schema\/logo\/image\/"},"sameAs":["https:\/\/www.facebook.com\/www.kidsplay.lt"]}]}},"_links":{"self":[{"href":"https:\/\/kidsplay.lt\/lv\/wp-json\/wp\/v2\/product\/66083","targetHints":{"allow":["GET"]}}],"collection":[{"href":"https:\/\/kidsplay.lt\/lv\/wp-json\/wp\/v2\/product"}],"about":[{"href":"https:\/\/kidsplay.lt\/lv\/wp-json\/wp\/v2\/types\/product"}],"version-history":[{"count":3,"href":"https:\/\/kidsplay.lt\/lv\/wp-json\/wp\/v2\/product\/66083\/revisions"}],"predecessor-version":[{"id":73844,"href":"https:\/\/kidsplay.lt\/lv\/wp-json\/wp\/v2\/product\/66083\/revisions\/73844"}],"wp:featuredmedia":[{"embeddable":true,"href":"https:\/\/kidsplay.lt\/lv\/wp-json\/wp\/v2\/media\/66084"}],"wp:attachment":[{"href":"https:\/\/kidsplay.lt\/lv\/wp-json\/wp\/v2\/media?parent=66083"}],"wp:term":[{"taxonomy":"product_brand","embeddable":true,"href":"https:\/\/kidsplay.lt\/lv\/wp-json\/wp\/v2\/product_brand?post=66083"},{"taxonomy":"product_cat","embeddable":true,"href":"https:\/\/kidsplay.lt\/lv\/wp-json\/wp\/v2\/product_cat?post=66083"},{"taxonomy":"product_tag","embeddable":true,"href":"https:\/\/kidsplay.lt\/lv\/wp-json\/wp\/v2\/product_tag?post=66083"}],"curies":[{"name":"wp","href":"https:\/\/api.w.org\/{rel}","templated":true}]}}