{"id":67474,"date":"2025-09-30T08:06:55","date_gmt":"2025-09-30T05:06:55","guid":{"rendered":"https:\/\/kidsplay.lt\/?post_type=product&#038;p=67474"},"modified":"2025-12-29T20:26:33","modified_gmt":"2025-12-29T18:26:33","slug":"maxi-cosi-automobiline-kedute-0-13-kg-pebble-360-essential-grey","status":"publish","type":"product","link":"https:\/\/kidsplay.lt\/lv\/products\/maxi-cosi-automobiline-kedute-0-13-kg-pebble-360-essential-grey\/","title":{"rendered":"Maxi Cosi automobilin\u0117 k\u0117dut\u0117 0-13 kg Pebble 360 \u200b\u200b\u200b\u200bEssential Grey"},"content":{"rendered":"<div class=\"mpof_ki myre_zn myre_8v_l m389_6m_l\">\n<div class=\"mp4t_16_s mryx_16_s mr3m_1 mli2_1 mh85_56 mh85_0_l\">\n<div class=\"mgn2_16 _0d3bd_am0a-\">\n<h2><span dir=\"auto\">Maxi Cosi automobilin\u0117 k\u0117dut\u0117 0-13 kg Pebble 360 \u200b\u200b\u200b\u200bEssential Grey<\/span><\/h2>\n<p><span dir=\"auto\">Maxi Cosi<\/span><\/p>\n<p><span dir=\"auto\">\u201eMaxi Cosi Pebble 360\u201c yra automobilin\u0117 k\u0117dut\u0117, skirta vaikams nuo pirm\u0173j\u0173 gyvenimo dien\u0173 iki ma\u017edaug vieneri\u0173 met\u0173 am\u017eiaus, nuo 40 cm iki 83 cm \u016bgio.<\/span><\/p>\n<\/div>\n<\/div>\n<\/div>\n<div class=\"mpof_ki myre_zn myre_8v_l m389_6m_l\">\n<div class=\"mp4t_16_s mryx_16_s mr3m_1 mli2_1 mh85_56 mh85_0_l\">\n<div class=\"mg9e_8 mj7a_8 mg9e_0_s mvrt_0_s mj7a_0_s mh36_0_s mzmg_6m munh_16_l m3h2_16_l\">\n<div class=\"mp4t_0 mryx_0 munh_56 m3h2_56\">\n<div class=\"mp7g_oh\"><button class=\"mg9e_0 mvrt_0 mj7a_0 mh36_0 mp4t_0 m3h2_0 mryx_0 munh_0 mqen_m6 mpof_z0 mx7m_0 m7er_k4 mse2_k4 msts_pt\" data-analytics-interaction=\"true\" data-analytics-interaction-label=\"zoomable-image-open\" aria-disabled=\"true\"><img decoding=\"async\" class=\"msub_k4 mupj_5k mjru_k4 mse2_k4 mp7g_f6 mq1m_0 mj7u_0 m7er_k4 mqen_m6 m31c_d8 m0ux_fp lazyloaded\" src=\"https:\/\/a.allegroimg.com\/original\/11ebb4\/19a3ddb041c5a4196e13904fcf36\/Maxi-Cosi-fotelik-samochodowy-0-13-kg-Pebble-360-Esential-Grey\" sizes=\"100vw\" srcset=\"https:\/\/a.allegroimg.com\/s360\/11ebb4\/19a3ddb041c5a4196e13904fcf36\/Maxi-Cosi-fotelik-samochodowy-0-13-kg-Pebble-360-Esential-Grey 289w,https:\/\/a.allegroimg.com\/s720\/11ebb4\/19a3ddb041c5a4196e13904fcf36\/Maxi-Cosi-fotelik-samochodowy-0-13-kg-Pebble-360-Esential-Grey 578w,https:\/\/a.allegroimg.com\/s1024\/11ebb4\/19a3ddb041c5a4196e13904fcf36\/Maxi-Cosi-fotelik-samochodowy-0-13-kg-Pebble-360-Esential-Grey 617w,https:\/\/a.allegroimg.com\/original\/11ebb4\/19a3ddb041c5a4196e13904fcf36\/Maxi-Cosi-fotelik-samochodowy-0-13-kg-Pebble-360-Esential-Grey 617w\" alt=\"Maxi Cosi automobilin\u0117 k\u0117dut\u0117 0-13 kg Pebble 360 \u200b\u200b\u200b\u200bEssential Grey\" width=\"617px\" data-srcset=\"\" \/><\/button><\/div>\n<\/div>\n<\/div>\n<\/div>\n<\/div>\n<div class=\"mpof_ki myre_zn myre_8v_l m389_6m_l\">\n<div class=\"mp4t_16_s mryx_16_s mr3m_1 mli2_1 mh85_56 mh85_0_l\">\n<div class=\"mgn2_16 _0d3bd_am0a-\">\n<p><span dir=\"auto\">\u201ePebble 360\u201c MAXI-COSI k\u0117dut\u0117<\/span><\/p>\n<p><span dir=\"auto\">Priklauso naujausiai \u201eFamilyFix 360\u201c linijai, kuri atitinka i dyd\u017eio standart\u0105.<\/span><\/p>\n<p><span dir=\"auto\">\u201eMaxi Cosi Pebble 360\u201c yra automobilin\u0117 k\u0117dut\u0117, skirta vaikams nuo pirm\u0173j\u0173 gyvenimo dien\u0173 iki ma\u017edaug vieneri\u0173 met\u0173 am\u017eiaus, nuo 40 cm iki 83 cm \u016bgio.<\/span><\/p>\n<p><span dir=\"auto\">Naujausia \u201ePebble 360\u201c k\u0117dut\u0117 pasi\u017eymi \u201eClimaFlow\u201c technologija \u2013 specialiu putplas\u010diu, kuris palaikys j\u016bs\u0173 k\u016bdikio \u0161ilumin\u012f komfort\u0105 ir u\u017etikrins, kad jam nebus per kar\u0161ta ar per \u0161alta.<\/span><\/p>\n<p><span dir=\"auto\">Vidin\u0117 s\u0117dyn\u0117s \u012fd\u0117klas apr\u016bpintas trij\u0173 ta\u0161k\u0173 saugos dir\u017eais, kuriuos galima reguliuoti ir pritaikyti prie k\u016bdikio am\u017eiaus ir \u016bgio.<\/span><\/p>\n<p><span dir=\"auto\">D\u0117l \u201eMaxi Cosi Easy-in\u201c sistemos, tiksliau, dir\u017eo \u012ftempiklio, kiekvien\u0105 kart\u0105 pasodinti ma\u017eyl\u012f \u012f k\u0117dut\u0119 bus lengviau ir grei\u010diau nei bet kada anks\u010diau.<\/span><\/p>\n<p><span dir=\"auto\">G-CELL technologija (korio strukt\u016bra) apsaugo s\u0117dyn\u0119 nuo \u0161oninio sm\u016bgio, paskirstydama energij\u0105 per vis\u0105 s\u0117dyn\u0117s korpus\u0105, o ne konkre\u010diame ta\u0161ke.<\/span><\/p>\n<p><span dir=\"auto\">Ant dir\u017e\u0173 sumontuoti mink\u0161ti u\u017evalkalai, kurie nespaud\u017eia k\u016bdikio pe\u010di\u0173 ir tuo pa\u010diu padidina vaiko komfort\u0105 bei patogum\u0105 keliaujant.<\/span><\/p>\n<p><span dir=\"auto\">Patogus \u201eBabyHug\u201c \u012fd\u0117klas u\u017etikrins j\u016bs\u0173 naujagimio komfort\u0105 kelion\u0117s metu, \u012fd\u0117klas yra mink\u0161tas ir malonus liesti.<\/span><\/p>\n<p><span dir=\"auto\">Kad ir kas nutikt\u0173 kelion\u0117s metu, galite lengvai nuimti apmu\u0161alus ir juos i\u0161skalbti.<\/span><\/p>\n<p><span dir=\"auto\">\u201ePebble 360\u201c s\u0117dyn\u0117 atitinka auk\u0161tesniojo UN R129 standarto, paprastai vadinamo i-size, reikalavimus, kurie gamintojams kelia auk\u0161tus saugos standartus.<\/span><\/p>\n<p><span dir=\"auto\">\u201eI-Size\u201c nurodo, kad pagrindinis vaiko tinkamumo k\u0117dutei veiksnys yra vaiko \u016bgis ir svoris.<\/span><\/p>\n<p><span dir=\"auto\">\u0160is modelis tiks nei\u0161ne\u0161iotam k\u016bdikiui nuo 40 cm iki 83 cm \u016bgio.<\/span><\/p>\n<\/div>\n<\/div>\n<div class=\"mp4t_16_s mryx_16_s mr3m_1 mli2_1 mh85_56 mh85_0_l\">\n<div class=\"mg9e_8 mj7a_8 mg9e_0_s mvrt_0_s mj7a_0_s mh36_0_s mzmg_6m munh_16_l m3h2_16_l\">\n<div class=\"mp4t_0 mryx_0 munh_56 m3h2_56\">\n<div class=\"mp7g_oh\"><button class=\"mg9e_0 mvrt_0 mj7a_0 mh36_0 mp4t_0 m3h2_0 mryx_0 munh_0 mqen_m6 mpof_z0 mx7m_0 m7er_k4 mse2_k4 msts_pt\" data-analytics-interaction=\"true\" data-analytics-interaction-label=\"zoomable-image-open\" aria-disabled=\"true\"><img decoding=\"async\" class=\"msub_k4 mupj_5k mjru_k4 mse2_k4 mp7g_f6 mq1m_0 mj7u_0 m7er_k4 mqen_m6 m31c_d8 m0ux_fp lazyloaded\" src=\"https:\/\/a.allegroimg.com\/original\/119ecf\/c5d773274720af4b55913fcd71a5\/Maxi-Cosi-fotelik-samochodowy-0-13-kg-Pebble-360-Esential-Grey-Marka-Maxi-Cosi\" sizes=\"(min-width: 1200px) 560px, (min-width: 992px) 50vw, 100vw\" srcset=\"https:\/\/a.allegroimg.com\/s360\/119ecf\/c5d773274720af4b55913fcd71a5\/Maxi-Cosi-fotelik-samochodowy-0-13-kg-Pebble-360-Esential-Grey-Marka-Maxi-Cosi 360w,https:\/\/a.allegroimg.com\/s720\/119ecf\/c5d773274720af4b55913fcd71a5\/Maxi-Cosi-fotelik-samochodowy-0-13-kg-Pebble-360-Esential-Grey-Marka-Maxi-Cosi 450w,https:\/\/a.allegroimg.com\/original\/119ecf\/c5d773274720af4b55913fcd71a5\/Maxi-Cosi-fotelik-samochodowy-0-13-kg-Pebble-360-Esential-Grey-Marka-Maxi-Cosi 450w\" alt=\"Maxi Cosi automobilin\u0117 k\u0117dut\u0117 0-13 kg Pebble 360 \u200b\u200b\u200b\u200bEssential Grey Brand Maxi Cosi\" width=\"450px\" data-srcset=\"\" \/><\/button><\/div>\n<\/div>\n<\/div>\n<\/div>\n<\/div>\n<div class=\"mpof_ki myre_zn myre_8v_l m389_6m_l\">\n<div class=\"mp4t_16_s mryx_16_s mr3m_1 mli2_1 mh85_56 mh85_0_l\">\n<div class=\"mg9e_8 mj7a_8 mg9e_0_s mvrt_0_s mj7a_0_s mh36_0_s mzmg_6m munh_16_l m3h2_16_l\">\n<div class=\"mp4t_0 mryx_0 munh_56 m3h2_56\">\n<div class=\"mp7g_oh\"><button class=\"mg9e_0 mvrt_0 mj7a_0 mh36_0 mp4t_0 m3h2_0 mryx_0 munh_0 mqen_m6 mpof_z0 mx7m_0 m7er_k4 mse2_k4 msts_pt\" data-analytics-interaction=\"true\" data-analytics-interaction-label=\"zoomable-image-open\" aria-disabled=\"true\"><img decoding=\"async\" class=\"msub_k4 mupj_5k mjru_k4 mse2_k4 mp7g_f6 mq1m_0 mj7u_0 m7er_k4 mqen_m6 m31c_d8 m0ux_fp lazyloaded\" src=\"https:\/\/a.allegroimg.com\/original\/118d42\/d19cea0b4fa9950ae37b6468dfe6\/Maxi-Cosi-fotelik-samochodowy-0-13-kg-Pebble-360-Esential-Grey-Stan-opakowania-oryginalne\" sizes=\"(min-width: 1200px) 560px, (min-width: 992px) 50vw, 100vw\" srcset=\"https:\/\/a.allegroimg.com\/s360\/118d42\/d19cea0b4fa9950ae37b6468dfe6\/Maxi-Cosi-fotelik-samochodowy-0-13-kg-Pebble-360-Esential-Grey-Stan-opakowania-oryginalne 288w,https:\/\/a.allegroimg.com\/s720\/118d42\/d19cea0b4fa9950ae37b6468dfe6\/Maxi-Cosi-fotelik-samochodowy-0-13-kg-Pebble-360-Esential-Grey-Stan-opakowania-oryginalne 317w,https:\/\/a.allegroimg.com\/original\/118d42\/d19cea0b4fa9950ae37b6468dfe6\/Maxi-Cosi-fotelik-samochodowy-0-13-kg-Pebble-360-Esential-Grey-Stan-opakowania-oryginalne 317w\" alt=\"Maxi Cosi automobilin\u0117 k\u0117dut\u0117 0-13 kg Pebble 360 \u200b\u200b\u200b\u200bEssential Grey, originali pakuot\u0117\" width=\"317px\" data-srcset=\"\" \/><\/button><\/div>\n<\/div>\n<\/div>\n<\/div>\n<div class=\"mp4t_16_s mryx_16_s mr3m_1 mli2_1 mh85_56 mh85_0_l\">\n<div class=\"mg9e_8 mj7a_8 mg9e_0_s mvrt_0_s mj7a_0_s mh36_0_s mzmg_6m munh_16_l m3h2_16_l\">\n<div class=\"mp4t_0 mryx_0 munh_56 m3h2_56\">\n<div class=\"mp7g_oh\"><button class=\"mg9e_0 mvrt_0 mj7a_0 mh36_0 mp4t_0 m3h2_0 mryx_0 munh_0 mqen_m6 mpof_z0 mx7m_0 m7er_k4 mse2_k4 msts_pt\" data-analytics-interaction=\"true\" data-analytics-interaction-label=\"zoomable-image-open\" aria-disabled=\"true\"><img decoding=\"async\" class=\"msub_k4 mupj_5k mjru_k4 mse2_k4 mp7g_f6 mq1m_0 mj7u_0 m7er_k4 mqen_m6 m31c_d8 m0ux_fp lazyloaded\" src=\"https:\/\/a.allegroimg.com\/original\/11ced7\/9bbe30ca4055b2491375708683fc\/Maxi-Cosi-fotelik-samochodowy-0-13-kg-Pebble-360-Esential-Grey-Kategoria-wagowa-0-13-kg\" sizes=\"(min-width: 1200px) 560px, (min-width: 992px) 50vw, 100vw\" srcset=\"https:\/\/a.allegroimg.com\/s360\/11ced7\/9bbe30ca4055b2491375708683fc\/Maxi-Cosi-fotelik-samochodowy-0-13-kg-Pebble-360-Esential-Grey-Kategoria-wagowa-0-13-kg 360w,https:\/\/a.allegroimg.com\/s720\/11ced7\/9bbe30ca4055b2491375708683fc\/Maxi-Cosi-fotelik-samochodowy-0-13-kg-Pebble-360-Esential-Grey-Kategoria-wagowa-0-13-kg 395w,https:\/\/a.allegroimg.com\/original\/11ced7\/9bbe30ca4055b2491375708683fc\/Maxi-Cosi-fotelik-samochodowy-0-13-kg-Pebble-360-Esential-Grey-Kategoria-wagowa-0-13-kg 395w\" alt=\"Maxi Cosi automobilin\u0117 k\u0117dut\u0117 0-13 kg Pebble 360 \u200b\u200b\u200b\u200bEssential Grey Svorio kategorija 0-13 kg\" width=\"395px\" data-srcset=\"\" \/><\/button><\/div>\n<\/div>\n<\/div>\n<\/div>\n<\/div>\n<div class=\"mpof_ki myre_zn myre_8v_l m389_6m_l\">\n<div class=\"mp4t_16_s mryx_16_s mr3m_1 mli2_1 mh85_56 mh85_0_l\">\n<div class=\"mg9e_8 mj7a_8 mg9e_0_s mvrt_0_s mj7a_0_s mh36_0_s mzmg_6m munh_16_l m3h2_16_l\">\n<div class=\"mp4t_0 mryx_0 munh_56 m3h2_56\">\n<div class=\"mp7g_oh\"><button class=\"mg9e_0 mvrt_0 mj7a_0 mh36_0 mp4t_0 m3h2_0 mryx_0 munh_0 mqen_m6 mpof_z0 mx7m_0 m7er_k4 mse2_k4 msts_pt\" data-analytics-interaction=\"true\" data-analytics-interaction-label=\"zoomable-image-open\" aria-disabled=\"true\"><img decoding=\"async\" class=\"msub_k4 mupj_5k mjru_k4 mse2_k4 mp7g_f6 mq1m_0 mj7u_0 m7er_k4 mqen_m6 m31c_d8 m0ux_fp lazyloaded\" src=\"https:\/\/a.allegroimg.com\/original\/119c53\/37c3030b499e98528e3bbb7e3e49\/Maxi-Cosi-fotelik-samochodowy-0-13-kg-Pebble-360-Esential-Grey-Model-Pebble\" sizes=\"(min-width: 1200px) 560px, (min-width: 992px) 50vw, 100vw\" srcset=\"https:\/\/a.allegroimg.com\/s360\/119c53\/37c3030b499e98528e3bbb7e3e49\/Maxi-Cosi-fotelik-samochodowy-0-13-kg-Pebble-360-Esential-Grey-Model-Pebble 213w,https:\/\/a.allegroimg.com\/s720\/119c53\/37c3030b499e98528e3bbb7e3e49\/Maxi-Cosi-fotelik-samochodowy-0-13-kg-Pebble-360-Esential-Grey-Model-Pebble 234w,https:\/\/a.allegroimg.com\/original\/119c53\/37c3030b499e98528e3bbb7e3e49\/Maxi-Cosi-fotelik-samochodowy-0-13-kg-Pebble-360-Esential-Grey-Model-Pebble 234w\" alt=\"Maxi Cosi automobilin\u0117 k\u0117dut\u0117 0-13 kg Pebble 360 \u200b\u200b\u200b\u200bEssential Gray Model Pebble\" width=\"234px\" data-srcset=\"\" \/><\/button><\/div>\n<\/div>\n<\/div>\n<\/div>\n<div class=\"mp4t_16_s mryx_16_s mr3m_1 mli2_1 mh85_56 mh85_0_l\">\n<div class=\"mg9e_8 mj7a_8 mg9e_0_s mvrt_0_s mj7a_0_s mh36_0_s mzmg_6m munh_16_l m3h2_16_l\">\n<div class=\"mp4t_0 mryx_0 munh_56 m3h2_56\">\n<div class=\"mp7g_oh\"><button class=\"mg9e_0 mvrt_0 mj7a_0 mh36_0 mp4t_0 m3h2_0 mryx_0 munh_0 mqen_m6 mpof_z0 mx7m_0 m7er_k4 mse2_k4 msts_pt\" data-analytics-interaction=\"true\" data-analytics-interaction-label=\"zoomable-image-open\" aria-disabled=\"true\"><img decoding=\"async\" class=\"msub_k4 mupj_5k mjru_k4 mse2_k4 mp7g_f6 mq1m_0 mj7u_0 m7er_k4 mqen_m6 m31c_d8 m0ux_fp lazyloaded\" src=\"https:\/\/a.allegroimg.com\/original\/110235\/f76510a9420ab2d7e14ee9bae180\/Maxi-Cosi-fotelik-samochodowy-0-13-kg-Pebble-360-Esential-Grey-Kod-producenta-8712930170327\" sizes=\"(min-width: 1200px) 560px, (min-width: 992px) 50vw, 100vw\" srcset=\"https:\/\/a.allegroimg.com\/s360\/110235\/f76510a9420ab2d7e14ee9bae180\/Maxi-Cosi-fotelik-samochodowy-0-13-kg-Pebble-360-Esential-Grey-Kod-producenta-8712930170327 360w,https:\/\/a.allegroimg.com\/s720\/110235\/f76510a9420ab2d7e14ee9bae180\/Maxi-Cosi-fotelik-samochodowy-0-13-kg-Pebble-360-Esential-Grey-Kod-producenta-8712930170327 720w,https:\/\/a.allegroimg.com\/s1024\/110235\/f76510a9420ab2d7e14ee9bae180\/Maxi-Cosi-fotelik-samochodowy-0-13-kg-Pebble-360-Esential-Grey-Kod-producenta-8712930170327 850w,https:\/\/a.allegroimg.com\/original\/110235\/f76510a9420ab2d7e14ee9bae180\/Maxi-Cosi-fotelik-samochodowy-0-13-kg-Pebble-360-Esential-Grey-Kod-producenta-8712930170327 850w\" alt=\"Maxi Cosi automobilin\u0117 k\u0117dut\u0117 0-13 kg Pebble 360 \u200b\u200b\u200b\u200bEssential Grey Gamintojo kodas 8712930170327\" width=\"850px\" data-srcset=\"\" \/><\/button><\/div>\n<\/div>\n<\/div>\n<\/div>\n<\/div>\n<div class=\"mpof_ki myre_zn myre_8v_l m389_6m_l\">\n<div class=\"mp4t_16_s mryx_16_s mr3m_1 mli2_1 mh85_56 mh85_0_l\">\n<div class=\"mg9e_8 mj7a_8 mg9e_0_s mvrt_0_s mj7a_0_s mh36_0_s mzmg_6m munh_16_l m3h2_16_l\">\n<div class=\"mp4t_0 mryx_0 munh_56 m3h2_56\">\n<div class=\"mp7g_oh\"><button class=\"mg9e_0 mvrt_0 mj7a_0 mh36_0 mp4t_0 m3h2_0 mryx_0 munh_0 mqen_m6 mpof_z0 mx7m_0 m7er_k4 mse2_k4 msts_pt\" data-analytics-interaction=\"true\" data-analytics-interaction-label=\"zoomable-image-open\" aria-disabled=\"true\"><img decoding=\"async\" class=\"msub_k4 mupj_5k mjru_k4 mse2_k4 mp7g_f6 mq1m_0 mj7u_0 m7er_k4 mqen_m6 m31c_d8 m0ux_fp lazyloaded\" src=\"https:\/\/a.allegroimg.com\/original\/11b99a\/6a5d29784409bb67bbb06e045b63\/Maxi-Cosi-fotelik-samochodowy-0-13-kg-Pebble-360-Esential-Grey-Sposob-montazu-samochodowy-pas-bezpieczenstwa\" sizes=\"100vw\" srcset=\"https:\/\/a.allegroimg.com\/s360\/11b99a\/6a5d29784409bb67bbb06e045b63\/Maxi-Cosi-fotelik-samochodowy-0-13-kg-Pebble-360-Esential-Grey-Sposob-montazu-samochodowy-pas-bezpieczenstwa 360w,https:\/\/a.allegroimg.com\/s720\/11b99a\/6a5d29784409bb67bbb06e045b63\/Maxi-Cosi-fotelik-samochodowy-0-13-kg-Pebble-360-Esential-Grey-Sposob-montazu-samochodowy-pas-bezpieczenstwa 720w,https:\/\/a.allegroimg.com\/s1024\/11b99a\/6a5d29784409bb67bbb06e045b63\/Maxi-Cosi-fotelik-samochodowy-0-13-kg-Pebble-360-Esential-Grey-Sposob-montazu-samochodowy-pas-bezpieczenstwa 1000w,https:\/\/a.allegroimg.com\/original\/11b99a\/6a5d29784409bb67bbb06e045b63\/Maxi-Cosi-fotelik-samochodowy-0-13-kg-Pebble-360-Esential-Grey-Sposob-montazu-samochodowy-pas-bezpieczenstwa 1000w\" alt=\"Maxi Cosi automobilin\u0117 k\u0117dut\u0117 0-13 kg Pebble 360 \u200b\u200b\u200b\u200bEssential Grey Tvirtinimo b\u016bdas: automobilio saugos dir\u017eas\" width=\"1000px\" data-srcset=\"\" \/><\/button><\/div>\n<\/div>\n<\/div>\n<\/div>\n<\/div>","protected":false},"excerpt":{"rendered":"<p>Maxi Cosi automobilin\u0117 k\u0117dut\u0117 0-13 kg Pebble 360 \u200b\u200b\u200b\u200bEssential Grey<\/p>","protected":false},"featured_media":67475,"template":"","meta":{"_acf_changed":false,"_glsr_average":0,"_glsr_ranking":0,"_glsr_reviews":0},"product_brand":[],"product_cat":[294,241],"product_tag":[],"class_list":{"0":"post-67474","1":"product","2":"type-product","3":"status-publish","4":"has-post-thumbnail","6":"product_cat-0-18-kg","7":"product_cat-automobilines-kedutes","8":"\"style=\"background-color: #2ecc711c;\"","10":"first","11":"instock","12":"shipping-taxable","13":"purchasable","14":"product-type-simple"},"acf":[],"yoast_head":"<!-- This site is optimized with the Yoast SEO plugin v27.4 - https:\/\/yoast.com\/product\/yoast-seo-wordpress\/ -->\n<title>Maxi Cosi automobilin\u0117 k\u0117dut\u0117 0-13 kg Pebble 360 \u200b\u200b\u200b\u200bEssential Grey - KidsPlay<\/title>\n<meta name=\"description\" content=\"Maxi Cosi automobilin\u0117 k\u0117dut\u0117 0-13 kg Pebble 360 \u200b\u200b\u200b\u200bEssential Grey\" \/>\n<meta name=\"robots\" content=\"index, follow, max-snippet:-1, max-image-preview:large, max-video-preview:-1\" \/>\n<link rel=\"canonical\" href=\"https:\/\/kidsplay.lt\/lv\/products\/maxi-cosi-automobiline-kedute-0-13-kg-pebble-360-essential-grey\/\" \/>\n<meta property=\"og:locale\" content=\"lv_LV\" \/>\n<meta property=\"og:type\" content=\"article\" \/>\n<meta property=\"og:title\" content=\"Maxi Cosi automobilin\u0117 k\u0117dut\u0117 0-13 kg Pebble 360 \u200b\u200b\u200b\u200bEssential Grey - KidsPlay\" \/>\n<meta property=\"og:description\" content=\"Maxi Cosi automobilin\u0117 k\u0117dut\u0117 0-13 kg Pebble 360 \u200b\u200b\u200b\u200bEssential Grey\" \/>\n<meta property=\"og:url\" content=\"https:\/\/kidsplay.lt\/lv\/products\/maxi-cosi-automobiline-kedute-0-13-kg-pebble-360-essential-grey\/\" \/>\n<meta property=\"og:site_name\" content=\"KidsPlay\" \/>\n<meta property=\"article:publisher\" content=\"https:\/\/www.facebook.com\/www.kidsplay.lt\" \/>\n<meta property=\"article:modified_time\" content=\"2025-12-29T18:26:33+00:00\" \/>\n<meta property=\"og:image\" content=\"https:\/\/kidsplay.lt\/wp-content\/uploads\/2025\/09\/Screenshot_231.png\" \/>\n\t<meta property=\"og:image:width\" content=\"433\" \/>\n\t<meta property=\"og:image:height\" content=\"526\" \/>\n\t<meta property=\"og:image:type\" content=\"image\/png\" \/>\n<meta name=\"twitter:card\" content=\"summary_large_image\" \/>\n<meta name=\"twitter:label1\" content=\"Est. reading time\" \/>\n\t<meta name=\"twitter:data1\" content=\"3 min\u016btes\" \/>\n<script type=\"application\/ld+json\" class=\"yoast-schema-graph\">{\"@context\":\"https:\\\/\\\/schema.org\",\"@graph\":[{\"@type\":\"WebPage\",\"@id\":\"https:\\\/\\\/kidsplay.lt\\\/produktas\\\/maxi-cosi-automobiline-kedute-0-13-kg-pebble-360-essential-grey\\\/\",\"url\":\"https:\\\/\\\/kidsplay.lt\\\/produktas\\\/maxi-cosi-automobiline-kedute-0-13-kg-pebble-360-essential-grey\\\/\",\"name\":\"Maxi Cosi automobilin\u0117 k\u0117dut\u0117 0-13 kg Pebble 360 \u200b\u200b\u200b\u200bEssential Grey - KidsPlay\",\"isPartOf\":{\"@id\":\"https:\\\/\\\/kidsplay.lt\\\/#website\"},\"primaryImageOfPage\":{\"@id\":\"https:\\\/\\\/kidsplay.lt\\\/produktas\\\/maxi-cosi-automobiline-kedute-0-13-kg-pebble-360-essential-grey\\\/#primaryimage\"},\"image\":{\"@id\":\"https:\\\/\\\/kidsplay.lt\\\/produktas\\\/maxi-cosi-automobiline-kedute-0-13-kg-pebble-360-essential-grey\\\/#primaryimage\"},\"thumbnailUrl\":\"https:\\\/\\\/kidsplay.lt\\\/wp-content\\\/uploads\\\/2025\\\/09\\\/Screenshot_231.png\",\"datePublished\":\"2025-09-30T05:06:55+00:00\",\"dateModified\":\"2025-12-29T18:26:33+00:00\",\"description\":\"Maxi Cosi automobilin\u0117 k\u0117dut\u0117 0-13 kg Pebble 360 \u200b\u200b\u200b\u200bEssential Grey\",\"breadcrumb\":{\"@id\":\"https:\\\/\\\/kidsplay.lt\\\/produktas\\\/maxi-cosi-automobiline-kedute-0-13-kg-pebble-360-essential-grey\\\/#breadcrumb\"},\"inLanguage\":\"lv-LV\",\"potentialAction\":[{\"@type\":\"ReadAction\",\"target\":[\"https:\\\/\\\/kidsplay.lt\\\/produktas\\\/maxi-cosi-automobiline-kedute-0-13-kg-pebble-360-essential-grey\\\/\"]}]},{\"@type\":\"ImageObject\",\"inLanguage\":\"lv-LV\",\"@id\":\"https:\\\/\\\/kidsplay.lt\\\/produktas\\\/maxi-cosi-automobiline-kedute-0-13-kg-pebble-360-essential-grey\\\/#primaryimage\",\"url\":\"https:\\\/\\\/kidsplay.lt\\\/wp-content\\\/uploads\\\/2025\\\/09\\\/Screenshot_231.png\",\"contentUrl\":\"https:\\\/\\\/kidsplay.lt\\\/wp-content\\\/uploads\\\/2025\\\/09\\\/Screenshot_231.png\",\"width\":433,\"height\":526},{\"@type\":\"BreadcrumbList\",\"@id\":\"https:\\\/\\\/kidsplay.lt\\\/produktas\\\/maxi-cosi-automobiline-kedute-0-13-kg-pebble-360-essential-grey\\\/#breadcrumb\",\"itemListElement\":[{\"@type\":\"ListItem\",\"position\":1,\"name\":\"Pagrindinis\",\"item\":\"https:\\\/\\\/kidsplay.lt\\\/\"},{\"@type\":\"ListItem\",\"position\":2,\"name\":\"Parduotuv\u0117\",\"item\":\"https:\\\/\\\/kidsplay.lt\\\/parduotuve\\\/\"},{\"@type\":\"ListItem\",\"position\":3,\"name\":\"Maxi Cosi automobilin\u0117 k\u0117dut\u0117 0-13 kg Pebble 360 \u200b\u200b\u200b\u200bEssential Grey\"}]},{\"@type\":\"WebSite\",\"@id\":\"https:\\\/\\\/kidsplay.lt\\\/#website\",\"url\":\"https:\\\/\\\/kidsplay.lt\\\/\",\"name\":\"Kidsplay.lt\",\"description\":\"\u012evairios prek\u0117s vaikams\",\"publisher\":{\"@id\":\"https:\\\/\\\/kidsplay.lt\\\/#organization\"},\"alternateName\":\"Kidsplay\",\"potentialAction\":[{\"@type\":\"SearchAction\",\"target\":{\"@type\":\"EntryPoint\",\"urlTemplate\":\"https:\\\/\\\/kidsplay.lt\\\/?s={search_term_string}\"},\"query-input\":{\"@type\":\"PropertyValueSpecification\",\"valueRequired\":true,\"valueName\":\"search_term_string\"}}],\"inLanguage\":\"lv-LV\"},{\"@type\":\"Organization\",\"@id\":\"https:\\\/\\\/kidsplay.lt\\\/#organization\",\"name\":\"KidsPlay\",\"url\":\"https:\\\/\\\/kidsplay.lt\\\/\",\"logo\":{\"@type\":\"ImageObject\",\"inLanguage\":\"lv-LV\",\"@id\":\"https:\\\/\\\/kidsplay.lt\\\/#\\\/schema\\\/logo\\\/image\\\/\",\"url\":\"https:\\\/\\\/kidsplay.lt\\\/wp-content\\\/uploads\\\/2023\\\/07\\\/kidsplay-logo.png\",\"contentUrl\":\"https:\\\/\\\/kidsplay.lt\\\/wp-content\\\/uploads\\\/2023\\\/07\\\/kidsplay-logo.png\",\"width\":451,\"height\":98,\"caption\":\"KidsPlay\"},\"image\":{\"@id\":\"https:\\\/\\\/kidsplay.lt\\\/#\\\/schema\\\/logo\\\/image\\\/\"},\"sameAs\":[\"https:\\\/\\\/www.facebook.com\\\/www.kidsplay.lt\"]}]}<\/script>\n<!-- \/ Yoast SEO plugin. -->","yoast_head_json":{"title":"Maxi Cosi automobilin\u0117 k\u0117dut\u0117 0-13 kg Pebble 360 \u200b\u200b\u200b\u200bEssential Grey - KidsPlay","description":"Maxi Cosi automobilin\u0117 k\u0117dut\u0117 0-13 kg Pebble 360 \u200b\u200b\u200b\u200bEssential Grey","robots":{"index":"index","follow":"follow","max-snippet":"max-snippet:-1","max-image-preview":"max-image-preview:large","max-video-preview":"max-video-preview:-1"},"canonical":"https:\/\/kidsplay.lt\/lv\/products\/maxi-cosi-automobiline-kedute-0-13-kg-pebble-360-essential-grey\/","og_locale":"lv_LV","og_type":"article","og_title":"Maxi Cosi automobilin\u0117 k\u0117dut\u0117 0-13 kg Pebble 360 \u200b\u200b\u200b\u200bEssential Grey - KidsPlay","og_description":"Maxi Cosi automobilin\u0117 k\u0117dut\u0117 0-13 kg Pebble 360 \u200b\u200b\u200b\u200bEssential Grey","og_url":"https:\/\/kidsplay.lt\/lv\/products\/maxi-cosi-automobiline-kedute-0-13-kg-pebble-360-essential-grey\/","og_site_name":"KidsPlay","article_publisher":"https:\/\/www.facebook.com\/www.kidsplay.lt","article_modified_time":"2025-12-29T18:26:33+00:00","og_image":[{"width":433,"height":526,"url":"https:\/\/kidsplay.lt\/wp-content\/uploads\/2025\/09\/Screenshot_231.png","type":"image\/png"}],"twitter_card":"summary_large_image","twitter_misc":{"Est. reading time":"3 min\u016btes"},"schema":{"@context":"https:\/\/schema.org","@graph":[{"@type":"WebPage","@id":"https:\/\/kidsplay.lt\/produktas\/maxi-cosi-automobiline-kedute-0-13-kg-pebble-360-essential-grey\/","url":"https:\/\/kidsplay.lt\/produktas\/maxi-cosi-automobiline-kedute-0-13-kg-pebble-360-essential-grey\/","name":"Maxi Cosi automobilin\u0117 k\u0117dut\u0117 0-13 kg Pebble 360 \u200b\u200b\u200b\u200bEssential Grey - KidsPlay","isPartOf":{"@id":"https:\/\/kidsplay.lt\/#website"},"primaryImageOfPage":{"@id":"https:\/\/kidsplay.lt\/produktas\/maxi-cosi-automobiline-kedute-0-13-kg-pebble-360-essential-grey\/#primaryimage"},"image":{"@id":"https:\/\/kidsplay.lt\/produktas\/maxi-cosi-automobiline-kedute-0-13-kg-pebble-360-essential-grey\/#primaryimage"},"thumbnailUrl":"https:\/\/kidsplay.lt\/wp-content\/uploads\/2025\/09\/Screenshot_231.png","datePublished":"2025-09-30T05:06:55+00:00","dateModified":"2025-12-29T18:26:33+00:00","description":"Maxi Cosi automobilin\u0117 k\u0117dut\u0117 0-13 kg Pebble 360 \u200b\u200b\u200b\u200bEssential Grey","breadcrumb":{"@id":"https:\/\/kidsplay.lt\/produktas\/maxi-cosi-automobiline-kedute-0-13-kg-pebble-360-essential-grey\/#breadcrumb"},"inLanguage":"lv-LV","potentialAction":[{"@type":"ReadAction","target":["https:\/\/kidsplay.lt\/produktas\/maxi-cosi-automobiline-kedute-0-13-kg-pebble-360-essential-grey\/"]}]},{"@type":"ImageObject","inLanguage":"lv-LV","@id":"https:\/\/kidsplay.lt\/produktas\/maxi-cosi-automobiline-kedute-0-13-kg-pebble-360-essential-grey\/#primaryimage","url":"https:\/\/kidsplay.lt\/wp-content\/uploads\/2025\/09\/Screenshot_231.png","contentUrl":"https:\/\/kidsplay.lt\/wp-content\/uploads\/2025\/09\/Screenshot_231.png","width":433,"height":526},{"@type":"BreadcrumbList","@id":"https:\/\/kidsplay.lt\/produktas\/maxi-cosi-automobiline-kedute-0-13-kg-pebble-360-essential-grey\/#breadcrumb","itemListElement":[{"@type":"ListItem","position":1,"name":"Pagrindinis","item":"https:\/\/kidsplay.lt\/"},{"@type":"ListItem","position":2,"name":"Parduotuv\u0117","item":"https:\/\/kidsplay.lt\/parduotuve\/"},{"@type":"ListItem","position":3,"name":"Maxi Cosi automobilin\u0117 k\u0117dut\u0117 0-13 kg Pebble 360 \u200b\u200b\u200b\u200bEssential Grey"}]},{"@type":"WebSite","@id":"https:\/\/kidsplay.lt\/#website","url":"https:\/\/kidsplay.lt\/","name":"B\u0113rnu sp\u0113les.lv","description":"\u012evairios prek\u0117s vaikams","publisher":{"@id":"https:\/\/kidsplay.lt\/#organization"},"alternateName":"Kidsplay","potentialAction":[{"@type":"SearchAction","target":{"@type":"EntryPoint","urlTemplate":"https:\/\/kidsplay.lt\/?s={search_term_string}"},"query-input":{"@type":"PropertyValueSpecification","valueRequired":true,"valueName":"search_term_string"}}],"inLanguage":"lv-LV"},{"@type":"Organization","@id":"https:\/\/kidsplay.lt\/#organization","name":"B\u0113rnu sp\u0113le","url":"https:\/\/kidsplay.lt\/","logo":{"@type":"ImageObject","inLanguage":"lv-LV","@id":"https:\/\/kidsplay.lt\/#\/schema\/logo\/image\/","url":"https:\/\/kidsplay.lt\/wp-content\/uploads\/2023\/07\/kidsplay-logo.png","contentUrl":"https:\/\/kidsplay.lt\/wp-content\/uploads\/2023\/07\/kidsplay-logo.png","width":451,"height":98,"caption":"KidsPlay"},"image":{"@id":"https:\/\/kidsplay.lt\/#\/schema\/logo\/image\/"},"sameAs":["https:\/\/www.facebook.com\/www.kidsplay.lt"]}]}},"_links":{"self":[{"href":"https:\/\/kidsplay.lt\/lv\/wp-json\/wp\/v2\/product\/67474","targetHints":{"allow":["GET"]}}],"collection":[{"href":"https:\/\/kidsplay.lt\/lv\/wp-json\/wp\/v2\/product"}],"about":[{"href":"https:\/\/kidsplay.lt\/lv\/wp-json\/wp\/v2\/types\/product"}],"version-history":[{"count":3,"href":"https:\/\/kidsplay.lt\/lv\/wp-json\/wp\/v2\/product\/67474\/revisions"}],"predecessor-version":[{"id":73822,"href":"https:\/\/kidsplay.lt\/lv\/wp-json\/wp\/v2\/product\/67474\/revisions\/73822"}],"wp:featuredmedia":[{"embeddable":true,"href":"https:\/\/kidsplay.lt\/lv\/wp-json\/wp\/v2\/media\/67475"}],"wp:attachment":[{"href":"https:\/\/kidsplay.lt\/lv\/wp-json\/wp\/v2\/media?parent=67474"}],"wp:term":[{"taxonomy":"product_brand","embeddable":true,"href":"https:\/\/kidsplay.lt\/lv\/wp-json\/wp\/v2\/product_brand?post=67474"},{"taxonomy":"product_cat","embeddable":true,"href":"https:\/\/kidsplay.lt\/lv\/wp-json\/wp\/v2\/product_cat?post=67474"},{"taxonomy":"product_tag","embeddable":true,"href":"https:\/\/kidsplay.lt\/lv\/wp-json\/wp\/v2\/product_tag?post=67474"}],"curies":[{"name":"wp","href":"https:\/\/api.w.org\/{rel}","templated":true}]}}