{"id":68624,"date":"2025-10-02T13:02:56","date_gmt":"2025-10-02T10:02:56","guid":{"rendered":"https:\/\/kidsplay.lt\/produktas\/woopie-vandens-stalas-smelio-deze-su-kede-2in1-2\/"},"modified":"2026-04-07T10:07:30","modified_gmt":"2026-04-07T07:07:30","slug":"woopie-vandens-stalas-smelio-deze-su-kede-2in1-2","status":"publish","type":"product","link":"https:\/\/kidsplay.lt\/lv\/products\/woopie-vandens-stalas-smelio-deze-su-kede-2in1-2\/","title":{"rendered":"WOOPIE \u016bdens galds - smil\u0161u kaste ar kr\u0113slu 2in1"},"content":{"rendered":"<p>\u201eWoopie\u00a02-in-1\u201c vandens staliukas su k\u0117de\u00a0yra\u00a0universalus vandens ir sm\u0117lio \u017eaidim\u0173 rinkinys, sukurtas atsi\u017evelgiant \u012f jauniausi\u0173 tyrin\u0117toj\u0173 poreikius. Jis puikiai tinka namams, balkonui, terasai, sodui ar papl\u016bdimiui. \u0160is \u017eaislas lavina k\u016brybi\u0161kum\u0105, vaizduot\u0119 ir rank\u0173 miklum\u0105, suteikdamas valand\u0173 valandas juoko ir mokymosi. D\u0117l pla\u010di\u0173 funkcij\u0173 ir tvirtos konstrukcijos \u0161is spalvingas rinkinys puikiai tinka tiek sodui, tiek vaik\u0173 kambariui. Pagamintas i\u0161 saugios, patvarios ir lengvai valomos med\u017eiagos be a\u0161tri\u0173 briaun\u0173, jis yra visi\u0161kai saugus ma\u017eyliams.\u00a0Trij\u0173 dali\u0173 stalo konstrukcija\u00a0leid\u017eia vaikams vienu metu eksperimentuoti su skirtingomis konstrukcijomis ir med\u017eiagomis \u2013 sm\u0117liu, vandeniu ir pridedamais priedais. Kiekvienas rinkinio elementas skirtas\u00a0skatinti vaik\u0173 vaizduot\u0119\u00a0\u2013 rasite mini ekskavatori\u0173, med\u017eio piltuv\u0105, vandens v\u0117duokl\u0119, sm\u0117lio formas, ma\u017e\u0105 valt\u012f, kastuvus ir daugyb\u0119 kit\u0173 spalving\u0173 pried\u0173. Tai leid\u017eia vaikams vaidinti scenas, kurti sm\u0117lio formas, pilti vanden\u012f, konstruoti ir eksperimentuoti \u2013 mokytis per \u017eaidim\u0105. Rinkinyje taip pat yra\u00a0spalvinga ir ergonomi\u0161ka k\u0117d\u0117\u00a0, u\u017etikrinanti komfort\u0105 \u017eaid\u017eiant. Vis\u0105 rinkin\u012f\u00a0lengva surinkti ir i\u0161ardyti\u00a0, tod\u0117l jis puikiai tinka tiek kasdieniam naudojimui, tiek kelion\u0117ms. \u017daislui nereikia joki\u0173 \u012franki\u0173 \u2013 viskas jungiasi intuityviai ir stabiliai.\u00a0\u00a0Stalas yra ne tik \u017eaidim\u0173 vieta, bet ir mokymosi priemon\u0117\u00a0\u2013 jis lavina motorinius \u012fg\u016bd\u017eius, aki\u0173 ir rank\u0173 koordinacij\u0105, rank\u0173 miklum\u0105, login\u012f m\u0105stym\u0105, taip pat bendravimo ir socialinius \u012fg\u016bd\u017eius, ypa\u010d \u017eaid\u017eiant su bendraam\u017eiais. Tai puikus \u017eaislas bendroms, d\u017eiaugsmingoms akimirkoms, kurios vienu metu lavina ir moko.<\/p>\n<p>Rakstur\u012bgs:<\/p>\n<p> \t&#8211; \u017daislas vaikams\u00a0nuo 3 met\u0173 am\u017eiaus<br \/>\n \t&#8211;\u00a0\u00a02 viename rinkinys,\u00a0\u00a0skirtas \u017eaisti ir su sm\u0117liu, ir su vandeniu<br \/>\n \t&#8211;\u00a0\u00a0Auk\u0161tos kokyb\u0117s, patvarios ir saugios med\u017eiagos be\u00a0a\u0161tri\u0173 briaun\u0173\u00a0<br \/>\n \t&#8211;\u00a0\u00a0Spalvingi aksesuarai\u00a0\u2013 pa\u012fvairinkite ir pl\u0117tokite linksmybes<br \/>\n \t\u2013\u00a0\u00a0Puikiai tinka individualiam ir grupiniam \u017eaidimui\u00a0\u2013 palaiko dalijim\u0105si ir bendravim\u0105<br \/>\n \t&#8211;\u00a0\u00a0Lengva valyti ir sulankstyti\u00a0&#8211; prakti\u0161ka t\u0117vams<br \/>\n \t&#8211;\u00a0\u00a0Puikiai tinka sodui, papl\u016bdimiui ir namams<\/p>\n<p>Komplekt\u0101 ietilpst:<\/p>\n<p> \t&#8211; 3 skyri\u0173 stalas<br \/>\n \t&#8211; Vaiki\u0161ka k\u0117dut\u0117<br \/>\n \t&#8211; Pe\u010diai (\u012fvairi\u0173 tip\u0173)<br \/>\n \t&#8211; Gr\u0117bliai<br \/>\n \t&#8211; Laistytuvas<br \/>\n \t&#8211; Kibiras<br \/>\n \t&#8211; Pel\u0117siai (krab\u0173, v\u0117\u017eli\u0173, \u017euv\u0173, krokodil\u0173)<br \/>\n \t&#8211; Sietas<br \/>\n \t&#8211; Ma\u017eas laivas<br \/>\n \t&#8211; Mini ekskavatorius<br \/>\n \t&#8211; Mini vandens v\u0117jo mal\u016bnas<br \/>\n \t&#8211; Piltuvo medis<br \/>\n \t&#8211; Kiti spalvingi sm\u0117lio ir vandens aksesuarai<\/p>\n<p>Rota\u013clieta att\u012bst\u0101s:<\/p>\n<p> \t&#8211; vaizduot\u0119 ir k\u016brybi\u0161kum\u0105<br \/>\n \t&#8211; socialiniai \u012fg\u016bd\u017eiai<br \/>\n \t&#8211; smulkiosios motorikos \u012fg\u016bd\u017eiai ir aki\u0173-rank\u0173 koordinacija<br \/>\n \t&#8211; kantryb\u0117 ir savaranki\u0161kumas<br \/>\n \t&#8211; sensorinis ir lyt\u0117jimo poj\u016btis<\/p>\n<p>Produkto matmenys:<\/p>\n<p> \tStalo matmenys: 61 x 61 x 38 (cm)<br \/>\n \tK\u0117d\u0117s matmenys: 21,5 x 21,5 x 20 (cm)<\/p>\n<p>Pakuot\u0117s matmenys:\u00a0\u00a020 x 38 x 48 (cm)<\/p>","protected":false},"excerpt":{"rendered":"<p>WOOPIE \u016bdens galds - smil\u0161u kaste ar kr\u0113slu 2in1<\/p>","protected":false},"featured_media":66174,"template":"","meta":{"_acf_changed":false,"_glsr_average":0,"_glsr_ranking":0,"_glsr_reviews":0},"product_brand":[],"product_cat":[395,229],"product_tag":[],"class_list":{"0":"post-68624","1":"product","2":"type-product","3":"status-publish","4":"has-post-thumbnail","6":"product_cat-vandens-ir-smelio-staliukai","7":"product_cat-zaislai-vaikams","8":"\"style=\"background-color: #2ecc711c;\"","10":"first","11":"instock","12":"sale","13":"purchasable","14":"product-type-simple"},"acf":[],"yoast_head":"<!-- This site is optimized with the Yoast SEO plugin v27.3 - https:\/\/yoast.com\/product\/yoast-seo-wordpress\/ -->\n<title>WOOPIE vandens stalas &#8211; sm\u0117lio d\u0117\u017e\u0117 su k\u0117de 2in1<\/title>\n<meta name=\"description\" content=\"WOOPIE vandens stalas &#8211; sm\u0117lio d\u0117\u017e\u0117 su k\u0117de 2in1\" \/>\n<meta name=\"robots\" content=\"index, follow, max-snippet:-1, max-image-preview:large, max-video-preview:-1\" \/>\n<link rel=\"canonical\" href=\"https:\/\/kidsplay.lt\/lv\/products\/woopie-vandens-stalas-smelio-deze-su-kede-2in1-2\/\" \/>\n<meta property=\"og:locale\" content=\"lv_LV\" \/>\n<meta property=\"og:type\" content=\"article\" \/>\n<meta property=\"og:title\" content=\"WOOPIE vandens stalas &#8211; sm\u0117lio d\u0117\u017e\u0117 su k\u0117de 2in1\" \/>\n<meta property=\"og:description\" content=\"WOOPIE vandens stalas &#8211; sm\u0117lio d\u0117\u017e\u0117 su k\u0117de 2in1\" \/>\n<meta property=\"og:url\" content=\"https:\/\/kidsplay.lt\/lv\/products\/woopie-vandens-stalas-smelio-deze-su-kede-2in1-2\/\" \/>\n<meta property=\"og:site_name\" content=\"KidsPlay\" \/>\n<meta property=\"article:publisher\" content=\"https:\/\/www.facebook.com\/www.kidsplay.lt\" \/>\n<meta property=\"article:modified_time\" content=\"2026-04-07T07:07:30+00:00\" \/>\n<meta property=\"og:image\" content=\"https:\/\/kidsplay.lt\/wp-content\/uploads\/2025\/09\/WOOPIE-vandens-stalas-8211-smelio-deze-su-kede-2in1.jpg\" \/>\n\t<meta property=\"og:image:width\" content=\"1000\" \/>\n\t<meta property=\"og:image:height\" content=\"1000\" \/>\n\t<meta property=\"og:image:type\" content=\"image\/jpeg\" \/>\n<meta name=\"twitter:card\" content=\"summary_large_image\" \/>\n<meta name=\"twitter:label1\" content=\"Est. reading time\" \/>\n\t<meta name=\"twitter:data1\" content=\"2 min\u016btes\" \/>\n<script type=\"application\/ld+json\" class=\"yoast-schema-graph\">{\"@context\":\"https:\\\/\\\/schema.org\",\"@graph\":[{\"@type\":\"WebPage\",\"@id\":\"https:\\\/\\\/kidsplay.lt\\\/produktas\\\/woopie-vandens-stalas-smelio-deze-su-kede-2in1-2\\\/\",\"url\":\"https:\\\/\\\/kidsplay.lt\\\/produktas\\\/woopie-vandens-stalas-smelio-deze-su-kede-2in1-2\\\/\",\"name\":\"WOOPIE vandens stalas &#8211; sm\u0117lio d\u0117\u017e\u0117 su k\u0117de 2in1\",\"isPartOf\":{\"@id\":\"https:\\\/\\\/kidsplay.lt\\\/#website\"},\"primaryImageOfPage\":{\"@id\":\"https:\\\/\\\/kidsplay.lt\\\/produktas\\\/woopie-vandens-stalas-smelio-deze-su-kede-2in1-2\\\/#primaryimage\"},\"image\":{\"@id\":\"https:\\\/\\\/kidsplay.lt\\\/produktas\\\/woopie-vandens-stalas-smelio-deze-su-kede-2in1-2\\\/#primaryimage\"},\"thumbnailUrl\":\"https:\\\/\\\/kidsplay.lt\\\/wp-content\\\/uploads\\\/2025\\\/09\\\/WOOPIE-vandens-stalas-8211-smelio-deze-su-kede-2in1.jpg\",\"datePublished\":\"2025-10-02T10:02:56+00:00\",\"dateModified\":\"2026-04-07T07:07:30+00:00\",\"description\":\"WOOPIE vandens stalas &#8211; sm\u0117lio d\u0117\u017e\u0117 su k\u0117de 2in1\",\"breadcrumb\":{\"@id\":\"https:\\\/\\\/kidsplay.lt\\\/produktas\\\/woopie-vandens-stalas-smelio-deze-su-kede-2in1-2\\\/#breadcrumb\"},\"inLanguage\":\"lv-LV\",\"potentialAction\":[{\"@type\":\"ReadAction\",\"target\":[\"https:\\\/\\\/kidsplay.lt\\\/produktas\\\/woopie-vandens-stalas-smelio-deze-su-kede-2in1-2\\\/\"]}]},{\"@type\":\"ImageObject\",\"inLanguage\":\"lv-LV\",\"@id\":\"https:\\\/\\\/kidsplay.lt\\\/produktas\\\/woopie-vandens-stalas-smelio-deze-su-kede-2in1-2\\\/#primaryimage\",\"url\":\"https:\\\/\\\/kidsplay.lt\\\/wp-content\\\/uploads\\\/2025\\\/09\\\/WOOPIE-vandens-stalas-8211-smelio-deze-su-kede-2in1.jpg\",\"contentUrl\":\"https:\\\/\\\/kidsplay.lt\\\/wp-content\\\/uploads\\\/2025\\\/09\\\/WOOPIE-vandens-stalas-8211-smelio-deze-su-kede-2in1.jpg\",\"width\":1000,\"height\":1000,\"caption\":\"WOOPIE vandens stalas &#8211; sm\u0117lio d\u0117\u017e\u0117 su k\u0117de 2in1\"},{\"@type\":\"BreadcrumbList\",\"@id\":\"https:\\\/\\\/kidsplay.lt\\\/produktas\\\/woopie-vandens-stalas-smelio-deze-su-kede-2in1-2\\\/#breadcrumb\",\"itemListElement\":[{\"@type\":\"ListItem\",\"position\":1,\"name\":\"Pagrindinis\",\"item\":\"https:\\\/\\\/kidsplay.lt\\\/\"},{\"@type\":\"ListItem\",\"position\":2,\"name\":\"Parduotuv\u0117\",\"item\":\"https:\\\/\\\/kidsplay.lt\\\/parduotuve\\\/\"},{\"@type\":\"ListItem\",\"position\":3,\"name\":\"WOOPIE vandens stalas &#8211; sm\u0117lio d\u0117\u017e\u0117 su k\u0117de 2in1\"}]},{\"@type\":\"WebSite\",\"@id\":\"https:\\\/\\\/kidsplay.lt\\\/#website\",\"url\":\"https:\\\/\\\/kidsplay.lt\\\/\",\"name\":\"Kidsplay.lt\",\"description\":\"\u012evairios prek\u0117s vaikams\",\"publisher\":{\"@id\":\"https:\\\/\\\/kidsplay.lt\\\/#organization\"},\"alternateName\":\"Kidsplay\",\"potentialAction\":[{\"@type\":\"SearchAction\",\"target\":{\"@type\":\"EntryPoint\",\"urlTemplate\":\"https:\\\/\\\/kidsplay.lt\\\/?s={search_term_string}\"},\"query-input\":{\"@type\":\"PropertyValueSpecification\",\"valueRequired\":true,\"valueName\":\"search_term_string\"}}],\"inLanguage\":\"lv-LV\"},{\"@type\":\"Organization\",\"@id\":\"https:\\\/\\\/kidsplay.lt\\\/#organization\",\"name\":\"KidsPlay\",\"url\":\"https:\\\/\\\/kidsplay.lt\\\/\",\"logo\":{\"@type\":\"ImageObject\",\"inLanguage\":\"lv-LV\",\"@id\":\"https:\\\/\\\/kidsplay.lt\\\/#\\\/schema\\\/logo\\\/image\\\/\",\"url\":\"https:\\\/\\\/kidsplay.lt\\\/wp-content\\\/uploads\\\/2023\\\/07\\\/kidsplay-logo.png\",\"contentUrl\":\"https:\\\/\\\/kidsplay.lt\\\/wp-content\\\/uploads\\\/2023\\\/07\\\/kidsplay-logo.png\",\"width\":451,\"height\":98,\"caption\":\"KidsPlay\"},\"image\":{\"@id\":\"https:\\\/\\\/kidsplay.lt\\\/#\\\/schema\\\/logo\\\/image\\\/\"},\"sameAs\":[\"https:\\\/\\\/www.facebook.com\\\/www.kidsplay.lt\"]}]}<\/script>\n<!-- \/ Yoast SEO plugin. -->","yoast_head_json":{"title":"WOOPIE \u016bdens galds - smil\u0161u kaste ar kr\u0113slu 2in1","description":"WOOPIE \u016bdens galds - smil\u0161u kaste ar kr\u0113slu 2in1","robots":{"index":"index","follow":"follow","max-snippet":"max-snippet:-1","max-image-preview":"max-image-preview:large","max-video-preview":"max-video-preview:-1"},"canonical":"https:\/\/kidsplay.lt\/lv\/products\/woopie-vandens-stalas-smelio-deze-su-kede-2in1-2\/","og_locale":"lv_LV","og_type":"article","og_title":"WOOPIE vandens stalas &#8211; sm\u0117lio d\u0117\u017e\u0117 su k\u0117de 2in1","og_description":"WOOPIE vandens stalas &#8211; sm\u0117lio d\u0117\u017e\u0117 su k\u0117de 2in1","og_url":"https:\/\/kidsplay.lt\/lv\/products\/woopie-vandens-stalas-smelio-deze-su-kede-2in1-2\/","og_site_name":"KidsPlay","article_publisher":"https:\/\/www.facebook.com\/www.kidsplay.lt","article_modified_time":"2026-04-07T07:07:30+00:00","og_image":[{"width":1000,"height":1000,"url":"https:\/\/kidsplay.lt\/wp-content\/uploads\/2025\/09\/WOOPIE-vandens-stalas-8211-smelio-deze-su-kede-2in1.jpg","type":"image\/jpeg"}],"twitter_card":"summary_large_image","twitter_misc":{"Est. reading time":"2 min\u016btes"},"schema":{"@context":"https:\/\/schema.org","@graph":[{"@type":"WebPage","@id":"https:\/\/kidsplay.lt\/produktas\/woopie-vandens-stalas-smelio-deze-su-kede-2in1-2\/","url":"https:\/\/kidsplay.lt\/produktas\/woopie-vandens-stalas-smelio-deze-su-kede-2in1-2\/","name":"WOOPIE \u016bdens galds - smil\u0161u kaste ar kr\u0113slu 2in1","isPartOf":{"@id":"https:\/\/kidsplay.lt\/#website"},"primaryImageOfPage":{"@id":"https:\/\/kidsplay.lt\/produktas\/woopie-vandens-stalas-smelio-deze-su-kede-2in1-2\/#primaryimage"},"image":{"@id":"https:\/\/kidsplay.lt\/produktas\/woopie-vandens-stalas-smelio-deze-su-kede-2in1-2\/#primaryimage"},"thumbnailUrl":"https:\/\/kidsplay.lt\/wp-content\/uploads\/2025\/09\/WOOPIE-vandens-stalas-8211-smelio-deze-su-kede-2in1.jpg","datePublished":"2025-10-02T10:02:56+00:00","dateModified":"2026-04-07T07:07:30+00:00","description":"WOOPIE \u016bdens galds - smil\u0161u kaste ar kr\u0113slu 2in1","breadcrumb":{"@id":"https:\/\/kidsplay.lt\/produktas\/woopie-vandens-stalas-smelio-deze-su-kede-2in1-2\/#breadcrumb"},"inLanguage":"lv-LV","potentialAction":[{"@type":"ReadAction","target":["https:\/\/kidsplay.lt\/produktas\/woopie-vandens-stalas-smelio-deze-su-kede-2in1-2\/"]}]},{"@type":"ImageObject","inLanguage":"lv-LV","@id":"https:\/\/kidsplay.lt\/produktas\/woopie-vandens-stalas-smelio-deze-su-kede-2in1-2\/#primaryimage","url":"https:\/\/kidsplay.lt\/wp-content\/uploads\/2025\/09\/WOOPIE-vandens-stalas-8211-smelio-deze-su-kede-2in1.jpg","contentUrl":"https:\/\/kidsplay.lt\/wp-content\/uploads\/2025\/09\/WOOPIE-vandens-stalas-8211-smelio-deze-su-kede-2in1.jpg","width":1000,"height":1000,"caption":"WOOPIE vandens stalas &#8211; sm\u0117lio d\u0117\u017e\u0117 su k\u0117de 2in1"},{"@type":"BreadcrumbList","@id":"https:\/\/kidsplay.lt\/produktas\/woopie-vandens-stalas-smelio-deze-su-kede-2in1-2\/#breadcrumb","itemListElement":[{"@type":"ListItem","position":1,"name":"Pagrindinis","item":"https:\/\/kidsplay.lt\/"},{"@type":"ListItem","position":2,"name":"Parduotuv\u0117","item":"https:\/\/kidsplay.lt\/parduotuve\/"},{"@type":"ListItem","position":3,"name":"WOOPIE vandens stalas &#8211; sm\u0117lio d\u0117\u017e\u0117 su k\u0117de 2in1"}]},{"@type":"WebSite","@id":"https:\/\/kidsplay.lt\/#website","url":"https:\/\/kidsplay.lt\/","name":"B\u0113rnu sp\u0113les.lv","description":"\u012evairios prek\u0117s vaikams","publisher":{"@id":"https:\/\/kidsplay.lt\/#organization"},"alternateName":"Kidsplay","potentialAction":[{"@type":"SearchAction","target":{"@type":"EntryPoint","urlTemplate":"https:\/\/kidsplay.lt\/?s={search_term_string}"},"query-input":{"@type":"PropertyValueSpecification","valueRequired":true,"valueName":"search_term_string"}}],"inLanguage":"lv-LV"},{"@type":"Organization","@id":"https:\/\/kidsplay.lt\/#organization","name":"B\u0113rnu sp\u0113le","url":"https:\/\/kidsplay.lt\/","logo":{"@type":"ImageObject","inLanguage":"lv-LV","@id":"https:\/\/kidsplay.lt\/#\/schema\/logo\/image\/","url":"https:\/\/kidsplay.lt\/wp-content\/uploads\/2023\/07\/kidsplay-logo.png","contentUrl":"https:\/\/kidsplay.lt\/wp-content\/uploads\/2023\/07\/kidsplay-logo.png","width":451,"height":98,"caption":"KidsPlay"},"image":{"@id":"https:\/\/kidsplay.lt\/#\/schema\/logo\/image\/"},"sameAs":["https:\/\/www.facebook.com\/www.kidsplay.lt"]}]}},"_links":{"self":[{"href":"https:\/\/kidsplay.lt\/lv\/wp-json\/wp\/v2\/product\/68624","targetHints":{"allow":["GET"]}}],"collection":[{"href":"https:\/\/kidsplay.lt\/lv\/wp-json\/wp\/v2\/product"}],"about":[{"href":"https:\/\/kidsplay.lt\/lv\/wp-json\/wp\/v2\/types\/product"}],"version-history":[{"count":2,"href":"https:\/\/kidsplay.lt\/lv\/wp-json\/wp\/v2\/product\/68624\/revisions"}],"predecessor-version":[{"id":73797,"href":"https:\/\/kidsplay.lt\/lv\/wp-json\/wp\/v2\/product\/68624\/revisions\/73797"}],"wp:featuredmedia":[{"embeddable":true,"href":"https:\/\/kidsplay.lt\/lv\/wp-json\/wp\/v2\/media\/66174"}],"wp:attachment":[{"href":"https:\/\/kidsplay.lt\/lv\/wp-json\/wp\/v2\/media?parent=68624"}],"wp:term":[{"taxonomy":"product_brand","embeddable":true,"href":"https:\/\/kidsplay.lt\/lv\/wp-json\/wp\/v2\/product_brand?post=68624"},{"taxonomy":"product_cat","embeddable":true,"href":"https:\/\/kidsplay.lt\/lv\/wp-json\/wp\/v2\/product_cat?post=68624"},{"taxonomy":"product_tag","embeddable":true,"href":"https:\/\/kidsplay.lt\/lv\/wp-json\/wp\/v2\/product_tag?post=68624"}],"curies":[{"name":"wp","href":"https:\/\/api.w.org\/{rel}","templated":true}]}}