{"id":68634,"date":"2025-10-02T13:03:28","date_gmt":"2025-10-02T10:03:28","guid":{"rendered":"https:\/\/kidsplay.lt\/produktas\/woopie-interaktyvus-edukacinis-medis-2\/"},"modified":"2026-04-07T10:08:01","modified_gmt":"2026-04-07T07:08:01","slug":"woopie-interaktyvus-edukacinis-medis-2","status":"publish","type":"product","link":"https:\/\/kidsplay.lt\/lv\/products\/woopie-interaktyvus-edukacinis-medis-2\/","title":{"rendered":"WOOPIE interaktyvus edukacinis medis"},"content":{"rendered":"<p>\u0160is unikalus\u00a0interaktyvus\u00a0mokymosi\u00a0\u00a0medis\u00a0i\u0161\u00a0\u00a0\u201eWoopie\u201c\u00a0\u00a0taps m\u0117gstamiausiu j\u016bs\u0173 vaiko \u017eaislu. \u0160is spalvingas \u017eaidim\u0173\u00a0centras\u00a0\u00a0apjungia muzikinius, sensorinius ir loginius elementus, skatindamas\u00a0smulkiosios motorikos, aki\u0173 ir rank\u0173 koordinacijos\u00a0bei\u00a0ankstyv\u0173j\u0173 kognityvini\u0173 \u012fg\u016bd\u017ei\u0173\u00a0vystym\u0105si . Tur\u0117damas 14 skirting\u0173 funkcij\u0173, \u017eaislas suteikia ilgalaik\u0119 pramog\u0105 ir skatina mokym\u0105si per aktyv\u0173 \u017eaidim\u0105. Medis pasi\u017eymi \u012fvairiais interaktyviais elementais \u2013 nuo\u00a0\u200b\u200bgrojan\u010dio pianino\u00a0ir\u00a0\u0161vie\u010dian\u010dio b\u016bgno\u00a0iki\u00a0kamuoliuk\u0173 takelio\u00a0,\u00a0kamuoliukus paleid\u017eian\u010dios be\u017ed\u017eion\u0117l\u0117s\u00a0ir spalving\u0173 skai\u010diavimo karoliuk\u0173. Kiekviena funkcija sukurta galvojant apie saug\u0173 ir lavinant\u012f \u017eaidim\u0105. Funkcij\u0173 ir judan\u010di\u0173 dali\u0173 skai\u010dius yra mil\u017eini\u0161kas, o j\u0173 atradimas suteiks j\u016bs\u0173 vaikui daug d\u017eiaugsmo.<\/p>\n<p>Rakstur\u012bgs:<\/p>\n<p> \t&#8211; \u017daislas vaikams\u00a0\u00a0nuo 18 m\u0117nesi\u0173 am\u017eiaus<br \/>\n \t&#8211;\u00a0\u00a0Drugelis su kalbos funkcija\u00a0\u2013 pasuk\u0119s sparnus, drugelis angli\u0161kai i\u0161taria \u017eod\u012f \u201edrugelis\u201c, kuris leid\u017eia vaikui i\u0161mokti pirmuosius \u017eod\u017eius u\u017esienio kalba<br \/>\n \t&#8211;\u00a0\u00a0Spalvingas pianinas\u00a0\u2013 8 klavi\u0161ai su skirtingais garsais ir gyv\u016bn\u0173 pavadinimais angl\u0173 kalba.<br \/>\n \t&#8211;\u00a0\u00a0LED b\u016bgnas\u00a0\u2013 (maitinamas 3 AA baterijomis &#8211; ne\u012fskai\u010diuotos) \u0161viesos ir garso efektas, reaguojantis \u012f vaiko prisilietim\u0105<br \/>\n \t&#8211;\u00a0\u00a0Marmurinis takelis\u00a0\u2013 paspaudus be\u017ed\u017eion\u0117s mygtuk\u0105, spalvingi kamuoliukai krenta spirale. Pridedami du kamuoliukai.<br \/>\n \t&#8211;\u00a0\u00a0Be\u017ed\u017eion\u0117 \u2013 kamuoliuko aktyvatorius\u00a0\u2013 vaikas paspaud\u017eia be\u017ed\u017eion\u0117s galv\u0105, kuri aktyvuoja kamuoliuk\u0173 jud\u0117jim\u0105<br \/>\n \t&#8211;\u00a0\u00a0Besisukan\u010dios pavaros\u00a0\u2013 tarpusavyje sujungtos, spalvingos pavaros, kurias galima pajudinti<br \/>\n \t&#8211;\u00a0\u00a0Labirintas \u2013 skai\u010di\u0173 medis\u00a0\u2013 spalvingas labirintas su karoliukais ir skai\u010di\u0173 sustojimais<br \/>\n \t&#8211;\u00a0\u00a0Besisukantis stovas su reketu<br \/>\n \t&#8211;\u00a0\u00a0Besisukantys sensoriniai elementai\u00a0\u2013 skirtingos formos, kurias galima sukti ir jud\u0117ti\u00a0<br \/>\n \t&#8211;\u00a0\u00a0Integruotas jungiklis ir re\u017eimo keitimas\u00a0\u2013 lengvas gars\u0173 ir \u0161vies\u0173 valdymas<br \/>\n \t&#8211;\u00a0\u00a0Karoliuk\u0173 skai\u010diavimas<br \/>\n \t&#8211;\u00a0\u00a0Saugi med\u017eiaga\u00a0\u2013 pagaminta i\u0161 auk\u0161tos kokyb\u0117s, netoksi\u0161k\u0173 med\u017eiag\u0173, lengvai valoma ir\u00a0atspari intensyviam \u017eaidimui<\/p>\n<p>Rota\u013clieta att\u012bst\u0101s:<\/p>\n<p> \t&#8211; Smulk\u016bs motoriniai \u012fg\u016bd\u017eiai\u00a0<br \/>\n \t&#8211; Aki\u0173 ir rank\u0173 koordinacija<br \/>\n \t&#8211; Koncentracija ir loginis m\u0105stymas<br \/>\n \t&#8211; Spalv\u0173, form\u0173, skai\u010di\u0173 atpa\u017einimas<br \/>\n \t&#8211; Muzikinis ir klausos jautrumas<br \/>\n \t&#8211; Angl\u0173 kalbos mokymasis\u00a0<br \/>\n \t&#8211; Prie\u017easties ir pasekm\u0117s \u012fg\u016bd\u017eiai\u00a0<\/p>\n<p>Gaminio matmenys:\u00a0\u00a024 x 24 x 28,5 (cm)<\/p>\n<p>Pakuot\u0117s matmenys:\u00a0\u00a026 x 26 x 29 (cm)<\/p>","protected":false},"excerpt":{"rendered":"<p>WOOPIE interaktyvus edukacinis medis<\/p>","protected":false},"featured_media":66199,"template":"","meta":{"_acf_changed":false,"_glsr_average":0,"_glsr_ranking":0,"_glsr_reviews":0},"product_brand":[],"product_cat":[396,229],"product_tag":[],"class_list":{"0":"post-68634","1":"product","2":"type-product","3":"status-publish","4":"has-post-thumbnail","6":"product_cat-kudikiu-zaislai-vaikams2","7":"product_cat-zaislai-vaikams","8":"\"style=\"background-color: #2ecc711c;\"","10":"first","11":"instock","12":"sale","13":"purchasable","14":"product-type-simple"},"acf":[],"yoast_head":"<!-- This site is optimized with the Yoast SEO plugin v27.3 - https:\/\/yoast.com\/product\/yoast-seo-wordpress\/ -->\n<title>WOOPIE interaktyvus edukacinis medis<\/title>\n<meta name=\"description\" content=\"WOOPIE interaktyvus edukacinis medis\" \/>\n<meta name=\"robots\" content=\"index, follow, max-snippet:-1, max-image-preview:large, max-video-preview:-1\" \/>\n<link rel=\"canonical\" href=\"https:\/\/kidsplay.lt\/lv\/products\/woopie-interaktyvus-edukacinis-medis-2\/\" \/>\n<meta property=\"og:locale\" content=\"lv_LV\" \/>\n<meta property=\"og:type\" content=\"article\" \/>\n<meta property=\"og:title\" content=\"WOOPIE interaktyvus edukacinis medis\" \/>\n<meta property=\"og:description\" content=\"WOOPIE interaktyvus edukacinis medis\" \/>\n<meta property=\"og:url\" content=\"https:\/\/kidsplay.lt\/lv\/products\/woopie-interaktyvus-edukacinis-medis-2\/\" \/>\n<meta property=\"og:site_name\" content=\"KidsPlay\" \/>\n<meta property=\"article:publisher\" content=\"https:\/\/www.facebook.com\/www.kidsplay.lt\" \/>\n<meta property=\"article:modified_time\" content=\"2026-04-07T07:08:01+00:00\" \/>\n<meta property=\"og:image\" content=\"https:\/\/kidsplay.lt\/wp-content\/uploads\/2025\/09\/WOOPIE-interaktyvus-edukacinis-medis.jpg\" \/>\n\t<meta property=\"og:image:width\" content=\"1000\" \/>\n\t<meta property=\"og:image:height\" content=\"1000\" \/>\n\t<meta property=\"og:image:type\" content=\"image\/jpeg\" \/>\n<meta name=\"twitter:card\" content=\"summary_large_image\" \/>\n<meta name=\"twitter:label1\" content=\"Est. reading time\" \/>\n\t<meta name=\"twitter:data1\" content=\"2 min\u016btes\" \/>\n<script type=\"application\/ld+json\" class=\"yoast-schema-graph\">{\"@context\":\"https:\\\/\\\/schema.org\",\"@graph\":[{\"@type\":\"WebPage\",\"@id\":\"https:\\\/\\\/kidsplay.lt\\\/produktas\\\/woopie-interaktyvus-edukacinis-medis-2\\\/\",\"url\":\"https:\\\/\\\/kidsplay.lt\\\/produktas\\\/woopie-interaktyvus-edukacinis-medis-2\\\/\",\"name\":\"WOOPIE interaktyvus edukacinis medis\",\"isPartOf\":{\"@id\":\"https:\\\/\\\/kidsplay.lt\\\/#website\"},\"primaryImageOfPage\":{\"@id\":\"https:\\\/\\\/kidsplay.lt\\\/produktas\\\/woopie-interaktyvus-edukacinis-medis-2\\\/#primaryimage\"},\"image\":{\"@id\":\"https:\\\/\\\/kidsplay.lt\\\/produktas\\\/woopie-interaktyvus-edukacinis-medis-2\\\/#primaryimage\"},\"thumbnailUrl\":\"https:\\\/\\\/kidsplay.lt\\\/wp-content\\\/uploads\\\/2025\\\/09\\\/WOOPIE-interaktyvus-edukacinis-medis.jpg\",\"datePublished\":\"2025-10-02T10:03:28+00:00\",\"dateModified\":\"2026-04-07T07:08:01+00:00\",\"description\":\"WOOPIE interaktyvus edukacinis medis\",\"breadcrumb\":{\"@id\":\"https:\\\/\\\/kidsplay.lt\\\/produktas\\\/woopie-interaktyvus-edukacinis-medis-2\\\/#breadcrumb\"},\"inLanguage\":\"lv-LV\",\"potentialAction\":[{\"@type\":\"ReadAction\",\"target\":[\"https:\\\/\\\/kidsplay.lt\\\/produktas\\\/woopie-interaktyvus-edukacinis-medis-2\\\/\"]}]},{\"@type\":\"ImageObject\",\"inLanguage\":\"lv-LV\",\"@id\":\"https:\\\/\\\/kidsplay.lt\\\/produktas\\\/woopie-interaktyvus-edukacinis-medis-2\\\/#primaryimage\",\"url\":\"https:\\\/\\\/kidsplay.lt\\\/wp-content\\\/uploads\\\/2025\\\/09\\\/WOOPIE-interaktyvus-edukacinis-medis.jpg\",\"contentUrl\":\"https:\\\/\\\/kidsplay.lt\\\/wp-content\\\/uploads\\\/2025\\\/09\\\/WOOPIE-interaktyvus-edukacinis-medis.jpg\",\"width\":1000,\"height\":1000,\"caption\":\"WOOPIE interaktyvus edukacinis medis\"},{\"@type\":\"BreadcrumbList\",\"@id\":\"https:\\\/\\\/kidsplay.lt\\\/produktas\\\/woopie-interaktyvus-edukacinis-medis-2\\\/#breadcrumb\",\"itemListElement\":[{\"@type\":\"ListItem\",\"position\":1,\"name\":\"Pagrindinis\",\"item\":\"https:\\\/\\\/kidsplay.lt\\\/\"},{\"@type\":\"ListItem\",\"position\":2,\"name\":\"Parduotuv\u0117\",\"item\":\"https:\\\/\\\/kidsplay.lt\\\/parduotuve\\\/\"},{\"@type\":\"ListItem\",\"position\":3,\"name\":\"WOOPIE interaktyvus edukacinis medis\"}]},{\"@type\":\"WebSite\",\"@id\":\"https:\\\/\\\/kidsplay.lt\\\/#website\",\"url\":\"https:\\\/\\\/kidsplay.lt\\\/\",\"name\":\"Kidsplay.lt\",\"description\":\"\u012evairios prek\u0117s vaikams\",\"publisher\":{\"@id\":\"https:\\\/\\\/kidsplay.lt\\\/#organization\"},\"alternateName\":\"Kidsplay\",\"potentialAction\":[{\"@type\":\"SearchAction\",\"target\":{\"@type\":\"EntryPoint\",\"urlTemplate\":\"https:\\\/\\\/kidsplay.lt\\\/?s={search_term_string}\"},\"query-input\":{\"@type\":\"PropertyValueSpecification\",\"valueRequired\":true,\"valueName\":\"search_term_string\"}}],\"inLanguage\":\"lv-LV\"},{\"@type\":\"Organization\",\"@id\":\"https:\\\/\\\/kidsplay.lt\\\/#organization\",\"name\":\"KidsPlay\",\"url\":\"https:\\\/\\\/kidsplay.lt\\\/\",\"logo\":{\"@type\":\"ImageObject\",\"inLanguage\":\"lv-LV\",\"@id\":\"https:\\\/\\\/kidsplay.lt\\\/#\\\/schema\\\/logo\\\/image\\\/\",\"url\":\"https:\\\/\\\/kidsplay.lt\\\/wp-content\\\/uploads\\\/2023\\\/07\\\/kidsplay-logo.png\",\"contentUrl\":\"https:\\\/\\\/kidsplay.lt\\\/wp-content\\\/uploads\\\/2023\\\/07\\\/kidsplay-logo.png\",\"width\":451,\"height\":98,\"caption\":\"KidsPlay\"},\"image\":{\"@id\":\"https:\\\/\\\/kidsplay.lt\\\/#\\\/schema\\\/logo\\\/image\\\/\"},\"sameAs\":[\"https:\\\/\\\/www.facebook.com\\\/www.kidsplay.lt\"]}]}<\/script>\n<!-- \/ Yoast SEO plugin. -->","yoast_head_json":{"title":"WOOPIE interaktyvus edukacinis medis","description":"WOOPIE interaktyvus edukacinis medis","robots":{"index":"index","follow":"follow","max-snippet":"max-snippet:-1","max-image-preview":"max-image-preview:large","max-video-preview":"max-video-preview:-1"},"canonical":"https:\/\/kidsplay.lt\/lv\/products\/woopie-interaktyvus-edukacinis-medis-2\/","og_locale":"lv_LV","og_type":"article","og_title":"WOOPIE interaktyvus edukacinis medis","og_description":"WOOPIE interaktyvus edukacinis medis","og_url":"https:\/\/kidsplay.lt\/lv\/products\/woopie-interaktyvus-edukacinis-medis-2\/","og_site_name":"KidsPlay","article_publisher":"https:\/\/www.facebook.com\/www.kidsplay.lt","article_modified_time":"2026-04-07T07:08:01+00:00","og_image":[{"width":1000,"height":1000,"url":"https:\/\/kidsplay.lt\/wp-content\/uploads\/2025\/09\/WOOPIE-interaktyvus-edukacinis-medis.jpg","type":"image\/jpeg"}],"twitter_card":"summary_large_image","twitter_misc":{"Est. reading time":"2 min\u016btes"},"schema":{"@context":"https:\/\/schema.org","@graph":[{"@type":"WebPage","@id":"https:\/\/kidsplay.lt\/produktas\/woopie-interaktyvus-edukacinis-medis-2\/","url":"https:\/\/kidsplay.lt\/produktas\/woopie-interaktyvus-edukacinis-medis-2\/","name":"WOOPIE interaktyvus edukacinis medis","isPartOf":{"@id":"https:\/\/kidsplay.lt\/#website"},"primaryImageOfPage":{"@id":"https:\/\/kidsplay.lt\/produktas\/woopie-interaktyvus-edukacinis-medis-2\/#primaryimage"},"image":{"@id":"https:\/\/kidsplay.lt\/produktas\/woopie-interaktyvus-edukacinis-medis-2\/#primaryimage"},"thumbnailUrl":"https:\/\/kidsplay.lt\/wp-content\/uploads\/2025\/09\/WOOPIE-interaktyvus-edukacinis-medis.jpg","datePublished":"2025-10-02T10:03:28+00:00","dateModified":"2026-04-07T07:08:01+00:00","description":"WOOPIE interaktyvus edukacinis medis","breadcrumb":{"@id":"https:\/\/kidsplay.lt\/produktas\/woopie-interaktyvus-edukacinis-medis-2\/#breadcrumb"},"inLanguage":"lv-LV","potentialAction":[{"@type":"ReadAction","target":["https:\/\/kidsplay.lt\/produktas\/woopie-interaktyvus-edukacinis-medis-2\/"]}]},{"@type":"ImageObject","inLanguage":"lv-LV","@id":"https:\/\/kidsplay.lt\/produktas\/woopie-interaktyvus-edukacinis-medis-2\/#primaryimage","url":"https:\/\/kidsplay.lt\/wp-content\/uploads\/2025\/09\/WOOPIE-interaktyvus-edukacinis-medis.jpg","contentUrl":"https:\/\/kidsplay.lt\/wp-content\/uploads\/2025\/09\/WOOPIE-interaktyvus-edukacinis-medis.jpg","width":1000,"height":1000,"caption":"WOOPIE interaktyvus edukacinis medis"},{"@type":"BreadcrumbList","@id":"https:\/\/kidsplay.lt\/produktas\/woopie-interaktyvus-edukacinis-medis-2\/#breadcrumb","itemListElement":[{"@type":"ListItem","position":1,"name":"Pagrindinis","item":"https:\/\/kidsplay.lt\/"},{"@type":"ListItem","position":2,"name":"Parduotuv\u0117","item":"https:\/\/kidsplay.lt\/parduotuve\/"},{"@type":"ListItem","position":3,"name":"WOOPIE interaktyvus edukacinis medis"}]},{"@type":"WebSite","@id":"https:\/\/kidsplay.lt\/#website","url":"https:\/\/kidsplay.lt\/","name":"B\u0113rnu sp\u0113les.lv","description":"\u012evairios prek\u0117s vaikams","publisher":{"@id":"https:\/\/kidsplay.lt\/#organization"},"alternateName":"Kidsplay","potentialAction":[{"@type":"SearchAction","target":{"@type":"EntryPoint","urlTemplate":"https:\/\/kidsplay.lt\/?s={search_term_string}"},"query-input":{"@type":"PropertyValueSpecification","valueRequired":true,"valueName":"search_term_string"}}],"inLanguage":"lv-LV"},{"@type":"Organization","@id":"https:\/\/kidsplay.lt\/#organization","name":"B\u0113rnu sp\u0113le","url":"https:\/\/kidsplay.lt\/","logo":{"@type":"ImageObject","inLanguage":"lv-LV","@id":"https:\/\/kidsplay.lt\/#\/schema\/logo\/image\/","url":"https:\/\/kidsplay.lt\/wp-content\/uploads\/2023\/07\/kidsplay-logo.png","contentUrl":"https:\/\/kidsplay.lt\/wp-content\/uploads\/2023\/07\/kidsplay-logo.png","width":451,"height":98,"caption":"KidsPlay"},"image":{"@id":"https:\/\/kidsplay.lt\/#\/schema\/logo\/image\/"},"sameAs":["https:\/\/www.facebook.com\/www.kidsplay.lt"]}]}},"_links":{"self":[{"href":"https:\/\/kidsplay.lt\/lv\/wp-json\/wp\/v2\/product\/68634","targetHints":{"allow":["GET"]}}],"collection":[{"href":"https:\/\/kidsplay.lt\/lv\/wp-json\/wp\/v2\/product"}],"about":[{"href":"https:\/\/kidsplay.lt\/lv\/wp-json\/wp\/v2\/types\/product"}],"version-history":[{"count":2,"href":"https:\/\/kidsplay.lt\/lv\/wp-json\/wp\/v2\/product\/68634\/revisions"}],"predecessor-version":[{"id":73792,"href":"https:\/\/kidsplay.lt\/lv\/wp-json\/wp\/v2\/product\/68634\/revisions\/73792"}],"wp:featuredmedia":[{"embeddable":true,"href":"https:\/\/kidsplay.lt\/lv\/wp-json\/wp\/v2\/media\/66199"}],"wp:attachment":[{"href":"https:\/\/kidsplay.lt\/lv\/wp-json\/wp\/v2\/media?parent=68634"}],"wp:term":[{"taxonomy":"product_brand","embeddable":true,"href":"https:\/\/kidsplay.lt\/lv\/wp-json\/wp\/v2\/product_brand?post=68634"},{"taxonomy":"product_cat","embeddable":true,"href":"https:\/\/kidsplay.lt\/lv\/wp-json\/wp\/v2\/product_cat?post=68634"},{"taxonomy":"product_tag","embeddable":true,"href":"https:\/\/kidsplay.lt\/lv\/wp-json\/wp\/v2\/product_tag?post=68634"}],"curies":[{"name":"wp","href":"https:\/\/api.w.org\/{rel}","templated":true}]}}