{"id":68642,"date":"2025-10-02T13:04:02","date_gmt":"2025-10-02T10:04:02","guid":{"rendered":"https:\/\/kidsplay.lt\/produktas\/injusa-vaikiskas-dviratis-stumiklis-2\/"},"modified":"2026-03-04T17:30:11","modified_gmt":"2026-03-04T15:30:11","slug":"injusa-vaikiskas-dviratis-stumiklis-2","status":"publish","type":"product","link":"https:\/\/kidsplay.lt\/lv\/products\/injusa-vaikiskas-dviratis-stumiklis-2\/","title":{"rendered":"INJUSA vaiki\u0161kas dviratis-st\u016bmiklis"},"content":{"rendered":"<p>Patirkite lenktyni\u0173 jaudul\u012f savo kieme!\u00a0\u201eKawasaki Ninja\u00a0Ride-On\u201c\u00a0\u2013 puikus pirmasis motociklas ma\u017eyliui, kuris m\u0117gsta aktyvius \u017eaidimus. Jo realisti\u0161kas dizainas, \u012fkv\u0117ptas tikro \u201eKawasaki\u201c motociklo, traukia d\u0117mes\u012f ir leid\u017eia j\u016bs\u0173 vaikui pasijusti ma\u017eu lenktynininku. Stabili konstrukcija u\u017etikrina saugum\u0105, o lengvi, plat\u016bs ratai leid\u017eia lengvai va\u017eiuoti. Tai puiki\u0173 pramog\u0173 ir motorikos lavinimo derinys!<\/p>\n<p>B\u016bdingas<\/p>\n<p> \t&#8211; Oficialiai licencijuotas\u00a0\u201eKawasaki Ninja\u201c<br \/>\n \t&#8211; Sporti\u0161ka i\u0161vaizda, \u012fkv\u0117pta tikro motociklo<br \/>\n \t&#8211; Ergonomi\u0161ka s\u0117dyn\u0117 vairavimo patogumui<br \/>\n \t&#8211; Tvirti ir plat\u016bs ratai u\u017etikrina stabilum\u0105<br \/>\n \t&#8211; Pagaminta i\u0161 auk\u0161tos kokyb\u0117s, patvarios med\u017eiagos<br \/>\n \t&#8211; Lengvas dizainas \u2013 patogu ne\u0161iotis ir naudoti<br \/>\n \t&#8211; Tinka vaikams nuo ma\u017edaug 18 m\u0117nesi\u0173 am\u017eiaus<\/p>\n<p>\u017daislas vystosi.<\/p>\n<p> \t&#8211; Motorikos koordinacija ir pusiausvyra<br \/>\n \t&#8211; Fizinis pasirengimas ir koj\u0173 raumen\u0173 j\u0117ga<br \/>\n \t&#8211; Vaiko savaranki\u0161kumas ir pasitik\u0117jimas savimi<br \/>\n \t&#8211; Vaizduot\u0117 \u2013 \u017eaid\u017eiant ma\u017e\u0105j\u012f motociklinink\u0105<br \/>\n \t&#8211; Motoriniai \u012fg\u016bd\u017eiai ir pasiruo\u0161imas va\u017eiavimui dvira\u010diu<\/p>","protected":false},"excerpt":{"rendered":"<p>INJUSA vaiki\u0161kas dviratis-st\u016bmiklis<\/p>","protected":false},"featured_media":66224,"template":"","meta":{"_acf_changed":false,"_glsr_average":0,"_glsr_ranking":0,"_glsr_reviews":0},"product_brand":[],"product_cat":[237,238],"product_tag":[],"class_list":{"0":"post-68642","1":"product","2":"type-product","3":"status-publish","4":"has-post-thumbnail","6":"product_cat-judejimo-priemones","7":"product_cat-stumdomos-masineles","8":"\"style=\"background-color: #2ecc711c;\"","10":"first","11":"outofstock","12":"sale","13":"purchasable","14":"product-type-simple"},"acf":[],"yoast_head":"<!-- This site is optimized with the Yoast SEO plugin v27.3 - https:\/\/yoast.com\/product\/yoast-seo-wordpress\/ -->\n<title>INJUSA vaiki\u0161kas dviratis-st\u016bmiklis<\/title>\n<meta name=\"description\" content=\"INJUSA vaiki\u0161kas dviratis-st\u016bmiklis\" \/>\n<meta name=\"robots\" content=\"index, follow, max-snippet:-1, max-image-preview:large, max-video-preview:-1\" \/>\n<link rel=\"canonical\" href=\"https:\/\/kidsplay.lt\/lv\/products\/injusa-vaikiskas-dviratis-stumiklis-2\/\" \/>\n<meta property=\"og:locale\" content=\"lv_LV\" \/>\n<meta property=\"og:type\" content=\"article\" \/>\n<meta property=\"og:title\" content=\"INJUSA vaiki\u0161kas dviratis-st\u016bmiklis\" \/>\n<meta property=\"og:description\" content=\"INJUSA vaiki\u0161kas dviratis-st\u016bmiklis\" \/>\n<meta property=\"og:url\" content=\"https:\/\/kidsplay.lt\/lv\/products\/injusa-vaikiskas-dviratis-stumiklis-2\/\" \/>\n<meta property=\"og:site_name\" content=\"KidsPlay\" \/>\n<meta property=\"article:publisher\" content=\"https:\/\/www.facebook.com\/www.kidsplay.lt\" \/>\n<meta property=\"article:modified_time\" content=\"2026-03-04T15:30:11+00:00\" \/>\n<meta property=\"og:image\" content=\"https:\/\/kidsplay.lt\/wp-content\/uploads\/2025\/09\/INJUSA-vaikiskas-dviratis-stumiklis.jpg\" \/>\n\t<meta property=\"og:image:width\" content=\"1000\" \/>\n\t<meta property=\"og:image:height\" content=\"1000\" \/>\n\t<meta property=\"og:image:type\" content=\"image\/jpeg\" \/>\n<meta name=\"twitter:card\" content=\"summary_large_image\" \/>\n<meta name=\"twitter:label1\" content=\"Est. reading time\" \/>\n\t<meta name=\"twitter:data1\" content=\"1 min\u016bte\" \/>\n<script type=\"application\/ld+json\" class=\"yoast-schema-graph\">{\"@context\":\"https:\\\/\\\/schema.org\",\"@graph\":[{\"@type\":\"WebPage\",\"@id\":\"https:\\\/\\\/kidsplay.lt\\\/produktas\\\/injusa-vaikiskas-dviratis-stumiklis-2\\\/\",\"url\":\"https:\\\/\\\/kidsplay.lt\\\/produktas\\\/injusa-vaikiskas-dviratis-stumiklis-2\\\/\",\"name\":\"INJUSA vaiki\u0161kas dviratis-st\u016bmiklis\",\"isPartOf\":{\"@id\":\"https:\\\/\\\/kidsplay.lt\\\/#website\"},\"primaryImageOfPage\":{\"@id\":\"https:\\\/\\\/kidsplay.lt\\\/produktas\\\/injusa-vaikiskas-dviratis-stumiklis-2\\\/#primaryimage\"},\"image\":{\"@id\":\"https:\\\/\\\/kidsplay.lt\\\/produktas\\\/injusa-vaikiskas-dviratis-stumiklis-2\\\/#primaryimage\"},\"thumbnailUrl\":\"https:\\\/\\\/kidsplay.lt\\\/wp-content\\\/uploads\\\/2025\\\/09\\\/INJUSA-vaikiskas-dviratis-stumiklis.jpg\",\"datePublished\":\"2025-10-02T10:04:02+00:00\",\"dateModified\":\"2026-03-04T15:30:11+00:00\",\"description\":\"INJUSA vaiki\u0161kas dviratis-st\u016bmiklis\",\"breadcrumb\":{\"@id\":\"https:\\\/\\\/kidsplay.lt\\\/produktas\\\/injusa-vaikiskas-dviratis-stumiklis-2\\\/#breadcrumb\"},\"inLanguage\":\"lv-LV\",\"potentialAction\":[{\"@type\":\"ReadAction\",\"target\":[\"https:\\\/\\\/kidsplay.lt\\\/produktas\\\/injusa-vaikiskas-dviratis-stumiklis-2\\\/\"]}]},{\"@type\":\"ImageObject\",\"inLanguage\":\"lv-LV\",\"@id\":\"https:\\\/\\\/kidsplay.lt\\\/produktas\\\/injusa-vaikiskas-dviratis-stumiklis-2\\\/#primaryimage\",\"url\":\"https:\\\/\\\/kidsplay.lt\\\/wp-content\\\/uploads\\\/2025\\\/09\\\/INJUSA-vaikiskas-dviratis-stumiklis.jpg\",\"contentUrl\":\"https:\\\/\\\/kidsplay.lt\\\/wp-content\\\/uploads\\\/2025\\\/09\\\/INJUSA-vaikiskas-dviratis-stumiklis.jpg\",\"width\":1000,\"height\":1000,\"caption\":\"INJUSA vaiki\u0161kas dviratis-st\u016bmiklis\"},{\"@type\":\"BreadcrumbList\",\"@id\":\"https:\\\/\\\/kidsplay.lt\\\/produktas\\\/injusa-vaikiskas-dviratis-stumiklis-2\\\/#breadcrumb\",\"itemListElement\":[{\"@type\":\"ListItem\",\"position\":1,\"name\":\"Pagrindinis\",\"item\":\"https:\\\/\\\/kidsplay.lt\\\/\"},{\"@type\":\"ListItem\",\"position\":2,\"name\":\"Parduotuv\u0117\",\"item\":\"https:\\\/\\\/kidsplay.lt\\\/parduotuve\\\/\"},{\"@type\":\"ListItem\",\"position\":3,\"name\":\"INJUSA vaiki\u0161kas dviratis-st\u016bmiklis\"}]},{\"@type\":\"WebSite\",\"@id\":\"https:\\\/\\\/kidsplay.lt\\\/#website\",\"url\":\"https:\\\/\\\/kidsplay.lt\\\/\",\"name\":\"Kidsplay.lt\",\"description\":\"\u012evairios prek\u0117s vaikams\",\"publisher\":{\"@id\":\"https:\\\/\\\/kidsplay.lt\\\/#organization\"},\"alternateName\":\"Kidsplay\",\"potentialAction\":[{\"@type\":\"SearchAction\",\"target\":{\"@type\":\"EntryPoint\",\"urlTemplate\":\"https:\\\/\\\/kidsplay.lt\\\/?s={search_term_string}\"},\"query-input\":{\"@type\":\"PropertyValueSpecification\",\"valueRequired\":true,\"valueName\":\"search_term_string\"}}],\"inLanguage\":\"lv-LV\"},{\"@type\":\"Organization\",\"@id\":\"https:\\\/\\\/kidsplay.lt\\\/#organization\",\"name\":\"KidsPlay\",\"url\":\"https:\\\/\\\/kidsplay.lt\\\/\",\"logo\":{\"@type\":\"ImageObject\",\"inLanguage\":\"lv-LV\",\"@id\":\"https:\\\/\\\/kidsplay.lt\\\/#\\\/schema\\\/logo\\\/image\\\/\",\"url\":\"https:\\\/\\\/kidsplay.lt\\\/wp-content\\\/uploads\\\/2023\\\/07\\\/kidsplay-logo.png\",\"contentUrl\":\"https:\\\/\\\/kidsplay.lt\\\/wp-content\\\/uploads\\\/2023\\\/07\\\/kidsplay-logo.png\",\"width\":451,\"height\":98,\"caption\":\"KidsPlay\"},\"image\":{\"@id\":\"https:\\\/\\\/kidsplay.lt\\\/#\\\/schema\\\/logo\\\/image\\\/\"},\"sameAs\":[\"https:\\\/\\\/www.facebook.com\\\/www.kidsplay.lt\"]}]}<\/script>\n<!-- \/ Yoast SEO plugin. -->","yoast_head_json":{"title":"INJUSA vaiki\u0161kas dviratis-st\u016bmiklis","description":"INJUSA vaiki\u0161kas dviratis-st\u016bmiklis","robots":{"index":"index","follow":"follow","max-snippet":"max-snippet:-1","max-image-preview":"max-image-preview:large","max-video-preview":"max-video-preview:-1"},"canonical":"https:\/\/kidsplay.lt\/lv\/products\/injusa-vaikiskas-dviratis-stumiklis-2\/","og_locale":"lv_LV","og_type":"article","og_title":"INJUSA vaiki\u0161kas dviratis-st\u016bmiklis","og_description":"INJUSA vaiki\u0161kas dviratis-st\u016bmiklis","og_url":"https:\/\/kidsplay.lt\/lv\/products\/injusa-vaikiskas-dviratis-stumiklis-2\/","og_site_name":"KidsPlay","article_publisher":"https:\/\/www.facebook.com\/www.kidsplay.lt","article_modified_time":"2026-03-04T15:30:11+00:00","og_image":[{"width":1000,"height":1000,"url":"https:\/\/kidsplay.lt\/wp-content\/uploads\/2025\/09\/INJUSA-vaikiskas-dviratis-stumiklis.jpg","type":"image\/jpeg"}],"twitter_card":"summary_large_image","twitter_misc":{"Est. reading time":"1 min\u016bte"},"schema":{"@context":"https:\/\/schema.org","@graph":[{"@type":"WebPage","@id":"https:\/\/kidsplay.lt\/produktas\/injusa-vaikiskas-dviratis-stumiklis-2\/","url":"https:\/\/kidsplay.lt\/produktas\/injusa-vaikiskas-dviratis-stumiklis-2\/","name":"INJUSA vaiki\u0161kas dviratis-st\u016bmiklis","isPartOf":{"@id":"https:\/\/kidsplay.lt\/#website"},"primaryImageOfPage":{"@id":"https:\/\/kidsplay.lt\/produktas\/injusa-vaikiskas-dviratis-stumiklis-2\/#primaryimage"},"image":{"@id":"https:\/\/kidsplay.lt\/produktas\/injusa-vaikiskas-dviratis-stumiklis-2\/#primaryimage"},"thumbnailUrl":"https:\/\/kidsplay.lt\/wp-content\/uploads\/2025\/09\/INJUSA-vaikiskas-dviratis-stumiklis.jpg","datePublished":"2025-10-02T10:04:02+00:00","dateModified":"2026-03-04T15:30:11+00:00","description":"INJUSA vaiki\u0161kas dviratis-st\u016bmiklis","breadcrumb":{"@id":"https:\/\/kidsplay.lt\/produktas\/injusa-vaikiskas-dviratis-stumiklis-2\/#breadcrumb"},"inLanguage":"lv-LV","potentialAction":[{"@type":"ReadAction","target":["https:\/\/kidsplay.lt\/produktas\/injusa-vaikiskas-dviratis-stumiklis-2\/"]}]},{"@type":"ImageObject","inLanguage":"lv-LV","@id":"https:\/\/kidsplay.lt\/produktas\/injusa-vaikiskas-dviratis-stumiklis-2\/#primaryimage","url":"https:\/\/kidsplay.lt\/wp-content\/uploads\/2025\/09\/INJUSA-vaikiskas-dviratis-stumiklis.jpg","contentUrl":"https:\/\/kidsplay.lt\/wp-content\/uploads\/2025\/09\/INJUSA-vaikiskas-dviratis-stumiklis.jpg","width":1000,"height":1000,"caption":"INJUSA vaiki\u0161kas dviratis-st\u016bmiklis"},{"@type":"BreadcrumbList","@id":"https:\/\/kidsplay.lt\/produktas\/injusa-vaikiskas-dviratis-stumiklis-2\/#breadcrumb","itemListElement":[{"@type":"ListItem","position":1,"name":"Pagrindinis","item":"https:\/\/kidsplay.lt\/"},{"@type":"ListItem","position":2,"name":"Parduotuv\u0117","item":"https:\/\/kidsplay.lt\/parduotuve\/"},{"@type":"ListItem","position":3,"name":"INJUSA vaiki\u0161kas dviratis-st\u016bmiklis"}]},{"@type":"WebSite","@id":"https:\/\/kidsplay.lt\/#website","url":"https:\/\/kidsplay.lt\/","name":"B\u0113rnu sp\u0113les.lv","description":"\u012evairios prek\u0117s vaikams","publisher":{"@id":"https:\/\/kidsplay.lt\/#organization"},"alternateName":"Kidsplay","potentialAction":[{"@type":"SearchAction","target":{"@type":"EntryPoint","urlTemplate":"https:\/\/kidsplay.lt\/?s={search_term_string}"},"query-input":{"@type":"PropertyValueSpecification","valueRequired":true,"valueName":"search_term_string"}}],"inLanguage":"lv-LV"},{"@type":"Organization","@id":"https:\/\/kidsplay.lt\/#organization","name":"B\u0113rnu sp\u0113le","url":"https:\/\/kidsplay.lt\/","logo":{"@type":"ImageObject","inLanguage":"lv-LV","@id":"https:\/\/kidsplay.lt\/#\/schema\/logo\/image\/","url":"https:\/\/kidsplay.lt\/wp-content\/uploads\/2023\/07\/kidsplay-logo.png","contentUrl":"https:\/\/kidsplay.lt\/wp-content\/uploads\/2023\/07\/kidsplay-logo.png","width":451,"height":98,"caption":"KidsPlay"},"image":{"@id":"https:\/\/kidsplay.lt\/#\/schema\/logo\/image\/"},"sameAs":["https:\/\/www.facebook.com\/www.kidsplay.lt"]}]}},"_links":{"self":[{"href":"https:\/\/kidsplay.lt\/lv\/wp-json\/wp\/v2\/product\/68642","targetHints":{"allow":["GET"]}}],"collection":[{"href":"https:\/\/kidsplay.lt\/lv\/wp-json\/wp\/v2\/product"}],"about":[{"href":"https:\/\/kidsplay.lt\/lv\/wp-json\/wp\/v2\/types\/product"}],"version-history":[{"count":2,"href":"https:\/\/kidsplay.lt\/lv\/wp-json\/wp\/v2\/product\/68642\/revisions"}],"predecessor-version":[{"id":73787,"href":"https:\/\/kidsplay.lt\/lv\/wp-json\/wp\/v2\/product\/68642\/revisions\/73787"}],"wp:featuredmedia":[{"embeddable":true,"href":"https:\/\/kidsplay.lt\/lv\/wp-json\/wp\/v2\/media\/66224"}],"wp:attachment":[{"href":"https:\/\/kidsplay.lt\/lv\/wp-json\/wp\/v2\/media?parent=68642"}],"wp:term":[{"taxonomy":"product_brand","embeddable":true,"href":"https:\/\/kidsplay.lt\/lv\/wp-json\/wp\/v2\/product_brand?post=68642"},{"taxonomy":"product_cat","embeddable":true,"href":"https:\/\/kidsplay.lt\/lv\/wp-json\/wp\/v2\/product_cat?post=68642"},{"taxonomy":"product_tag","embeddable":true,"href":"https:\/\/kidsplay.lt\/lv\/wp-json\/wp\/v2\/product_tag?post=68642"}],"curies":[{"name":"wp","href":"https:\/\/api.w.org\/{rel}","templated":true}]}}