{"id":68660,"date":"2025-10-02T13:04:57","date_gmt":"2025-10-02T10:04:57","guid":{"rendered":"https:\/\/kidsplay.lt\/produktas\/feber-didelis-zaidimu-aiksteles-veiklos-centras-2\/"},"modified":"2026-04-13T14:32:11","modified_gmt":"2026-04-13T11:32:11","slug":"feber-didelis-zaidimu-aiksteles-veiklos-centras-2","status":"publish","type":"product","link":"https:\/\/kidsplay.lt\/lv\/products\/feber-didelis-zaidimu-aiksteles-veiklos-centras-2\/","title":{"rendered":"FEBER liels rota\u013cu lauku aktivit\u0101\u0161u centrs"},"content":{"rendered":"<p>FEBER \u017dAIDIM\u0172 AIK\u0160TEL\u0116 SU \u010cIUOL\u0116MIS \u2013\u00a0\u00a0fantasti\u0161ka \u201eFeber\u201c \u017eaidim\u0173 aik\u0161tel\u0117 ma\u017eyliams, taps kiekvieno ma\u017eylio m\u0117gstamiausia \u017eaidim\u0173 erdve. Tinka \u017eaisti grup\u0117ms, lavina vaik\u0173 fizinius \u012fg\u016bd\u017eius. Puikus \u017eaislas j\u016bs\u0173 vaikams!<\/p>\n<p>Rakstur\u012bgs:\u00a0<\/p>\n<p> \t&#8211; \u017eaidim\u0173 aik\u0161tel\u0117je \u012frengta\u00a0\u00a0100 cm ilgio \u010diuo\u017eykla,<br \/>\n \t&#8211; papildomas privalumas yra\u00a0\u00a0kop\u0117\u010dios ir \u012fvairios skyl\u0117s, pro kurias galima prasisprausti,<br \/>\n \t&#8211; skatina vaiko laipiojim\u0105, ropojim\u0105 ir bendr\u0105 fizin\u012f vystym\u0105si,<br \/>\n \t&#8211; \u017eiemos m\u0117nesiais d\u0117l kompakti\u0161ko dyd\u017eio j\u012f galima lengviau laikyti viduje arba sand\u0117liuoti,<br \/>\n \t&#8211; savaranki\u0161ko surinkimo rinkinys.<\/p>\n<p>\u201eFeber\u201c\u00a0\u00a0\u2013 tai \u017einoma Ispanijos \u012fmon\u0117, turinti de\u0161imtme\u010di\u0173 patirt\u012f ir si\u016blanti plat\u0173 k\u016brybinio \u017eaidimo galimybi\u0173 spektr\u0105. K\u016brybi\u0161kumas, inovacijos ir saugumas yra pagrindin\u0117s \u012fmon\u0117s vertyb\u0117s. \u201eFeber\u201c taip pat si\u016blo licencijuotus \u017eaislus. Auk\u0161ta kokyb\u0117 ir ilgaam\u017ei\u0161kumas yra pagrindiniai jos gamybos principai. Visi \u017eaislai gaminami laikantis Europos saugos standart\u0173.<\/p>","protected":false},"excerpt":{"rendered":"<p>FEBER liels rota\u013cu lauku aktivit\u0101\u0161u centrs<\/p>","protected":false},"featured_media":66263,"template":"","meta":{"_acf_changed":false,"_glsr_average":0,"_glsr_ranking":0,"_glsr_reviews":0},"product_brand":[],"product_cat":[233,382],"product_tag":[],"class_list":{"0":"post-68660","1":"product","2":"type-product","3":"status-publish","4":"has-post-thumbnail","6":"product_cat-lauko-pramogos","7":"product_cat-zaidimu-aiksteles","8":"\"style=\"background-color: #2ecc711c;\"","10":"first","11":"instock","12":"sale","13":"purchasable","14":"product-type-simple"},"acf":[],"yoast_head":"<!-- This site is optimized with the Yoast SEO plugin v27.4 - https:\/\/yoast.com\/product\/yoast-seo-wordpress\/ -->\n<title>FEBER didelis \u017eaidim\u0173 aik\u0161tel\u0117s veiklos centras<\/title>\n<meta name=\"description\" content=\"FEBER didelis \u017eaidim\u0173 aik\u0161tel\u0117s veiklos centras\" \/>\n<meta name=\"robots\" content=\"index, follow, max-snippet:-1, max-image-preview:large, max-video-preview:-1\" \/>\n<link rel=\"canonical\" href=\"https:\/\/kidsplay.lt\/lv\/products\/feber-didelis-zaidimu-aiksteles-veiklos-centras-2\/\" \/>\n<meta property=\"og:locale\" content=\"lv_LV\" \/>\n<meta property=\"og:type\" content=\"article\" \/>\n<meta property=\"og:title\" content=\"FEBER didelis \u017eaidim\u0173 aik\u0161tel\u0117s veiklos centras\" \/>\n<meta property=\"og:description\" content=\"FEBER didelis \u017eaidim\u0173 aik\u0161tel\u0117s veiklos centras\" \/>\n<meta property=\"og:url\" content=\"https:\/\/kidsplay.lt\/lv\/products\/feber-didelis-zaidimu-aiksteles-veiklos-centras-2\/\" \/>\n<meta property=\"og:site_name\" content=\"KidsPlay\" \/>\n<meta property=\"article:publisher\" content=\"https:\/\/www.facebook.com\/www.kidsplay.lt\" \/>\n<meta property=\"article:modified_time\" content=\"2026-04-13T11:32:11+00:00\" \/>\n<meta property=\"og:image\" content=\"https:\/\/kidsplay.lt\/wp-content\/uploads\/2025\/09\/FEBER-didelis-zaidimu-aiksteles-veiklos-centras.jpg\" \/>\n\t<meta property=\"og:image:width\" content=\"1500\" \/>\n\t<meta property=\"og:image:height\" content=\"1500\" \/>\n\t<meta property=\"og:image:type\" content=\"image\/jpeg\" \/>\n<meta name=\"twitter:card\" content=\"summary_large_image\" \/>\n<meta name=\"twitter:label1\" content=\"Est. reading time\" \/>\n\t<meta name=\"twitter:data1\" content=\"1 min\u016bte\" \/>\n<script type=\"application\/ld+json\" class=\"yoast-schema-graph\">{\"@context\":\"https:\\\/\\\/schema.org\",\"@graph\":[{\"@type\":\"WebPage\",\"@id\":\"https:\\\/\\\/kidsplay.lt\\\/produktas\\\/feber-didelis-zaidimu-aiksteles-veiklos-centras-2\\\/\",\"url\":\"https:\\\/\\\/kidsplay.lt\\\/produktas\\\/feber-didelis-zaidimu-aiksteles-veiklos-centras-2\\\/\",\"name\":\"FEBER didelis \u017eaidim\u0173 aik\u0161tel\u0117s veiklos centras\",\"isPartOf\":{\"@id\":\"https:\\\/\\\/kidsplay.lt\\\/#website\"},\"primaryImageOfPage\":{\"@id\":\"https:\\\/\\\/kidsplay.lt\\\/produktas\\\/feber-didelis-zaidimu-aiksteles-veiklos-centras-2\\\/#primaryimage\"},\"image\":{\"@id\":\"https:\\\/\\\/kidsplay.lt\\\/produktas\\\/feber-didelis-zaidimu-aiksteles-veiklos-centras-2\\\/#primaryimage\"},\"thumbnailUrl\":\"https:\\\/\\\/kidsplay.lt\\\/wp-content\\\/uploads\\\/2025\\\/09\\\/FEBER-didelis-zaidimu-aiksteles-veiklos-centras.jpg\",\"datePublished\":\"2025-10-02T10:04:57+00:00\",\"dateModified\":\"2026-04-13T11:32:11+00:00\",\"description\":\"FEBER didelis \u017eaidim\u0173 aik\u0161tel\u0117s veiklos centras\",\"breadcrumb\":{\"@id\":\"https:\\\/\\\/kidsplay.lt\\\/produktas\\\/feber-didelis-zaidimu-aiksteles-veiklos-centras-2\\\/#breadcrumb\"},\"inLanguage\":\"lv-LV\",\"potentialAction\":[{\"@type\":\"ReadAction\",\"target\":[\"https:\\\/\\\/kidsplay.lt\\\/produktas\\\/feber-didelis-zaidimu-aiksteles-veiklos-centras-2\\\/\"]}]},{\"@type\":\"ImageObject\",\"inLanguage\":\"lv-LV\",\"@id\":\"https:\\\/\\\/kidsplay.lt\\\/produktas\\\/feber-didelis-zaidimu-aiksteles-veiklos-centras-2\\\/#primaryimage\",\"url\":\"https:\\\/\\\/kidsplay.lt\\\/wp-content\\\/uploads\\\/2025\\\/09\\\/FEBER-didelis-zaidimu-aiksteles-veiklos-centras.jpg\",\"contentUrl\":\"https:\\\/\\\/kidsplay.lt\\\/wp-content\\\/uploads\\\/2025\\\/09\\\/FEBER-didelis-zaidimu-aiksteles-veiklos-centras.jpg\",\"width\":1500,\"height\":1500,\"caption\":\"FEBER didelis \u017eaidim\u0173 aik\u0161tel\u0117s veiklos centras\"},{\"@type\":\"BreadcrumbList\",\"@id\":\"https:\\\/\\\/kidsplay.lt\\\/produktas\\\/feber-didelis-zaidimu-aiksteles-veiklos-centras-2\\\/#breadcrumb\",\"itemListElement\":[{\"@type\":\"ListItem\",\"position\":1,\"name\":\"Pagrindinis\",\"item\":\"https:\\\/\\\/kidsplay.lt\\\/\"},{\"@type\":\"ListItem\",\"position\":2,\"name\":\"Parduotuv\u0117\",\"item\":\"https:\\\/\\\/kidsplay.lt\\\/parduotuve\\\/\"},{\"@type\":\"ListItem\",\"position\":3,\"name\":\"FEBER didelis \u017eaidim\u0173 aik\u0161tel\u0117s veiklos centras\"}]},{\"@type\":\"WebSite\",\"@id\":\"https:\\\/\\\/kidsplay.lt\\\/#website\",\"url\":\"https:\\\/\\\/kidsplay.lt\\\/\",\"name\":\"Kidsplay.lt\",\"description\":\"\u012evairios prek\u0117s vaikams\",\"publisher\":{\"@id\":\"https:\\\/\\\/kidsplay.lt\\\/#organization\"},\"alternateName\":\"Kidsplay\",\"potentialAction\":[{\"@type\":\"SearchAction\",\"target\":{\"@type\":\"EntryPoint\",\"urlTemplate\":\"https:\\\/\\\/kidsplay.lt\\\/?s={search_term_string}\"},\"query-input\":{\"@type\":\"PropertyValueSpecification\",\"valueRequired\":true,\"valueName\":\"search_term_string\"}}],\"inLanguage\":\"lv-LV\"},{\"@type\":\"Organization\",\"@id\":\"https:\\\/\\\/kidsplay.lt\\\/#organization\",\"name\":\"KidsPlay\",\"url\":\"https:\\\/\\\/kidsplay.lt\\\/\",\"logo\":{\"@type\":\"ImageObject\",\"inLanguage\":\"lv-LV\",\"@id\":\"https:\\\/\\\/kidsplay.lt\\\/#\\\/schema\\\/logo\\\/image\\\/\",\"url\":\"https:\\\/\\\/kidsplay.lt\\\/wp-content\\\/uploads\\\/2023\\\/07\\\/kidsplay-logo.png\",\"contentUrl\":\"https:\\\/\\\/kidsplay.lt\\\/wp-content\\\/uploads\\\/2023\\\/07\\\/kidsplay-logo.png\",\"width\":451,\"height\":98,\"caption\":\"KidsPlay\"},\"image\":{\"@id\":\"https:\\\/\\\/kidsplay.lt\\\/#\\\/schema\\\/logo\\\/image\\\/\"},\"sameAs\":[\"https:\\\/\\\/www.facebook.com\\\/www.kidsplay.lt\"]}]}<\/script>\n<!-- \/ Yoast SEO plugin. -->","yoast_head_json":{"title":"FEBER liels rota\u013cu lauku aktivit\u0101\u0161u centrs","description":"FEBER liels rota\u013cu lauku aktivit\u0101\u0161u centrs","robots":{"index":"index","follow":"follow","max-snippet":"max-snippet:-1","max-image-preview":"max-image-preview:large","max-video-preview":"max-video-preview:-1"},"canonical":"https:\/\/kidsplay.lt\/lv\/products\/feber-didelis-zaidimu-aiksteles-veiklos-centras-2\/","og_locale":"lv_LV","og_type":"article","og_title":"FEBER didelis \u017eaidim\u0173 aik\u0161tel\u0117s veiklos centras","og_description":"FEBER didelis \u017eaidim\u0173 aik\u0161tel\u0117s veiklos centras","og_url":"https:\/\/kidsplay.lt\/lv\/products\/feber-didelis-zaidimu-aiksteles-veiklos-centras-2\/","og_site_name":"KidsPlay","article_publisher":"https:\/\/www.facebook.com\/www.kidsplay.lt","article_modified_time":"2026-04-13T11:32:11+00:00","og_image":[{"width":1500,"height":1500,"url":"https:\/\/kidsplay.lt\/wp-content\/uploads\/2025\/09\/FEBER-didelis-zaidimu-aiksteles-veiklos-centras.jpg","type":"image\/jpeg"}],"twitter_card":"summary_large_image","twitter_misc":{"Est. reading time":"1 min\u016bte"},"schema":{"@context":"https:\/\/schema.org","@graph":[{"@type":"WebPage","@id":"https:\/\/kidsplay.lt\/produktas\/feber-didelis-zaidimu-aiksteles-veiklos-centras-2\/","url":"https:\/\/kidsplay.lt\/produktas\/feber-didelis-zaidimu-aiksteles-veiklos-centras-2\/","name":"FEBER liels rota\u013cu lauku aktivit\u0101\u0161u centrs","isPartOf":{"@id":"https:\/\/kidsplay.lt\/#website"},"primaryImageOfPage":{"@id":"https:\/\/kidsplay.lt\/produktas\/feber-didelis-zaidimu-aiksteles-veiklos-centras-2\/#primaryimage"},"image":{"@id":"https:\/\/kidsplay.lt\/produktas\/feber-didelis-zaidimu-aiksteles-veiklos-centras-2\/#primaryimage"},"thumbnailUrl":"https:\/\/kidsplay.lt\/wp-content\/uploads\/2025\/09\/FEBER-didelis-zaidimu-aiksteles-veiklos-centras.jpg","datePublished":"2025-10-02T10:04:57+00:00","dateModified":"2026-04-13T11:32:11+00:00","description":"FEBER liels rota\u013cu lauku aktivit\u0101\u0161u centrs","breadcrumb":{"@id":"https:\/\/kidsplay.lt\/produktas\/feber-didelis-zaidimu-aiksteles-veiklos-centras-2\/#breadcrumb"},"inLanguage":"lv-LV","potentialAction":[{"@type":"ReadAction","target":["https:\/\/kidsplay.lt\/produktas\/feber-didelis-zaidimu-aiksteles-veiklos-centras-2\/"]}]},{"@type":"ImageObject","inLanguage":"lv-LV","@id":"https:\/\/kidsplay.lt\/produktas\/feber-didelis-zaidimu-aiksteles-veiklos-centras-2\/#primaryimage","url":"https:\/\/kidsplay.lt\/wp-content\/uploads\/2025\/09\/FEBER-didelis-zaidimu-aiksteles-veiklos-centras.jpg","contentUrl":"https:\/\/kidsplay.lt\/wp-content\/uploads\/2025\/09\/FEBER-didelis-zaidimu-aiksteles-veiklos-centras.jpg","width":1500,"height":1500,"caption":"FEBER didelis \u017eaidim\u0173 aik\u0161tel\u0117s veiklos centras"},{"@type":"BreadcrumbList","@id":"https:\/\/kidsplay.lt\/produktas\/feber-didelis-zaidimu-aiksteles-veiklos-centras-2\/#breadcrumb","itemListElement":[{"@type":"ListItem","position":1,"name":"Pagrindinis","item":"https:\/\/kidsplay.lt\/"},{"@type":"ListItem","position":2,"name":"Parduotuv\u0117","item":"https:\/\/kidsplay.lt\/parduotuve\/"},{"@type":"ListItem","position":3,"name":"FEBER didelis \u017eaidim\u0173 aik\u0161tel\u0117s veiklos centras"}]},{"@type":"WebSite","@id":"https:\/\/kidsplay.lt\/#website","url":"https:\/\/kidsplay.lt\/","name":"B\u0113rnu sp\u0113les.lv","description":"\u012evairios prek\u0117s vaikams","publisher":{"@id":"https:\/\/kidsplay.lt\/#organization"},"alternateName":"Kidsplay","potentialAction":[{"@type":"SearchAction","target":{"@type":"EntryPoint","urlTemplate":"https:\/\/kidsplay.lt\/?s={search_term_string}"},"query-input":{"@type":"PropertyValueSpecification","valueRequired":true,"valueName":"search_term_string"}}],"inLanguage":"lv-LV"},{"@type":"Organization","@id":"https:\/\/kidsplay.lt\/#organization","name":"B\u0113rnu sp\u0113le","url":"https:\/\/kidsplay.lt\/","logo":{"@type":"ImageObject","inLanguage":"lv-LV","@id":"https:\/\/kidsplay.lt\/#\/schema\/logo\/image\/","url":"https:\/\/kidsplay.lt\/wp-content\/uploads\/2023\/07\/kidsplay-logo.png","contentUrl":"https:\/\/kidsplay.lt\/wp-content\/uploads\/2023\/07\/kidsplay-logo.png","width":451,"height":98,"caption":"KidsPlay"},"image":{"@id":"https:\/\/kidsplay.lt\/#\/schema\/logo\/image\/"},"sameAs":["https:\/\/www.facebook.com\/www.kidsplay.lt"]}]}},"_links":{"self":[{"href":"https:\/\/kidsplay.lt\/lv\/wp-json\/wp\/v2\/product\/68660","targetHints":{"allow":["GET"]}}],"collection":[{"href":"https:\/\/kidsplay.lt\/lv\/wp-json\/wp\/v2\/product"}],"about":[{"href":"https:\/\/kidsplay.lt\/lv\/wp-json\/wp\/v2\/types\/product"}],"version-history":[{"count":2,"href":"https:\/\/kidsplay.lt\/lv\/wp-json\/wp\/v2\/product\/68660\/revisions"}],"predecessor-version":[{"id":73779,"href":"https:\/\/kidsplay.lt\/lv\/wp-json\/wp\/v2\/product\/68660\/revisions\/73779"}],"wp:featuredmedia":[{"embeddable":true,"href":"https:\/\/kidsplay.lt\/lv\/wp-json\/wp\/v2\/media\/66263"}],"wp:attachment":[{"href":"https:\/\/kidsplay.lt\/lv\/wp-json\/wp\/v2\/media?parent=68660"}],"wp:term":[{"taxonomy":"product_brand","embeddable":true,"href":"https:\/\/kidsplay.lt\/lv\/wp-json\/wp\/v2\/product_brand?post=68660"},{"taxonomy":"product_cat","embeddable":true,"href":"https:\/\/kidsplay.lt\/lv\/wp-json\/wp\/v2\/product_cat?post=68660"},{"taxonomy":"product_tag","embeddable":true,"href":"https:\/\/kidsplay.lt\/lv\/wp-json\/wp\/v2\/product_tag?post=68660"}],"curies":[{"name":"wp","href":"https:\/\/api.w.org\/{rel}","templated":true}]}}