{"id":68662,"date":"2025-10-02T13:05:03","date_gmt":"2025-10-02T10:05:03","guid":{"rendered":"https:\/\/kidsplay.lt\/produktas\/step2-didele-zaidimu-aikstele-2\/"},"modified":"2026-04-13T14:32:18","modified_gmt":"2026-04-13T11:32:18","slug":"step2-didele-zaidimu-aikstele-2","status":"publish","type":"product","link":"https:\/\/kidsplay.lt\/lv\/products\/step2-didele-zaidimu-aikstele-2\/","title":{"rendered":"STEP2 liels rota\u013cu laukums"},"content":{"rendered":"<p>\u201eTiltas su tuneliu\u201c\u00a0\u00a0yra viena patraukliausi\u0173 \u017eaidim\u0173 aik\u0161teli\u0173, si\u016blom\u0173 amerikie\u010di\u0173 kompanijos\u00a0\u00a0STEP2.\u00a0\u00a0\u0160i itin patraukli\u00a0\u00a0\u017eaidim\u0173 aik\u0161tel\u0117\u00a0\u00a0puikiai tinka jaunesniems vaikams, tinkama \u017eaisti tiek viduje, tiek lauke. J\u0105 sudaro ant\u017eeminis\u00a0\u00a0namelis\u00a0,\u00a0\u00a0ap\u017evalgos bok\u0161tas\u00a0\u00a0ir\u00a0\u00a0tiltas\u00a0\u00a0,\u00a0\u00a0jungiantis abi zonas.<\/p>\n<p>Rakstur\u012bgs:<\/p>\n<p> \t&#8211; Name yra\u00a0\u00a0kop\u0117\u010dios\u00a0\u00a0su dideliais laipteliais, tur\u0117klai\u00a0 lipimui\u00a0palengvinti\u00a0\u00a0, apvalus langas, stoglangis, vairas ir \u0161velni \u010diuo\u017eykla, kurios ilgis yra 98 cm, vedanti \u012f\u00a0 apa\u010dioje esan\u010di\u0105\u00a0sl\u0117ptuv\u0119\u00a0\u00a0.\u00a0<br \/>\n \t&#8211; Ap\u017evalgos bok\u0161te yra langas \u2013 stoglangis ir\u00a0\u00a0antra\u00a0\u00a0\u010diuo\u017eykla, kurios ilgis yra 98 cm, o apatin\u0117je jo dalyje yra sl\u0117ptuv\u0117 su tuneliu \u0161liau\u017eimui.<br \/>\n \t&#8211; Tarp j\u0173 yra\u00a0\u00a0tunelis\u00a0, ma\u017ea \u010diuo\u017eykla, laipiojimo r\u0117mas ir vieta sl\u0117ptis.<br \/>\n \t&#8211; Be to, \u201eTiltas su tuneliu\u201c turi\u00a0\u00a0vair\u0105\u00a0\u00a0ir\u00a0\u00a0teleskop\u0105\u00a0.<br \/>\n \t&#8211; Visi elementai pagaminti\u00a0\u00a0i\u0161 auk\u0161tos kokyb\u0117s med\u017eiag\u0173\u00a0, i\u0161skirtinai gra\u017eiai atkurt\u0173.<br \/>\n \t&#8211; \u017daislas sukurtas taip, kad b\u016bt\u0173 kuo ma\u017eiau rizikos vaikui susi\u017eeisti.<\/p>\n<p>\u201eStep2\u201c\u00a0\u00a0\u2013 pirmiausia kokyb\u0117, o antroje vietoje \u2013 puik\u016bs \u017eaislai!\u00a0\u00a0Jei renkantis \u017eaisl\u0105 savo vaikui svarbiausia kokyb\u0117 ir saugumas, visas fantasti\u0161k\u0173\u00a0amerikie\u010di\u0173\u00a0kompanijos\u00a0\u00a0\u201eStep2\u201c\u00a0\u017eaisl\u0173 asortimentas tikrai pateisins vaik\u0173, t\u0117v\u0173, dar\u017eeli\u0173, ikimokyklinio ugdymo \u012fstaig\u0173 ir kit\u0173 \u0161vietimo \u012fstaig\u0173 l\u016bkes\u010dius. \u201eStep2\u201c jau de\u0161imtme\u010dius\u00a0gamina geriausius \u017eaislus JAV\u00a0! M\u016bs\u0173 asortimente yra sm\u0117lio d\u0117\u017e\u0117s, sodo nameliai, \u017eaidim\u0173 aik\u0161tel\u0117s, dirbtuv\u0117s, \u017eaislai va\u017ein\u0117jimui, virtuv\u0117s ir vaik\u0173 baldai.<\/p>","protected":false},"excerpt":{"rendered":"<p>STEP2 liels rota\u013cu laukums<\/p>","protected":false},"featured_media":66268,"template":"","meta":{"_acf_changed":false,"_glsr_average":0,"_glsr_ranking":0,"_glsr_reviews":0},"product_brand":[],"product_cat":[233,382],"product_tag":[],"class_list":{"0":"post-68662","1":"product","2":"type-product","3":"status-publish","4":"has-post-thumbnail","6":"product_cat-lauko-pramogos","7":"product_cat-zaidimu-aiksteles","8":"\"style=\"background-color: #2ecc711c;\"","10":"first","11":"instock","12":"purchasable","13":"product-type-simple"},"acf":[],"yoast_head":"<!-- This site is optimized with the Yoast SEO plugin v27.4 - https:\/\/yoast.com\/product\/yoast-seo-wordpress\/ -->\n<title>STEP2 didel\u0117 \u017eaidim\u0173 aik\u0161tel\u0117<\/title>\n<meta name=\"description\" content=\"STEP2 didel\u0117 \u017eaidim\u0173 aik\u0161tel\u0117\" \/>\n<meta name=\"robots\" content=\"index, follow, max-snippet:-1, max-image-preview:large, max-video-preview:-1\" \/>\n<link rel=\"canonical\" href=\"https:\/\/kidsplay.lt\/lv\/products\/step2-didele-zaidimu-aikstele-2\/\" \/>\n<meta property=\"og:locale\" content=\"lv_LV\" \/>\n<meta property=\"og:type\" content=\"article\" \/>\n<meta property=\"og:title\" content=\"STEP2 didel\u0117 \u017eaidim\u0173 aik\u0161tel\u0117\" \/>\n<meta property=\"og:description\" content=\"STEP2 didel\u0117 \u017eaidim\u0173 aik\u0161tel\u0117\" \/>\n<meta property=\"og:url\" content=\"https:\/\/kidsplay.lt\/lv\/products\/step2-didele-zaidimu-aikstele-2\/\" \/>\n<meta property=\"og:site_name\" content=\"KidsPlay\" \/>\n<meta property=\"article:publisher\" content=\"https:\/\/www.facebook.com\/www.kidsplay.lt\" \/>\n<meta property=\"article:modified_time\" content=\"2026-04-13T11:32:18+00:00\" \/>\n<meta property=\"og:image\" content=\"https:\/\/kidsplay.lt\/wp-content\/uploads\/2025\/09\/STEP2-didele-zaidimu-aikstele.jpg\" \/>\n\t<meta property=\"og:image:width\" content=\"1487\" \/>\n\t<meta property=\"og:image:height\" content=\"1034\" \/>\n\t<meta property=\"og:image:type\" content=\"image\/jpeg\" \/>\n<meta name=\"twitter:card\" content=\"summary_large_image\" \/>\n<meta name=\"twitter:label1\" content=\"Est. reading time\" \/>\n\t<meta name=\"twitter:data1\" content=\"1 min\u016bte\" \/>\n<script type=\"application\/ld+json\" class=\"yoast-schema-graph\">{\"@context\":\"https:\\\/\\\/schema.org\",\"@graph\":[{\"@type\":\"WebPage\",\"@id\":\"https:\\\/\\\/kidsplay.lt\\\/produktas\\\/step2-didele-zaidimu-aikstele-2\\\/\",\"url\":\"https:\\\/\\\/kidsplay.lt\\\/produktas\\\/step2-didele-zaidimu-aikstele-2\\\/\",\"name\":\"STEP2 didel\u0117 \u017eaidim\u0173 aik\u0161tel\u0117\",\"isPartOf\":{\"@id\":\"https:\\\/\\\/kidsplay.lt\\\/#website\"},\"primaryImageOfPage\":{\"@id\":\"https:\\\/\\\/kidsplay.lt\\\/produktas\\\/step2-didele-zaidimu-aikstele-2\\\/#primaryimage\"},\"image\":{\"@id\":\"https:\\\/\\\/kidsplay.lt\\\/produktas\\\/step2-didele-zaidimu-aikstele-2\\\/#primaryimage\"},\"thumbnailUrl\":\"https:\\\/\\\/kidsplay.lt\\\/wp-content\\\/uploads\\\/2025\\\/09\\\/STEP2-didele-zaidimu-aikstele.jpg\",\"datePublished\":\"2025-10-02T10:05:03+00:00\",\"dateModified\":\"2026-04-13T11:32:18+00:00\",\"description\":\"STEP2 didel\u0117 \u017eaidim\u0173 aik\u0161tel\u0117\",\"breadcrumb\":{\"@id\":\"https:\\\/\\\/kidsplay.lt\\\/produktas\\\/step2-didele-zaidimu-aikstele-2\\\/#breadcrumb\"},\"inLanguage\":\"lv-LV\",\"potentialAction\":[{\"@type\":\"ReadAction\",\"target\":[\"https:\\\/\\\/kidsplay.lt\\\/produktas\\\/step2-didele-zaidimu-aikstele-2\\\/\"]}]},{\"@type\":\"ImageObject\",\"inLanguage\":\"lv-LV\",\"@id\":\"https:\\\/\\\/kidsplay.lt\\\/produktas\\\/step2-didele-zaidimu-aikstele-2\\\/#primaryimage\",\"url\":\"https:\\\/\\\/kidsplay.lt\\\/wp-content\\\/uploads\\\/2025\\\/09\\\/STEP2-didele-zaidimu-aikstele.jpg\",\"contentUrl\":\"https:\\\/\\\/kidsplay.lt\\\/wp-content\\\/uploads\\\/2025\\\/09\\\/STEP2-didele-zaidimu-aikstele.jpg\",\"width\":1487,\"height\":1034,\"caption\":\"STEP2 didel\u0117 \u017eaidim\u0173 aik\u0161tel\u0117\"},{\"@type\":\"BreadcrumbList\",\"@id\":\"https:\\\/\\\/kidsplay.lt\\\/produktas\\\/step2-didele-zaidimu-aikstele-2\\\/#breadcrumb\",\"itemListElement\":[{\"@type\":\"ListItem\",\"position\":1,\"name\":\"Pagrindinis\",\"item\":\"https:\\\/\\\/kidsplay.lt\\\/\"},{\"@type\":\"ListItem\",\"position\":2,\"name\":\"Parduotuv\u0117\",\"item\":\"https:\\\/\\\/kidsplay.lt\\\/parduotuve\\\/\"},{\"@type\":\"ListItem\",\"position\":3,\"name\":\"STEP2 didel\u0117 \u017eaidim\u0173 aik\u0161tel\u0117\"}]},{\"@type\":\"WebSite\",\"@id\":\"https:\\\/\\\/kidsplay.lt\\\/#website\",\"url\":\"https:\\\/\\\/kidsplay.lt\\\/\",\"name\":\"Kidsplay.lt\",\"description\":\"\u012evairios prek\u0117s vaikams\",\"publisher\":{\"@id\":\"https:\\\/\\\/kidsplay.lt\\\/#organization\"},\"alternateName\":\"Kidsplay\",\"potentialAction\":[{\"@type\":\"SearchAction\",\"target\":{\"@type\":\"EntryPoint\",\"urlTemplate\":\"https:\\\/\\\/kidsplay.lt\\\/?s={search_term_string}\"},\"query-input\":{\"@type\":\"PropertyValueSpecification\",\"valueRequired\":true,\"valueName\":\"search_term_string\"}}],\"inLanguage\":\"lv-LV\"},{\"@type\":\"Organization\",\"@id\":\"https:\\\/\\\/kidsplay.lt\\\/#organization\",\"name\":\"KidsPlay\",\"url\":\"https:\\\/\\\/kidsplay.lt\\\/\",\"logo\":{\"@type\":\"ImageObject\",\"inLanguage\":\"lv-LV\",\"@id\":\"https:\\\/\\\/kidsplay.lt\\\/#\\\/schema\\\/logo\\\/image\\\/\",\"url\":\"https:\\\/\\\/kidsplay.lt\\\/wp-content\\\/uploads\\\/2023\\\/07\\\/kidsplay-logo.png\",\"contentUrl\":\"https:\\\/\\\/kidsplay.lt\\\/wp-content\\\/uploads\\\/2023\\\/07\\\/kidsplay-logo.png\",\"width\":451,\"height\":98,\"caption\":\"KidsPlay\"},\"image\":{\"@id\":\"https:\\\/\\\/kidsplay.lt\\\/#\\\/schema\\\/logo\\\/image\\\/\"},\"sameAs\":[\"https:\\\/\\\/www.facebook.com\\\/www.kidsplay.lt\"]}]}<\/script>\n<!-- \/ Yoast SEO plugin. -->","yoast_head_json":{"title":"STEP2 liels rota\u013cu laukums","description":"STEP2 liels rota\u013cu laukums","robots":{"index":"index","follow":"follow","max-snippet":"max-snippet:-1","max-image-preview":"max-image-preview:large","max-video-preview":"max-video-preview:-1"},"canonical":"https:\/\/kidsplay.lt\/lv\/products\/step2-didele-zaidimu-aikstele-2\/","og_locale":"lv_LV","og_type":"article","og_title":"STEP2 didel\u0117 \u017eaidim\u0173 aik\u0161tel\u0117","og_description":"STEP2 didel\u0117 \u017eaidim\u0173 aik\u0161tel\u0117","og_url":"https:\/\/kidsplay.lt\/lv\/products\/step2-didele-zaidimu-aikstele-2\/","og_site_name":"KidsPlay","article_publisher":"https:\/\/www.facebook.com\/www.kidsplay.lt","article_modified_time":"2026-04-13T11:32:18+00:00","og_image":[{"width":1487,"height":1034,"url":"https:\/\/kidsplay.lt\/wp-content\/uploads\/2025\/09\/STEP2-didele-zaidimu-aikstele.jpg","type":"image\/jpeg"}],"twitter_card":"summary_large_image","twitter_misc":{"Est. reading time":"1 min\u016bte"},"schema":{"@context":"https:\/\/schema.org","@graph":[{"@type":"WebPage","@id":"https:\/\/kidsplay.lt\/produktas\/step2-didele-zaidimu-aikstele-2\/","url":"https:\/\/kidsplay.lt\/produktas\/step2-didele-zaidimu-aikstele-2\/","name":"STEP2 liels rota\u013cu laukums","isPartOf":{"@id":"https:\/\/kidsplay.lt\/#website"},"primaryImageOfPage":{"@id":"https:\/\/kidsplay.lt\/produktas\/step2-didele-zaidimu-aikstele-2\/#primaryimage"},"image":{"@id":"https:\/\/kidsplay.lt\/produktas\/step2-didele-zaidimu-aikstele-2\/#primaryimage"},"thumbnailUrl":"https:\/\/kidsplay.lt\/wp-content\/uploads\/2025\/09\/STEP2-didele-zaidimu-aikstele.jpg","datePublished":"2025-10-02T10:05:03+00:00","dateModified":"2026-04-13T11:32:18+00:00","description":"STEP2 liels rota\u013cu laukums","breadcrumb":{"@id":"https:\/\/kidsplay.lt\/produktas\/step2-didele-zaidimu-aikstele-2\/#breadcrumb"},"inLanguage":"lv-LV","potentialAction":[{"@type":"ReadAction","target":["https:\/\/kidsplay.lt\/produktas\/step2-didele-zaidimu-aikstele-2\/"]}]},{"@type":"ImageObject","inLanguage":"lv-LV","@id":"https:\/\/kidsplay.lt\/produktas\/step2-didele-zaidimu-aikstele-2\/#primaryimage","url":"https:\/\/kidsplay.lt\/wp-content\/uploads\/2025\/09\/STEP2-didele-zaidimu-aikstele.jpg","contentUrl":"https:\/\/kidsplay.lt\/wp-content\/uploads\/2025\/09\/STEP2-didele-zaidimu-aikstele.jpg","width":1487,"height":1034,"caption":"STEP2 didel\u0117 \u017eaidim\u0173 aik\u0161tel\u0117"},{"@type":"BreadcrumbList","@id":"https:\/\/kidsplay.lt\/produktas\/step2-didele-zaidimu-aikstele-2\/#breadcrumb","itemListElement":[{"@type":"ListItem","position":1,"name":"Pagrindinis","item":"https:\/\/kidsplay.lt\/"},{"@type":"ListItem","position":2,"name":"Parduotuv\u0117","item":"https:\/\/kidsplay.lt\/parduotuve\/"},{"@type":"ListItem","position":3,"name":"STEP2 didel\u0117 \u017eaidim\u0173 aik\u0161tel\u0117"}]},{"@type":"WebSite","@id":"https:\/\/kidsplay.lt\/#website","url":"https:\/\/kidsplay.lt\/","name":"B\u0113rnu sp\u0113les.lv","description":"\u012evairios prek\u0117s vaikams","publisher":{"@id":"https:\/\/kidsplay.lt\/#organization"},"alternateName":"Kidsplay","potentialAction":[{"@type":"SearchAction","target":{"@type":"EntryPoint","urlTemplate":"https:\/\/kidsplay.lt\/?s={search_term_string}"},"query-input":{"@type":"PropertyValueSpecification","valueRequired":true,"valueName":"search_term_string"}}],"inLanguage":"lv-LV"},{"@type":"Organization","@id":"https:\/\/kidsplay.lt\/#organization","name":"B\u0113rnu sp\u0113le","url":"https:\/\/kidsplay.lt\/","logo":{"@type":"ImageObject","inLanguage":"lv-LV","@id":"https:\/\/kidsplay.lt\/#\/schema\/logo\/image\/","url":"https:\/\/kidsplay.lt\/wp-content\/uploads\/2023\/07\/kidsplay-logo.png","contentUrl":"https:\/\/kidsplay.lt\/wp-content\/uploads\/2023\/07\/kidsplay-logo.png","width":451,"height":98,"caption":"KidsPlay"},"image":{"@id":"https:\/\/kidsplay.lt\/#\/schema\/logo\/image\/"},"sameAs":["https:\/\/www.facebook.com\/www.kidsplay.lt"]}]}},"_links":{"self":[{"href":"https:\/\/kidsplay.lt\/lv\/wp-json\/wp\/v2\/product\/68662","targetHints":{"allow":["GET"]}}],"collection":[{"href":"https:\/\/kidsplay.lt\/lv\/wp-json\/wp\/v2\/product"}],"about":[{"href":"https:\/\/kidsplay.lt\/lv\/wp-json\/wp\/v2\/types\/product"}],"version-history":[{"count":2,"href":"https:\/\/kidsplay.lt\/lv\/wp-json\/wp\/v2\/product\/68662\/revisions"}],"predecessor-version":[{"id":73778,"href":"https:\/\/kidsplay.lt\/lv\/wp-json\/wp\/v2\/product\/68662\/revisions\/73778"}],"wp:featuredmedia":[{"embeddable":true,"href":"https:\/\/kidsplay.lt\/lv\/wp-json\/wp\/v2\/media\/66268"}],"wp:attachment":[{"href":"https:\/\/kidsplay.lt\/lv\/wp-json\/wp\/v2\/media?parent=68662"}],"wp:term":[{"taxonomy":"product_brand","embeddable":true,"href":"https:\/\/kidsplay.lt\/lv\/wp-json\/wp\/v2\/product_brand?post=68662"},{"taxonomy":"product_cat","embeddable":true,"href":"https:\/\/kidsplay.lt\/lv\/wp-json\/wp\/v2\/product_cat?post=68662"},{"taxonomy":"product_tag","embeddable":true,"href":"https:\/\/kidsplay.lt\/lv\/wp-json\/wp\/v2\/product_tag?post=68662"}],"curies":[{"name":"wp","href":"https:\/\/api.w.org\/{rel}","templated":true}]}}