{"id":68664,"date":"2025-10-02T13:05:09","date_gmt":"2025-10-02T10:05:09","guid":{"rendered":"https:\/\/kidsplay.lt\/produktas\/feber-balansinis-motociklas-2\/"},"modified":"2026-04-13T14:32:25","modified_gmt":"2026-04-13T11:32:25","slug":"feber-balansinis-motociklas-2","status":"publish","type":"product","link":"https:\/\/kidsplay.lt\/lv\/products\/feber-balansinis-motociklas-2\/","title":{"rendered":"FEBER balansinis motociklas"},"content":{"rendered":"<p>\u201eMotofeber\u201c motociklas\u00a0\u2013 tai spalvingas motociklas, sukurtas galvojant apie jauniausius tyrin\u0117tojus! D\u0117l lengvos konstrukcijos j\u012f lengva pasiimti su \u0161eima pasivaik\u0161\u010diojant parke ar i\u0161vykstant po miest\u0105. Dviratis turi\u00a0\u00a0didelius, pla\u010dius ratus\u00a0\u00a0, u\u017etikrinan\u010dius saugum\u0105, stabilum\u0105 ir lengv\u0105 pusiausvyr\u0105. Ratai pagaminti i\u0161 plastiko, tod\u0117l tinka bet kokiam pavir\u0161iui, tiek viduje, tiek lauke. \u0160is saugus, stabilus ir ne\u012ftik\u0117tinai patvarus motociklas kiekvien\u0105 dien\u0105 pavers kupina mank\u0161tos, juoko ir nuotyki\u0173!<\/p>\n<p>Rakstur\u012bgs:\u00a0<\/p>\n<p> \t\u2714\ufe0f Vaikams nuo\u00a018 m\u0117nesi\u0173\u00a0am\u017eiaus<br \/>\n \t\u2714\ufe0f Plat\u016bs, patvar\u016bs ratai garantuoja saugum\u0105 \u017eaid\u017eiant<br \/>\n \t\u2714\ufe0f Stabili ir patvari konstrukcija, pagaminta i\u0161 auk\u0161tos kokyb\u0117s med\u017eiag\u0173<br \/>\n \t\u2714\ufe0f Lengvas ir patogus ne\u0161iotis<br \/>\n \t\u2714\ufe0f Puikiai tinka naudoti tiek namuose, tiek lauke<\/p>\n<p>Rota\u013clieta att\u012bst\u0101s:<\/p>\n<p> \t\u2714\ufe0f Motoriniai \u012fg\u016bd\u017eiai<br \/>\n \t\u2714\ufe0f rank\u0173 ir aki\u0173 koordinacija<br \/>\n \t\u2714\ufe0f Motorin\u0117 koordinacija<br \/>\n \t\u2714\ufe0f Nepriklausomyb\u0117<\/p>","protected":false},"excerpt":{"rendered":"<p>FEBER balansinis motociklas<\/p>","protected":false},"featured_media":66273,"template":"","meta":{"_acf_changed":false,"_glsr_average":0,"_glsr_ranking":0,"_glsr_reviews":0},"product_brand":[],"product_cat":[237],"product_tag":[],"class_list":{"0":"post-68664","1":"product","2":"type-product","3":"status-publish","4":"has-post-thumbnail","6":"product_cat-judejimo-priemones","7":"\"style=\"background-color: #2ecc711c;\"","9":"first","10":"instock","11":"purchasable","12":"product-type-simple"},"acf":[],"yoast_head":"<!-- This site is optimized with the Yoast SEO plugin v27.4 - https:\/\/yoast.com\/product\/yoast-seo-wordpress\/ -->\n<title>FEBER balansinis motociklas<\/title>\n<meta name=\"description\" content=\"FEBER balansinis motociklas\" \/>\n<meta name=\"robots\" content=\"index, follow, max-snippet:-1, max-image-preview:large, max-video-preview:-1\" \/>\n<link rel=\"canonical\" href=\"https:\/\/kidsplay.lt\/lv\/products\/feber-balansinis-motociklas-2\/\" \/>\n<meta property=\"og:locale\" content=\"lv_LV\" \/>\n<meta property=\"og:type\" content=\"article\" \/>\n<meta property=\"og:title\" content=\"FEBER balansinis motociklas\" \/>\n<meta property=\"og:description\" content=\"FEBER balansinis motociklas\" \/>\n<meta property=\"og:url\" content=\"https:\/\/kidsplay.lt\/lv\/products\/feber-balansinis-motociklas-2\/\" \/>\n<meta property=\"og:site_name\" content=\"KidsPlay\" \/>\n<meta property=\"article:publisher\" content=\"https:\/\/www.facebook.com\/www.kidsplay.lt\" \/>\n<meta property=\"article:modified_time\" content=\"2026-04-13T11:32:25+00:00\" \/>\n<meta property=\"og:image\" content=\"https:\/\/kidsplay.lt\/wp-content\/uploads\/2025\/09\/FEBER-balansinis-motociklas.jpg\" \/>\n\t<meta property=\"og:image:width\" content=\"1000\" \/>\n\t<meta property=\"og:image:height\" content=\"1000\" \/>\n\t<meta property=\"og:image:type\" content=\"image\/jpeg\" \/>\n<meta name=\"twitter:card\" content=\"summary_large_image\" \/>\n<meta name=\"twitter:label1\" content=\"Est. reading time\" \/>\n\t<meta name=\"twitter:data1\" content=\"1 min\u016bte\" \/>\n<script type=\"application\/ld+json\" class=\"yoast-schema-graph\">{\"@context\":\"https:\\\/\\\/schema.org\",\"@graph\":[{\"@type\":\"WebPage\",\"@id\":\"https:\\\/\\\/kidsplay.lt\\\/produktas\\\/feber-balansinis-motociklas-2\\\/\",\"url\":\"https:\\\/\\\/kidsplay.lt\\\/produktas\\\/feber-balansinis-motociklas-2\\\/\",\"name\":\"FEBER balansinis motociklas\",\"isPartOf\":{\"@id\":\"https:\\\/\\\/kidsplay.lt\\\/#website\"},\"primaryImageOfPage\":{\"@id\":\"https:\\\/\\\/kidsplay.lt\\\/produktas\\\/feber-balansinis-motociklas-2\\\/#primaryimage\"},\"image\":{\"@id\":\"https:\\\/\\\/kidsplay.lt\\\/produktas\\\/feber-balansinis-motociklas-2\\\/#primaryimage\"},\"thumbnailUrl\":\"https:\\\/\\\/kidsplay.lt\\\/wp-content\\\/uploads\\\/2025\\\/09\\\/FEBER-balansinis-motociklas.jpg\",\"datePublished\":\"2025-10-02T10:05:09+00:00\",\"dateModified\":\"2026-04-13T11:32:25+00:00\",\"description\":\"FEBER balansinis motociklas\",\"breadcrumb\":{\"@id\":\"https:\\\/\\\/kidsplay.lt\\\/produktas\\\/feber-balansinis-motociklas-2\\\/#breadcrumb\"},\"inLanguage\":\"lv-LV\",\"potentialAction\":[{\"@type\":\"ReadAction\",\"target\":[\"https:\\\/\\\/kidsplay.lt\\\/produktas\\\/feber-balansinis-motociklas-2\\\/\"]}]},{\"@type\":\"ImageObject\",\"inLanguage\":\"lv-LV\",\"@id\":\"https:\\\/\\\/kidsplay.lt\\\/produktas\\\/feber-balansinis-motociklas-2\\\/#primaryimage\",\"url\":\"https:\\\/\\\/kidsplay.lt\\\/wp-content\\\/uploads\\\/2025\\\/09\\\/FEBER-balansinis-motociklas.jpg\",\"contentUrl\":\"https:\\\/\\\/kidsplay.lt\\\/wp-content\\\/uploads\\\/2025\\\/09\\\/FEBER-balansinis-motociklas.jpg\",\"width\":1000,\"height\":1000,\"caption\":\"FEBER balansinis motociklas\"},{\"@type\":\"BreadcrumbList\",\"@id\":\"https:\\\/\\\/kidsplay.lt\\\/produktas\\\/feber-balansinis-motociklas-2\\\/#breadcrumb\",\"itemListElement\":[{\"@type\":\"ListItem\",\"position\":1,\"name\":\"Pagrindinis\",\"item\":\"https:\\\/\\\/kidsplay.lt\\\/\"},{\"@type\":\"ListItem\",\"position\":2,\"name\":\"Parduotuv\u0117\",\"item\":\"https:\\\/\\\/kidsplay.lt\\\/parduotuve\\\/\"},{\"@type\":\"ListItem\",\"position\":3,\"name\":\"FEBER balansinis motociklas\"}]},{\"@type\":\"WebSite\",\"@id\":\"https:\\\/\\\/kidsplay.lt\\\/#website\",\"url\":\"https:\\\/\\\/kidsplay.lt\\\/\",\"name\":\"Kidsplay.lt\",\"description\":\"\u012evairios prek\u0117s vaikams\",\"publisher\":{\"@id\":\"https:\\\/\\\/kidsplay.lt\\\/#organization\"},\"alternateName\":\"Kidsplay\",\"potentialAction\":[{\"@type\":\"SearchAction\",\"target\":{\"@type\":\"EntryPoint\",\"urlTemplate\":\"https:\\\/\\\/kidsplay.lt\\\/?s={search_term_string}\"},\"query-input\":{\"@type\":\"PropertyValueSpecification\",\"valueRequired\":true,\"valueName\":\"search_term_string\"}}],\"inLanguage\":\"lv-LV\"},{\"@type\":\"Organization\",\"@id\":\"https:\\\/\\\/kidsplay.lt\\\/#organization\",\"name\":\"KidsPlay\",\"url\":\"https:\\\/\\\/kidsplay.lt\\\/\",\"logo\":{\"@type\":\"ImageObject\",\"inLanguage\":\"lv-LV\",\"@id\":\"https:\\\/\\\/kidsplay.lt\\\/#\\\/schema\\\/logo\\\/image\\\/\",\"url\":\"https:\\\/\\\/kidsplay.lt\\\/wp-content\\\/uploads\\\/2023\\\/07\\\/kidsplay-logo.png\",\"contentUrl\":\"https:\\\/\\\/kidsplay.lt\\\/wp-content\\\/uploads\\\/2023\\\/07\\\/kidsplay-logo.png\",\"width\":451,\"height\":98,\"caption\":\"KidsPlay\"},\"image\":{\"@id\":\"https:\\\/\\\/kidsplay.lt\\\/#\\\/schema\\\/logo\\\/image\\\/\"},\"sameAs\":[\"https:\\\/\\\/www.facebook.com\\\/www.kidsplay.lt\"]}]}<\/script>\n<!-- \/ Yoast SEO plugin. -->","yoast_head_json":{"title":"FEBER balansinis motociklas","description":"FEBER balansinis motociklas","robots":{"index":"index","follow":"follow","max-snippet":"max-snippet:-1","max-image-preview":"max-image-preview:large","max-video-preview":"max-video-preview:-1"},"canonical":"https:\/\/kidsplay.lt\/lv\/products\/feber-balansinis-motociklas-2\/","og_locale":"lv_LV","og_type":"article","og_title":"FEBER balansinis motociklas","og_description":"FEBER balansinis motociklas","og_url":"https:\/\/kidsplay.lt\/lv\/products\/feber-balansinis-motociklas-2\/","og_site_name":"KidsPlay","article_publisher":"https:\/\/www.facebook.com\/www.kidsplay.lt","article_modified_time":"2026-04-13T11:32:25+00:00","og_image":[{"width":1000,"height":1000,"url":"https:\/\/kidsplay.lt\/wp-content\/uploads\/2025\/09\/FEBER-balansinis-motociklas.jpg","type":"image\/jpeg"}],"twitter_card":"summary_large_image","twitter_misc":{"Est. reading time":"1 min\u016bte"},"schema":{"@context":"https:\/\/schema.org","@graph":[{"@type":"WebPage","@id":"https:\/\/kidsplay.lt\/produktas\/feber-balansinis-motociklas-2\/","url":"https:\/\/kidsplay.lt\/produktas\/feber-balansinis-motociklas-2\/","name":"FEBER balansinis motociklas","isPartOf":{"@id":"https:\/\/kidsplay.lt\/#website"},"primaryImageOfPage":{"@id":"https:\/\/kidsplay.lt\/produktas\/feber-balansinis-motociklas-2\/#primaryimage"},"image":{"@id":"https:\/\/kidsplay.lt\/produktas\/feber-balansinis-motociklas-2\/#primaryimage"},"thumbnailUrl":"https:\/\/kidsplay.lt\/wp-content\/uploads\/2025\/09\/FEBER-balansinis-motociklas.jpg","datePublished":"2025-10-02T10:05:09+00:00","dateModified":"2026-04-13T11:32:25+00:00","description":"FEBER balansinis motociklas","breadcrumb":{"@id":"https:\/\/kidsplay.lt\/produktas\/feber-balansinis-motociklas-2\/#breadcrumb"},"inLanguage":"lv-LV","potentialAction":[{"@type":"ReadAction","target":["https:\/\/kidsplay.lt\/produktas\/feber-balansinis-motociklas-2\/"]}]},{"@type":"ImageObject","inLanguage":"lv-LV","@id":"https:\/\/kidsplay.lt\/produktas\/feber-balansinis-motociklas-2\/#primaryimage","url":"https:\/\/kidsplay.lt\/wp-content\/uploads\/2025\/09\/FEBER-balansinis-motociklas.jpg","contentUrl":"https:\/\/kidsplay.lt\/wp-content\/uploads\/2025\/09\/FEBER-balansinis-motociklas.jpg","width":1000,"height":1000,"caption":"FEBER balansinis motociklas"},{"@type":"BreadcrumbList","@id":"https:\/\/kidsplay.lt\/produktas\/feber-balansinis-motociklas-2\/#breadcrumb","itemListElement":[{"@type":"ListItem","position":1,"name":"Pagrindinis","item":"https:\/\/kidsplay.lt\/"},{"@type":"ListItem","position":2,"name":"Parduotuv\u0117","item":"https:\/\/kidsplay.lt\/parduotuve\/"},{"@type":"ListItem","position":3,"name":"FEBER balansinis motociklas"}]},{"@type":"WebSite","@id":"https:\/\/kidsplay.lt\/#website","url":"https:\/\/kidsplay.lt\/","name":"B\u0113rnu sp\u0113les.lv","description":"\u012evairios prek\u0117s vaikams","publisher":{"@id":"https:\/\/kidsplay.lt\/#organization"},"alternateName":"Kidsplay","potentialAction":[{"@type":"SearchAction","target":{"@type":"EntryPoint","urlTemplate":"https:\/\/kidsplay.lt\/?s={search_term_string}"},"query-input":{"@type":"PropertyValueSpecification","valueRequired":true,"valueName":"search_term_string"}}],"inLanguage":"lv-LV"},{"@type":"Organization","@id":"https:\/\/kidsplay.lt\/#organization","name":"B\u0113rnu sp\u0113le","url":"https:\/\/kidsplay.lt\/","logo":{"@type":"ImageObject","inLanguage":"lv-LV","@id":"https:\/\/kidsplay.lt\/#\/schema\/logo\/image\/","url":"https:\/\/kidsplay.lt\/wp-content\/uploads\/2023\/07\/kidsplay-logo.png","contentUrl":"https:\/\/kidsplay.lt\/wp-content\/uploads\/2023\/07\/kidsplay-logo.png","width":451,"height":98,"caption":"KidsPlay"},"image":{"@id":"https:\/\/kidsplay.lt\/#\/schema\/logo\/image\/"},"sameAs":["https:\/\/www.facebook.com\/www.kidsplay.lt"]}]}},"_links":{"self":[{"href":"https:\/\/kidsplay.lt\/lv\/wp-json\/wp\/v2\/product\/68664","targetHints":{"allow":["GET"]}}],"collection":[{"href":"https:\/\/kidsplay.lt\/lv\/wp-json\/wp\/v2\/product"}],"about":[{"href":"https:\/\/kidsplay.lt\/lv\/wp-json\/wp\/v2\/types\/product"}],"version-history":[{"count":2,"href":"https:\/\/kidsplay.lt\/lv\/wp-json\/wp\/v2\/product\/68664\/revisions"}],"predecessor-version":[{"id":73777,"href":"https:\/\/kidsplay.lt\/lv\/wp-json\/wp\/v2\/product\/68664\/revisions\/73777"}],"wp:featuredmedia":[{"embeddable":true,"href":"https:\/\/kidsplay.lt\/lv\/wp-json\/wp\/v2\/media\/66273"}],"wp:attachment":[{"href":"https:\/\/kidsplay.lt\/lv\/wp-json\/wp\/v2\/media?parent=68664"}],"wp:term":[{"taxonomy":"product_brand","embeddable":true,"href":"https:\/\/kidsplay.lt\/lv\/wp-json\/wp\/v2\/product_brand?post=68664"},{"taxonomy":"product_cat","embeddable":true,"href":"https:\/\/kidsplay.lt\/lv\/wp-json\/wp\/v2\/product_cat?post=68664"},{"taxonomy":"product_tag","embeddable":true,"href":"https:\/\/kidsplay.lt\/lv\/wp-json\/wp\/v2\/product_tag?post=68664"}],"curies":[{"name":"wp","href":"https:\/\/api.w.org\/{rel}","templated":true}]}}