{"id":68676,"date":"2025-10-02T13:05:49","date_gmt":"2025-10-02T10:05:49","guid":{"rendered":"https:\/\/kidsplay.lt\/produktas\/feber-balansinis-dviratis-vaikams-2\/"},"modified":"2026-03-23T08:24:03","modified_gmt":"2026-03-23T06:24:03","slug":"feber-balansinis-dviratis-vaikams-2","status":"publish","type":"product","link":"https:\/\/kidsplay.lt\/lv\/products\/feber-balansinis-dviratis-vaikams-2\/","title":{"rendered":"FEBER l\u012bdzsvara velosip\u0113ds b\u0113rniem"},"content":{"rendered":"<p>Balansinis dviratis vaikams \u2013 lengvas, sporti\u0161kas, padedantis lavinti pusiausvyr\u0105.<\/p>\n<p>Kod\u0117l \u201eFeber\u201c balansinis dviratis yra puikus pasirinkimas?<\/p>\n<p>Vaikui, kuris dar ne\u012fvald\u0117 va\u017eiavimo klasikiniu dvira\u010diu, balansinis dviratis yra\u00a0puikus b\u016bdas prad\u0117ti savo dvira\u010di\u0173 nuotyk\u012f\u00a0. Be pedal\u0173, jis moko pusiausvyros ir padeda lavinti motorikos koordinacijos \u012fg\u016bd\u017eius \u2013 tai labai svarbu v\u0117liau mokantis va\u017eiuoti \u012fprastu dvira\u010diu.<\/p>\n<p>Dviratis buvo sukurtas galvojant apie ma\u017eiausius vaikus\u00a0\u2013 \u017eemai pastatytas, kont\u016bruotas r\u0117mas leid\u017eia jiems lengvai\u00a0savaranki\u0161kai\u00a0u\u017elipti\u00a0ir nulipti nuo dvira\u010dio\u00a0. Reguliarus mank\u0161tinimasis nuo ma\u017eens skatina sveik\u0105 vystym\u0105si, o va\u017eiavimas balansiniu dvira\u010diu suteikia daugiau nei tik fizin\u0119 naud\u0105. Tokia veikla\u00a0\u012ftraukia abu smegen\u0173 pusrutulius\u00a0, o tai taip pat palaiko kognityvin\u012f vystym\u0105si. \u0160tai kod\u0117l verta prad\u0117ti savo va\u017eiavim\u0105 dvira\u010diu nuo ma\u017eens.<br \/>\nRakstur\u012bgs:<\/p>\n<p> \t&#8211; Vaikams nuo\u00a02 met\u0173 am\u017eiaus<br \/>\n \t&#8211; Lengvas dizainas\u00a0, kad b\u016bt\u0173 lengva ne\u0161iotis ir manevruoti<br \/>\n \t&#8211;\u00a0Saugus\u00a0\u2013 atitinka visus\u00a0grie\u017etusvaikams skirt\u0173 gamini\u0173\u00a0saugos standartus .<\/p>\n<p> \t\u00a0&#8211;\u00a0\u00a0Reguliuojamas balnelis\u00a0\u2013\u00a0auga kartu su j\u016bs\u0173 vaiku<br \/>\n \t&#8211; Sportinis dizainas, kuris pritraukia vaik\u0173 d\u0117mes\u012f<br \/>\n \t&#8211; Patvar\u016bs, nepraduriami ratai<br \/>\n \t&#8211; Gumin\u0117s rankenos\u00a0geresniam sukibimui ir vairavimo patogumui<\/p>","protected":false},"excerpt":{"rendered":"<p>FEBER l\u012bdzsvara velosip\u0113ds b\u0113rniem<\/p>","protected":false},"featured_media":61191,"template":"","meta":{"_acf_changed":false,"_glsr_average":0,"_glsr_ranking":0,"_glsr_reviews":0},"product_brand":[],"product_cat":[237],"product_tag":[],"class_list":{"0":"post-68676","1":"product","2":"type-product","3":"status-publish","4":"has-post-thumbnail","6":"product_cat-judejimo-priemones","7":"\"style=\"background-color: #2ecc711c;\"","9":"first","10":"outofstock","11":"purchasable","12":"product-type-simple"},"acf":[],"yoast_head":"<!-- This site is optimized with the Yoast SEO plugin v27.3 - https:\/\/yoast.com\/product\/yoast-seo-wordpress\/ -->\n<title>FEBER balansinis dviratis vaikams<\/title>\n<meta name=\"description\" content=\"FEBER balansinis dviratis vaikams\" \/>\n<meta name=\"robots\" content=\"index, follow, max-snippet:-1, max-image-preview:large, max-video-preview:-1\" \/>\n<link rel=\"canonical\" href=\"https:\/\/kidsplay.lt\/lv\/products\/feber-balansinis-dviratis-vaikams-2\/\" \/>\n<meta property=\"og:locale\" content=\"lv_LV\" \/>\n<meta property=\"og:type\" content=\"article\" \/>\n<meta property=\"og:title\" content=\"FEBER balansinis dviratis vaikams\" \/>\n<meta property=\"og:description\" content=\"FEBER balansinis dviratis vaikams\" \/>\n<meta property=\"og:url\" content=\"https:\/\/kidsplay.lt\/lv\/products\/feber-balansinis-dviratis-vaikams-2\/\" \/>\n<meta property=\"og:site_name\" content=\"KidsPlay\" \/>\n<meta property=\"article:publisher\" content=\"https:\/\/www.facebook.com\/www.kidsplay.lt\" \/>\n<meta property=\"article:modified_time\" content=\"2026-03-23T06:24:03+00:00\" \/>\n<meta property=\"og:image\" content=\"https:\/\/kidsplay.lt\/wp-content\/uploads\/2025\/05\/FEBER-balansinis-dviratis-vaikams.jpg\" \/>\n\t<meta property=\"og:image:width\" content=\"1000\" \/>\n\t<meta property=\"og:image:height\" content=\"1000\" \/>\n\t<meta property=\"og:image:type\" content=\"image\/jpeg\" \/>\n<meta name=\"twitter:card\" content=\"summary_large_image\" \/>\n<meta name=\"twitter:label1\" content=\"Est. reading time\" \/>\n\t<meta name=\"twitter:data1\" content=\"1 min\u016bte\" \/>\n<script type=\"application\/ld+json\" class=\"yoast-schema-graph\">{\"@context\":\"https:\\\/\\\/schema.org\",\"@graph\":[{\"@type\":\"WebPage\",\"@id\":\"https:\\\/\\\/kidsplay.lt\\\/produktas\\\/feber-balansinis-dviratis-vaikams-2\\\/\",\"url\":\"https:\\\/\\\/kidsplay.lt\\\/produktas\\\/feber-balansinis-dviratis-vaikams-2\\\/\",\"name\":\"FEBER balansinis dviratis vaikams\",\"isPartOf\":{\"@id\":\"https:\\\/\\\/kidsplay.lt\\\/#website\"},\"primaryImageOfPage\":{\"@id\":\"https:\\\/\\\/kidsplay.lt\\\/produktas\\\/feber-balansinis-dviratis-vaikams-2\\\/#primaryimage\"},\"image\":{\"@id\":\"https:\\\/\\\/kidsplay.lt\\\/produktas\\\/feber-balansinis-dviratis-vaikams-2\\\/#primaryimage\"},\"thumbnailUrl\":\"https:\\\/\\\/kidsplay.lt\\\/wp-content\\\/uploads\\\/2025\\\/05\\\/FEBER-balansinis-dviratis-vaikams.jpg\",\"datePublished\":\"2025-10-02T10:05:49+00:00\",\"dateModified\":\"2026-03-23T06:24:03+00:00\",\"description\":\"FEBER balansinis dviratis vaikams\",\"breadcrumb\":{\"@id\":\"https:\\\/\\\/kidsplay.lt\\\/produktas\\\/feber-balansinis-dviratis-vaikams-2\\\/#breadcrumb\"},\"inLanguage\":\"lv-LV\",\"potentialAction\":[{\"@type\":\"ReadAction\",\"target\":[\"https:\\\/\\\/kidsplay.lt\\\/produktas\\\/feber-balansinis-dviratis-vaikams-2\\\/\"]}]},{\"@type\":\"ImageObject\",\"inLanguage\":\"lv-LV\",\"@id\":\"https:\\\/\\\/kidsplay.lt\\\/produktas\\\/feber-balansinis-dviratis-vaikams-2\\\/#primaryimage\",\"url\":\"https:\\\/\\\/kidsplay.lt\\\/wp-content\\\/uploads\\\/2025\\\/05\\\/FEBER-balansinis-dviratis-vaikams.jpg\",\"contentUrl\":\"https:\\\/\\\/kidsplay.lt\\\/wp-content\\\/uploads\\\/2025\\\/05\\\/FEBER-balansinis-dviratis-vaikams.jpg\",\"width\":1000,\"height\":1000,\"caption\":\"FEBER balansinis dviratis vaikams\"},{\"@type\":\"BreadcrumbList\",\"@id\":\"https:\\\/\\\/kidsplay.lt\\\/produktas\\\/feber-balansinis-dviratis-vaikams-2\\\/#breadcrumb\",\"itemListElement\":[{\"@type\":\"ListItem\",\"position\":1,\"name\":\"Pagrindinis\",\"item\":\"https:\\\/\\\/kidsplay.lt\\\/\"},{\"@type\":\"ListItem\",\"position\":2,\"name\":\"Parduotuv\u0117\",\"item\":\"https:\\\/\\\/kidsplay.lt\\\/parduotuve\\\/\"},{\"@type\":\"ListItem\",\"position\":3,\"name\":\"FEBER balansinis dviratis vaikams\"}]},{\"@type\":\"WebSite\",\"@id\":\"https:\\\/\\\/kidsplay.lt\\\/#website\",\"url\":\"https:\\\/\\\/kidsplay.lt\\\/\",\"name\":\"Kidsplay.lt\",\"description\":\"\u012evairios prek\u0117s vaikams\",\"publisher\":{\"@id\":\"https:\\\/\\\/kidsplay.lt\\\/#organization\"},\"alternateName\":\"Kidsplay\",\"potentialAction\":[{\"@type\":\"SearchAction\",\"target\":{\"@type\":\"EntryPoint\",\"urlTemplate\":\"https:\\\/\\\/kidsplay.lt\\\/?s={search_term_string}\"},\"query-input\":{\"@type\":\"PropertyValueSpecification\",\"valueRequired\":true,\"valueName\":\"search_term_string\"}}],\"inLanguage\":\"lv-LV\"},{\"@type\":\"Organization\",\"@id\":\"https:\\\/\\\/kidsplay.lt\\\/#organization\",\"name\":\"KidsPlay\",\"url\":\"https:\\\/\\\/kidsplay.lt\\\/\",\"logo\":{\"@type\":\"ImageObject\",\"inLanguage\":\"lv-LV\",\"@id\":\"https:\\\/\\\/kidsplay.lt\\\/#\\\/schema\\\/logo\\\/image\\\/\",\"url\":\"https:\\\/\\\/kidsplay.lt\\\/wp-content\\\/uploads\\\/2023\\\/07\\\/kidsplay-logo.png\",\"contentUrl\":\"https:\\\/\\\/kidsplay.lt\\\/wp-content\\\/uploads\\\/2023\\\/07\\\/kidsplay-logo.png\",\"width\":451,\"height\":98,\"caption\":\"KidsPlay\"},\"image\":{\"@id\":\"https:\\\/\\\/kidsplay.lt\\\/#\\\/schema\\\/logo\\\/image\\\/\"},\"sameAs\":[\"https:\\\/\\\/www.facebook.com\\\/www.kidsplay.lt\"]}]}<\/script>\n<!-- \/ Yoast SEO plugin. -->","yoast_head_json":{"title":"FEBER l\u012bdzsvara velosip\u0113ds b\u0113rniem","description":"FEBER l\u012bdzsvara velosip\u0113ds b\u0113rniem","robots":{"index":"index","follow":"follow","max-snippet":"max-snippet:-1","max-image-preview":"max-image-preview:large","max-video-preview":"max-video-preview:-1"},"canonical":"https:\/\/kidsplay.lt\/lv\/products\/feber-balansinis-dviratis-vaikams-2\/","og_locale":"lv_LV","og_type":"article","og_title":"FEBER balansinis dviratis vaikams","og_description":"FEBER balansinis dviratis vaikams","og_url":"https:\/\/kidsplay.lt\/lv\/products\/feber-balansinis-dviratis-vaikams-2\/","og_site_name":"KidsPlay","article_publisher":"https:\/\/www.facebook.com\/www.kidsplay.lt","article_modified_time":"2026-03-23T06:24:03+00:00","og_image":[{"width":1000,"height":1000,"url":"https:\/\/kidsplay.lt\/wp-content\/uploads\/2025\/05\/FEBER-balansinis-dviratis-vaikams.jpg","type":"image\/jpeg"}],"twitter_card":"summary_large_image","twitter_misc":{"Est. reading time":"1 min\u016bte"},"schema":{"@context":"https:\/\/schema.org","@graph":[{"@type":"WebPage","@id":"https:\/\/kidsplay.lt\/produktas\/feber-balansinis-dviratis-vaikams-2\/","url":"https:\/\/kidsplay.lt\/produktas\/feber-balansinis-dviratis-vaikams-2\/","name":"FEBER l\u012bdzsvara velosip\u0113ds b\u0113rniem","isPartOf":{"@id":"https:\/\/kidsplay.lt\/#website"},"primaryImageOfPage":{"@id":"https:\/\/kidsplay.lt\/produktas\/feber-balansinis-dviratis-vaikams-2\/#primaryimage"},"image":{"@id":"https:\/\/kidsplay.lt\/produktas\/feber-balansinis-dviratis-vaikams-2\/#primaryimage"},"thumbnailUrl":"https:\/\/kidsplay.lt\/wp-content\/uploads\/2025\/05\/FEBER-balansinis-dviratis-vaikams.jpg","datePublished":"2025-10-02T10:05:49+00:00","dateModified":"2026-03-23T06:24:03+00:00","description":"FEBER l\u012bdzsvara velosip\u0113ds b\u0113rniem","breadcrumb":{"@id":"https:\/\/kidsplay.lt\/produktas\/feber-balansinis-dviratis-vaikams-2\/#breadcrumb"},"inLanguage":"lv-LV","potentialAction":[{"@type":"ReadAction","target":["https:\/\/kidsplay.lt\/produktas\/feber-balansinis-dviratis-vaikams-2\/"]}]},{"@type":"ImageObject","inLanguage":"lv-LV","@id":"https:\/\/kidsplay.lt\/produktas\/feber-balansinis-dviratis-vaikams-2\/#primaryimage","url":"https:\/\/kidsplay.lt\/wp-content\/uploads\/2025\/05\/FEBER-balansinis-dviratis-vaikams.jpg","contentUrl":"https:\/\/kidsplay.lt\/wp-content\/uploads\/2025\/05\/FEBER-balansinis-dviratis-vaikams.jpg","width":1000,"height":1000,"caption":"FEBER balansinis dviratis vaikams"},{"@type":"BreadcrumbList","@id":"https:\/\/kidsplay.lt\/produktas\/feber-balansinis-dviratis-vaikams-2\/#breadcrumb","itemListElement":[{"@type":"ListItem","position":1,"name":"Pagrindinis","item":"https:\/\/kidsplay.lt\/"},{"@type":"ListItem","position":2,"name":"Parduotuv\u0117","item":"https:\/\/kidsplay.lt\/parduotuve\/"},{"@type":"ListItem","position":3,"name":"FEBER balansinis dviratis vaikams"}]},{"@type":"WebSite","@id":"https:\/\/kidsplay.lt\/#website","url":"https:\/\/kidsplay.lt\/","name":"B\u0113rnu sp\u0113les.lv","description":"\u012evairios prek\u0117s vaikams","publisher":{"@id":"https:\/\/kidsplay.lt\/#organization"},"alternateName":"Kidsplay","potentialAction":[{"@type":"SearchAction","target":{"@type":"EntryPoint","urlTemplate":"https:\/\/kidsplay.lt\/?s={search_term_string}"},"query-input":{"@type":"PropertyValueSpecification","valueRequired":true,"valueName":"search_term_string"}}],"inLanguage":"lv-LV"},{"@type":"Organization","@id":"https:\/\/kidsplay.lt\/#organization","name":"B\u0113rnu sp\u0113le","url":"https:\/\/kidsplay.lt\/","logo":{"@type":"ImageObject","inLanguage":"lv-LV","@id":"https:\/\/kidsplay.lt\/#\/schema\/logo\/image\/","url":"https:\/\/kidsplay.lt\/wp-content\/uploads\/2023\/07\/kidsplay-logo.png","contentUrl":"https:\/\/kidsplay.lt\/wp-content\/uploads\/2023\/07\/kidsplay-logo.png","width":451,"height":98,"caption":"KidsPlay"},"image":{"@id":"https:\/\/kidsplay.lt\/#\/schema\/logo\/image\/"},"sameAs":["https:\/\/www.facebook.com\/www.kidsplay.lt"]}]}},"_links":{"self":[{"href":"https:\/\/kidsplay.lt\/lv\/wp-json\/wp\/v2\/product\/68676","targetHints":{"allow":["GET"]}}],"collection":[{"href":"https:\/\/kidsplay.lt\/lv\/wp-json\/wp\/v2\/product"}],"about":[{"href":"https:\/\/kidsplay.lt\/lv\/wp-json\/wp\/v2\/types\/product"}],"version-history":[{"count":2,"href":"https:\/\/kidsplay.lt\/lv\/wp-json\/wp\/v2\/product\/68676\/revisions"}],"predecessor-version":[{"id":73771,"href":"https:\/\/kidsplay.lt\/lv\/wp-json\/wp\/v2\/product\/68676\/revisions\/73771"}],"wp:featuredmedia":[{"embeddable":true,"href":"https:\/\/kidsplay.lt\/lv\/wp-json\/wp\/v2\/media\/61191"}],"wp:attachment":[{"href":"https:\/\/kidsplay.lt\/lv\/wp-json\/wp\/v2\/media?parent=68676"}],"wp:term":[{"taxonomy":"product_brand","embeddable":true,"href":"https:\/\/kidsplay.lt\/lv\/wp-json\/wp\/v2\/product_brand?post=68676"},{"taxonomy":"product_cat","embeddable":true,"href":"https:\/\/kidsplay.lt\/lv\/wp-json\/wp\/v2\/product_cat?post=68676"},{"taxonomy":"product_tag","embeddable":true,"href":"https:\/\/kidsplay.lt\/lv\/wp-json\/wp\/v2\/product_tag?post=68676"}],"curies":[{"name":"wp","href":"https:\/\/api.w.org\/{rel}","templated":true}]}}