{"id":68678,"date":"2025-10-02T13:05:56","date_gmt":"2025-10-02T10:05:56","guid":{"rendered":"https:\/\/kidsplay.lt\/produktas\/woopie-ekskavatoriaus-miesto-sunkvezimio-garso-ir-sviesos-efektai-2\/"},"modified":"2026-04-13T14:33:49","modified_gmt":"2026-04-13T11:33:49","slug":"woopie-ekskavatoriaus-miesto-sunkvezimio-garso-ir-sviesos-efektai-2","status":"publish","type":"product","link":"https:\/\/kidsplay.lt\/lv\/products\/woopie-ekskavatoriaus-miesto-sunkvezimio-garso-ir-sviesos-efektai-2\/","title":{"rendered":"WOOPIE ekskavatora pils\u0113tas kravas automa\u0161\u012bnas ska\u0146as un gaismas efekti"},"content":{"rendered":"<p>CITY\u00a0TRUCK\u00a0statybinis sunkve\u017eimis-\u00a0ekskavatorius\u00a0leis kiekvienam jaunam statybininkui pakelti savo \u017eaidim\u0105 \u012f kit\u0105 lyg\u012f ir tapti tikros statybin\u0117s ma\u0161inos vairuotoju. Pagamintas i\u0161\u00a0patvari\u0173, saugi\u0173 med\u017eiag\u0173,\u00a0jis turi\u00a0judam\u0105 ekskavatoriaus str\u0117l\u0119\u00a0, leid\u017eian\u010di\u0105 pakelti ir nuleisti kau\u0161\u0105, taip pat\u00a0\u0161viesos ir garso efektus,\u00a0\u012fjungiamus paspaudus mygtuk\u0105 ant transporto priemon\u0117s stogo.<br \/>\n\u2705\u00a0Charakteristikos:<br \/>\n\u2714\ufe0f Pagaminta i\u0161 tvirt\u0173 med\u017eiag\u0173<br \/>\n\u2714\ufe0f Su \u0161viesos ir garso efektais<br \/>\n\u2714\ufe0f Funkcionali ekskavatoriaus str\u0117l\u0117<br \/>\n\u2714\ufe0f Puikiai tinka k\u016brybingiems \u017eaidimams statybviet\u0117je<br \/>\n\u2705 Rota\u013clieta att\u012bst\u0101s:<br \/>\n\u2714\ufe0f Vaizduot\u0117<br \/>\n\u2714\ufe0f K\u016brybi\u0161kumas<br \/>\n\u2714\ufe0f Rankiniai \u012fg\u016bd\u017eiai<br \/>\n\u26a1Baterijos prid\u0117tos\u26a1<\/p>","protected":false},"excerpt":{"rendered":"<p>WOOPIE ekskavatora pils\u0113tas kravas automa\u0161\u012bnas ska\u0146as un gaismas efekti<\/p>","protected":false},"featured_media":66304,"template":"","meta":{"_acf_changed":false,"_glsr_average":0,"_glsr_ranking":0,"_glsr_reviews":0},"product_brand":[],"product_cat":[448,229],"product_tag":[],"class_list":{"0":"post-68678","1":"product","2":"type-product","3":"status-publish","4":"has-post-thumbnail","6":"product_cat-automobiliai-ir-transportas","7":"product_cat-zaislai-vaikams","8":"\"style=\"background-color: #2ecc711c;\"","10":"first","11":"instock","12":"purchasable","13":"product-type-simple"},"acf":[],"yoast_head":"<!-- This site is optimized with the Yoast SEO plugin v27.4 - https:\/\/yoast.com\/product\/yoast-seo-wordpress\/ -->\n<title>WOOPIE ekskavatoriaus miesto sunkve\u017eimio garso ir \u0161viesos efektai<\/title>\n<meta name=\"description\" content=\"WOOPIE ekskavatoriaus miesto sunkve\u017eimio garso ir \u0161viesos efektai\" \/>\n<meta name=\"robots\" content=\"index, follow, max-snippet:-1, max-image-preview:large, max-video-preview:-1\" \/>\n<link rel=\"canonical\" href=\"https:\/\/kidsplay.lt\/lv\/products\/woopie-ekskavatoriaus-miesto-sunkvezimio-garso-ir-sviesos-efektai-2\/\" \/>\n<meta property=\"og:locale\" content=\"lv_LV\" \/>\n<meta property=\"og:type\" content=\"article\" \/>\n<meta property=\"og:title\" content=\"WOOPIE ekskavatoriaus miesto sunkve\u017eimio garso ir \u0161viesos efektai\" \/>\n<meta property=\"og:description\" content=\"WOOPIE ekskavatoriaus miesto sunkve\u017eimio garso ir \u0161viesos efektai\" \/>\n<meta property=\"og:url\" content=\"https:\/\/kidsplay.lt\/lv\/products\/woopie-ekskavatoriaus-miesto-sunkvezimio-garso-ir-sviesos-efektai-2\/\" \/>\n<meta property=\"og:site_name\" content=\"KidsPlay\" \/>\n<meta property=\"article:publisher\" content=\"https:\/\/www.facebook.com\/www.kidsplay.lt\" \/>\n<meta property=\"article:modified_time\" content=\"2026-04-13T11:33:49+00:00\" \/>\n<meta property=\"og:image\" content=\"https:\/\/kidsplay.lt\/wp-content\/uploads\/2025\/09\/WOOPIE-ekskavatoriaus-miesto-sunkvezimio-garso-ir-sviesos-efektai.jpg\" \/>\n\t<meta property=\"og:image:width\" content=\"1000\" \/>\n\t<meta property=\"og:image:height\" content=\"1000\" \/>\n\t<meta property=\"og:image:type\" content=\"image\/jpeg\" \/>\n<meta name=\"twitter:card\" content=\"summary_large_image\" \/>\n<script type=\"application\/ld+json\" class=\"yoast-schema-graph\">{\"@context\":\"https:\\\/\\\/schema.org\",\"@graph\":[{\"@type\":\"WebPage\",\"@id\":\"https:\\\/\\\/kidsplay.lt\\\/produktas\\\/woopie-ekskavatoriaus-miesto-sunkvezimio-garso-ir-sviesos-efektai-2\\\/\",\"url\":\"https:\\\/\\\/kidsplay.lt\\\/produktas\\\/woopie-ekskavatoriaus-miesto-sunkvezimio-garso-ir-sviesos-efektai-2\\\/\",\"name\":\"WOOPIE ekskavatoriaus miesto sunkve\u017eimio garso ir \u0161viesos efektai\",\"isPartOf\":{\"@id\":\"https:\\\/\\\/kidsplay.lt\\\/#website\"},\"primaryImageOfPage\":{\"@id\":\"https:\\\/\\\/kidsplay.lt\\\/produktas\\\/woopie-ekskavatoriaus-miesto-sunkvezimio-garso-ir-sviesos-efektai-2\\\/#primaryimage\"},\"image\":{\"@id\":\"https:\\\/\\\/kidsplay.lt\\\/produktas\\\/woopie-ekskavatoriaus-miesto-sunkvezimio-garso-ir-sviesos-efektai-2\\\/#primaryimage\"},\"thumbnailUrl\":\"https:\\\/\\\/kidsplay.lt\\\/wp-content\\\/uploads\\\/2025\\\/09\\\/WOOPIE-ekskavatoriaus-miesto-sunkvezimio-garso-ir-sviesos-efektai.jpg\",\"datePublished\":\"2025-10-02T10:05:56+00:00\",\"dateModified\":\"2026-04-13T11:33:49+00:00\",\"description\":\"WOOPIE ekskavatoriaus miesto sunkve\u017eimio garso ir \u0161viesos efektai\",\"breadcrumb\":{\"@id\":\"https:\\\/\\\/kidsplay.lt\\\/produktas\\\/woopie-ekskavatoriaus-miesto-sunkvezimio-garso-ir-sviesos-efektai-2\\\/#breadcrumb\"},\"inLanguage\":\"lv-LV\",\"potentialAction\":[{\"@type\":\"ReadAction\",\"target\":[\"https:\\\/\\\/kidsplay.lt\\\/produktas\\\/woopie-ekskavatoriaus-miesto-sunkvezimio-garso-ir-sviesos-efektai-2\\\/\"]}]},{\"@type\":\"ImageObject\",\"inLanguage\":\"lv-LV\",\"@id\":\"https:\\\/\\\/kidsplay.lt\\\/produktas\\\/woopie-ekskavatoriaus-miesto-sunkvezimio-garso-ir-sviesos-efektai-2\\\/#primaryimage\",\"url\":\"https:\\\/\\\/kidsplay.lt\\\/wp-content\\\/uploads\\\/2025\\\/09\\\/WOOPIE-ekskavatoriaus-miesto-sunkvezimio-garso-ir-sviesos-efektai.jpg\",\"contentUrl\":\"https:\\\/\\\/kidsplay.lt\\\/wp-content\\\/uploads\\\/2025\\\/09\\\/WOOPIE-ekskavatoriaus-miesto-sunkvezimio-garso-ir-sviesos-efektai.jpg\",\"width\":1000,\"height\":1000,\"caption\":\"WOOPIE ekskavatoriaus miesto sunkve\u017eimio garso ir \u0161viesos efektai\"},{\"@type\":\"BreadcrumbList\",\"@id\":\"https:\\\/\\\/kidsplay.lt\\\/produktas\\\/woopie-ekskavatoriaus-miesto-sunkvezimio-garso-ir-sviesos-efektai-2\\\/#breadcrumb\",\"itemListElement\":[{\"@type\":\"ListItem\",\"position\":1,\"name\":\"Pagrindinis\",\"item\":\"https:\\\/\\\/kidsplay.lt\\\/\"},{\"@type\":\"ListItem\",\"position\":2,\"name\":\"Parduotuv\u0117\",\"item\":\"https:\\\/\\\/kidsplay.lt\\\/parduotuve\\\/\"},{\"@type\":\"ListItem\",\"position\":3,\"name\":\"WOOPIE ekskavatoriaus miesto sunkve\u017eimio garso ir \u0161viesos efektai\"}]},{\"@type\":\"WebSite\",\"@id\":\"https:\\\/\\\/kidsplay.lt\\\/#website\",\"url\":\"https:\\\/\\\/kidsplay.lt\\\/\",\"name\":\"Kidsplay.lt\",\"description\":\"\u012evairios prek\u0117s vaikams\",\"publisher\":{\"@id\":\"https:\\\/\\\/kidsplay.lt\\\/#organization\"},\"alternateName\":\"Kidsplay\",\"potentialAction\":[{\"@type\":\"SearchAction\",\"target\":{\"@type\":\"EntryPoint\",\"urlTemplate\":\"https:\\\/\\\/kidsplay.lt\\\/?s={search_term_string}\"},\"query-input\":{\"@type\":\"PropertyValueSpecification\",\"valueRequired\":true,\"valueName\":\"search_term_string\"}}],\"inLanguage\":\"lv-LV\"},{\"@type\":\"Organization\",\"@id\":\"https:\\\/\\\/kidsplay.lt\\\/#organization\",\"name\":\"KidsPlay\",\"url\":\"https:\\\/\\\/kidsplay.lt\\\/\",\"logo\":{\"@type\":\"ImageObject\",\"inLanguage\":\"lv-LV\",\"@id\":\"https:\\\/\\\/kidsplay.lt\\\/#\\\/schema\\\/logo\\\/image\\\/\",\"url\":\"https:\\\/\\\/kidsplay.lt\\\/wp-content\\\/uploads\\\/2023\\\/07\\\/kidsplay-logo.png\",\"contentUrl\":\"https:\\\/\\\/kidsplay.lt\\\/wp-content\\\/uploads\\\/2023\\\/07\\\/kidsplay-logo.png\",\"width\":451,\"height\":98,\"caption\":\"KidsPlay\"},\"image\":{\"@id\":\"https:\\\/\\\/kidsplay.lt\\\/#\\\/schema\\\/logo\\\/image\\\/\"},\"sameAs\":[\"https:\\\/\\\/www.facebook.com\\\/www.kidsplay.lt\"]}]}<\/script>\n<!-- \/ Yoast SEO plugin. -->","yoast_head_json":{"title":"WOOPIE ekskavatora pils\u0113tas kravas automa\u0161\u012bnas ska\u0146as un gaismas efekti","description":"WOOPIE ekskavatora pils\u0113tas kravas automa\u0161\u012bnas ska\u0146as un gaismas efekti","robots":{"index":"index","follow":"follow","max-snippet":"max-snippet:-1","max-image-preview":"max-image-preview:large","max-video-preview":"max-video-preview:-1"},"canonical":"https:\/\/kidsplay.lt\/lv\/products\/woopie-ekskavatoriaus-miesto-sunkvezimio-garso-ir-sviesos-efektai-2\/","og_locale":"lv_LV","og_type":"article","og_title":"WOOPIE ekskavatoriaus miesto sunkve\u017eimio garso ir \u0161viesos efektai","og_description":"WOOPIE ekskavatoriaus miesto sunkve\u017eimio garso ir \u0161viesos efektai","og_url":"https:\/\/kidsplay.lt\/lv\/products\/woopie-ekskavatoriaus-miesto-sunkvezimio-garso-ir-sviesos-efektai-2\/","og_site_name":"KidsPlay","article_publisher":"https:\/\/www.facebook.com\/www.kidsplay.lt","article_modified_time":"2026-04-13T11:33:49+00:00","og_image":[{"width":1000,"height":1000,"url":"https:\/\/kidsplay.lt\/wp-content\/uploads\/2025\/09\/WOOPIE-ekskavatoriaus-miesto-sunkvezimio-garso-ir-sviesos-efektai.jpg","type":"image\/jpeg"}],"twitter_card":"summary_large_image","schema":{"@context":"https:\/\/schema.org","@graph":[{"@type":"WebPage","@id":"https:\/\/kidsplay.lt\/produktas\/woopie-ekskavatoriaus-miesto-sunkvezimio-garso-ir-sviesos-efektai-2\/","url":"https:\/\/kidsplay.lt\/produktas\/woopie-ekskavatoriaus-miesto-sunkvezimio-garso-ir-sviesos-efektai-2\/","name":"WOOPIE ekskavatora pils\u0113tas kravas automa\u0161\u012bnas ska\u0146as un gaismas efekti","isPartOf":{"@id":"https:\/\/kidsplay.lt\/#website"},"primaryImageOfPage":{"@id":"https:\/\/kidsplay.lt\/produktas\/woopie-ekskavatoriaus-miesto-sunkvezimio-garso-ir-sviesos-efektai-2\/#primaryimage"},"image":{"@id":"https:\/\/kidsplay.lt\/produktas\/woopie-ekskavatoriaus-miesto-sunkvezimio-garso-ir-sviesos-efektai-2\/#primaryimage"},"thumbnailUrl":"https:\/\/kidsplay.lt\/wp-content\/uploads\/2025\/09\/WOOPIE-ekskavatoriaus-miesto-sunkvezimio-garso-ir-sviesos-efektai.jpg","datePublished":"2025-10-02T10:05:56+00:00","dateModified":"2026-04-13T11:33:49+00:00","description":"WOOPIE ekskavatora pils\u0113tas kravas automa\u0161\u012bnas ska\u0146as un gaismas efekti","breadcrumb":{"@id":"https:\/\/kidsplay.lt\/produktas\/woopie-ekskavatoriaus-miesto-sunkvezimio-garso-ir-sviesos-efektai-2\/#breadcrumb"},"inLanguage":"lv-LV","potentialAction":[{"@type":"ReadAction","target":["https:\/\/kidsplay.lt\/produktas\/woopie-ekskavatoriaus-miesto-sunkvezimio-garso-ir-sviesos-efektai-2\/"]}]},{"@type":"ImageObject","inLanguage":"lv-LV","@id":"https:\/\/kidsplay.lt\/produktas\/woopie-ekskavatoriaus-miesto-sunkvezimio-garso-ir-sviesos-efektai-2\/#primaryimage","url":"https:\/\/kidsplay.lt\/wp-content\/uploads\/2025\/09\/WOOPIE-ekskavatoriaus-miesto-sunkvezimio-garso-ir-sviesos-efektai.jpg","contentUrl":"https:\/\/kidsplay.lt\/wp-content\/uploads\/2025\/09\/WOOPIE-ekskavatoriaus-miesto-sunkvezimio-garso-ir-sviesos-efektai.jpg","width":1000,"height":1000,"caption":"WOOPIE ekskavatoriaus miesto sunkve\u017eimio garso ir \u0161viesos efektai"},{"@type":"BreadcrumbList","@id":"https:\/\/kidsplay.lt\/produktas\/woopie-ekskavatoriaus-miesto-sunkvezimio-garso-ir-sviesos-efektai-2\/#breadcrumb","itemListElement":[{"@type":"ListItem","position":1,"name":"Pagrindinis","item":"https:\/\/kidsplay.lt\/"},{"@type":"ListItem","position":2,"name":"Parduotuv\u0117","item":"https:\/\/kidsplay.lt\/parduotuve\/"},{"@type":"ListItem","position":3,"name":"WOOPIE ekskavatoriaus miesto sunkve\u017eimio garso ir \u0161viesos efektai"}]},{"@type":"WebSite","@id":"https:\/\/kidsplay.lt\/#website","url":"https:\/\/kidsplay.lt\/","name":"B\u0113rnu sp\u0113les.lv","description":"\u012evairios prek\u0117s vaikams","publisher":{"@id":"https:\/\/kidsplay.lt\/#organization"},"alternateName":"Kidsplay","potentialAction":[{"@type":"SearchAction","target":{"@type":"EntryPoint","urlTemplate":"https:\/\/kidsplay.lt\/?s={search_term_string}"},"query-input":{"@type":"PropertyValueSpecification","valueRequired":true,"valueName":"search_term_string"}}],"inLanguage":"lv-LV"},{"@type":"Organization","@id":"https:\/\/kidsplay.lt\/#organization","name":"B\u0113rnu sp\u0113le","url":"https:\/\/kidsplay.lt\/","logo":{"@type":"ImageObject","inLanguage":"lv-LV","@id":"https:\/\/kidsplay.lt\/#\/schema\/logo\/image\/","url":"https:\/\/kidsplay.lt\/wp-content\/uploads\/2023\/07\/kidsplay-logo.png","contentUrl":"https:\/\/kidsplay.lt\/wp-content\/uploads\/2023\/07\/kidsplay-logo.png","width":451,"height":98,"caption":"KidsPlay"},"image":{"@id":"https:\/\/kidsplay.lt\/#\/schema\/logo\/image\/"},"sameAs":["https:\/\/www.facebook.com\/www.kidsplay.lt"]}]}},"_links":{"self":[{"href":"https:\/\/kidsplay.lt\/lv\/wp-json\/wp\/v2\/product\/68678","targetHints":{"allow":["GET"]}}],"collection":[{"href":"https:\/\/kidsplay.lt\/lv\/wp-json\/wp\/v2\/product"}],"about":[{"href":"https:\/\/kidsplay.lt\/lv\/wp-json\/wp\/v2\/types\/product"}],"version-history":[{"count":2,"href":"https:\/\/kidsplay.lt\/lv\/wp-json\/wp\/v2\/product\/68678\/revisions"}],"predecessor-version":[{"id":73770,"href":"https:\/\/kidsplay.lt\/lv\/wp-json\/wp\/v2\/product\/68678\/revisions\/73770"}],"wp:featuredmedia":[{"embeddable":true,"href":"https:\/\/kidsplay.lt\/lv\/wp-json\/wp\/v2\/media\/66304"}],"wp:attachment":[{"href":"https:\/\/kidsplay.lt\/lv\/wp-json\/wp\/v2\/media?parent=68678"}],"wp:term":[{"taxonomy":"product_brand","embeddable":true,"href":"https:\/\/kidsplay.lt\/lv\/wp-json\/wp\/v2\/product_brand?post=68678"},{"taxonomy":"product_cat","embeddable":true,"href":"https:\/\/kidsplay.lt\/lv\/wp-json\/wp\/v2\/product_cat?post=68678"},{"taxonomy":"product_tag","embeddable":true,"href":"https:\/\/kidsplay.lt\/lv\/wp-json\/wp\/v2\/product_tag?post=68678"}],"curies":[{"name":"wp","href":"https:\/\/api.w.org\/{rel}","templated":true}]}}