{"id":68680,"date":"2025-10-02T13:06:03","date_gmt":"2025-10-02T10:06:03","guid":{"rendered":"https:\/\/kidsplay.lt\/produktas\/woopie-baby-vandens-vonios-zaislas-su-krumpliaraciais-2\/"},"modified":"2026-04-13T14:34:31","modified_gmt":"2026-04-13T11:34:31","slug":"woopie-baby-vandens-vonios-zaislas-su-krumpliaraciais-2","status":"publish","type":"product","link":"https:\/\/kidsplay.lt\/lv\/products\/woopie-baby-vandens-vonios-zaislas-su-krumpliaraciais-2\/","title":{"rendered":"WOOPIE BABY \u016bdens vannas rota\u013clieta ar zobratiem"},"content":{"rendered":"<p>Spalvingi \u201e Woopie\u00a0\u201c\u00a0krumpliara\u010diai\u00a0\u2013 tai \u017eaislas, kuris pralinksmins vaikus\u00a0maudyni\u0173 metu.\u00a0Rinkin\u012f sudaro\u00a0\u0161e\u0161i spalvingi\u00a0dviej\u0173 dyd\u017ei\u0173 krumpliara\u010diai. Ant kiekvieno krumpliara\u010dio esantys siurbtukai leid\u017eia\u00a0juos pritvirtinti prie plyteli\u0173, voni\u0173 ar du\u0161\u0173\u00a0, u\u017etikrinant, kad dalys susijungt\u0173. Pajudindami vien\u0105 dal\u012f, vaikai\u00a0gali pajudinti\u00a0vis\u0105 konstrukcij\u0105. \u017daisdami ma\u017eyliai mokysis apie\u00a0prie\u017eastis ir pasekmes\u00a0, lavins savo poj\u016b\u010dius, o spalvingi j\u016bros peiza\u017eai skatins \u017eaidim\u0105 ir pa\u012fvairins \u017eaidimus du\u0161e ar vonioje.<\/p>\n<p>Rakstur\u012bgs:<\/p>\n<p> \t&#8211; \u017eaislas nuo\u00a012 m\u0117nesi\u0173 am\u017eiaus<br \/>\n \t&#8211; rinkinyje yra\u00a06 dalys &#8211;\u00a0krumpliara\u010diai\/krumpliara\u010diai<br \/>\n \t&#8211; leis vaikui susikaupti maudymosi metu<br \/>\n \t&#8211;\u00a0strukt\u016br\u0173 k\u016brimas\u00a0lavins login\u012f m\u0105stym\u0105<br \/>\n \t&#8211;\u00a0siurbtukai\u00a0tvirtinimui prie vonios \/ sienos \/ du\u0161o<br \/>\n \t&#8211; auk\u0161\u010diausios kokyb\u0117s apdaila\u00a0,\u00a0rafinuotos detal\u0117s &#8211; saugus vaikams<\/p>\n<p>Rota\u013clieta att\u012bst\u0101s:<\/p>\n<p> \t&#8211; smulkiosios motorikos \u012fg\u016bd\u017eiai &#8211; lavina ma\u017eylio rank\u0173 judrum\u0105<br \/>\n \t\u2013 roku-acu koordin\u0101cija<br \/>\n \t&#8211; lavina prie\u017easties ir pasekm\u0117s m\u0105stym\u0105<br \/>\n \t&#8211; moko spalv\u0173 ir form\u0173<\/p>","protected":false},"excerpt":{"rendered":"<p>WOOPIE BABY \u016bdens vannas rota\u013clieta ar zobratiem<\/p>","protected":false},"featured_media":66309,"template":"","meta":{"_acf_changed":false,"_glsr_average":0,"_glsr_ranking":0,"_glsr_reviews":0},"product_brand":[],"product_cat":[440,229],"product_tag":[],"class_list":{"0":"post-68680","1":"product","2":"type-product","3":"status-publish","4":"has-post-thumbnail","6":"product_cat-vonios-zaislai","7":"product_cat-zaislai-vaikams","8":"\"style=\"background-color: #2ecc711c;\"","10":"first","11":"instock","12":"purchasable","13":"product-type-simple"},"acf":[],"yoast_head":"<!-- This site is optimized with the Yoast SEO plugin v27.4 - https:\/\/yoast.com\/product\/yoast-seo-wordpress\/ -->\n<title>WOOPIE BABY vandens vonios \u017eaislas su krumpliara\u010diais<\/title>\n<meta name=\"description\" content=\"WOOPIE BABY vandens vonios \u017eaislas su krumpliara\u010diais\" \/>\n<meta name=\"robots\" content=\"index, follow, max-snippet:-1, max-image-preview:large, max-video-preview:-1\" \/>\n<link rel=\"canonical\" href=\"https:\/\/kidsplay.lt\/lv\/products\/woopie-baby-vandens-vonios-zaislas-su-krumpliaraciais-2\/\" \/>\n<meta property=\"og:locale\" content=\"lv_LV\" \/>\n<meta property=\"og:type\" content=\"article\" \/>\n<meta property=\"og:title\" content=\"WOOPIE BABY vandens vonios \u017eaislas su krumpliara\u010diais\" \/>\n<meta property=\"og:description\" content=\"WOOPIE BABY vandens vonios \u017eaislas su krumpliara\u010diais\" \/>\n<meta property=\"og:url\" content=\"https:\/\/kidsplay.lt\/lv\/products\/woopie-baby-vandens-vonios-zaislas-su-krumpliaraciais-2\/\" \/>\n<meta property=\"og:site_name\" content=\"KidsPlay\" \/>\n<meta property=\"article:publisher\" content=\"https:\/\/www.facebook.com\/www.kidsplay.lt\" \/>\n<meta property=\"article:modified_time\" content=\"2026-04-13T11:34:31+00:00\" \/>\n<meta property=\"og:image\" content=\"https:\/\/kidsplay.lt\/wp-content\/uploads\/2025\/09\/WOOPIE-BABY-vandens-vonios-zaislas-su-krumpliaraciais.jpg\" \/>\n\t<meta property=\"og:image:width\" content=\"800\" \/>\n\t<meta property=\"og:image:height\" content=\"800\" \/>\n\t<meta property=\"og:image:type\" content=\"image\/png\" \/>\n<meta name=\"twitter:card\" content=\"summary_large_image\" \/>\n<meta name=\"twitter:label1\" content=\"Est. reading time\" \/>\n\t<meta name=\"twitter:data1\" content=\"1 min\u016bte\" \/>\n<script type=\"application\/ld+json\" class=\"yoast-schema-graph\">{\"@context\":\"https:\\\/\\\/schema.org\",\"@graph\":[{\"@type\":\"WebPage\",\"@id\":\"https:\\\/\\\/kidsplay.lt\\\/produktas\\\/woopie-baby-vandens-vonios-zaislas-su-krumpliaraciais-2\\\/\",\"url\":\"https:\\\/\\\/kidsplay.lt\\\/produktas\\\/woopie-baby-vandens-vonios-zaislas-su-krumpliaraciais-2\\\/\",\"name\":\"WOOPIE BABY vandens vonios \u017eaislas su krumpliara\u010diais\",\"isPartOf\":{\"@id\":\"https:\\\/\\\/kidsplay.lt\\\/#website\"},\"primaryImageOfPage\":{\"@id\":\"https:\\\/\\\/kidsplay.lt\\\/produktas\\\/woopie-baby-vandens-vonios-zaislas-su-krumpliaraciais-2\\\/#primaryimage\"},\"image\":{\"@id\":\"https:\\\/\\\/kidsplay.lt\\\/produktas\\\/woopie-baby-vandens-vonios-zaislas-su-krumpliaraciais-2\\\/#primaryimage\"},\"thumbnailUrl\":\"https:\\\/\\\/kidsplay.lt\\\/wp-content\\\/uploads\\\/2025\\\/09\\\/WOOPIE-BABY-vandens-vonios-zaislas-su-krumpliaraciais.jpg\",\"datePublished\":\"2025-10-02T10:06:03+00:00\",\"dateModified\":\"2026-04-13T11:34:31+00:00\",\"description\":\"WOOPIE BABY vandens vonios \u017eaislas su krumpliara\u010diais\",\"breadcrumb\":{\"@id\":\"https:\\\/\\\/kidsplay.lt\\\/produktas\\\/woopie-baby-vandens-vonios-zaislas-su-krumpliaraciais-2\\\/#breadcrumb\"},\"inLanguage\":\"lv-LV\",\"potentialAction\":[{\"@type\":\"ReadAction\",\"target\":[\"https:\\\/\\\/kidsplay.lt\\\/produktas\\\/woopie-baby-vandens-vonios-zaislas-su-krumpliaraciais-2\\\/\"]}]},{\"@type\":\"ImageObject\",\"inLanguage\":\"lv-LV\",\"@id\":\"https:\\\/\\\/kidsplay.lt\\\/produktas\\\/woopie-baby-vandens-vonios-zaislas-su-krumpliaraciais-2\\\/#primaryimage\",\"url\":\"https:\\\/\\\/kidsplay.lt\\\/wp-content\\\/uploads\\\/2025\\\/09\\\/WOOPIE-BABY-vandens-vonios-zaislas-su-krumpliaraciais.jpg\",\"contentUrl\":\"https:\\\/\\\/kidsplay.lt\\\/wp-content\\\/uploads\\\/2025\\\/09\\\/WOOPIE-BABY-vandens-vonios-zaislas-su-krumpliaraciais.jpg\",\"width\":2560,\"height\":2560,\"caption\":\"WOOPIE BABY vandens vonios \u017eaislas su krumpliara\u010diais\"},{\"@type\":\"BreadcrumbList\",\"@id\":\"https:\\\/\\\/kidsplay.lt\\\/produktas\\\/woopie-baby-vandens-vonios-zaislas-su-krumpliaraciais-2\\\/#breadcrumb\",\"itemListElement\":[{\"@type\":\"ListItem\",\"position\":1,\"name\":\"Pagrindinis\",\"item\":\"https:\\\/\\\/kidsplay.lt\\\/\"},{\"@type\":\"ListItem\",\"position\":2,\"name\":\"Parduotuv\u0117\",\"item\":\"https:\\\/\\\/kidsplay.lt\\\/parduotuve\\\/\"},{\"@type\":\"ListItem\",\"position\":3,\"name\":\"WOOPIE BABY vandens vonios \u017eaislas su krumpliara\u010diais\"}]},{\"@type\":\"WebSite\",\"@id\":\"https:\\\/\\\/kidsplay.lt\\\/#website\",\"url\":\"https:\\\/\\\/kidsplay.lt\\\/\",\"name\":\"Kidsplay.lt\",\"description\":\"\u012evairios prek\u0117s vaikams\",\"publisher\":{\"@id\":\"https:\\\/\\\/kidsplay.lt\\\/#organization\"},\"alternateName\":\"Kidsplay\",\"potentialAction\":[{\"@type\":\"SearchAction\",\"target\":{\"@type\":\"EntryPoint\",\"urlTemplate\":\"https:\\\/\\\/kidsplay.lt\\\/?s={search_term_string}\"},\"query-input\":{\"@type\":\"PropertyValueSpecification\",\"valueRequired\":true,\"valueName\":\"search_term_string\"}}],\"inLanguage\":\"lv-LV\"},{\"@type\":\"Organization\",\"@id\":\"https:\\\/\\\/kidsplay.lt\\\/#organization\",\"name\":\"KidsPlay\",\"url\":\"https:\\\/\\\/kidsplay.lt\\\/\",\"logo\":{\"@type\":\"ImageObject\",\"inLanguage\":\"lv-LV\",\"@id\":\"https:\\\/\\\/kidsplay.lt\\\/#\\\/schema\\\/logo\\\/image\\\/\",\"url\":\"https:\\\/\\\/kidsplay.lt\\\/wp-content\\\/uploads\\\/2023\\\/07\\\/kidsplay-logo.png\",\"contentUrl\":\"https:\\\/\\\/kidsplay.lt\\\/wp-content\\\/uploads\\\/2023\\\/07\\\/kidsplay-logo.png\",\"width\":451,\"height\":98,\"caption\":\"KidsPlay\"},\"image\":{\"@id\":\"https:\\\/\\\/kidsplay.lt\\\/#\\\/schema\\\/logo\\\/image\\\/\"},\"sameAs\":[\"https:\\\/\\\/www.facebook.com\\\/www.kidsplay.lt\"]}]}<\/script>\n<!-- \/ Yoast SEO plugin. -->","yoast_head_json":{"title":"WOOPIE BABY \u016bdens vannas rota\u013clieta ar zobratiem","description":"WOOPIE BABY \u016bdens vannas rota\u013clieta ar zobratiem","robots":{"index":"index","follow":"follow","max-snippet":"max-snippet:-1","max-image-preview":"max-image-preview:large","max-video-preview":"max-video-preview:-1"},"canonical":"https:\/\/kidsplay.lt\/lv\/products\/woopie-baby-vandens-vonios-zaislas-su-krumpliaraciais-2\/","og_locale":"lv_LV","og_type":"article","og_title":"WOOPIE BABY vandens vonios \u017eaislas su krumpliara\u010diais","og_description":"WOOPIE BABY vandens vonios \u017eaislas su krumpliara\u010diais","og_url":"https:\/\/kidsplay.lt\/lv\/products\/woopie-baby-vandens-vonios-zaislas-su-krumpliaraciais-2\/","og_site_name":"KidsPlay","article_publisher":"https:\/\/www.facebook.com\/www.kidsplay.lt","article_modified_time":"2026-04-13T11:34:31+00:00","og_image":[{"url":"https:\/\/kidsplay.lt\/wp-content\/uploads\/2025\/09\/WOOPIE-BABY-vandens-vonios-zaislas-su-krumpliaraciais.jpg","width":800,"height":800,"type":"image\/png"}],"twitter_card":"summary_large_image","twitter_misc":{"Est. reading time":"1 min\u016bte"},"schema":{"@context":"https:\/\/schema.org","@graph":[{"@type":"WebPage","@id":"https:\/\/kidsplay.lt\/produktas\/woopie-baby-vandens-vonios-zaislas-su-krumpliaraciais-2\/","url":"https:\/\/kidsplay.lt\/produktas\/woopie-baby-vandens-vonios-zaislas-su-krumpliaraciais-2\/","name":"WOOPIE BABY \u016bdens vannas rota\u013clieta ar zobratiem","isPartOf":{"@id":"https:\/\/kidsplay.lt\/#website"},"primaryImageOfPage":{"@id":"https:\/\/kidsplay.lt\/produktas\/woopie-baby-vandens-vonios-zaislas-su-krumpliaraciais-2\/#primaryimage"},"image":{"@id":"https:\/\/kidsplay.lt\/produktas\/woopie-baby-vandens-vonios-zaislas-su-krumpliaraciais-2\/#primaryimage"},"thumbnailUrl":"https:\/\/kidsplay.lt\/wp-content\/uploads\/2025\/09\/WOOPIE-BABY-vandens-vonios-zaislas-su-krumpliaraciais.jpg","datePublished":"2025-10-02T10:06:03+00:00","dateModified":"2026-04-13T11:34:31+00:00","description":"WOOPIE BABY \u016bdens vannas rota\u013clieta ar zobratiem","breadcrumb":{"@id":"https:\/\/kidsplay.lt\/produktas\/woopie-baby-vandens-vonios-zaislas-su-krumpliaraciais-2\/#breadcrumb"},"inLanguage":"lv-LV","potentialAction":[{"@type":"ReadAction","target":["https:\/\/kidsplay.lt\/produktas\/woopie-baby-vandens-vonios-zaislas-su-krumpliaraciais-2\/"]}]},{"@type":"ImageObject","inLanguage":"lv-LV","@id":"https:\/\/kidsplay.lt\/produktas\/woopie-baby-vandens-vonios-zaislas-su-krumpliaraciais-2\/#primaryimage","url":"https:\/\/kidsplay.lt\/wp-content\/uploads\/2025\/09\/WOOPIE-BABY-vandens-vonios-zaislas-su-krumpliaraciais.jpg","contentUrl":"https:\/\/kidsplay.lt\/wp-content\/uploads\/2025\/09\/WOOPIE-BABY-vandens-vonios-zaislas-su-krumpliaraciais.jpg","width":2560,"height":2560,"caption":"WOOPIE BABY vandens vonios \u017eaislas su krumpliara\u010diais"},{"@type":"BreadcrumbList","@id":"https:\/\/kidsplay.lt\/produktas\/woopie-baby-vandens-vonios-zaislas-su-krumpliaraciais-2\/#breadcrumb","itemListElement":[{"@type":"ListItem","position":1,"name":"Pagrindinis","item":"https:\/\/kidsplay.lt\/"},{"@type":"ListItem","position":2,"name":"Parduotuv\u0117","item":"https:\/\/kidsplay.lt\/parduotuve\/"},{"@type":"ListItem","position":3,"name":"WOOPIE BABY vandens vonios \u017eaislas su krumpliara\u010diais"}]},{"@type":"WebSite","@id":"https:\/\/kidsplay.lt\/#website","url":"https:\/\/kidsplay.lt\/","name":"B\u0113rnu sp\u0113les.lv","description":"\u012evairios prek\u0117s vaikams","publisher":{"@id":"https:\/\/kidsplay.lt\/#organization"},"alternateName":"Kidsplay","potentialAction":[{"@type":"SearchAction","target":{"@type":"EntryPoint","urlTemplate":"https:\/\/kidsplay.lt\/?s={search_term_string}"},"query-input":{"@type":"PropertyValueSpecification","valueRequired":true,"valueName":"search_term_string"}}],"inLanguage":"lv-LV"},{"@type":"Organization","@id":"https:\/\/kidsplay.lt\/#organization","name":"B\u0113rnu sp\u0113le","url":"https:\/\/kidsplay.lt\/","logo":{"@type":"ImageObject","inLanguage":"lv-LV","@id":"https:\/\/kidsplay.lt\/#\/schema\/logo\/image\/","url":"https:\/\/kidsplay.lt\/wp-content\/uploads\/2023\/07\/kidsplay-logo.png","contentUrl":"https:\/\/kidsplay.lt\/wp-content\/uploads\/2023\/07\/kidsplay-logo.png","width":451,"height":98,"caption":"KidsPlay"},"image":{"@id":"https:\/\/kidsplay.lt\/#\/schema\/logo\/image\/"},"sameAs":["https:\/\/www.facebook.com\/www.kidsplay.lt"]}]}},"_links":{"self":[{"href":"https:\/\/kidsplay.lt\/lv\/wp-json\/wp\/v2\/product\/68680","targetHints":{"allow":["GET"]}}],"collection":[{"href":"https:\/\/kidsplay.lt\/lv\/wp-json\/wp\/v2\/product"}],"about":[{"href":"https:\/\/kidsplay.lt\/lv\/wp-json\/wp\/v2\/types\/product"}],"version-history":[{"count":2,"href":"https:\/\/kidsplay.lt\/lv\/wp-json\/wp\/v2\/product\/68680\/revisions"}],"predecessor-version":[{"id":73769,"href":"https:\/\/kidsplay.lt\/lv\/wp-json\/wp\/v2\/product\/68680\/revisions\/73769"}],"wp:featuredmedia":[{"embeddable":true,"href":"https:\/\/kidsplay.lt\/lv\/wp-json\/wp\/v2\/media\/66309"}],"wp:attachment":[{"href":"https:\/\/kidsplay.lt\/lv\/wp-json\/wp\/v2\/media?parent=68680"}],"wp:term":[{"taxonomy":"product_brand","embeddable":true,"href":"https:\/\/kidsplay.lt\/lv\/wp-json\/wp\/v2\/product_brand?post=68680"},{"taxonomy":"product_cat","embeddable":true,"href":"https:\/\/kidsplay.lt\/lv\/wp-json\/wp\/v2\/product_cat?post=68680"},{"taxonomy":"product_tag","embeddable":true,"href":"https:\/\/kidsplay.lt\/lv\/wp-json\/wp\/v2\/product_tag?post=68680"}],"curies":[{"name":"wp","href":"https:\/\/api.w.org\/{rel}","templated":true}]}}