{"id":68690,"date":"2025-10-02T13:06:33","date_gmt":"2025-10-02T10:06:33","guid":{"rendered":"https:\/\/kidsplay.lt\/produktas\/woopie-montessori-manipuliacine-sensorine-interaktyvi-lenta-mazyliams-2\/"},"modified":"2026-04-07T10:14:39","modified_gmt":"2026-04-07T07:14:39","slug":"woopie-montessori-manipuliacine-sensorine-interaktyvi-lenta-mazyliams-2","status":"publish","type":"product","link":"https:\/\/kidsplay.lt\/lv\/products\/woopie-montessori-manipuliacine-sensorine-interaktyvi-lenta-mazyliams-2\/","title":{"rendered":"WOOPIE Montessori manipuliacin\u0117 sensorin\u0117 interaktyvi lenta ma\u017eyliams"},"content":{"rendered":"<p>Lavinamoji manipuliacin\u0117 lenta\u00a0\u00a0\u201eWoopie\u201c\u00a0yra puikus \u017eaislas ma\u017eiesiems, lavinantiems \u017eaidim\u0105. D\u0117l\u00a0spalving\u0173\u00a0element\u0173, laikrod\u017eio, ranken\u0117li\u0173 ir jungikli\u0173 vaikai lavina login\u012f m\u0105stym\u0105\u00a0ir\u00a0rank\u0173 \u012fg\u016bd\u017eius.\u00a0\u012evair\u016bs u\u017esi\u0117mimai leid\u017eia jiems valand\u0173 valandas u\u017esiimti veikla ir kartu lavinti naujus \u012fg\u016bd\u017eius. \u017daislas yra\u00a0lengvas\u00a0ir\u00a0turi\u00a0patogi\u0105 ranken\u0105\u00a0, tod\u0117l j\u012f lengva ne\u0161iotis. Tai puiki edukacin\u0117 dovanos id\u0117ja, kuri\u00a0sujungia mokym\u0105si su \u017eaidimo d\u017eiaugsmu.<\/p>\n<p>Rakstur\u012bgs:<\/p>\n<p> \t&#8211; Interaktyvi edukacin\u0117 lenta su daugybe element\u0173<br \/>\n \t&#8211; Laikrodis su judan\u010diomis rodykl\u0117mis valandoms mokytis<br \/>\n \t&#8211; Spalvoti klavi\u0161ai, jungikliai ir ranken\u0117l\u0117s<br \/>\n \t&#8211; Saugi ir patvari auk\u0161tos kokyb\u0117s med\u017eiaga<br \/>\n \t&#8211; Patogi ne\u0161iojimo rankena<br \/>\n \t&#8211; Skirta vaikams nuo 1 met\u0173 am\u017eiaus<\/p>\n<p>Masyvo elementai:<\/p>\n<p> \t&#8211; 3 spynos<br \/>\n \t&#8211; 3 raktai<br \/>\n \t&#8211; Kranas su judan\u010dia virve ir ranken\u0117l\u0117mis\u00a0<br \/>\n \t&#8211; Med\u017eio laikrodis<br \/>\n \t&#8211; Skl\u0105stis<br \/>\n \t&#8211; Jungiklis<br \/>\n \t&#8211; Lemput\u0117<\/p>\n<p>Rota\u013clieta att\u012bst\u0101s:<\/p>\n<p> \t&#8211; Rankiniai \u012fg\u016bd\u017eiai ir judesi\u0173 tikslumas<br \/>\n \t&#8211; Aki\u0173 ir rank\u0173 koordinacija<br \/>\n \t&#8211; Loginis m\u0105stymas ir susikaupimas<br \/>\n \t&#8211; I\u0161mokti atpa\u017einti skai\u010dius ir valandas<br \/>\n \t&#8211; Nepriklausomyb\u0117 ir k\u016brybi\u0161kumas \u017eaidime<\/p>","protected":false},"excerpt":{"rendered":"<p>WOOPIE Montessori manipuliacin\u0117 sensorin\u0117 interaktyvi lenta ma\u017eyliams<\/p>","protected":false},"featured_media":63785,"template":"","meta":{"_acf_changed":false,"_glsr_average":0,"_glsr_ranking":0,"_glsr_reviews":0},"product_brand":[],"product_cat":[549,229],"product_tag":[],"class_list":{"0":"post-68690","1":"product","2":"type-product","3":"status-publish","4":"has-post-thumbnail","6":"product_cat-manipuliacines-lentos","7":"product_cat-zaislai-vaikams","8":"\"style=\"background-color: #2ecc711c;\"","10":"first","11":"instock","12":"purchasable","13":"product-type-simple"},"acf":[],"yoast_head":"<!-- This site is optimized with the Yoast SEO plugin v27.3 - https:\/\/yoast.com\/product\/yoast-seo-wordpress\/ -->\n<title>WOOPIE Montessori manipuliacin\u0117 sensorin\u0117 interaktyvi lenta ma\u017eyliams<\/title>\n<meta name=\"description\" content=\"WOOPIE Montessori manipuliacin\u0117 sensorin\u0117 interaktyvi lenta ma\u017eyliams\" \/>\n<meta name=\"robots\" content=\"index, follow, max-snippet:-1, max-image-preview:large, max-video-preview:-1\" \/>\n<link rel=\"canonical\" href=\"https:\/\/kidsplay.lt\/lv\/products\/woopie-montessori-manipuliacine-sensorine-interaktyvi-lenta-mazyliams-2\/\" \/>\n<meta property=\"og:locale\" content=\"lv_LV\" \/>\n<meta property=\"og:type\" content=\"article\" \/>\n<meta property=\"og:title\" content=\"WOOPIE Montessori manipuliacin\u0117 sensorin\u0117 interaktyvi lenta ma\u017eyliams\" \/>\n<meta property=\"og:description\" content=\"WOOPIE Montessori manipuliacin\u0117 sensorin\u0117 interaktyvi lenta ma\u017eyliams\" \/>\n<meta property=\"og:url\" content=\"https:\/\/kidsplay.lt\/lv\/products\/woopie-montessori-manipuliacine-sensorine-interaktyvi-lenta-mazyliams-2\/\" \/>\n<meta property=\"og:site_name\" content=\"KidsPlay\" \/>\n<meta property=\"article:publisher\" content=\"https:\/\/www.facebook.com\/www.kidsplay.lt\" \/>\n<meta property=\"article:modified_time\" content=\"2026-04-07T07:14:39+00:00\" \/>\n<meta property=\"og:image\" content=\"https:\/\/kidsplay.lt\/wp-content\/uploads\/2025\/09\/WOOPIE-interaktyvi-edukacine-manipuliacine-lenta-mazyliams.jpg\" \/>\n\t<meta property=\"og:image:width\" content=\"1000\" \/>\n\t<meta property=\"og:image:height\" content=\"1000\" \/>\n\t<meta property=\"og:image:type\" content=\"image\/jpeg\" \/>\n<meta name=\"twitter:card\" content=\"summary_large_image\" \/>\n<meta name=\"twitter:label1\" content=\"Est. reading time\" \/>\n\t<meta name=\"twitter:data1\" content=\"1 min\u016bte\" \/>\n<script type=\"application\/ld+json\" class=\"yoast-schema-graph\">{\"@context\":\"https:\\\/\\\/schema.org\",\"@graph\":[{\"@type\":\"WebPage\",\"@id\":\"https:\\\/\\\/kidsplay.lt\\\/produktas\\\/woopie-montessori-manipuliacine-sensorine-interaktyvi-lenta-mazyliams-2\\\/\",\"url\":\"https:\\\/\\\/kidsplay.lt\\\/produktas\\\/woopie-montessori-manipuliacine-sensorine-interaktyvi-lenta-mazyliams-2\\\/\",\"name\":\"WOOPIE Montessori manipuliacin\u0117 sensorin\u0117 interaktyvi lenta ma\u017eyliams\",\"isPartOf\":{\"@id\":\"https:\\\/\\\/kidsplay.lt\\\/#website\"},\"primaryImageOfPage\":{\"@id\":\"https:\\\/\\\/kidsplay.lt\\\/produktas\\\/woopie-montessori-manipuliacine-sensorine-interaktyvi-lenta-mazyliams-2\\\/#primaryimage\"},\"image\":{\"@id\":\"https:\\\/\\\/kidsplay.lt\\\/produktas\\\/woopie-montessori-manipuliacine-sensorine-interaktyvi-lenta-mazyliams-2\\\/#primaryimage\"},\"thumbnailUrl\":\"https:\\\/\\\/kidsplay.lt\\\/wp-content\\\/uploads\\\/2025\\\/09\\\/WOOPIE-interaktyvi-edukacine-manipuliacine-lenta-mazyliams.jpg\",\"datePublished\":\"2025-10-02T10:06:33+00:00\",\"dateModified\":\"2026-04-07T07:14:39+00:00\",\"description\":\"WOOPIE Montessori manipuliacin\u0117 sensorin\u0117 interaktyvi lenta ma\u017eyliams\",\"breadcrumb\":{\"@id\":\"https:\\\/\\\/kidsplay.lt\\\/produktas\\\/woopie-montessori-manipuliacine-sensorine-interaktyvi-lenta-mazyliams-2\\\/#breadcrumb\"},\"inLanguage\":\"lv-LV\",\"potentialAction\":[{\"@type\":\"ReadAction\",\"target\":[\"https:\\\/\\\/kidsplay.lt\\\/produktas\\\/woopie-montessori-manipuliacine-sensorine-interaktyvi-lenta-mazyliams-2\\\/\"]}]},{\"@type\":\"ImageObject\",\"inLanguage\":\"lv-LV\",\"@id\":\"https:\\\/\\\/kidsplay.lt\\\/produktas\\\/woopie-montessori-manipuliacine-sensorine-interaktyvi-lenta-mazyliams-2\\\/#primaryimage\",\"url\":\"https:\\\/\\\/kidsplay.lt\\\/wp-content\\\/uploads\\\/2025\\\/09\\\/WOOPIE-interaktyvi-edukacine-manipuliacine-lenta-mazyliams.jpg\",\"contentUrl\":\"https:\\\/\\\/kidsplay.lt\\\/wp-content\\\/uploads\\\/2025\\\/09\\\/WOOPIE-interaktyvi-edukacine-manipuliacine-lenta-mazyliams.jpg\",\"width\":1000,\"height\":1000,\"caption\":\"WOOPIE Montessori manipuliacin\u0117 sensorin\u0117 interaktyvi lenta ma\u017eyliams\"},{\"@type\":\"BreadcrumbList\",\"@id\":\"https:\\\/\\\/kidsplay.lt\\\/produktas\\\/woopie-montessori-manipuliacine-sensorine-interaktyvi-lenta-mazyliams-2\\\/#breadcrumb\",\"itemListElement\":[{\"@type\":\"ListItem\",\"position\":1,\"name\":\"Pagrindinis\",\"item\":\"https:\\\/\\\/kidsplay.lt\\\/\"},{\"@type\":\"ListItem\",\"position\":2,\"name\":\"Parduotuv\u0117\",\"item\":\"https:\\\/\\\/kidsplay.lt\\\/parduotuve\\\/\"},{\"@type\":\"ListItem\",\"position\":3,\"name\":\"WOOPIE Montessori manipuliacin\u0117 sensorin\u0117 interaktyvi lenta ma\u017eyliams\"}]},{\"@type\":\"WebSite\",\"@id\":\"https:\\\/\\\/kidsplay.lt\\\/#website\",\"url\":\"https:\\\/\\\/kidsplay.lt\\\/\",\"name\":\"Kidsplay.lt\",\"description\":\"\u012evairios prek\u0117s vaikams\",\"publisher\":{\"@id\":\"https:\\\/\\\/kidsplay.lt\\\/#organization\"},\"alternateName\":\"Kidsplay\",\"potentialAction\":[{\"@type\":\"SearchAction\",\"target\":{\"@type\":\"EntryPoint\",\"urlTemplate\":\"https:\\\/\\\/kidsplay.lt\\\/?s={search_term_string}\"},\"query-input\":{\"@type\":\"PropertyValueSpecification\",\"valueRequired\":true,\"valueName\":\"search_term_string\"}}],\"inLanguage\":\"lv-LV\"},{\"@type\":\"Organization\",\"@id\":\"https:\\\/\\\/kidsplay.lt\\\/#organization\",\"name\":\"KidsPlay\",\"url\":\"https:\\\/\\\/kidsplay.lt\\\/\",\"logo\":{\"@type\":\"ImageObject\",\"inLanguage\":\"lv-LV\",\"@id\":\"https:\\\/\\\/kidsplay.lt\\\/#\\\/schema\\\/logo\\\/image\\\/\",\"url\":\"https:\\\/\\\/kidsplay.lt\\\/wp-content\\\/uploads\\\/2023\\\/07\\\/kidsplay-logo.png\",\"contentUrl\":\"https:\\\/\\\/kidsplay.lt\\\/wp-content\\\/uploads\\\/2023\\\/07\\\/kidsplay-logo.png\",\"width\":451,\"height\":98,\"caption\":\"KidsPlay\"},\"image\":{\"@id\":\"https:\\\/\\\/kidsplay.lt\\\/#\\\/schema\\\/logo\\\/image\\\/\"},\"sameAs\":[\"https:\\\/\\\/www.facebook.com\\\/www.kidsplay.lt\"]}]}<\/script>\n<!-- \/ Yoast SEO plugin. -->","yoast_head_json":{"title":"WOOPIE Montessori manipuliacin\u0117 sensorin\u0117 interaktyvi lenta ma\u017eyliams","description":"WOOPIE Montessori manipuliacin\u0117 sensorin\u0117 interaktyvi lenta ma\u017eyliams","robots":{"index":"index","follow":"follow","max-snippet":"max-snippet:-1","max-image-preview":"max-image-preview:large","max-video-preview":"max-video-preview:-1"},"canonical":"https:\/\/kidsplay.lt\/lv\/products\/woopie-montessori-manipuliacine-sensorine-interaktyvi-lenta-mazyliams-2\/","og_locale":"lv_LV","og_type":"article","og_title":"WOOPIE Montessori manipuliacin\u0117 sensorin\u0117 interaktyvi lenta ma\u017eyliams","og_description":"WOOPIE Montessori manipuliacin\u0117 sensorin\u0117 interaktyvi lenta ma\u017eyliams","og_url":"https:\/\/kidsplay.lt\/lv\/products\/woopie-montessori-manipuliacine-sensorine-interaktyvi-lenta-mazyliams-2\/","og_site_name":"KidsPlay","article_publisher":"https:\/\/www.facebook.com\/www.kidsplay.lt","article_modified_time":"2026-04-07T07:14:39+00:00","og_image":[{"width":1000,"height":1000,"url":"https:\/\/kidsplay.lt\/wp-content\/uploads\/2025\/09\/WOOPIE-interaktyvi-edukacine-manipuliacine-lenta-mazyliams.jpg","type":"image\/jpeg"}],"twitter_card":"summary_large_image","twitter_misc":{"Est. reading time":"1 min\u016bte"},"schema":{"@context":"https:\/\/schema.org","@graph":[{"@type":"WebPage","@id":"https:\/\/kidsplay.lt\/produktas\/woopie-montessori-manipuliacine-sensorine-interaktyvi-lenta-mazyliams-2\/","url":"https:\/\/kidsplay.lt\/produktas\/woopie-montessori-manipuliacine-sensorine-interaktyvi-lenta-mazyliams-2\/","name":"WOOPIE Montessori manipuliacin\u0117 sensorin\u0117 interaktyvi lenta ma\u017eyliams","isPartOf":{"@id":"https:\/\/kidsplay.lt\/#website"},"primaryImageOfPage":{"@id":"https:\/\/kidsplay.lt\/produktas\/woopie-montessori-manipuliacine-sensorine-interaktyvi-lenta-mazyliams-2\/#primaryimage"},"image":{"@id":"https:\/\/kidsplay.lt\/produktas\/woopie-montessori-manipuliacine-sensorine-interaktyvi-lenta-mazyliams-2\/#primaryimage"},"thumbnailUrl":"https:\/\/kidsplay.lt\/wp-content\/uploads\/2025\/09\/WOOPIE-interaktyvi-edukacine-manipuliacine-lenta-mazyliams.jpg","datePublished":"2025-10-02T10:06:33+00:00","dateModified":"2026-04-07T07:14:39+00:00","description":"WOOPIE Montessori manipuliacin\u0117 sensorin\u0117 interaktyvi lenta ma\u017eyliams","breadcrumb":{"@id":"https:\/\/kidsplay.lt\/produktas\/woopie-montessori-manipuliacine-sensorine-interaktyvi-lenta-mazyliams-2\/#breadcrumb"},"inLanguage":"lv-LV","potentialAction":[{"@type":"ReadAction","target":["https:\/\/kidsplay.lt\/produktas\/woopie-montessori-manipuliacine-sensorine-interaktyvi-lenta-mazyliams-2\/"]}]},{"@type":"ImageObject","inLanguage":"lv-LV","@id":"https:\/\/kidsplay.lt\/produktas\/woopie-montessori-manipuliacine-sensorine-interaktyvi-lenta-mazyliams-2\/#primaryimage","url":"https:\/\/kidsplay.lt\/wp-content\/uploads\/2025\/09\/WOOPIE-interaktyvi-edukacine-manipuliacine-lenta-mazyliams.jpg","contentUrl":"https:\/\/kidsplay.lt\/wp-content\/uploads\/2025\/09\/WOOPIE-interaktyvi-edukacine-manipuliacine-lenta-mazyliams.jpg","width":1000,"height":1000,"caption":"WOOPIE Montessori manipuliacin\u0117 sensorin\u0117 interaktyvi lenta ma\u017eyliams"},{"@type":"BreadcrumbList","@id":"https:\/\/kidsplay.lt\/produktas\/woopie-montessori-manipuliacine-sensorine-interaktyvi-lenta-mazyliams-2\/#breadcrumb","itemListElement":[{"@type":"ListItem","position":1,"name":"Pagrindinis","item":"https:\/\/kidsplay.lt\/"},{"@type":"ListItem","position":2,"name":"Parduotuv\u0117","item":"https:\/\/kidsplay.lt\/parduotuve\/"},{"@type":"ListItem","position":3,"name":"WOOPIE Montessori manipuliacin\u0117 sensorin\u0117 interaktyvi lenta ma\u017eyliams"}]},{"@type":"WebSite","@id":"https:\/\/kidsplay.lt\/#website","url":"https:\/\/kidsplay.lt\/","name":"B\u0113rnu sp\u0113les.lv","description":"\u012evairios prek\u0117s vaikams","publisher":{"@id":"https:\/\/kidsplay.lt\/#organization"},"alternateName":"Kidsplay","potentialAction":[{"@type":"SearchAction","target":{"@type":"EntryPoint","urlTemplate":"https:\/\/kidsplay.lt\/?s={search_term_string}"},"query-input":{"@type":"PropertyValueSpecification","valueRequired":true,"valueName":"search_term_string"}}],"inLanguage":"lv-LV"},{"@type":"Organization","@id":"https:\/\/kidsplay.lt\/#organization","name":"B\u0113rnu sp\u0113le","url":"https:\/\/kidsplay.lt\/","logo":{"@type":"ImageObject","inLanguage":"lv-LV","@id":"https:\/\/kidsplay.lt\/#\/schema\/logo\/image\/","url":"https:\/\/kidsplay.lt\/wp-content\/uploads\/2023\/07\/kidsplay-logo.png","contentUrl":"https:\/\/kidsplay.lt\/wp-content\/uploads\/2023\/07\/kidsplay-logo.png","width":451,"height":98,"caption":"KidsPlay"},"image":{"@id":"https:\/\/kidsplay.lt\/#\/schema\/logo\/image\/"},"sameAs":["https:\/\/www.facebook.com\/www.kidsplay.lt"]}]}},"_links":{"self":[{"href":"https:\/\/kidsplay.lt\/lv\/wp-json\/wp\/v2\/product\/68690","targetHints":{"allow":["GET"]}}],"collection":[{"href":"https:\/\/kidsplay.lt\/lv\/wp-json\/wp\/v2\/product"}],"about":[{"href":"https:\/\/kidsplay.lt\/lv\/wp-json\/wp\/v2\/types\/product"}],"version-history":[{"count":2,"href":"https:\/\/kidsplay.lt\/lv\/wp-json\/wp\/v2\/product\/68690\/revisions"}],"predecessor-version":[{"id":73765,"href":"https:\/\/kidsplay.lt\/lv\/wp-json\/wp\/v2\/product\/68690\/revisions\/73765"}],"wp:featuredmedia":[{"embeddable":true,"href":"https:\/\/kidsplay.lt\/lv\/wp-json\/wp\/v2\/media\/63785"}],"wp:attachment":[{"href":"https:\/\/kidsplay.lt\/lv\/wp-json\/wp\/v2\/media?parent=68690"}],"wp:term":[{"taxonomy":"product_brand","embeddable":true,"href":"https:\/\/kidsplay.lt\/lv\/wp-json\/wp\/v2\/product_brand?post=68690"},{"taxonomy":"product_cat","embeddable":true,"href":"https:\/\/kidsplay.lt\/lv\/wp-json\/wp\/v2\/product_cat?post=68690"},{"taxonomy":"product_tag","embeddable":true,"href":"https:\/\/kidsplay.lt\/lv\/wp-json\/wp\/v2\/product_tag?post=68690"}],"curies":[{"name":"wp","href":"https:\/\/api.w.org\/{rel}","templated":true}]}}