{"id":68704,"date":"2025-10-02T13:07:17","date_gmt":"2025-10-02T10:07:17","guid":{"rendered":"https:\/\/kidsplay.lt\/produktas\/woopie-magnetiniai-kaladeles-kamuoliuku-takelis-sviesu-takelis-49-vnt-2\/"},"modified":"2026-04-13T14:35:59","modified_gmt":"2026-04-13T11:35:59","slug":"woopie-magnetiniai-kaladeles-kamuoliuku-takelis-sviesu-takelis-49-vnt-2","status":"publish","type":"product","link":"https:\/\/kidsplay.lt\/lv\/products\/woopie-magnetiniai-kaladeles-kamuoliuku-takelis-sviesu-takelis-49-vnt-2\/","title":{"rendered":"WOOPIE magn\u0113tiskie kluc\u012b\u0161i, bumbu trase, gaismas trase, 49 gab."},"content":{"rendered":"<p>Magnetiniai WOOPIE kalad\u0117l\u0117s\u00a0su\u017eav\u0117s\u00a0ir su\u017eav\u0117s j\u016bs\u0173 vaik\u0105. Kalad\u0117l\u0117s lengvai\u00a0sujungiamos\u00a0ir gali b\u016bti naudojamos kuriant nuostabias\u00a0konstrukcijas su \u010diuo\u017eyklomis,\u00a0pavyzd\u017eiui, takel\u012f kamuoliukui slysti. Takel\u012f galima\u00a0ap\u0161viesti\u00a0pridedamu \u017eibintuv\u0117liu, kad efektas b\u016bt\u0173 dar \u012fsp\u016bdingesnis, o vaikas gali steb\u0117ti, kaip juda \u0161viesa, o tai lavina jo\u00a0suvokim\u0105\u00a0.\u00a0Tiesiog i\u0161d\u0117stydami takel\u012f taip, kad kamuoliukai lengvai pasiekt\u0173 gal\u0105, lavinsite j\u016bs\u0173 vaiko\u00a0login\u012f\u00a0m\u0105stym\u0105\u00a0,\u00a0vaizduot\u0119\u00a0ir\u00a0k\u016brybi\u0161kum\u0105\u00a0, be to,\u00a0jis gal\u0117s susikaupti konstruodamas konstrukcijas. D\u0117liodami kalad\u0117les, vaikai mokosi apie formas ir spalvas bei lavina\u00a0smulki\u0105j\u0105\u00a0motorik\u0105\u00a0.<\/p>\n<p>Rakstur\u012bgs:<\/p>\n<p> \t\u2013 rota\u013clieta no 3 gadu vecuma,<br \/>\n \t&#8211; blokeliai\u00a0lengvai\u00a0sujungiami\u00a0vienas\u00a0su kitu,<br \/>\n \t&#8211;\u00a0neribotos\u00a0statybini\u0173 konstrukcij\u0173 galimyb\u0117s,<br \/>\n \t&#8211; trasa gali b\u016bti ap\u0161viesta,<br \/>\n \t&#8211; konstruktyviniai blokeliai lavina:\u00a0login\u012f\u00a0m\u0105stym\u0105\u00a0,\u00a0vaizduot\u0119\u00a0,\u00a0k\u016brybi\u0161kum\u0105,\u00a0susikaupim\u0105\u00a0ir rank\u0173 \u012fg\u016bd\u017eius,<br \/>\n \t&#8211; pakuot\u0117 su rankena, lengvai ne\u0161iojama\u00a0ir puikiai tinka kaip dovana.<\/p>\n<p>Rinkin\u012f sudaro 49 dalys, \u012fskaitant:<\/p>\n<p> \t&#8211; \u012fvairi\u0173 tip\u0173 \u010diuo\u017eykl\u0173 konstrukcijos blokeliai,<br \/>\n \t&#8211; plok\u0161\u010di\u0173 blok\u0173,<br \/>\n \t&#8211; \u017eibintuv\u0117liai ir \u0161vie\u010diantys blokeliai,<br \/>\n \t&#8211; instrukcijos,<br \/>\n \t&#8211; lipdukai su paveiksl\u0117liais.<\/p>\n<p>\u201eWoopie\u201c\u00a0\u00a0yra viena i\u0161 pirmaujan\u010di\u0173 plastikini\u0173 \u017eaisl\u0173 gamintoj\u0173 Europoje. \u201eWoopie\u201c produktai s\u0117kmingai parduodami \u0161alies viduje ir visoje Europoje.<\/p>\n<p>\u201eWoopie\u201c\u00a0\u017eaislai\u00a0turi vien\u0105 tiksl\u0105: suteikti vaikams d\u017eiaugsmo! Plat\u0173 \u201eWoopie\u201c \u017eaisl\u0173 asortiment\u0105 sudaro karnavaliniai ir vaiki\u0161ki kostiumai, taip pat kaban\u010dios s\u016bpyn\u0117s, putplas\u010dio \u017eaislai, \u012fvair\u016bs sodo \u017eaislai ir daug daugiau! Tegul linksmyb\u0117s liejasi \u2013 tegul liejasi \u201eWoopie\u201c!<\/p>","protected":false},"excerpt":{"rendered":"<p>WOOPIE magn\u0113tiskie kluc\u012b\u0161i, bumbu trase, gaismas trase, 49 gab.<\/p>","protected":false},"featured_media":63770,"template":"","meta":{"_acf_changed":false,"_glsr_average":0,"_glsr_ranking":0,"_glsr_reviews":0},"product_brand":[],"product_cat":[446,229],"product_tag":[],"class_list":{"0":"post-68704","1":"product","2":"type-product","3":"status-publish","4":"has-post-thumbnail","6":"product_cat-konstruktoriai","7":"product_cat-zaislai-vaikams","8":"\"style=\"background-color: #2ecc711c;\"","10":"first","11":"instock","12":"purchasable","13":"product-type-simple"},"acf":[],"yoast_head":"<!-- This site is optimized with the Yoast SEO plugin v27.4 - https:\/\/yoast.com\/product\/yoast-seo-wordpress\/ -->\n<title>WOOPIE magnetiniai kalad\u0117l\u0117s, kamuoliuk\u0173 takelis, \u0161vies\u0173 takelis, 49 vnt.<\/title>\n<meta name=\"description\" content=\"WOOPIE magnetiniai kalad\u0117l\u0117s, kamuoliuk\u0173 takelis, \u0161vies\u0173 takelis, 49 vnt.\" \/>\n<meta name=\"robots\" content=\"index, follow, max-snippet:-1, max-image-preview:large, max-video-preview:-1\" \/>\n<link rel=\"canonical\" href=\"https:\/\/kidsplay.lt\/lv\/products\/woopie-magnetiniai-kaladeles-kamuoliuku-takelis-sviesu-takelis-49-vnt-2\/\" \/>\n<meta property=\"og:locale\" content=\"lv_LV\" \/>\n<meta property=\"og:type\" content=\"article\" \/>\n<meta property=\"og:title\" content=\"WOOPIE magnetiniai kalad\u0117l\u0117s, kamuoliuk\u0173 takelis, \u0161vies\u0173 takelis, 49 vnt.\" \/>\n<meta property=\"og:description\" content=\"WOOPIE magnetiniai kalad\u0117l\u0117s, kamuoliuk\u0173 takelis, \u0161vies\u0173 takelis, 49 vnt.\" \/>\n<meta property=\"og:url\" content=\"https:\/\/kidsplay.lt\/lv\/products\/woopie-magnetiniai-kaladeles-kamuoliuku-takelis-sviesu-takelis-49-vnt-2\/\" \/>\n<meta property=\"og:site_name\" content=\"KidsPlay\" \/>\n<meta property=\"article:publisher\" content=\"https:\/\/www.facebook.com\/www.kidsplay.lt\" \/>\n<meta property=\"article:modified_time\" content=\"2026-04-13T11:35:59+00:00\" \/>\n<meta property=\"og:image\" content=\"https:\/\/kidsplay.lt\/wp-content\/uploads\/2025\/09\/WOOPIE-magnetiniai-kaladeles-kamuoliuku-takelis-sviesu-takelis-49-vnt.jpg\" \/>\n\t<meta property=\"og:image:width\" content=\"800\" \/>\n\t<meta property=\"og:image:height\" content=\"800\" \/>\n\t<meta property=\"og:image:type\" content=\"image\/png\" \/>\n<meta name=\"twitter:card\" content=\"summary_large_image\" \/>\n<meta name=\"twitter:label1\" content=\"Est. reading time\" \/>\n\t<meta name=\"twitter:data1\" content=\"1 min\u016bte\" \/>\n<script type=\"application\/ld+json\" class=\"yoast-schema-graph\">{\"@context\":\"https:\\\/\\\/schema.org\",\"@graph\":[{\"@type\":\"WebPage\",\"@id\":\"https:\\\/\\\/kidsplay.lt\\\/produktas\\\/woopie-magnetiniai-kaladeles-kamuoliuku-takelis-sviesu-takelis-49-vnt-2\\\/\",\"url\":\"https:\\\/\\\/kidsplay.lt\\\/produktas\\\/woopie-magnetiniai-kaladeles-kamuoliuku-takelis-sviesu-takelis-49-vnt-2\\\/\",\"name\":\"WOOPIE magnetiniai kalad\u0117l\u0117s, kamuoliuk\u0173 takelis, \u0161vies\u0173 takelis, 49 vnt.\",\"isPartOf\":{\"@id\":\"https:\\\/\\\/kidsplay.lt\\\/#website\"},\"primaryImageOfPage\":{\"@id\":\"https:\\\/\\\/kidsplay.lt\\\/produktas\\\/woopie-magnetiniai-kaladeles-kamuoliuku-takelis-sviesu-takelis-49-vnt-2\\\/#primaryimage\"},\"image\":{\"@id\":\"https:\\\/\\\/kidsplay.lt\\\/produktas\\\/woopie-magnetiniai-kaladeles-kamuoliuku-takelis-sviesu-takelis-49-vnt-2\\\/#primaryimage\"},\"thumbnailUrl\":\"https:\\\/\\\/kidsplay.lt\\\/wp-content\\\/uploads\\\/2025\\\/09\\\/WOOPIE-magnetiniai-kaladeles-kamuoliuku-takelis-sviesu-takelis-49-vnt.jpg\",\"datePublished\":\"2025-10-02T10:07:17+00:00\",\"dateModified\":\"2026-04-13T11:35:59+00:00\",\"description\":\"WOOPIE magnetiniai kalad\u0117l\u0117s, kamuoliuk\u0173 takelis, \u0161vies\u0173 takelis, 49 vnt.\",\"breadcrumb\":{\"@id\":\"https:\\\/\\\/kidsplay.lt\\\/produktas\\\/woopie-magnetiniai-kaladeles-kamuoliuku-takelis-sviesu-takelis-49-vnt-2\\\/#breadcrumb\"},\"inLanguage\":\"lv-LV\",\"potentialAction\":[{\"@type\":\"ReadAction\",\"target\":[\"https:\\\/\\\/kidsplay.lt\\\/produktas\\\/woopie-magnetiniai-kaladeles-kamuoliuku-takelis-sviesu-takelis-49-vnt-2\\\/\"]}]},{\"@type\":\"ImageObject\",\"inLanguage\":\"lv-LV\",\"@id\":\"https:\\\/\\\/kidsplay.lt\\\/produktas\\\/woopie-magnetiniai-kaladeles-kamuoliuku-takelis-sviesu-takelis-49-vnt-2\\\/#primaryimage\",\"url\":\"https:\\\/\\\/kidsplay.lt\\\/wp-content\\\/uploads\\\/2025\\\/09\\\/WOOPIE-magnetiniai-kaladeles-kamuoliuku-takelis-sviesu-takelis-49-vnt.jpg\",\"contentUrl\":\"https:\\\/\\\/kidsplay.lt\\\/wp-content\\\/uploads\\\/2025\\\/09\\\/WOOPIE-magnetiniai-kaladeles-kamuoliuku-takelis-sviesu-takelis-49-vnt.jpg\",\"width\":2560,\"height\":2560,\"caption\":\"WOOPIE magnetiniai kalad\u0117l\u0117s\"},{\"@type\":\"BreadcrumbList\",\"@id\":\"https:\\\/\\\/kidsplay.lt\\\/produktas\\\/woopie-magnetiniai-kaladeles-kamuoliuku-takelis-sviesu-takelis-49-vnt-2\\\/#breadcrumb\",\"itemListElement\":[{\"@type\":\"ListItem\",\"position\":1,\"name\":\"Pagrindinis\",\"item\":\"https:\\\/\\\/kidsplay.lt\\\/\"},{\"@type\":\"ListItem\",\"position\":2,\"name\":\"Parduotuv\u0117\",\"item\":\"https:\\\/\\\/kidsplay.lt\\\/parduotuve\\\/\"},{\"@type\":\"ListItem\",\"position\":3,\"name\":\"WOOPIE magnetiniai kalad\u0117l\u0117s, kamuoliuk\u0173 takelis, \u0161vies\u0173 takelis, 49 vnt.\"}]},{\"@type\":\"WebSite\",\"@id\":\"https:\\\/\\\/kidsplay.lt\\\/#website\",\"url\":\"https:\\\/\\\/kidsplay.lt\\\/\",\"name\":\"Kidsplay.lt\",\"description\":\"\u012evairios prek\u0117s vaikams\",\"publisher\":{\"@id\":\"https:\\\/\\\/kidsplay.lt\\\/#organization\"},\"alternateName\":\"Kidsplay\",\"potentialAction\":[{\"@type\":\"SearchAction\",\"target\":{\"@type\":\"EntryPoint\",\"urlTemplate\":\"https:\\\/\\\/kidsplay.lt\\\/?s={search_term_string}\"},\"query-input\":{\"@type\":\"PropertyValueSpecification\",\"valueRequired\":true,\"valueName\":\"search_term_string\"}}],\"inLanguage\":\"lv-LV\"},{\"@type\":\"Organization\",\"@id\":\"https:\\\/\\\/kidsplay.lt\\\/#organization\",\"name\":\"KidsPlay\",\"url\":\"https:\\\/\\\/kidsplay.lt\\\/\",\"logo\":{\"@type\":\"ImageObject\",\"inLanguage\":\"lv-LV\",\"@id\":\"https:\\\/\\\/kidsplay.lt\\\/#\\\/schema\\\/logo\\\/image\\\/\",\"url\":\"https:\\\/\\\/kidsplay.lt\\\/wp-content\\\/uploads\\\/2023\\\/07\\\/kidsplay-logo.png\",\"contentUrl\":\"https:\\\/\\\/kidsplay.lt\\\/wp-content\\\/uploads\\\/2023\\\/07\\\/kidsplay-logo.png\",\"width\":451,\"height\":98,\"caption\":\"KidsPlay\"},\"image\":{\"@id\":\"https:\\\/\\\/kidsplay.lt\\\/#\\\/schema\\\/logo\\\/image\\\/\"},\"sameAs\":[\"https:\\\/\\\/www.facebook.com\\\/www.kidsplay.lt\"]}]}<\/script>\n<!-- \/ Yoast SEO plugin. -->","yoast_head_json":{"title":"WOOPIE magn\u0113tiskie kluc\u012b\u0161i, bumbu trase, gaismas trase, 49 gab.","description":"WOOPIE magn\u0113tiskie kluc\u012b\u0161i, bumbu trase, gaismas trase, 49 gab.","robots":{"index":"index","follow":"follow","max-snippet":"max-snippet:-1","max-image-preview":"max-image-preview:large","max-video-preview":"max-video-preview:-1"},"canonical":"https:\/\/kidsplay.lt\/lv\/products\/woopie-magnetiniai-kaladeles-kamuoliuku-takelis-sviesu-takelis-49-vnt-2\/","og_locale":"lv_LV","og_type":"article","og_title":"WOOPIE magnetiniai kalad\u0117l\u0117s, kamuoliuk\u0173 takelis, \u0161vies\u0173 takelis, 49 vnt.","og_description":"WOOPIE magnetiniai kalad\u0117l\u0117s, kamuoliuk\u0173 takelis, \u0161vies\u0173 takelis, 49 vnt.","og_url":"https:\/\/kidsplay.lt\/lv\/products\/woopie-magnetiniai-kaladeles-kamuoliuku-takelis-sviesu-takelis-49-vnt-2\/","og_site_name":"KidsPlay","article_publisher":"https:\/\/www.facebook.com\/www.kidsplay.lt","article_modified_time":"2026-04-13T11:35:59+00:00","og_image":[{"url":"https:\/\/kidsplay.lt\/wp-content\/uploads\/2025\/09\/WOOPIE-magnetiniai-kaladeles-kamuoliuku-takelis-sviesu-takelis-49-vnt.jpg","width":800,"height":800,"type":"image\/png"}],"twitter_card":"summary_large_image","twitter_misc":{"Est. reading time":"1 min\u016bte"},"schema":{"@context":"https:\/\/schema.org","@graph":[{"@type":"WebPage","@id":"https:\/\/kidsplay.lt\/produktas\/woopie-magnetiniai-kaladeles-kamuoliuku-takelis-sviesu-takelis-49-vnt-2\/","url":"https:\/\/kidsplay.lt\/produktas\/woopie-magnetiniai-kaladeles-kamuoliuku-takelis-sviesu-takelis-49-vnt-2\/","name":"WOOPIE magn\u0113tiskie kluc\u012b\u0161i, bumbu trase, gaismas trase, 49 gab.","isPartOf":{"@id":"https:\/\/kidsplay.lt\/#website"},"primaryImageOfPage":{"@id":"https:\/\/kidsplay.lt\/produktas\/woopie-magnetiniai-kaladeles-kamuoliuku-takelis-sviesu-takelis-49-vnt-2\/#primaryimage"},"image":{"@id":"https:\/\/kidsplay.lt\/produktas\/woopie-magnetiniai-kaladeles-kamuoliuku-takelis-sviesu-takelis-49-vnt-2\/#primaryimage"},"thumbnailUrl":"https:\/\/kidsplay.lt\/wp-content\/uploads\/2025\/09\/WOOPIE-magnetiniai-kaladeles-kamuoliuku-takelis-sviesu-takelis-49-vnt.jpg","datePublished":"2025-10-02T10:07:17+00:00","dateModified":"2026-04-13T11:35:59+00:00","description":"WOOPIE magn\u0113tiskie kluc\u012b\u0161i, bumbu trase, gaismas trase, 49 gab.","breadcrumb":{"@id":"https:\/\/kidsplay.lt\/produktas\/woopie-magnetiniai-kaladeles-kamuoliuku-takelis-sviesu-takelis-49-vnt-2\/#breadcrumb"},"inLanguage":"lv-LV","potentialAction":[{"@type":"ReadAction","target":["https:\/\/kidsplay.lt\/produktas\/woopie-magnetiniai-kaladeles-kamuoliuku-takelis-sviesu-takelis-49-vnt-2\/"]}]},{"@type":"ImageObject","inLanguage":"lv-LV","@id":"https:\/\/kidsplay.lt\/produktas\/woopie-magnetiniai-kaladeles-kamuoliuku-takelis-sviesu-takelis-49-vnt-2\/#primaryimage","url":"https:\/\/kidsplay.lt\/wp-content\/uploads\/2025\/09\/WOOPIE-magnetiniai-kaladeles-kamuoliuku-takelis-sviesu-takelis-49-vnt.jpg","contentUrl":"https:\/\/kidsplay.lt\/wp-content\/uploads\/2025\/09\/WOOPIE-magnetiniai-kaladeles-kamuoliuku-takelis-sviesu-takelis-49-vnt.jpg","width":2560,"height":2560,"caption":"WOOPIE magnetiniai kalad\u0117l\u0117s"},{"@type":"BreadcrumbList","@id":"https:\/\/kidsplay.lt\/produktas\/woopie-magnetiniai-kaladeles-kamuoliuku-takelis-sviesu-takelis-49-vnt-2\/#breadcrumb","itemListElement":[{"@type":"ListItem","position":1,"name":"Pagrindinis","item":"https:\/\/kidsplay.lt\/"},{"@type":"ListItem","position":2,"name":"Parduotuv\u0117","item":"https:\/\/kidsplay.lt\/parduotuve\/"},{"@type":"ListItem","position":3,"name":"WOOPIE magnetiniai kalad\u0117l\u0117s, kamuoliuk\u0173 takelis, \u0161vies\u0173 takelis, 49 vnt."}]},{"@type":"WebSite","@id":"https:\/\/kidsplay.lt\/#website","url":"https:\/\/kidsplay.lt\/","name":"B\u0113rnu sp\u0113les.lv","description":"\u012evairios prek\u0117s vaikams","publisher":{"@id":"https:\/\/kidsplay.lt\/#organization"},"alternateName":"Kidsplay","potentialAction":[{"@type":"SearchAction","target":{"@type":"EntryPoint","urlTemplate":"https:\/\/kidsplay.lt\/?s={search_term_string}"},"query-input":{"@type":"PropertyValueSpecification","valueRequired":true,"valueName":"search_term_string"}}],"inLanguage":"lv-LV"},{"@type":"Organization","@id":"https:\/\/kidsplay.lt\/#organization","name":"B\u0113rnu sp\u0113le","url":"https:\/\/kidsplay.lt\/","logo":{"@type":"ImageObject","inLanguage":"lv-LV","@id":"https:\/\/kidsplay.lt\/#\/schema\/logo\/image\/","url":"https:\/\/kidsplay.lt\/wp-content\/uploads\/2023\/07\/kidsplay-logo.png","contentUrl":"https:\/\/kidsplay.lt\/wp-content\/uploads\/2023\/07\/kidsplay-logo.png","width":451,"height":98,"caption":"KidsPlay"},"image":{"@id":"https:\/\/kidsplay.lt\/#\/schema\/logo\/image\/"},"sameAs":["https:\/\/www.facebook.com\/www.kidsplay.lt"]}]}},"_links":{"self":[{"href":"https:\/\/kidsplay.lt\/lv\/wp-json\/wp\/v2\/product\/68704","targetHints":{"allow":["GET"]}}],"collection":[{"href":"https:\/\/kidsplay.lt\/lv\/wp-json\/wp\/v2\/product"}],"about":[{"href":"https:\/\/kidsplay.lt\/lv\/wp-json\/wp\/v2\/types\/product"}],"version-history":[{"count":2,"href":"https:\/\/kidsplay.lt\/lv\/wp-json\/wp\/v2\/product\/68704\/revisions"}],"predecessor-version":[{"id":73758,"href":"https:\/\/kidsplay.lt\/lv\/wp-json\/wp\/v2\/product\/68704\/revisions\/73758"}],"wp:featuredmedia":[{"embeddable":true,"href":"https:\/\/kidsplay.lt\/lv\/wp-json\/wp\/v2\/media\/63770"}],"wp:attachment":[{"href":"https:\/\/kidsplay.lt\/lv\/wp-json\/wp\/v2\/media?parent=68704"}],"wp:term":[{"taxonomy":"product_brand","embeddable":true,"href":"https:\/\/kidsplay.lt\/lv\/wp-json\/wp\/v2\/product_brand?post=68704"},{"taxonomy":"product_cat","embeddable":true,"href":"https:\/\/kidsplay.lt\/lv\/wp-json\/wp\/v2\/product_cat?post=68704"},{"taxonomy":"product_tag","embeddable":true,"href":"https:\/\/kidsplay.lt\/lv\/wp-json\/wp\/v2\/product_tag?post=68704"}],"curies":[{"name":"wp","href":"https:\/\/api.w.org\/{rel}","templated":true}]}}