{"id":68712,"date":"2025-10-02T13:07:43","date_gmt":"2025-10-02T10:07:43","guid":{"rendered":"https:\/\/kidsplay.lt\/produktas\/woopie-akvareliniu-kilimeliu-rinkinys-su-priedais-2\/"},"modified":"2026-03-15T07:59:51","modified_gmt":"2026-03-15T05:59:51","slug":"woopie-akvareliniu-kilimeliu-rinkinys-su-priedais-2","status":"publish","type":"product","link":"https:\/\/kidsplay.lt\/lv\/products\/woopie-akvareliniu-kilimeliu-rinkinys-su-priedais-2\/","title":{"rendered":"WOOPIE akvarelini\u0173 kilim\u0117li\u0173 rinkinys su priedais"},"content":{"rendered":"<p>Atraskite nuostab\u0173\u00a0pie\u0161imo ant vandens kilim\u0117l\u012f\u00a0, kuris suteiks j\u016bs\u0173 vaikui valand\u0173 valandas netvarkingo k\u016brybinio \u017eaidimo! Tiesiog naudokite\u00a0vanden\u012f\u00a0ir sukurkite spalvingus pie\u0161inius, kurie i\u0161nyksta i\u0161d\u017ei\u016bv\u0119, atverdami begales menin\u0117s i\u0161rai\u0161kos galimybi\u0173. Rinkin\u012f sudaro \u012fvair\u016bs priedai, skirti lavinti j\u016bs\u0173 ma\u017eylio\u00a0k\u016brybi\u0161kum\u0105 ir vaizduot\u0119\u00a0.<\/p>\n<p>Rakstur\u012bgs:<\/p>\n<p> \t&#8211; Vaikams\u00a0nuo 3 met\u0173 am\u017eiaus<br \/>\n \t&#8211;\u00a0Didelis kilim\u0117lis 100 x 80 cm\u00a0\u2013 puikiai tinka \u017eaisti kartu<br \/>\n \t&#8211; Da\u017eymas\u00a0tik vandeniu\u00a0\u2013 joki\u0173 d\u0117mi\u0173, da\u017e\u0173, jokios netvarkos<br \/>\n \t&#8211;\u00a0Dingstantys pie\u0161iniai\u00a0\u2013 paveiksl\u0117liai i\u0161d\u017ei\u016bsta ir juos galima v\u0117l pie\u0161ti<br \/>\n \t&#8211;\u00a0Spalvingas pavir\u0161ius\u00a0\u2013 pie\u0161iniai tampa spalvingi po s\u0105ly\u010dio su vandeniu<br \/>\n \t&#8211;\u00a0Lengva laikyti ir sulankstyti\u00a0&#8211; puikiai tinka namams ir kelion\u0117ms<\/p>\n<p>Komplekt\u0101 ietilpst:<\/p>\n<p> \t&#8211; 1 vandens kilim\u0117lis 100 x 80 cm<br \/>\n \t&#8211; 3 daugkartinio naudojimo vandens ra\u0161ikliai<br \/>\n \t&#8211; 3 vandens antspaudai<br \/>\n \t&#8211; 1 ra\u0161to volelis<br \/>\n \t&#8211; 1 \u017eaislinis automobilis, pagamintas i\u0161 metalo lydinio ir plastiko<br \/>\n \t&#8211; Raid\u017ei\u0173 ir form\u0173 \u0161ablon\u0173 rinkinys<br \/>\n \t&#8211; 1 stovas antspaudams ir voleliui<\/p>\n<p>Rota\u013clieta att\u012bst\u0101s:<\/p>\n<p> \t&#8211; K\u016brybi\u0161kumas ir vaizduot\u0117<br \/>\n \t&#8211; Rankiniai \u012fg\u016bd\u017eiai<br \/>\n \t&#8211; Rank\u0173 ir aki\u0173 koordinacija<br \/>\n \t&#8211; Geb\u0117jimas bendradarbiauti ir kartu smagiai leisti laik\u0105<\/p>","protected":false},"excerpt":{"rendered":"<p>WOOPIE akvarelini\u0173 kilim\u0117li\u0173 rinkinys su priedais<\/p>","protected":false},"featured_media":63795,"template":"","meta":{"_acf_changed":false,"_glsr_average":0,"_glsr_ranking":0,"_glsr_reviews":0},"product_brand":[],"product_cat":[810,229],"product_tag":[],"class_list":{"0":"post-68712","1":"product","2":"type-product","3":"status-publish","4":"has-post-thumbnail","6":"product_cat-kurybiniai-rinkiniai","7":"product_cat-zaislai-vaikams","8":"\"style=\"background-color: #2ecc711c;\"","10":"first","11":"outofstock","12":"purchasable","13":"product-type-simple"},"acf":[],"yoast_head":"<!-- This site is optimized with the Yoast SEO plugin v27.3 - https:\/\/yoast.com\/product\/yoast-seo-wordpress\/ -->\n<title>WOOPIE akvarelini\u0173 kilim\u0117li\u0173 rinkinys su priedais<\/title>\n<meta name=\"description\" content=\"WOOPIE akvarelini\u0173 kilim\u0117li\u0173 rinkinys su priedais\" \/>\n<meta name=\"robots\" content=\"index, follow, max-snippet:-1, max-image-preview:large, max-video-preview:-1\" \/>\n<link rel=\"canonical\" href=\"https:\/\/kidsplay.lt\/lv\/product\/woopie-akvareliniu-kilimeliu-rinkinys-su-priedais-2\/\" \/>\n<meta property=\"og:locale\" content=\"lv_LV\" \/>\n<meta property=\"og:type\" content=\"article\" \/>\n<meta property=\"og:title\" content=\"WOOPIE akvarelini\u0173 kilim\u0117li\u0173 rinkinys su priedais\" \/>\n<meta property=\"og:description\" content=\"WOOPIE akvarelini\u0173 kilim\u0117li\u0173 rinkinys su priedais\" \/>\n<meta property=\"og:url\" content=\"https:\/\/kidsplay.lt\/lv\/product\/woopie-akvareliniu-kilimeliu-rinkinys-su-priedais-2\/\" \/>\n<meta property=\"og:site_name\" content=\"KidsPlay\" \/>\n<meta property=\"article:publisher\" content=\"https:\/\/www.facebook.com\/www.kidsplay.lt\" \/>\n<meta property=\"article:modified_time\" content=\"2026-03-15T05:59:51+00:00\" \/>\n<meta property=\"og:image\" content=\"https:\/\/kidsplay.lt\/wp-content\/uploads\/2025\/09\/WOOPIE-akvareliniu-kilimeliu-rinkinys-su-priedais.jpg\" \/>\n\t<meta property=\"og:image:width\" content=\"1000\" \/>\n\t<meta property=\"og:image:height\" content=\"1000\" \/>\n\t<meta property=\"og:image:type\" content=\"image\/jpeg\" \/>\n<meta name=\"twitter:card\" content=\"summary_large_image\" \/>\n<meta name=\"twitter:label1\" content=\"Est. reading time\" \/>\n\t<meta name=\"twitter:data1\" content=\"1 min\u016bte\" \/>\n<script type=\"application\/ld+json\" class=\"yoast-schema-graph\">{\"@context\":\"https:\\\/\\\/schema.org\",\"@graph\":[{\"@type\":\"WebPage\",\"@id\":\"https:\\\/\\\/kidsplay.lt\\\/produktas\\\/woopie-akvareliniu-kilimeliu-rinkinys-su-priedais-2\\\/\",\"url\":\"https:\\\/\\\/kidsplay.lt\\\/produktas\\\/woopie-akvareliniu-kilimeliu-rinkinys-su-priedais-2\\\/\",\"name\":\"WOOPIE akvarelini\u0173 kilim\u0117li\u0173 rinkinys su priedais\",\"isPartOf\":{\"@id\":\"https:\\\/\\\/kidsplay.lt\\\/#website\"},\"primaryImageOfPage\":{\"@id\":\"https:\\\/\\\/kidsplay.lt\\\/produktas\\\/woopie-akvareliniu-kilimeliu-rinkinys-su-priedais-2\\\/#primaryimage\"},\"image\":{\"@id\":\"https:\\\/\\\/kidsplay.lt\\\/produktas\\\/woopie-akvareliniu-kilimeliu-rinkinys-su-priedais-2\\\/#primaryimage\"},\"thumbnailUrl\":\"https:\\\/\\\/kidsplay.lt\\\/wp-content\\\/uploads\\\/2025\\\/09\\\/WOOPIE-akvareliniu-kilimeliu-rinkinys-su-priedais.jpg\",\"datePublished\":\"2025-10-02T10:07:43+00:00\",\"dateModified\":\"2026-03-15T05:59:51+00:00\",\"description\":\"WOOPIE akvarelini\u0173 kilim\u0117li\u0173 rinkinys su priedais\",\"breadcrumb\":{\"@id\":\"https:\\\/\\\/kidsplay.lt\\\/produktas\\\/woopie-akvareliniu-kilimeliu-rinkinys-su-priedais-2\\\/#breadcrumb\"},\"inLanguage\":\"lv-LV\",\"potentialAction\":[{\"@type\":\"ReadAction\",\"target\":[\"https:\\\/\\\/kidsplay.lt\\\/produktas\\\/woopie-akvareliniu-kilimeliu-rinkinys-su-priedais-2\\\/\"]}]},{\"@type\":\"ImageObject\",\"inLanguage\":\"lv-LV\",\"@id\":\"https:\\\/\\\/kidsplay.lt\\\/produktas\\\/woopie-akvareliniu-kilimeliu-rinkinys-su-priedais-2\\\/#primaryimage\",\"url\":\"https:\\\/\\\/kidsplay.lt\\\/wp-content\\\/uploads\\\/2025\\\/09\\\/WOOPIE-akvareliniu-kilimeliu-rinkinys-su-priedais.jpg\",\"contentUrl\":\"https:\\\/\\\/kidsplay.lt\\\/wp-content\\\/uploads\\\/2025\\\/09\\\/WOOPIE-akvareliniu-kilimeliu-rinkinys-su-priedais.jpg\",\"width\":1000,\"height\":1000,\"caption\":\"WOOPIE akvarelini\u0173 kilim\u0117li\u0173 rinkinys su priedais\"},{\"@type\":\"BreadcrumbList\",\"@id\":\"https:\\\/\\\/kidsplay.lt\\\/produktas\\\/woopie-akvareliniu-kilimeliu-rinkinys-su-priedais-2\\\/#breadcrumb\",\"itemListElement\":[{\"@type\":\"ListItem\",\"position\":1,\"name\":\"Pagrindinis\",\"item\":\"https:\\\/\\\/kidsplay.lt\\\/\"},{\"@type\":\"ListItem\",\"position\":2,\"name\":\"Parduotuv\u0117\",\"item\":\"https:\\\/\\\/kidsplay.lt\\\/parduotuve\\\/\"},{\"@type\":\"ListItem\",\"position\":3,\"name\":\"WOOPIE akvarelini\u0173 kilim\u0117li\u0173 rinkinys su priedais\"}]},{\"@type\":\"WebSite\",\"@id\":\"https:\\\/\\\/kidsplay.lt\\\/#website\",\"url\":\"https:\\\/\\\/kidsplay.lt\\\/\",\"name\":\"Kidsplay.lt\",\"description\":\"\u012evairios prek\u0117s vaikams\",\"publisher\":{\"@id\":\"https:\\\/\\\/kidsplay.lt\\\/#organization\"},\"alternateName\":\"Kidsplay\",\"potentialAction\":[{\"@type\":\"SearchAction\",\"target\":{\"@type\":\"EntryPoint\",\"urlTemplate\":\"https:\\\/\\\/kidsplay.lt\\\/?s={search_term_string}\"},\"query-input\":{\"@type\":\"PropertyValueSpecification\",\"valueRequired\":true,\"valueName\":\"search_term_string\"}}],\"inLanguage\":\"lv-LV\"},{\"@type\":\"Organization\",\"@id\":\"https:\\\/\\\/kidsplay.lt\\\/#organization\",\"name\":\"KidsPlay\",\"url\":\"https:\\\/\\\/kidsplay.lt\\\/\",\"logo\":{\"@type\":\"ImageObject\",\"inLanguage\":\"lv-LV\",\"@id\":\"https:\\\/\\\/kidsplay.lt\\\/#\\\/schema\\\/logo\\\/image\\\/\",\"url\":\"https:\\\/\\\/kidsplay.lt\\\/wp-content\\\/uploads\\\/2023\\\/07\\\/kidsplay-logo.png\",\"contentUrl\":\"https:\\\/\\\/kidsplay.lt\\\/wp-content\\\/uploads\\\/2023\\\/07\\\/kidsplay-logo.png\",\"width\":451,\"height\":98,\"caption\":\"KidsPlay\"},\"image\":{\"@id\":\"https:\\\/\\\/kidsplay.lt\\\/#\\\/schema\\\/logo\\\/image\\\/\"},\"sameAs\":[\"https:\\\/\\\/www.facebook.com\\\/www.kidsplay.lt\"]}]}<\/script>\n<!-- \/ Yoast SEO plugin. -->","yoast_head_json":{"title":"WOOPIE akvarelini\u0173 kilim\u0117li\u0173 rinkinys su priedais","description":"WOOPIE akvarelini\u0173 kilim\u0117li\u0173 rinkinys su priedais","robots":{"index":"index","follow":"follow","max-snippet":"max-snippet:-1","max-image-preview":"max-image-preview:large","max-video-preview":"max-video-preview:-1"},"canonical":"https:\/\/kidsplay.lt\/lv\/product\/woopie-akvareliniu-kilimeliu-rinkinys-su-priedais-2\/","og_locale":"lv_LV","og_type":"article","og_title":"WOOPIE akvarelini\u0173 kilim\u0117li\u0173 rinkinys su priedais","og_description":"WOOPIE akvarelini\u0173 kilim\u0117li\u0173 rinkinys su priedais","og_url":"https:\/\/kidsplay.lt\/lv\/product\/woopie-akvareliniu-kilimeliu-rinkinys-su-priedais-2\/","og_site_name":"KidsPlay","article_publisher":"https:\/\/www.facebook.com\/www.kidsplay.lt","article_modified_time":"2026-03-15T05:59:51+00:00","og_image":[{"width":1000,"height":1000,"url":"https:\/\/kidsplay.lt\/wp-content\/uploads\/2025\/09\/WOOPIE-akvareliniu-kilimeliu-rinkinys-su-priedais.jpg","type":"image\/jpeg"}],"twitter_card":"summary_large_image","twitter_misc":{"Est. reading time":"1 min\u016bte"},"schema":{"@context":"https:\/\/schema.org","@graph":[{"@type":"WebPage","@id":"https:\/\/kidsplay.lt\/produktas\/woopie-akvareliniu-kilimeliu-rinkinys-su-priedais-2\/","url":"https:\/\/kidsplay.lt\/produktas\/woopie-akvareliniu-kilimeliu-rinkinys-su-priedais-2\/","name":"WOOPIE akvarelini\u0173 kilim\u0117li\u0173 rinkinys su priedais","isPartOf":{"@id":"https:\/\/kidsplay.lt\/#website"},"primaryImageOfPage":{"@id":"https:\/\/kidsplay.lt\/produktas\/woopie-akvareliniu-kilimeliu-rinkinys-su-priedais-2\/#primaryimage"},"image":{"@id":"https:\/\/kidsplay.lt\/produktas\/woopie-akvareliniu-kilimeliu-rinkinys-su-priedais-2\/#primaryimage"},"thumbnailUrl":"https:\/\/kidsplay.lt\/wp-content\/uploads\/2025\/09\/WOOPIE-akvareliniu-kilimeliu-rinkinys-su-priedais.jpg","datePublished":"2025-10-02T10:07:43+00:00","dateModified":"2026-03-15T05:59:51+00:00","description":"WOOPIE akvarelini\u0173 kilim\u0117li\u0173 rinkinys su priedais","breadcrumb":{"@id":"https:\/\/kidsplay.lt\/produktas\/woopie-akvareliniu-kilimeliu-rinkinys-su-priedais-2\/#breadcrumb"},"inLanguage":"lv-LV","potentialAction":[{"@type":"ReadAction","target":["https:\/\/kidsplay.lt\/produktas\/woopie-akvareliniu-kilimeliu-rinkinys-su-priedais-2\/"]}]},{"@type":"ImageObject","inLanguage":"lv-LV","@id":"https:\/\/kidsplay.lt\/produktas\/woopie-akvareliniu-kilimeliu-rinkinys-su-priedais-2\/#primaryimage","url":"https:\/\/kidsplay.lt\/wp-content\/uploads\/2025\/09\/WOOPIE-akvareliniu-kilimeliu-rinkinys-su-priedais.jpg","contentUrl":"https:\/\/kidsplay.lt\/wp-content\/uploads\/2025\/09\/WOOPIE-akvareliniu-kilimeliu-rinkinys-su-priedais.jpg","width":1000,"height":1000,"caption":"WOOPIE akvarelini\u0173 kilim\u0117li\u0173 rinkinys su priedais"},{"@type":"BreadcrumbList","@id":"https:\/\/kidsplay.lt\/produktas\/woopie-akvareliniu-kilimeliu-rinkinys-su-priedais-2\/#breadcrumb","itemListElement":[{"@type":"ListItem","position":1,"name":"Pagrindinis","item":"https:\/\/kidsplay.lt\/"},{"@type":"ListItem","position":2,"name":"Parduotuv\u0117","item":"https:\/\/kidsplay.lt\/parduotuve\/"},{"@type":"ListItem","position":3,"name":"WOOPIE akvarelini\u0173 kilim\u0117li\u0173 rinkinys su priedais"}]},{"@type":"WebSite","@id":"https:\/\/kidsplay.lt\/#website","url":"https:\/\/kidsplay.lt\/","name":"B\u0113rnu sp\u0113les.lv","description":"\u012evairios prek\u0117s vaikams","publisher":{"@id":"https:\/\/kidsplay.lt\/#organization"},"alternateName":"Kidsplay","potentialAction":[{"@type":"SearchAction","target":{"@type":"EntryPoint","urlTemplate":"https:\/\/kidsplay.lt\/?s={search_term_string}"},"query-input":{"@type":"PropertyValueSpecification","valueRequired":true,"valueName":"search_term_string"}}],"inLanguage":"lv-LV"},{"@type":"Organization","@id":"https:\/\/kidsplay.lt\/#organization","name":"B\u0113rnu sp\u0113le","url":"https:\/\/kidsplay.lt\/","logo":{"@type":"ImageObject","inLanguage":"lv-LV","@id":"https:\/\/kidsplay.lt\/#\/schema\/logo\/image\/","url":"https:\/\/kidsplay.lt\/wp-content\/uploads\/2023\/07\/kidsplay-logo.png","contentUrl":"https:\/\/kidsplay.lt\/wp-content\/uploads\/2023\/07\/kidsplay-logo.png","width":451,"height":98,"caption":"KidsPlay"},"image":{"@id":"https:\/\/kidsplay.lt\/#\/schema\/logo\/image\/"},"sameAs":["https:\/\/www.facebook.com\/www.kidsplay.lt"]}]}},"_links":{"self":[{"href":"https:\/\/kidsplay.lt\/lv\/wp-json\/wp\/v2\/product\/68712","targetHints":{"allow":["GET"]}}],"collection":[{"href":"https:\/\/kidsplay.lt\/lv\/wp-json\/wp\/v2\/product"}],"about":[{"href":"https:\/\/kidsplay.lt\/lv\/wp-json\/wp\/v2\/types\/product"}],"version-history":[{"count":2,"href":"https:\/\/kidsplay.lt\/lv\/wp-json\/wp\/v2\/product\/68712\/revisions"}],"predecessor-version":[{"id":73754,"href":"https:\/\/kidsplay.lt\/lv\/wp-json\/wp\/v2\/product\/68712\/revisions\/73754"}],"wp:featuredmedia":[{"embeddable":true,"href":"https:\/\/kidsplay.lt\/lv\/wp-json\/wp\/v2\/media\/63795"}],"wp:attachment":[{"href":"https:\/\/kidsplay.lt\/lv\/wp-json\/wp\/v2\/media?parent=68712"}],"wp:term":[{"taxonomy":"product_brand","embeddable":true,"href":"https:\/\/kidsplay.lt\/lv\/wp-json\/wp\/v2\/product_brand?post=68712"},{"taxonomy":"product_cat","embeddable":true,"href":"https:\/\/kidsplay.lt\/lv\/wp-json\/wp\/v2\/product_cat?post=68712"},{"taxonomy":"product_tag","embeddable":true,"href":"https:\/\/kidsplay.lt\/lv\/wp-json\/wp\/v2\/product_tag?post=68712"}],"curies":[{"name":"wp","href":"https:\/\/api.w.org\/{rel}","templated":true}]}}