{"id":68728,"date":"2025-10-02T13:28:22","date_gmt":"2025-10-02T10:28:22","guid":{"rendered":"https:\/\/kidsplay.lt\/produktas\/montessori-naturalus-rokeris-2\/"},"modified":"2026-04-07T10:29:15","modified_gmt":"2026-04-07T07:29:15","slug":"viga-medinis-montessori-naturalus-rokeris","status":"publish","type":"product","link":"https:\/\/kidsplay.lt\/lv\/products\/viga-medinis-montessori-naturalus-rokeris\/","title":{"rendered":"VIGA medinis Montessori nat\u016bralus rokeris"},"content":{"rendered":"<p>\u0160ios\u00a0VIGA\u00a0s\u016bpyn\u0117s\u00a0\u012ftrauks j\u016bs\u0173 ma\u017eyl\u012f\u00a0\u012f linksmybes\u00a0ir leis pasinaudoti jo begalin\u0117mis energijos atsargomis! \u0160i\u0173 s\u016bpyni\u0173 dizainas ir galimyb\u0117s puikiai atitinka\u00a0Montessori\u00a0filosofij\u0105 . Jos sukurtos subalansuotam \u017eaidimui ir padeda\u00a0lavinti motorinius \u012fg\u016bd\u017eius\u00a0. Kartu su laipiojimo trikampiu ir medine \u010diuo\u017eykla jos gali tapti nam\u0173 \u017eaidim\u0173 aik\u0161tel\u0117s dalimi.<\/p>\n<p>Funkcijas:<\/p>\n<p> \t&#8211; \u017eaislas\u00a0vaikams nuo 18 m\u0117nesi\u0173<\/p>\n<p> \t&#8211; gaminys\u00a0pagamintas i\u0161 med\u017eio<br \/>\n \t&#8211;\u00a0daugiafunkcis naudojimas,\u00a0gali b\u016bti naudojamas kaip supamoji k\u0117d\u0117, s\u016bpyn\u0117s<br \/>\n \t&#8211; gaminys da\u017eytas ry\u0161kiais,\u00a0netoksi\u0161kais da\u017eais<br \/>\n \t&#8211; supamoji k\u0117dut\u0117 skatina\u00a0vaiko motorik\u0105<br \/>\n \t&#8211; galima derinti su medine \u010diuo\u017eykla\u00a0(44709)\u00a0ir laipiojimo trikampiu\u00a0(44708)<\/p>\n<p>\u017daidimas vystosi:<\/p>\n<p> \t&#8211; stambiosios motorikos \u012fg\u016bd\u017eiai<br \/>\n \t&#8211; rank\u0173 ir aki\u0173 koordinacija<br \/>\n \t&#8211; pusiausvyros jausmas<\/p>","protected":false},"excerpt":{"rendered":"<p>VIGA medinis Montessori nat\u016bralus rokeris<\/p>","protected":false},"featured_media":54989,"template":"","meta":{"_acf_changed":false,"_glsr_average":0,"_glsr_ranking":0,"_glsr_reviews":0},"product_brand":[],"product_cat":[674,254],"product_tag":[],"class_list":{"0":"post-68728","1":"product","2":"type-product","3":"status-publish","4":"has-post-thumbnail","6":"product_cat-namu-zaidimo-aiksteles","7":"product_cat-vaiko-kambarys","8":"\"style=\"background-color: #2ecc711c;\"","10":"first","11":"instock","12":"purchasable","13":"product-type-simple"},"acf":[],"yoast_head":"<!-- This site is optimized with the Yoast SEO plugin v27.3 - https:\/\/yoast.com\/product\/yoast-seo-wordpress\/ -->\n<title>VIGA medinis Montessori nat\u016bralus rokeris<\/title>\n<meta name=\"description\" content=\"VIGA medinis Montessori nat\u016bralus rokeris\" \/>\n<meta name=\"robots\" content=\"index, follow, max-snippet:-1, max-image-preview:large, max-video-preview:-1\" \/>\n<link rel=\"canonical\" href=\"https:\/\/kidsplay.lt\/lv\/products\/viga-medinis-montessori-naturalus-rokeris\/\" \/>\n<meta property=\"og:locale\" content=\"lv_LV\" \/>\n<meta property=\"og:type\" content=\"article\" \/>\n<meta property=\"og:title\" content=\"VIGA medinis Montessori nat\u016bralus rokeris\" \/>\n<meta property=\"og:description\" content=\"VIGA medinis Montessori nat\u016bralus rokeris\" \/>\n<meta property=\"og:url\" content=\"https:\/\/kidsplay.lt\/lv\/products\/viga-medinis-montessori-naturalus-rokeris\/\" \/>\n<meta property=\"og:site_name\" content=\"KidsPlay\" \/>\n<meta property=\"article:publisher\" content=\"https:\/\/www.facebook.com\/www.kidsplay.lt\" \/>\n<meta property=\"article:modified_time\" content=\"2026-04-07T07:29:15+00:00\" \/>\n<meta property=\"og:image\" content=\"https:\/\/kidsplay.lt\/wp-content\/uploads\/2024\/09\/Montessori-naturalaus-medzio-rokeris.jpg\" \/>\n\t<meta property=\"og:image:width\" content=\"2560\" \/>\n\t<meta property=\"og:image:height\" content=\"2560\" \/>\n\t<meta property=\"og:image:type\" content=\"image\/jpeg\" \/>\n<meta name=\"twitter:card\" content=\"summary_large_image\" \/>\n<meta name=\"twitter:label1\" content=\"Est. reading time\" \/>\n\t<meta name=\"twitter:data1\" content=\"1 min\u016bte\" \/>\n<script type=\"application\/ld+json\" class=\"yoast-schema-graph\">{\"@context\":\"https:\\\/\\\/schema.org\",\"@graph\":[{\"@type\":\"WebPage\",\"@id\":\"https:\\\/\\\/kidsplay.lt\\\/produktas\\\/viga-medinis-montessori-naturalus-rokeris\\\/\",\"url\":\"https:\\\/\\\/kidsplay.lt\\\/produktas\\\/viga-medinis-montessori-naturalus-rokeris\\\/\",\"name\":\"VIGA medinis Montessori nat\u016bralus rokeris\",\"isPartOf\":{\"@id\":\"https:\\\/\\\/kidsplay.lt\\\/#website\"},\"primaryImageOfPage\":{\"@id\":\"https:\\\/\\\/kidsplay.lt\\\/produktas\\\/viga-medinis-montessori-naturalus-rokeris\\\/#primaryimage\"},\"image\":{\"@id\":\"https:\\\/\\\/kidsplay.lt\\\/produktas\\\/viga-medinis-montessori-naturalus-rokeris\\\/#primaryimage\"},\"thumbnailUrl\":\"https:\\\/\\\/kidsplay.lt\\\/wp-content\\\/uploads\\\/2024\\\/09\\\/Montessori-naturalaus-medzio-rokeris.jpg\",\"datePublished\":\"2025-10-02T10:28:22+00:00\",\"dateModified\":\"2026-04-07T07:29:15+00:00\",\"description\":\"VIGA medinis Montessori nat\u016bralus rokeris\",\"breadcrumb\":{\"@id\":\"https:\\\/\\\/kidsplay.lt\\\/produktas\\\/viga-medinis-montessori-naturalus-rokeris\\\/#breadcrumb\"},\"inLanguage\":\"lv-LV\",\"potentialAction\":[{\"@type\":\"ReadAction\",\"target\":[\"https:\\\/\\\/kidsplay.lt\\\/produktas\\\/viga-medinis-montessori-naturalus-rokeris\\\/\"]}]},{\"@type\":\"ImageObject\",\"inLanguage\":\"lv-LV\",\"@id\":\"https:\\\/\\\/kidsplay.lt\\\/produktas\\\/viga-medinis-montessori-naturalus-rokeris\\\/#primaryimage\",\"url\":\"https:\\\/\\\/kidsplay.lt\\\/wp-content\\\/uploads\\\/2024\\\/09\\\/Montessori-naturalaus-medzio-rokeris.jpg\",\"contentUrl\":\"https:\\\/\\\/kidsplay.lt\\\/wp-content\\\/uploads\\\/2024\\\/09\\\/Montessori-naturalaus-medzio-rokeris.jpg\",\"width\":2560,\"height\":2560,\"caption\":\"VIGA medinis Montessori nat\u016bralus rokeris\"},{\"@type\":\"BreadcrumbList\",\"@id\":\"https:\\\/\\\/kidsplay.lt\\\/produktas\\\/viga-medinis-montessori-naturalus-rokeris\\\/#breadcrumb\",\"itemListElement\":[{\"@type\":\"ListItem\",\"position\":1,\"name\":\"Pagrindinis\",\"item\":\"https:\\\/\\\/kidsplay.lt\\\/\"},{\"@type\":\"ListItem\",\"position\":2,\"name\":\"Parduotuv\u0117\",\"item\":\"https:\\\/\\\/kidsplay.lt\\\/parduotuve\\\/\"},{\"@type\":\"ListItem\",\"position\":3,\"name\":\"VIGA medinis Montessori nat\u016bralus rokeris\"}]},{\"@type\":\"WebSite\",\"@id\":\"https:\\\/\\\/kidsplay.lt\\\/#website\",\"url\":\"https:\\\/\\\/kidsplay.lt\\\/\",\"name\":\"Kidsplay.lt\",\"description\":\"\u012evairios prek\u0117s vaikams\",\"publisher\":{\"@id\":\"https:\\\/\\\/kidsplay.lt\\\/#organization\"},\"alternateName\":\"Kidsplay\",\"potentialAction\":[{\"@type\":\"SearchAction\",\"target\":{\"@type\":\"EntryPoint\",\"urlTemplate\":\"https:\\\/\\\/kidsplay.lt\\\/?s={search_term_string}\"},\"query-input\":{\"@type\":\"PropertyValueSpecification\",\"valueRequired\":true,\"valueName\":\"search_term_string\"}}],\"inLanguage\":\"lv-LV\"},{\"@type\":\"Organization\",\"@id\":\"https:\\\/\\\/kidsplay.lt\\\/#organization\",\"name\":\"KidsPlay\",\"url\":\"https:\\\/\\\/kidsplay.lt\\\/\",\"logo\":{\"@type\":\"ImageObject\",\"inLanguage\":\"lv-LV\",\"@id\":\"https:\\\/\\\/kidsplay.lt\\\/#\\\/schema\\\/logo\\\/image\\\/\",\"url\":\"https:\\\/\\\/kidsplay.lt\\\/wp-content\\\/uploads\\\/2023\\\/07\\\/kidsplay-logo.png\",\"contentUrl\":\"https:\\\/\\\/kidsplay.lt\\\/wp-content\\\/uploads\\\/2023\\\/07\\\/kidsplay-logo.png\",\"width\":451,\"height\":98,\"caption\":\"KidsPlay\"},\"image\":{\"@id\":\"https:\\\/\\\/kidsplay.lt\\\/#\\\/schema\\\/logo\\\/image\\\/\"},\"sameAs\":[\"https:\\\/\\\/www.facebook.com\\\/www.kidsplay.lt\"]}]}<\/script>\n<!-- \/ Yoast SEO plugin. -->","yoast_head_json":{"title":"VIGA medinis Montessori nat\u016bralus rokeris","description":"VIGA medinis Montessori nat\u016bralus rokeris","robots":{"index":"index","follow":"follow","max-snippet":"max-snippet:-1","max-image-preview":"max-image-preview:large","max-video-preview":"max-video-preview:-1"},"canonical":"https:\/\/kidsplay.lt\/lv\/products\/viga-medinis-montessori-naturalus-rokeris\/","og_locale":"lv_LV","og_type":"article","og_title":"VIGA medinis Montessori nat\u016bralus rokeris","og_description":"VIGA medinis Montessori nat\u016bralus rokeris","og_url":"https:\/\/kidsplay.lt\/lv\/products\/viga-medinis-montessori-naturalus-rokeris\/","og_site_name":"KidsPlay","article_publisher":"https:\/\/www.facebook.com\/www.kidsplay.lt","article_modified_time":"2026-04-07T07:29:15+00:00","og_image":[{"width":2560,"height":2560,"url":"https:\/\/kidsplay.lt\/wp-content\/uploads\/2024\/09\/Montessori-naturalaus-medzio-rokeris.jpg","type":"image\/jpeg"}],"twitter_card":"summary_large_image","twitter_misc":{"Est. reading time":"1 min\u016bte"},"schema":{"@context":"https:\/\/schema.org","@graph":[{"@type":"WebPage","@id":"https:\/\/kidsplay.lt\/produktas\/viga-medinis-montessori-naturalus-rokeris\/","url":"https:\/\/kidsplay.lt\/produktas\/viga-medinis-montessori-naturalus-rokeris\/","name":"VIGA medinis Montessori nat\u016bralus rokeris","isPartOf":{"@id":"https:\/\/kidsplay.lt\/#website"},"primaryImageOfPage":{"@id":"https:\/\/kidsplay.lt\/produktas\/viga-medinis-montessori-naturalus-rokeris\/#primaryimage"},"image":{"@id":"https:\/\/kidsplay.lt\/produktas\/viga-medinis-montessori-naturalus-rokeris\/#primaryimage"},"thumbnailUrl":"https:\/\/kidsplay.lt\/wp-content\/uploads\/2024\/09\/Montessori-naturalaus-medzio-rokeris.jpg","datePublished":"2025-10-02T10:28:22+00:00","dateModified":"2026-04-07T07:29:15+00:00","description":"VIGA medinis Montessori nat\u016bralus rokeris","breadcrumb":{"@id":"https:\/\/kidsplay.lt\/produktas\/viga-medinis-montessori-naturalus-rokeris\/#breadcrumb"},"inLanguage":"lv-LV","potentialAction":[{"@type":"ReadAction","target":["https:\/\/kidsplay.lt\/produktas\/viga-medinis-montessori-naturalus-rokeris\/"]}]},{"@type":"ImageObject","inLanguage":"lv-LV","@id":"https:\/\/kidsplay.lt\/produktas\/viga-medinis-montessori-naturalus-rokeris\/#primaryimage","url":"https:\/\/kidsplay.lt\/wp-content\/uploads\/2024\/09\/Montessori-naturalaus-medzio-rokeris.jpg","contentUrl":"https:\/\/kidsplay.lt\/wp-content\/uploads\/2024\/09\/Montessori-naturalaus-medzio-rokeris.jpg","width":2560,"height":2560,"caption":"VIGA medinis Montessori nat\u016bralus rokeris"},{"@type":"BreadcrumbList","@id":"https:\/\/kidsplay.lt\/produktas\/viga-medinis-montessori-naturalus-rokeris\/#breadcrumb","itemListElement":[{"@type":"ListItem","position":1,"name":"Pagrindinis","item":"https:\/\/kidsplay.lt\/"},{"@type":"ListItem","position":2,"name":"Parduotuv\u0117","item":"https:\/\/kidsplay.lt\/parduotuve\/"},{"@type":"ListItem","position":3,"name":"VIGA medinis Montessori nat\u016bralus rokeris"}]},{"@type":"WebSite","@id":"https:\/\/kidsplay.lt\/#website","url":"https:\/\/kidsplay.lt\/","name":"B\u0113rnu sp\u0113les.lv","description":"\u012evairios prek\u0117s vaikams","publisher":{"@id":"https:\/\/kidsplay.lt\/#organization"},"alternateName":"Kidsplay","potentialAction":[{"@type":"SearchAction","target":{"@type":"EntryPoint","urlTemplate":"https:\/\/kidsplay.lt\/?s={search_term_string}"},"query-input":{"@type":"PropertyValueSpecification","valueRequired":true,"valueName":"search_term_string"}}],"inLanguage":"lv-LV"},{"@type":"Organization","@id":"https:\/\/kidsplay.lt\/#organization","name":"B\u0113rnu sp\u0113le","url":"https:\/\/kidsplay.lt\/","logo":{"@type":"ImageObject","inLanguage":"lv-LV","@id":"https:\/\/kidsplay.lt\/#\/schema\/logo\/image\/","url":"https:\/\/kidsplay.lt\/wp-content\/uploads\/2023\/07\/kidsplay-logo.png","contentUrl":"https:\/\/kidsplay.lt\/wp-content\/uploads\/2023\/07\/kidsplay-logo.png","width":451,"height":98,"caption":"KidsPlay"},"image":{"@id":"https:\/\/kidsplay.lt\/#\/schema\/logo\/image\/"},"sameAs":["https:\/\/www.facebook.com\/www.kidsplay.lt"]}]}},"_links":{"self":[{"href":"https:\/\/kidsplay.lt\/lv\/wp-json\/wp\/v2\/product\/68728","targetHints":{"allow":["GET"]}}],"collection":[{"href":"https:\/\/kidsplay.lt\/lv\/wp-json\/wp\/v2\/product"}],"about":[{"href":"https:\/\/kidsplay.lt\/lv\/wp-json\/wp\/v2\/types\/product"}],"version-history":[{"count":3,"href":"https:\/\/kidsplay.lt\/lv\/wp-json\/wp\/v2\/product\/68728\/revisions"}],"predecessor-version":[{"id":73507,"href":"https:\/\/kidsplay.lt\/lv\/wp-json\/wp\/v2\/product\/68728\/revisions\/73507"}],"wp:featuredmedia":[{"embeddable":true,"href":"https:\/\/kidsplay.lt\/lv\/wp-json\/wp\/v2\/media\/54989"}],"wp:attachment":[{"href":"https:\/\/kidsplay.lt\/lv\/wp-json\/wp\/v2\/media?parent=68728"}],"wp:term":[{"taxonomy":"product_brand","embeddable":true,"href":"https:\/\/kidsplay.lt\/lv\/wp-json\/wp\/v2\/product_brand?post=68728"},{"taxonomy":"product_cat","embeddable":true,"href":"https:\/\/kidsplay.lt\/lv\/wp-json\/wp\/v2\/product_cat?post=68728"},{"taxonomy":"product_tag","embeddable":true,"href":"https:\/\/kidsplay.lt\/lv\/wp-json\/wp\/v2\/product_tag?post=68728"}],"curies":[{"name":"wp","href":"https:\/\/api.w.org\/{rel}","templated":true}]}}