{"id":68730,"date":"2025-10-02T13:08:48","date_gmt":"2025-10-02T10:08:48","guid":{"rendered":"https:\/\/kidsplay.lt\/produktas\/viga-medine-ciuozykla-tiesi-laipiojimo-siena-2\/"},"modified":"2026-04-20T10:47:45","modified_gmt":"2026-04-20T07:47:45","slug":"viga-medine-ciuozykla-tiesi-laipiojimo-siena-2","status":"publish","type":"product","link":"https:\/\/kidsplay.lt\/lv\/products\/viga-medine-ciuozykla-tiesi-laipiojimo-siena-2\/","title":{"rendered":"VIGA koka slidkalni\u0146\u0161, taisna k\u0101p\u0161anas siena"},"content":{"rendered":"<p>VIGA medin\u0117 \u010diuo\u017eykla yra daugiafunkcis nam\u0173 \u017eaidim\u0173 aik\u0161tel\u0117s elementas, jungiamas prie supam\u0173j\u0173 konstrukcij\u0173 (44710) ir laipiojimo trikampio (44708). Viena pus\u0117 turi plok\u0161\u010di\u0105 pavir\u0161i\u0173, kur\u012f galima naudoti kaip \u010diuo\u017eykl\u0105 arba tak\u0105, o kita pus\u0117 \u2013 laipiojimo sien\u0105.<\/p>\n<p>Rakstur\u012bgs:<\/p>\n<p>&#8211; \u017eaislas\u00a0nuo 18 m\u0117nesi\u0173 am\u017eiaus<br \/>\n&#8211; tinka supamajai k\u0117dei (44710) ir laipiojimo trikampiui (44708)<br \/>\n&#8211; kartu su jais galite sukurti nedidel\u0119 nam\u0173 \u017eaidim\u0173 aik\u0161tel\u0119<br \/>\n&#8211; gali b\u016bti naudojama kaip \u010diuo\u017eykla, laipiojimo siena arba p\u0117s\u010di\u0173j\u0173 tiltas<br \/>\n&#8211; pagaminta i\u0161 auk\u0161tos kokyb\u0117s buko medienos ir faneros<\/p>\n<p>Rota\u013clieta att\u012bst\u0101s:<\/p>\n<p>&#8211;\u00a0stambiosios motorikos \u012fg\u016bd\u017eiai<br \/>\n&#8211; motorin\u0117 koordinacija<br \/>\n&#8211; pusiausvyros poj\u016btis<\/p>","protected":false},"excerpt":{"rendered":"<p>VIGA koka slidkalni\u0146\u0161, taisna k\u0101p\u0161anas siena<\/p>","protected":false},"featured_media":63845,"template":"","meta":{"_acf_changed":false,"_glsr_average":0,"_glsr_ranking":0,"_glsr_reviews":0},"product_brand":[],"product_cat":[72,674,254],"product_tag":[],"class_list":{"0":"post-68730","1":"product","2":"type-product","3":"status-publish","4":"has-post-thumbnail","6":"product_cat-ispardavimas","7":"product_cat-namu-zaidimo-aiksteles","8":"product_cat-vaiko-kambarys","9":"\"style=\"background-color: #2ecc711c;\"","11":"first","12":"instock","13":"sale","14":"purchasable","15":"product-type-simple"},"acf":[],"yoast_head":"<!-- This site is optimized with the Yoast SEO plugin v27.4 - https:\/\/yoast.com\/product\/yoast-seo-wordpress\/ -->\n<title>VIGA medin\u0117 \u010diuo\u017eykla tiesi laipiojimo siena<\/title>\n<meta name=\"description\" content=\"VIGA medin\u0117 \u010diuo\u017eykla tiesi laipiojimo siena\" \/>\n<meta name=\"robots\" content=\"index, follow, max-snippet:-1, max-image-preview:large, max-video-preview:-1\" \/>\n<link rel=\"canonical\" href=\"https:\/\/kidsplay.lt\/lv\/products\/viga-medine-ciuozykla-tiesi-laipiojimo-siena-2\/\" \/>\n<meta property=\"og:locale\" content=\"lv_LV\" \/>\n<meta property=\"og:type\" content=\"article\" \/>\n<meta property=\"og:title\" content=\"VIGA medin\u0117 \u010diuo\u017eykla tiesi laipiojimo siena\" \/>\n<meta property=\"og:description\" content=\"VIGA medin\u0117 \u010diuo\u017eykla tiesi laipiojimo siena\" \/>\n<meta property=\"og:url\" content=\"https:\/\/kidsplay.lt\/lv\/products\/viga-medine-ciuozykla-tiesi-laipiojimo-siena-2\/\" \/>\n<meta property=\"og:site_name\" content=\"KidsPlay\" \/>\n<meta property=\"article:publisher\" content=\"https:\/\/www.facebook.com\/www.kidsplay.lt\" \/>\n<meta property=\"article:modified_time\" content=\"2026-04-20T07:47:45+00:00\" \/>\n<meta property=\"og:image\" content=\"https:\/\/kidsplay.lt\/wp-content\/uploads\/2025\/09\/VIGA-medine-ciuozykla-tiesi-laipiojimo-siena.jpg\" \/>\n\t<meta property=\"og:image:width\" content=\"1000\" \/>\n\t<meta property=\"og:image:height\" content=\"1000\" \/>\n\t<meta property=\"og:image:type\" content=\"image\/jpeg\" \/>\n<meta name=\"twitter:card\" content=\"summary_large_image\" \/>\n<meta name=\"twitter:label1\" content=\"Est. reading time\" \/>\n\t<meta name=\"twitter:data1\" content=\"1 min\u016bte\" \/>\n<script type=\"application\/ld+json\" class=\"yoast-schema-graph\">{\"@context\":\"https:\\\/\\\/schema.org\",\"@graph\":[{\"@type\":\"WebPage\",\"@id\":\"https:\\\/\\\/kidsplay.lt\\\/produktas\\\/viga-medine-ciuozykla-tiesi-laipiojimo-siena-2\\\/\",\"url\":\"https:\\\/\\\/kidsplay.lt\\\/produktas\\\/viga-medine-ciuozykla-tiesi-laipiojimo-siena-2\\\/\",\"name\":\"VIGA medin\u0117 \u010diuo\u017eykla tiesi laipiojimo siena\",\"isPartOf\":{\"@id\":\"https:\\\/\\\/kidsplay.lt\\\/#website\"},\"primaryImageOfPage\":{\"@id\":\"https:\\\/\\\/kidsplay.lt\\\/produktas\\\/viga-medine-ciuozykla-tiesi-laipiojimo-siena-2\\\/#primaryimage\"},\"image\":{\"@id\":\"https:\\\/\\\/kidsplay.lt\\\/produktas\\\/viga-medine-ciuozykla-tiesi-laipiojimo-siena-2\\\/#primaryimage\"},\"thumbnailUrl\":\"https:\\\/\\\/kidsplay.lt\\\/wp-content\\\/uploads\\\/2025\\\/09\\\/VIGA-medine-ciuozykla-tiesi-laipiojimo-siena.jpg\",\"datePublished\":\"2025-10-02T10:08:48+00:00\",\"dateModified\":\"2026-04-20T07:47:45+00:00\",\"description\":\"VIGA medin\u0117 \u010diuo\u017eykla tiesi laipiojimo siena\",\"breadcrumb\":{\"@id\":\"https:\\\/\\\/kidsplay.lt\\\/produktas\\\/viga-medine-ciuozykla-tiesi-laipiojimo-siena-2\\\/#breadcrumb\"},\"inLanguage\":\"lv-LV\",\"potentialAction\":[{\"@type\":\"ReadAction\",\"target\":[\"https:\\\/\\\/kidsplay.lt\\\/produktas\\\/viga-medine-ciuozykla-tiesi-laipiojimo-siena-2\\\/\"]}]},{\"@type\":\"ImageObject\",\"inLanguage\":\"lv-LV\",\"@id\":\"https:\\\/\\\/kidsplay.lt\\\/produktas\\\/viga-medine-ciuozykla-tiesi-laipiojimo-siena-2\\\/#primaryimage\",\"url\":\"https:\\\/\\\/kidsplay.lt\\\/wp-content\\\/uploads\\\/2025\\\/09\\\/VIGA-medine-ciuozykla-tiesi-laipiojimo-siena.jpg\",\"contentUrl\":\"https:\\\/\\\/kidsplay.lt\\\/wp-content\\\/uploads\\\/2025\\\/09\\\/VIGA-medine-ciuozykla-tiesi-laipiojimo-siena.jpg\",\"width\":1000,\"height\":1000,\"caption\":\"VIGA medin\u0117 \u010diuo\u017eykla tiesi laipiojimo siena\"},{\"@type\":\"BreadcrumbList\",\"@id\":\"https:\\\/\\\/kidsplay.lt\\\/produktas\\\/viga-medine-ciuozykla-tiesi-laipiojimo-siena-2\\\/#breadcrumb\",\"itemListElement\":[{\"@type\":\"ListItem\",\"position\":1,\"name\":\"Pagrindinis\",\"item\":\"https:\\\/\\\/kidsplay.lt\\\/\"},{\"@type\":\"ListItem\",\"position\":2,\"name\":\"Parduotuv\u0117\",\"item\":\"https:\\\/\\\/kidsplay.lt\\\/parduotuve\\\/\"},{\"@type\":\"ListItem\",\"position\":3,\"name\":\"VIGA medin\u0117 \u010diuo\u017eykla tiesi laipiojimo siena\"}]},{\"@type\":\"WebSite\",\"@id\":\"https:\\\/\\\/kidsplay.lt\\\/#website\",\"url\":\"https:\\\/\\\/kidsplay.lt\\\/\",\"name\":\"Kidsplay.lt\",\"description\":\"\u012evairios prek\u0117s vaikams\",\"publisher\":{\"@id\":\"https:\\\/\\\/kidsplay.lt\\\/#organization\"},\"alternateName\":\"Kidsplay\",\"potentialAction\":[{\"@type\":\"SearchAction\",\"target\":{\"@type\":\"EntryPoint\",\"urlTemplate\":\"https:\\\/\\\/kidsplay.lt\\\/?s={search_term_string}\"},\"query-input\":{\"@type\":\"PropertyValueSpecification\",\"valueRequired\":true,\"valueName\":\"search_term_string\"}}],\"inLanguage\":\"lv-LV\"},{\"@type\":\"Organization\",\"@id\":\"https:\\\/\\\/kidsplay.lt\\\/#organization\",\"name\":\"KidsPlay\",\"url\":\"https:\\\/\\\/kidsplay.lt\\\/\",\"logo\":{\"@type\":\"ImageObject\",\"inLanguage\":\"lv-LV\",\"@id\":\"https:\\\/\\\/kidsplay.lt\\\/#\\\/schema\\\/logo\\\/image\\\/\",\"url\":\"https:\\\/\\\/kidsplay.lt\\\/wp-content\\\/uploads\\\/2023\\\/07\\\/kidsplay-logo.png\",\"contentUrl\":\"https:\\\/\\\/kidsplay.lt\\\/wp-content\\\/uploads\\\/2023\\\/07\\\/kidsplay-logo.png\",\"width\":451,\"height\":98,\"caption\":\"KidsPlay\"},\"image\":{\"@id\":\"https:\\\/\\\/kidsplay.lt\\\/#\\\/schema\\\/logo\\\/image\\\/\"},\"sameAs\":[\"https:\\\/\\\/www.facebook.com\\\/www.kidsplay.lt\"]}]}<\/script>\n<!-- \/ Yoast SEO plugin. -->","yoast_head_json":{"title":"VIGA koka slidkalni\u0146\u0161, taisna k\u0101p\u0161anas siena","description":"VIGA koka slidkalni\u0146\u0161, taisna k\u0101p\u0161anas siena","robots":{"index":"index","follow":"follow","max-snippet":"max-snippet:-1","max-image-preview":"max-image-preview:large","max-video-preview":"max-video-preview:-1"},"canonical":"https:\/\/kidsplay.lt\/lv\/products\/viga-medine-ciuozykla-tiesi-laipiojimo-siena-2\/","og_locale":"lv_LV","og_type":"article","og_title":"VIGA medin\u0117 \u010diuo\u017eykla tiesi laipiojimo siena","og_description":"VIGA medin\u0117 \u010diuo\u017eykla tiesi laipiojimo siena","og_url":"https:\/\/kidsplay.lt\/lv\/products\/viga-medine-ciuozykla-tiesi-laipiojimo-siena-2\/","og_site_name":"KidsPlay","article_publisher":"https:\/\/www.facebook.com\/www.kidsplay.lt","article_modified_time":"2026-04-20T07:47:45+00:00","og_image":[{"width":1000,"height":1000,"url":"https:\/\/kidsplay.lt\/wp-content\/uploads\/2025\/09\/VIGA-medine-ciuozykla-tiesi-laipiojimo-siena.jpg","type":"image\/jpeg"}],"twitter_card":"summary_large_image","twitter_misc":{"Est. reading time":"1 min\u016bte"},"schema":{"@context":"https:\/\/schema.org","@graph":[{"@type":"WebPage","@id":"https:\/\/kidsplay.lt\/produktas\/viga-medine-ciuozykla-tiesi-laipiojimo-siena-2\/","url":"https:\/\/kidsplay.lt\/produktas\/viga-medine-ciuozykla-tiesi-laipiojimo-siena-2\/","name":"VIGA koka slidkalni\u0146\u0161, taisna k\u0101p\u0161anas siena","isPartOf":{"@id":"https:\/\/kidsplay.lt\/#website"},"primaryImageOfPage":{"@id":"https:\/\/kidsplay.lt\/produktas\/viga-medine-ciuozykla-tiesi-laipiojimo-siena-2\/#primaryimage"},"image":{"@id":"https:\/\/kidsplay.lt\/produktas\/viga-medine-ciuozykla-tiesi-laipiojimo-siena-2\/#primaryimage"},"thumbnailUrl":"https:\/\/kidsplay.lt\/wp-content\/uploads\/2025\/09\/VIGA-medine-ciuozykla-tiesi-laipiojimo-siena.jpg","datePublished":"2025-10-02T10:08:48+00:00","dateModified":"2026-04-20T07:47:45+00:00","description":"VIGA koka slidkalni\u0146\u0161, taisna k\u0101p\u0161anas siena","breadcrumb":{"@id":"https:\/\/kidsplay.lt\/produktas\/viga-medine-ciuozykla-tiesi-laipiojimo-siena-2\/#breadcrumb"},"inLanguage":"lv-LV","potentialAction":[{"@type":"ReadAction","target":["https:\/\/kidsplay.lt\/produktas\/viga-medine-ciuozykla-tiesi-laipiojimo-siena-2\/"]}]},{"@type":"ImageObject","inLanguage":"lv-LV","@id":"https:\/\/kidsplay.lt\/produktas\/viga-medine-ciuozykla-tiesi-laipiojimo-siena-2\/#primaryimage","url":"https:\/\/kidsplay.lt\/wp-content\/uploads\/2025\/09\/VIGA-medine-ciuozykla-tiesi-laipiojimo-siena.jpg","contentUrl":"https:\/\/kidsplay.lt\/wp-content\/uploads\/2025\/09\/VIGA-medine-ciuozykla-tiesi-laipiojimo-siena.jpg","width":1000,"height":1000,"caption":"VIGA medin\u0117 \u010diuo\u017eykla tiesi laipiojimo siena"},{"@type":"BreadcrumbList","@id":"https:\/\/kidsplay.lt\/produktas\/viga-medine-ciuozykla-tiesi-laipiojimo-siena-2\/#breadcrumb","itemListElement":[{"@type":"ListItem","position":1,"name":"Pagrindinis","item":"https:\/\/kidsplay.lt\/"},{"@type":"ListItem","position":2,"name":"Parduotuv\u0117","item":"https:\/\/kidsplay.lt\/parduotuve\/"},{"@type":"ListItem","position":3,"name":"VIGA medin\u0117 \u010diuo\u017eykla tiesi laipiojimo siena"}]},{"@type":"WebSite","@id":"https:\/\/kidsplay.lt\/#website","url":"https:\/\/kidsplay.lt\/","name":"B\u0113rnu sp\u0113les.lv","description":"\u012evairios prek\u0117s vaikams","publisher":{"@id":"https:\/\/kidsplay.lt\/#organization"},"alternateName":"Kidsplay","potentialAction":[{"@type":"SearchAction","target":{"@type":"EntryPoint","urlTemplate":"https:\/\/kidsplay.lt\/?s={search_term_string}"},"query-input":{"@type":"PropertyValueSpecification","valueRequired":true,"valueName":"search_term_string"}}],"inLanguage":"lv-LV"},{"@type":"Organization","@id":"https:\/\/kidsplay.lt\/#organization","name":"B\u0113rnu sp\u0113le","url":"https:\/\/kidsplay.lt\/","logo":{"@type":"ImageObject","inLanguage":"lv-LV","@id":"https:\/\/kidsplay.lt\/#\/schema\/logo\/image\/","url":"https:\/\/kidsplay.lt\/wp-content\/uploads\/2023\/07\/kidsplay-logo.png","contentUrl":"https:\/\/kidsplay.lt\/wp-content\/uploads\/2023\/07\/kidsplay-logo.png","width":451,"height":98,"caption":"KidsPlay"},"image":{"@id":"https:\/\/kidsplay.lt\/#\/schema\/logo\/image\/"},"sameAs":["https:\/\/www.facebook.com\/www.kidsplay.lt"]}]}},"_links":{"self":[{"href":"https:\/\/kidsplay.lt\/lv\/wp-json\/wp\/v2\/product\/68730","targetHints":{"allow":["GET"]}}],"collection":[{"href":"https:\/\/kidsplay.lt\/lv\/wp-json\/wp\/v2\/product"}],"about":[{"href":"https:\/\/kidsplay.lt\/lv\/wp-json\/wp\/v2\/types\/product"}],"version-history":[{"count":3,"href":"https:\/\/kidsplay.lt\/lv\/wp-json\/wp\/v2\/product\/68730\/revisions"}],"predecessor-version":[{"id":82938,"href":"https:\/\/kidsplay.lt\/lv\/wp-json\/wp\/v2\/product\/68730\/revisions\/82938"}],"wp:featuredmedia":[{"embeddable":true,"href":"https:\/\/kidsplay.lt\/lv\/wp-json\/wp\/v2\/media\/63845"}],"wp:attachment":[{"href":"https:\/\/kidsplay.lt\/lv\/wp-json\/wp\/v2\/media?parent=68730"}],"wp:term":[{"taxonomy":"product_brand","embeddable":true,"href":"https:\/\/kidsplay.lt\/lv\/wp-json\/wp\/v2\/product_brand?post=68730"},{"taxonomy":"product_cat","embeddable":true,"href":"https:\/\/kidsplay.lt\/lv\/wp-json\/wp\/v2\/product_cat?post=68730"},{"taxonomy":"product_tag","embeddable":true,"href":"https:\/\/kidsplay.lt\/lv\/wp-json\/wp\/v2\/product_tag?post=68730"}],"curies":[{"name":"wp","href":"https:\/\/api.w.org\/{rel}","templated":true}]}}