{"id":68742,"date":"2025-10-02T13:09:32","date_gmt":"2025-10-02T10:09:32","guid":{"rendered":"https:\/\/kidsplay.lt\/produktas\/little-tikes-cozy-coupe-ride-on-kosminis-roveris-2\/"},"modified":"2026-04-07T10:16:12","modified_gmt":"2026-04-07T07:16:12","slug":"little-tikes-cozy-coupe-ride-on-kosminis-roveris-2","status":"publish","type":"product","link":"https:\/\/kidsplay.lt\/lv\/product\/little-tikes-cozy-coupe-ride-on-kosminis-roveris-2\/","title":{"rendered":"LITTLE TIKES Cozy Coupe Ride-On - Kosmosa Rover"},"content":{"rendered":"<p>Pasiruo\u0161kite tarpgalaktiniam nuotykiui! Legendin\u0117 \u201eLittle Tikes\u201c\u00a0\u201e\u00a0Cozy Coupe\u201c kosminio am\u017eiaus versija\u00a0\u2013 tai \u017eaislas, kuris nukels j\u016bs\u0173 vaik\u0105 \u012f\u00a0vaizduot\u0117s, aktyvaus \u017eaidimo ir pirm\u0173j\u0173 kelioni\u0173 pasaul\u012f\u00a0. Puikiai tinka va\u017ein\u0117tis namuose ir sode \u2013 kupinas funkcij\u0173, u\u017etikrinan\u010di\u0173 saugum\u0105 ir pramogas ma\u017eyliams nuo\u00a018 m\u0117nesi\u0173 am\u017eiaus.<\/p>\n<p>Rakstur\u012bgs:<\/p>\n<p> \tRankena gale \u2013 gali b\u016bti valdoma t\u0117v\u0173<br \/>\n \tNuimamos grindys \u2013 ma\u017eylis gali va\u017eiuoti savaranki\u0161kai, stumdamas kojomis<br \/>\n \tAuk\u0161tas atlo\u0161as ir patogi s\u0117dyn\u0117 patogiam va\u017eiavimui<br \/>\n \tVairas su signalu ir interaktyviomis kosmin\u0117mis detal\u0117mis<br \/>\n \t\u0160onin\u0117s durys su spynomis \u2013 saugumas \u017eaid\u017eiant<br \/>\n \tTvirta konstrukcija \u2013 tinka naudoti tiek patalpose, tiek lauke<br \/>\n \tLavina vaiko motorinius \u012fg\u016bd\u017eius ir vaizduot\u0119<\/p>\n<p>\u017daislas vystosi.<\/p>\n<p> \t\u00a0Stambiosios motorikos \u012fg\u016bd\u017eiai ir motorin\u0117 koordinacija<br \/>\n \t\u00a0Vaizduot\u0117 ir k\u016brybi\u0161kumas \u2013 vaikas imasi ma\u017eojo astronauto vaidmens<br \/>\n \t\u00a0Nepriklausomyb\u0117 ir pasitik\u0117jimas savimi vairuojant<br \/>\n \t\u00a0Grupiniai \u017eaidimai ir socialin\u0117 s\u0105veika<\/p>","protected":false},"excerpt":{"rendered":"<p>LITTLE TIKES Cozy Coupe Ride-On - Kosmosa Rover<\/p>","protected":false},"featured_media":63870,"template":"","meta":{"_acf_changed":false,"_glsr_average":0,"_glsr_ranking":0,"_glsr_reviews":0},"product_brand":[],"product_cat":[237,238],"product_tag":[],"class_list":{"0":"post-68742","1":"product","2":"type-product","3":"status-publish","4":"has-post-thumbnail","6":"product_cat-judejimo-priemones","7":"product_cat-stumdomos-masineles","8":"\"style=\"background-color: #2ecc711c;\"","10":"first","11":"instock","12":"purchasable","13":"product-type-simple"},"acf":[],"yoast_head":"<!-- This site is optimized with the Yoast SEO plugin v27.3 - https:\/\/yoast.com\/product\/yoast-seo-wordpress\/ -->\n<title>LITTLE TIKES Cozy Coupe Ride-On \u2013 kosminis roveris<\/title>\n<meta name=\"description\" content=\"LITTLE TIKES Cozy Coupe Ride-On \u2013 kosminis roveris\" \/>\n<meta name=\"robots\" content=\"index, follow, max-snippet:-1, max-image-preview:large, max-video-preview:-1\" \/>\n<link rel=\"canonical\" href=\"https:\/\/kidsplay.lt\/lv\/product\/little-tikes-cozy-coupe-ride-on-kosminis-roveris-2\/\" \/>\n<meta property=\"og:locale\" content=\"lv_LV\" \/>\n<meta property=\"og:type\" content=\"article\" \/>\n<meta property=\"og:title\" content=\"LITTLE TIKES Cozy Coupe Ride-On \u2013 kosminis roveris\" \/>\n<meta property=\"og:description\" content=\"LITTLE TIKES Cozy Coupe Ride-On \u2013 kosminis roveris\" \/>\n<meta property=\"og:url\" content=\"https:\/\/kidsplay.lt\/lv\/product\/little-tikes-cozy-coupe-ride-on-kosminis-roveris-2\/\" \/>\n<meta property=\"og:site_name\" content=\"KidsPlay\" \/>\n<meta property=\"article:publisher\" content=\"https:\/\/www.facebook.com\/www.kidsplay.lt\" \/>\n<meta property=\"article:modified_time\" content=\"2026-04-07T07:16:12+00:00\" \/>\n<meta property=\"og:image\" content=\"https:\/\/kidsplay.lt\/wp-content\/uploads\/2025\/09\/LITTLE-TIKES-Cozy-Coupe-Ride-On-\u2013-kosminis-roveris.jpg\" \/>\n\t<meta property=\"og:image:width\" content=\"1000\" \/>\n\t<meta property=\"og:image:height\" content=\"1000\" \/>\n\t<meta property=\"og:image:type\" content=\"image\/jpeg\" \/>\n<meta name=\"twitter:card\" content=\"summary_large_image\" \/>\n<meta name=\"twitter:label1\" content=\"Est. reading time\" \/>\n\t<meta name=\"twitter:data1\" content=\"1 min\u016bte\" \/>\n<script type=\"application\/ld+json\" class=\"yoast-schema-graph\">{\"@context\":\"https:\\\/\\\/schema.org\",\"@graph\":[{\"@type\":\"WebPage\",\"@id\":\"https:\\\/\\\/kidsplay.lt\\\/produktas\\\/little-tikes-cozy-coupe-ride-on-kosminis-roveris-2\\\/\",\"url\":\"https:\\\/\\\/kidsplay.lt\\\/produktas\\\/little-tikes-cozy-coupe-ride-on-kosminis-roveris-2\\\/\",\"name\":\"LITTLE TIKES Cozy Coupe Ride-On \u2013 kosminis roveris\",\"isPartOf\":{\"@id\":\"https:\\\/\\\/kidsplay.lt\\\/#website\"},\"primaryImageOfPage\":{\"@id\":\"https:\\\/\\\/kidsplay.lt\\\/produktas\\\/little-tikes-cozy-coupe-ride-on-kosminis-roveris-2\\\/#primaryimage\"},\"image\":{\"@id\":\"https:\\\/\\\/kidsplay.lt\\\/produktas\\\/little-tikes-cozy-coupe-ride-on-kosminis-roveris-2\\\/#primaryimage\"},\"thumbnailUrl\":\"https:\\\/\\\/kidsplay.lt\\\/wp-content\\\/uploads\\\/2025\\\/09\\\/LITTLE-TIKES-Cozy-Coupe-Ride-On-\u2013-kosminis-roveris.jpg\",\"datePublished\":\"2025-10-02T10:09:32+00:00\",\"dateModified\":\"2026-04-07T07:16:12+00:00\",\"description\":\"LITTLE TIKES Cozy Coupe Ride-On \u2013 kosminis roveris\",\"breadcrumb\":{\"@id\":\"https:\\\/\\\/kidsplay.lt\\\/produktas\\\/little-tikes-cozy-coupe-ride-on-kosminis-roveris-2\\\/#breadcrumb\"},\"inLanguage\":\"lv-LV\",\"potentialAction\":[{\"@type\":\"ReadAction\",\"target\":[\"https:\\\/\\\/kidsplay.lt\\\/produktas\\\/little-tikes-cozy-coupe-ride-on-kosminis-roveris-2\\\/\"]}]},{\"@type\":\"ImageObject\",\"inLanguage\":\"lv-LV\",\"@id\":\"https:\\\/\\\/kidsplay.lt\\\/produktas\\\/little-tikes-cozy-coupe-ride-on-kosminis-roveris-2\\\/#primaryimage\",\"url\":\"https:\\\/\\\/kidsplay.lt\\\/wp-content\\\/uploads\\\/2025\\\/09\\\/LITTLE-TIKES-Cozy-Coupe-Ride-On-\u2013-kosminis-roveris.jpg\",\"contentUrl\":\"https:\\\/\\\/kidsplay.lt\\\/wp-content\\\/uploads\\\/2025\\\/09\\\/LITTLE-TIKES-Cozy-Coupe-Ride-On-\u2013-kosminis-roveris.jpg\",\"width\":1000,\"height\":1000,\"caption\":\"LITTLE TIKES Cozy Coupe Ride-On \u2013 kosminis roveris\"},{\"@type\":\"BreadcrumbList\",\"@id\":\"https:\\\/\\\/kidsplay.lt\\\/produktas\\\/little-tikes-cozy-coupe-ride-on-kosminis-roveris-2\\\/#breadcrumb\",\"itemListElement\":[{\"@type\":\"ListItem\",\"position\":1,\"name\":\"Pagrindinis\",\"item\":\"https:\\\/\\\/kidsplay.lt\\\/\"},{\"@type\":\"ListItem\",\"position\":2,\"name\":\"Parduotuv\u0117\",\"item\":\"https:\\\/\\\/kidsplay.lt\\\/parduotuve\\\/\"},{\"@type\":\"ListItem\",\"position\":3,\"name\":\"LITTLE TIKES Cozy Coupe Ride-On \u2013 kosminis roveris\"}]},{\"@type\":\"WebSite\",\"@id\":\"https:\\\/\\\/kidsplay.lt\\\/#website\",\"url\":\"https:\\\/\\\/kidsplay.lt\\\/\",\"name\":\"Kidsplay.lt\",\"description\":\"\u012evairios prek\u0117s vaikams\",\"publisher\":{\"@id\":\"https:\\\/\\\/kidsplay.lt\\\/#organization\"},\"alternateName\":\"Kidsplay\",\"potentialAction\":[{\"@type\":\"SearchAction\",\"target\":{\"@type\":\"EntryPoint\",\"urlTemplate\":\"https:\\\/\\\/kidsplay.lt\\\/?s={search_term_string}\"},\"query-input\":{\"@type\":\"PropertyValueSpecification\",\"valueRequired\":true,\"valueName\":\"search_term_string\"}}],\"inLanguage\":\"lv-LV\"},{\"@type\":\"Organization\",\"@id\":\"https:\\\/\\\/kidsplay.lt\\\/#organization\",\"name\":\"KidsPlay\",\"url\":\"https:\\\/\\\/kidsplay.lt\\\/\",\"logo\":{\"@type\":\"ImageObject\",\"inLanguage\":\"lv-LV\",\"@id\":\"https:\\\/\\\/kidsplay.lt\\\/#\\\/schema\\\/logo\\\/image\\\/\",\"url\":\"https:\\\/\\\/kidsplay.lt\\\/wp-content\\\/uploads\\\/2023\\\/07\\\/kidsplay-logo.png\",\"contentUrl\":\"https:\\\/\\\/kidsplay.lt\\\/wp-content\\\/uploads\\\/2023\\\/07\\\/kidsplay-logo.png\",\"width\":451,\"height\":98,\"caption\":\"KidsPlay\"},\"image\":{\"@id\":\"https:\\\/\\\/kidsplay.lt\\\/#\\\/schema\\\/logo\\\/image\\\/\"},\"sameAs\":[\"https:\\\/\\\/www.facebook.com\\\/www.kidsplay.lt\"]}]}<\/script>\n<!-- \/ Yoast SEO plugin. -->","yoast_head_json":{"title":"LITTLE TIKES Cozy Coupe Ride-On - Kosmosa Rover","description":"LITTLE TIKES Cozy Coupe Ride-On - Kosmosa Rover","robots":{"index":"index","follow":"follow","max-snippet":"max-snippet:-1","max-image-preview":"max-image-preview:large","max-video-preview":"max-video-preview:-1"},"canonical":"https:\/\/kidsplay.lt\/lv\/product\/little-tikes-cozy-coupe-ride-on-kosminis-roveris-2\/","og_locale":"lv_LV","og_type":"article","og_title":"LITTLE TIKES Cozy Coupe Ride-On \u2013 kosminis roveris","og_description":"LITTLE TIKES Cozy Coupe Ride-On \u2013 kosminis roveris","og_url":"https:\/\/kidsplay.lt\/lv\/product\/little-tikes-cozy-coupe-ride-on-kosminis-roveris-2\/","og_site_name":"KidsPlay","article_publisher":"https:\/\/www.facebook.com\/www.kidsplay.lt","article_modified_time":"2026-04-07T07:16:12+00:00","og_image":[{"width":1000,"height":1000,"url":"https:\/\/kidsplay.lt\/wp-content\/uploads\/2025\/09\/LITTLE-TIKES-Cozy-Coupe-Ride-On-\u2013-kosminis-roveris.jpg","type":"image\/jpeg"}],"twitter_card":"summary_large_image","twitter_misc":{"Est. reading time":"1 min\u016bte"},"schema":{"@context":"https:\/\/schema.org","@graph":[{"@type":"WebPage","@id":"https:\/\/kidsplay.lt\/produktas\/little-tikes-cozy-coupe-ride-on-kosminis-roveris-2\/","url":"https:\/\/kidsplay.lt\/produktas\/little-tikes-cozy-coupe-ride-on-kosminis-roveris-2\/","name":"LITTLE TIKES Cozy Coupe Ride-On - Kosmosa Rover","isPartOf":{"@id":"https:\/\/kidsplay.lt\/#website"},"primaryImageOfPage":{"@id":"https:\/\/kidsplay.lt\/produktas\/little-tikes-cozy-coupe-ride-on-kosminis-roveris-2\/#primaryimage"},"image":{"@id":"https:\/\/kidsplay.lt\/produktas\/little-tikes-cozy-coupe-ride-on-kosminis-roveris-2\/#primaryimage"},"thumbnailUrl":"https:\/\/kidsplay.lt\/wp-content\/uploads\/2025\/09\/LITTLE-TIKES-Cozy-Coupe-Ride-On-\u2013-kosminis-roveris.jpg","datePublished":"2025-10-02T10:09:32+00:00","dateModified":"2026-04-07T07:16:12+00:00","description":"LITTLE TIKES Cozy Coupe Ride-On - Kosmosa Rover","breadcrumb":{"@id":"https:\/\/kidsplay.lt\/produktas\/little-tikes-cozy-coupe-ride-on-kosminis-roveris-2\/#breadcrumb"},"inLanguage":"lv-LV","potentialAction":[{"@type":"ReadAction","target":["https:\/\/kidsplay.lt\/produktas\/little-tikes-cozy-coupe-ride-on-kosminis-roveris-2\/"]}]},{"@type":"ImageObject","inLanguage":"lv-LV","@id":"https:\/\/kidsplay.lt\/produktas\/little-tikes-cozy-coupe-ride-on-kosminis-roveris-2\/#primaryimage","url":"https:\/\/kidsplay.lt\/wp-content\/uploads\/2025\/09\/LITTLE-TIKES-Cozy-Coupe-Ride-On-\u2013-kosminis-roveris.jpg","contentUrl":"https:\/\/kidsplay.lt\/wp-content\/uploads\/2025\/09\/LITTLE-TIKES-Cozy-Coupe-Ride-On-\u2013-kosminis-roveris.jpg","width":1000,"height":1000,"caption":"LITTLE TIKES Cozy Coupe Ride-On \u2013 kosminis roveris"},{"@type":"BreadcrumbList","@id":"https:\/\/kidsplay.lt\/produktas\/little-tikes-cozy-coupe-ride-on-kosminis-roveris-2\/#breadcrumb","itemListElement":[{"@type":"ListItem","position":1,"name":"Pagrindinis","item":"https:\/\/kidsplay.lt\/"},{"@type":"ListItem","position":2,"name":"Parduotuv\u0117","item":"https:\/\/kidsplay.lt\/parduotuve\/"},{"@type":"ListItem","position":3,"name":"LITTLE TIKES Cozy Coupe Ride-On \u2013 kosminis roveris"}]},{"@type":"WebSite","@id":"https:\/\/kidsplay.lt\/#website","url":"https:\/\/kidsplay.lt\/","name":"B\u0113rnu sp\u0113les.lv","description":"\u012evairios prek\u0117s vaikams","publisher":{"@id":"https:\/\/kidsplay.lt\/#organization"},"alternateName":"Kidsplay","potentialAction":[{"@type":"SearchAction","target":{"@type":"EntryPoint","urlTemplate":"https:\/\/kidsplay.lt\/?s={search_term_string}"},"query-input":{"@type":"PropertyValueSpecification","valueRequired":true,"valueName":"search_term_string"}}],"inLanguage":"lv-LV"},{"@type":"Organization","@id":"https:\/\/kidsplay.lt\/#organization","name":"B\u0113rnu sp\u0113le","url":"https:\/\/kidsplay.lt\/","logo":{"@type":"ImageObject","inLanguage":"lv-LV","@id":"https:\/\/kidsplay.lt\/#\/schema\/logo\/image\/","url":"https:\/\/kidsplay.lt\/wp-content\/uploads\/2023\/07\/kidsplay-logo.png","contentUrl":"https:\/\/kidsplay.lt\/wp-content\/uploads\/2023\/07\/kidsplay-logo.png","width":451,"height":98,"caption":"KidsPlay"},"image":{"@id":"https:\/\/kidsplay.lt\/#\/schema\/logo\/image\/"},"sameAs":["https:\/\/www.facebook.com\/www.kidsplay.lt"]}]}},"_links":{"self":[{"href":"https:\/\/kidsplay.lt\/lv\/wp-json\/wp\/v2\/product\/68742","targetHints":{"allow":["GET"]}}],"collection":[{"href":"https:\/\/kidsplay.lt\/lv\/wp-json\/wp\/v2\/product"}],"about":[{"href":"https:\/\/kidsplay.lt\/lv\/wp-json\/wp\/v2\/types\/product"}],"version-history":[{"count":2,"href":"https:\/\/kidsplay.lt\/lv\/wp-json\/wp\/v2\/product\/68742\/revisions"}],"predecessor-version":[{"id":73739,"href":"https:\/\/kidsplay.lt\/lv\/wp-json\/wp\/v2\/product\/68742\/revisions\/73739"}],"wp:featuredmedia":[{"embeddable":true,"href":"https:\/\/kidsplay.lt\/lv\/wp-json\/wp\/v2\/media\/63870"}],"wp:attachment":[{"href":"https:\/\/kidsplay.lt\/lv\/wp-json\/wp\/v2\/media?parent=68742"}],"wp:term":[{"taxonomy":"product_brand","embeddable":true,"href":"https:\/\/kidsplay.lt\/lv\/wp-json\/wp\/v2\/product_brand?post=68742"},{"taxonomy":"product_cat","embeddable":true,"href":"https:\/\/kidsplay.lt\/lv\/wp-json\/wp\/v2\/product_cat?post=68742"},{"taxonomy":"product_tag","embeddable":true,"href":"https:\/\/kidsplay.lt\/lv\/wp-json\/wp\/v2\/product_tag?post=68742"}],"curies":[{"name":"wp","href":"https:\/\/api.w.org\/{rel}","templated":true}]}}