{"id":68762,"date":"2025-10-02T13:10:21","date_gmt":"2025-10-02T10:10:21","guid":{"rendered":"https:\/\/kidsplay.lt\/produktas\/woopie-6-atsitiktiniai-dinozauro-skeleto-figureles-2\/"},"modified":"2026-04-20T08:06:57","modified_gmt":"2026-04-20T05:06:57","slug":"woopie-6-atsitiktiniai-dinozauro-skeleto-figureles-2","status":"publish","type":"product","link":"https:\/\/kidsplay.lt\/lv\/products\/woopie-6-atsitiktiniai-dinozauro-skeleto-figureles-2\/","title":{"rendered":"WOOPIE 6 nejau\u0161as dinozaura skeleta fig\u016bri\u0146as"},"content":{"rendered":"<p>\u201eWoopie\u00a0\u201c fosilij\u0173 rinkinys\u00a0\u2013 tai pilna laboratorija ma\u017eajam paleontologui. D\u0117\u017eut\u0117s viduje rasite\u00a0\u0161e\u0161is atskirus akmenis\u00a0su pasl\u0117ptais\u00a0miniati\u016briniais dinozaur\u0173 skeletais\u00a0ir \u012franki\u0173 rinkin\u012f:\u00a0plaktuk\u0105, kalt\u0105 ir \u0161epet\u012f.\u00a0Kiekvienas kalad\u0117lis atlieka atskir\u0105 misij\u0105 \u2013 juos sutrai\u0161kote, atidengiate ir \u0161velniai valote, o galiausiai i\u0161did\u017eiai parodote savo\u00a0radin\u012f.\u00a0Rinkinys\u00a0derina mokym\u0105si su pramogomis,\u00a0lavina kantryb\u0119, tikslum\u0105 ir koordinacij\u0105, o su \u0161e\u0161iais kalad\u0117l\u0117mis jis puikiai tinka vienam vaikui arba draug\u0173 grupei.<\/p>\n<p>Rakstur\u012bgs:<\/p>\n<p> \t&#8211; Vaikams nuo\u00a06 met\u0173\u00a0am\u017eiaus<br \/>\n \t&#8211;\u00a0\u00a06 atskiri\u00a0gipso blokeliai, kiekvienas akmuo yra naujas nuotykis<br \/>\n \t&#8211; Realisti\u0161ka kasin\u0117jimo patirtis<br \/>\n \t&#8211; \u012evair\u016bs mini\u00a0dinozaur\u0173 skeletai\u00a0viduje<br \/>\n \t&#8211; Paprastas \u017eaidimo organizavimas, sudr\u0117kinkite kalad\u0117l\u0119 vandeniu, kad suma\u017eintum\u0117te dulkes ir palengvintum\u0117te smulkinim\u0105<br \/>\n \t&#8211; Saugios, lengvai valomos med\u017eiagos<br \/>\n \t&#8211; \u012erankiai pritaikyti vaik\u0173 rankoms<\/p>\n<p>\u012e rinkin\u012f \u012feina\u00a0:<\/p>\n<p> \t&#8211; 6 gipso blokeliai su pasl\u0117ptais mini skeletais\u00a0<br \/>\n \t&#8211; Vaik\u0173 plaktukas<br \/>\n \t&#8211; Kaltas<br \/>\n \t&#8211; Valomasis \u0161epet\u0117lis<\/p>\n<p>Rota\u013clieta att\u012bst\u0101s:<\/p>\n<p> \t\u2013 Motorisk\u0101s prasmes<br \/>\n \t\u2013 Roku-acu koordin\u0101cija<br \/>\n \t\u2013 Paciet\u012bba<br \/>\n \t&#8211; K\u016brybi\u0161kumas<br \/>\n \t\u2013 Lo\u0123ika<br \/>\n \t&#8211; Vaizduot\u0117<\/p>","protected":false},"excerpt":{"rendered":"<p>WOOPIE 6 nejau\u0161as dinozaura skeleta fig\u016bri\u0146as<\/p>","protected":false},"featured_media":61695,"template":"","meta":{"_acf_changed":false,"_glsr_average":0,"_glsr_ranking":0,"_glsr_reviews":0},"product_brand":[],"product_cat":[388,229],"product_tag":[],"class_list":{"0":"post-68762","1":"product","2":"type-product","3":"status-publish","4":"has-post-thumbnail","6":"product_cat-edukaciniai-lavinamieji-zaislai","7":"product_cat-zaislai-vaikams","8":"\"style=\"background-color: #2ecc711c;\"","10":"first","11":"instock","12":"purchasable","13":"product-type-simple"},"acf":[],"yoast_head":"<!-- This site is optimized with the Yoast SEO plugin v27.4 - https:\/\/yoast.com\/product\/yoast-seo-wordpress\/ -->\n<title>WOOPIE 6 atsitiktiniai dinozauro skeleto fig\u016br\u0117l\u0117s<\/title>\n<meta name=\"description\" content=\"WOOPIE 6 atsitiktiniai dinozauro skeleto fig\u016br\u0117l\u0117s\" \/>\n<meta name=\"robots\" content=\"index, follow, max-snippet:-1, max-image-preview:large, max-video-preview:-1\" \/>\n<link rel=\"canonical\" href=\"https:\/\/kidsplay.lt\/lv\/products\/woopie-6-atsitiktiniai-dinozauro-skeleto-figureles-2\/\" \/>\n<meta property=\"og:locale\" content=\"lv_LV\" \/>\n<meta property=\"og:type\" content=\"article\" \/>\n<meta property=\"og:title\" content=\"WOOPIE 6 atsitiktiniai dinozauro skeleto fig\u016br\u0117l\u0117s\" \/>\n<meta property=\"og:description\" content=\"WOOPIE 6 atsitiktiniai dinozauro skeleto fig\u016br\u0117l\u0117s\" \/>\n<meta property=\"og:url\" content=\"https:\/\/kidsplay.lt\/lv\/products\/woopie-6-atsitiktiniai-dinozauro-skeleto-figureles-2\/\" \/>\n<meta property=\"og:site_name\" content=\"KidsPlay\" \/>\n<meta property=\"article:publisher\" content=\"https:\/\/www.facebook.com\/www.kidsplay.lt\" \/>\n<meta property=\"article:modified_time\" content=\"2026-04-20T05:06:57+00:00\" \/>\n<meta property=\"og:image\" content=\"https:\/\/kidsplay.lt\/wp-content\/uploads\/2025\/09\/WOOPIE-6-atsitiktiniai-dinozauro-skeleto-figureles.jpg\" \/>\n\t<meta property=\"og:image:width\" content=\"800\" \/>\n\t<meta property=\"og:image:height\" content=\"800\" \/>\n\t<meta property=\"og:image:type\" content=\"image\/png\" \/>\n<meta name=\"twitter:card\" content=\"summary_large_image\" \/>\n<meta name=\"twitter:label1\" content=\"Est. reading time\" \/>\n\t<meta name=\"twitter:data1\" content=\"1 min\u016bte\" \/>\n<script type=\"application\/ld+json\" class=\"yoast-schema-graph\">{\"@context\":\"https:\\\/\\\/schema.org\",\"@graph\":[{\"@type\":\"WebPage\",\"@id\":\"https:\\\/\\\/kidsplay.lt\\\/produktas\\\/woopie-6-atsitiktiniai-dinozauro-skeleto-figureles-2\\\/\",\"url\":\"https:\\\/\\\/kidsplay.lt\\\/produktas\\\/woopie-6-atsitiktiniai-dinozauro-skeleto-figureles-2\\\/\",\"name\":\"WOOPIE 6 atsitiktiniai dinozauro skeleto fig\u016br\u0117l\u0117s\",\"isPartOf\":{\"@id\":\"https:\\\/\\\/kidsplay.lt\\\/#website\"},\"primaryImageOfPage\":{\"@id\":\"https:\\\/\\\/kidsplay.lt\\\/produktas\\\/woopie-6-atsitiktiniai-dinozauro-skeleto-figureles-2\\\/#primaryimage\"},\"image\":{\"@id\":\"https:\\\/\\\/kidsplay.lt\\\/produktas\\\/woopie-6-atsitiktiniai-dinozauro-skeleto-figureles-2\\\/#primaryimage\"},\"thumbnailUrl\":\"https:\\\/\\\/kidsplay.lt\\\/wp-content\\\/uploads\\\/2025\\\/09\\\/WOOPIE-6-atsitiktiniai-dinozauro-skeleto-figureles.jpg\",\"datePublished\":\"2025-10-02T10:10:21+00:00\",\"dateModified\":\"2026-04-20T05:06:57+00:00\",\"description\":\"WOOPIE 6 atsitiktiniai dinozauro skeleto fig\u016br\u0117l\u0117s\",\"breadcrumb\":{\"@id\":\"https:\\\/\\\/kidsplay.lt\\\/produktas\\\/woopie-6-atsitiktiniai-dinozauro-skeleto-figureles-2\\\/#breadcrumb\"},\"inLanguage\":\"lv-LV\",\"potentialAction\":[{\"@type\":\"ReadAction\",\"target\":[\"https:\\\/\\\/kidsplay.lt\\\/produktas\\\/woopie-6-atsitiktiniai-dinozauro-skeleto-figureles-2\\\/\"]}]},{\"@type\":\"ImageObject\",\"inLanguage\":\"lv-LV\",\"@id\":\"https:\\\/\\\/kidsplay.lt\\\/produktas\\\/woopie-6-atsitiktiniai-dinozauro-skeleto-figureles-2\\\/#primaryimage\",\"url\":\"https:\\\/\\\/kidsplay.lt\\\/wp-content\\\/uploads\\\/2025\\\/09\\\/WOOPIE-6-atsitiktiniai-dinozauro-skeleto-figureles.jpg\",\"contentUrl\":\"https:\\\/\\\/kidsplay.lt\\\/wp-content\\\/uploads\\\/2025\\\/09\\\/WOOPIE-6-atsitiktiniai-dinozauro-skeleto-figureles.jpg\",\"width\":2560,\"height\":2560,\"caption\":\"WOOPIE 6 atsitiktiniai dinozauro skeleto fig\u016br\u0117l\u0117s\"},{\"@type\":\"BreadcrumbList\",\"@id\":\"https:\\\/\\\/kidsplay.lt\\\/produktas\\\/woopie-6-atsitiktiniai-dinozauro-skeleto-figureles-2\\\/#breadcrumb\",\"itemListElement\":[{\"@type\":\"ListItem\",\"position\":1,\"name\":\"Pagrindinis\",\"item\":\"https:\\\/\\\/kidsplay.lt\\\/\"},{\"@type\":\"ListItem\",\"position\":2,\"name\":\"Parduotuv\u0117\",\"item\":\"https:\\\/\\\/kidsplay.lt\\\/parduotuve\\\/\"},{\"@type\":\"ListItem\",\"position\":3,\"name\":\"WOOPIE 6 atsitiktiniai dinozauro skeleto fig\u016br\u0117l\u0117s\"}]},{\"@type\":\"WebSite\",\"@id\":\"https:\\\/\\\/kidsplay.lt\\\/#website\",\"url\":\"https:\\\/\\\/kidsplay.lt\\\/\",\"name\":\"Kidsplay.lt\",\"description\":\"\u012evairios prek\u0117s vaikams\",\"publisher\":{\"@id\":\"https:\\\/\\\/kidsplay.lt\\\/#organization\"},\"alternateName\":\"Kidsplay\",\"potentialAction\":[{\"@type\":\"SearchAction\",\"target\":{\"@type\":\"EntryPoint\",\"urlTemplate\":\"https:\\\/\\\/kidsplay.lt\\\/?s={search_term_string}\"},\"query-input\":{\"@type\":\"PropertyValueSpecification\",\"valueRequired\":true,\"valueName\":\"search_term_string\"}}],\"inLanguage\":\"lv-LV\"},{\"@type\":\"Organization\",\"@id\":\"https:\\\/\\\/kidsplay.lt\\\/#organization\",\"name\":\"KidsPlay\",\"url\":\"https:\\\/\\\/kidsplay.lt\\\/\",\"logo\":{\"@type\":\"ImageObject\",\"inLanguage\":\"lv-LV\",\"@id\":\"https:\\\/\\\/kidsplay.lt\\\/#\\\/schema\\\/logo\\\/image\\\/\",\"url\":\"https:\\\/\\\/kidsplay.lt\\\/wp-content\\\/uploads\\\/2023\\\/07\\\/kidsplay-logo.png\",\"contentUrl\":\"https:\\\/\\\/kidsplay.lt\\\/wp-content\\\/uploads\\\/2023\\\/07\\\/kidsplay-logo.png\",\"width\":451,\"height\":98,\"caption\":\"KidsPlay\"},\"image\":{\"@id\":\"https:\\\/\\\/kidsplay.lt\\\/#\\\/schema\\\/logo\\\/image\\\/\"},\"sameAs\":[\"https:\\\/\\\/www.facebook.com\\\/www.kidsplay.lt\"]}]}<\/script>\n<!-- \/ Yoast SEO plugin. -->","yoast_head_json":{"title":"WOOPIE 6 nejau\u0161as dinozaura skeleta fig\u016bri\u0146as","description":"WOOPIE 6 nejau\u0161as dinozaura skeleta fig\u016bri\u0146as","robots":{"index":"index","follow":"follow","max-snippet":"max-snippet:-1","max-image-preview":"max-image-preview:large","max-video-preview":"max-video-preview:-1"},"canonical":"https:\/\/kidsplay.lt\/lv\/products\/woopie-6-atsitiktiniai-dinozauro-skeleto-figureles-2\/","og_locale":"lv_LV","og_type":"article","og_title":"WOOPIE 6 atsitiktiniai dinozauro skeleto fig\u016br\u0117l\u0117s","og_description":"WOOPIE 6 atsitiktiniai dinozauro skeleto fig\u016br\u0117l\u0117s","og_url":"https:\/\/kidsplay.lt\/lv\/products\/woopie-6-atsitiktiniai-dinozauro-skeleto-figureles-2\/","og_site_name":"KidsPlay","article_publisher":"https:\/\/www.facebook.com\/www.kidsplay.lt","article_modified_time":"2026-04-20T05:06:57+00:00","og_image":[{"url":"https:\/\/kidsplay.lt\/wp-content\/uploads\/2025\/09\/WOOPIE-6-atsitiktiniai-dinozauro-skeleto-figureles.jpg","width":800,"height":800,"type":"image\/png"}],"twitter_card":"summary_large_image","twitter_misc":{"Est. reading time":"1 min\u016bte"},"schema":{"@context":"https:\/\/schema.org","@graph":[{"@type":"WebPage","@id":"https:\/\/kidsplay.lt\/produktas\/woopie-6-atsitiktiniai-dinozauro-skeleto-figureles-2\/","url":"https:\/\/kidsplay.lt\/produktas\/woopie-6-atsitiktiniai-dinozauro-skeleto-figureles-2\/","name":"WOOPIE 6 nejau\u0161as dinozaura skeleta fig\u016bri\u0146as","isPartOf":{"@id":"https:\/\/kidsplay.lt\/#website"},"primaryImageOfPage":{"@id":"https:\/\/kidsplay.lt\/produktas\/woopie-6-atsitiktiniai-dinozauro-skeleto-figureles-2\/#primaryimage"},"image":{"@id":"https:\/\/kidsplay.lt\/produktas\/woopie-6-atsitiktiniai-dinozauro-skeleto-figureles-2\/#primaryimage"},"thumbnailUrl":"https:\/\/kidsplay.lt\/wp-content\/uploads\/2025\/09\/WOOPIE-6-atsitiktiniai-dinozauro-skeleto-figureles.jpg","datePublished":"2025-10-02T10:10:21+00:00","dateModified":"2026-04-20T05:06:57+00:00","description":"WOOPIE 6 nejau\u0161as dinozaura skeleta fig\u016bri\u0146as","breadcrumb":{"@id":"https:\/\/kidsplay.lt\/produktas\/woopie-6-atsitiktiniai-dinozauro-skeleto-figureles-2\/#breadcrumb"},"inLanguage":"lv-LV","potentialAction":[{"@type":"ReadAction","target":["https:\/\/kidsplay.lt\/produktas\/woopie-6-atsitiktiniai-dinozauro-skeleto-figureles-2\/"]}]},{"@type":"ImageObject","inLanguage":"lv-LV","@id":"https:\/\/kidsplay.lt\/produktas\/woopie-6-atsitiktiniai-dinozauro-skeleto-figureles-2\/#primaryimage","url":"https:\/\/kidsplay.lt\/wp-content\/uploads\/2025\/09\/WOOPIE-6-atsitiktiniai-dinozauro-skeleto-figureles.jpg","contentUrl":"https:\/\/kidsplay.lt\/wp-content\/uploads\/2025\/09\/WOOPIE-6-atsitiktiniai-dinozauro-skeleto-figureles.jpg","width":2560,"height":2560,"caption":"WOOPIE 6 atsitiktiniai dinozauro skeleto fig\u016br\u0117l\u0117s"},{"@type":"BreadcrumbList","@id":"https:\/\/kidsplay.lt\/produktas\/woopie-6-atsitiktiniai-dinozauro-skeleto-figureles-2\/#breadcrumb","itemListElement":[{"@type":"ListItem","position":1,"name":"Pagrindinis","item":"https:\/\/kidsplay.lt\/"},{"@type":"ListItem","position":2,"name":"Parduotuv\u0117","item":"https:\/\/kidsplay.lt\/parduotuve\/"},{"@type":"ListItem","position":3,"name":"WOOPIE 6 atsitiktiniai dinozauro skeleto fig\u016br\u0117l\u0117s"}]},{"@type":"WebSite","@id":"https:\/\/kidsplay.lt\/#website","url":"https:\/\/kidsplay.lt\/","name":"B\u0113rnu sp\u0113les.lv","description":"\u012evairios prek\u0117s vaikams","publisher":{"@id":"https:\/\/kidsplay.lt\/#organization"},"alternateName":"Kidsplay","potentialAction":[{"@type":"SearchAction","target":{"@type":"EntryPoint","urlTemplate":"https:\/\/kidsplay.lt\/?s={search_term_string}"},"query-input":{"@type":"PropertyValueSpecification","valueRequired":true,"valueName":"search_term_string"}}],"inLanguage":"lv-LV"},{"@type":"Organization","@id":"https:\/\/kidsplay.lt\/#organization","name":"B\u0113rnu sp\u0113le","url":"https:\/\/kidsplay.lt\/","logo":{"@type":"ImageObject","inLanguage":"lv-LV","@id":"https:\/\/kidsplay.lt\/#\/schema\/logo\/image\/","url":"https:\/\/kidsplay.lt\/wp-content\/uploads\/2023\/07\/kidsplay-logo.png","contentUrl":"https:\/\/kidsplay.lt\/wp-content\/uploads\/2023\/07\/kidsplay-logo.png","width":451,"height":98,"caption":"KidsPlay"},"image":{"@id":"https:\/\/kidsplay.lt\/#\/schema\/logo\/image\/"},"sameAs":["https:\/\/www.facebook.com\/www.kidsplay.lt"]}]}},"_links":{"self":[{"href":"https:\/\/kidsplay.lt\/lv\/wp-json\/wp\/v2\/product\/68762","targetHints":{"allow":["GET"]}}],"collection":[{"href":"https:\/\/kidsplay.lt\/lv\/wp-json\/wp\/v2\/product"}],"about":[{"href":"https:\/\/kidsplay.lt\/lv\/wp-json\/wp\/v2\/types\/product"}],"version-history":[{"count":2,"href":"https:\/\/kidsplay.lt\/lv\/wp-json\/wp\/v2\/product\/68762\/revisions"}],"predecessor-version":[{"id":73729,"href":"https:\/\/kidsplay.lt\/lv\/wp-json\/wp\/v2\/product\/68762\/revisions\/73729"}],"wp:featuredmedia":[{"embeddable":true,"href":"https:\/\/kidsplay.lt\/lv\/wp-json\/wp\/v2\/media\/61695"}],"wp:attachment":[{"href":"https:\/\/kidsplay.lt\/lv\/wp-json\/wp\/v2\/media?parent=68762"}],"wp:term":[{"taxonomy":"product_brand","embeddable":true,"href":"https:\/\/kidsplay.lt\/lv\/wp-json\/wp\/v2\/product_brand?post=68762"},{"taxonomy":"product_cat","embeddable":true,"href":"https:\/\/kidsplay.lt\/lv\/wp-json\/wp\/v2\/product_cat?post=68762"},{"taxonomy":"product_tag","embeddable":true,"href":"https:\/\/kidsplay.lt\/lv\/wp-json\/wp\/v2\/product_tag?post=68762"}],"curies":[{"name":"wp","href":"https:\/\/api.w.org\/{rel}","templated":true}]}}