{"id":68766,"date":"2025-10-02T13:10:29","date_gmt":"2025-10-02T10:10:29","guid":{"rendered":"https:\/\/kidsplay.lt\/produktas\/woopie-pasidaryk-pats-dazymo-rinkinys-2\/"},"modified":"2026-04-13T14:37:47","modified_gmt":"2026-04-13T11:37:47","slug":"woopie-pasidaryk-pats-dazymo-rinkinys-2","status":"publish","type":"product","link":"https:\/\/kidsplay.lt\/lv\/products\/woopie-pasidaryk-pats-dazymo-rinkinys-2\/","title":{"rendered":"WOOPIE DIY glezno\u0161anas komplekts"},"content":{"rendered":"<p>Sukurkite savo mini zoologijos sod\u0105 su\u00a0WOOPIE\u00a0\u201e\u00a0pasidaryk pats\u201c gyv\u016bn\u0173 formavimo ir da\u017eymo\u00a0rinkiniu ! \u0160is unikalus meno rinkinys leis j\u016bs\u0173 vaikui lipdyti ir pie\u0161ti \u017eavingus gyv\u016bnus i\u0161 gipso \u2013 smagi ir lavinamoji patirtis viename. Puikiai tinka vaikams nuo 6 met\u0173, kurie m\u0117gsta kurti, tapyti ir eksperimentuoti su spalvomis!<\/p>\n<p>Rakstur\u012bgs:<\/p>\n<p> \t&#8211; Vaikams\u00a0nuo 6 met\u0173 am\u017eiaus<br \/>\n \t&#8211; 2 viename k\u016brybinis rinkinys: fig\u016br\u0117li\u0173 liejimui ir da\u017eymui<br \/>\n \t&#8211; \u012evairi\u0173 stili\u0173 gyv\u016bnai &#8211; puikiai tinka \u017eaisti ir dekoruoti<br \/>\n \t&#8211; Galimyb\u0117 patiems pasigaminti \u0161aldytuvo magnetukus<br \/>\n \t&#8211; Pridedami visi priedai &#8211; i\u0161 karto paruo\u0161tas naudoti<br \/>\n \t&#8211; Auk\u0161tos kokyb\u0117s WOOPIE\u00a0prek\u0117s \u017eenklo gaminiai<\/p>\n<p>Komplekt\u0101 ietilpst:<\/p>\n<p> \t&#8211; formos (pingvinas, \u017eirafa, li\u016btas, flamingas, panda, dramblys, medis)<br \/>\n \t&#8211; 2 gipso pakuot\u0117s<br \/>\n \t&#8211; mai\u0161ymo dubuo, \u0161auk\u0161tas, da\u017e\u0173 pad\u0117klas<br \/>\n \t&#8211; 6 spalvoti da\u017eai + teptukas<br \/>\n \t&#8211; mentel\u0117\/grandiklis<br \/>\n \t&#8211; vartotojo vadovas &#8211; paprastas ir iliustruotas<br \/>\n \t&#8211; viskas supakuota esteti\u0161koje d\u0117\u017eut\u0117je &#8211; paruo\u0161ta dovanai!<\/p>\n<p>Rota\u013clieta att\u012bst\u0101s:<\/p>\n<p> \t&#8211;\u00a0\u00a0K\u016brybi\u0161kumas ir vaizduot\u0117\u00a0\u2013 vaikas pats kuria kal\u0117dines dekoracijas<br \/>\n \t&#8211;\u00a0\u00a0Rank\u0173 miklumas ir tikslumas\u00a0\u2013 liejant ir da\u017eant<br \/>\n \t&#8211;\u00a0\u00a0Estetikos ir spalv\u0173 poj\u016btis\u00a0\u2013 \u017eaid\u017eiant spalvomis<br \/>\n \t&#8211;\u00a0\u00a0Kantryb\u0117 ir susikaupimas\u00a0\u2013 \u017eingsnis po \u017eingsnio dirbti ties detal\u0117mis<br \/>\n \t&#8211;\u00a0\u00a0Pasidid\u017eiavimas savo darbu\u00a0\u2013 baigtos fig\u016br\u0117l\u0117s gali papuo\u0161ti kambar\u012f arba b\u016bti dovana artimiesiems<\/p>","protected":false},"excerpt":{"rendered":"<p>WOOPIE DIY glezno\u0161anas komplekts<\/p>","protected":false},"featured_media":66324,"template":"","meta":{"_acf_changed":false,"_glsr_average":0,"_glsr_ranking":0,"_glsr_reviews":0},"product_brand":[],"product_cat":[810,229],"product_tag":[],"class_list":{"0":"post-68766","1":"product","2":"type-product","3":"status-publish","4":"has-post-thumbnail","6":"product_cat-kurybiniai-rinkiniai","7":"product_cat-zaislai-vaikams","8":"\"style=\"background-color: #2ecc711c;\"","10":"first","11":"instock","12":"purchasable","13":"product-type-simple"},"acf":[],"yoast_head":"<!-- This site is optimized with the Yoast SEO plugin v27.4 - https:\/\/yoast.com\/product\/yoast-seo-wordpress\/ -->\n<title>WOOPIE \u201epasidaryk pats\u201c da\u017eymo rinkinys<\/title>\n<meta name=\"description\" content=\"WOOPIE \u201epasidaryk pats\u201c da\u017eymo rinkinys\" \/>\n<meta name=\"robots\" content=\"index, follow, max-snippet:-1, max-image-preview:large, max-video-preview:-1\" \/>\n<link rel=\"canonical\" href=\"https:\/\/kidsplay.lt\/lv\/products\/woopie-pasidaryk-pats-dazymo-rinkinys-2\/\" \/>\n<meta property=\"og:locale\" content=\"lv_LV\" \/>\n<meta property=\"og:type\" content=\"article\" \/>\n<meta property=\"og:title\" content=\"WOOPIE \u201epasidaryk pats\u201c da\u017eymo rinkinys\" \/>\n<meta property=\"og:description\" content=\"WOOPIE \u201epasidaryk pats\u201c da\u017eymo rinkinys\" \/>\n<meta property=\"og:url\" content=\"https:\/\/kidsplay.lt\/lv\/products\/woopie-pasidaryk-pats-dazymo-rinkinys-2\/\" \/>\n<meta property=\"og:site_name\" content=\"KidsPlay\" \/>\n<meta property=\"article:publisher\" content=\"https:\/\/www.facebook.com\/www.kidsplay.lt\" \/>\n<meta property=\"article:modified_time\" content=\"2026-04-13T11:37:47+00:00\" \/>\n<meta property=\"og:image\" content=\"https:\/\/kidsplay.lt\/wp-content\/uploads\/2025\/09\/WOOPIE-\u201epasidaryk-pats-dazymo-rinkinys.jpg\" \/>\n\t<meta property=\"og:image:width\" content=\"1000\" \/>\n\t<meta property=\"og:image:height\" content=\"1000\" \/>\n\t<meta property=\"og:image:type\" content=\"image\/jpeg\" \/>\n<meta name=\"twitter:card\" content=\"summary_large_image\" \/>\n<meta name=\"twitter:label1\" content=\"Est. reading time\" \/>\n\t<meta name=\"twitter:data1\" content=\"1 min\u016bte\" \/>\n<script type=\"application\/ld+json\" class=\"yoast-schema-graph\">{\"@context\":\"https:\\\/\\\/schema.org\",\"@graph\":[{\"@type\":\"WebPage\",\"@id\":\"https:\\\/\\\/kidsplay.lt\\\/produktas\\\/woopie-pasidaryk-pats-dazymo-rinkinys-2\\\/\",\"url\":\"https:\\\/\\\/kidsplay.lt\\\/produktas\\\/woopie-pasidaryk-pats-dazymo-rinkinys-2\\\/\",\"name\":\"WOOPIE \u201epasidaryk pats\u201c da\u017eymo rinkinys\",\"isPartOf\":{\"@id\":\"https:\\\/\\\/kidsplay.lt\\\/#website\"},\"primaryImageOfPage\":{\"@id\":\"https:\\\/\\\/kidsplay.lt\\\/produktas\\\/woopie-pasidaryk-pats-dazymo-rinkinys-2\\\/#primaryimage\"},\"image\":{\"@id\":\"https:\\\/\\\/kidsplay.lt\\\/produktas\\\/woopie-pasidaryk-pats-dazymo-rinkinys-2\\\/#primaryimage\"},\"thumbnailUrl\":\"https:\\\/\\\/kidsplay.lt\\\/wp-content\\\/uploads\\\/2025\\\/09\\\/WOOPIE-\u201epasidaryk-pats-dazymo-rinkinys.jpg\",\"datePublished\":\"2025-10-02T10:10:29+00:00\",\"dateModified\":\"2026-04-13T11:37:47+00:00\",\"description\":\"WOOPIE \u201epasidaryk pats\u201c da\u017eymo rinkinys\",\"breadcrumb\":{\"@id\":\"https:\\\/\\\/kidsplay.lt\\\/produktas\\\/woopie-pasidaryk-pats-dazymo-rinkinys-2\\\/#breadcrumb\"},\"inLanguage\":\"lv-LV\",\"potentialAction\":[{\"@type\":\"ReadAction\",\"target\":[\"https:\\\/\\\/kidsplay.lt\\\/produktas\\\/woopie-pasidaryk-pats-dazymo-rinkinys-2\\\/\"]}]},{\"@type\":\"ImageObject\",\"inLanguage\":\"lv-LV\",\"@id\":\"https:\\\/\\\/kidsplay.lt\\\/produktas\\\/woopie-pasidaryk-pats-dazymo-rinkinys-2\\\/#primaryimage\",\"url\":\"https:\\\/\\\/kidsplay.lt\\\/wp-content\\\/uploads\\\/2025\\\/09\\\/WOOPIE-\u201epasidaryk-pats-dazymo-rinkinys.jpg\",\"contentUrl\":\"https:\\\/\\\/kidsplay.lt\\\/wp-content\\\/uploads\\\/2025\\\/09\\\/WOOPIE-\u201epasidaryk-pats-dazymo-rinkinys.jpg\",\"width\":1000,\"height\":1000,\"caption\":\"WOOPIE \u201epasidaryk pats\u201c da\u017eymo rinkinys\"},{\"@type\":\"BreadcrumbList\",\"@id\":\"https:\\\/\\\/kidsplay.lt\\\/produktas\\\/woopie-pasidaryk-pats-dazymo-rinkinys-2\\\/#breadcrumb\",\"itemListElement\":[{\"@type\":\"ListItem\",\"position\":1,\"name\":\"Pagrindinis\",\"item\":\"https:\\\/\\\/kidsplay.lt\\\/\"},{\"@type\":\"ListItem\",\"position\":2,\"name\":\"Parduotuv\u0117\",\"item\":\"https:\\\/\\\/kidsplay.lt\\\/parduotuve\\\/\"},{\"@type\":\"ListItem\",\"position\":3,\"name\":\"WOOPIE \u201epasidaryk pats\u201c da\u017eymo rinkinys\"}]},{\"@type\":\"WebSite\",\"@id\":\"https:\\\/\\\/kidsplay.lt\\\/#website\",\"url\":\"https:\\\/\\\/kidsplay.lt\\\/\",\"name\":\"Kidsplay.lt\",\"description\":\"\u012evairios prek\u0117s vaikams\",\"publisher\":{\"@id\":\"https:\\\/\\\/kidsplay.lt\\\/#organization\"},\"alternateName\":\"Kidsplay\",\"potentialAction\":[{\"@type\":\"SearchAction\",\"target\":{\"@type\":\"EntryPoint\",\"urlTemplate\":\"https:\\\/\\\/kidsplay.lt\\\/?s={search_term_string}\"},\"query-input\":{\"@type\":\"PropertyValueSpecification\",\"valueRequired\":true,\"valueName\":\"search_term_string\"}}],\"inLanguage\":\"lv-LV\"},{\"@type\":\"Organization\",\"@id\":\"https:\\\/\\\/kidsplay.lt\\\/#organization\",\"name\":\"KidsPlay\",\"url\":\"https:\\\/\\\/kidsplay.lt\\\/\",\"logo\":{\"@type\":\"ImageObject\",\"inLanguage\":\"lv-LV\",\"@id\":\"https:\\\/\\\/kidsplay.lt\\\/#\\\/schema\\\/logo\\\/image\\\/\",\"url\":\"https:\\\/\\\/kidsplay.lt\\\/wp-content\\\/uploads\\\/2023\\\/07\\\/kidsplay-logo.png\",\"contentUrl\":\"https:\\\/\\\/kidsplay.lt\\\/wp-content\\\/uploads\\\/2023\\\/07\\\/kidsplay-logo.png\",\"width\":451,\"height\":98,\"caption\":\"KidsPlay\"},\"image\":{\"@id\":\"https:\\\/\\\/kidsplay.lt\\\/#\\\/schema\\\/logo\\\/image\\\/\"},\"sameAs\":[\"https:\\\/\\\/www.facebook.com\\\/www.kidsplay.lt\"]}]}<\/script>\n<!-- \/ Yoast SEO plugin. -->","yoast_head_json":{"title":"WOOPIE DIY glezno\u0161anas komplekts","description":"WOOPIE DIY glezno\u0161anas komplekts","robots":{"index":"index","follow":"follow","max-snippet":"max-snippet:-1","max-image-preview":"max-image-preview:large","max-video-preview":"max-video-preview:-1"},"canonical":"https:\/\/kidsplay.lt\/lv\/products\/woopie-pasidaryk-pats-dazymo-rinkinys-2\/","og_locale":"lv_LV","og_type":"article","og_title":"WOOPIE \u201epasidaryk pats\u201c da\u017eymo rinkinys","og_description":"WOOPIE \u201epasidaryk pats\u201c da\u017eymo rinkinys","og_url":"https:\/\/kidsplay.lt\/lv\/products\/woopie-pasidaryk-pats-dazymo-rinkinys-2\/","og_site_name":"KidsPlay","article_publisher":"https:\/\/www.facebook.com\/www.kidsplay.lt","article_modified_time":"2026-04-13T11:37:47+00:00","og_image":[{"width":1000,"height":1000,"url":"https:\/\/kidsplay.lt\/wp-content\/uploads\/2025\/09\/WOOPIE-\u201epasidaryk-pats-dazymo-rinkinys.jpg","type":"image\/jpeg"}],"twitter_card":"summary_large_image","twitter_misc":{"Est. reading time":"1 min\u016bte"},"schema":{"@context":"https:\/\/schema.org","@graph":[{"@type":"WebPage","@id":"https:\/\/kidsplay.lt\/produktas\/woopie-pasidaryk-pats-dazymo-rinkinys-2\/","url":"https:\/\/kidsplay.lt\/produktas\/woopie-pasidaryk-pats-dazymo-rinkinys-2\/","name":"WOOPIE DIY glezno\u0161anas komplekts","isPartOf":{"@id":"https:\/\/kidsplay.lt\/#website"},"primaryImageOfPage":{"@id":"https:\/\/kidsplay.lt\/produktas\/woopie-pasidaryk-pats-dazymo-rinkinys-2\/#primaryimage"},"image":{"@id":"https:\/\/kidsplay.lt\/produktas\/woopie-pasidaryk-pats-dazymo-rinkinys-2\/#primaryimage"},"thumbnailUrl":"https:\/\/kidsplay.lt\/wp-content\/uploads\/2025\/09\/WOOPIE-\u201epasidaryk-pats-dazymo-rinkinys.jpg","datePublished":"2025-10-02T10:10:29+00:00","dateModified":"2026-04-13T11:37:47+00:00","description":"WOOPIE DIY glezno\u0161anas komplekts","breadcrumb":{"@id":"https:\/\/kidsplay.lt\/produktas\/woopie-pasidaryk-pats-dazymo-rinkinys-2\/#breadcrumb"},"inLanguage":"lv-LV","potentialAction":[{"@type":"ReadAction","target":["https:\/\/kidsplay.lt\/produktas\/woopie-pasidaryk-pats-dazymo-rinkinys-2\/"]}]},{"@type":"ImageObject","inLanguage":"lv-LV","@id":"https:\/\/kidsplay.lt\/produktas\/woopie-pasidaryk-pats-dazymo-rinkinys-2\/#primaryimage","url":"https:\/\/kidsplay.lt\/wp-content\/uploads\/2025\/09\/WOOPIE-\u201epasidaryk-pats-dazymo-rinkinys.jpg","contentUrl":"https:\/\/kidsplay.lt\/wp-content\/uploads\/2025\/09\/WOOPIE-\u201epasidaryk-pats-dazymo-rinkinys.jpg","width":1000,"height":1000,"caption":"WOOPIE \u201epasidaryk pats\u201c da\u017eymo rinkinys"},{"@type":"BreadcrumbList","@id":"https:\/\/kidsplay.lt\/produktas\/woopie-pasidaryk-pats-dazymo-rinkinys-2\/#breadcrumb","itemListElement":[{"@type":"ListItem","position":1,"name":"Pagrindinis","item":"https:\/\/kidsplay.lt\/"},{"@type":"ListItem","position":2,"name":"Parduotuv\u0117","item":"https:\/\/kidsplay.lt\/parduotuve\/"},{"@type":"ListItem","position":3,"name":"WOOPIE \u201epasidaryk pats\u201c da\u017eymo rinkinys"}]},{"@type":"WebSite","@id":"https:\/\/kidsplay.lt\/#website","url":"https:\/\/kidsplay.lt\/","name":"B\u0113rnu sp\u0113les.lv","description":"\u012evairios prek\u0117s vaikams","publisher":{"@id":"https:\/\/kidsplay.lt\/#organization"},"alternateName":"Kidsplay","potentialAction":[{"@type":"SearchAction","target":{"@type":"EntryPoint","urlTemplate":"https:\/\/kidsplay.lt\/?s={search_term_string}"},"query-input":{"@type":"PropertyValueSpecification","valueRequired":true,"valueName":"search_term_string"}}],"inLanguage":"lv-LV"},{"@type":"Organization","@id":"https:\/\/kidsplay.lt\/#organization","name":"B\u0113rnu sp\u0113le","url":"https:\/\/kidsplay.lt\/","logo":{"@type":"ImageObject","inLanguage":"lv-LV","@id":"https:\/\/kidsplay.lt\/#\/schema\/logo\/image\/","url":"https:\/\/kidsplay.lt\/wp-content\/uploads\/2023\/07\/kidsplay-logo.png","contentUrl":"https:\/\/kidsplay.lt\/wp-content\/uploads\/2023\/07\/kidsplay-logo.png","width":451,"height":98,"caption":"KidsPlay"},"image":{"@id":"https:\/\/kidsplay.lt\/#\/schema\/logo\/image\/"},"sameAs":["https:\/\/www.facebook.com\/www.kidsplay.lt"]}]}},"_links":{"self":[{"href":"https:\/\/kidsplay.lt\/lv\/wp-json\/wp\/v2\/product\/68766","targetHints":{"allow":["GET"]}}],"collection":[{"href":"https:\/\/kidsplay.lt\/lv\/wp-json\/wp\/v2\/product"}],"about":[{"href":"https:\/\/kidsplay.lt\/lv\/wp-json\/wp\/v2\/types\/product"}],"version-history":[{"count":2,"href":"https:\/\/kidsplay.lt\/lv\/wp-json\/wp\/v2\/product\/68766\/revisions"}],"predecessor-version":[{"id":73727,"href":"https:\/\/kidsplay.lt\/lv\/wp-json\/wp\/v2\/product\/68766\/revisions\/73727"}],"wp:featuredmedia":[{"embeddable":true,"href":"https:\/\/kidsplay.lt\/lv\/wp-json\/wp\/v2\/media\/66324"}],"wp:attachment":[{"href":"https:\/\/kidsplay.lt\/lv\/wp-json\/wp\/v2\/media?parent=68766"}],"wp:term":[{"taxonomy":"product_brand","embeddable":true,"href":"https:\/\/kidsplay.lt\/lv\/wp-json\/wp\/v2\/product_brand?post=68766"},{"taxonomy":"product_cat","embeddable":true,"href":"https:\/\/kidsplay.lt\/lv\/wp-json\/wp\/v2\/product_cat?post=68766"},{"taxonomy":"product_tag","embeddable":true,"href":"https:\/\/kidsplay.lt\/lv\/wp-json\/wp\/v2\/product_tag?post=68766"}],"curies":[{"name":"wp","href":"https:\/\/api.w.org\/{rel}","templated":true}]}}