{"id":68770,"date":"2025-10-02T13:10:59","date_gmt":"2025-10-02T10:10:59","guid":{"rendered":"https:\/\/kidsplay.lt\/produktas\/woopie-magnetiniai-kaladeles-raidems-mokytis-70-detaliu-2\/"},"modified":"2026-04-07T10:17:08","modified_gmt":"2026-04-07T07:17:08","slug":"woopie-magnetiniai-kaladeles-raidems-mokytis-70-detaliu-2","status":"publish","type":"product","link":"https:\/\/kidsplay.lt\/lv\/products\/woopie-magnetiniai-kaladeles-raidems-mokytis-70-detaliu-2\/","title":{"rendered":"WOOPIE magn\u0113tiskie kluc\u012b\u0161i burtu apguvei, 70 gabali"},"content":{"rendered":"<p>Magnetiniai lavinamieji kalad\u0117l\u0117s yra unikalus \u017eaislas, atveriantis vaikams mokymosi ir k\u016brybi\u0161kumo pasaul\u012f. Tvirti, spalvingi gabal\u0117liai leid\u017eia lengvai konstruoti \u012fvairias konstrukcijas, kartu lavindami vaizduot\u0119 ir rankinius \u012fg\u016bd\u017eius. Rinkinyje yra raid\u017ei\u0173 kortel\u0117s, kurios pad\u0117s mokytis ab\u0117c\u0117l\u0117s k\u016brybinio \u017eaidimo metu. Stipr\u016bs magnetiniai jungtys leid\u017eia konstruoti \u012fvairi\u0173 tip\u0173 konstrukcijas ir u\u017etikrina stabilum\u0105 bei saugum\u0105 \u017eaidimo metu.\u00a0<br \/>\nRakstur\u012bgs:<\/p>\n<p>&#8211; Vaikams nuo\u00a03 met\u0173\u00a0am\u017eiaus<\/p>\n<p> \t&#8211; Pagaminta i\u0161 auk\u0161tos kokyb\u0117s med\u017eiag\u0173\u00a0<\/p>\n<p>&#8211; Stipr\u016bs magnetai leid\u017eia lengvai sujungti ir atskirti elementus<\/p>\n<p>&#8211; Spalvingame rinkinyje yra korteli\u0173 su raid\u0117mis, kurios padeda mokytis ab\u0117c\u0117l\u0117s<\/p>\n<p>&#8211; Didelis element\u0173 skai\u010dius leid\u017eia statyti dideles ir \u012fvairias konstrukcijas<\/p>\n<p>Komplekt\u0101 ietilpst:<\/p>\n<p>&#8211; 8 m\u0117lyni kvadratai<\/p>\n<p>&#8211; 7 raudoni kvadratai<\/p>\n<p>&#8211; 9 pilki kvadratai<\/p>\n<p>&#8211; 7 violetiniai kvadratai<\/p>\n<p>&#8211; 9 \u017eali kvadratai<\/p>\n<p>&#8211; 30 edukacini\u0173 korteli\u0173 su raid\u0117mis<\/p>\n<p>Rota\u013clieta att\u012bst\u0101s:<\/p>\n<p> \t&#8211; Vaizduot\u0117<br \/>\n \t&#8211; Logika<br \/>\n \t&#8211; Rank\u0173 ir aki\u0173 koordinacija<br \/>\n \t&#8211; K\u016brybi\u0161kumas<\/p>","protected":false},"excerpt":{"rendered":"<p>WOOPIE magn\u0113tiskie kluc\u012b\u0161i burtu apguvei, 70 gabali<\/p>","protected":false},"featured_media":63902,"template":"","meta":{"_acf_changed":false,"_glsr_average":0,"_glsr_ranking":0,"_glsr_reviews":0},"product_brand":[],"product_cat":[446,229],"product_tag":[],"class_list":{"0":"post-68770","1":"product","2":"type-product","3":"status-publish","4":"has-post-thumbnail","6":"product_cat-konstruktoriai","7":"product_cat-zaislai-vaikams","8":"\"style=\"background-color: #2ecc711c;\"","10":"first","11":"instock","12":"purchasable","13":"product-type-simple"},"acf":[],"yoast_head":"<!-- This site is optimized with the Yoast SEO plugin v27.3 - https:\/\/yoast.com\/product\/yoast-seo-wordpress\/ -->\n<title>\ufeff WOOPIE magnetiniai kalad\u0117l\u0117s raid\u0117ms mokytis, 70 detali\u0173<\/title>\n<meta name=\"description\" content=\"\ufeff WOOPIE magnetiniai kalad\u0117l\u0117s raid\u0117ms mokytis, 70 detali\u0173\" \/>\n<meta name=\"robots\" content=\"index, follow, max-snippet:-1, max-image-preview:large, max-video-preview:-1\" \/>\n<link rel=\"canonical\" href=\"https:\/\/kidsplay.lt\/lv\/products\/woopie-magnetiniai-kaladeles-raidems-mokytis-70-detaliu-2\/\" \/>\n<meta property=\"og:locale\" content=\"lv_LV\" \/>\n<meta property=\"og:type\" content=\"article\" \/>\n<meta property=\"og:title\" content=\"\ufeff WOOPIE magnetiniai kalad\u0117l\u0117s raid\u0117ms mokytis, 70 detali\u0173\" \/>\n<meta property=\"og:description\" content=\"\ufeff WOOPIE magnetiniai kalad\u0117l\u0117s raid\u0117ms mokytis, 70 detali\u0173\" \/>\n<meta property=\"og:url\" content=\"https:\/\/kidsplay.lt\/lv\/products\/woopie-magnetiniai-kaladeles-raidems-mokytis-70-detaliu-2\/\" \/>\n<meta property=\"og:site_name\" content=\"KidsPlay\" \/>\n<meta property=\"article:publisher\" content=\"https:\/\/www.facebook.com\/www.kidsplay.lt\" \/>\n<meta property=\"article:modified_time\" content=\"2026-04-07T07:17:08+00:00\" \/>\n<meta property=\"og:image\" content=\"https:\/\/kidsplay.lt\/wp-content\/uploads\/2025\/09\/\ufeff-WOOPIE-magnetiniai-kaladeles-raidems-mokytis-70-detaliu.jpg\" \/>\n\t<meta property=\"og:image:width\" content=\"1000\" \/>\n\t<meta property=\"og:image:height\" content=\"1000\" \/>\n\t<meta property=\"og:image:type\" content=\"image\/jpeg\" \/>\n<meta name=\"twitter:card\" content=\"summary_large_image\" \/>\n<meta name=\"twitter:label1\" content=\"Est. reading time\" \/>\n\t<meta name=\"twitter:data1\" content=\"1 min\u016bte\" \/>\n<script type=\"application\/ld+json\" class=\"yoast-schema-graph\">{\"@context\":\"https:\\\/\\\/schema.org\",\"@graph\":[{\"@type\":\"WebPage\",\"@id\":\"https:\\\/\\\/kidsplay.lt\\\/produktas\\\/woopie-magnetiniai-kaladeles-raidems-mokytis-70-detaliu-2\\\/\",\"url\":\"https:\\\/\\\/kidsplay.lt\\\/produktas\\\/woopie-magnetiniai-kaladeles-raidems-mokytis-70-detaliu-2\\\/\",\"name\":\"\ufeff WOOPIE magnetiniai kalad\u0117l\u0117s raid\u0117ms mokytis, 70 detali\u0173\",\"isPartOf\":{\"@id\":\"https:\\\/\\\/kidsplay.lt\\\/#website\"},\"primaryImageOfPage\":{\"@id\":\"https:\\\/\\\/kidsplay.lt\\\/produktas\\\/woopie-magnetiniai-kaladeles-raidems-mokytis-70-detaliu-2\\\/#primaryimage\"},\"image\":{\"@id\":\"https:\\\/\\\/kidsplay.lt\\\/produktas\\\/woopie-magnetiniai-kaladeles-raidems-mokytis-70-detaliu-2\\\/#primaryimage\"},\"thumbnailUrl\":\"https:\\\/\\\/kidsplay.lt\\\/wp-content\\\/uploads\\\/2025\\\/09\\\/\ufeff-WOOPIE-magnetiniai-kaladeles-raidems-mokytis-70-detaliu.jpg\",\"datePublished\":\"2025-10-02T10:10:59+00:00\",\"dateModified\":\"2026-04-07T07:17:08+00:00\",\"description\":\"\ufeff WOOPIE magnetiniai kalad\u0117l\u0117s raid\u0117ms mokytis, 70 detali\u0173\",\"breadcrumb\":{\"@id\":\"https:\\\/\\\/kidsplay.lt\\\/produktas\\\/woopie-magnetiniai-kaladeles-raidems-mokytis-70-detaliu-2\\\/#breadcrumb\"},\"inLanguage\":\"lv-LV\",\"potentialAction\":[{\"@type\":\"ReadAction\",\"target\":[\"https:\\\/\\\/kidsplay.lt\\\/produktas\\\/woopie-magnetiniai-kaladeles-raidems-mokytis-70-detaliu-2\\\/\"]}]},{\"@type\":\"ImageObject\",\"inLanguage\":\"lv-LV\",\"@id\":\"https:\\\/\\\/kidsplay.lt\\\/produktas\\\/woopie-magnetiniai-kaladeles-raidems-mokytis-70-detaliu-2\\\/#primaryimage\",\"url\":\"https:\\\/\\\/kidsplay.lt\\\/wp-content\\\/uploads\\\/2025\\\/09\\\/\ufeff-WOOPIE-magnetiniai-kaladeles-raidems-mokytis-70-detaliu.jpg\",\"contentUrl\":\"https:\\\/\\\/kidsplay.lt\\\/wp-content\\\/uploads\\\/2025\\\/09\\\/\ufeff-WOOPIE-magnetiniai-kaladeles-raidems-mokytis-70-detaliu.jpg\",\"width\":1000,\"height\":1000,\"caption\":\"\ufeff WOOPIE magnetiniai kalad\u0117l\u0117s raid\u0117ms mokytis\"},{\"@type\":\"BreadcrumbList\",\"@id\":\"https:\\\/\\\/kidsplay.lt\\\/produktas\\\/woopie-magnetiniai-kaladeles-raidems-mokytis-70-detaliu-2\\\/#breadcrumb\",\"itemListElement\":[{\"@type\":\"ListItem\",\"position\":1,\"name\":\"Pagrindinis\",\"item\":\"https:\\\/\\\/kidsplay.lt\\\/\"},{\"@type\":\"ListItem\",\"position\":2,\"name\":\"Parduotuv\u0117\",\"item\":\"https:\\\/\\\/kidsplay.lt\\\/parduotuve\\\/\"},{\"@type\":\"ListItem\",\"position\":3,\"name\":\"\ufeff WOOPIE magnetiniai kalad\u0117l\u0117s raid\u0117ms mokytis, 70 detali\u0173\"}]},{\"@type\":\"WebSite\",\"@id\":\"https:\\\/\\\/kidsplay.lt\\\/#website\",\"url\":\"https:\\\/\\\/kidsplay.lt\\\/\",\"name\":\"Kidsplay.lt\",\"description\":\"\u012evairios prek\u0117s vaikams\",\"publisher\":{\"@id\":\"https:\\\/\\\/kidsplay.lt\\\/#organization\"},\"alternateName\":\"Kidsplay\",\"potentialAction\":[{\"@type\":\"SearchAction\",\"target\":{\"@type\":\"EntryPoint\",\"urlTemplate\":\"https:\\\/\\\/kidsplay.lt\\\/?s={search_term_string}\"},\"query-input\":{\"@type\":\"PropertyValueSpecification\",\"valueRequired\":true,\"valueName\":\"search_term_string\"}}],\"inLanguage\":\"lv-LV\"},{\"@type\":\"Organization\",\"@id\":\"https:\\\/\\\/kidsplay.lt\\\/#organization\",\"name\":\"KidsPlay\",\"url\":\"https:\\\/\\\/kidsplay.lt\\\/\",\"logo\":{\"@type\":\"ImageObject\",\"inLanguage\":\"lv-LV\",\"@id\":\"https:\\\/\\\/kidsplay.lt\\\/#\\\/schema\\\/logo\\\/image\\\/\",\"url\":\"https:\\\/\\\/kidsplay.lt\\\/wp-content\\\/uploads\\\/2023\\\/07\\\/kidsplay-logo.png\",\"contentUrl\":\"https:\\\/\\\/kidsplay.lt\\\/wp-content\\\/uploads\\\/2023\\\/07\\\/kidsplay-logo.png\",\"width\":451,\"height\":98,\"caption\":\"KidsPlay\"},\"image\":{\"@id\":\"https:\\\/\\\/kidsplay.lt\\\/#\\\/schema\\\/logo\\\/image\\\/\"},\"sameAs\":[\"https:\\\/\\\/www.facebook.com\\\/www.kidsplay.lt\"]}]}<\/script>\n<!-- \/ Yoast SEO plugin. -->","yoast_head_json":{"title":"WOOPIE magn\u0113tiskie kluc\u012b\u0161i burtu apguvei, 70 gabali","description":"WOOPIE magn\u0113tiskie kluc\u012b\u0161i burtu apguvei, 70 gabali","robots":{"index":"index","follow":"follow","max-snippet":"max-snippet:-1","max-image-preview":"max-image-preview:large","max-video-preview":"max-video-preview:-1"},"canonical":"https:\/\/kidsplay.lt\/lv\/products\/woopie-magnetiniai-kaladeles-raidems-mokytis-70-detaliu-2\/","og_locale":"lv_LV","og_type":"article","og_title":"\ufeff WOOPIE magnetiniai kalad\u0117l\u0117s raid\u0117ms mokytis, 70 detali\u0173","og_description":"\ufeff WOOPIE magnetiniai kalad\u0117l\u0117s raid\u0117ms mokytis, 70 detali\u0173","og_url":"https:\/\/kidsplay.lt\/lv\/products\/woopie-magnetiniai-kaladeles-raidems-mokytis-70-detaliu-2\/","og_site_name":"KidsPlay","article_publisher":"https:\/\/www.facebook.com\/www.kidsplay.lt","article_modified_time":"2026-04-07T07:17:08+00:00","og_image":[{"width":1000,"height":1000,"url":"https:\/\/kidsplay.lt\/wp-content\/uploads\/2025\/09\/\ufeff-WOOPIE-magnetiniai-kaladeles-raidems-mokytis-70-detaliu.jpg","type":"image\/jpeg"}],"twitter_card":"summary_large_image","twitter_misc":{"Est. reading time":"1 min\u016bte"},"schema":{"@context":"https:\/\/schema.org","@graph":[{"@type":"WebPage","@id":"https:\/\/kidsplay.lt\/produktas\/woopie-magnetiniai-kaladeles-raidems-mokytis-70-detaliu-2\/","url":"https:\/\/kidsplay.lt\/produktas\/woopie-magnetiniai-kaladeles-raidems-mokytis-70-detaliu-2\/","name":"WOOPIE magn\u0113tiskie kluc\u012b\u0161i burtu apguvei, 70 gabali","isPartOf":{"@id":"https:\/\/kidsplay.lt\/#website"},"primaryImageOfPage":{"@id":"https:\/\/kidsplay.lt\/produktas\/woopie-magnetiniai-kaladeles-raidems-mokytis-70-detaliu-2\/#primaryimage"},"image":{"@id":"https:\/\/kidsplay.lt\/produktas\/woopie-magnetiniai-kaladeles-raidems-mokytis-70-detaliu-2\/#primaryimage"},"thumbnailUrl":"https:\/\/kidsplay.lt\/wp-content\/uploads\/2025\/09\/\ufeff-WOOPIE-magnetiniai-kaladeles-raidems-mokytis-70-detaliu.jpg","datePublished":"2025-10-02T10:10:59+00:00","dateModified":"2026-04-07T07:17:08+00:00","description":"WOOPIE magn\u0113tiskie kluc\u012b\u0161i burtu apguvei, 70 gabali","breadcrumb":{"@id":"https:\/\/kidsplay.lt\/produktas\/woopie-magnetiniai-kaladeles-raidems-mokytis-70-detaliu-2\/#breadcrumb"},"inLanguage":"lv-LV","potentialAction":[{"@type":"ReadAction","target":["https:\/\/kidsplay.lt\/produktas\/woopie-magnetiniai-kaladeles-raidems-mokytis-70-detaliu-2\/"]}]},{"@type":"ImageObject","inLanguage":"lv-LV","@id":"https:\/\/kidsplay.lt\/produktas\/woopie-magnetiniai-kaladeles-raidems-mokytis-70-detaliu-2\/#primaryimage","url":"https:\/\/kidsplay.lt\/wp-content\/uploads\/2025\/09\/\ufeff-WOOPIE-magnetiniai-kaladeles-raidems-mokytis-70-detaliu.jpg","contentUrl":"https:\/\/kidsplay.lt\/wp-content\/uploads\/2025\/09\/\ufeff-WOOPIE-magnetiniai-kaladeles-raidems-mokytis-70-detaliu.jpg","width":1000,"height":1000,"caption":"\ufeff WOOPIE magnetiniai kalad\u0117l\u0117s raid\u0117ms mokytis"},{"@type":"BreadcrumbList","@id":"https:\/\/kidsplay.lt\/produktas\/woopie-magnetiniai-kaladeles-raidems-mokytis-70-detaliu-2\/#breadcrumb","itemListElement":[{"@type":"ListItem","position":1,"name":"Pagrindinis","item":"https:\/\/kidsplay.lt\/"},{"@type":"ListItem","position":2,"name":"Parduotuv\u0117","item":"https:\/\/kidsplay.lt\/parduotuve\/"},{"@type":"ListItem","position":3,"name":"\ufeff WOOPIE magnetiniai kalad\u0117l\u0117s raid\u0117ms mokytis, 70 detali\u0173"}]},{"@type":"WebSite","@id":"https:\/\/kidsplay.lt\/#website","url":"https:\/\/kidsplay.lt\/","name":"B\u0113rnu sp\u0113les.lv","description":"\u012evairios prek\u0117s vaikams","publisher":{"@id":"https:\/\/kidsplay.lt\/#organization"},"alternateName":"Kidsplay","potentialAction":[{"@type":"SearchAction","target":{"@type":"EntryPoint","urlTemplate":"https:\/\/kidsplay.lt\/?s={search_term_string}"},"query-input":{"@type":"PropertyValueSpecification","valueRequired":true,"valueName":"search_term_string"}}],"inLanguage":"lv-LV"},{"@type":"Organization","@id":"https:\/\/kidsplay.lt\/#organization","name":"B\u0113rnu sp\u0113le","url":"https:\/\/kidsplay.lt\/","logo":{"@type":"ImageObject","inLanguage":"lv-LV","@id":"https:\/\/kidsplay.lt\/#\/schema\/logo\/image\/","url":"https:\/\/kidsplay.lt\/wp-content\/uploads\/2023\/07\/kidsplay-logo.png","contentUrl":"https:\/\/kidsplay.lt\/wp-content\/uploads\/2023\/07\/kidsplay-logo.png","width":451,"height":98,"caption":"KidsPlay"},"image":{"@id":"https:\/\/kidsplay.lt\/#\/schema\/logo\/image\/"},"sameAs":["https:\/\/www.facebook.com\/www.kidsplay.lt"]}]}},"_links":{"self":[{"href":"https:\/\/kidsplay.lt\/lv\/wp-json\/wp\/v2\/product\/68770","targetHints":{"allow":["GET"]}}],"collection":[{"href":"https:\/\/kidsplay.lt\/lv\/wp-json\/wp\/v2\/product"}],"about":[{"href":"https:\/\/kidsplay.lt\/lv\/wp-json\/wp\/v2\/types\/product"}],"version-history":[{"count":2,"href":"https:\/\/kidsplay.lt\/lv\/wp-json\/wp\/v2\/product\/68770\/revisions"}],"predecessor-version":[{"id":73725,"href":"https:\/\/kidsplay.lt\/lv\/wp-json\/wp\/v2\/product\/68770\/revisions\/73725"}],"wp:featuredmedia":[{"embeddable":true,"href":"https:\/\/kidsplay.lt\/lv\/wp-json\/wp\/v2\/media\/63902"}],"wp:attachment":[{"href":"https:\/\/kidsplay.lt\/lv\/wp-json\/wp\/v2\/media?parent=68770"}],"wp:term":[{"taxonomy":"product_brand","embeddable":true,"href":"https:\/\/kidsplay.lt\/lv\/wp-json\/wp\/v2\/product_brand?post=68770"},{"taxonomy":"product_cat","embeddable":true,"href":"https:\/\/kidsplay.lt\/lv\/wp-json\/wp\/v2\/product_cat?post=68770"},{"taxonomy":"product_tag","embeddable":true,"href":"https:\/\/kidsplay.lt\/lv\/wp-json\/wp\/v2\/product_tag?post=68770"}],"curies":[{"name":"wp","href":"https:\/\/api.w.org\/{rel}","templated":true}]}}