{"id":68782,"date":"2025-10-02T13:11:55","date_gmt":"2025-10-02T10:11:55","guid":{"rendered":"https:\/\/kidsplay.lt\/produktas\/woopie-magnetine-automobiliu-lenktyniu-trasa-automobilis-76-vnt-2\/"},"modified":"2026-03-30T19:40:48","modified_gmt":"2026-03-30T16:40:48","slug":"woopie-magnetine-automobiliu-lenktyniu-trasa-automobilis-76-vnt-2","status":"publish","type":"product","link":"https:\/\/kidsplay.lt\/lv\/products\/woopie-magnetine-automobiliu-lenktyniu-trasa-automobilis-76-vnt-2\/","title":{"rendered":"WOOPIE magnetin\u0117 automobili\u0173 lenktyni\u0173 trasa + automobilis 76 vnt."},"content":{"rendered":"<p>\u201eWoopie\u201c\u00a0magnetin\u0117 lenktyni\u0173 trasa\u00a0yra unikalus \u017eaislas, kuris\u00a0su\u017eadins kiekvieno vaiko k\u016brybi\u0161kum\u0105\u00a0ir pavers \u017eaidim\u0105\u00a0ne\u012ftik\u0117tinu nuotykiu ,\u00a0kupinu \u0161vies\u0173 ir spalv\u0173!\u00a0D\u0117l\u00a0lengvai sujungiam\u0173\u00a0magnetini\u0173 element\u0173 ma\u017eyliai gali\u00a0savaranki\u0161kai konstruoti\u00a0\u012fvairias keli\u0173 lygi\u0173 trasas, kuriomis lenktyniauja \u0161vie\u010diantis automobilis. Skaidrios, spalvingos dalys ir ry\u0161kios LED lemput\u0117s paver\u010dia \u017eaidim\u0105 \u012ftraukiant\u012f ir\u00a0smag\u0173\u00a0tiek dien\u0105, tiek nakt\u012f.<br \/>\nRakstur\u012bgs:<\/p>\n<p> \t\u2013 B\u0113rniem no 3 gadu vecuma<br \/>\n \t\u2013 Izgatavots no augstas kvalit\u0101tes materi\u0101liem<br \/>\n \t&#8211; Ap\u0161viestas LED automobilis, kuris \u012fsijungia va\u017eiuojant<br \/>\n \t&#8211; Spalvingi, skaidr\u016bs trasos elementai efektyviam \u017eaidimui<br \/>\n \t&#8211; Magnetin\u0117s, lengvai sujungiamos dalys leid\u017eia greitai surinkti<br \/>\n \t&#8211; Galimyb\u0117 statyti daugiapakop\u0119 konstrukcij\u0105 (tiltai, rampos, pos\u016bkiai)<br \/>\n \t&#8211; Lengvas surinkimas be \u012franki\u0173<br \/>\n \t&#8211; Maitinimo \u0161altinis: 1 x 1,5 V AA\u00a0(nepridedama)<\/p>\n<p>Komplekt\u0101 ietilpst:<\/p>\n<p> \t&#8211; Automobilis su LED \u017eibintais<br \/>\n \t&#8211; 46 takeli\u0173 atramos<br \/>\n \t&#8211; 11 b\u0117gi\u0173 element\u0173 jung\u010di\u0173<br \/>\n \t&#8211; 10 takelio element\u0173<br \/>\n \t&#8211; 4 dekoracij\u0173 stulpai<br \/>\n \t&#8211; 4 dekoracijos kelio \u017eenkl\u0173 ir v\u0117liav\u0117li\u0173 pavidalu<br \/>\n \t&#8211;\u00a0Kelio \u017eenkl\u0173 lipduk\u0173 rinkinys<\/p>\n<p>Rota\u013clieta att\u012bst\u0101s:<\/p>\n<p> \t&#8211;\u00a0\u00a0Vaizduot\u0117<br \/>\n \t&#8211; K\u016brybi\u0161kumas<br \/>\n \t\u2013 Motorisk\u0101s prasmes<br \/>\n \t\u2013 Lo\u0123ika<br \/>\n \t&#8211; Nepriklausomyb\u0117<\/p>","protected":false},"excerpt":{"rendered":"<p>WOOPIE magnetin\u0117 automobili\u0173 lenktyni\u0173 trasa + automobilis 76 vnt.<\/p>","protected":false},"featured_media":63932,"template":"","meta":{"_acf_changed":false,"_glsr_average":0,"_glsr_ranking":0,"_glsr_reviews":0},"product_brand":[],"product_cat":[448,229],"product_tag":[],"class_list":{"0":"post-68782","1":"product","2":"type-product","3":"status-publish","4":"has-post-thumbnail","6":"product_cat-automobiliai-ir-transportas","7":"product_cat-zaislai-vaikams","8":"\"style=\"background-color: #2ecc711c;\"","10":"first","11":"outofstock","12":"purchasable","13":"product-type-simple"},"acf":[],"yoast_head":"<!-- This site is optimized with the Yoast SEO plugin v27.4 - https:\/\/yoast.com\/product\/yoast-seo-wordpress\/ -->\n<title>WOOPIE magnetin\u0117 automobili\u0173 lenktyni\u0173 trasa + automobilis 76 vnt.<\/title>\n<meta name=\"description\" content=\"WOOPIE magnetin\u0117 automobili\u0173 lenktyni\u0173 trasa + automobilis 76 vnt.\" \/>\n<meta name=\"robots\" content=\"index, follow, max-snippet:-1, max-image-preview:large, max-video-preview:-1\" \/>\n<link rel=\"canonical\" href=\"https:\/\/kidsplay.lt\/lv\/products\/woopie-magnetine-automobiliu-lenktyniu-trasa-automobilis-76-vnt-2\/\" \/>\n<meta property=\"og:locale\" content=\"lv_LV\" \/>\n<meta property=\"og:type\" content=\"article\" \/>\n<meta property=\"og:title\" content=\"WOOPIE magnetin\u0117 automobili\u0173 lenktyni\u0173 trasa + automobilis 76 vnt.\" \/>\n<meta property=\"og:description\" content=\"WOOPIE magnetin\u0117 automobili\u0173 lenktyni\u0173 trasa + automobilis 76 vnt.\" \/>\n<meta property=\"og:url\" content=\"https:\/\/kidsplay.lt\/lv\/products\/woopie-magnetine-automobiliu-lenktyniu-trasa-automobilis-76-vnt-2\/\" \/>\n<meta property=\"og:site_name\" content=\"KidsPlay\" \/>\n<meta property=\"article:publisher\" content=\"https:\/\/www.facebook.com\/www.kidsplay.lt\" \/>\n<meta property=\"article:modified_time\" content=\"2026-03-30T16:40:48+00:00\" \/>\n<meta property=\"og:image\" content=\"https:\/\/kidsplay.lt\/wp-content\/uploads\/2025\/09\/WOOPIE-magnetine-automobiliu-lenktyniu-trasa-automobilis-76-vnt.jpg\" \/>\n\t<meta property=\"og:image:width\" content=\"1000\" \/>\n\t<meta property=\"og:image:height\" content=\"1000\" \/>\n\t<meta property=\"og:image:type\" content=\"image\/jpeg\" \/>\n<meta name=\"twitter:card\" content=\"summary_large_image\" \/>\n<meta name=\"twitter:label1\" content=\"Est. reading time\" \/>\n\t<meta name=\"twitter:data1\" content=\"1 min\u016bte\" \/>\n<script type=\"application\/ld+json\" class=\"yoast-schema-graph\">{\"@context\":\"https:\\\/\\\/schema.org\",\"@graph\":[{\"@type\":\"WebPage\",\"@id\":\"https:\\\/\\\/kidsplay.lt\\\/produktas\\\/woopie-magnetine-automobiliu-lenktyniu-trasa-automobilis-76-vnt-2\\\/\",\"url\":\"https:\\\/\\\/kidsplay.lt\\\/produktas\\\/woopie-magnetine-automobiliu-lenktyniu-trasa-automobilis-76-vnt-2\\\/\",\"name\":\"WOOPIE magnetin\u0117 automobili\u0173 lenktyni\u0173 trasa + automobilis 76 vnt.\",\"isPartOf\":{\"@id\":\"https:\\\/\\\/kidsplay.lt\\\/#website\"},\"primaryImageOfPage\":{\"@id\":\"https:\\\/\\\/kidsplay.lt\\\/produktas\\\/woopie-magnetine-automobiliu-lenktyniu-trasa-automobilis-76-vnt-2\\\/#primaryimage\"},\"image\":{\"@id\":\"https:\\\/\\\/kidsplay.lt\\\/produktas\\\/woopie-magnetine-automobiliu-lenktyniu-trasa-automobilis-76-vnt-2\\\/#primaryimage\"},\"thumbnailUrl\":\"https:\\\/\\\/kidsplay.lt\\\/wp-content\\\/uploads\\\/2025\\\/09\\\/WOOPIE-magnetine-automobiliu-lenktyniu-trasa-automobilis-76-vnt.jpg\",\"datePublished\":\"2025-10-02T10:11:55+00:00\",\"dateModified\":\"2026-03-30T16:40:48+00:00\",\"description\":\"WOOPIE magnetin\u0117 automobili\u0173 lenktyni\u0173 trasa + automobilis 76 vnt.\",\"breadcrumb\":{\"@id\":\"https:\\\/\\\/kidsplay.lt\\\/produktas\\\/woopie-magnetine-automobiliu-lenktyniu-trasa-automobilis-76-vnt-2\\\/#breadcrumb\"},\"inLanguage\":\"lv-LV\",\"potentialAction\":[{\"@type\":\"ReadAction\",\"target\":[\"https:\\\/\\\/kidsplay.lt\\\/produktas\\\/woopie-magnetine-automobiliu-lenktyniu-trasa-automobilis-76-vnt-2\\\/\"]}]},{\"@type\":\"ImageObject\",\"inLanguage\":\"lv-LV\",\"@id\":\"https:\\\/\\\/kidsplay.lt\\\/produktas\\\/woopie-magnetine-automobiliu-lenktyniu-trasa-automobilis-76-vnt-2\\\/#primaryimage\",\"url\":\"https:\\\/\\\/kidsplay.lt\\\/wp-content\\\/uploads\\\/2025\\\/09\\\/WOOPIE-magnetine-automobiliu-lenktyniu-trasa-automobilis-76-vnt.jpg\",\"contentUrl\":\"https:\\\/\\\/kidsplay.lt\\\/wp-content\\\/uploads\\\/2025\\\/09\\\/WOOPIE-magnetine-automobiliu-lenktyniu-trasa-automobilis-76-vnt.jpg\",\"width\":1000,\"height\":1000,\"caption\":\"WOOPIE magnetin\u0117 automobili\u0173 lenktyni\u0173 trasa + automobilis 76 vnt.\"},{\"@type\":\"BreadcrumbList\",\"@id\":\"https:\\\/\\\/kidsplay.lt\\\/produktas\\\/woopie-magnetine-automobiliu-lenktyniu-trasa-automobilis-76-vnt-2\\\/#breadcrumb\",\"itemListElement\":[{\"@type\":\"ListItem\",\"position\":1,\"name\":\"Pagrindinis\",\"item\":\"https:\\\/\\\/kidsplay.lt\\\/\"},{\"@type\":\"ListItem\",\"position\":2,\"name\":\"Parduotuv\u0117\",\"item\":\"https:\\\/\\\/kidsplay.lt\\\/parduotuve\\\/\"},{\"@type\":\"ListItem\",\"position\":3,\"name\":\"WOOPIE magnetin\u0117 automobili\u0173 lenktyni\u0173 trasa + automobilis 76 vnt.\"}]},{\"@type\":\"WebSite\",\"@id\":\"https:\\\/\\\/kidsplay.lt\\\/#website\",\"url\":\"https:\\\/\\\/kidsplay.lt\\\/\",\"name\":\"Kidsplay.lt\",\"description\":\"\u012evairios prek\u0117s vaikams\",\"publisher\":{\"@id\":\"https:\\\/\\\/kidsplay.lt\\\/#organization\"},\"alternateName\":\"Kidsplay\",\"potentialAction\":[{\"@type\":\"SearchAction\",\"target\":{\"@type\":\"EntryPoint\",\"urlTemplate\":\"https:\\\/\\\/kidsplay.lt\\\/?s={search_term_string}\"},\"query-input\":{\"@type\":\"PropertyValueSpecification\",\"valueRequired\":true,\"valueName\":\"search_term_string\"}}],\"inLanguage\":\"lv-LV\"},{\"@type\":\"Organization\",\"@id\":\"https:\\\/\\\/kidsplay.lt\\\/#organization\",\"name\":\"KidsPlay\",\"url\":\"https:\\\/\\\/kidsplay.lt\\\/\",\"logo\":{\"@type\":\"ImageObject\",\"inLanguage\":\"lv-LV\",\"@id\":\"https:\\\/\\\/kidsplay.lt\\\/#\\\/schema\\\/logo\\\/image\\\/\",\"url\":\"https:\\\/\\\/kidsplay.lt\\\/wp-content\\\/uploads\\\/2023\\\/07\\\/kidsplay-logo.png\",\"contentUrl\":\"https:\\\/\\\/kidsplay.lt\\\/wp-content\\\/uploads\\\/2023\\\/07\\\/kidsplay-logo.png\",\"width\":451,\"height\":98,\"caption\":\"KidsPlay\"},\"image\":{\"@id\":\"https:\\\/\\\/kidsplay.lt\\\/#\\\/schema\\\/logo\\\/image\\\/\"},\"sameAs\":[\"https:\\\/\\\/www.facebook.com\\\/www.kidsplay.lt\"]}]}<\/script>\n<!-- \/ Yoast SEO plugin. -->","yoast_head_json":{"title":"WOOPIE magnetin\u0117 automobili\u0173 lenktyni\u0173 trasa + automobilis 76 vnt.","description":"WOOPIE magnetin\u0117 automobili\u0173 lenktyni\u0173 trasa + automobilis 76 vnt.","robots":{"index":"index","follow":"follow","max-snippet":"max-snippet:-1","max-image-preview":"max-image-preview:large","max-video-preview":"max-video-preview:-1"},"canonical":"https:\/\/kidsplay.lt\/lv\/products\/woopie-magnetine-automobiliu-lenktyniu-trasa-automobilis-76-vnt-2\/","og_locale":"lv_LV","og_type":"article","og_title":"WOOPIE magnetin\u0117 automobili\u0173 lenktyni\u0173 trasa + automobilis 76 vnt.","og_description":"WOOPIE magnetin\u0117 automobili\u0173 lenktyni\u0173 trasa + automobilis 76 vnt.","og_url":"https:\/\/kidsplay.lt\/lv\/products\/woopie-magnetine-automobiliu-lenktyniu-trasa-automobilis-76-vnt-2\/","og_site_name":"KidsPlay","article_publisher":"https:\/\/www.facebook.com\/www.kidsplay.lt","article_modified_time":"2026-03-30T16:40:48+00:00","og_image":[{"width":1000,"height":1000,"url":"https:\/\/kidsplay.lt\/wp-content\/uploads\/2025\/09\/WOOPIE-magnetine-automobiliu-lenktyniu-trasa-automobilis-76-vnt.jpg","type":"image\/jpeg"}],"twitter_card":"summary_large_image","twitter_misc":{"Est. reading time":"1 min\u016bte"},"schema":{"@context":"https:\/\/schema.org","@graph":[{"@type":"WebPage","@id":"https:\/\/kidsplay.lt\/produktas\/woopie-magnetine-automobiliu-lenktyniu-trasa-automobilis-76-vnt-2\/","url":"https:\/\/kidsplay.lt\/produktas\/woopie-magnetine-automobiliu-lenktyniu-trasa-automobilis-76-vnt-2\/","name":"WOOPIE magnetin\u0117 automobili\u0173 lenktyni\u0173 trasa + automobilis 76 vnt.","isPartOf":{"@id":"https:\/\/kidsplay.lt\/#website"},"primaryImageOfPage":{"@id":"https:\/\/kidsplay.lt\/produktas\/woopie-magnetine-automobiliu-lenktyniu-trasa-automobilis-76-vnt-2\/#primaryimage"},"image":{"@id":"https:\/\/kidsplay.lt\/produktas\/woopie-magnetine-automobiliu-lenktyniu-trasa-automobilis-76-vnt-2\/#primaryimage"},"thumbnailUrl":"https:\/\/kidsplay.lt\/wp-content\/uploads\/2025\/09\/WOOPIE-magnetine-automobiliu-lenktyniu-trasa-automobilis-76-vnt.jpg","datePublished":"2025-10-02T10:11:55+00:00","dateModified":"2026-03-30T16:40:48+00:00","description":"WOOPIE magnetin\u0117 automobili\u0173 lenktyni\u0173 trasa + automobilis 76 vnt.","breadcrumb":{"@id":"https:\/\/kidsplay.lt\/produktas\/woopie-magnetine-automobiliu-lenktyniu-trasa-automobilis-76-vnt-2\/#breadcrumb"},"inLanguage":"lv-LV","potentialAction":[{"@type":"ReadAction","target":["https:\/\/kidsplay.lt\/produktas\/woopie-magnetine-automobiliu-lenktyniu-trasa-automobilis-76-vnt-2\/"]}]},{"@type":"ImageObject","inLanguage":"lv-LV","@id":"https:\/\/kidsplay.lt\/produktas\/woopie-magnetine-automobiliu-lenktyniu-trasa-automobilis-76-vnt-2\/#primaryimage","url":"https:\/\/kidsplay.lt\/wp-content\/uploads\/2025\/09\/WOOPIE-magnetine-automobiliu-lenktyniu-trasa-automobilis-76-vnt.jpg","contentUrl":"https:\/\/kidsplay.lt\/wp-content\/uploads\/2025\/09\/WOOPIE-magnetine-automobiliu-lenktyniu-trasa-automobilis-76-vnt.jpg","width":1000,"height":1000,"caption":"WOOPIE magnetin\u0117 automobili\u0173 lenktyni\u0173 trasa + automobilis 76 vnt."},{"@type":"BreadcrumbList","@id":"https:\/\/kidsplay.lt\/produktas\/woopie-magnetine-automobiliu-lenktyniu-trasa-automobilis-76-vnt-2\/#breadcrumb","itemListElement":[{"@type":"ListItem","position":1,"name":"Pagrindinis","item":"https:\/\/kidsplay.lt\/"},{"@type":"ListItem","position":2,"name":"Parduotuv\u0117","item":"https:\/\/kidsplay.lt\/parduotuve\/"},{"@type":"ListItem","position":3,"name":"WOOPIE magnetin\u0117 automobili\u0173 lenktyni\u0173 trasa + automobilis 76 vnt."}]},{"@type":"WebSite","@id":"https:\/\/kidsplay.lt\/#website","url":"https:\/\/kidsplay.lt\/","name":"B\u0113rnu sp\u0113les.lv","description":"\u012evairios prek\u0117s vaikams","publisher":{"@id":"https:\/\/kidsplay.lt\/#organization"},"alternateName":"Kidsplay","potentialAction":[{"@type":"SearchAction","target":{"@type":"EntryPoint","urlTemplate":"https:\/\/kidsplay.lt\/?s={search_term_string}"},"query-input":{"@type":"PropertyValueSpecification","valueRequired":true,"valueName":"search_term_string"}}],"inLanguage":"lv-LV"},{"@type":"Organization","@id":"https:\/\/kidsplay.lt\/#organization","name":"B\u0113rnu sp\u0113le","url":"https:\/\/kidsplay.lt\/","logo":{"@type":"ImageObject","inLanguage":"lv-LV","@id":"https:\/\/kidsplay.lt\/#\/schema\/logo\/image\/","url":"https:\/\/kidsplay.lt\/wp-content\/uploads\/2023\/07\/kidsplay-logo.png","contentUrl":"https:\/\/kidsplay.lt\/wp-content\/uploads\/2023\/07\/kidsplay-logo.png","width":451,"height":98,"caption":"KidsPlay"},"image":{"@id":"https:\/\/kidsplay.lt\/#\/schema\/logo\/image\/"},"sameAs":["https:\/\/www.facebook.com\/www.kidsplay.lt"]}]}},"_links":{"self":[{"href":"https:\/\/kidsplay.lt\/lv\/wp-json\/wp\/v2\/product\/68782","targetHints":{"allow":["GET"]}}],"collection":[{"href":"https:\/\/kidsplay.lt\/lv\/wp-json\/wp\/v2\/product"}],"about":[{"href":"https:\/\/kidsplay.lt\/lv\/wp-json\/wp\/v2\/types\/product"}],"version-history":[{"count":2,"href":"https:\/\/kidsplay.lt\/lv\/wp-json\/wp\/v2\/product\/68782\/revisions"}],"predecessor-version":[{"id":73719,"href":"https:\/\/kidsplay.lt\/lv\/wp-json\/wp\/v2\/product\/68782\/revisions\/73719"}],"wp:featuredmedia":[{"embeddable":true,"href":"https:\/\/kidsplay.lt\/lv\/wp-json\/wp\/v2\/media\/63932"}],"wp:attachment":[{"href":"https:\/\/kidsplay.lt\/lv\/wp-json\/wp\/v2\/media?parent=68782"}],"wp:term":[{"taxonomy":"product_brand","embeddable":true,"href":"https:\/\/kidsplay.lt\/lv\/wp-json\/wp\/v2\/product_brand?post=68782"},{"taxonomy":"product_cat","embeddable":true,"href":"https:\/\/kidsplay.lt\/lv\/wp-json\/wp\/v2\/product_cat?post=68782"},{"taxonomy":"product_tag","embeddable":true,"href":"https:\/\/kidsplay.lt\/lv\/wp-json\/wp\/v2\/product_tag?post=68782"}],"curies":[{"name":"wp","href":"https:\/\/api.w.org\/{rel}","templated":true}]}}