{"id":68784,"date":"2025-10-02T13:12:00","date_gmt":"2025-10-02T10:12:00","guid":{"rendered":"https:\/\/kidsplay.lt\/produktas\/woopie-elektroniniu-bugnu-rinkinys-2\/"},"modified":"2026-03-15T08:01:32","modified_gmt":"2026-03-15T06:01:32","slug":"woopie-elektroniniu-bugnu-rinkinys-2","status":"publish","type":"product","link":"https:\/\/kidsplay.lt\/lv\/products\/woopie-elektroniniu-bugnu-rinkinys-2\/","title":{"rendered":"WOOPIE elektronini\u0173 b\u016bgn\u0173 rinkinys"},"content":{"rendered":"<p>Leiskite savo vaikui atrasti muzikavimo d\u017eiaugsm\u0105! \u0160is\u00a0\u00a0interaktyvus\u00a0\u201eWoopie\u201c\u00a0b\u016bgn\u0173 komplektas\u00a0buvo sukurtas galvojant apie jauniausius muzikantus \u2013 jis\u00a0saugus, patvarus ir kupinas funkcij\u0173\u00a0, kurios\u00a0\u017eadina k\u016brybi\u0161kum\u0105 ir skatina vystym\u0105si\u00a0. Tai ne tik \u017eaislas \u2013 tai interaktyvi priemon\u0117\u00a0muzikiniam talentui, koordinacijai ir vaizduotei lavinti\u00a0. \u0160is vaiki\u0161kas b\u016bgn\u0173 komplektas pagamintas i\u0161\u00a0lengvo plastiko\u00a0, tod\u0117l apvirt\u0119s nesukels joki\u0173 su\u017ealojim\u0173, o j\u012f lengva valyti nuvalant dr\u0117gnu skudur\u0117liu, kai reikia.\u00a0\u00a0Ry\u0161kios spalvos ir saugios med\u017eiagos\u00a0\u00a0rei\u0161kia, kad vaikai pam\u0117gs groti nuo pat pirmojo ritmo. Tai puikus \u017eaislas prad\u0117ti j\u016bs\u0173 vaiko muzikin\u0119 kelion\u0119!<\/p>\n<p>Rakstur\u012bgs:<\/p>\n<p> \t&#8211;\u00a0\u017daislas vaikams\u00a0nuo 3 met\u0173 am\u017eiaus<br \/>\n \t&#8211;\u00a0\u00a0Saugios ir sertifikuotos med\u017eiagos\u00a0\u2013 suapvalinti kra\u0161tai, netoksi\u0161kas plastikas<br \/>\n \t&#8211;\u00a0\u00a0Realisti\u0161ka i\u0161vaizda\u00a0\u2013 kaip tikras b\u016bgn\u0173 komplektas, bet vaiki\u0161ka versija<br \/>\n \t&#8211;\u00a0\u00a0Patvari ir stabili konstrukcija,\u00a0tinkama intensyviam \u017eaidimui<br \/>\n \t&#8211; \u0160viesos ir garso efektai<br \/>\n \t&#8211; \u012e komplekt\u0105 \u012feina i\u0161maniojo telefono \/ plan\u0161etinio kompiuterio laikiklis<br \/>\n \t&#8211;\u00a0\u00a0Kompakti\u0161ki matmenys<br \/>\n \t&#8211;\u00a0Maitinimas: 3x AA baterijos (nepridedamos)<\/p>\n<p>\u012e rinkin\u012f \u012feina\u00a0:<\/p>\n<p> \t&#8211; 1x centrinis b\u016bgnas\u00a0<br \/>\n \t&#8211; 1 l\u0117k\u0161t\u0117\u00a0<br \/>\n \t&#8211; 3x vidutinio dyd\u017eio b\u016bgnai<br \/>\n \t&#8211;\u00a0\u00a01x ma\u017eas b\u016bgnelis<br \/>\n \t&#8211;\u00a0\u00a02 b\u016bgn\u0173 lazdel\u0117s<br \/>\n \t&#8211;\u00a0\u00a01x cimbolo stovas<br \/>\n \t&#8211;\u00a0\u00a01x trikojo \/ telefono \/ plan\u0161etinio kompiuterio laikiklis<br \/>\n \t&#8211; 6 edukacin\u0117s\/muzikin\u0117s kortel\u0117s\u00a0<\/p>\n<p>Rinkinys vystosi:<\/p>\n<p> \t&#8211; Motorin\u0117 koordinacija ir motoriniai \u012fg\u016bd\u017eiai\u00a0\u2013 rank\u0173 ir koj\u0173 darbas vienu metu<br \/>\n \t&#8211; K\u016brybi\u0161kumas ir vaizduot\u0117\u00a0\u2013 savo ritm\u0173 ir melodij\u0173 k\u016brimas<br \/>\n \t&#8211; Susikaupimas ir kantryb\u0117\u00a0\u2013 pratimai su kortomis padeda i\u0161mokti sek\u0105<br \/>\n \t&#8211; Pasitik\u0117jimas savimi\u00a0\u2013 vaikas atlieka savo darb\u0105, kuria ir prisistato kitiems<br \/>\n \t&#8211; T\u0117v\u0173 ir vaik\u0173 santykiai\u00a0\u2013 muzikavimas kartu suartina \u017emones ir teikia daug d\u017eiaugsmo<\/p>","protected":false},"excerpt":{"rendered":"<p>WOOPIE elektronini\u0173 b\u016bgn\u0173 rinkinys<\/p>","protected":false},"featured_media":61708,"template":"","meta":{"_acf_changed":false,"_glsr_average":0,"_glsr_ranking":0,"_glsr_reviews":0},"product_brand":[],"product_cat":[449,229],"product_tag":[],"class_list":{"0":"post-68784","1":"product","2":"type-product","3":"status-publish","4":"has-post-thumbnail","6":"product_cat-muzikiniai","7":"product_cat-zaislai-vaikams","8":"\"style=\"background-color: #2ecc711c;\"","10":"first","11":"outofstock","12":"sale","13":"purchasable","14":"product-type-simple"},"acf":[],"yoast_head":"<!-- This site is optimized with the Yoast SEO plugin v27.4 - https:\/\/yoast.com\/product\/yoast-seo-wordpress\/ -->\n<title>WOOPIE elektronini\u0173 b\u016bgn\u0173 rinkinys<\/title>\n<meta name=\"description\" content=\"WOOPIE elektronini\u0173 b\u016bgn\u0173 rinkinys\" \/>\n<meta name=\"robots\" content=\"index, follow, max-snippet:-1, max-image-preview:large, max-video-preview:-1\" \/>\n<link rel=\"canonical\" href=\"https:\/\/kidsplay.lt\/lv\/products\/woopie-elektroniniu-bugnu-rinkinys-2\/\" \/>\n<meta property=\"og:locale\" content=\"lv_LV\" \/>\n<meta property=\"og:type\" content=\"article\" \/>\n<meta property=\"og:title\" content=\"WOOPIE elektronini\u0173 b\u016bgn\u0173 rinkinys\" \/>\n<meta property=\"og:description\" content=\"WOOPIE elektronini\u0173 b\u016bgn\u0173 rinkinys\" \/>\n<meta property=\"og:url\" content=\"https:\/\/kidsplay.lt\/lv\/products\/woopie-elektroniniu-bugnu-rinkinys-2\/\" \/>\n<meta property=\"og:site_name\" content=\"KidsPlay\" \/>\n<meta property=\"article:publisher\" content=\"https:\/\/www.facebook.com\/www.kidsplay.lt\" \/>\n<meta property=\"article:modified_time\" content=\"2026-03-15T06:01:32+00:00\" \/>\n<meta property=\"og:image\" content=\"https:\/\/kidsplay.lt\/wp-content\/uploads\/2025\/09\/WOOPIE-elektroniniu-bugnu-rinkinys.jpg\" \/>\n\t<meta property=\"og:image:width\" content=\"1000\" \/>\n\t<meta property=\"og:image:height\" content=\"1000\" \/>\n\t<meta property=\"og:image:type\" content=\"image\/jpeg\" \/>\n<meta name=\"twitter:card\" content=\"summary_large_image\" \/>\n<meta name=\"twitter:label1\" content=\"Est. reading time\" \/>\n\t<meta name=\"twitter:data1\" content=\"1 min\u016bte\" \/>\n<script type=\"application\/ld+json\" class=\"yoast-schema-graph\">{\"@context\":\"https:\\\/\\\/schema.org\",\"@graph\":[{\"@type\":\"WebPage\",\"@id\":\"https:\\\/\\\/kidsplay.lt\\\/produktas\\\/woopie-elektroniniu-bugnu-rinkinys-2\\\/\",\"url\":\"https:\\\/\\\/kidsplay.lt\\\/produktas\\\/woopie-elektroniniu-bugnu-rinkinys-2\\\/\",\"name\":\"WOOPIE elektronini\u0173 b\u016bgn\u0173 rinkinys\",\"isPartOf\":{\"@id\":\"https:\\\/\\\/kidsplay.lt\\\/#website\"},\"primaryImageOfPage\":{\"@id\":\"https:\\\/\\\/kidsplay.lt\\\/produktas\\\/woopie-elektroniniu-bugnu-rinkinys-2\\\/#primaryimage\"},\"image\":{\"@id\":\"https:\\\/\\\/kidsplay.lt\\\/produktas\\\/woopie-elektroniniu-bugnu-rinkinys-2\\\/#primaryimage\"},\"thumbnailUrl\":\"https:\\\/\\\/kidsplay.lt\\\/wp-content\\\/uploads\\\/2025\\\/09\\\/WOOPIE-elektroniniu-bugnu-rinkinys.jpg\",\"datePublished\":\"2025-10-02T10:12:00+00:00\",\"dateModified\":\"2026-03-15T06:01:32+00:00\",\"description\":\"WOOPIE elektronini\u0173 b\u016bgn\u0173 rinkinys\",\"breadcrumb\":{\"@id\":\"https:\\\/\\\/kidsplay.lt\\\/produktas\\\/woopie-elektroniniu-bugnu-rinkinys-2\\\/#breadcrumb\"},\"inLanguage\":\"lv-LV\",\"potentialAction\":[{\"@type\":\"ReadAction\",\"target\":[\"https:\\\/\\\/kidsplay.lt\\\/produktas\\\/woopie-elektroniniu-bugnu-rinkinys-2\\\/\"]}]},{\"@type\":\"ImageObject\",\"inLanguage\":\"lv-LV\",\"@id\":\"https:\\\/\\\/kidsplay.lt\\\/produktas\\\/woopie-elektroniniu-bugnu-rinkinys-2\\\/#primaryimage\",\"url\":\"https:\\\/\\\/kidsplay.lt\\\/wp-content\\\/uploads\\\/2025\\\/09\\\/WOOPIE-elektroniniu-bugnu-rinkinys.jpg\",\"contentUrl\":\"https:\\\/\\\/kidsplay.lt\\\/wp-content\\\/uploads\\\/2025\\\/09\\\/WOOPIE-elektroniniu-bugnu-rinkinys.jpg\",\"width\":1000,\"height\":1000,\"caption\":\"WOOPIE elektronini\u0173 b\u016bgn\u0173 rinkinys\"},{\"@type\":\"BreadcrumbList\",\"@id\":\"https:\\\/\\\/kidsplay.lt\\\/produktas\\\/woopie-elektroniniu-bugnu-rinkinys-2\\\/#breadcrumb\",\"itemListElement\":[{\"@type\":\"ListItem\",\"position\":1,\"name\":\"Pagrindinis\",\"item\":\"https:\\\/\\\/kidsplay.lt\\\/\"},{\"@type\":\"ListItem\",\"position\":2,\"name\":\"Parduotuv\u0117\",\"item\":\"https:\\\/\\\/kidsplay.lt\\\/parduotuve\\\/\"},{\"@type\":\"ListItem\",\"position\":3,\"name\":\"WOOPIE elektronini\u0173 b\u016bgn\u0173 rinkinys\"}]},{\"@type\":\"WebSite\",\"@id\":\"https:\\\/\\\/kidsplay.lt\\\/#website\",\"url\":\"https:\\\/\\\/kidsplay.lt\\\/\",\"name\":\"Kidsplay.lt\",\"description\":\"\u012evairios prek\u0117s vaikams\",\"publisher\":{\"@id\":\"https:\\\/\\\/kidsplay.lt\\\/#organization\"},\"alternateName\":\"Kidsplay\",\"potentialAction\":[{\"@type\":\"SearchAction\",\"target\":{\"@type\":\"EntryPoint\",\"urlTemplate\":\"https:\\\/\\\/kidsplay.lt\\\/?s={search_term_string}\"},\"query-input\":{\"@type\":\"PropertyValueSpecification\",\"valueRequired\":true,\"valueName\":\"search_term_string\"}}],\"inLanguage\":\"lv-LV\"},{\"@type\":\"Organization\",\"@id\":\"https:\\\/\\\/kidsplay.lt\\\/#organization\",\"name\":\"KidsPlay\",\"url\":\"https:\\\/\\\/kidsplay.lt\\\/\",\"logo\":{\"@type\":\"ImageObject\",\"inLanguage\":\"lv-LV\",\"@id\":\"https:\\\/\\\/kidsplay.lt\\\/#\\\/schema\\\/logo\\\/image\\\/\",\"url\":\"https:\\\/\\\/kidsplay.lt\\\/wp-content\\\/uploads\\\/2023\\\/07\\\/kidsplay-logo.png\",\"contentUrl\":\"https:\\\/\\\/kidsplay.lt\\\/wp-content\\\/uploads\\\/2023\\\/07\\\/kidsplay-logo.png\",\"width\":451,\"height\":98,\"caption\":\"KidsPlay\"},\"image\":{\"@id\":\"https:\\\/\\\/kidsplay.lt\\\/#\\\/schema\\\/logo\\\/image\\\/\"},\"sameAs\":[\"https:\\\/\\\/www.facebook.com\\\/www.kidsplay.lt\"]}]}<\/script>\n<!-- \/ Yoast SEO plugin. -->","yoast_head_json":{"title":"WOOPIE elektronini\u0173 b\u016bgn\u0173 rinkinys","description":"WOOPIE elektronini\u0173 b\u016bgn\u0173 rinkinys","robots":{"index":"index","follow":"follow","max-snippet":"max-snippet:-1","max-image-preview":"max-image-preview:large","max-video-preview":"max-video-preview:-1"},"canonical":"https:\/\/kidsplay.lt\/lv\/products\/woopie-elektroniniu-bugnu-rinkinys-2\/","og_locale":"lv_LV","og_type":"article","og_title":"WOOPIE elektronini\u0173 b\u016bgn\u0173 rinkinys","og_description":"WOOPIE elektronini\u0173 b\u016bgn\u0173 rinkinys","og_url":"https:\/\/kidsplay.lt\/lv\/products\/woopie-elektroniniu-bugnu-rinkinys-2\/","og_site_name":"KidsPlay","article_publisher":"https:\/\/www.facebook.com\/www.kidsplay.lt","article_modified_time":"2026-03-15T06:01:32+00:00","og_image":[{"width":1000,"height":1000,"url":"https:\/\/kidsplay.lt\/wp-content\/uploads\/2025\/09\/WOOPIE-elektroniniu-bugnu-rinkinys.jpg","type":"image\/jpeg"}],"twitter_card":"summary_large_image","twitter_misc":{"Est. reading time":"1 min\u016bte"},"schema":{"@context":"https:\/\/schema.org","@graph":[{"@type":"WebPage","@id":"https:\/\/kidsplay.lt\/produktas\/woopie-elektroniniu-bugnu-rinkinys-2\/","url":"https:\/\/kidsplay.lt\/produktas\/woopie-elektroniniu-bugnu-rinkinys-2\/","name":"WOOPIE elektronini\u0173 b\u016bgn\u0173 rinkinys","isPartOf":{"@id":"https:\/\/kidsplay.lt\/#website"},"primaryImageOfPage":{"@id":"https:\/\/kidsplay.lt\/produktas\/woopie-elektroniniu-bugnu-rinkinys-2\/#primaryimage"},"image":{"@id":"https:\/\/kidsplay.lt\/produktas\/woopie-elektroniniu-bugnu-rinkinys-2\/#primaryimage"},"thumbnailUrl":"https:\/\/kidsplay.lt\/wp-content\/uploads\/2025\/09\/WOOPIE-elektroniniu-bugnu-rinkinys.jpg","datePublished":"2025-10-02T10:12:00+00:00","dateModified":"2026-03-15T06:01:32+00:00","description":"WOOPIE elektronini\u0173 b\u016bgn\u0173 rinkinys","breadcrumb":{"@id":"https:\/\/kidsplay.lt\/produktas\/woopie-elektroniniu-bugnu-rinkinys-2\/#breadcrumb"},"inLanguage":"lv-LV","potentialAction":[{"@type":"ReadAction","target":["https:\/\/kidsplay.lt\/produktas\/woopie-elektroniniu-bugnu-rinkinys-2\/"]}]},{"@type":"ImageObject","inLanguage":"lv-LV","@id":"https:\/\/kidsplay.lt\/produktas\/woopie-elektroniniu-bugnu-rinkinys-2\/#primaryimage","url":"https:\/\/kidsplay.lt\/wp-content\/uploads\/2025\/09\/WOOPIE-elektroniniu-bugnu-rinkinys.jpg","contentUrl":"https:\/\/kidsplay.lt\/wp-content\/uploads\/2025\/09\/WOOPIE-elektroniniu-bugnu-rinkinys.jpg","width":1000,"height":1000,"caption":"WOOPIE elektronini\u0173 b\u016bgn\u0173 rinkinys"},{"@type":"BreadcrumbList","@id":"https:\/\/kidsplay.lt\/produktas\/woopie-elektroniniu-bugnu-rinkinys-2\/#breadcrumb","itemListElement":[{"@type":"ListItem","position":1,"name":"Pagrindinis","item":"https:\/\/kidsplay.lt\/"},{"@type":"ListItem","position":2,"name":"Parduotuv\u0117","item":"https:\/\/kidsplay.lt\/parduotuve\/"},{"@type":"ListItem","position":3,"name":"WOOPIE elektronini\u0173 b\u016bgn\u0173 rinkinys"}]},{"@type":"WebSite","@id":"https:\/\/kidsplay.lt\/#website","url":"https:\/\/kidsplay.lt\/","name":"B\u0113rnu sp\u0113les.lv","description":"\u012evairios prek\u0117s vaikams","publisher":{"@id":"https:\/\/kidsplay.lt\/#organization"},"alternateName":"Kidsplay","potentialAction":[{"@type":"SearchAction","target":{"@type":"EntryPoint","urlTemplate":"https:\/\/kidsplay.lt\/?s={search_term_string}"},"query-input":{"@type":"PropertyValueSpecification","valueRequired":true,"valueName":"search_term_string"}}],"inLanguage":"lv-LV"},{"@type":"Organization","@id":"https:\/\/kidsplay.lt\/#organization","name":"B\u0113rnu sp\u0113le","url":"https:\/\/kidsplay.lt\/","logo":{"@type":"ImageObject","inLanguage":"lv-LV","@id":"https:\/\/kidsplay.lt\/#\/schema\/logo\/image\/","url":"https:\/\/kidsplay.lt\/wp-content\/uploads\/2023\/07\/kidsplay-logo.png","contentUrl":"https:\/\/kidsplay.lt\/wp-content\/uploads\/2023\/07\/kidsplay-logo.png","width":451,"height":98,"caption":"KidsPlay"},"image":{"@id":"https:\/\/kidsplay.lt\/#\/schema\/logo\/image\/"},"sameAs":["https:\/\/www.facebook.com\/www.kidsplay.lt"]}]}},"_links":{"self":[{"href":"https:\/\/kidsplay.lt\/lv\/wp-json\/wp\/v2\/product\/68784","targetHints":{"allow":["GET"]}}],"collection":[{"href":"https:\/\/kidsplay.lt\/lv\/wp-json\/wp\/v2\/product"}],"about":[{"href":"https:\/\/kidsplay.lt\/lv\/wp-json\/wp\/v2\/types\/product"}],"version-history":[{"count":2,"href":"https:\/\/kidsplay.lt\/lv\/wp-json\/wp\/v2\/product\/68784\/revisions"}],"predecessor-version":[{"id":73718,"href":"https:\/\/kidsplay.lt\/lv\/wp-json\/wp\/v2\/product\/68784\/revisions\/73718"}],"wp:featuredmedia":[{"embeddable":true,"href":"https:\/\/kidsplay.lt\/lv\/wp-json\/wp\/v2\/media\/61708"}],"wp:attachment":[{"href":"https:\/\/kidsplay.lt\/lv\/wp-json\/wp\/v2\/media?parent=68784"}],"wp:term":[{"taxonomy":"product_brand","embeddable":true,"href":"https:\/\/kidsplay.lt\/lv\/wp-json\/wp\/v2\/product_brand?post=68784"},{"taxonomy":"product_cat","embeddable":true,"href":"https:\/\/kidsplay.lt\/lv\/wp-json\/wp\/v2\/product_cat?post=68784"},{"taxonomy":"product_tag","embeddable":true,"href":"https:\/\/kidsplay.lt\/lv\/wp-json\/wp\/v2\/product_tag?post=68784"}],"curies":[{"name":"wp","href":"https:\/\/api.w.org\/{rel}","templated":true}]}}