{"id":69298,"date":"2025-10-02T13:12:57","date_gmt":"2025-10-02T10:12:57","guid":{"rendered":"https:\/\/kidsplay.lt\/produktas\/feber-interaktyvus-supamasis-arkliukas-2in1-begiojantis-ir-jojantis-2\/"},"modified":"2026-04-07T10:17:22","modified_gmt":"2026-04-07T07:17:22","slug":"feber-interaktyvus-supamasis-arkliukas-2in1-begiojantis-ir-jojantis-2","status":"publish","type":"product","link":"https:\/\/kidsplay.lt\/lv\/products\/feber-interaktyvus-supamasis-arkliukas-2in1-begiojantis-ir-jojantis-2\/","title":{"rendered":"FEBER interaktyvus supamasis arkliukas 2in1 \u2013 b\u0117giojantis ir jojantis"},"content":{"rendered":"<p>Atraskite\u00a0FEBER\u00a0\u00a02\u00a0viename va\u017eiuojam\u0105j\u012f arkliuk\u0105\u00a0\u2013 \u017eaving\u0105\u00a0arkliuk\u0105\u00a0, kuris auga kartu su j\u016bs\u0173 vaiku! Tai supamoji k\u0117dut\u0117 ir jojimo k\u0117dut\u0117 viename, suteiksianti valand\u0173 valandas pramog\u0173.\u00a0Stabili konstrukcija\u00a0ir\u00a0garso efektai\u00a0kiekvien\u0105 akimirk\u0105 pavers d\u017eiaugsminga. \u0160is \u017eaislas padeda j\u016bs\u0173 ma\u017eyliui lavinti psichomotorinius \u012fg\u016bd\u017eius ir smagiai leisti laik\u0105 \u017eaid\u017eiant.<\/p>\n<p>Raksturojums:<\/p>\n<p> \t&#8211;\u00a0Vaikams\u00a0nuo 12 m\u0117nesi\u0173\u00a0am\u017eiaus<br \/>\n \t&#8211; 2 viename\u00a0&#8211; lengvai transformuojasi i\u0161 supamojo arkliuko \u012f jodin\u0117jimo arkl\u012f<br \/>\n \t&#8211;\u00a0Saugi ir stabili konstrukcija \u2013 platus pagrindas ir dideli ratai<br \/>\n \t&#8211; Garso efektai<br \/>\n \t&#8211;\u00a0Gerina motorin\u0119 koordinacij\u0105 ir klausos \u012fg\u016bd\u017eius<\/p>","protected":false},"excerpt":{"rendered":"<p>FEBER interaktyvus supamasis arkliukas 2in1 \u2013 b\u0117giojantis ir jojantis<\/p>","protected":false},"featured_media":63939,"template":"","meta":{"_acf_changed":false,"_glsr_average":0,"_glsr_ranking":0,"_glsr_reviews":0},"product_brand":[],"product_cat":[304,229],"product_tag":[],"class_list":{"0":"post-69298","1":"product","2":"type-product","3":"status-publish","4":"has-post-thumbnail","6":"product_cat-supami-zaislai","7":"product_cat-zaislai-vaikams","8":"\"style=\"background-color: #2ecc711c;\"","10":"first","11":"instock","12":"purchasable","13":"product-type-simple"},"acf":[],"yoast_head":"<!-- This site is optimized with the Yoast SEO plugin v27.3 - https:\/\/yoast.com\/product\/yoast-seo-wordpress\/ -->\n<title>FEBER interaktyvus supamasis arkliukas 2in1 \u2013 b\u0117giojantis ir jojantis<\/title>\n<meta name=\"description\" content=\"FEBER interaktyvus supamasis arkliukas 2in1 \u2013 b\u0117giojantis ir jojantis\" \/>\n<meta name=\"robots\" content=\"index, follow, max-snippet:-1, max-image-preview:large, max-video-preview:-1\" \/>\n<link rel=\"canonical\" href=\"https:\/\/kidsplay.lt\/lv\/products\/feber-interaktyvus-supamasis-arkliukas-2in1-begiojantis-ir-jojantis-2\/\" \/>\n<meta property=\"og:locale\" content=\"lv_LV\" \/>\n<meta property=\"og:type\" content=\"article\" \/>\n<meta property=\"og:title\" content=\"FEBER interaktyvus supamasis arkliukas 2in1 \u2013 b\u0117giojantis ir jojantis\" \/>\n<meta property=\"og:description\" content=\"FEBER interaktyvus supamasis arkliukas 2in1 \u2013 b\u0117giojantis ir jojantis\" \/>\n<meta property=\"og:url\" content=\"https:\/\/kidsplay.lt\/lv\/products\/feber-interaktyvus-supamasis-arkliukas-2in1-begiojantis-ir-jojantis-2\/\" \/>\n<meta property=\"og:site_name\" content=\"KidsPlay\" \/>\n<meta property=\"article:publisher\" content=\"https:\/\/www.facebook.com\/www.kidsplay.lt\" \/>\n<meta property=\"article:modified_time\" content=\"2026-04-07T07:17:22+00:00\" \/>\n<meta property=\"og:image\" content=\"https:\/\/kidsplay.lt\/wp-content\/uploads\/2025\/09\/FEBER-interaktyvus-supamasis-arkliukas-2in1-\u2013-begiojantis-ir-jojantis.jpg\" \/>\n\t<meta property=\"og:image:width\" content=\"1000\" \/>\n\t<meta property=\"og:image:height\" content=\"1000\" \/>\n\t<meta property=\"og:image:type\" content=\"image\/jpeg\" \/>\n<meta name=\"twitter:card\" content=\"summary_large_image\" \/>\n<script type=\"application\/ld+json\" class=\"yoast-schema-graph\">{\"@context\":\"https:\\\/\\\/schema.org\",\"@graph\":[{\"@type\":\"WebPage\",\"@id\":\"https:\\\/\\\/kidsplay.lt\\\/produktas\\\/feber-interaktyvus-supamasis-arkliukas-2in1-begiojantis-ir-jojantis-2\\\/\",\"url\":\"https:\\\/\\\/kidsplay.lt\\\/produktas\\\/feber-interaktyvus-supamasis-arkliukas-2in1-begiojantis-ir-jojantis-2\\\/\",\"name\":\"FEBER interaktyvus supamasis arkliukas 2in1 \u2013 b\u0117giojantis ir jojantis\",\"isPartOf\":{\"@id\":\"https:\\\/\\\/kidsplay.lt\\\/#website\"},\"primaryImageOfPage\":{\"@id\":\"https:\\\/\\\/kidsplay.lt\\\/produktas\\\/feber-interaktyvus-supamasis-arkliukas-2in1-begiojantis-ir-jojantis-2\\\/#primaryimage\"},\"image\":{\"@id\":\"https:\\\/\\\/kidsplay.lt\\\/produktas\\\/feber-interaktyvus-supamasis-arkliukas-2in1-begiojantis-ir-jojantis-2\\\/#primaryimage\"},\"thumbnailUrl\":\"https:\\\/\\\/kidsplay.lt\\\/wp-content\\\/uploads\\\/2025\\\/09\\\/FEBER-interaktyvus-supamasis-arkliukas-2in1-\u2013-begiojantis-ir-jojantis.jpg\",\"datePublished\":\"2025-10-02T10:12:57+00:00\",\"dateModified\":\"2026-04-07T07:17:22+00:00\",\"description\":\"FEBER interaktyvus supamasis arkliukas 2in1 \u2013 b\u0117giojantis ir jojantis\",\"breadcrumb\":{\"@id\":\"https:\\\/\\\/kidsplay.lt\\\/produktas\\\/feber-interaktyvus-supamasis-arkliukas-2in1-begiojantis-ir-jojantis-2\\\/#breadcrumb\"},\"inLanguage\":\"lv-LV\",\"potentialAction\":[{\"@type\":\"ReadAction\",\"target\":[\"https:\\\/\\\/kidsplay.lt\\\/produktas\\\/feber-interaktyvus-supamasis-arkliukas-2in1-begiojantis-ir-jojantis-2\\\/\"]}]},{\"@type\":\"ImageObject\",\"inLanguage\":\"lv-LV\",\"@id\":\"https:\\\/\\\/kidsplay.lt\\\/produktas\\\/feber-interaktyvus-supamasis-arkliukas-2in1-begiojantis-ir-jojantis-2\\\/#primaryimage\",\"url\":\"https:\\\/\\\/kidsplay.lt\\\/wp-content\\\/uploads\\\/2025\\\/09\\\/FEBER-interaktyvus-supamasis-arkliukas-2in1-\u2013-begiojantis-ir-jojantis.jpg\",\"contentUrl\":\"https:\\\/\\\/kidsplay.lt\\\/wp-content\\\/uploads\\\/2025\\\/09\\\/FEBER-interaktyvus-supamasis-arkliukas-2in1-\u2013-begiojantis-ir-jojantis.jpg\",\"width\":1000,\"height\":1000,\"caption\":\"FEBER interaktyvus supamasis arkliukas 2in1 \u2013 b\u0117giojantis ir jojantis\"},{\"@type\":\"BreadcrumbList\",\"@id\":\"https:\\\/\\\/kidsplay.lt\\\/produktas\\\/feber-interaktyvus-supamasis-arkliukas-2in1-begiojantis-ir-jojantis-2\\\/#breadcrumb\",\"itemListElement\":[{\"@type\":\"ListItem\",\"position\":1,\"name\":\"Pagrindinis\",\"item\":\"https:\\\/\\\/kidsplay.lt\\\/\"},{\"@type\":\"ListItem\",\"position\":2,\"name\":\"Parduotuv\u0117\",\"item\":\"https:\\\/\\\/kidsplay.lt\\\/parduotuve\\\/\"},{\"@type\":\"ListItem\",\"position\":3,\"name\":\"FEBER interaktyvus supamasis arkliukas 2in1 \u2013 b\u0117giojantis ir jojantis\"}]},{\"@type\":\"WebSite\",\"@id\":\"https:\\\/\\\/kidsplay.lt\\\/#website\",\"url\":\"https:\\\/\\\/kidsplay.lt\\\/\",\"name\":\"Kidsplay.lt\",\"description\":\"\u012evairios prek\u0117s vaikams\",\"publisher\":{\"@id\":\"https:\\\/\\\/kidsplay.lt\\\/#organization\"},\"alternateName\":\"Kidsplay\",\"potentialAction\":[{\"@type\":\"SearchAction\",\"target\":{\"@type\":\"EntryPoint\",\"urlTemplate\":\"https:\\\/\\\/kidsplay.lt\\\/?s={search_term_string}\"},\"query-input\":{\"@type\":\"PropertyValueSpecification\",\"valueRequired\":true,\"valueName\":\"search_term_string\"}}],\"inLanguage\":\"lv-LV\"},{\"@type\":\"Organization\",\"@id\":\"https:\\\/\\\/kidsplay.lt\\\/#organization\",\"name\":\"KidsPlay\",\"url\":\"https:\\\/\\\/kidsplay.lt\\\/\",\"logo\":{\"@type\":\"ImageObject\",\"inLanguage\":\"lv-LV\",\"@id\":\"https:\\\/\\\/kidsplay.lt\\\/#\\\/schema\\\/logo\\\/image\\\/\",\"url\":\"https:\\\/\\\/kidsplay.lt\\\/wp-content\\\/uploads\\\/2023\\\/07\\\/kidsplay-logo.png\",\"contentUrl\":\"https:\\\/\\\/kidsplay.lt\\\/wp-content\\\/uploads\\\/2023\\\/07\\\/kidsplay-logo.png\",\"width\":451,\"height\":98,\"caption\":\"KidsPlay\"},\"image\":{\"@id\":\"https:\\\/\\\/kidsplay.lt\\\/#\\\/schema\\\/logo\\\/image\\\/\"},\"sameAs\":[\"https:\\\/\\\/www.facebook.com\\\/www.kidsplay.lt\"]}]}<\/script>\n<!-- \/ Yoast SEO plugin. -->","yoast_head_json":{"title":"FEBER interaktyvus supamasis arkliukas 2in1 \u2013 b\u0117giojantis ir jojantis","description":"FEBER interaktyvus supamasis arkliukas 2in1 \u2013 b\u0117giojantis ir jojantis","robots":{"index":"index","follow":"follow","max-snippet":"max-snippet:-1","max-image-preview":"max-image-preview:large","max-video-preview":"max-video-preview:-1"},"canonical":"https:\/\/kidsplay.lt\/lv\/products\/feber-interaktyvus-supamasis-arkliukas-2in1-begiojantis-ir-jojantis-2\/","og_locale":"lv_LV","og_type":"article","og_title":"FEBER interaktyvus supamasis arkliukas 2in1 \u2013 b\u0117giojantis ir jojantis","og_description":"FEBER interaktyvus supamasis arkliukas 2in1 \u2013 b\u0117giojantis ir jojantis","og_url":"https:\/\/kidsplay.lt\/lv\/products\/feber-interaktyvus-supamasis-arkliukas-2in1-begiojantis-ir-jojantis-2\/","og_site_name":"KidsPlay","article_publisher":"https:\/\/www.facebook.com\/www.kidsplay.lt","article_modified_time":"2026-04-07T07:17:22+00:00","og_image":[{"width":1000,"height":1000,"url":"https:\/\/kidsplay.lt\/wp-content\/uploads\/2025\/09\/FEBER-interaktyvus-supamasis-arkliukas-2in1-\u2013-begiojantis-ir-jojantis.jpg","type":"image\/jpeg"}],"twitter_card":"summary_large_image","schema":{"@context":"https:\/\/schema.org","@graph":[{"@type":"WebPage","@id":"https:\/\/kidsplay.lt\/produktas\/feber-interaktyvus-supamasis-arkliukas-2in1-begiojantis-ir-jojantis-2\/","url":"https:\/\/kidsplay.lt\/produktas\/feber-interaktyvus-supamasis-arkliukas-2in1-begiojantis-ir-jojantis-2\/","name":"FEBER interaktyvus supamasis arkliukas 2in1 \u2013 b\u0117giojantis ir jojantis","isPartOf":{"@id":"https:\/\/kidsplay.lt\/#website"},"primaryImageOfPage":{"@id":"https:\/\/kidsplay.lt\/produktas\/feber-interaktyvus-supamasis-arkliukas-2in1-begiojantis-ir-jojantis-2\/#primaryimage"},"image":{"@id":"https:\/\/kidsplay.lt\/produktas\/feber-interaktyvus-supamasis-arkliukas-2in1-begiojantis-ir-jojantis-2\/#primaryimage"},"thumbnailUrl":"https:\/\/kidsplay.lt\/wp-content\/uploads\/2025\/09\/FEBER-interaktyvus-supamasis-arkliukas-2in1-\u2013-begiojantis-ir-jojantis.jpg","datePublished":"2025-10-02T10:12:57+00:00","dateModified":"2026-04-07T07:17:22+00:00","description":"FEBER interaktyvus supamasis arkliukas 2in1 \u2013 b\u0117giojantis ir jojantis","breadcrumb":{"@id":"https:\/\/kidsplay.lt\/produktas\/feber-interaktyvus-supamasis-arkliukas-2in1-begiojantis-ir-jojantis-2\/#breadcrumb"},"inLanguage":"lv-LV","potentialAction":[{"@type":"ReadAction","target":["https:\/\/kidsplay.lt\/produktas\/feber-interaktyvus-supamasis-arkliukas-2in1-begiojantis-ir-jojantis-2\/"]}]},{"@type":"ImageObject","inLanguage":"lv-LV","@id":"https:\/\/kidsplay.lt\/produktas\/feber-interaktyvus-supamasis-arkliukas-2in1-begiojantis-ir-jojantis-2\/#primaryimage","url":"https:\/\/kidsplay.lt\/wp-content\/uploads\/2025\/09\/FEBER-interaktyvus-supamasis-arkliukas-2in1-\u2013-begiojantis-ir-jojantis.jpg","contentUrl":"https:\/\/kidsplay.lt\/wp-content\/uploads\/2025\/09\/FEBER-interaktyvus-supamasis-arkliukas-2in1-\u2013-begiojantis-ir-jojantis.jpg","width":1000,"height":1000,"caption":"FEBER interaktyvus supamasis arkliukas 2in1 \u2013 b\u0117giojantis ir jojantis"},{"@type":"BreadcrumbList","@id":"https:\/\/kidsplay.lt\/produktas\/feber-interaktyvus-supamasis-arkliukas-2in1-begiojantis-ir-jojantis-2\/#breadcrumb","itemListElement":[{"@type":"ListItem","position":1,"name":"Pagrindinis","item":"https:\/\/kidsplay.lt\/"},{"@type":"ListItem","position":2,"name":"Parduotuv\u0117","item":"https:\/\/kidsplay.lt\/parduotuve\/"},{"@type":"ListItem","position":3,"name":"FEBER interaktyvus supamasis arkliukas 2in1 \u2013 b\u0117giojantis ir jojantis"}]},{"@type":"WebSite","@id":"https:\/\/kidsplay.lt\/#website","url":"https:\/\/kidsplay.lt\/","name":"B\u0113rnu sp\u0113les.lv","description":"\u012evairios prek\u0117s vaikams","publisher":{"@id":"https:\/\/kidsplay.lt\/#organization"},"alternateName":"Kidsplay","potentialAction":[{"@type":"SearchAction","target":{"@type":"EntryPoint","urlTemplate":"https:\/\/kidsplay.lt\/?s={search_term_string}"},"query-input":{"@type":"PropertyValueSpecification","valueRequired":true,"valueName":"search_term_string"}}],"inLanguage":"lv-LV"},{"@type":"Organization","@id":"https:\/\/kidsplay.lt\/#organization","name":"B\u0113rnu sp\u0113le","url":"https:\/\/kidsplay.lt\/","logo":{"@type":"ImageObject","inLanguage":"lv-LV","@id":"https:\/\/kidsplay.lt\/#\/schema\/logo\/image\/","url":"https:\/\/kidsplay.lt\/wp-content\/uploads\/2023\/07\/kidsplay-logo.png","contentUrl":"https:\/\/kidsplay.lt\/wp-content\/uploads\/2023\/07\/kidsplay-logo.png","width":451,"height":98,"caption":"KidsPlay"},"image":{"@id":"https:\/\/kidsplay.lt\/#\/schema\/logo\/image\/"},"sameAs":["https:\/\/www.facebook.com\/www.kidsplay.lt"]}]}},"_links":{"self":[{"href":"https:\/\/kidsplay.lt\/lv\/wp-json\/wp\/v2\/product\/69298","targetHints":{"allow":["GET"]}}],"collection":[{"href":"https:\/\/kidsplay.lt\/lv\/wp-json\/wp\/v2\/product"}],"about":[{"href":"https:\/\/kidsplay.lt\/lv\/wp-json\/wp\/v2\/types\/product"}],"version-history":[{"count":2,"href":"https:\/\/kidsplay.lt\/lv\/wp-json\/wp\/v2\/product\/69298\/revisions"}],"predecessor-version":[{"id":73713,"href":"https:\/\/kidsplay.lt\/lv\/wp-json\/wp\/v2\/product\/69298\/revisions\/73713"}],"wp:featuredmedia":[{"embeddable":true,"href":"https:\/\/kidsplay.lt\/lv\/wp-json\/wp\/v2\/media\/63939"}],"wp:attachment":[{"href":"https:\/\/kidsplay.lt\/lv\/wp-json\/wp\/v2\/media?parent=69298"}],"wp:term":[{"taxonomy":"product_brand","embeddable":true,"href":"https:\/\/kidsplay.lt\/lv\/wp-json\/wp\/v2\/product_brand?post=69298"},{"taxonomy":"product_cat","embeddable":true,"href":"https:\/\/kidsplay.lt\/lv\/wp-json\/wp\/v2\/product_cat?post=69298"},{"taxonomy":"product_tag","embeddable":true,"href":"https:\/\/kidsplay.lt\/lv\/wp-json\/wp\/v2\/product_tag?post=69298"}],"curies":[{"name":"wp","href":"https:\/\/api.w.org\/{rel}","templated":true}]}}